{"id":82566,"date":"2023-08-28T17:19:57","date_gmt":"2023-08-28T17:19:57","guid":{"rendered":"https:\/\/atlanticbooks.ca\/books\/le-tresor-delvis-bozec\/"},"modified":"2023-08-28T17:49:28","modified_gmt":"2023-08-28T17:49:28","slug":"le-tresor-delvis-bozec","status":"publish","type":"product","link":"https:\/\/atlanticbooks.ca\/fr\/livres\/le-tresor-delvis-bozec","title":{"rendered":"<span style=\"display:none;\">AB<\/span>Le Tr\u00e9sor d&rsquo;Elvis Bozec"},"content":{"rendered":"<p>English description follows<\/p>\n<p>Les marins fran\u00e7ais qui sont venus, il y a tr\u00e8s longtemps, p\u00eacher la morue \u00e0 Terre-Neuve auraient-ils laiss\u00e9 des traces de leur passage ? Avec l\u2019aide de sa s\u0153ur et d\u2019un vieux monsieur sympathique, Elvis Bozec r\u00e9ussira-t-il \u00e0 retrouver les traces de son anc\u00eatre sur l\u2019ile Rouge, o\u00f9 on ne voit pourtant plus rien du passage des Bretons ?<\/p>\n<p>Vingt ans apr\u00e8s sa parution, Bouton d\u2019or Acadie remet de l\u2019avant ce classique de son catalogue, finaliste du prix litt\u00e9raire Hackmatack le choix des jeunes 2003-2004 et r\u00e9cipiendaire du prix du Conseil canadien d\u2019\u00e9valuation des jouets en 2004.<\/p>\n<p>\u00ab En plus de traiter [&#8230;] de l\u2019histoire de la r\u00e9gion de La Grand\u2019Terre \u00e0 Terre-Neuve, l\u2019auteure expose la complexit\u00e9 d\u2019y former une famille francophone. \u00bb \u2014 Mireille Messier, revue <em>Liaison<\/em>, num\u00e9ro hors s\u00e9rie, 2002, p. 55<\/p>\n<p>&lt;p&gt;Did the French sailors who came to Newfoundland a long time ago to fish for cod leave traces of their passage? With the help of his sister and a kindly old man, will Elvis Bozec succeed in finding the traces of his ancestor on l?ile Rouge, where nothing of the Bretons&rsquo; passage is still visible?&lt;\/p&gt;<br \/>\n&lt;p&gt;Twenty years after its publication, Bouton d&rsquo;or Acadie is bringing back this classic from its catalogue, finalist for the 2003-2004 Hackmatack Young People&rsquo;s Choice Award and recipient of the 2004 Canadian Toy Testing Council Award.&lt;\/p&gt;<\/p>\n","protected":false},"excerpt":{"rendered":"<p>English description follows Les marins fran\u00e7ais qui sont venus, il y a tr\u00e8s longtemps, p\u00eacher la morue \u00e0 Terre-Neuve auraient-ils laiss\u00e9 des traces de leur passage ? Avec l\u2019aide de [&hellip;]<\/p>\n","protected":false},"featured_media":82565,"template":"","meta":{"_genesis_hide_title":false,"_genesis_hide_breadcrumbs":false,"_genesis_hide_singular_image":false,"_genesis_hide_footer_widgets":false,"_genesis_custom_body_class":"","_genesis_custom_post_class":"","_genesis_layout":""},"product_brand":[],"product_cat":[12776],"product_tag":[],"class_list":{"0":"post-82566","1":"product","2":"type-product","3":"status-publish","4":"has-post-thumbnail","5":"product_language-fre","6":"product_subjects-juvenile-fiction-fr","7":"product_subjects-general-juvenile-fiction-fr","8":"product_reading_range-16-fr","9":"product_reading_range-17-fr","10":"product_reading_range-13-fr","11":"product_reading_range-14-fr","12":"product_reading_range-15-fr","13":"product_grade_range-seventh-grade-fr","14":"product_grade_range-eighth-grade-fr","15":"product_grade_range-ninth-grade-fr","16":"product_grade_range-tenth-grade-fr","17":"product_grade_range-eleventh-grade-fr","18":"product_grade_range-twelfth-grade-fr","19":"product_curriculumsubject-francais-programmes-detudes-fr","20":"product_curriculumsubject-immersion-2-fr","21":"product_curriculumsubject-francais-arts-langagiers-im-fr","22":"product_curriculumsubject-core-french-fr","23":"product_curriculumsubject-francais-arts-langagiers-fr","24":"product_edi_publisher-french-canadian-publisher-copy","25":"product_edi_languages-francais-fr","26":"biblio_share_tag-juvenile-fiction-general-fr","27":"product_cat-abc-fr-2","28":"product_shipping_class-abc-test-fr","29":"entry","31":"first","32":"instock","33":"taxable","34":"shipping-taxable","35":"purchasable","36":"product-type-simple"},"yoast_head":"<!-- This site is optimized with the Yoast SEO plugin v24.0 - https:\/\/yoast.com\/wordpress\/plugins\/seo\/ -->\n<title>ABLe Tr\u00e9sor d&#039;Elvis Bozec - Atlantic Books<\/title>\n<meta name=\"robots\" content=\"index, follow, max-snippet:-1, max-image-preview:large, max-video-preview:-1\" \/>\n<link rel=\"canonical\" href=\"https:\/\/atlanticbooks.ca\/fr\/livres\/le-tresor-delvis-bozec\" \/>\n<meta property=\"og:locale\" content=\"fr_FR\" \/>\n<meta property=\"og:type\" content=\"article\" \/>\n<meta property=\"og:title\" content=\"ABLe Tr\u00e9sor d&#039;Elvis Bozec - Atlantic Books\" \/>\n<meta property=\"og:description\" content=\"English description follows Les marins fran\u00e7ais qui sont venus, il y a tr\u00e8s longtemps, p\u00eacher la morue \u00e0 Terre-Neuve auraient-ils laiss\u00e9 des traces de leur passage ? Avec l\u2019aide de [&hellip;]\" \/>\n<meta property=\"og:url\" content=\"https:\/\/atlanticbooks.ca\/fr\/livres\/le-tresor-delvis-bozec\" \/>\n<meta property=\"og:site_name\" content=\"Atlantic Books\" \/>\n<meta property=\"article:modified_time\" content=\"2023-08-28T17:49:28+00:00\" \/>\n<meta property=\"og:image\" content=\"https:\/\/atlanticbooks.mystagingwebsite.com\/wp-content\/uploads\/biblioshare_attachments\/9782897503024.png\" \/>\n\t<meta property=\"og:image:width\" content=\"750\" \/>\n\t<meta property=\"og:image:height\" content=\"1125\" \/>\n\t<meta property=\"og:image:type\" content=\"image\/png\" \/>\n<meta name=\"twitter:card\" content=\"summary_large_image\" \/>\n<meta name=\"twitter:label1\" content=\"Dur\u00e9e de lecture estim\u00e9e\" \/>\n\t<meta name=\"twitter:data1\" content=\"1 minute\" \/>\n<script type=\"application\/ld+json\" class=\"yoast-schema-graph\">{\"@context\":\"https:\/\/schema.org\",\"@graph\":[{\"@type\":\"WebPage\",\"@id\":\"https:\/\/atlanticbooks.ca\/fr\/livres\/le-tresor-delvis-bozec\",\"url\":\"https:\/\/atlanticbooks.ca\/fr\/livres\/le-tresor-delvis-bozec\",\"name\":\"ABLe Tr\u00e9sor d'Elvis Bozec - Atlantic Books\",\"isPartOf\":{\"@id\":\"https:\/\/atlanticbooks.ca\/fr\/#website\"},\"primaryImageOfPage\":{\"@id\":\"https:\/\/atlanticbooks.ca\/fr\/livres\/le-tresor-delvis-bozec#primaryimage\"},\"image\":{\"@id\":\"https:\/\/atlanticbooks.ca\/fr\/livres\/le-tresor-delvis-bozec#primaryimage\"},\"thumbnailUrl\":\"https:\/\/atlanticbooks.ca\/wp-content\/uploads\/biblioshare_attachments\/9782897503024.png\",\"datePublished\":\"2023-08-28T17:19:57+00:00\",\"dateModified\":\"2023-08-28T17:49:28+00:00\",\"breadcrumb\":{\"@id\":\"https:\/\/atlanticbooks.ca\/fr\/livres\/le-tresor-delvis-bozec#breadcrumb\"},\"inLanguage\":\"fr-FR\",\"potentialAction\":[{\"@type\":\"ReadAction\",\"target\":[\"https:\/\/atlanticbooks.ca\/fr\/livres\/le-tresor-delvis-bozec\"]}]},{\"@type\":\"ImageObject\",\"inLanguage\":\"fr-FR\",\"@id\":\"https:\/\/atlanticbooks.ca\/fr\/livres\/le-tresor-delvis-bozec#primaryimage\",\"url\":\"https:\/\/atlanticbooks.ca\/wp-content\/uploads\/biblioshare_attachments\/9782897503024.png\",\"contentUrl\":\"https:\/\/atlanticbooks.ca\/wp-content\/uploads\/biblioshare_attachments\/9782897503024.png\",\"width\":750,\"height\":1125},{\"@type\":\"BreadcrumbList\",\"@id\":\"https:\/\/atlanticbooks.ca\/fr\/livres\/le-tresor-delvis-bozec#breadcrumb\",\"itemListElement\":[{\"@type\":\"ListItem\",\"position\":1,\"name\":\"Domicile\",\"item\":\"https:\/\/atlanticbooks.ca\/fr\"},{\"@type\":\"ListItem\",\"position\":2,\"name\":\"Collections\",\"item\":\"https:\/\/atlanticbooks.ca\/fr\/collections\"},{\"@type\":\"ListItem\",\"position\":3,\"name\":\"ABLe Tr\u00e9sor d&#8217;Elvis Bozec\"}]},{\"@type\":\"WebSite\",\"@id\":\"https:\/\/atlanticbooks.ca\/fr\/#website\",\"url\":\"https:\/\/atlanticbooks.ca\/fr\/\",\"name\":\"Atlantic Books\",\"description\":\"Atlantic Books\",\"publisher\":{\"@id\":\"https:\/\/atlanticbooks.ca\/fr\/#organization\"},\"potentialAction\":[{\"@type\":\"SearchAction\",\"target\":{\"@type\":\"EntryPoint\",\"urlTemplate\":\"https:\/\/atlanticbooks.ca\/fr\/?s={search_term_string}\"},\"query-input\":{\"@type\":\"PropertyValueSpecification\",\"valueRequired\":true,\"valueName\":\"search_term_string\"}}],\"inLanguage\":\"fr-FR\"},{\"@type\":\"Organization\",\"@id\":\"https:\/\/atlanticbooks.ca\/fr\/#organization\",\"name\":\"Atlantic Books\",\"url\":\"https:\/\/atlanticbooks.ca\/fr\/\",\"logo\":{\"@type\":\"ImageObject\",\"inLanguage\":\"fr-FR\",\"@id\":\"https:\/\/atlanticbooks.ca\/fr\/#\/schema\/logo\/image\/\",\"url\":\"https:\/\/atlanticbooks.ca\/wp-content\/uploads\/2020\/10\/atlantic-books-logo.png\",\"contentUrl\":\"https:\/\/atlanticbooks.ca\/wp-content\/uploads\/2020\/10\/atlantic-books-logo.png\",\"width\":566,\"height\":111,\"caption\":\"Atlantic Books\"},\"image\":{\"@id\":\"https:\/\/atlanticbooks.ca\/fr\/#\/schema\/logo\/image\/\"}}]}<\/script>\n<!-- \/ Yoast SEO plugin. -->","yoast_head_json":{"title":"ABLe Tr\u00e9sor d'Elvis Bozec - Atlantic Books","robots":{"index":"index","follow":"follow","max-snippet":"max-snippet:-1","max-image-preview":"max-image-preview:large","max-video-preview":"max-video-preview:-1"},"canonical":"https:\/\/atlanticbooks.ca\/fr\/livres\/le-tresor-delvis-bozec","og_locale":"fr_FR","og_type":"article","og_title":"ABLe Tr\u00e9sor d'Elvis Bozec - Atlantic Books","og_description":"English description follows Les marins fran\u00e7ais qui sont venus, il y a tr\u00e8s longtemps, p\u00eacher la morue \u00e0 Terre-Neuve auraient-ils laiss\u00e9 des traces de leur passage ? Avec l\u2019aide de [&hellip;]","og_url":"https:\/\/atlanticbooks.ca\/fr\/livres\/le-tresor-delvis-bozec","og_site_name":"Atlantic Books","article_modified_time":"2023-08-28T17:49:28+00:00","og_image":[{"width":750,"height":1125,"url":"https:\/\/atlanticbooks.mystagingwebsite.com\/wp-content\/uploads\/biblioshare_attachments\/9782897503024.png","type":"image\/png"}],"twitter_card":"summary_large_image","twitter_misc":{"Dur\u00e9e de lecture estim\u00e9e":"1 minute"},"schema":{"@context":"https:\/\/schema.org","@graph":[{"@type":"WebPage","@id":"https:\/\/atlanticbooks.ca\/fr\/livres\/le-tresor-delvis-bozec","url":"https:\/\/atlanticbooks.ca\/fr\/livres\/le-tresor-delvis-bozec","name":"ABLe Tr\u00e9sor d'Elvis Bozec - Atlantic Books","isPartOf":{"@id":"https:\/\/atlanticbooks.ca\/fr\/#website"},"primaryImageOfPage":{"@id":"https:\/\/atlanticbooks.ca\/fr\/livres\/le-tresor-delvis-bozec#primaryimage"},"image":{"@id":"https:\/\/atlanticbooks.ca\/fr\/livres\/le-tresor-delvis-bozec#primaryimage"},"thumbnailUrl":"https:\/\/atlanticbooks.ca\/wp-content\/uploads\/biblioshare_attachments\/9782897503024.png","datePublished":"2023-08-28T17:19:57+00:00","dateModified":"2023-08-28T17:49:28+00:00","breadcrumb":{"@id":"https:\/\/atlanticbooks.ca\/fr\/livres\/le-tresor-delvis-bozec#breadcrumb"},"inLanguage":"fr-FR","potentialAction":[{"@type":"ReadAction","target":["https:\/\/atlanticbooks.ca\/fr\/livres\/le-tresor-delvis-bozec"]}]},{"@type":"ImageObject","inLanguage":"fr-FR","@id":"https:\/\/atlanticbooks.ca\/fr\/livres\/le-tresor-delvis-bozec#primaryimage","url":"https:\/\/atlanticbooks.ca\/wp-content\/uploads\/biblioshare_attachments\/9782897503024.png","contentUrl":"https:\/\/atlanticbooks.ca\/wp-content\/uploads\/biblioshare_attachments\/9782897503024.png","width":750,"height":1125},{"@type":"BreadcrumbList","@id":"https:\/\/atlanticbooks.ca\/fr\/livres\/le-tresor-delvis-bozec#breadcrumb","itemListElement":[{"@type":"ListItem","position":1,"name":"Domicile","item":"https:\/\/atlanticbooks.ca\/fr"},{"@type":"ListItem","position":2,"name":"Collections","item":"https:\/\/atlanticbooks.ca\/fr\/collections"},{"@type":"ListItem","position":3,"name":"ABLe Tr\u00e9sor d&#8217;Elvis Bozec"}]},{"@type":"WebSite","@id":"https:\/\/atlanticbooks.ca\/fr\/#website","url":"https:\/\/atlanticbooks.ca\/fr\/","name":"Atlantic Books","description":"Atlantic Books","publisher":{"@id":"https:\/\/atlanticbooks.ca\/fr\/#organization"},"potentialAction":[{"@type":"SearchAction","target":{"@type":"EntryPoint","urlTemplate":"https:\/\/atlanticbooks.ca\/fr\/?s={search_term_string}"},"query-input":{"@type":"PropertyValueSpecification","valueRequired":true,"valueName":"search_term_string"}}],"inLanguage":"fr-FR"},{"@type":"Organization","@id":"https:\/\/atlanticbooks.ca\/fr\/#organization","name":"Atlantic Books","url":"https:\/\/atlanticbooks.ca\/fr\/","logo":{"@type":"ImageObject","inLanguage":"fr-FR","@id":"https:\/\/atlanticbooks.ca\/fr\/#\/schema\/logo\/image\/","url":"https:\/\/atlanticbooks.ca\/wp-content\/uploads\/2020\/10\/atlantic-books-logo.png","contentUrl":"https:\/\/atlanticbooks.ca\/wp-content\/uploads\/2020\/10\/atlantic-books-logo.png","width":566,"height":111,"caption":"Atlantic Books"},"image":{"@id":"https:\/\/atlanticbooks.ca\/fr\/#\/schema\/logo\/image\/"}}]}},"_links":{"self":[{"href":"https:\/\/atlanticbooks.ca\/fr\/wp-json\/wp\/v2\/product\/82566","targetHints":{"allow":["GET"]}}],"collection":[{"href":"https:\/\/atlanticbooks.ca\/fr\/wp-json\/wp\/v2\/product"}],"about":[{"href":"https:\/\/atlanticbooks.ca\/fr\/wp-json\/wp\/v2\/types\/product"}],"wp:featuredmedia":[{"embeddable":true,"href":"https:\/\/atlanticbooks.ca\/fr\/wp-json\/wp\/v2\/media\/82565"}],"wp:attachment":[{"href":"https:\/\/atlanticbooks.ca\/fr\/wp-json\/wp\/v2\/media?parent=82566"}],"wp:term":[{"taxonomy":"product_brand","embeddable":true,"href":"https:\/\/atlanticbooks.ca\/fr\/wp-json\/wp\/v2\/product_brand?post=82566"},{"taxonomy":"product_cat","embeddable":true,"href":"https:\/\/atlanticbooks.ca\/fr\/wp-json\/wp\/v2\/product_cat?post=82566"},{"taxonomy":"product_tag","embeddable":true,"href":"https:\/\/atlanticbooks.ca\/fr\/wp-json\/wp\/v2\/product_tag?post=82566"}],"curies":[{"name":"wp","href":"https:\/\/api.w.org\/{rel}","templated":true}]}}