{"id":82561,"date":"2023-08-28T17:19:53","date_gmt":"2023-08-28T17:19:53","guid":{"rendered":"https:\/\/atlanticbooks.ca\/books\/sos-sorcieres\/"},"modified":"2023-08-28T17:50:07","modified_gmt":"2023-08-28T17:50:07","slug":"sos-sorcieres","status":"publish","type":"product","link":"https:\/\/atlanticbooks.ca\/fr\/livres\/sos-sorcieres","title":{"rendered":"<span style=\"display:none;\">AB<\/span>SOS sorci\u00e8res"},"content":{"rendered":"<p>English description follows<\/p>\n<p class=\"p1\">Andr\u00e9a d\u00e9barque en r\u00e9sidence universitaire \u00e0 Willbrook, petite ville \u00e0 quelques heures de chez elle. Introvertie, timide, elle ne sait trop comment prendre sa place. \u00c9laine et Sybil, pr\u00e9sidente et vice-pr\u00e9sidente de Crapaud et romarin, vont l\u2019aider \u00e0 la trouver. Et pour commencer, elles lui r\u00e9v\u00e8lent qu\u2019elle est sorci\u00e8re ! L\u2019aura d\u2019Andr\u00e9a ne saurait mentir. Andr\u00e9a est ahurie et sceptique, mais quand elle se voit capable de gu\u00e9rir les arbres du campus, atteints d\u2019une maladie myst\u00e9rieuse, elle s\u2019acclimate peu \u00e0 peu \u00e0 son nouveau statut. Mais ce n\u2019est pas tout le monde qui se r\u00e9jouit du pouvoir des sorci\u00e8res, et d\u2019autres mal\u00e9fices s\u2019abattent sur le campus.<\/p>\n<p class=\"p1\"><strong>S\u00e9lection de lectures de Communication-Jeunesse &#8211; \u00e9t\u00e9 2023<\/strong><\/p>\n<p>&lt;p&gt;Andr\u00e9a arrives in a university residence in Willbrook, a small town a few hours from home. Introverted and shy, she doesn&rsquo;t really know how to fit in. Elaine and Sybil, president and vice-president of Crapaud et romarin, will help her find her place. And to start with, they reveal that she is a witch! Andrea&rsquo;s aura cannot lie. Andrea is bewildered and sceptical, but when she sees herself able to heal the trees on campus, which are suffering from a mysterious disease, she gradually acclimatises to her new status. She finds herself surrounded by new friends who make it easier for her to adapt to university life. But not everyone is happy with the power of witches and other evil spells that are appearing on campus.&lt;\/p&gt;<\/p>\n","protected":false},"excerpt":{"rendered":"<p>English description follows Andr\u00e9a d\u00e9barque en r\u00e9sidence universitaire \u00e0 Willbrook, petite ville \u00e0 quelques heures de chez elle. Introvertie, timide, elle ne sait trop comment prendre sa place. \u00c9laine et [&hellip;]<\/p>\n","protected":false},"featured_media":82560,"template":"","meta":{"_genesis_hide_title":false,"_genesis_hide_breadcrumbs":false,"_genesis_hide_singular_image":false,"_genesis_hide_footer_widgets":false,"_genesis_custom_body_class":"","_genesis_custom_post_class":"","_genesis_layout":""},"product_brand":[],"product_cat":[12776],"product_tag":[],"class_list":{"0":"post-82561","1":"product","2":"type-product","3":"status-publish","4":"has-post-thumbnail","5":"product_language-fre","6":"product_subjects-comics-graphic-novels-juvenile-fiction-fr","7":"product_subjects-juvenile-fiction-fr","8":"product_subjects-fantasy-comics-graphic-novels-juvenile-fiction-fr","9":"product_reading_range-15-fr","10":"product_reading_range-16-fr","11":"product_reading_range-17-fr","12":"product_reading_range-18-fr","13":"product_reading_range-13-fr","14":"product_reading_range-14-fr","15":"product_grade_range-seventh-grade-fr","16":"product_grade_range-eighth-grade-fr","17":"product_grade_range-ninth-grade-fr","18":"product_grade_range-tenth-grade-fr","19":"product_grade_range-eleventh-grade-fr","20":"product_grade_range-twelfth-grade-fr","21":"product_curriculumsubject-francais-programmes-detudes-fr","22":"product_curriculumsubject-immersion-2-fr","23":"product_curriculumsubject-francais-arts-langagiers-fr","24":"product_curriculumsubject-francais-arts-langagiers-im-fr","25":"product_curriculumsubject-core-french-fr","26":"product_edi_author-autrice","27":"product_edi_author-french-canadian-author-fr","28":"product_edi_illustrator-illustratrice","29":"product_edi_publisher-french-canadian-publisher-copy","30":"product_edi_languages-francais-fr","31":"biblio_share_tag-juvenile-fiction-comics-graphic-novels-fantasy-fr","32":"product_cat-abc-fr-2","33":"product_shipping_class-abc-test-fr","34":"entry","36":"first","37":"instock","38":"taxable","39":"shipping-taxable","40":"purchasable","41":"product-type-simple"},"yoast_head":"<!-- This site is optimized with the Yoast SEO plugin v24.0 - https:\/\/yoast.com\/wordpress\/plugins\/seo\/ -->\n<title>ABSOS sorci\u00e8res - Atlantic Books<\/title>\n<meta name=\"robots\" content=\"index, follow, max-snippet:-1, max-image-preview:large, max-video-preview:-1\" \/>\n<link rel=\"canonical\" href=\"https:\/\/atlanticbooks.ca\/fr\/livres\/sos-sorcieres\" \/>\n<meta property=\"og:locale\" content=\"fr_FR\" \/>\n<meta property=\"og:type\" content=\"article\" \/>\n<meta property=\"og:title\" content=\"ABSOS sorci\u00e8res - Atlantic Books\" \/>\n<meta property=\"og:description\" content=\"English description follows Andr\u00e9a d\u00e9barque en r\u00e9sidence universitaire \u00e0 Willbrook, petite ville \u00e0 quelques heures de chez elle. Introvertie, timide, elle ne sait trop comment prendre sa place. \u00c9laine et [&hellip;]\" \/>\n<meta property=\"og:url\" content=\"https:\/\/atlanticbooks.ca\/fr\/livres\/sos-sorcieres\" \/>\n<meta property=\"og:site_name\" content=\"Atlantic Books\" \/>\n<meta property=\"article:modified_time\" content=\"2023-08-28T17:50:07+00:00\" \/>\n<meta property=\"og:image\" content=\"https:\/\/atlanticbooks.mystagingwebsite.com\/wp-content\/uploads\/biblioshare_attachments\/9782897503093.png\" \/>\n\t<meta property=\"og:image:width\" content=\"1397\" \/>\n\t<meta property=\"og:image:height\" content=\"1800\" \/>\n\t<meta property=\"og:image:type\" content=\"image\/png\" \/>\n<meta name=\"twitter:card\" content=\"summary_large_image\" \/>\n<meta name=\"twitter:label1\" content=\"Dur\u00e9e de lecture estim\u00e9e\" \/>\n\t<meta name=\"twitter:data1\" content=\"2 minutes\" \/>\n<script type=\"application\/ld+json\" class=\"yoast-schema-graph\">{\"@context\":\"https:\/\/schema.org\",\"@graph\":[{\"@type\":\"WebPage\",\"@id\":\"https:\/\/atlanticbooks.ca\/fr\/livres\/sos-sorcieres\",\"url\":\"https:\/\/atlanticbooks.ca\/fr\/livres\/sos-sorcieres\",\"name\":\"ABSOS sorci\u00e8res - Atlantic Books\",\"isPartOf\":{\"@id\":\"https:\/\/atlanticbooks.ca\/fr\/#website\"},\"primaryImageOfPage\":{\"@id\":\"https:\/\/atlanticbooks.ca\/fr\/livres\/sos-sorcieres#primaryimage\"},\"image\":{\"@id\":\"https:\/\/atlanticbooks.ca\/fr\/livres\/sos-sorcieres#primaryimage\"},\"thumbnailUrl\":\"https:\/\/atlanticbooks.ca\/wp-content\/uploads\/biblioshare_attachments\/9782897503093.png\",\"datePublished\":\"2023-08-28T17:19:53+00:00\",\"dateModified\":\"2023-08-28T17:50:07+00:00\",\"breadcrumb\":{\"@id\":\"https:\/\/atlanticbooks.ca\/fr\/livres\/sos-sorcieres#breadcrumb\"},\"inLanguage\":\"fr-FR\",\"potentialAction\":[{\"@type\":\"ReadAction\",\"target\":[\"https:\/\/atlanticbooks.ca\/fr\/livres\/sos-sorcieres\"]}]},{\"@type\":\"ImageObject\",\"inLanguage\":\"fr-FR\",\"@id\":\"https:\/\/atlanticbooks.ca\/fr\/livres\/sos-sorcieres#primaryimage\",\"url\":\"https:\/\/atlanticbooks.ca\/wp-content\/uploads\/biblioshare_attachments\/9782897503093.png\",\"contentUrl\":\"https:\/\/atlanticbooks.ca\/wp-content\/uploads\/biblioshare_attachments\/9782897503093.png\",\"width\":1397,\"height\":1800},{\"@type\":\"BreadcrumbList\",\"@id\":\"https:\/\/atlanticbooks.ca\/fr\/livres\/sos-sorcieres#breadcrumb\",\"itemListElement\":[{\"@type\":\"ListItem\",\"position\":1,\"name\":\"Domicile\",\"item\":\"https:\/\/atlanticbooks.ca\/fr\"},{\"@type\":\"ListItem\",\"position\":2,\"name\":\"Collections\",\"item\":\"https:\/\/atlanticbooks.ca\/fr\/collections\"},{\"@type\":\"ListItem\",\"position\":3,\"name\":\"ABSOS sorci\u00e8res\"}]},{\"@type\":\"WebSite\",\"@id\":\"https:\/\/atlanticbooks.ca\/fr\/#website\",\"url\":\"https:\/\/atlanticbooks.ca\/fr\/\",\"name\":\"Atlantic Books\",\"description\":\"Atlantic Books\",\"publisher\":{\"@id\":\"https:\/\/atlanticbooks.ca\/fr\/#organization\"},\"potentialAction\":[{\"@type\":\"SearchAction\",\"target\":{\"@type\":\"EntryPoint\",\"urlTemplate\":\"https:\/\/atlanticbooks.ca\/fr\/?s={search_term_string}\"},\"query-input\":{\"@type\":\"PropertyValueSpecification\",\"valueRequired\":true,\"valueName\":\"search_term_string\"}}],\"inLanguage\":\"fr-FR\"},{\"@type\":\"Organization\",\"@id\":\"https:\/\/atlanticbooks.ca\/fr\/#organization\",\"name\":\"Atlantic Books\",\"url\":\"https:\/\/atlanticbooks.ca\/fr\/\",\"logo\":{\"@type\":\"ImageObject\",\"inLanguage\":\"fr-FR\",\"@id\":\"https:\/\/atlanticbooks.ca\/fr\/#\/schema\/logo\/image\/\",\"url\":\"https:\/\/atlanticbooks.ca\/wp-content\/uploads\/2020\/10\/atlantic-books-logo.png\",\"contentUrl\":\"https:\/\/atlanticbooks.ca\/wp-content\/uploads\/2020\/10\/atlantic-books-logo.png\",\"width\":566,\"height\":111,\"caption\":\"Atlantic Books\"},\"image\":{\"@id\":\"https:\/\/atlanticbooks.ca\/fr\/#\/schema\/logo\/image\/\"}}]}<\/script>\n<!-- \/ Yoast SEO plugin. -->","yoast_head_json":{"title":"ABSOS sorci\u00e8res - Atlantic Books","robots":{"index":"index","follow":"follow","max-snippet":"max-snippet:-1","max-image-preview":"max-image-preview:large","max-video-preview":"max-video-preview:-1"},"canonical":"https:\/\/atlanticbooks.ca\/fr\/livres\/sos-sorcieres","og_locale":"fr_FR","og_type":"article","og_title":"ABSOS sorci\u00e8res - Atlantic Books","og_description":"English description follows Andr\u00e9a d\u00e9barque en r\u00e9sidence universitaire \u00e0 Willbrook, petite ville \u00e0 quelques heures de chez elle. Introvertie, timide, elle ne sait trop comment prendre sa place. \u00c9laine et [&hellip;]","og_url":"https:\/\/atlanticbooks.ca\/fr\/livres\/sos-sorcieres","og_site_name":"Atlantic Books","article_modified_time":"2023-08-28T17:50:07+00:00","og_image":[{"width":1397,"height":1800,"url":"https:\/\/atlanticbooks.mystagingwebsite.com\/wp-content\/uploads\/biblioshare_attachments\/9782897503093.png","type":"image\/png"}],"twitter_card":"summary_large_image","twitter_misc":{"Dur\u00e9e de lecture estim\u00e9e":"2 minutes"},"schema":{"@context":"https:\/\/schema.org","@graph":[{"@type":"WebPage","@id":"https:\/\/atlanticbooks.ca\/fr\/livres\/sos-sorcieres","url":"https:\/\/atlanticbooks.ca\/fr\/livres\/sos-sorcieres","name":"ABSOS sorci\u00e8res - Atlantic Books","isPartOf":{"@id":"https:\/\/atlanticbooks.ca\/fr\/#website"},"primaryImageOfPage":{"@id":"https:\/\/atlanticbooks.ca\/fr\/livres\/sos-sorcieres#primaryimage"},"image":{"@id":"https:\/\/atlanticbooks.ca\/fr\/livres\/sos-sorcieres#primaryimage"},"thumbnailUrl":"https:\/\/atlanticbooks.ca\/wp-content\/uploads\/biblioshare_attachments\/9782897503093.png","datePublished":"2023-08-28T17:19:53+00:00","dateModified":"2023-08-28T17:50:07+00:00","breadcrumb":{"@id":"https:\/\/atlanticbooks.ca\/fr\/livres\/sos-sorcieres#breadcrumb"},"inLanguage":"fr-FR","potentialAction":[{"@type":"ReadAction","target":["https:\/\/atlanticbooks.ca\/fr\/livres\/sos-sorcieres"]}]},{"@type":"ImageObject","inLanguage":"fr-FR","@id":"https:\/\/atlanticbooks.ca\/fr\/livres\/sos-sorcieres#primaryimage","url":"https:\/\/atlanticbooks.ca\/wp-content\/uploads\/biblioshare_attachments\/9782897503093.png","contentUrl":"https:\/\/atlanticbooks.ca\/wp-content\/uploads\/biblioshare_attachments\/9782897503093.png","width":1397,"height":1800},{"@type":"BreadcrumbList","@id":"https:\/\/atlanticbooks.ca\/fr\/livres\/sos-sorcieres#breadcrumb","itemListElement":[{"@type":"ListItem","position":1,"name":"Domicile","item":"https:\/\/atlanticbooks.ca\/fr"},{"@type":"ListItem","position":2,"name":"Collections","item":"https:\/\/atlanticbooks.ca\/fr\/collections"},{"@type":"ListItem","position":3,"name":"ABSOS sorci\u00e8res"}]},{"@type":"WebSite","@id":"https:\/\/atlanticbooks.ca\/fr\/#website","url":"https:\/\/atlanticbooks.ca\/fr\/","name":"Atlantic Books","description":"Atlantic Books","publisher":{"@id":"https:\/\/atlanticbooks.ca\/fr\/#organization"},"potentialAction":[{"@type":"SearchAction","target":{"@type":"EntryPoint","urlTemplate":"https:\/\/atlanticbooks.ca\/fr\/?s={search_term_string}"},"query-input":{"@type":"PropertyValueSpecification","valueRequired":true,"valueName":"search_term_string"}}],"inLanguage":"fr-FR"},{"@type":"Organization","@id":"https:\/\/atlanticbooks.ca\/fr\/#organization","name":"Atlantic Books","url":"https:\/\/atlanticbooks.ca\/fr\/","logo":{"@type":"ImageObject","inLanguage":"fr-FR","@id":"https:\/\/atlanticbooks.ca\/fr\/#\/schema\/logo\/image\/","url":"https:\/\/atlanticbooks.ca\/wp-content\/uploads\/2020\/10\/atlantic-books-logo.png","contentUrl":"https:\/\/atlanticbooks.ca\/wp-content\/uploads\/2020\/10\/atlantic-books-logo.png","width":566,"height":111,"caption":"Atlantic Books"},"image":{"@id":"https:\/\/atlanticbooks.ca\/fr\/#\/schema\/logo\/image\/"}}]}},"_links":{"self":[{"href":"https:\/\/atlanticbooks.ca\/fr\/wp-json\/wp\/v2\/product\/82561","targetHints":{"allow":["GET"]}}],"collection":[{"href":"https:\/\/atlanticbooks.ca\/fr\/wp-json\/wp\/v2\/product"}],"about":[{"href":"https:\/\/atlanticbooks.ca\/fr\/wp-json\/wp\/v2\/types\/product"}],"wp:featuredmedia":[{"embeddable":true,"href":"https:\/\/atlanticbooks.ca\/fr\/wp-json\/wp\/v2\/media\/82560"}],"wp:attachment":[{"href":"https:\/\/atlanticbooks.ca\/fr\/wp-json\/wp\/v2\/media?parent=82561"}],"wp:term":[{"taxonomy":"product_brand","embeddable":true,"href":"https:\/\/atlanticbooks.ca\/fr\/wp-json\/wp\/v2\/product_brand?post=82561"},{"taxonomy":"product_cat","embeddable":true,"href":"https:\/\/atlanticbooks.ca\/fr\/wp-json\/wp\/v2\/product_cat?post=82561"},{"taxonomy":"product_tag","embeddable":true,"href":"https:\/\/atlanticbooks.ca\/fr\/wp-json\/wp\/v2\/product_tag?post=82561"}],"curies":[{"name":"wp","href":"https:\/\/api.w.org\/{rel}","templated":true}]}}