{"id":82556,"date":"2023-08-28T17:19:49","date_gmt":"2023-08-28T17:19:49","guid":{"rendered":"https:\/\/atlanticbooks.ca\/books\/hockey-et-toasts-au-ketchup\/"},"modified":"2023-08-28T17:49:49","modified_gmt":"2023-08-28T17:49:49","slug":"hockey-et-toasts-au-ketchup","status":"publish","type":"product","link":"https:\/\/atlanticbooks.ca\/fr\/livres\/hockey-et-toasts-au-ketchup","title":{"rendered":"<span style=\"display:none;\">AB<\/span>Hockey et toasts au ketchup!"},"content":{"rendered":"<p>English description follows<\/p>\n<p class=\"p1\">Apr\u00e8s un match de hockey qui s\u2019est sold\u00e9 par une d\u00e9faite, un co\u00e9quipier remonte le moral de Malcolm en lui confiant que le joueur des Albatros que sa famille h\u00e9berge attribue ses succ\u00e8s aux toasts au ketchup. Malcolm persuade sa m\u00e8re de devenir famille d\u2019accueil pour un \u00e9l\u00e8ve du programme hockey-\u00e9tudes. Malcolm grandira donc en c\u00f4toyant des joueurs comme Nicolas Raymond, Pierre-Luc Dubois et Marc-\u00c9ric Bourque. Ensemble, ils vivent les hauts et les bas du monde du hockey, des matchs de sous-sol \u00e0 une grande c\u00e9r\u00e9monie de rep\u00eachage.<\/p>\n<p class=\"p1\">Ce r\u00e9cit \u00e0 la fois v\u00e9ridique et humoristi que fait vivre au lecteur, dans un bel esprit familial, le parcours d\u2019un joueur de hockey et d\u2019une maman passionn\u00e9e.<\/p>\n<p>&nbsp;<\/p>\n<p>&lt;p&gt;After a losing hockey game, a teammate cheers Malcolm up by telling him that the Albatros player his family is billeting attributes his success to ketchup toast. Malcolm persuades his mother to become a host family for a student in the hockey-study program. Malcolm would grow up with players like Nicolas Raymond, Pierre-Luc Dubois, and Marc\u00c9ric Bourque. Together, they experience the ups and downs of the hockey world, from basement games to a big draft ceremony.&lt;\/p&gt;<br \/>\n&lt;p&gt;This true and humorous story takes the reader through the journey of a hockey player and a passionate mother in a beautiful family spirit.&lt;\/p&gt;<\/p>\n","protected":false},"excerpt":{"rendered":"<p>English description follows Apr\u00e8s un match de hockey qui s\u2019est sold\u00e9 par une d\u00e9faite, un co\u00e9quipier remonte le moral de Malcolm en lui confiant que le joueur des Albatros que [&hellip;]<\/p>\n","protected":false},"featured_media":82555,"template":"","meta":{"_genesis_hide_title":false,"_genesis_hide_breadcrumbs":false,"_genesis_hide_singular_image":false,"_genesis_hide_footer_widgets":false,"_genesis_custom_body_class":"","_genesis_custom_post_class":"","_genesis_layout":""},"product_brand":[],"product_cat":[12776],"product_tag":[],"class_list":{"0":"post-82556","1":"product","2":"type-product","3":"status-publish","4":"has-post-thumbnail","5":"product_language-fre","6":"product_subjects-juvenile-fiction-fr","7":"product_subjects-sports-recreation-juvenile-fiction-fr","8":"product_subjects-hockey-fr","9":"product_reading_range-8-fr","10":"product_reading_range-9-fr","11":"product_reading_range-10-fr","12":"product_reading_range-11-fr","13":"product_reading_range-12-fr","14":"product_grade_range-third-grade-fr","15":"product_grade_range-fourth-grade-fr","16":"product_grade_range-fifth-grade-fr","17":"product_grade_range-sixth-grade-fr","18":"product_grade_range-seventh-grade-fr","19":"product_curriculumsubject-francais-programmes-detudes-fr","20":"product_curriculumsubject-immersion-2-fr","21":"product_curriculumsubject-francais-arts-langagiers-fr","22":"product_curriculumsubject-francais-arts-langagiers-im-fr","23":"product_curriculumsubject-core-french-fr","24":"product_edi_author-autrice","25":"product_edi_author-french-canadian-author-fr","26":"product_edi_publisher-french-canadian-publisher-copy","27":"product_edi_languages-francais-fr","28":"biblio_share_tag-juvenile-fiction-sports-recreation-hockey-fr","29":"product_cat-abc-fr-2","30":"product_shipping_class-abc-test-fr","31":"entry","33":"first","34":"instock","35":"taxable","36":"shipping-taxable","37":"purchasable","38":"product-type-simple"},"yoast_head":"<!-- This site is optimized with the Yoast SEO plugin v24.0 - https:\/\/yoast.com\/wordpress\/plugins\/seo\/ -->\n<title>ABHockey et toasts au ketchup! - Atlantic Books<\/title>\n<meta name=\"robots\" content=\"index, follow, max-snippet:-1, max-image-preview:large, max-video-preview:-1\" \/>\n<link rel=\"canonical\" href=\"https:\/\/atlanticbooks.ca\/fr\/livres\/hockey-et-toasts-au-ketchup\" \/>\n<meta property=\"og:locale\" content=\"fr_FR\" \/>\n<meta property=\"og:type\" content=\"article\" \/>\n<meta property=\"og:title\" content=\"ABHockey et toasts au ketchup! - Atlantic Books\" \/>\n<meta property=\"og:description\" content=\"English description follows Apr\u00e8s un match de hockey qui s\u2019est sold\u00e9 par une d\u00e9faite, un co\u00e9quipier remonte le moral de Malcolm en lui confiant que le joueur des Albatros que [&hellip;]\" \/>\n<meta property=\"og:url\" content=\"https:\/\/atlanticbooks.ca\/fr\/livres\/hockey-et-toasts-au-ketchup\" \/>\n<meta property=\"og:site_name\" content=\"Atlantic Books\" \/>\n<meta property=\"article:modified_time\" content=\"2023-08-28T17:49:49+00:00\" \/>\n<meta property=\"og:image\" content=\"https:\/\/atlanticbooks.mystagingwebsite.com\/wp-content\/uploads\/biblioshare_attachments\/9782897503154.png\" \/>\n\t<meta property=\"og:image:width\" content=\"715\" \/>\n\t<meta property=\"og:image:height\" content=\"1024\" \/>\n\t<meta property=\"og:image:type\" content=\"image\/png\" \/>\n<meta name=\"twitter:card\" content=\"summary_large_image\" \/>\n<meta name=\"twitter:label1\" content=\"Dur\u00e9e de lecture estim\u00e9e\" \/>\n\t<meta name=\"twitter:data1\" content=\"1 minute\" \/>\n<script type=\"application\/ld+json\" class=\"yoast-schema-graph\">{\"@context\":\"https:\/\/schema.org\",\"@graph\":[{\"@type\":\"WebPage\",\"@id\":\"https:\/\/atlanticbooks.ca\/fr\/livres\/hockey-et-toasts-au-ketchup\",\"url\":\"https:\/\/atlanticbooks.ca\/fr\/livres\/hockey-et-toasts-au-ketchup\",\"name\":\"ABHockey et toasts au ketchup! - Atlantic Books\",\"isPartOf\":{\"@id\":\"https:\/\/atlanticbooks.ca\/fr\/#website\"},\"primaryImageOfPage\":{\"@id\":\"https:\/\/atlanticbooks.ca\/fr\/livres\/hockey-et-toasts-au-ketchup#primaryimage\"},\"image\":{\"@id\":\"https:\/\/atlanticbooks.ca\/fr\/livres\/hockey-et-toasts-au-ketchup#primaryimage\"},\"thumbnailUrl\":\"https:\/\/atlanticbooks.ca\/wp-content\/uploads\/biblioshare_attachments\/9782897503154.png\",\"datePublished\":\"2023-08-28T17:19:49+00:00\",\"dateModified\":\"2023-08-28T17:49:49+00:00\",\"breadcrumb\":{\"@id\":\"https:\/\/atlanticbooks.ca\/fr\/livres\/hockey-et-toasts-au-ketchup#breadcrumb\"},\"inLanguage\":\"fr-FR\",\"potentialAction\":[{\"@type\":\"ReadAction\",\"target\":[\"https:\/\/atlanticbooks.ca\/fr\/livres\/hockey-et-toasts-au-ketchup\"]}]},{\"@type\":\"ImageObject\",\"inLanguage\":\"fr-FR\",\"@id\":\"https:\/\/atlanticbooks.ca\/fr\/livres\/hockey-et-toasts-au-ketchup#primaryimage\",\"url\":\"https:\/\/atlanticbooks.ca\/wp-content\/uploads\/biblioshare_attachments\/9782897503154.png\",\"contentUrl\":\"https:\/\/atlanticbooks.ca\/wp-content\/uploads\/biblioshare_attachments\/9782897503154.png\",\"width\":715,\"height\":1024},{\"@type\":\"BreadcrumbList\",\"@id\":\"https:\/\/atlanticbooks.ca\/fr\/livres\/hockey-et-toasts-au-ketchup#breadcrumb\",\"itemListElement\":[{\"@type\":\"ListItem\",\"position\":1,\"name\":\"Domicile\",\"item\":\"https:\/\/atlanticbooks.ca\/fr\"},{\"@type\":\"ListItem\",\"position\":2,\"name\":\"Collections\",\"item\":\"https:\/\/atlanticbooks.ca\/fr\/collections\"},{\"@type\":\"ListItem\",\"position\":3,\"name\":\"ABHockey et toasts au ketchup!\"}]},{\"@type\":\"WebSite\",\"@id\":\"https:\/\/atlanticbooks.ca\/fr\/#website\",\"url\":\"https:\/\/atlanticbooks.ca\/fr\/\",\"name\":\"Atlantic Books\",\"description\":\"Atlantic Books\",\"publisher\":{\"@id\":\"https:\/\/atlanticbooks.ca\/fr\/#organization\"},\"potentialAction\":[{\"@type\":\"SearchAction\",\"target\":{\"@type\":\"EntryPoint\",\"urlTemplate\":\"https:\/\/atlanticbooks.ca\/fr\/?s={search_term_string}\"},\"query-input\":{\"@type\":\"PropertyValueSpecification\",\"valueRequired\":true,\"valueName\":\"search_term_string\"}}],\"inLanguage\":\"fr-FR\"},{\"@type\":\"Organization\",\"@id\":\"https:\/\/atlanticbooks.ca\/fr\/#organization\",\"name\":\"Atlantic Books\",\"url\":\"https:\/\/atlanticbooks.ca\/fr\/\",\"logo\":{\"@type\":\"ImageObject\",\"inLanguage\":\"fr-FR\",\"@id\":\"https:\/\/atlanticbooks.ca\/fr\/#\/schema\/logo\/image\/\",\"url\":\"https:\/\/atlanticbooks.ca\/wp-content\/uploads\/2020\/10\/atlantic-books-logo.png\",\"contentUrl\":\"https:\/\/atlanticbooks.ca\/wp-content\/uploads\/2020\/10\/atlantic-books-logo.png\",\"width\":566,\"height\":111,\"caption\":\"Atlantic Books\"},\"image\":{\"@id\":\"https:\/\/atlanticbooks.ca\/fr\/#\/schema\/logo\/image\/\"}}]}<\/script>\n<!-- \/ Yoast SEO plugin. -->","yoast_head_json":{"title":"ABHockey et toasts au ketchup! - Atlantic Books","robots":{"index":"index","follow":"follow","max-snippet":"max-snippet:-1","max-image-preview":"max-image-preview:large","max-video-preview":"max-video-preview:-1"},"canonical":"https:\/\/atlanticbooks.ca\/fr\/livres\/hockey-et-toasts-au-ketchup","og_locale":"fr_FR","og_type":"article","og_title":"ABHockey et toasts au ketchup! - Atlantic Books","og_description":"English description follows Apr\u00e8s un match de hockey qui s\u2019est sold\u00e9 par une d\u00e9faite, un co\u00e9quipier remonte le moral de Malcolm en lui confiant que le joueur des Albatros que [&hellip;]","og_url":"https:\/\/atlanticbooks.ca\/fr\/livres\/hockey-et-toasts-au-ketchup","og_site_name":"Atlantic Books","article_modified_time":"2023-08-28T17:49:49+00:00","og_image":[{"width":715,"height":1024,"url":"https:\/\/atlanticbooks.mystagingwebsite.com\/wp-content\/uploads\/biblioshare_attachments\/9782897503154.png","type":"image\/png"}],"twitter_card":"summary_large_image","twitter_misc":{"Dur\u00e9e de lecture estim\u00e9e":"1 minute"},"schema":{"@context":"https:\/\/schema.org","@graph":[{"@type":"WebPage","@id":"https:\/\/atlanticbooks.ca\/fr\/livres\/hockey-et-toasts-au-ketchup","url":"https:\/\/atlanticbooks.ca\/fr\/livres\/hockey-et-toasts-au-ketchup","name":"ABHockey et toasts au ketchup! - Atlantic Books","isPartOf":{"@id":"https:\/\/atlanticbooks.ca\/fr\/#website"},"primaryImageOfPage":{"@id":"https:\/\/atlanticbooks.ca\/fr\/livres\/hockey-et-toasts-au-ketchup#primaryimage"},"image":{"@id":"https:\/\/atlanticbooks.ca\/fr\/livres\/hockey-et-toasts-au-ketchup#primaryimage"},"thumbnailUrl":"https:\/\/atlanticbooks.ca\/wp-content\/uploads\/biblioshare_attachments\/9782897503154.png","datePublished":"2023-08-28T17:19:49+00:00","dateModified":"2023-08-28T17:49:49+00:00","breadcrumb":{"@id":"https:\/\/atlanticbooks.ca\/fr\/livres\/hockey-et-toasts-au-ketchup#breadcrumb"},"inLanguage":"fr-FR","potentialAction":[{"@type":"ReadAction","target":["https:\/\/atlanticbooks.ca\/fr\/livres\/hockey-et-toasts-au-ketchup"]}]},{"@type":"ImageObject","inLanguage":"fr-FR","@id":"https:\/\/atlanticbooks.ca\/fr\/livres\/hockey-et-toasts-au-ketchup#primaryimage","url":"https:\/\/atlanticbooks.ca\/wp-content\/uploads\/biblioshare_attachments\/9782897503154.png","contentUrl":"https:\/\/atlanticbooks.ca\/wp-content\/uploads\/biblioshare_attachments\/9782897503154.png","width":715,"height":1024},{"@type":"BreadcrumbList","@id":"https:\/\/atlanticbooks.ca\/fr\/livres\/hockey-et-toasts-au-ketchup#breadcrumb","itemListElement":[{"@type":"ListItem","position":1,"name":"Domicile","item":"https:\/\/atlanticbooks.ca\/fr"},{"@type":"ListItem","position":2,"name":"Collections","item":"https:\/\/atlanticbooks.ca\/fr\/collections"},{"@type":"ListItem","position":3,"name":"ABHockey et toasts au ketchup!"}]},{"@type":"WebSite","@id":"https:\/\/atlanticbooks.ca\/fr\/#website","url":"https:\/\/atlanticbooks.ca\/fr\/","name":"Atlantic Books","description":"Atlantic Books","publisher":{"@id":"https:\/\/atlanticbooks.ca\/fr\/#organization"},"potentialAction":[{"@type":"SearchAction","target":{"@type":"EntryPoint","urlTemplate":"https:\/\/atlanticbooks.ca\/fr\/?s={search_term_string}"},"query-input":{"@type":"PropertyValueSpecification","valueRequired":true,"valueName":"search_term_string"}}],"inLanguage":"fr-FR"},{"@type":"Organization","@id":"https:\/\/atlanticbooks.ca\/fr\/#organization","name":"Atlantic Books","url":"https:\/\/atlanticbooks.ca\/fr\/","logo":{"@type":"ImageObject","inLanguage":"fr-FR","@id":"https:\/\/atlanticbooks.ca\/fr\/#\/schema\/logo\/image\/","url":"https:\/\/atlanticbooks.ca\/wp-content\/uploads\/2020\/10\/atlantic-books-logo.png","contentUrl":"https:\/\/atlanticbooks.ca\/wp-content\/uploads\/2020\/10\/atlantic-books-logo.png","width":566,"height":111,"caption":"Atlantic Books"},"image":{"@id":"https:\/\/atlanticbooks.ca\/fr\/#\/schema\/logo\/image\/"}}]}},"_links":{"self":[{"href":"https:\/\/atlanticbooks.ca\/fr\/wp-json\/wp\/v2\/product\/82556","targetHints":{"allow":["GET"]}}],"collection":[{"href":"https:\/\/atlanticbooks.ca\/fr\/wp-json\/wp\/v2\/product"}],"about":[{"href":"https:\/\/atlanticbooks.ca\/fr\/wp-json\/wp\/v2\/types\/product"}],"wp:featuredmedia":[{"embeddable":true,"href":"https:\/\/atlanticbooks.ca\/fr\/wp-json\/wp\/v2\/media\/82555"}],"wp:attachment":[{"href":"https:\/\/atlanticbooks.ca\/fr\/wp-json\/wp\/v2\/media?parent=82556"}],"wp:term":[{"taxonomy":"product_brand","embeddable":true,"href":"https:\/\/atlanticbooks.ca\/fr\/wp-json\/wp\/v2\/product_brand?post=82556"},{"taxonomy":"product_cat","embeddable":true,"href":"https:\/\/atlanticbooks.ca\/fr\/wp-json\/wp\/v2\/product_cat?post=82556"},{"taxonomy":"product_tag","embeddable":true,"href":"https:\/\/atlanticbooks.ca\/fr\/wp-json\/wp\/v2\/product_tag?post=82556"}],"curies":[{"name":"wp","href":"https:\/\/api.w.org\/{rel}","templated":true}]}}