{"id":82551,"date":"2023-08-28T17:19:38","date_gmt":"2023-08-28T17:19:38","guid":{"rendered":"https:\/\/atlanticbooks.ca\/books\/leo-les-chaussettes\/"},"modified":"2023-08-28T17:49:38","modified_gmt":"2023-08-28T17:49:38","slug":"leo-les-chaussettes","status":"publish","type":"product","link":"https:\/\/atlanticbooks.ca\/fr\/livres\/leo-les-chaussettes","title":{"rendered":"<span style=\"display:none;\">AB<\/span>L\u00e9o les chaussettes"},"content":{"rendered":"<p>English description follows<\/p>\n<p>&lt;p&gt;Aujourd&rsquo;hui, c&rsquo;est l&rsquo;anniversaire de L\u00e9o, et son jeune fr\u00e8re lui pr\u00e9pare une surprise. Qui est L\u00e9o? L\u00e9o, c&rsquo;est L\u00e9o ! Un \u00e0 un, les gens qui le c\u00f4toient chaque jour se joignent au cort\u00e8ge de f\u00eate. On d\u00e9couvre ainsi ce qui rend L\u00e9o unique et si att achant. Ce n&rsquo;est pas qu&rsquo;un anniversaire que l&rsquo;on f\u00eate, mais une personne bien sp\u00e9ciale.&lt;\/p&gt;<br \/>\n&lt;p&gt;Today is Leo&rsquo;s birthday, and his younger brother is planning a surprise for him. Who is Leo? Leo is Leo! One by one, the people who see him every day join in the party parade. We discover what makes L\u00e9o unique and so endearing. It&rsquo;s not just a birthday party we&rsquo;re celebrating, but also a very special person.&lt;\/p&gt;<\/p>\n","protected":false},"excerpt":{"rendered":"<p>English description follows &lt;p&gt;Aujourd&rsquo;hui, c&rsquo;est l&rsquo;anniversaire de L\u00e9o, et son jeune fr\u00e8re lui pr\u00e9pare une surprise. Qui est L\u00e9o? L\u00e9o, c&rsquo;est L\u00e9o ! Un \u00e0 un, les gens qui le [&hellip;]<\/p>\n","protected":false},"featured_media":88094,"template":"","meta":{"_genesis_hide_title":false,"_genesis_hide_breadcrumbs":false,"_genesis_hide_singular_image":false,"_genesis_hide_footer_widgets":false,"_genesis_custom_body_class":"","_genesis_custom_post_class":"","_genesis_layout":""},"product_brand":[],"product_cat":[23503,12776],"product_tag":[],"class_list":{"0":"post-82551","1":"product","2":"type-product","3":"status-publish","4":"has-post-thumbnail","5":"product_language-fre","6":"product_subjects-disabilities-fr","7":"product_subjects-juvenile-fiction-fr","8":"product_reading_range-7-fr","9":"product_reading_range-4-fr","10":"product_reading_range-5-fr","11":"product_reading_range-6-fr","12":"product_interest_range-7-fr","13":"product_interest_range-4-fr","14":"product_interest_range-5-fr","15":"product_interest_range-6-fr","16":"product_grade_range-pre-primary-pre-kindergarten-fr","17":"product_grade_range-kindergarten-fr","18":"product_grade_range-first-grade-fr","19":"product_grade_range-second-grade-fr","20":"product_curriculumsubject-francais-programmes-detudes-fr","21":"product_curriculumsubject-immersion-2-fr","22":"product_curriculumsubject-core-french-fr","23":"product_curriculumsubject-francais-arts-langagiers-fr","24":"product_curriculumsubject-francais-arts-langagiers-im-fr","25":"product_edi_author-autrice","26":"product_edi_author-french-canadian-author-fr","27":"product_edi_illustrator-illustratrice","28":"product_edi_publisher-french-canadian-publisher-copy","29":"product_edi_languages-francais-fr","30":"biblio_share_tag-juvenile-fiction-disabilities-fr","31":"product_cat-voices-for-mental-health-fr","32":"product_cat-abc-fr-2","33":"product_shipping_class-abc-test-fr","34":"entry","36":"first","37":"instock","38":"taxable","39":"shipping-taxable","40":"purchasable","41":"product-type-simple"},"yoast_head":"<!-- This site is optimized with the Yoast SEO plugin v24.0 - https:\/\/yoast.com\/wordpress\/plugins\/seo\/ -->\n<title>ABL\u00e9o les chaussettes - Atlantic Books<\/title>\n<meta name=\"robots\" content=\"index, follow, max-snippet:-1, max-image-preview:large, max-video-preview:-1\" \/>\n<link rel=\"canonical\" href=\"https:\/\/atlanticbooks.ca\/fr\/livres\/leo-les-chaussettes\" \/>\n<meta property=\"og:locale\" content=\"fr_FR\" \/>\n<meta property=\"og:type\" content=\"article\" \/>\n<meta property=\"og:title\" content=\"ABL\u00e9o les chaussettes - Atlantic Books\" \/>\n<meta property=\"og:description\" content=\"English description follows &lt;p&gt;Aujourd&rsquo;hui, c&rsquo;est l&rsquo;anniversaire de L\u00e9o, et son jeune fr\u00e8re lui pr\u00e9pare une surprise. Qui est L\u00e9o? L\u00e9o, c&rsquo;est L\u00e9o ! Un \u00e0 un, les gens qui le [&hellip;]\" \/>\n<meta property=\"og:url\" content=\"https:\/\/atlanticbooks.ca\/fr\/livres\/leo-les-chaussettes\" \/>\n<meta property=\"og:site_name\" content=\"Atlantic Books\" \/>\n<meta property=\"article:modified_time\" content=\"2023-08-28T17:49:38+00:00\" \/>\n<meta property=\"og:image\" content=\"https:\/\/atlanticbooks.mystagingwebsite.com\/wp-content\/uploads\/biblioshare_attachments\/9782897503062.png\" \/>\n\t<meta property=\"og:image:width\" content=\"520\" \/>\n\t<meta property=\"og:image:height\" content=\"720\" \/>\n\t<meta property=\"og:image:type\" content=\"image\/png\" \/>\n<meta name=\"twitter:card\" content=\"summary_large_image\" \/>\n<meta name=\"twitter:label1\" content=\"Dur\u00e9e de lecture estim\u00e9e\" \/>\n\t<meta name=\"twitter:data1\" content=\"1 minute\" \/>\n<script type=\"application\/ld+json\" class=\"yoast-schema-graph\">{\"@context\":\"https:\/\/schema.org\",\"@graph\":[{\"@type\":\"WebPage\",\"@id\":\"https:\/\/atlanticbooks.ca\/fr\/livres\/leo-les-chaussettes\",\"url\":\"https:\/\/atlanticbooks.ca\/fr\/livres\/leo-les-chaussettes\",\"name\":\"ABL\u00e9o les chaussettes - Atlantic Books\",\"isPartOf\":{\"@id\":\"https:\/\/atlanticbooks.ca\/fr\/#website\"},\"primaryImageOfPage\":{\"@id\":\"https:\/\/atlanticbooks.ca\/fr\/livres\/leo-les-chaussettes#primaryimage\"},\"image\":{\"@id\":\"https:\/\/atlanticbooks.ca\/fr\/livres\/leo-les-chaussettes#primaryimage\"},\"thumbnailUrl\":\"https:\/\/atlanticbooks.ca\/wp-content\/uploads\/biblioshare_attachments\/9782897503062.png\",\"datePublished\":\"2023-08-28T17:19:38+00:00\",\"dateModified\":\"2023-08-28T17:49:38+00:00\",\"breadcrumb\":{\"@id\":\"https:\/\/atlanticbooks.ca\/fr\/livres\/leo-les-chaussettes#breadcrumb\"},\"inLanguage\":\"fr-FR\",\"potentialAction\":[{\"@type\":\"ReadAction\",\"target\":[\"https:\/\/atlanticbooks.ca\/fr\/livres\/leo-les-chaussettes\"]}]},{\"@type\":\"ImageObject\",\"inLanguage\":\"fr-FR\",\"@id\":\"https:\/\/atlanticbooks.ca\/fr\/livres\/leo-les-chaussettes#primaryimage\",\"url\":\"https:\/\/atlanticbooks.ca\/wp-content\/uploads\/biblioshare_attachments\/9782897503062.png\",\"contentUrl\":\"https:\/\/atlanticbooks.ca\/wp-content\/uploads\/biblioshare_attachments\/9782897503062.png\"},{\"@type\":\"BreadcrumbList\",\"@id\":\"https:\/\/atlanticbooks.ca\/fr\/livres\/leo-les-chaussettes#breadcrumb\",\"itemListElement\":[{\"@type\":\"ListItem\",\"position\":1,\"name\":\"Domicile\",\"item\":\"https:\/\/atlanticbooks.ca\/fr\"},{\"@type\":\"ListItem\",\"position\":2,\"name\":\"Collections\",\"item\":\"https:\/\/atlanticbooks.ca\/fr\/collections\"},{\"@type\":\"ListItem\",\"position\":3,\"name\":\"ABL\u00e9o les chaussettes\"}]},{\"@type\":\"WebSite\",\"@id\":\"https:\/\/atlanticbooks.ca\/fr\/#website\",\"url\":\"https:\/\/atlanticbooks.ca\/fr\/\",\"name\":\"Atlantic Books\",\"description\":\"Atlantic Books\",\"publisher\":{\"@id\":\"https:\/\/atlanticbooks.ca\/fr\/#organization\"},\"potentialAction\":[{\"@type\":\"SearchAction\",\"target\":{\"@type\":\"EntryPoint\",\"urlTemplate\":\"https:\/\/atlanticbooks.ca\/fr\/?s={search_term_string}\"},\"query-input\":{\"@type\":\"PropertyValueSpecification\",\"valueRequired\":true,\"valueName\":\"search_term_string\"}}],\"inLanguage\":\"fr-FR\"},{\"@type\":\"Organization\",\"@id\":\"https:\/\/atlanticbooks.ca\/fr\/#organization\",\"name\":\"Atlantic Books\",\"url\":\"https:\/\/atlanticbooks.ca\/fr\/\",\"logo\":{\"@type\":\"ImageObject\",\"inLanguage\":\"fr-FR\",\"@id\":\"https:\/\/atlanticbooks.ca\/fr\/#\/schema\/logo\/image\/\",\"url\":\"https:\/\/atlanticbooks.ca\/wp-content\/uploads\/2020\/10\/atlantic-books-logo.png\",\"contentUrl\":\"https:\/\/atlanticbooks.ca\/wp-content\/uploads\/2020\/10\/atlantic-books-logo.png\",\"width\":566,\"height\":111,\"caption\":\"Atlantic Books\"},\"image\":{\"@id\":\"https:\/\/atlanticbooks.ca\/fr\/#\/schema\/logo\/image\/\"}}]}<\/script>\n<!-- \/ Yoast SEO plugin. -->","yoast_head_json":{"title":"ABL\u00e9o les chaussettes - Atlantic Books","robots":{"index":"index","follow":"follow","max-snippet":"max-snippet:-1","max-image-preview":"max-image-preview:large","max-video-preview":"max-video-preview:-1"},"canonical":"https:\/\/atlanticbooks.ca\/fr\/livres\/leo-les-chaussettes","og_locale":"fr_FR","og_type":"article","og_title":"ABL\u00e9o les chaussettes - Atlantic Books","og_description":"English description follows &lt;p&gt;Aujourd&rsquo;hui, c&rsquo;est l&rsquo;anniversaire de L\u00e9o, et son jeune fr\u00e8re lui pr\u00e9pare une surprise. Qui est L\u00e9o? L\u00e9o, c&rsquo;est L\u00e9o ! Un \u00e0 un, les gens qui le [&hellip;]","og_url":"https:\/\/atlanticbooks.ca\/fr\/livres\/leo-les-chaussettes","og_site_name":"Atlantic Books","article_modified_time":"2023-08-28T17:49:38+00:00","og_image":[{"width":520,"height":720,"url":"https:\/\/atlanticbooks.mystagingwebsite.com\/wp-content\/uploads\/biblioshare_attachments\/9782897503062.png","type":"image\/png"}],"twitter_card":"summary_large_image","twitter_misc":{"Dur\u00e9e de lecture estim\u00e9e":"1 minute"},"schema":{"@context":"https:\/\/schema.org","@graph":[{"@type":"WebPage","@id":"https:\/\/atlanticbooks.ca\/fr\/livres\/leo-les-chaussettes","url":"https:\/\/atlanticbooks.ca\/fr\/livres\/leo-les-chaussettes","name":"ABL\u00e9o les chaussettes - Atlantic Books","isPartOf":{"@id":"https:\/\/atlanticbooks.ca\/fr\/#website"},"primaryImageOfPage":{"@id":"https:\/\/atlanticbooks.ca\/fr\/livres\/leo-les-chaussettes#primaryimage"},"image":{"@id":"https:\/\/atlanticbooks.ca\/fr\/livres\/leo-les-chaussettes#primaryimage"},"thumbnailUrl":"https:\/\/atlanticbooks.ca\/wp-content\/uploads\/biblioshare_attachments\/9782897503062.png","datePublished":"2023-08-28T17:19:38+00:00","dateModified":"2023-08-28T17:49:38+00:00","breadcrumb":{"@id":"https:\/\/atlanticbooks.ca\/fr\/livres\/leo-les-chaussettes#breadcrumb"},"inLanguage":"fr-FR","potentialAction":[{"@type":"ReadAction","target":["https:\/\/atlanticbooks.ca\/fr\/livres\/leo-les-chaussettes"]}]},{"@type":"ImageObject","inLanguage":"fr-FR","@id":"https:\/\/atlanticbooks.ca\/fr\/livres\/leo-les-chaussettes#primaryimage","url":"https:\/\/atlanticbooks.ca\/wp-content\/uploads\/biblioshare_attachments\/9782897503062.png","contentUrl":"https:\/\/atlanticbooks.ca\/wp-content\/uploads\/biblioshare_attachments\/9782897503062.png"},{"@type":"BreadcrumbList","@id":"https:\/\/atlanticbooks.ca\/fr\/livres\/leo-les-chaussettes#breadcrumb","itemListElement":[{"@type":"ListItem","position":1,"name":"Domicile","item":"https:\/\/atlanticbooks.ca\/fr"},{"@type":"ListItem","position":2,"name":"Collections","item":"https:\/\/atlanticbooks.ca\/fr\/collections"},{"@type":"ListItem","position":3,"name":"ABL\u00e9o les chaussettes"}]},{"@type":"WebSite","@id":"https:\/\/atlanticbooks.ca\/fr\/#website","url":"https:\/\/atlanticbooks.ca\/fr\/","name":"Atlantic Books","description":"Atlantic Books","publisher":{"@id":"https:\/\/atlanticbooks.ca\/fr\/#organization"},"potentialAction":[{"@type":"SearchAction","target":{"@type":"EntryPoint","urlTemplate":"https:\/\/atlanticbooks.ca\/fr\/?s={search_term_string}"},"query-input":{"@type":"PropertyValueSpecification","valueRequired":true,"valueName":"search_term_string"}}],"inLanguage":"fr-FR"},{"@type":"Organization","@id":"https:\/\/atlanticbooks.ca\/fr\/#organization","name":"Atlantic Books","url":"https:\/\/atlanticbooks.ca\/fr\/","logo":{"@type":"ImageObject","inLanguage":"fr-FR","@id":"https:\/\/atlanticbooks.ca\/fr\/#\/schema\/logo\/image\/","url":"https:\/\/atlanticbooks.ca\/wp-content\/uploads\/2020\/10\/atlantic-books-logo.png","contentUrl":"https:\/\/atlanticbooks.ca\/wp-content\/uploads\/2020\/10\/atlantic-books-logo.png","width":566,"height":111,"caption":"Atlantic Books"},"image":{"@id":"https:\/\/atlanticbooks.ca\/fr\/#\/schema\/logo\/image\/"}}]}},"_links":{"self":[{"href":"https:\/\/atlanticbooks.ca\/fr\/wp-json\/wp\/v2\/product\/82551","targetHints":{"allow":["GET"]}}],"collection":[{"href":"https:\/\/atlanticbooks.ca\/fr\/wp-json\/wp\/v2\/product"}],"about":[{"href":"https:\/\/atlanticbooks.ca\/fr\/wp-json\/wp\/v2\/types\/product"}],"wp:featuredmedia":[{"embeddable":true,"href":"https:\/\/atlanticbooks.ca\/fr\/wp-json\/wp\/v2\/media\/88094"}],"wp:attachment":[{"href":"https:\/\/atlanticbooks.ca\/fr\/wp-json\/wp\/v2\/media?parent=82551"}],"wp:term":[{"taxonomy":"product_brand","embeddable":true,"href":"https:\/\/atlanticbooks.ca\/fr\/wp-json\/wp\/v2\/product_brand?post=82551"},{"taxonomy":"product_cat","embeddable":true,"href":"https:\/\/atlanticbooks.ca\/fr\/wp-json\/wp\/v2\/product_cat?post=82551"},{"taxonomy":"product_tag","embeddable":true,"href":"https:\/\/atlanticbooks.ca\/fr\/wp-json\/wp\/v2\/product_tag?post=82551"}],"curies":[{"name":"wp","href":"https:\/\/api.w.org\/{rel}","templated":true}]}}