{"id":82546,"date":"2023-08-28T17:19:34","date_gmt":"2023-08-28T17:19:34","guid":{"rendered":"https:\/\/atlanticbooks.ca\/books\/conge-pour-papa\/"},"modified":"2023-08-28T17:49:33","modified_gmt":"2023-08-28T17:49:33","slug":"conge-pour-papa","status":"publish","type":"product","link":"https:\/\/atlanticbooks.ca\/fr\/livres\/conge-pour-papa","title":{"rendered":"<span style=\"display:none;\">AB<\/span>Cong\u00e9 pour papa"},"content":{"rendered":"<p>English description follows<\/p>\n<p>Sophie va passer la fin de semaine chez son papa. Elle est bien d\u00e9termin\u00e9e \u00e0 s\u2019occuper de toutes les t\u00e2ches afin de lui permettre de faire un gros dodo. Depuis son hamac, papa regarde Sophie travailler avec inqui\u00e9tude, car les probl\u00e8mes se multiplient : les sacs \u00e0 ordures sont trop lourds, la mangeoire \u00e0 oiseaux est trop haute, Sophie n\u2019arrive pas \u00e0 fermer le tuyau d\u2019arrosage&#8230; Heureusement qu\u2019un piquenique les attend.<\/p>\n<p>&lt;p&gt;Sophie is going to spend the weekend with her dad. She is determined to take care of all the tasks so that he can get a good rest. From his hammock, Dad worries about Sophie as she does the work and problems multiply: the rubbish bags are too heavy, the bird feeder is too high, Sophie can&rsquo;t turn off the hose&#8230; Fortunately, a picnic awaits them.&lt;\/p&gt;<\/p>\n","protected":false},"excerpt":{"rendered":"<p>English description follows Sophie va passer la fin de semaine chez son papa. Elle est bien d\u00e9termin\u00e9e \u00e0 s\u2019occuper de toutes les t\u00e2ches afin de lui permettre de faire un [&hellip;]<\/p>\n","protected":false},"featured_media":91485,"template":"","meta":{"_genesis_hide_title":false,"_genesis_hide_breadcrumbs":false,"_genesis_hide_singular_image":false,"_genesis_hide_footer_widgets":false,"_genesis_custom_body_class":"","_genesis_custom_post_class":"","_genesis_layout":""},"product_brand":[],"product_cat":[12776,23838],"product_tag":[],"class_list":{"0":"post-82546","1":"product","2":"type-product","3":"status-publish","4":"has-post-thumbnail","5":"product_language-fre","6":"product_subjects-general-family-fr","7":"product_subjects-juvenile-fiction-fr","8":"product_subjects-family-fr","9":"product_reading_range-6-fr","10":"product_reading_range-8-fr","11":"product_reading_range-7-fr","12":"product_reading_range-4-fr","13":"product_reading_range-5-fr","14":"product_grade_range-pre-primary-pre-kindergarten-fr","15":"product_grade_range-kindergarten-fr","16":"product_grade_range-first-grade-fr","17":"product_grade_range-second-grade-fr","18":"product_grade_range-third-grade-fr","19":"product_curriculumsubject-francais-programmes-detudes-fr","20":"product_curriculumsubject-immersion-2-fr","21":"product_curriculumsubject-core-french-fr","22":"product_curriculumsubject-francais-arts-langagiers-fr","23":"product_curriculumsubject-francais-arts-langagiers-im-fr","24":"product_edi_author-autrice","25":"product_edi_author-french-canadian-author-fr","26":"product_edi_illustrator-illustratrice","27":"product_edi_publisher-french-canadian-publisher-copy","28":"product_edi_languages-francais-fr","29":"biblio_share_tag-juvenile-fiction-family-general-fr","30":"product_cat-abc-fr-2","31":"product_cat-fall-books-abt-98-fr","32":"product_shipping_class-abc-test-fr","33":"entry","35":"first","36":"instock","37":"taxable","38":"shipping-taxable","39":"purchasable","40":"product-type-simple"},"yoast_head":"<!-- This site is optimized with the Yoast SEO plugin v24.0 - https:\/\/yoast.com\/wordpress\/plugins\/seo\/ -->\n<title>ABCong\u00e9 pour papa - Atlantic Books<\/title>\n<meta name=\"robots\" content=\"index, follow, max-snippet:-1, max-image-preview:large, max-video-preview:-1\" \/>\n<link rel=\"canonical\" href=\"https:\/\/atlanticbooks.ca\/fr\/livres\/conge-pour-papa\" \/>\n<meta property=\"og:locale\" content=\"fr_FR\" \/>\n<meta property=\"og:type\" content=\"article\" \/>\n<meta property=\"og:title\" content=\"ABCong\u00e9 pour papa - Atlantic Books\" \/>\n<meta property=\"og:description\" content=\"English description follows Sophie va passer la fin de semaine chez son papa. Elle est bien d\u00e9termin\u00e9e \u00e0 s\u2019occuper de toutes les t\u00e2ches afin de lui permettre de faire un [&hellip;]\" \/>\n<meta property=\"og:url\" content=\"https:\/\/atlanticbooks.ca\/fr\/livres\/conge-pour-papa\" \/>\n<meta property=\"og:site_name\" content=\"Atlantic Books\" \/>\n<meta property=\"article:modified_time\" content=\"2023-08-28T17:49:33+00:00\" \/>\n<meta property=\"og:image\" content=\"https:\/\/atlanticbooks.mystagingwebsite.com\/wp-content\/uploads\/biblioshare_attachments\/9782897503185.png\" \/>\n\t<meta property=\"og:image:width\" content=\"1350\" \/>\n\t<meta property=\"og:image:height\" content=\"1350\" \/>\n\t<meta property=\"og:image:type\" content=\"image\/png\" \/>\n<meta name=\"twitter:card\" content=\"summary_large_image\" \/>\n<meta name=\"twitter:label1\" content=\"Dur\u00e9e de lecture estim\u00e9e\" \/>\n\t<meta name=\"twitter:data1\" content=\"1 minute\" \/>\n<script type=\"application\/ld+json\" class=\"yoast-schema-graph\">{\"@context\":\"https:\/\/schema.org\",\"@graph\":[{\"@type\":\"WebPage\",\"@id\":\"https:\/\/atlanticbooks.ca\/fr\/livres\/conge-pour-papa\",\"url\":\"https:\/\/atlanticbooks.ca\/fr\/livres\/conge-pour-papa\",\"name\":\"ABCong\u00e9 pour papa - Atlantic Books\",\"isPartOf\":{\"@id\":\"https:\/\/atlanticbooks.ca\/fr\/#website\"},\"primaryImageOfPage\":{\"@id\":\"https:\/\/atlanticbooks.ca\/fr\/livres\/conge-pour-papa#primaryimage\"},\"image\":{\"@id\":\"https:\/\/atlanticbooks.ca\/fr\/livres\/conge-pour-papa#primaryimage\"},\"thumbnailUrl\":\"https:\/\/atlanticbooks.ca\/wp-content\/uploads\/biblioshare_attachments\/9782897503185.png\",\"datePublished\":\"2023-08-28T17:19:34+00:00\",\"dateModified\":\"2023-08-28T17:49:33+00:00\",\"breadcrumb\":{\"@id\":\"https:\/\/atlanticbooks.ca\/fr\/livres\/conge-pour-papa#breadcrumb\"},\"inLanguage\":\"fr-FR\",\"potentialAction\":[{\"@type\":\"ReadAction\",\"target\":[\"https:\/\/atlanticbooks.ca\/fr\/livres\/conge-pour-papa\"]}]},{\"@type\":\"ImageObject\",\"inLanguage\":\"fr-FR\",\"@id\":\"https:\/\/atlanticbooks.ca\/fr\/livres\/conge-pour-papa#primaryimage\",\"url\":\"https:\/\/atlanticbooks.ca\/wp-content\/uploads\/biblioshare_attachments\/9782897503185.png\",\"contentUrl\":\"https:\/\/atlanticbooks.ca\/wp-content\/uploads\/biblioshare_attachments\/9782897503185.png\"},{\"@type\":\"BreadcrumbList\",\"@id\":\"https:\/\/atlanticbooks.ca\/fr\/livres\/conge-pour-papa#breadcrumb\",\"itemListElement\":[{\"@type\":\"ListItem\",\"position\":1,\"name\":\"Domicile\",\"item\":\"https:\/\/atlanticbooks.ca\/fr\"},{\"@type\":\"ListItem\",\"position\":2,\"name\":\"Collections\",\"item\":\"https:\/\/atlanticbooks.ca\/fr\/collections\"},{\"@type\":\"ListItem\",\"position\":3,\"name\":\"ABCong\u00e9 pour papa\"}]},{\"@type\":\"WebSite\",\"@id\":\"https:\/\/atlanticbooks.ca\/fr\/#website\",\"url\":\"https:\/\/atlanticbooks.ca\/fr\/\",\"name\":\"Atlantic Books\",\"description\":\"Atlantic Books\",\"publisher\":{\"@id\":\"https:\/\/atlanticbooks.ca\/fr\/#organization\"},\"potentialAction\":[{\"@type\":\"SearchAction\",\"target\":{\"@type\":\"EntryPoint\",\"urlTemplate\":\"https:\/\/atlanticbooks.ca\/fr\/?s={search_term_string}\"},\"query-input\":{\"@type\":\"PropertyValueSpecification\",\"valueRequired\":true,\"valueName\":\"search_term_string\"}}],\"inLanguage\":\"fr-FR\"},{\"@type\":\"Organization\",\"@id\":\"https:\/\/atlanticbooks.ca\/fr\/#organization\",\"name\":\"Atlantic Books\",\"url\":\"https:\/\/atlanticbooks.ca\/fr\/\",\"logo\":{\"@type\":\"ImageObject\",\"inLanguage\":\"fr-FR\",\"@id\":\"https:\/\/atlanticbooks.ca\/fr\/#\/schema\/logo\/image\/\",\"url\":\"https:\/\/atlanticbooks.ca\/wp-content\/uploads\/2020\/10\/atlantic-books-logo.png\",\"contentUrl\":\"https:\/\/atlanticbooks.ca\/wp-content\/uploads\/2020\/10\/atlantic-books-logo.png\",\"width\":566,\"height\":111,\"caption\":\"Atlantic Books\"},\"image\":{\"@id\":\"https:\/\/atlanticbooks.ca\/fr\/#\/schema\/logo\/image\/\"}}]}<\/script>\n<!-- \/ Yoast SEO plugin. -->","yoast_head_json":{"title":"ABCong\u00e9 pour papa - Atlantic Books","robots":{"index":"index","follow":"follow","max-snippet":"max-snippet:-1","max-image-preview":"max-image-preview:large","max-video-preview":"max-video-preview:-1"},"canonical":"https:\/\/atlanticbooks.ca\/fr\/livres\/conge-pour-papa","og_locale":"fr_FR","og_type":"article","og_title":"ABCong\u00e9 pour papa - Atlantic Books","og_description":"English description follows Sophie va passer la fin de semaine chez son papa. Elle est bien d\u00e9termin\u00e9e \u00e0 s\u2019occuper de toutes les t\u00e2ches afin de lui permettre de faire un [&hellip;]","og_url":"https:\/\/atlanticbooks.ca\/fr\/livres\/conge-pour-papa","og_site_name":"Atlantic Books","article_modified_time":"2023-08-28T17:49:33+00:00","og_image":[{"width":1350,"height":1350,"url":"https:\/\/atlanticbooks.mystagingwebsite.com\/wp-content\/uploads\/biblioshare_attachments\/9782897503185.png","type":"image\/png"}],"twitter_card":"summary_large_image","twitter_misc":{"Dur\u00e9e de lecture estim\u00e9e":"1 minute"},"schema":{"@context":"https:\/\/schema.org","@graph":[{"@type":"WebPage","@id":"https:\/\/atlanticbooks.ca\/fr\/livres\/conge-pour-papa","url":"https:\/\/atlanticbooks.ca\/fr\/livres\/conge-pour-papa","name":"ABCong\u00e9 pour papa - Atlantic Books","isPartOf":{"@id":"https:\/\/atlanticbooks.ca\/fr\/#website"},"primaryImageOfPage":{"@id":"https:\/\/atlanticbooks.ca\/fr\/livres\/conge-pour-papa#primaryimage"},"image":{"@id":"https:\/\/atlanticbooks.ca\/fr\/livres\/conge-pour-papa#primaryimage"},"thumbnailUrl":"https:\/\/atlanticbooks.ca\/wp-content\/uploads\/biblioshare_attachments\/9782897503185.png","datePublished":"2023-08-28T17:19:34+00:00","dateModified":"2023-08-28T17:49:33+00:00","breadcrumb":{"@id":"https:\/\/atlanticbooks.ca\/fr\/livres\/conge-pour-papa#breadcrumb"},"inLanguage":"fr-FR","potentialAction":[{"@type":"ReadAction","target":["https:\/\/atlanticbooks.ca\/fr\/livres\/conge-pour-papa"]}]},{"@type":"ImageObject","inLanguage":"fr-FR","@id":"https:\/\/atlanticbooks.ca\/fr\/livres\/conge-pour-papa#primaryimage","url":"https:\/\/atlanticbooks.ca\/wp-content\/uploads\/biblioshare_attachments\/9782897503185.png","contentUrl":"https:\/\/atlanticbooks.ca\/wp-content\/uploads\/biblioshare_attachments\/9782897503185.png"},{"@type":"BreadcrumbList","@id":"https:\/\/atlanticbooks.ca\/fr\/livres\/conge-pour-papa#breadcrumb","itemListElement":[{"@type":"ListItem","position":1,"name":"Domicile","item":"https:\/\/atlanticbooks.ca\/fr"},{"@type":"ListItem","position":2,"name":"Collections","item":"https:\/\/atlanticbooks.ca\/fr\/collections"},{"@type":"ListItem","position":3,"name":"ABCong\u00e9 pour papa"}]},{"@type":"WebSite","@id":"https:\/\/atlanticbooks.ca\/fr\/#website","url":"https:\/\/atlanticbooks.ca\/fr\/","name":"Atlantic Books","description":"Atlantic Books","publisher":{"@id":"https:\/\/atlanticbooks.ca\/fr\/#organization"},"potentialAction":[{"@type":"SearchAction","target":{"@type":"EntryPoint","urlTemplate":"https:\/\/atlanticbooks.ca\/fr\/?s={search_term_string}"},"query-input":{"@type":"PropertyValueSpecification","valueRequired":true,"valueName":"search_term_string"}}],"inLanguage":"fr-FR"},{"@type":"Organization","@id":"https:\/\/atlanticbooks.ca\/fr\/#organization","name":"Atlantic Books","url":"https:\/\/atlanticbooks.ca\/fr\/","logo":{"@type":"ImageObject","inLanguage":"fr-FR","@id":"https:\/\/atlanticbooks.ca\/fr\/#\/schema\/logo\/image\/","url":"https:\/\/atlanticbooks.ca\/wp-content\/uploads\/2020\/10\/atlantic-books-logo.png","contentUrl":"https:\/\/atlanticbooks.ca\/wp-content\/uploads\/2020\/10\/atlantic-books-logo.png","width":566,"height":111,"caption":"Atlantic Books"},"image":{"@id":"https:\/\/atlanticbooks.ca\/fr\/#\/schema\/logo\/image\/"}}]}},"_links":{"self":[{"href":"https:\/\/atlanticbooks.ca\/fr\/wp-json\/wp\/v2\/product\/82546","targetHints":{"allow":["GET"]}}],"collection":[{"href":"https:\/\/atlanticbooks.ca\/fr\/wp-json\/wp\/v2\/product"}],"about":[{"href":"https:\/\/atlanticbooks.ca\/fr\/wp-json\/wp\/v2\/types\/product"}],"wp:featuredmedia":[{"embeddable":true,"href":"https:\/\/atlanticbooks.ca\/fr\/wp-json\/wp\/v2\/media\/91485"}],"wp:attachment":[{"href":"https:\/\/atlanticbooks.ca\/fr\/wp-json\/wp\/v2\/media?parent=82546"}],"wp:term":[{"taxonomy":"product_brand","embeddable":true,"href":"https:\/\/atlanticbooks.ca\/fr\/wp-json\/wp\/v2\/product_brand?post=82546"},{"taxonomy":"product_cat","embeddable":true,"href":"https:\/\/atlanticbooks.ca\/fr\/wp-json\/wp\/v2\/product_cat?post=82546"},{"taxonomy":"product_tag","embeddable":true,"href":"https:\/\/atlanticbooks.ca\/fr\/wp-json\/wp\/v2\/product_tag?post=82546"}],"curies":[{"name":"wp","href":"https:\/\/api.w.org\/{rel}","templated":true}]}}