{"id":82541,"date":"2023-08-28T17:19:29","date_gmt":"2023-08-28T17:19:29","guid":{"rendered":"https:\/\/atlanticbooks.ca\/books\/nounours-au-coeur-de-lile-aux-puces\/"},"modified":"2023-08-28T17:49:51","modified_gmt":"2023-08-28T17:49:51","slug":"nounours-au-coeur-de-lile-aux-puces","status":"publish","type":"product","link":"https:\/\/atlanticbooks.ca\/fr\/livres\/nounours-au-coeur-de-lile-aux-puces","title":{"rendered":"<span style=\"display:none;\">AA<\/span>Nounours au coeur de l&rsquo;\u00cele-aux-Puces"},"content":{"rendered":"<p>English description follows<\/p>\n<p>En entrant chez elle, le nez plong\u00e9 dans un livre qui pose de bien curieuses questions, Z\u00e9phie est surprise de d\u00e9couvrir un tout petit ours qui tient un marteau entre ses pattes. Nounours est bien d\u00e9cid\u00e9 \u00e0 se fabriquer un c\u0153ur car, selon la rumeur, les ours sont cruels et m\u00e9chants. Z\u00e9phie d\u00e9cide de l\u2019aider et l\u2019entraine autour du village de Bouctouche \u00e0 la recherche d\u2019un c\u0153ur. Un c\u0153ur de pomme pourrait peut-\u00eatre faire l\u2019affaire ? Ou un as de c\u0153ur ?<\/p>\n<p>&lt;p&gt;When Z\u00e9phie enters her house, her nose buried in a book that asks very curious questions, she is surprised to discover a very small bear holding a hammer between its paws. Nounours is determined to make a heart for himself because, according to rumour, bears are cruel and nasty. Z\u00e9phie decides to help him and leads him around the village of Bouctouche in search of a heart. Perhaps an apple core (\u00ab\u00a0coeur de pomme\u00a0\u00bb, apple heart) would do the trick? Or an ace of hearts?&lt;\/p&gt;<\/p>\n","protected":false},"excerpt":{"rendered":"<p>English description follows En entrant chez elle, le nez plong\u00e9 dans un livre qui pose de bien curieuses questions, Z\u00e9phie est surprise de d\u00e9couvrir un tout petit ours qui tient [&hellip;]<\/p>\n","protected":false},"featured_media":82540,"template":"","meta":{"_genesis_hide_title":false,"_genesis_hide_breadcrumbs":false,"_genesis_hide_singular_image":false,"_genesis_hide_footer_widgets":false,"_genesis_custom_body_class":"","_genesis_custom_post_class":"","_genesis_layout":""},"product_brand":[],"product_cat":[12776],"product_tag":[],"class_list":{"0":"post-82541","1":"product","2":"type-product","3":"status-publish","4":"has-post-thumbnail","5":"product_language-fre","6":"product_subjects-bears-fr","7":"product_subjects-juvenile-fiction-fr","8":"product_subjects-animals-fr","9":"product_reading_range-8-fr","10":"product_reading_range-7-fr","11":"product_reading_range-4-fr","12":"product_reading_range-5-fr","13":"product_reading_range-6-fr","14":"product_grade_range-pre-primary-pre-kindergarten-fr","15":"product_grade_range-kindergarten-fr","16":"product_grade_range-first-grade-fr","17":"product_grade_range-second-grade-fr","18":"product_grade_range-third-grade-fr","19":"product_curriculumsubject-francais-programmes-detudes-fr","20":"product_curriculumsubject-immersion-2-fr","21":"product_curriculumsubject-francais-arts-langagiers-im-fr","22":"product_curriculumsubject-core-french-fr","23":"product_curriculumsubject-francais-arts-langagiers-fr","24":"product_edi_author-autrice","25":"product_edi_illustrator-illustratrice","26":"product_edi_publisher-french-canadian-publisher-copy","27":"product_edi_languages-francais-fr","28":"biblio_share_tag-juvenile-fiction-animals-bears-fr","29":"product_cat-abc-fr-2","30":"product_shipping_class-abc-test-fr","31":"entry","33":"first","34":"instock","35":"taxable","36":"shipping-taxable","37":"purchasable","38":"product-type-simple"},"yoast_head":"<!-- This site is optimized with the Yoast SEO plugin v24.0 - https:\/\/yoast.com\/wordpress\/plugins\/seo\/ -->\n<title>AANounours au coeur de l&#039;\u00cele-aux-Puces - Atlantic Books<\/title>\n<meta name=\"robots\" content=\"index, follow, max-snippet:-1, max-image-preview:large, max-video-preview:-1\" \/>\n<link rel=\"canonical\" href=\"https:\/\/atlanticbooks.ca\/fr\/livres\/nounours-au-coeur-de-lile-aux-puces\" \/>\n<meta property=\"og:locale\" content=\"fr_FR\" \/>\n<meta property=\"og:type\" content=\"article\" \/>\n<meta property=\"og:title\" content=\"AANounours au coeur de l&#039;\u00cele-aux-Puces - Atlantic Books\" \/>\n<meta property=\"og:description\" content=\"English description follows En entrant chez elle, le nez plong\u00e9 dans un livre qui pose de bien curieuses questions, Z\u00e9phie est surprise de d\u00e9couvrir un tout petit ours qui tient [&hellip;]\" \/>\n<meta property=\"og:url\" content=\"https:\/\/atlanticbooks.ca\/fr\/livres\/nounours-au-coeur-de-lile-aux-puces\" \/>\n<meta property=\"og:site_name\" content=\"Atlantic Books\" \/>\n<meta property=\"article:modified_time\" content=\"2023-08-28T17:49:51+00:00\" \/>\n<meta property=\"og:image\" content=\"https:\/\/atlanticbooks.mystagingwebsite.com\/wp-content\/uploads\/biblioshare_attachments\/9782897503390.png\" \/>\n\t<meta property=\"og:image:width\" content=\"1024\" \/>\n\t<meta property=\"og:image:height\" content=\"1024\" \/>\n\t<meta property=\"og:image:type\" content=\"image\/png\" \/>\n<meta name=\"twitter:card\" content=\"summary_large_image\" \/>\n<meta name=\"twitter:label1\" content=\"Dur\u00e9e de lecture estim\u00e9e\" \/>\n\t<meta name=\"twitter:data1\" content=\"1 minute\" \/>\n<script type=\"application\/ld+json\" class=\"yoast-schema-graph\">{\"@context\":\"https:\/\/schema.org\",\"@graph\":[{\"@type\":\"WebPage\",\"@id\":\"https:\/\/atlanticbooks.ca\/fr\/livres\/nounours-au-coeur-de-lile-aux-puces\",\"url\":\"https:\/\/atlanticbooks.ca\/fr\/livres\/nounours-au-coeur-de-lile-aux-puces\",\"name\":\"AANounours au coeur de l'\u00cele-aux-Puces - Atlantic Books\",\"isPartOf\":{\"@id\":\"https:\/\/atlanticbooks.ca\/fr\/#website\"},\"primaryImageOfPage\":{\"@id\":\"https:\/\/atlanticbooks.ca\/fr\/livres\/nounours-au-coeur-de-lile-aux-puces#primaryimage\"},\"image\":{\"@id\":\"https:\/\/atlanticbooks.ca\/fr\/livres\/nounours-au-coeur-de-lile-aux-puces#primaryimage\"},\"thumbnailUrl\":\"https:\/\/atlanticbooks.ca\/wp-content\/uploads\/biblioshare_attachments\/9782897503390.png\",\"datePublished\":\"2023-08-28T17:19:29+00:00\",\"dateModified\":\"2023-08-28T17:49:51+00:00\",\"breadcrumb\":{\"@id\":\"https:\/\/atlanticbooks.ca\/fr\/livres\/nounours-au-coeur-de-lile-aux-puces#breadcrumb\"},\"inLanguage\":\"fr-FR\",\"potentialAction\":[{\"@type\":\"ReadAction\",\"target\":[\"https:\/\/atlanticbooks.ca\/fr\/livres\/nounours-au-coeur-de-lile-aux-puces\"]}]},{\"@type\":\"ImageObject\",\"inLanguage\":\"fr-FR\",\"@id\":\"https:\/\/atlanticbooks.ca\/fr\/livres\/nounours-au-coeur-de-lile-aux-puces#primaryimage\",\"url\":\"https:\/\/atlanticbooks.ca\/wp-content\/uploads\/biblioshare_attachments\/9782897503390.png\",\"contentUrl\":\"https:\/\/atlanticbooks.ca\/wp-content\/uploads\/biblioshare_attachments\/9782897503390.png\",\"width\":1024,\"height\":1024},{\"@type\":\"BreadcrumbList\",\"@id\":\"https:\/\/atlanticbooks.ca\/fr\/livres\/nounours-au-coeur-de-lile-aux-puces#breadcrumb\",\"itemListElement\":[{\"@type\":\"ListItem\",\"position\":1,\"name\":\"Domicile\",\"item\":\"https:\/\/atlanticbooks.ca\/fr\"},{\"@type\":\"ListItem\",\"position\":2,\"name\":\"Collections\",\"item\":\"https:\/\/atlanticbooks.ca\/fr\/collections\"},{\"@type\":\"ListItem\",\"position\":3,\"name\":\"AANounours au coeur de l&#8217;\u00cele-aux-Puces\"}]},{\"@type\":\"WebSite\",\"@id\":\"https:\/\/atlanticbooks.ca\/fr\/#website\",\"url\":\"https:\/\/atlanticbooks.ca\/fr\/\",\"name\":\"Atlantic Books\",\"description\":\"Atlantic Books\",\"publisher\":{\"@id\":\"https:\/\/atlanticbooks.ca\/fr\/#organization\"},\"potentialAction\":[{\"@type\":\"SearchAction\",\"target\":{\"@type\":\"EntryPoint\",\"urlTemplate\":\"https:\/\/atlanticbooks.ca\/fr\/?s={search_term_string}\"},\"query-input\":{\"@type\":\"PropertyValueSpecification\",\"valueRequired\":true,\"valueName\":\"search_term_string\"}}],\"inLanguage\":\"fr-FR\"},{\"@type\":\"Organization\",\"@id\":\"https:\/\/atlanticbooks.ca\/fr\/#organization\",\"name\":\"Atlantic Books\",\"url\":\"https:\/\/atlanticbooks.ca\/fr\/\",\"logo\":{\"@type\":\"ImageObject\",\"inLanguage\":\"fr-FR\",\"@id\":\"https:\/\/atlanticbooks.ca\/fr\/#\/schema\/logo\/image\/\",\"url\":\"https:\/\/atlanticbooks.ca\/wp-content\/uploads\/2020\/10\/atlantic-books-logo.png\",\"contentUrl\":\"https:\/\/atlanticbooks.ca\/wp-content\/uploads\/2020\/10\/atlantic-books-logo.png\",\"width\":566,\"height\":111,\"caption\":\"Atlantic Books\"},\"image\":{\"@id\":\"https:\/\/atlanticbooks.ca\/fr\/#\/schema\/logo\/image\/\"}}]}<\/script>\n<!-- \/ Yoast SEO plugin. -->","yoast_head_json":{"title":"AANounours au coeur de l'\u00cele-aux-Puces - Atlantic Books","robots":{"index":"index","follow":"follow","max-snippet":"max-snippet:-1","max-image-preview":"max-image-preview:large","max-video-preview":"max-video-preview:-1"},"canonical":"https:\/\/atlanticbooks.ca\/fr\/livres\/nounours-au-coeur-de-lile-aux-puces","og_locale":"fr_FR","og_type":"article","og_title":"AANounours au coeur de l'\u00cele-aux-Puces - Atlantic Books","og_description":"English description follows En entrant chez elle, le nez plong\u00e9 dans un livre qui pose de bien curieuses questions, Z\u00e9phie est surprise de d\u00e9couvrir un tout petit ours qui tient [&hellip;]","og_url":"https:\/\/atlanticbooks.ca\/fr\/livres\/nounours-au-coeur-de-lile-aux-puces","og_site_name":"Atlantic Books","article_modified_time":"2023-08-28T17:49:51+00:00","og_image":[{"width":1024,"height":1024,"url":"https:\/\/atlanticbooks.mystagingwebsite.com\/wp-content\/uploads\/biblioshare_attachments\/9782897503390.png","type":"image\/png"}],"twitter_card":"summary_large_image","twitter_misc":{"Dur\u00e9e de lecture estim\u00e9e":"1 minute"},"schema":{"@context":"https:\/\/schema.org","@graph":[{"@type":"WebPage","@id":"https:\/\/atlanticbooks.ca\/fr\/livres\/nounours-au-coeur-de-lile-aux-puces","url":"https:\/\/atlanticbooks.ca\/fr\/livres\/nounours-au-coeur-de-lile-aux-puces","name":"AANounours au coeur de l'\u00cele-aux-Puces - Atlantic Books","isPartOf":{"@id":"https:\/\/atlanticbooks.ca\/fr\/#website"},"primaryImageOfPage":{"@id":"https:\/\/atlanticbooks.ca\/fr\/livres\/nounours-au-coeur-de-lile-aux-puces#primaryimage"},"image":{"@id":"https:\/\/atlanticbooks.ca\/fr\/livres\/nounours-au-coeur-de-lile-aux-puces#primaryimage"},"thumbnailUrl":"https:\/\/atlanticbooks.ca\/wp-content\/uploads\/biblioshare_attachments\/9782897503390.png","datePublished":"2023-08-28T17:19:29+00:00","dateModified":"2023-08-28T17:49:51+00:00","breadcrumb":{"@id":"https:\/\/atlanticbooks.ca\/fr\/livres\/nounours-au-coeur-de-lile-aux-puces#breadcrumb"},"inLanguage":"fr-FR","potentialAction":[{"@type":"ReadAction","target":["https:\/\/atlanticbooks.ca\/fr\/livres\/nounours-au-coeur-de-lile-aux-puces"]}]},{"@type":"ImageObject","inLanguage":"fr-FR","@id":"https:\/\/atlanticbooks.ca\/fr\/livres\/nounours-au-coeur-de-lile-aux-puces#primaryimage","url":"https:\/\/atlanticbooks.ca\/wp-content\/uploads\/biblioshare_attachments\/9782897503390.png","contentUrl":"https:\/\/atlanticbooks.ca\/wp-content\/uploads\/biblioshare_attachments\/9782897503390.png","width":1024,"height":1024},{"@type":"BreadcrumbList","@id":"https:\/\/atlanticbooks.ca\/fr\/livres\/nounours-au-coeur-de-lile-aux-puces#breadcrumb","itemListElement":[{"@type":"ListItem","position":1,"name":"Domicile","item":"https:\/\/atlanticbooks.ca\/fr"},{"@type":"ListItem","position":2,"name":"Collections","item":"https:\/\/atlanticbooks.ca\/fr\/collections"},{"@type":"ListItem","position":3,"name":"AANounours au coeur de l&#8217;\u00cele-aux-Puces"}]},{"@type":"WebSite","@id":"https:\/\/atlanticbooks.ca\/fr\/#website","url":"https:\/\/atlanticbooks.ca\/fr\/","name":"Atlantic Books","description":"Atlantic Books","publisher":{"@id":"https:\/\/atlanticbooks.ca\/fr\/#organization"},"potentialAction":[{"@type":"SearchAction","target":{"@type":"EntryPoint","urlTemplate":"https:\/\/atlanticbooks.ca\/fr\/?s={search_term_string}"},"query-input":{"@type":"PropertyValueSpecification","valueRequired":true,"valueName":"search_term_string"}}],"inLanguage":"fr-FR"},{"@type":"Organization","@id":"https:\/\/atlanticbooks.ca\/fr\/#organization","name":"Atlantic Books","url":"https:\/\/atlanticbooks.ca\/fr\/","logo":{"@type":"ImageObject","inLanguage":"fr-FR","@id":"https:\/\/atlanticbooks.ca\/fr\/#\/schema\/logo\/image\/","url":"https:\/\/atlanticbooks.ca\/wp-content\/uploads\/2020\/10\/atlantic-books-logo.png","contentUrl":"https:\/\/atlanticbooks.ca\/wp-content\/uploads\/2020\/10\/atlantic-books-logo.png","width":566,"height":111,"caption":"Atlantic Books"},"image":{"@id":"https:\/\/atlanticbooks.ca\/fr\/#\/schema\/logo\/image\/"}}]}},"_links":{"self":[{"href":"https:\/\/atlanticbooks.ca\/fr\/wp-json\/wp\/v2\/product\/82541","targetHints":{"allow":["GET"]}}],"collection":[{"href":"https:\/\/atlanticbooks.ca\/fr\/wp-json\/wp\/v2\/product"}],"about":[{"href":"https:\/\/atlanticbooks.ca\/fr\/wp-json\/wp\/v2\/types\/product"}],"wp:featuredmedia":[{"embeddable":true,"href":"https:\/\/atlanticbooks.ca\/fr\/wp-json\/wp\/v2\/media\/82540"}],"wp:attachment":[{"href":"https:\/\/atlanticbooks.ca\/fr\/wp-json\/wp\/v2\/media?parent=82541"}],"wp:term":[{"taxonomy":"product_brand","embeddable":true,"href":"https:\/\/atlanticbooks.ca\/fr\/wp-json\/wp\/v2\/product_brand?post=82541"},{"taxonomy":"product_cat","embeddable":true,"href":"https:\/\/atlanticbooks.ca\/fr\/wp-json\/wp\/v2\/product_cat?post=82541"},{"taxonomy":"product_tag","embeddable":true,"href":"https:\/\/atlanticbooks.ca\/fr\/wp-json\/wp\/v2\/product_tag?post=82541"}],"curies":[{"name":"wp","href":"https:\/\/api.w.org\/{rel}","templated":true}]}}