{"id":81520,"date":"2023-08-09T19:38:25","date_gmt":"2023-08-09T19:38:25","guid":{"rendered":"https:\/\/atlanticbooks.ca\/books\/foin-dodeur\/"},"modified":"2023-08-23T18:35:01","modified_gmt":"2023-08-23T18:35:01","slug":"foin-dodeur","status":"publish","type":"product","link":"https:\/\/atlanticbooks.ca\/fr\/livres\/foin-dodeur","title":{"rendered":"<span style=\"display:none;\">AA<\/span>Foin d&rsquo;odeur"},"content":{"rendered":"<p>&lt;p&gt;&lt;b&gt;Indigenous Knowledge Series&lt;b&gt;&lt;\/p&gt;<br \/>\n&lt;p&gt;&lt;b&gt;Top Grade: CanLit for the Classroom selection, 2022&lt;br&gt;<br \/>\n&lt;p&gt;&lt;b&gt;Best Books for Kids and Teens, Fall 2022 selection&lt;\/b&gt;&lt;\/p&gt;<br \/>\n&lt;p&gt;English description follows.&lt;\/p&gt;<br \/>\n&lt;p&gt;C&rsquo;est le d\u00e9but du mois de juillet, et pour Matthew et sa tantine, cela signifie une chose : c&rsquo;est le temps de la cueillette de foin d&rsquo;odeur. Cette ann\u00e9e, le jeune cousin de Matthew, Warren, y va aussi, et ce sera la premi\u00e8re fois qu&rsquo;il se rend au littoral<br \/>\no\u00f9 pousse le foin d&rsquo;odeur. Gr\u00e2ce aux savoirs mi&rsquo;kmaw traditionnels de Tantine et aux doux conseils de Matthew, Warren d\u00e9couvre la vari\u00e9t\u00e9 d&rsquo;utilisations du foin d&rsquo;odeur \u2014 comme m\u00e9decine traditionnelle, offrande sacr\u00e9e, ingr\u00e9dient de purification par la fum\u00e9e \u2014 ainsi que l&rsquo;importance de ne pas cueillir plus que n\u00e9cessaire pour ses besoins. Une fois le trio de retour chez Tantine, elle montre aux gar\u00e7ons comment nettoyer et tresser le foin. Cette histoire touchante sur les cadeaux que nous recevons de la Terre M\u00e8re et comment les cueillir avec respect offre une perspective r\u00e9fl\u00e9chie sur une tradition autochtone v\u00e9n\u00e9r\u00e9e.&lt;\/p&gt;<br \/>\n&lt;p&gt;It&rsquo;s early July, and for Matthew and his Auntie that means one thing: time to go sweetgrass picking. This year, Matthew&rsquo;s younger cousin Warren is coming along, and it will be his first time visiting the shoreline where the sweetgrass grows.&lt;\/p&gt;<br \/>\n&lt;p&gt;With Auntie&rsquo;s traditional Mi&rsquo;kmaw knowledge and Matthew&rsquo;s gentle guidance, Warren learns about the many uses for sweetgrass \u2014 as traditional medicine, a sacred offering, a smudging ingredient \u2014 and the importance of not picking more than he needs. Once the trio is back at Auntie&rsquo;s house, she shows the boys how to clean and braid the grass.&lt;\/p&gt;<br \/>\n&lt;p&gt;This heartfelt story about the gifts we receive from Mother Earth and how to gather them respectfully offers thoughtful insight into a treasured Mi&rsquo;kmaw tradition.&lt;\/p&gt;<\/p>\n","protected":false},"excerpt":{"rendered":"<p>&lt;p&gt;&lt;b&gt;Indigenous Knowledge Series&lt;b&gt;&lt;\/p&gt; &lt;p&gt;&lt;b&gt;Top Grade: CanLit for the Classroom selection, 2022&lt;br&gt; &lt;p&gt;&lt;b&gt;Best Books for Kids and Teens, Fall 2022 selection&lt;\/b&gt;&lt;\/p&gt; &lt;p&gt;English description follows.&lt;\/p&gt; &lt;p&gt;C&rsquo;est le d\u00e9but du mois de juillet, [&hellip;]<\/p>\n","protected":false},"featured_media":81519,"template":"","meta":{"_genesis_hide_title":false,"_genesis_hide_breadcrumbs":false,"_genesis_hide_singular_image":false,"_genesis_hide_footer_widgets":false,"_genesis_custom_body_class":"","_genesis_custom_post_class":"","_genesis_layout":""},"product_brand":[],"product_cat":[12776],"product_tag":[],"class_list":{"0":"post-81520","1":"product","2":"type-product","3":"status-publish","4":"has-post-thumbnail","5":"product_language-fre","6":"product_subjects-indigenous-peoples-of-turtle-island-people-places-fr","7":"product_subjects-general-indigenous-peoples-of-turtle-island-people-places-fr","8":"product_subjects-juvenile-fiction-fr","9":"product_subjects-people-places-fr","10":"product_grade_range-kindergarten-fr","11":"product_grade_range-first-grade-fr","12":"product_grade_range-second-grade-fr","13":"product_grade_range-third-grade-fr","14":"product_curriculumsubject-francais-programmes-detudes-fr","15":"product_curriculumsubject-immersion-2-fr","16":"product_curriculumsubject-core-french-fr","17":"product_curriculumsubject-francais-arts-langagiers-fr","18":"product_curriculumsubject-francais-arts-langagiers-im-fr","19":"product_curriculumsubject-sciences-humaines-im-fr","20":"product_curriculumsubject-sciences-humaines-fr","21":"product_provincial_focus-n-e","22":"product_edi_priority_areas-etudes-autochtones","23":"product_edi_priority_areas-identite-culturelle","24":"product_edi_priority_areas-races-et-ethnies","25":"product_edi_author-autrice","26":"product_edi_author-auteur-trice-autochtone","27":"product_edi_author-auteur-trice-mikmaw","28":"product_edi_illustrator-illustratrice","29":"product_edi_illustrator-illustrateur-trice-autochtone","30":"product_edi_illustrator-illustrateur-trice-mikmaw","31":"product_edi_publisher-female-publisher-copy","32":"product_edi_history_culture-indigenous-histories-cultures-fr","33":"product_edi_history_culture-culture-et-histoire-mikmaw","34":"product_edi_subjects_themes-indigenous-knowledge-and-tradition-fr","35":"product_edi_subjects_themes-cultural-identity-and-community-fr","36":"product_edi_characters-personnages-autochtones","37":"product_edi_characters-personnages-mikmaw","38":"product_edi_languages-francais-fr","39":"biblio_share_tag-juvenile-fiction-people-places-indigenous-peoples-of-turtle-island-general-fr","40":"product_cat-abc-fr-2","41":"entry","43":"first","44":"instock","45":"taxable","46":"shipping-taxable","47":"purchasable","48":"product-type-simple"},"yoast_head":"<!-- This site is optimized with the Yoast SEO plugin v24.0 - https:\/\/yoast.com\/wordpress\/plugins\/seo\/ -->\n<title>AAFoin d&#039;odeur - Atlantic Books<\/title>\n<meta name=\"robots\" content=\"index, follow, max-snippet:-1, max-image-preview:large, max-video-preview:-1\" \/>\n<link rel=\"canonical\" href=\"https:\/\/atlanticbooks.ca\/fr\/livres\/foin-dodeur\" \/>\n<meta property=\"og:locale\" content=\"fr_FR\" \/>\n<meta property=\"og:type\" content=\"article\" \/>\n<meta property=\"og:title\" content=\"AAFoin d&#039;odeur - Atlantic Books\" \/>\n<meta property=\"og:description\" content=\"&lt;p&gt;&lt;b&gt;Indigenous Knowledge Series&lt;b&gt;&lt;\/p&gt; &lt;p&gt;&lt;b&gt;Top Grade: CanLit for the Classroom selection, 2022&lt;br&gt; &lt;p&gt;&lt;b&gt;Best Books for Kids and Teens, Fall 2022 selection&lt;\/b&gt;&lt;\/p&gt; &lt;p&gt;English description follows.&lt;\/p&gt; &lt;p&gt;C&rsquo;est le d\u00e9but du mois de juillet, [&hellip;]\" \/>\n<meta property=\"og:url\" content=\"https:\/\/atlanticbooks.ca\/fr\/livres\/foin-dodeur\" \/>\n<meta property=\"og:site_name\" content=\"Atlantic Books\" \/>\n<meta property=\"article:modified_time\" content=\"2023-08-23T18:35:01+00:00\" \/>\n<meta property=\"og:image\" content=\"https:\/\/atlanticbooks.mystagingwebsite.com\/wp-content\/uploads\/biblioshare_attachments\/9781774711989.png\" \/>\n\t<meta property=\"og:image:width\" content=\"1340\" \/>\n\t<meta property=\"og:image:height\" content=\"1198\" \/>\n\t<meta property=\"og:image:type\" content=\"image\/png\" \/>\n<meta name=\"twitter:card\" content=\"summary_large_image\" \/>\n<meta name=\"twitter:label1\" content=\"Dur\u00e9e de lecture estim\u00e9e\" \/>\n\t<meta name=\"twitter:data1\" content=\"2 minutes\" \/>\n<script type=\"application\/ld+json\" class=\"yoast-schema-graph\">{\"@context\":\"https:\/\/schema.org\",\"@graph\":[{\"@type\":\"WebPage\",\"@id\":\"https:\/\/atlanticbooks.ca\/fr\/livres\/foin-dodeur\",\"url\":\"https:\/\/atlanticbooks.ca\/fr\/livres\/foin-dodeur\",\"name\":\"AAFoin d'odeur - Atlantic Books\",\"isPartOf\":{\"@id\":\"https:\/\/atlanticbooks.ca\/fr\/#website\"},\"primaryImageOfPage\":{\"@id\":\"https:\/\/atlanticbooks.ca\/fr\/livres\/foin-dodeur#primaryimage\"},\"image\":{\"@id\":\"https:\/\/atlanticbooks.ca\/fr\/livres\/foin-dodeur#primaryimage\"},\"thumbnailUrl\":\"https:\/\/atlanticbooks.ca\/wp-content\/uploads\/biblioshare_attachments\/9781774711989.png\",\"datePublished\":\"2023-08-09T19:38:25+00:00\",\"dateModified\":\"2023-08-23T18:35:01+00:00\",\"breadcrumb\":{\"@id\":\"https:\/\/atlanticbooks.ca\/fr\/livres\/foin-dodeur#breadcrumb\"},\"inLanguage\":\"fr-FR\",\"potentialAction\":[{\"@type\":\"ReadAction\",\"target\":[\"https:\/\/atlanticbooks.ca\/fr\/livres\/foin-dodeur\"]}]},{\"@type\":\"ImageObject\",\"inLanguage\":\"fr-FR\",\"@id\":\"https:\/\/atlanticbooks.ca\/fr\/livres\/foin-dodeur#primaryimage\",\"url\":\"https:\/\/atlanticbooks.ca\/wp-content\/uploads\/biblioshare_attachments\/9781774711989.png\",\"contentUrl\":\"https:\/\/atlanticbooks.ca\/wp-content\/uploads\/biblioshare_attachments\/9781774711989.png\",\"width\":1340,\"height\":1198},{\"@type\":\"BreadcrumbList\",\"@id\":\"https:\/\/atlanticbooks.ca\/fr\/livres\/foin-dodeur#breadcrumb\",\"itemListElement\":[{\"@type\":\"ListItem\",\"position\":1,\"name\":\"Domicile\",\"item\":\"https:\/\/atlanticbooks.ca\/fr\"},{\"@type\":\"ListItem\",\"position\":2,\"name\":\"Collections\",\"item\":\"https:\/\/atlanticbooks.ca\/fr\/collections\"},{\"@type\":\"ListItem\",\"position\":3,\"name\":\"AAFoin d&#8217;odeur\"}]},{\"@type\":\"WebSite\",\"@id\":\"https:\/\/atlanticbooks.ca\/fr\/#website\",\"url\":\"https:\/\/atlanticbooks.ca\/fr\/\",\"name\":\"Atlantic Books\",\"description\":\"Atlantic Books\",\"publisher\":{\"@id\":\"https:\/\/atlanticbooks.ca\/fr\/#organization\"},\"potentialAction\":[{\"@type\":\"SearchAction\",\"target\":{\"@type\":\"EntryPoint\",\"urlTemplate\":\"https:\/\/atlanticbooks.ca\/fr\/?s={search_term_string}\"},\"query-input\":{\"@type\":\"PropertyValueSpecification\",\"valueRequired\":true,\"valueName\":\"search_term_string\"}}],\"inLanguage\":\"fr-FR\"},{\"@type\":\"Organization\",\"@id\":\"https:\/\/atlanticbooks.ca\/fr\/#organization\",\"name\":\"Atlantic Books\",\"url\":\"https:\/\/atlanticbooks.ca\/fr\/\",\"logo\":{\"@type\":\"ImageObject\",\"inLanguage\":\"fr-FR\",\"@id\":\"https:\/\/atlanticbooks.ca\/fr\/#\/schema\/logo\/image\/\",\"url\":\"https:\/\/atlanticbooks.ca\/wp-content\/uploads\/2020\/10\/atlantic-books-logo.png\",\"contentUrl\":\"https:\/\/atlanticbooks.ca\/wp-content\/uploads\/2020\/10\/atlantic-books-logo.png\",\"width\":566,\"height\":111,\"caption\":\"Atlantic Books\"},\"image\":{\"@id\":\"https:\/\/atlanticbooks.ca\/fr\/#\/schema\/logo\/image\/\"}}]}<\/script>\n<!-- \/ Yoast SEO plugin. -->","yoast_head_json":{"title":"AAFoin d'odeur - Atlantic Books","robots":{"index":"index","follow":"follow","max-snippet":"max-snippet:-1","max-image-preview":"max-image-preview:large","max-video-preview":"max-video-preview:-1"},"canonical":"https:\/\/atlanticbooks.ca\/fr\/livres\/foin-dodeur","og_locale":"fr_FR","og_type":"article","og_title":"AAFoin d'odeur - Atlantic Books","og_description":"&lt;p&gt;&lt;b&gt;Indigenous Knowledge Series&lt;b&gt;&lt;\/p&gt; &lt;p&gt;&lt;b&gt;Top Grade: CanLit for the Classroom selection, 2022&lt;br&gt; &lt;p&gt;&lt;b&gt;Best Books for Kids and Teens, Fall 2022 selection&lt;\/b&gt;&lt;\/p&gt; &lt;p&gt;English description follows.&lt;\/p&gt; &lt;p&gt;C&rsquo;est le d\u00e9but du mois de juillet, [&hellip;]","og_url":"https:\/\/atlanticbooks.ca\/fr\/livres\/foin-dodeur","og_site_name":"Atlantic Books","article_modified_time":"2023-08-23T18:35:01+00:00","og_image":[{"width":1340,"height":1198,"url":"https:\/\/atlanticbooks.mystagingwebsite.com\/wp-content\/uploads\/biblioshare_attachments\/9781774711989.png","type":"image\/png"}],"twitter_card":"summary_large_image","twitter_misc":{"Dur\u00e9e de lecture estim\u00e9e":"2 minutes"},"schema":{"@context":"https:\/\/schema.org","@graph":[{"@type":"WebPage","@id":"https:\/\/atlanticbooks.ca\/fr\/livres\/foin-dodeur","url":"https:\/\/atlanticbooks.ca\/fr\/livres\/foin-dodeur","name":"AAFoin d'odeur - Atlantic Books","isPartOf":{"@id":"https:\/\/atlanticbooks.ca\/fr\/#website"},"primaryImageOfPage":{"@id":"https:\/\/atlanticbooks.ca\/fr\/livres\/foin-dodeur#primaryimage"},"image":{"@id":"https:\/\/atlanticbooks.ca\/fr\/livres\/foin-dodeur#primaryimage"},"thumbnailUrl":"https:\/\/atlanticbooks.ca\/wp-content\/uploads\/biblioshare_attachments\/9781774711989.png","datePublished":"2023-08-09T19:38:25+00:00","dateModified":"2023-08-23T18:35:01+00:00","breadcrumb":{"@id":"https:\/\/atlanticbooks.ca\/fr\/livres\/foin-dodeur#breadcrumb"},"inLanguage":"fr-FR","potentialAction":[{"@type":"ReadAction","target":["https:\/\/atlanticbooks.ca\/fr\/livres\/foin-dodeur"]}]},{"@type":"ImageObject","inLanguage":"fr-FR","@id":"https:\/\/atlanticbooks.ca\/fr\/livres\/foin-dodeur#primaryimage","url":"https:\/\/atlanticbooks.ca\/wp-content\/uploads\/biblioshare_attachments\/9781774711989.png","contentUrl":"https:\/\/atlanticbooks.ca\/wp-content\/uploads\/biblioshare_attachments\/9781774711989.png","width":1340,"height":1198},{"@type":"BreadcrumbList","@id":"https:\/\/atlanticbooks.ca\/fr\/livres\/foin-dodeur#breadcrumb","itemListElement":[{"@type":"ListItem","position":1,"name":"Domicile","item":"https:\/\/atlanticbooks.ca\/fr"},{"@type":"ListItem","position":2,"name":"Collections","item":"https:\/\/atlanticbooks.ca\/fr\/collections"},{"@type":"ListItem","position":3,"name":"AAFoin d&#8217;odeur"}]},{"@type":"WebSite","@id":"https:\/\/atlanticbooks.ca\/fr\/#website","url":"https:\/\/atlanticbooks.ca\/fr\/","name":"Atlantic Books","description":"Atlantic Books","publisher":{"@id":"https:\/\/atlanticbooks.ca\/fr\/#organization"},"potentialAction":[{"@type":"SearchAction","target":{"@type":"EntryPoint","urlTemplate":"https:\/\/atlanticbooks.ca\/fr\/?s={search_term_string}"},"query-input":{"@type":"PropertyValueSpecification","valueRequired":true,"valueName":"search_term_string"}}],"inLanguage":"fr-FR"},{"@type":"Organization","@id":"https:\/\/atlanticbooks.ca\/fr\/#organization","name":"Atlantic Books","url":"https:\/\/atlanticbooks.ca\/fr\/","logo":{"@type":"ImageObject","inLanguage":"fr-FR","@id":"https:\/\/atlanticbooks.ca\/fr\/#\/schema\/logo\/image\/","url":"https:\/\/atlanticbooks.ca\/wp-content\/uploads\/2020\/10\/atlantic-books-logo.png","contentUrl":"https:\/\/atlanticbooks.ca\/wp-content\/uploads\/2020\/10\/atlantic-books-logo.png","width":566,"height":111,"caption":"Atlantic Books"},"image":{"@id":"https:\/\/atlanticbooks.ca\/fr\/#\/schema\/logo\/image\/"}}]}},"_links":{"self":[{"href":"https:\/\/atlanticbooks.ca\/fr\/wp-json\/wp\/v2\/product\/81520","targetHints":{"allow":["GET"]}}],"collection":[{"href":"https:\/\/atlanticbooks.ca\/fr\/wp-json\/wp\/v2\/product"}],"about":[{"href":"https:\/\/atlanticbooks.ca\/fr\/wp-json\/wp\/v2\/types\/product"}],"wp:featuredmedia":[{"embeddable":true,"href":"https:\/\/atlanticbooks.ca\/fr\/wp-json\/wp\/v2\/media\/81519"}],"wp:attachment":[{"href":"https:\/\/atlanticbooks.ca\/fr\/wp-json\/wp\/v2\/media?parent=81520"}],"wp:term":[{"taxonomy":"product_brand","embeddable":true,"href":"https:\/\/atlanticbooks.ca\/fr\/wp-json\/wp\/v2\/product_brand?post=81520"},{"taxonomy":"product_cat","embeddable":true,"href":"https:\/\/atlanticbooks.ca\/fr\/wp-json\/wp\/v2\/product_cat?post=81520"},{"taxonomy":"product_tag","embeddable":true,"href":"https:\/\/atlanticbooks.ca\/fr\/wp-json\/wp\/v2\/product_tag?post=81520"}],"curies":[{"name":"wp","href":"https:\/\/api.w.org\/{rel}","templated":true}]}}