{"id":81431,"date":"2023-08-09T19:38:22","date_gmt":"2023-08-09T19:38:22","guid":{"rendered":"https:\/\/atlanticbooks.ca\/books\/simon-et-el-catapulte-la-perilleux-aventure-au-parc\/"},"modified":"2023-08-10T13:06:12","modified_gmt":"2023-08-10T13:06:12","slug":"simon-et-el-catapulte-la-perilleux-aventure-au-parc","status":"publish","type":"product","link":"https:\/\/atlanticbooks.ca\/fr\/books\/simon-et-el-catapulte-la-perilleux-aventure-au-parc","title":{"rendered":"Simon et el catapulte la p\u00e9rilleux aventure au parc"},"content":{"rendered":"<p>Simon et son audacieux compagnon, El Catapulte, sont pr&rsquo;ts pour une avant-midi d&rsquo;aventure extraplan\u00e9taire au parc. Ils ont pour mission de faire le tour de la galaxie en explorant tous les p\u00e9rils du terrain de jeux. La d\u00e9couverte d&rsquo;un monde lointain est une t\u201ache dangereuse- particuli\u00e8rement quand El Catapulte est de la partie! Heureusement, Simon est toujours l\u00e0 pour veiller \u00e0 sa s\u00e9curit\u00e9. Mais quand Simon et El Catapulte se retrouvent dans une situation si d\u00e9sesp\u00e9r\u00e9e que m&rsquo;me Simon ne peut les sauver, qui sera assez brave pour venir \u00e0 leur secours?<\/p>\n","protected":false},"excerpt":{"rendered":"<p>Simon et son audacieux compagnon, El Catapulte, sont pr&rsquo;ts pour une avant-midi d&rsquo;aventure extraplan\u00e9taire au parc. Ils ont pour mission de faire le tour de la galaxie en explorant tous les p\u00e9rils du terrain de jeux. La d\u00e9couverte d&rsquo;un monde lointain est une t\u201ache dangereuse- particuli\u00e8rement quand El Catapulte est de la partie! Heureusement, Simon est toujours l\u00e0 pour veiller \u00e0 sa s\u00e9curit\u00e9. Mais quand Simon et El Catapulte se retrouvent dans une situation si d\u00e9sesp\u00e9r\u00e9e que m&rsquo;me Simon ne peut les sauver, qui sera assez brave pour venir \u00e0 leur secours?<\/p>\n","protected":false},"featured_media":81522,"template":"","meta":{"_genesis_hide_title":false,"_genesis_hide_breadcrumbs":false,"_genesis_hide_singular_image":false,"_genesis_hide_footer_widgets":false,"_genesis_custom_body_class":"","_genesis_custom_post_class":"","_genesis_layout":""},"product_brand":[],"product_cat":[10712],"product_tag":[],"class_list":{"0":"post-81431","1":"product","2":"type-product","3":"status-publish","4":"has-post-thumbnail","5":"product_language-fre","6":"product_subjects-juvenile-fiction","7":"product_subjects-health-daily-living-juvenile-fiction","8":"product_subjects-general-health-daily-living-juvenile-fiction","9":"product_reading_range-12717","10":"product_reading_range-12718","11":"product_reading_range-12730","12":"product_reading_range-12731","13":"product_reading_range-12732","14":"product_interest_range-12712","15":"product_interest_range-12713","16":"product_interest_range-12714","17":"product_interest_range-12715","18":"product_interest_range-12716","19":"product_grade_range-third-grade","20":"product_grade_range-fourth-grade","21":"product_grade_range-fifth-grade","22":"product_grade_range-sixth-grade","23":"product_curriculumsubject-english-curriculum-subjects","24":"product_curriculumsubject-english-language-arts","25":"product_curriculumsubject-physical-education","26":"product_edi_author-female-author","27":"product_edi_illustrator-female-illustrator","28":"product_edi_publisher-female-publisher","29":"biblio_share_tag-juvenile-fiction-health-daily-living-general","30":"product_cat-abc","31":"entry","33":"first","34":"instock","35":"taxable","36":"shipping-taxable","37":"purchasable","38":"product-type-simple"},"yoast_head":"<!-- This site is optimized with the Yoast SEO plugin v24.0 - https:\/\/yoast.com\/wordpress\/plugins\/seo\/ -->\n<title>Simon et el catapulte la p\u00e9rilleux aventure au parc - Atlantic Books<\/title>\n<meta name=\"robots\" content=\"index, follow, max-snippet:-1, max-image-preview:large, max-video-preview:-1\" \/>\n<link rel=\"canonical\" href=\"https:\/\/atlanticbooks.ca\/fr\/books\/simon-et-el-catapulte-la-perilleux-aventure-au-parc\" \/>\n<meta property=\"og:locale\" content=\"fr_FR\" \/>\n<meta property=\"og:type\" content=\"article\" \/>\n<meta property=\"og:title\" content=\"Simon et el catapulte la p\u00e9rilleux aventure au parc - Atlantic Books\" \/>\n<meta property=\"og:description\" content=\"Simon et son audacieux compagnon, El Catapulte, sont pr&#039;ts pour une avant-midi d&#039;aventure extraplan\u00e9taire au parc. Ils ont pour mission de faire le tour de la galaxie en explorant tous les p\u00e9rils du terrain de jeux. La d\u00e9couverte d&#039;un monde lointain est une t\u201ache dangereuse- particuli\u00e8rement quand El Catapulte est de la partie! Heureusement, Simon est toujours l\u00e0 pour veiller \u00e0 sa s\u00e9curit\u00e9. Mais quand Simon et El Catapulte se retrouvent dans une situation si d\u00e9sesp\u00e9r\u00e9e que m&#039;me Simon ne peut les sauver, qui sera assez brave pour venir \u00e0 leur secours?\" \/>\n<meta property=\"og:url\" content=\"https:\/\/atlanticbooks.ca\/fr\/books\/simon-et-el-catapulte-la-perilleux-aventure-au-parc\" \/>\n<meta property=\"og:site_name\" content=\"Atlantic Books\" \/>\n<meta property=\"article:modified_time\" content=\"2023-08-10T13:06:12+00:00\" \/>\n<meta property=\"og:image\" content=\"https:\/\/atlanticbooks.mystagingwebsite.com\/wp-content\/uploads\/biblioshare_attachments\/9781551097213-scaled-1024x1024.png\" \/>\n\t<meta property=\"og:image:width\" content=\"1024\" \/>\n\t<meta property=\"og:image:height\" content=\"1024\" \/>\n\t<meta property=\"og:image:type\" content=\"image\/png\" \/>\n<meta name=\"twitter:card\" content=\"summary_large_image\" \/>\n<meta name=\"twitter:label1\" content=\"Dur\u00e9e de lecture estim\u00e9e\" \/>\n\t<meta name=\"twitter:data1\" content=\"1 minute\" \/>\n<script type=\"application\/ld+json\" class=\"yoast-schema-graph\">{\"@context\":\"https:\/\/schema.org\",\"@graph\":[{\"@type\":\"WebPage\",\"@id\":\"https:\/\/atlanticbooks.ca\/fr\/books\/simon-et-el-catapulte-la-perilleux-aventure-au-parc\",\"url\":\"https:\/\/atlanticbooks.ca\/fr\/books\/simon-et-el-catapulte-la-perilleux-aventure-au-parc\",\"name\":\"Simon et el catapulte la p\u00e9rilleux aventure au parc - Atlantic Books\",\"isPartOf\":{\"@id\":\"https:\/\/atlanticbooks.ca\/fr\/#website\"},\"primaryImageOfPage\":{\"@id\":\"https:\/\/atlanticbooks.ca\/fr\/books\/simon-et-el-catapulte-la-perilleux-aventure-au-parc#primaryimage\"},\"image\":{\"@id\":\"https:\/\/atlanticbooks.ca\/fr\/books\/simon-et-el-catapulte-la-perilleux-aventure-au-parc#primaryimage\"},\"thumbnailUrl\":\"https:\/\/atlanticbooks.ca\/wp-content\/uploads\/biblioshare_attachments\/9781551097213-scaled.png\",\"datePublished\":\"2023-08-09T19:38:22+00:00\",\"dateModified\":\"2023-08-10T13:06:12+00:00\",\"breadcrumb\":{\"@id\":\"https:\/\/atlanticbooks.ca\/fr\/books\/simon-et-el-catapulte-la-perilleux-aventure-au-parc#breadcrumb\"},\"inLanguage\":\"fr-FR\",\"potentialAction\":[{\"@type\":\"ReadAction\",\"target\":[\"https:\/\/atlanticbooks.ca\/fr\/books\/simon-et-el-catapulte-la-perilleux-aventure-au-parc\"]}]},{\"@type\":\"ImageObject\",\"inLanguage\":\"fr-FR\",\"@id\":\"https:\/\/atlanticbooks.ca\/fr\/books\/simon-et-el-catapulte-la-perilleux-aventure-au-parc#primaryimage\",\"url\":\"https:\/\/atlanticbooks.ca\/wp-content\/uploads\/biblioshare_attachments\/9781551097213-scaled.png\",\"contentUrl\":\"https:\/\/atlanticbooks.ca\/wp-content\/uploads\/biblioshare_attachments\/9781551097213-scaled.png\",\"width\":2560,\"height\":2560},{\"@type\":\"BreadcrumbList\",\"@id\":\"https:\/\/atlanticbooks.ca\/fr\/books\/simon-et-el-catapulte-la-perilleux-aventure-au-parc#breadcrumb\",\"itemListElement\":[{\"@type\":\"ListItem\",\"position\":1,\"name\":\"Domicile\",\"item\":\"https:\/\/atlanticbooks.ca\/fr\"},{\"@type\":\"ListItem\",\"position\":2,\"name\":\"Collections\",\"item\":\"https:\/\/atlanticbooks.ca\/fr\/collections\"},{\"@type\":\"ListItem\",\"position\":3,\"name\":\"Simon et el catapulte la p\u00e9rilleux aventure au parc\"}]},{\"@type\":\"WebSite\",\"@id\":\"https:\/\/atlanticbooks.ca\/fr\/#website\",\"url\":\"https:\/\/atlanticbooks.ca\/fr\/\",\"name\":\"Atlantic Books\",\"description\":\"Atlantic Books\",\"publisher\":{\"@id\":\"https:\/\/atlanticbooks.ca\/fr\/#organization\"},\"potentialAction\":[{\"@type\":\"SearchAction\",\"target\":{\"@type\":\"EntryPoint\",\"urlTemplate\":\"https:\/\/atlanticbooks.ca\/fr\/?s={search_term_string}\"},\"query-input\":{\"@type\":\"PropertyValueSpecification\",\"valueRequired\":true,\"valueName\":\"search_term_string\"}}],\"inLanguage\":\"fr-FR\"},{\"@type\":\"Organization\",\"@id\":\"https:\/\/atlanticbooks.ca\/fr\/#organization\",\"name\":\"Atlantic Books\",\"url\":\"https:\/\/atlanticbooks.ca\/fr\/\",\"logo\":{\"@type\":\"ImageObject\",\"inLanguage\":\"fr-FR\",\"@id\":\"https:\/\/atlanticbooks.ca\/fr\/#\/schema\/logo\/image\/\",\"url\":\"https:\/\/atlanticbooks.ca\/wp-content\/uploads\/2020\/10\/atlantic-books-logo.png\",\"contentUrl\":\"https:\/\/atlanticbooks.ca\/wp-content\/uploads\/2020\/10\/atlantic-books-logo.png\",\"width\":566,\"height\":111,\"caption\":\"Atlantic Books\"},\"image\":{\"@id\":\"https:\/\/atlanticbooks.ca\/fr\/#\/schema\/logo\/image\/\"}}]}<\/script>\n<!-- \/ Yoast SEO plugin. -->","yoast_head_json":{"title":"Simon et el catapulte la p\u00e9rilleux aventure au parc - Atlantic Books","robots":{"index":"index","follow":"follow","max-snippet":"max-snippet:-1","max-image-preview":"max-image-preview:large","max-video-preview":"max-video-preview:-1"},"canonical":"https:\/\/atlanticbooks.ca\/fr\/books\/simon-et-el-catapulte-la-perilleux-aventure-au-parc","og_locale":"fr_FR","og_type":"article","og_title":"Simon et el catapulte la p\u00e9rilleux aventure au parc - Atlantic Books","og_description":"Simon et son audacieux compagnon, El Catapulte, sont pr'ts pour une avant-midi d'aventure extraplan\u00e9taire au parc. Ils ont pour mission de faire le tour de la galaxie en explorant tous les p\u00e9rils du terrain de jeux. La d\u00e9couverte d'un monde lointain est une t\u201ache dangereuse- particuli\u00e8rement quand El Catapulte est de la partie! Heureusement, Simon est toujours l\u00e0 pour veiller \u00e0 sa s\u00e9curit\u00e9. Mais quand Simon et El Catapulte se retrouvent dans une situation si d\u00e9sesp\u00e9r\u00e9e que m'me Simon ne peut les sauver, qui sera assez brave pour venir \u00e0 leur secours?","og_url":"https:\/\/atlanticbooks.ca\/fr\/books\/simon-et-el-catapulte-la-perilleux-aventure-au-parc","og_site_name":"Atlantic Books","article_modified_time":"2023-08-10T13:06:12+00:00","og_image":[{"width":1024,"height":1024,"url":"https:\/\/atlanticbooks.mystagingwebsite.com\/wp-content\/uploads\/biblioshare_attachments\/9781551097213-scaled-1024x1024.png","type":"image\/png"}],"twitter_card":"summary_large_image","twitter_misc":{"Dur\u00e9e de lecture estim\u00e9e":"1 minute"},"schema":{"@context":"https:\/\/schema.org","@graph":[{"@type":"WebPage","@id":"https:\/\/atlanticbooks.ca\/fr\/books\/simon-et-el-catapulte-la-perilleux-aventure-au-parc","url":"https:\/\/atlanticbooks.ca\/fr\/books\/simon-et-el-catapulte-la-perilleux-aventure-au-parc","name":"Simon et el catapulte la p\u00e9rilleux aventure au parc - Atlantic Books","isPartOf":{"@id":"https:\/\/atlanticbooks.ca\/fr\/#website"},"primaryImageOfPage":{"@id":"https:\/\/atlanticbooks.ca\/fr\/books\/simon-et-el-catapulte-la-perilleux-aventure-au-parc#primaryimage"},"image":{"@id":"https:\/\/atlanticbooks.ca\/fr\/books\/simon-et-el-catapulte-la-perilleux-aventure-au-parc#primaryimage"},"thumbnailUrl":"https:\/\/atlanticbooks.ca\/wp-content\/uploads\/biblioshare_attachments\/9781551097213-scaled.png","datePublished":"2023-08-09T19:38:22+00:00","dateModified":"2023-08-10T13:06:12+00:00","breadcrumb":{"@id":"https:\/\/atlanticbooks.ca\/fr\/books\/simon-et-el-catapulte-la-perilleux-aventure-au-parc#breadcrumb"},"inLanguage":"fr-FR","potentialAction":[{"@type":"ReadAction","target":["https:\/\/atlanticbooks.ca\/fr\/books\/simon-et-el-catapulte-la-perilleux-aventure-au-parc"]}]},{"@type":"ImageObject","inLanguage":"fr-FR","@id":"https:\/\/atlanticbooks.ca\/fr\/books\/simon-et-el-catapulte-la-perilleux-aventure-au-parc#primaryimage","url":"https:\/\/atlanticbooks.ca\/wp-content\/uploads\/biblioshare_attachments\/9781551097213-scaled.png","contentUrl":"https:\/\/atlanticbooks.ca\/wp-content\/uploads\/biblioshare_attachments\/9781551097213-scaled.png","width":2560,"height":2560},{"@type":"BreadcrumbList","@id":"https:\/\/atlanticbooks.ca\/fr\/books\/simon-et-el-catapulte-la-perilleux-aventure-au-parc#breadcrumb","itemListElement":[{"@type":"ListItem","position":1,"name":"Domicile","item":"https:\/\/atlanticbooks.ca\/fr"},{"@type":"ListItem","position":2,"name":"Collections","item":"https:\/\/atlanticbooks.ca\/fr\/collections"},{"@type":"ListItem","position":3,"name":"Simon et el catapulte la p\u00e9rilleux aventure au parc"}]},{"@type":"WebSite","@id":"https:\/\/atlanticbooks.ca\/fr\/#website","url":"https:\/\/atlanticbooks.ca\/fr\/","name":"Atlantic Books","description":"Atlantic Books","publisher":{"@id":"https:\/\/atlanticbooks.ca\/fr\/#organization"},"potentialAction":[{"@type":"SearchAction","target":{"@type":"EntryPoint","urlTemplate":"https:\/\/atlanticbooks.ca\/fr\/?s={search_term_string}"},"query-input":{"@type":"PropertyValueSpecification","valueRequired":true,"valueName":"search_term_string"}}],"inLanguage":"fr-FR"},{"@type":"Organization","@id":"https:\/\/atlanticbooks.ca\/fr\/#organization","name":"Atlantic Books","url":"https:\/\/atlanticbooks.ca\/fr\/","logo":{"@type":"ImageObject","inLanguage":"fr-FR","@id":"https:\/\/atlanticbooks.ca\/fr\/#\/schema\/logo\/image\/","url":"https:\/\/atlanticbooks.ca\/wp-content\/uploads\/2020\/10\/atlantic-books-logo.png","contentUrl":"https:\/\/atlanticbooks.ca\/wp-content\/uploads\/2020\/10\/atlantic-books-logo.png","width":566,"height":111,"caption":"Atlantic Books"},"image":{"@id":"https:\/\/atlanticbooks.ca\/fr\/#\/schema\/logo\/image\/"}}]}},"_links":{"self":[{"href":"https:\/\/atlanticbooks.ca\/fr\/wp-json\/wp\/v2\/product\/81431","targetHints":{"allow":["GET"]}}],"collection":[{"href":"https:\/\/atlanticbooks.ca\/fr\/wp-json\/wp\/v2\/product"}],"about":[{"href":"https:\/\/atlanticbooks.ca\/fr\/wp-json\/wp\/v2\/types\/product"}],"wp:featuredmedia":[{"embeddable":true,"href":"https:\/\/atlanticbooks.ca\/fr\/wp-json\/wp\/v2\/media\/81522"}],"wp:attachment":[{"href":"https:\/\/atlanticbooks.ca\/fr\/wp-json\/wp\/v2\/media?parent=81431"}],"wp:term":[{"taxonomy":"product_brand","embeddable":true,"href":"https:\/\/atlanticbooks.ca\/fr\/wp-json\/wp\/v2\/product_brand?post=81431"},{"taxonomy":"product_cat","embeddable":true,"href":"https:\/\/atlanticbooks.ca\/fr\/wp-json\/wp\/v2\/product_cat?post=81431"},{"taxonomy":"product_tag","embeddable":true,"href":"https:\/\/atlanticbooks.ca\/fr\/wp-json\/wp\/v2\/product_tag?post=81431"}],"curies":[{"name":"wp","href":"https:\/\/api.w.org\/{rel}","templated":true}]}}