{"id":66845,"date":"2020-09-28T22:30:32","date_gmt":"2020-09-28T22:30:32","guid":{"rendered":"https:\/\/atlanticbooks.ca\/books\/ah-pour-atlantique\/"},"modified":"2023-01-04T19:00:49","modified_gmt":"2023-01-04T19:00:49","slug":"ah-pour-atlantique","status":"publish","type":"product","link":"https:\/\/atlanticbooks.ca\/fr\/livres\/ah-pour-atlantique","title":{"rendered":"Ah! pour Atlantique"},"content":{"rendered":"<p>English description follows.<\/p>\n<p>D\u2019Atlantique \u00e0 Z\u00e9phyr, en passant par Neptune et Oursins, un ab\u00e9c\u00e9daire po\u00e9tique (et aquatique !) \u00e0 faire r\u00eaver\u2026<\/p>\n<p>C\u2019est bien connu, les oc\u00e9ans rec\u00e8lent des tr\u00e9sors et des dangers obscurs\u2026 Sylvain Rivi\u00e8re nous en fait d\u00e9couvrir vingt-six! Entre la menace actuelle du crabe vert et les diff\u00e9rents aspects des m\u00e9tiers de la mer, entre les mythes d\u2019Ulysse ou de Neptune et les excursions en kayak ou sur un yacht\u2026 Ah! pour Atlantique d\u00e9ploie ses voiles : les vers de Rivi\u00e8re r\u00e9sonnent comme une corne de brume, et s\u2019illustrent gr\u00e2ce au talent de R\u00e9jean Roy. Ces mots maritimes forment la porte d\u2019entr\u00e9e privil\u00e9gi\u00e9e de l\u2019Am\u00e9rique fran\u00e7aise : des paysages majestueux, sources de r\u00eaves, d\u2019aventures et de richesses, qui s\u2019amarrent depuis longtemps \u00e0 notre vocabulaire!<\/p>\n<p>Everyone knows that the oceans are full of treasures and hidden dangers&#8211;with Sylvain Rivi\u00e8re we discover twenty-six of them. With the sail set to cruising, &lt;i&gt;Ah! pour Atlantique&lt;\/i&gt; explores the myths of Ulysses and Neptune, kayak and yacht voyages, the threat presently posed by green crabs and multiple other aspects of the marine trades. All sails set, Rivi\u00e8re&rsquo;s verses resonate like a foghorn, illustrated by the talented R\u00e9jean Roy. These marine terms offer a special passage into francophone America&#8211;its dreamscapes and majestic views, a wellspring of treasures and adventures firmly anchored in our Maritime vocabulary.<\/p>\n","protected":false},"excerpt":{"rendered":"<p>Everyone knows that the oceans are full of treasures and hidden dangers&#8211;with Sylvain Rivi\u00e8re we discover twenty-six of them. With the sail set to cruising, &lt;i&gt;Ah! pour Atlantique&lt;\/i&gt; explores the myths of Ulysses and Neptune, kayak and yacht voyages, the threat presently posed by green crabs and multiple other aspects of the marine trades. All sails set, Rivi\u00e8re&rsquo;s verses resonate like a foghorn, illustrated by the talented R\u00e9jean Roy. These marine terms offer a special passage into francophone America&#8211;its dreamscapes and majestic views, a wellspring of treasures and adventures firmly anchored in our Maritime vocabulary.<\/p>\n","protected":false},"featured_media":67321,"template":"","meta":{"_genesis_hide_title":false,"_genesis_hide_breadcrumbs":false,"_genesis_hide_singular_image":false,"_genesis_hide_footer_widgets":false,"_genesis_custom_body_class":"","_genesis_custom_post_class":"","_genesis_layout":""},"product_brand":[],"product_cat":[14829,14830,12776,14827,14828],"product_tag":[],"class_list":{"0":"post-66845","1":"product","2":"type-product","3":"status-publish","4":"has-post-thumbnail","5":"product_language-fre","6":"product_subjects-juvenile-nonfiction-fr","7":"product_subjects-concepts-fr","8":"product_subjects-alphabet-fr","9":"product_reading_range-8-fr","10":"product_reading_range-9-fr","11":"product_reading_range-10-fr","12":"product_reading_range-11-fr","13":"product_reading_range-12-fr","14":"product_interest_range-8-fr","15":"product_interest_range-9-fr","16":"product_interest_range-10-fr","17":"product_interest_range-11-fr","18":"product_interest_range-12-fr","19":"product_grade_range-fourth-grade-fr","20":"product_grade_range-fifth-grade-fr","21":"product_grade_range-sixth-grade-fr","22":"product_grade_range-seventh-grade-fr","23":"product_grade_range-eighth-grade-fr","24":"product_curriculumsubject-francais-programmes-detudes-fr","25":"product_curriculumsubject-immersion-2-fr","26":"product_curriculumsubject-francais-arts-langagiers-im-fr","27":"product_curriculumsubject-francais-arts-langagiers-fr","28":"product_reading_type-abecedaire","29":"product_edi_languages-francais-fr","30":"product_nssbb-immersion-curriculum-subjects-fr","31":"product_nssbb_approved-nssbb-approved","32":"biblio_share_tag-juvenile-nonfiction-concepts-alphabet-fr","33":"product_cat-newfoundland-libraries-fr","34":"product_cat-top-picks-from-reading-time-fr","35":"product_cat-abc-fr-2","36":"product_cat-time-to-lire-en-francais-fr","37":"product_cat-lis-en-francais-fr","38":"product_shipping_class-abc-test-fr","39":"entry","41":"first","42":"instock","43":"purchasable","44":"product-type-simple"},"yoast_head":"<!-- This site is optimized with the Yoast SEO plugin v24.0 - https:\/\/yoast.com\/wordpress\/plugins\/seo\/ -->\n<title>Ah! pour Atlantique - Atlantic Books<\/title>\n<meta name=\"robots\" content=\"index, follow, max-snippet:-1, max-image-preview:large, max-video-preview:-1\" \/>\n<link rel=\"canonical\" href=\"https:\/\/atlanticbooks.ca\/fr\/livres\/ah-pour-atlantique\" \/>\n<meta property=\"og:locale\" content=\"fr_FR\" \/>\n<meta property=\"og:type\" content=\"article\" \/>\n<meta property=\"og:title\" content=\"Ah! pour Atlantique - Atlantic Books\" \/>\n<meta property=\"og:description\" content=\"Everyone knows that the oceans are full of treasures and hidden dangers--with Sylvain Rivi\u00e8re we discover twenty-six of them. With the sail set to cruising, &lt;i&gt;Ah! pour Atlantique&lt;\/i&gt; explores the myths of Ulysses and Neptune, kayak and yacht voyages, the threat presently posed by green crabs and multiple other aspects of the marine trades. All sails set, Rivi\u00e8re&#039;s verses resonate like a foghorn, illustrated by the talented R\u00e9jean Roy. These marine terms offer a special passage into francophone America--its dreamscapes and majestic views, a wellspring of treasures and adventures firmly anchored in our Maritime vocabulary.\" \/>\n<meta property=\"og:url\" content=\"https:\/\/atlanticbooks.ca\/fr\/livres\/ah-pour-atlantique\" \/>\n<meta property=\"og:site_name\" content=\"Atlantic Books\" \/>\n<meta property=\"article:modified_time\" content=\"2023-01-04T19:00:49+00:00\" \/>\n<meta property=\"og:image\" content=\"https:\/\/atlanticbooks.mystagingwebsite.com\/wp-content\/uploads\/biblioshare_attachments\/9782897500252.png\" \/>\n\t<meta property=\"og:image:width\" content=\"1807\" \/>\n\t<meta property=\"og:image:height\" content=\"1900\" \/>\n\t<meta property=\"og:image:type\" content=\"image\/png\" \/>\n<meta name=\"twitter:card\" content=\"summary_large_image\" \/>\n<meta name=\"twitter:label1\" content=\"Dur\u00e9e de lecture estim\u00e9e\" \/>\n\t<meta name=\"twitter:data1\" content=\"1 minute\" \/>\n<script type=\"application\/ld+json\" class=\"yoast-schema-graph\">{\"@context\":\"https:\/\/schema.org\",\"@graph\":[{\"@type\":\"WebPage\",\"@id\":\"https:\/\/atlanticbooks.ca\/fr\/livres\/ah-pour-atlantique\",\"url\":\"https:\/\/atlanticbooks.ca\/fr\/livres\/ah-pour-atlantique\",\"name\":\"Ah! pour Atlantique - Atlantic Books\",\"isPartOf\":{\"@id\":\"https:\/\/atlanticbooks.ca\/fr\/#website\"},\"primaryImageOfPage\":{\"@id\":\"https:\/\/atlanticbooks.ca\/fr\/livres\/ah-pour-atlantique#primaryimage\"},\"image\":{\"@id\":\"https:\/\/atlanticbooks.ca\/fr\/livres\/ah-pour-atlantique#primaryimage\"},\"thumbnailUrl\":\"https:\/\/atlanticbooks.ca\/wp-content\/uploads\/biblioshare_attachments\/9782897500252.png\",\"datePublished\":\"2020-09-28T22:30:32+00:00\",\"dateModified\":\"2023-01-04T19:00:49+00:00\",\"breadcrumb\":{\"@id\":\"https:\/\/atlanticbooks.ca\/fr\/livres\/ah-pour-atlantique#breadcrumb\"},\"inLanguage\":\"fr-FR\",\"potentialAction\":[{\"@type\":\"ReadAction\",\"target\":[\"https:\/\/atlanticbooks.ca\/fr\/livres\/ah-pour-atlantique\"]}]},{\"@type\":\"ImageObject\",\"inLanguage\":\"fr-FR\",\"@id\":\"https:\/\/atlanticbooks.ca\/fr\/livres\/ah-pour-atlantique#primaryimage\",\"url\":\"https:\/\/atlanticbooks.ca\/wp-content\/uploads\/biblioshare_attachments\/9782897500252.png\",\"contentUrl\":\"https:\/\/atlanticbooks.ca\/wp-content\/uploads\/biblioshare_attachments\/9782897500252.png\",\"width\":1807,\"height\":1900},{\"@type\":\"BreadcrumbList\",\"@id\":\"https:\/\/atlanticbooks.ca\/fr\/livres\/ah-pour-atlantique#breadcrumb\",\"itemListElement\":[{\"@type\":\"ListItem\",\"position\":1,\"name\":\"Domicile\",\"item\":\"https:\/\/atlanticbooks.ca\/fr\"},{\"@type\":\"ListItem\",\"position\":2,\"name\":\"Collections\",\"item\":\"https:\/\/atlanticbooks.ca\/fr\/collections\"},{\"@type\":\"ListItem\",\"position\":3,\"name\":\"Ah! pour Atlantique\"}]},{\"@type\":\"WebSite\",\"@id\":\"https:\/\/atlanticbooks.ca\/fr\/#website\",\"url\":\"https:\/\/atlanticbooks.ca\/fr\/\",\"name\":\"Atlantic Books\",\"description\":\"Atlantic Books\",\"publisher\":{\"@id\":\"https:\/\/atlanticbooks.ca\/fr\/#organization\"},\"potentialAction\":[{\"@type\":\"SearchAction\",\"target\":{\"@type\":\"EntryPoint\",\"urlTemplate\":\"https:\/\/atlanticbooks.ca\/fr\/?s={search_term_string}\"},\"query-input\":{\"@type\":\"PropertyValueSpecification\",\"valueRequired\":true,\"valueName\":\"search_term_string\"}}],\"inLanguage\":\"fr-FR\"},{\"@type\":\"Organization\",\"@id\":\"https:\/\/atlanticbooks.ca\/fr\/#organization\",\"name\":\"Atlantic Books\",\"url\":\"https:\/\/atlanticbooks.ca\/fr\/\",\"logo\":{\"@type\":\"ImageObject\",\"inLanguage\":\"fr-FR\",\"@id\":\"https:\/\/atlanticbooks.ca\/fr\/#\/schema\/logo\/image\/\",\"url\":\"https:\/\/atlanticbooks.ca\/wp-content\/uploads\/2020\/10\/atlantic-books-logo.png\",\"contentUrl\":\"https:\/\/atlanticbooks.ca\/wp-content\/uploads\/2020\/10\/atlantic-books-logo.png\",\"width\":566,\"height\":111,\"caption\":\"Atlantic Books\"},\"image\":{\"@id\":\"https:\/\/atlanticbooks.ca\/fr\/#\/schema\/logo\/image\/\"}}]}<\/script>\n<!-- \/ Yoast SEO plugin. -->","yoast_head_json":{"title":"Ah! pour Atlantique - Atlantic Books","robots":{"index":"index","follow":"follow","max-snippet":"max-snippet:-1","max-image-preview":"max-image-preview:large","max-video-preview":"max-video-preview:-1"},"canonical":"https:\/\/atlanticbooks.ca\/fr\/livres\/ah-pour-atlantique","og_locale":"fr_FR","og_type":"article","og_title":"Ah! pour Atlantique - Atlantic Books","og_description":"Everyone knows that the oceans are full of treasures and hidden dangers--with Sylvain Rivi\u00e8re we discover twenty-six of them. With the sail set to cruising, &lt;i&gt;Ah! pour Atlantique&lt;\/i&gt; explores the myths of Ulysses and Neptune, kayak and yacht voyages, the threat presently posed by green crabs and multiple other aspects of the marine trades. All sails set, Rivi\u00e8re's verses resonate like a foghorn, illustrated by the talented R\u00e9jean Roy. These marine terms offer a special passage into francophone America--its dreamscapes and majestic views, a wellspring of treasures and adventures firmly anchored in our Maritime vocabulary.","og_url":"https:\/\/atlanticbooks.ca\/fr\/livres\/ah-pour-atlantique","og_site_name":"Atlantic Books","article_modified_time":"2023-01-04T19:00:49+00:00","og_image":[{"width":1807,"height":1900,"url":"https:\/\/atlanticbooks.mystagingwebsite.com\/wp-content\/uploads\/biblioshare_attachments\/9782897500252.png","type":"image\/png"}],"twitter_card":"summary_large_image","twitter_misc":{"Dur\u00e9e de lecture estim\u00e9e":"1 minute"},"schema":{"@context":"https:\/\/schema.org","@graph":[{"@type":"WebPage","@id":"https:\/\/atlanticbooks.ca\/fr\/livres\/ah-pour-atlantique","url":"https:\/\/atlanticbooks.ca\/fr\/livres\/ah-pour-atlantique","name":"Ah! pour Atlantique - Atlantic Books","isPartOf":{"@id":"https:\/\/atlanticbooks.ca\/fr\/#website"},"primaryImageOfPage":{"@id":"https:\/\/atlanticbooks.ca\/fr\/livres\/ah-pour-atlantique#primaryimage"},"image":{"@id":"https:\/\/atlanticbooks.ca\/fr\/livres\/ah-pour-atlantique#primaryimage"},"thumbnailUrl":"https:\/\/atlanticbooks.ca\/wp-content\/uploads\/biblioshare_attachments\/9782897500252.png","datePublished":"2020-09-28T22:30:32+00:00","dateModified":"2023-01-04T19:00:49+00:00","breadcrumb":{"@id":"https:\/\/atlanticbooks.ca\/fr\/livres\/ah-pour-atlantique#breadcrumb"},"inLanguage":"fr-FR","potentialAction":[{"@type":"ReadAction","target":["https:\/\/atlanticbooks.ca\/fr\/livres\/ah-pour-atlantique"]}]},{"@type":"ImageObject","inLanguage":"fr-FR","@id":"https:\/\/atlanticbooks.ca\/fr\/livres\/ah-pour-atlantique#primaryimage","url":"https:\/\/atlanticbooks.ca\/wp-content\/uploads\/biblioshare_attachments\/9782897500252.png","contentUrl":"https:\/\/atlanticbooks.ca\/wp-content\/uploads\/biblioshare_attachments\/9782897500252.png","width":1807,"height":1900},{"@type":"BreadcrumbList","@id":"https:\/\/atlanticbooks.ca\/fr\/livres\/ah-pour-atlantique#breadcrumb","itemListElement":[{"@type":"ListItem","position":1,"name":"Domicile","item":"https:\/\/atlanticbooks.ca\/fr"},{"@type":"ListItem","position":2,"name":"Collections","item":"https:\/\/atlanticbooks.ca\/fr\/collections"},{"@type":"ListItem","position":3,"name":"Ah! pour Atlantique"}]},{"@type":"WebSite","@id":"https:\/\/atlanticbooks.ca\/fr\/#website","url":"https:\/\/atlanticbooks.ca\/fr\/","name":"Atlantic Books","description":"Atlantic Books","publisher":{"@id":"https:\/\/atlanticbooks.ca\/fr\/#organization"},"potentialAction":[{"@type":"SearchAction","target":{"@type":"EntryPoint","urlTemplate":"https:\/\/atlanticbooks.ca\/fr\/?s={search_term_string}"},"query-input":{"@type":"PropertyValueSpecification","valueRequired":true,"valueName":"search_term_string"}}],"inLanguage":"fr-FR"},{"@type":"Organization","@id":"https:\/\/atlanticbooks.ca\/fr\/#organization","name":"Atlantic Books","url":"https:\/\/atlanticbooks.ca\/fr\/","logo":{"@type":"ImageObject","inLanguage":"fr-FR","@id":"https:\/\/atlanticbooks.ca\/fr\/#\/schema\/logo\/image\/","url":"https:\/\/atlanticbooks.ca\/wp-content\/uploads\/2020\/10\/atlantic-books-logo.png","contentUrl":"https:\/\/atlanticbooks.ca\/wp-content\/uploads\/2020\/10\/atlantic-books-logo.png","width":566,"height":111,"caption":"Atlantic Books"},"image":{"@id":"https:\/\/atlanticbooks.ca\/fr\/#\/schema\/logo\/image\/"}}]}},"_links":{"self":[{"href":"https:\/\/atlanticbooks.ca\/fr\/wp-json\/wp\/v2\/product\/66845","targetHints":{"allow":["GET"]}}],"collection":[{"href":"https:\/\/atlanticbooks.ca\/fr\/wp-json\/wp\/v2\/product"}],"about":[{"href":"https:\/\/atlanticbooks.ca\/fr\/wp-json\/wp\/v2\/types\/product"}],"wp:featuredmedia":[{"embeddable":true,"href":"https:\/\/atlanticbooks.ca\/fr\/wp-json\/wp\/v2\/media\/67321"}],"wp:attachment":[{"href":"https:\/\/atlanticbooks.ca\/fr\/wp-json\/wp\/v2\/media?parent=66845"}],"wp:term":[{"taxonomy":"product_brand","embeddable":true,"href":"https:\/\/atlanticbooks.ca\/fr\/wp-json\/wp\/v2\/product_brand?post=66845"},{"taxonomy":"product_cat","embeddable":true,"href":"https:\/\/atlanticbooks.ca\/fr\/wp-json\/wp\/v2\/product_cat?post=66845"},{"taxonomy":"product_tag","embeddable":true,"href":"https:\/\/atlanticbooks.ca\/fr\/wp-json\/wp\/v2\/product_tag?post=66845"}],"curies":[{"name":"wp","href":"https:\/\/api.w.org\/{rel}","templated":true}]}}