{"id":66813,"date":"2020-09-28T22:30:41","date_gmt":"2020-09-28T22:30:41","guid":{"rendered":"https:\/\/atlanticbooks.ca\/books\/cours-ben-cours\/"},"modified":"2022-11-09T22:56:14","modified_gmt":"2022-11-09T22:56:14","slug":"cours-ben-cours","status":"publish","type":"product","link":"https:\/\/atlanticbooks.ca\/fr\/livres\/cours-ben-cours","title":{"rendered":"Cours, Ben, cours!"},"content":{"rendered":"<p>English description follows.<\/p>\n<p>Participez \u00e0 l\u2019aventure de B\u00e9n\u00e9dict, de l\u2019homme-tronc et de la corneille albinos. Attention \u00e0 vos choix, la survie des personnages en d\u00e9pend !<\/p>\n<p>Ben se r\u00e9veille en sursaut. Dans sa ville, la plus laide, la plus noire, la plus sale des villes, un train a d\u00e9raill\u00e9. Tout brule!<\/p>\n<p>Vite, Ben installe son p\u00e8re dans sa poussette et tente de sortir du brasier. Dans sa fuite, il rep\u00e8re un oiseau blanc qui semble lui faire signe\u2026 D\u00e9cid\u00e9 \u00e0 tenter le tout pour le tout, Ben choisit de faire confiance \u00e0 la corneille, et lui embo\u00eete le pas.<\/p>\n<p>What do an albino crow, a father without legs, and a twelve year-old-boy named Ben have in common? Their story starts when Ben and his father wake up with a jolt. In their city \u2013 the ugliest, darkest, dirtiest city you can imagine \u2013 a train has derailed. Everything?s on fire! Quickly, Ben gets his father into his wagon and tries to get him out of harm?s way. As he flees, he spots a white bird who seems to be sending him signals. Determined to do everything he can to survive, Ben chooses to trust the crow and follows him.<\/p>\n","protected":false},"excerpt":{"rendered":"<p>Take part in the adventure of Ben, a father without legs and an albino crow&#8230; Careful what choices you make, the characters? survival depend on them!<\/p>\n","protected":false},"featured_media":58916,"template":"","meta":{"_genesis_hide_title":false,"_genesis_hide_breadcrumbs":false,"_genesis_hide_singular_image":false,"_genesis_hide_footer_widgets":false,"_genesis_custom_body_class":"","_genesis_custom_post_class":"","_genesis_layout":""},"product_brand":[],"product_cat":[12776,14827,14828,14829,14830],"product_tag":[],"class_list":{"0":"post-66813","1":"product","2":"type-product","3":"status-publish","4":"has-post-thumbnail","5":"product_language-fre","6":"product_subjects-juvenile-fiction-fr","7":"product_subjects-interactive-adventures-fr","8":"product_reading_range-14-fr","9":"product_interest_range-14-fr","10":"product_grade_range-seventh-grade-fr","11":"product_grade_range-eighth-grade-fr","12":"product_curriculumsubject-francais-programmes-detudes-fr","13":"product_curriculumsubject-immersion-2-fr","14":"product_curriculumsubject-francais-arts-langagiers-fr","15":"product_curriculumsubject-francais-arts-langagiers-im-fr","16":"product_edi_languages-francais-fr","17":"biblio_share_tag-juvenile-fiction-interactive-adventures-fr","18":"product_cat-abc-fr-2","19":"product_cat-time-to-lire-en-francais-fr","20":"product_cat-lis-en-francais-fr","21":"product_cat-newfoundland-libraries-fr","22":"product_cat-top-picks-from-reading-time-fr","23":"product_shipping_class-abc-test-fr","24":"entry","26":"first","27":"instock","28":"purchasable","29":"product-type-simple"},"yoast_head":"<!-- This site is optimized with the Yoast SEO plugin v24.0 - https:\/\/yoast.com\/wordpress\/plugins\/seo\/ -->\n<title>Cours, Ben, cours! - Atlantic Books<\/title>\n<meta name=\"robots\" content=\"index, follow, max-snippet:-1, max-image-preview:large, max-video-preview:-1\" \/>\n<link rel=\"canonical\" href=\"https:\/\/atlanticbooks.ca\/fr\/livres\/cours-ben-cours\" \/>\n<meta property=\"og:locale\" content=\"fr_FR\" \/>\n<meta property=\"og:type\" content=\"article\" \/>\n<meta property=\"og:title\" content=\"Cours, Ben, cours! - Atlantic Books\" \/>\n<meta property=\"og:description\" content=\"Take part in the adventure of Ben, a father without legs and an albino crow... Careful what choices you make, the characters? survival depend on them!\" \/>\n<meta property=\"og:url\" content=\"https:\/\/atlanticbooks.ca\/fr\/livres\/cours-ben-cours\" \/>\n<meta property=\"og:site_name\" content=\"Atlantic Books\" \/>\n<meta property=\"article:modified_time\" content=\"2022-11-09T22:56:14+00:00\" \/>\n<meta property=\"og:image\" content=\"https:\/\/atlanticbooks.mystagingwebsite.com\/wp-content\/uploads\/2020\/09\/VC-11_CoursBenCours_couverture_Hres-scaled.jpg\" \/>\n\t<meta property=\"og:image:width\" content=\"1755\" \/>\n\t<meta property=\"og:image:height\" content=\"2560\" \/>\n\t<meta property=\"og:image:type\" content=\"image\/jpeg\" \/>\n<meta name=\"twitter:card\" content=\"summary_large_image\" \/>\n<meta name=\"twitter:label1\" content=\"Dur\u00e9e de lecture estim\u00e9e\" \/>\n\t<meta name=\"twitter:data1\" content=\"1 minute\" \/>\n<script type=\"application\/ld+json\" class=\"yoast-schema-graph\">{\"@context\":\"https:\/\/schema.org\",\"@graph\":[{\"@type\":\"WebPage\",\"@id\":\"https:\/\/atlanticbooks.ca\/fr\/livres\/cours-ben-cours\",\"url\":\"https:\/\/atlanticbooks.ca\/fr\/livres\/cours-ben-cours\",\"name\":\"Cours, Ben, cours! - Atlantic Books\",\"isPartOf\":{\"@id\":\"https:\/\/atlanticbooks.ca\/fr\/#website\"},\"primaryImageOfPage\":{\"@id\":\"https:\/\/atlanticbooks.ca\/fr\/livres\/cours-ben-cours#primaryimage\"},\"image\":{\"@id\":\"https:\/\/atlanticbooks.ca\/fr\/livres\/cours-ben-cours#primaryimage\"},\"thumbnailUrl\":\"https:\/\/atlanticbooks.ca\/wp-content\/uploads\/2020\/09\/VC-11_CoursBenCours_couverture_Hres-scaled.jpg\",\"datePublished\":\"2020-09-28T22:30:41+00:00\",\"dateModified\":\"2022-11-09T22:56:14+00:00\",\"breadcrumb\":{\"@id\":\"https:\/\/atlanticbooks.ca\/fr\/livres\/cours-ben-cours#breadcrumb\"},\"inLanguage\":\"fr-FR\",\"potentialAction\":[{\"@type\":\"ReadAction\",\"target\":[\"https:\/\/atlanticbooks.ca\/fr\/livres\/cours-ben-cours\"]}]},{\"@type\":\"ImageObject\",\"inLanguage\":\"fr-FR\",\"@id\":\"https:\/\/atlanticbooks.ca\/fr\/livres\/cours-ben-cours#primaryimage\",\"url\":\"https:\/\/atlanticbooks.ca\/wp-content\/uploads\/2020\/09\/VC-11_CoursBenCours_couverture_Hres-scaled.jpg\",\"contentUrl\":\"https:\/\/atlanticbooks.ca\/wp-content\/uploads\/2020\/09\/VC-11_CoursBenCours_couverture_Hres-scaled.jpg\",\"width\":1755,\"height\":2560},{\"@type\":\"BreadcrumbList\",\"@id\":\"https:\/\/atlanticbooks.ca\/fr\/livres\/cours-ben-cours#breadcrumb\",\"itemListElement\":[{\"@type\":\"ListItem\",\"position\":1,\"name\":\"Domicile\",\"item\":\"https:\/\/atlanticbooks.ca\/fr\"},{\"@type\":\"ListItem\",\"position\":2,\"name\":\"Collections\",\"item\":\"https:\/\/atlanticbooks.ca\/fr\/collections\"},{\"@type\":\"ListItem\",\"position\":3,\"name\":\"Cours, Ben, cours!\"}]},{\"@type\":\"WebSite\",\"@id\":\"https:\/\/atlanticbooks.ca\/fr\/#website\",\"url\":\"https:\/\/atlanticbooks.ca\/fr\/\",\"name\":\"Atlantic Books\",\"description\":\"Atlantic Books\",\"publisher\":{\"@id\":\"https:\/\/atlanticbooks.ca\/fr\/#organization\"},\"potentialAction\":[{\"@type\":\"SearchAction\",\"target\":{\"@type\":\"EntryPoint\",\"urlTemplate\":\"https:\/\/atlanticbooks.ca\/fr\/?s={search_term_string}\"},\"query-input\":{\"@type\":\"PropertyValueSpecification\",\"valueRequired\":true,\"valueName\":\"search_term_string\"}}],\"inLanguage\":\"fr-FR\"},{\"@type\":\"Organization\",\"@id\":\"https:\/\/atlanticbooks.ca\/fr\/#organization\",\"name\":\"Atlantic Books\",\"url\":\"https:\/\/atlanticbooks.ca\/fr\/\",\"logo\":{\"@type\":\"ImageObject\",\"inLanguage\":\"fr-FR\",\"@id\":\"https:\/\/atlanticbooks.ca\/fr\/#\/schema\/logo\/image\/\",\"url\":\"https:\/\/atlanticbooks.ca\/wp-content\/uploads\/2020\/10\/atlantic-books-logo.png\",\"contentUrl\":\"https:\/\/atlanticbooks.ca\/wp-content\/uploads\/2020\/10\/atlantic-books-logo.png\",\"width\":566,\"height\":111,\"caption\":\"Atlantic Books\"},\"image\":{\"@id\":\"https:\/\/atlanticbooks.ca\/fr\/#\/schema\/logo\/image\/\"}}]}<\/script>\n<!-- \/ Yoast SEO plugin. -->","yoast_head_json":{"title":"Cours, Ben, cours! - Atlantic Books","robots":{"index":"index","follow":"follow","max-snippet":"max-snippet:-1","max-image-preview":"max-image-preview:large","max-video-preview":"max-video-preview:-1"},"canonical":"https:\/\/atlanticbooks.ca\/fr\/livres\/cours-ben-cours","og_locale":"fr_FR","og_type":"article","og_title":"Cours, Ben, cours! - Atlantic Books","og_description":"Take part in the adventure of Ben, a father without legs and an albino crow... Careful what choices you make, the characters? survival depend on them!","og_url":"https:\/\/atlanticbooks.ca\/fr\/livres\/cours-ben-cours","og_site_name":"Atlantic Books","article_modified_time":"2022-11-09T22:56:14+00:00","og_image":[{"width":1755,"height":2560,"url":"https:\/\/atlanticbooks.mystagingwebsite.com\/wp-content\/uploads\/2020\/09\/VC-11_CoursBenCours_couverture_Hres-scaled.jpg","type":"image\/jpeg"}],"twitter_card":"summary_large_image","twitter_misc":{"Dur\u00e9e de lecture estim\u00e9e":"1 minute"},"schema":{"@context":"https:\/\/schema.org","@graph":[{"@type":"WebPage","@id":"https:\/\/atlanticbooks.ca\/fr\/livres\/cours-ben-cours","url":"https:\/\/atlanticbooks.ca\/fr\/livres\/cours-ben-cours","name":"Cours, Ben, cours! - Atlantic Books","isPartOf":{"@id":"https:\/\/atlanticbooks.ca\/fr\/#website"},"primaryImageOfPage":{"@id":"https:\/\/atlanticbooks.ca\/fr\/livres\/cours-ben-cours#primaryimage"},"image":{"@id":"https:\/\/atlanticbooks.ca\/fr\/livres\/cours-ben-cours#primaryimage"},"thumbnailUrl":"https:\/\/atlanticbooks.ca\/wp-content\/uploads\/2020\/09\/VC-11_CoursBenCours_couverture_Hres-scaled.jpg","datePublished":"2020-09-28T22:30:41+00:00","dateModified":"2022-11-09T22:56:14+00:00","breadcrumb":{"@id":"https:\/\/atlanticbooks.ca\/fr\/livres\/cours-ben-cours#breadcrumb"},"inLanguage":"fr-FR","potentialAction":[{"@type":"ReadAction","target":["https:\/\/atlanticbooks.ca\/fr\/livres\/cours-ben-cours"]}]},{"@type":"ImageObject","inLanguage":"fr-FR","@id":"https:\/\/atlanticbooks.ca\/fr\/livres\/cours-ben-cours#primaryimage","url":"https:\/\/atlanticbooks.ca\/wp-content\/uploads\/2020\/09\/VC-11_CoursBenCours_couverture_Hres-scaled.jpg","contentUrl":"https:\/\/atlanticbooks.ca\/wp-content\/uploads\/2020\/09\/VC-11_CoursBenCours_couverture_Hres-scaled.jpg","width":1755,"height":2560},{"@type":"BreadcrumbList","@id":"https:\/\/atlanticbooks.ca\/fr\/livres\/cours-ben-cours#breadcrumb","itemListElement":[{"@type":"ListItem","position":1,"name":"Domicile","item":"https:\/\/atlanticbooks.ca\/fr"},{"@type":"ListItem","position":2,"name":"Collections","item":"https:\/\/atlanticbooks.ca\/fr\/collections"},{"@type":"ListItem","position":3,"name":"Cours, Ben, cours!"}]},{"@type":"WebSite","@id":"https:\/\/atlanticbooks.ca\/fr\/#website","url":"https:\/\/atlanticbooks.ca\/fr\/","name":"Atlantic Books","description":"Atlantic Books","publisher":{"@id":"https:\/\/atlanticbooks.ca\/fr\/#organization"},"potentialAction":[{"@type":"SearchAction","target":{"@type":"EntryPoint","urlTemplate":"https:\/\/atlanticbooks.ca\/fr\/?s={search_term_string}"},"query-input":{"@type":"PropertyValueSpecification","valueRequired":true,"valueName":"search_term_string"}}],"inLanguage":"fr-FR"},{"@type":"Organization","@id":"https:\/\/atlanticbooks.ca\/fr\/#organization","name":"Atlantic Books","url":"https:\/\/atlanticbooks.ca\/fr\/","logo":{"@type":"ImageObject","inLanguage":"fr-FR","@id":"https:\/\/atlanticbooks.ca\/fr\/#\/schema\/logo\/image\/","url":"https:\/\/atlanticbooks.ca\/wp-content\/uploads\/2020\/10\/atlantic-books-logo.png","contentUrl":"https:\/\/atlanticbooks.ca\/wp-content\/uploads\/2020\/10\/atlantic-books-logo.png","width":566,"height":111,"caption":"Atlantic Books"},"image":{"@id":"https:\/\/atlanticbooks.ca\/fr\/#\/schema\/logo\/image\/"}}]}},"_links":{"self":[{"href":"https:\/\/atlanticbooks.ca\/fr\/wp-json\/wp\/v2\/product\/66813","targetHints":{"allow":["GET"]}}],"collection":[{"href":"https:\/\/atlanticbooks.ca\/fr\/wp-json\/wp\/v2\/product"}],"about":[{"href":"https:\/\/atlanticbooks.ca\/fr\/wp-json\/wp\/v2\/types\/product"}],"wp:featuredmedia":[{"embeddable":true,"href":"https:\/\/atlanticbooks.ca\/fr\/wp-json\/wp\/v2\/media\/58916"}],"wp:attachment":[{"href":"https:\/\/atlanticbooks.ca\/fr\/wp-json\/wp\/v2\/media?parent=66813"}],"wp:term":[{"taxonomy":"product_brand","embeddable":true,"href":"https:\/\/atlanticbooks.ca\/fr\/wp-json\/wp\/v2\/product_brand?post=66813"},{"taxonomy":"product_cat","embeddable":true,"href":"https:\/\/atlanticbooks.ca\/fr\/wp-json\/wp\/v2\/product_cat?post=66813"},{"taxonomy":"product_tag","embeddable":true,"href":"https:\/\/atlanticbooks.ca\/fr\/wp-json\/wp\/v2\/product_tag?post=66813"}],"curies":[{"name":"wp","href":"https:\/\/api.w.org\/{rel}","templated":true}]}}