{"id":66763,"date":"2020-09-28T22:30:49","date_gmt":"2020-09-28T22:30:49","guid":{"rendered":"https:\/\/atlanticbooks.ca\/books\/fionn-maccool\/"},"modified":"2023-08-08T14:39:45","modified_gmt":"2023-08-08T14:39:45","slug":"fionn-maccool","status":"publish","type":"product","link":"https:\/\/atlanticbooks.ca\/fr\/livres\/fionn-maccool","title":{"rendered":"Fionn MacCool et le saumon de la sagesse"},"content":{"rendered":"<p>Il s\u2019agit de l\u2019histoire du grand h\u00e9ros ga\u00e9lique Fionn MacCool et de la raison pour laquelle il suce son pouce. Le conte pr\u00e9sente aux enfants la tradition orale ga\u00e9lique et il s\u2019agit du conte parfait pour une lecture \u00e0 haute voix dans une classe ou en groupe. Les exploits de Fionn MacCool sont populaires \u00e0 l\u2019\u00e9chelle du monde ga\u00e9lique depuis plus d\u2019un mill\u00e9naire. Les Ga\u00ebls de l\u2019\u00c9cosse ont apport\u00e9 l\u2019histoire des exploits de Fionn MacCool en Nouvelle-\u00c9cosse il y a deux si\u00e8cles, et ont transmis les contes oralement d\u2019une g\u00e9n\u00e9ration \u00e0 l\u2019autre, dans le cadre de leur culture ga\u00e9lique canadienne.<br \/>\nThis is the tale of the great Gaelic hero Fionn MacCool and why he sucks his thumb. It is also the story of the Salmon of Knowledge on the Nova Scotia Gaelic flag. Tales of Fionn MacCool were popular across the Gaelic world, from Ireland to the Isle of Man and the Highlands of Scotland. Scottish Gaels brought tales of Fionn MacCool to Nova Scotia beginning in the 18th century and transmitted them orally from one generation to the next as part of their Gaelic culture.<br \/>\nThe tale is retold as a participation story, with gestures corresponding to nine \u201caction words\u201d in the story. As the story is read aloud, audience members can perform the matching gesture whenever they hear an action word. The book contains two versions of the action story: the first is in English, and the second is in English but with the action words in Scottish Gaelic. After the audience becomes familiar with the all-English version, the second version with Gaelic action words can be introduced. The actions are the same in both versions, acting as a bridge to introduce Gaelic words and increase awareness of the language.<\/p>\n","protected":false},"excerpt":{"rendered":"<p>Il s\u2019agit de l\u2019histoire du grand h\u00e9ros ga\u00e9lique Fionn MacCool et de la raison pour laquelle il suce son pouce. Le conte pr\u00e9sente aux enfants la tradition orale ga\u00e9lique et [&hellip;]<\/p>\n","protected":false},"featured_media":81329,"template":"","meta":{"_genesis_hide_title":false,"_genesis_hide_breadcrumbs":false,"_genesis_hide_singular_image":false,"_genesis_hide_footer_widgets":false,"_genesis_custom_body_class":"","_genesis_custom_post_class":"","_genesis_layout":""},"product_brand":[],"product_cat":[12776],"product_tag":[],"class_list":{"0":"post-66763","1":"product","2":"type-product","3":"status-publish","4":"has-post-thumbnail","5":"product_language-fre","6":"product_reading_range-12-fr","7":"product_reading_range-13-fr","8":"product_interest_range-12-fr","9":"product_interest_range-13-fr","10":"product_grade_range-sixth-grade-fr","11":"product_grade_range-seventh-grade-fr","12":"product_curriculumsubject-francais-programmes-detudes-fr","13":"product_curriculumsubject-education-artistique-fr","14":"product_curriculumsubject-immersion-2-fr","15":"product_curriculumsubject-francais-arts-langagiers-im-fr","16":"product_provincial_focus-n-e","17":"product_edi_priority_areas-identite-culturelle","18":"product_edi_priority_areas-races-et-ethnies","19":"product_edi_author-autrice","20":"product_edi_illustrator-illustratrice","21":"product_edi_publisher-gaelic-publisher-copy","22":"product_edi_history_culture-culture-et-histoire-des-gaeliques","23":"product_edi_characters-gaelic-characters-fr","24":"product_edi_languages-langue-gaelique","25":"product_nssbb-francais-programmes-detudes-fr","26":"product_nssbb-immersion-curriculum-subjects-fr","27":"product_nssbb-immersion-precoce-francais-arts-langagiers-litterature-relative-au-patrimoine-gaelique-6-im-fr","28":"product_nssbb-immersion-precoce-francais-arts-langagiers-litterature-relative-au-patrimoine-gaelique-7-im-fr","29":"product_nssbb-sciences-humaines-7-fr","30":"product_nssbb-immersion-precoce-francais-integre-arts-langagiers-7-im-fr","31":"product_nssbb_approved-nssbb-approved","32":"biblio_share_tag-juvenile-fiction-fairy-tales-folklore-country-ethnic-fr","33":"product_cat-abc-fr-2","34":"product_shipping_class-abc-test-fr","35":"entry","37":"first","38":"instock","39":"taxable","40":"shipping-taxable","41":"purchasable","42":"product-type-simple"},"yoast_head":"<!-- This site is optimized with the Yoast SEO plugin v24.0 - https:\/\/yoast.com\/wordpress\/plugins\/seo\/ -->\n<title>Fionn MacCool et le saumon de la sagesse - Atlantic Books<\/title>\n<meta name=\"robots\" content=\"index, follow, max-snippet:-1, max-image-preview:large, max-video-preview:-1\" \/>\n<link rel=\"canonical\" href=\"https:\/\/atlanticbooks.ca\/fr\/livres\/fionn-maccool\" \/>\n<meta property=\"og:locale\" content=\"fr_FR\" \/>\n<meta property=\"og:type\" content=\"article\" \/>\n<meta property=\"og:title\" content=\"Fionn MacCool et le saumon de la sagesse - Atlantic Books\" \/>\n<meta property=\"og:description\" content=\"Il s\u2019agit de l\u2019histoire du grand h\u00e9ros ga\u00e9lique Fionn MacCool et de la raison pour laquelle il suce son pouce. Le conte pr\u00e9sente aux enfants la tradition orale ga\u00e9lique et [&hellip;]\" \/>\n<meta property=\"og:url\" content=\"https:\/\/atlanticbooks.ca\/fr\/livres\/fionn-maccool\" \/>\n<meta property=\"og:site_name\" content=\"Atlantic Books\" \/>\n<meta property=\"article:modified_time\" content=\"2023-08-08T14:39:45+00:00\" \/>\n<meta property=\"og:image\" content=\"https:\/\/atlanticbooks.mystagingwebsite.com\/wp-content\/uploads\/biblioshare_attachments\/9781778610042.png\" \/>\n\t<meta property=\"og:image:width\" content=\"816\" \/>\n\t<meta property=\"og:image:height\" content=\"816\" \/>\n\t<meta property=\"og:image:type\" content=\"image\/png\" \/>\n<meta name=\"twitter:card\" content=\"summary_large_image\" \/>\n<meta name=\"twitter:label1\" content=\"Dur\u00e9e de lecture estim\u00e9e\" \/>\n\t<meta name=\"twitter:data1\" content=\"2 minutes\" \/>\n<script type=\"application\/ld+json\" class=\"yoast-schema-graph\">{\"@context\":\"https:\/\/schema.org\",\"@graph\":[{\"@type\":\"WebPage\",\"@id\":\"https:\/\/atlanticbooks.ca\/fr\/livres\/fionn-maccool\",\"url\":\"https:\/\/atlanticbooks.ca\/fr\/livres\/fionn-maccool\",\"name\":\"Fionn MacCool et le saumon de la sagesse - Atlantic Books\",\"isPartOf\":{\"@id\":\"https:\/\/atlanticbooks.ca\/fr\/#website\"},\"primaryImageOfPage\":{\"@id\":\"https:\/\/atlanticbooks.ca\/fr\/livres\/fionn-maccool#primaryimage\"},\"image\":{\"@id\":\"https:\/\/atlanticbooks.ca\/fr\/livres\/fionn-maccool#primaryimage\"},\"thumbnailUrl\":\"https:\/\/atlanticbooks.ca\/wp-content\/uploads\/biblioshare_attachments\/9781778610042.png\",\"datePublished\":\"2020-09-28T22:30:49+00:00\",\"dateModified\":\"2023-08-08T14:39:45+00:00\",\"breadcrumb\":{\"@id\":\"https:\/\/atlanticbooks.ca\/fr\/livres\/fionn-maccool#breadcrumb\"},\"inLanguage\":\"fr-FR\",\"potentialAction\":[{\"@type\":\"ReadAction\",\"target\":[\"https:\/\/atlanticbooks.ca\/fr\/livres\/fionn-maccool\"]}]},{\"@type\":\"ImageObject\",\"inLanguage\":\"fr-FR\",\"@id\":\"https:\/\/atlanticbooks.ca\/fr\/livres\/fionn-maccool#primaryimage\",\"url\":\"https:\/\/atlanticbooks.ca\/wp-content\/uploads\/biblioshare_attachments\/9781778610042.png\",\"contentUrl\":\"https:\/\/atlanticbooks.ca\/wp-content\/uploads\/biblioshare_attachments\/9781778610042.png\",\"width\":816,\"height\":816},{\"@type\":\"BreadcrumbList\",\"@id\":\"https:\/\/atlanticbooks.ca\/fr\/livres\/fionn-maccool#breadcrumb\",\"itemListElement\":[{\"@type\":\"ListItem\",\"position\":1,\"name\":\"Domicile\",\"item\":\"https:\/\/atlanticbooks.ca\/fr\"},{\"@type\":\"ListItem\",\"position\":2,\"name\":\"Collections\",\"item\":\"https:\/\/atlanticbooks.ca\/fr\/collections\"},{\"@type\":\"ListItem\",\"position\":3,\"name\":\"Fionn MacCool et le saumon de la sagesse\"}]},{\"@type\":\"WebSite\",\"@id\":\"https:\/\/atlanticbooks.ca\/fr\/#website\",\"url\":\"https:\/\/atlanticbooks.ca\/fr\/\",\"name\":\"Atlantic Books\",\"description\":\"Atlantic Books\",\"publisher\":{\"@id\":\"https:\/\/atlanticbooks.ca\/fr\/#organization\"},\"potentialAction\":[{\"@type\":\"SearchAction\",\"target\":{\"@type\":\"EntryPoint\",\"urlTemplate\":\"https:\/\/atlanticbooks.ca\/fr\/?s={search_term_string}\"},\"query-input\":{\"@type\":\"PropertyValueSpecification\",\"valueRequired\":true,\"valueName\":\"search_term_string\"}}],\"inLanguage\":\"fr-FR\"},{\"@type\":\"Organization\",\"@id\":\"https:\/\/atlanticbooks.ca\/fr\/#organization\",\"name\":\"Atlantic Books\",\"url\":\"https:\/\/atlanticbooks.ca\/fr\/\",\"logo\":{\"@type\":\"ImageObject\",\"inLanguage\":\"fr-FR\",\"@id\":\"https:\/\/atlanticbooks.ca\/fr\/#\/schema\/logo\/image\/\",\"url\":\"https:\/\/atlanticbooks.ca\/wp-content\/uploads\/2020\/10\/atlantic-books-logo.png\",\"contentUrl\":\"https:\/\/atlanticbooks.ca\/wp-content\/uploads\/2020\/10\/atlantic-books-logo.png\",\"width\":566,\"height\":111,\"caption\":\"Atlantic Books\"},\"image\":{\"@id\":\"https:\/\/atlanticbooks.ca\/fr\/#\/schema\/logo\/image\/\"}}]}<\/script>\n<!-- \/ Yoast SEO plugin. -->","yoast_head_json":{"title":"Fionn MacCool et le saumon de la sagesse - Atlantic Books","robots":{"index":"index","follow":"follow","max-snippet":"max-snippet:-1","max-image-preview":"max-image-preview:large","max-video-preview":"max-video-preview:-1"},"canonical":"https:\/\/atlanticbooks.ca\/fr\/livres\/fionn-maccool","og_locale":"fr_FR","og_type":"article","og_title":"Fionn MacCool et le saumon de la sagesse - Atlantic Books","og_description":"Il s\u2019agit de l\u2019histoire du grand h\u00e9ros ga\u00e9lique Fionn MacCool et de la raison pour laquelle il suce son pouce. Le conte pr\u00e9sente aux enfants la tradition orale ga\u00e9lique et [&hellip;]","og_url":"https:\/\/atlanticbooks.ca\/fr\/livres\/fionn-maccool","og_site_name":"Atlantic Books","article_modified_time":"2023-08-08T14:39:45+00:00","og_image":[{"width":816,"height":816,"url":"https:\/\/atlanticbooks.mystagingwebsite.com\/wp-content\/uploads\/biblioshare_attachments\/9781778610042.png","type":"image\/png"}],"twitter_card":"summary_large_image","twitter_misc":{"Dur\u00e9e de lecture estim\u00e9e":"2 minutes"},"schema":{"@context":"https:\/\/schema.org","@graph":[{"@type":"WebPage","@id":"https:\/\/atlanticbooks.ca\/fr\/livres\/fionn-maccool","url":"https:\/\/atlanticbooks.ca\/fr\/livres\/fionn-maccool","name":"Fionn MacCool et le saumon de la sagesse - Atlantic Books","isPartOf":{"@id":"https:\/\/atlanticbooks.ca\/fr\/#website"},"primaryImageOfPage":{"@id":"https:\/\/atlanticbooks.ca\/fr\/livres\/fionn-maccool#primaryimage"},"image":{"@id":"https:\/\/atlanticbooks.ca\/fr\/livres\/fionn-maccool#primaryimage"},"thumbnailUrl":"https:\/\/atlanticbooks.ca\/wp-content\/uploads\/biblioshare_attachments\/9781778610042.png","datePublished":"2020-09-28T22:30:49+00:00","dateModified":"2023-08-08T14:39:45+00:00","breadcrumb":{"@id":"https:\/\/atlanticbooks.ca\/fr\/livres\/fionn-maccool#breadcrumb"},"inLanguage":"fr-FR","potentialAction":[{"@type":"ReadAction","target":["https:\/\/atlanticbooks.ca\/fr\/livres\/fionn-maccool"]}]},{"@type":"ImageObject","inLanguage":"fr-FR","@id":"https:\/\/atlanticbooks.ca\/fr\/livres\/fionn-maccool#primaryimage","url":"https:\/\/atlanticbooks.ca\/wp-content\/uploads\/biblioshare_attachments\/9781778610042.png","contentUrl":"https:\/\/atlanticbooks.ca\/wp-content\/uploads\/biblioshare_attachments\/9781778610042.png","width":816,"height":816},{"@type":"BreadcrumbList","@id":"https:\/\/atlanticbooks.ca\/fr\/livres\/fionn-maccool#breadcrumb","itemListElement":[{"@type":"ListItem","position":1,"name":"Domicile","item":"https:\/\/atlanticbooks.ca\/fr"},{"@type":"ListItem","position":2,"name":"Collections","item":"https:\/\/atlanticbooks.ca\/fr\/collections"},{"@type":"ListItem","position":3,"name":"Fionn MacCool et le saumon de la sagesse"}]},{"@type":"WebSite","@id":"https:\/\/atlanticbooks.ca\/fr\/#website","url":"https:\/\/atlanticbooks.ca\/fr\/","name":"Atlantic Books","description":"Atlantic Books","publisher":{"@id":"https:\/\/atlanticbooks.ca\/fr\/#organization"},"potentialAction":[{"@type":"SearchAction","target":{"@type":"EntryPoint","urlTemplate":"https:\/\/atlanticbooks.ca\/fr\/?s={search_term_string}"},"query-input":{"@type":"PropertyValueSpecification","valueRequired":true,"valueName":"search_term_string"}}],"inLanguage":"fr-FR"},{"@type":"Organization","@id":"https:\/\/atlanticbooks.ca\/fr\/#organization","name":"Atlantic Books","url":"https:\/\/atlanticbooks.ca\/fr\/","logo":{"@type":"ImageObject","inLanguage":"fr-FR","@id":"https:\/\/atlanticbooks.ca\/fr\/#\/schema\/logo\/image\/","url":"https:\/\/atlanticbooks.ca\/wp-content\/uploads\/2020\/10\/atlantic-books-logo.png","contentUrl":"https:\/\/atlanticbooks.ca\/wp-content\/uploads\/2020\/10\/atlantic-books-logo.png","width":566,"height":111,"caption":"Atlantic Books"},"image":{"@id":"https:\/\/atlanticbooks.ca\/fr\/#\/schema\/logo\/image\/"}}]}},"_links":{"self":[{"href":"https:\/\/atlanticbooks.ca\/fr\/wp-json\/wp\/v2\/product\/66763","targetHints":{"allow":["GET"]}}],"collection":[{"href":"https:\/\/atlanticbooks.ca\/fr\/wp-json\/wp\/v2\/product"}],"about":[{"href":"https:\/\/atlanticbooks.ca\/fr\/wp-json\/wp\/v2\/types\/product"}],"wp:featuredmedia":[{"embeddable":true,"href":"https:\/\/atlanticbooks.ca\/fr\/wp-json\/wp\/v2\/media\/81329"}],"wp:attachment":[{"href":"https:\/\/atlanticbooks.ca\/fr\/wp-json\/wp\/v2\/media?parent=66763"}],"wp:term":[{"taxonomy":"product_brand","embeddable":true,"href":"https:\/\/atlanticbooks.ca\/fr\/wp-json\/wp\/v2\/product_brand?post=66763"},{"taxonomy":"product_cat","embeddable":true,"href":"https:\/\/atlanticbooks.ca\/fr\/wp-json\/wp\/v2\/product_cat?post=66763"},{"taxonomy":"product_tag","embeddable":true,"href":"https:\/\/atlanticbooks.ca\/fr\/wp-json\/wp\/v2\/product_tag?post=66763"}],"curies":[{"name":"wp","href":"https:\/\/api.w.org\/{rel}","templated":true}]}}