{"id":66735,"date":"2022-11-08T22:30:58","date_gmt":"2022-11-08T22:30:58","guid":{"rendered":"https:\/\/atlanticbooks.ca\/books\/le-revenant-de-la-baie-sainte-marie\/"},"modified":"2022-11-17T12:58:32","modified_gmt":"2022-11-17T12:58:32","slug":"le-revenant-de-la-baie-sainte-marie","status":"publish","type":"product","link":"https:\/\/atlanticbooks.ca\/fr\/livres\/le-revenant-de-la-baie-sainte-marie","title":{"rendered":"Le Revenant de la Baie Sainte-Marie"},"content":{"rendered":"<p>English description follows.<\/p>\n<p>En Nouvelle-\u00c9cosse, sur les rives de la Baie Sainte-Marie, le fant\u00f4me d\u2019un sorcier malfaisant revient hanter une communaut\u00e9 acadienne&#8230; qui n\u2019en est pas \u00e0 un myst\u00e8re pr\u00e8s ! Les Trois Mousquetaires, Gabriel, Ania, Mamadou, sans oublier leur fid\u00e8le chien Dali, quittent donc le Nouveau-Brunswick pour cette huiti\u00e8me aventure palpitante. Avec l\u2019aide de mamie Georgette, du professeur Jarnigoine et d\u2019un sosie un peu ridicule d\u2019Indiana Jones, cette petite \u00e9quipe r\u00e9ussira-t-elle \u00e0 vaincre un revenant mal\u00e9fique ? Et ce, avant que les malheurs ne se multiplient ?<\/p>\n<p>On the shores of Baie Sainte-Marie in Nova Scotia, an evil wizard has returned to haunt a mystified Acadian community. The three musketeers, Gabriel, Ania, and Mamadou and their faithful dog Dali leave New Brunswick to head for their eighth suspenseful adventure. Aided by mamie Josette, professor Jarnigoine and a slightly ridiculous Indiana Jones clone\u2013can their little team vanquish the malicious spirit before the troubles get out of hand?<\/p>\n","protected":false},"excerpt":{"rendered":"<p>On the shores of Baie Sainte-Marie in Nova Scotia, an evil wizard has returned to haunt a mystified Acadian community. The three musketeers, Gabriel, Ania, and Mamadou and their faithful dog Dali leave New Brunswick to head for their eighth suspenseful adventure. Aided by mamie Josette, professor Jarnigoine and a slightly ridiculous Indiana Jones clone&#8211;can their little team vanquish the malicious spirit before the troubles get out of hand?<\/p>\n","protected":false},"featured_media":67482,"template":"","meta":{"_genesis_hide_title":false,"_genesis_hide_breadcrumbs":false,"_genesis_hide_singular_image":false,"_genesis_hide_footer_widgets":false,"_genesis_custom_body_class":"","_genesis_custom_post_class":"","_genesis_layout":""},"product_brand":[],"product_cat":[23,4922,4923,10712,4927],"product_tag":[],"class_list":{"0":"post-66735","1":"product","2":"type-product","3":"status-publish","4":"has-post-thumbnail","5":"product_language-fre","6":"product_subjects-juvenile-fiction","7":"product_subjects-general-juvenile-fiction","8":"product_reading_range-12717","9":"product_reading_range-12718","10":"product_reading_range-12730","11":"product_reading_range-12731","12":"product_reading_range-12732","13":"product_interest_range-12712","14":"product_interest_range-12713","15":"product_interest_range-12714","16":"product_interest_range-12715","17":"product_interest_range-12716","18":"product_grade_range-fourth-grade","19":"product_grade_range-fifth-grade","20":"product_grade_range-sixth-grade","21":"product_grade_range-seventh-grade","22":"product_grade_range-eighth-grade","23":"product_curriculumsubject-francais-programmes-detudes","24":"product_curriculumsubject-immersion-2","25":"product_curriculumsubject-francais-arts-langagiers","26":"product_curriculumsubject-francais-arts-langagiers-2","27":"product_curriculumsubject-core-french","28":"product_curriculumsubject-sciences-humaines-immersion-2","29":"product_curriculumsubject-sciences-humaines","30":"product_curriculumsubject-etudes-acadiennes","31":"product_edi_priority_areas-gender","32":"product_edi_priority_areas-race-and-ethnicity","33":"product_edi_priority_areas-socioeconomic-status","34":"product_edi_languages-french-language","35":"biblio_share_tag-juvenile-fiction-general","36":"product_cat-time-to-lire-en-francais","37":"product_cat-lis-en-francais","38":"product_cat-newfoundland-libraries","39":"product_cat-abc","40":"product_cat-top-picks-from-reading-time","41":"product_shipping_class-abc-test","42":"entry","44":"first","45":"instock","46":"purchasable","47":"product-type-simple"},"yoast_head":"<!-- This site is optimized with the Yoast SEO plugin v24.0 - https:\/\/yoast.com\/wordpress\/plugins\/seo\/ -->\n<title>Le Revenant de la Baie Sainte-Marie - Atlantic Books<\/title>\n<meta name=\"robots\" content=\"index, follow, max-snippet:-1, max-image-preview:large, max-video-preview:-1\" \/>\n<link rel=\"canonical\" href=\"https:\/\/atlanticbooks.ca\/fr\/livres\/le-revenant-de-la-baie-sainte-marie\" \/>\n<meta property=\"og:locale\" content=\"fr_FR\" \/>\n<meta property=\"og:type\" content=\"article\" \/>\n<meta property=\"og:title\" content=\"Le Revenant de la Baie Sainte-Marie - Atlantic Books\" \/>\n<meta property=\"og:description\" content=\"On the shores of Baie Sainte-Marie in Nova Scotia, an evil wizard has returned to haunt a mystified Acadian community. The three musketeers, Gabriel, Ania, and Mamadou and their faithful dog Dali leave New Brunswick to head for their eighth suspenseful adventure. Aided by mamie Josette, professor Jarnigoine and a slightly ridiculous Indiana Jones clone--can their little team vanquish the malicious spirit before the troubles get out of hand?\" \/>\n<meta property=\"og:url\" content=\"https:\/\/atlanticbooks.ca\/fr\/livres\/le-revenant-de-la-baie-sainte-marie\" \/>\n<meta property=\"og:site_name\" content=\"Atlantic Books\" \/>\n<meta property=\"article:modified_time\" content=\"2022-11-17T12:58:32+00:00\" \/>\n<meta property=\"og:image\" content=\"https:\/\/atlanticbooks.mystagingwebsite.com\/wp-content\/uploads\/2020\/09\/9782897501006_large.jpg\" \/>\n\t<meta property=\"og:image:width\" content=\"600\" \/>\n\t<meta property=\"og:image:height\" content=\"916\" \/>\n\t<meta property=\"og:image:type\" content=\"image\/jpeg\" \/>\n<meta name=\"twitter:card\" content=\"summary_large_image\" \/>\n<meta name=\"twitter:label1\" content=\"Dur\u00e9e de lecture estim\u00e9e\" \/>\n\t<meta name=\"twitter:data1\" content=\"1 minute\" \/>\n<script type=\"application\/ld+json\" class=\"yoast-schema-graph\">{\"@context\":\"https:\/\/schema.org\",\"@graph\":[{\"@type\":\"WebPage\",\"@id\":\"https:\/\/atlanticbooks.ca\/fr\/livres\/le-revenant-de-la-baie-sainte-marie\",\"url\":\"https:\/\/atlanticbooks.ca\/fr\/livres\/le-revenant-de-la-baie-sainte-marie\",\"name\":\"Le Revenant de la Baie Sainte-Marie - Atlantic Books\",\"isPartOf\":{\"@id\":\"https:\/\/atlanticbooks.ca\/fr\/#website\"},\"primaryImageOfPage\":{\"@id\":\"https:\/\/atlanticbooks.ca\/fr\/livres\/le-revenant-de-la-baie-sainte-marie#primaryimage\"},\"image\":{\"@id\":\"https:\/\/atlanticbooks.ca\/fr\/livres\/le-revenant-de-la-baie-sainte-marie#primaryimage\"},\"thumbnailUrl\":\"https:\/\/atlanticbooks.ca\/wp-content\/uploads\/2020\/09\/9782897501006_large.jpg\",\"datePublished\":\"2022-11-08T22:30:58+00:00\",\"dateModified\":\"2022-11-17T12:58:32+00:00\",\"breadcrumb\":{\"@id\":\"https:\/\/atlanticbooks.ca\/fr\/livres\/le-revenant-de-la-baie-sainte-marie#breadcrumb\"},\"inLanguage\":\"fr-FR\",\"potentialAction\":[{\"@type\":\"ReadAction\",\"target\":[\"https:\/\/atlanticbooks.ca\/fr\/livres\/le-revenant-de-la-baie-sainte-marie\"]}]},{\"@type\":\"ImageObject\",\"inLanguage\":\"fr-FR\",\"@id\":\"https:\/\/atlanticbooks.ca\/fr\/livres\/le-revenant-de-la-baie-sainte-marie#primaryimage\",\"url\":\"https:\/\/atlanticbooks.ca\/wp-content\/uploads\/2020\/09\/9782897501006_large.jpg\",\"contentUrl\":\"https:\/\/atlanticbooks.ca\/wp-content\/uploads\/2020\/09\/9782897501006_large.jpg\",\"width\":600,\"height\":916,\"caption\":\"Le revenant du baie st marie cover\"},{\"@type\":\"BreadcrumbList\",\"@id\":\"https:\/\/atlanticbooks.ca\/fr\/livres\/le-revenant-de-la-baie-sainte-marie#breadcrumb\",\"itemListElement\":[{\"@type\":\"ListItem\",\"position\":1,\"name\":\"Domicile\",\"item\":\"https:\/\/atlanticbooks.ca\/fr\"},{\"@type\":\"ListItem\",\"position\":2,\"name\":\"Collections\",\"item\":\"https:\/\/atlanticbooks.ca\/fr\/collections\"},{\"@type\":\"ListItem\",\"position\":3,\"name\":\"Le Revenant de la Baie Sainte-Marie\"}]},{\"@type\":\"WebSite\",\"@id\":\"https:\/\/atlanticbooks.ca\/fr\/#website\",\"url\":\"https:\/\/atlanticbooks.ca\/fr\/\",\"name\":\"Atlantic Books\",\"description\":\"Atlantic Books\",\"publisher\":{\"@id\":\"https:\/\/atlanticbooks.ca\/fr\/#organization\"},\"potentialAction\":[{\"@type\":\"SearchAction\",\"target\":{\"@type\":\"EntryPoint\",\"urlTemplate\":\"https:\/\/atlanticbooks.ca\/fr\/?s={search_term_string}\"},\"query-input\":{\"@type\":\"PropertyValueSpecification\",\"valueRequired\":true,\"valueName\":\"search_term_string\"}}],\"inLanguage\":\"fr-FR\"},{\"@type\":\"Organization\",\"@id\":\"https:\/\/atlanticbooks.ca\/fr\/#organization\",\"name\":\"Atlantic Books\",\"url\":\"https:\/\/atlanticbooks.ca\/fr\/\",\"logo\":{\"@type\":\"ImageObject\",\"inLanguage\":\"fr-FR\",\"@id\":\"https:\/\/atlanticbooks.ca\/fr\/#\/schema\/logo\/image\/\",\"url\":\"https:\/\/atlanticbooks.ca\/wp-content\/uploads\/2020\/10\/atlantic-books-logo.png\",\"contentUrl\":\"https:\/\/atlanticbooks.ca\/wp-content\/uploads\/2020\/10\/atlantic-books-logo.png\",\"width\":566,\"height\":111,\"caption\":\"Atlantic Books\"},\"image\":{\"@id\":\"https:\/\/atlanticbooks.ca\/fr\/#\/schema\/logo\/image\/\"}}]}<\/script>\n<!-- \/ Yoast SEO plugin. -->","yoast_head_json":{"title":"Le Revenant de la Baie Sainte-Marie - Atlantic Books","robots":{"index":"index","follow":"follow","max-snippet":"max-snippet:-1","max-image-preview":"max-image-preview:large","max-video-preview":"max-video-preview:-1"},"canonical":"https:\/\/atlanticbooks.ca\/fr\/livres\/le-revenant-de-la-baie-sainte-marie","og_locale":"fr_FR","og_type":"article","og_title":"Le Revenant de la Baie Sainte-Marie - Atlantic Books","og_description":"On the shores of Baie Sainte-Marie in Nova Scotia, an evil wizard has returned to haunt a mystified Acadian community. The three musketeers, Gabriel, Ania, and Mamadou and their faithful dog Dali leave New Brunswick to head for their eighth suspenseful adventure. Aided by mamie Josette, professor Jarnigoine and a slightly ridiculous Indiana Jones clone--can their little team vanquish the malicious spirit before the troubles get out of hand?","og_url":"https:\/\/atlanticbooks.ca\/fr\/livres\/le-revenant-de-la-baie-sainte-marie","og_site_name":"Atlantic Books","article_modified_time":"2022-11-17T12:58:32+00:00","og_image":[{"width":600,"height":916,"url":"https:\/\/atlanticbooks.mystagingwebsite.com\/wp-content\/uploads\/2020\/09\/9782897501006_large.jpg","type":"image\/jpeg"}],"twitter_card":"summary_large_image","twitter_misc":{"Dur\u00e9e de lecture estim\u00e9e":"1 minute"},"schema":{"@context":"https:\/\/schema.org","@graph":[{"@type":"WebPage","@id":"https:\/\/atlanticbooks.ca\/fr\/livres\/le-revenant-de-la-baie-sainte-marie","url":"https:\/\/atlanticbooks.ca\/fr\/livres\/le-revenant-de-la-baie-sainte-marie","name":"Le Revenant de la Baie Sainte-Marie - Atlantic Books","isPartOf":{"@id":"https:\/\/atlanticbooks.ca\/fr\/#website"},"primaryImageOfPage":{"@id":"https:\/\/atlanticbooks.ca\/fr\/livres\/le-revenant-de-la-baie-sainte-marie#primaryimage"},"image":{"@id":"https:\/\/atlanticbooks.ca\/fr\/livres\/le-revenant-de-la-baie-sainte-marie#primaryimage"},"thumbnailUrl":"https:\/\/atlanticbooks.ca\/wp-content\/uploads\/2020\/09\/9782897501006_large.jpg","datePublished":"2022-11-08T22:30:58+00:00","dateModified":"2022-11-17T12:58:32+00:00","breadcrumb":{"@id":"https:\/\/atlanticbooks.ca\/fr\/livres\/le-revenant-de-la-baie-sainte-marie#breadcrumb"},"inLanguage":"fr-FR","potentialAction":[{"@type":"ReadAction","target":["https:\/\/atlanticbooks.ca\/fr\/livres\/le-revenant-de-la-baie-sainte-marie"]}]},{"@type":"ImageObject","inLanguage":"fr-FR","@id":"https:\/\/atlanticbooks.ca\/fr\/livres\/le-revenant-de-la-baie-sainte-marie#primaryimage","url":"https:\/\/atlanticbooks.ca\/wp-content\/uploads\/2020\/09\/9782897501006_large.jpg","contentUrl":"https:\/\/atlanticbooks.ca\/wp-content\/uploads\/2020\/09\/9782897501006_large.jpg","width":600,"height":916,"caption":"Le revenant du baie st marie cover"},{"@type":"BreadcrumbList","@id":"https:\/\/atlanticbooks.ca\/fr\/livres\/le-revenant-de-la-baie-sainte-marie#breadcrumb","itemListElement":[{"@type":"ListItem","position":1,"name":"Domicile","item":"https:\/\/atlanticbooks.ca\/fr"},{"@type":"ListItem","position":2,"name":"Collections","item":"https:\/\/atlanticbooks.ca\/fr\/collections"},{"@type":"ListItem","position":3,"name":"Le Revenant de la Baie Sainte-Marie"}]},{"@type":"WebSite","@id":"https:\/\/atlanticbooks.ca\/fr\/#website","url":"https:\/\/atlanticbooks.ca\/fr\/","name":"Atlantic Books","description":"Atlantic Books","publisher":{"@id":"https:\/\/atlanticbooks.ca\/fr\/#organization"},"potentialAction":[{"@type":"SearchAction","target":{"@type":"EntryPoint","urlTemplate":"https:\/\/atlanticbooks.ca\/fr\/?s={search_term_string}"},"query-input":{"@type":"PropertyValueSpecification","valueRequired":true,"valueName":"search_term_string"}}],"inLanguage":"fr-FR"},{"@type":"Organization","@id":"https:\/\/atlanticbooks.ca\/fr\/#organization","name":"Atlantic Books","url":"https:\/\/atlanticbooks.ca\/fr\/","logo":{"@type":"ImageObject","inLanguage":"fr-FR","@id":"https:\/\/atlanticbooks.ca\/fr\/#\/schema\/logo\/image\/","url":"https:\/\/atlanticbooks.ca\/wp-content\/uploads\/2020\/10\/atlantic-books-logo.png","contentUrl":"https:\/\/atlanticbooks.ca\/wp-content\/uploads\/2020\/10\/atlantic-books-logo.png","width":566,"height":111,"caption":"Atlantic Books"},"image":{"@id":"https:\/\/atlanticbooks.ca\/fr\/#\/schema\/logo\/image\/"}}]}},"_links":{"self":[{"href":"https:\/\/atlanticbooks.ca\/fr\/wp-json\/wp\/v2\/product\/66735","targetHints":{"allow":["GET"]}}],"collection":[{"href":"https:\/\/atlanticbooks.ca\/fr\/wp-json\/wp\/v2\/product"}],"about":[{"href":"https:\/\/atlanticbooks.ca\/fr\/wp-json\/wp\/v2\/types\/product"}],"wp:featuredmedia":[{"embeddable":true,"href":"https:\/\/atlanticbooks.ca\/fr\/wp-json\/wp\/v2\/media\/67482"}],"wp:attachment":[{"href":"https:\/\/atlanticbooks.ca\/fr\/wp-json\/wp\/v2\/media?parent=66735"}],"wp:term":[{"taxonomy":"product_brand","embeddable":true,"href":"https:\/\/atlanticbooks.ca\/fr\/wp-json\/wp\/v2\/product_brand?post=66735"},{"taxonomy":"product_cat","embeddable":true,"href":"https:\/\/atlanticbooks.ca\/fr\/wp-json\/wp\/v2\/product_cat?post=66735"},{"taxonomy":"product_tag","embeddable":true,"href":"https:\/\/atlanticbooks.ca\/fr\/wp-json\/wp\/v2\/product_tag?post=66735"}],"curies":[{"name":"wp","href":"https:\/\/api.w.org\/{rel}","templated":true}]}}