{"id":66731,"date":"2020-09-28T22:30:58","date_gmt":"2020-09-28T22:30:58","guid":{"rendered":"https:\/\/atlanticbooks.ca\/books\/lacadie-en-baratte\/"},"modified":"2023-01-04T19:01:13","modified_gmt":"2023-01-04T19:01:13","slug":"lacadie-en-baratte","status":"publish","type":"product","link":"https:\/\/atlanticbooks.ca\/fr\/livres\/lacadie-en-baratte","title":{"rendered":"L&rsquo;Acadie en baratte"},"content":{"rendered":"<p>English description follows.<\/p>\n<p>Nico part \u00e0 la d\u00e9couverte de l\u2019Acadie, ce pays qui n\u2019existe pas sur une carte, mais qui se vit, bel et bien. Son v\u00e9hicule ? Une fourgonnette qu\u2019il va \u00e9quiper pour aller loin.<\/p>\n<p>Nico vient passer ses vacances en Acadie apr\u00e8s une ann\u00e9e scolaire un peu difficile. Sa \u00abm\u00e9m\u00e9re\u00bb le cueille \u00e0 l\u2019a\u00e9roport, au volant d\u2019une \u00ab baratte \u00bb &#8211; une fourgonnette qui a connu de meilleurs jours. Ensemble, ils entreprennent un grand circuit qui r\u00e9pondra \u00e0 toutes les questions que l\u2019on peut se poser quand on ne sait pas trop ce qu&rsquo;est l\u2019Acadie. Lieux historiques, lieux touristiques, \u00e9v\u00e8nements culturels, Nico est ouvert \u00e0 toutes les d\u00e9couvertes, et sa grand-m\u00e8re est une guide sans pareille. Le gar\u00e7on va faire un formidable apprentissage, et la fantaisie du voyage contribuera m\u00eame \u00e0 r\u00e9gler sa crainte du retour en classe.<\/p>\n<p>&lt;p&gt; Nico tours the Maritimes with his grandmother in her vintage Westphalia. With eagerness and imagination, Nico is ready for adventure and so is his \u00ab\u00a0memere\u00a0\u00bb. Their camping trip, which takes them to Nova Scotia, Prince Edward Island and New Brunswick, becomes a whimsical discovery tour of contemporary Acadian communities and history.&lt;\/p&gt;<\/p>\n","protected":false},"excerpt":{"rendered":"<p>&lt;p&gt; Nico tours the Maritimes with his grandmother in her vintage Westphalia. With eagerness and imagination, Nico is ready for adventure and so is his \u00ab\u00a0memere\u00a0\u00bb. Their camping trip, which takes them to Nova Scotia, Prince Edward Island and New Brunswick, becomes a whimsical discovery tour of contemporary Acadian communities and history.&lt;\/p&gt;<\/p>\n","protected":false},"featured_media":61600,"template":"","meta":{"_genesis_hide_title":false,"_genesis_hide_breadcrumbs":false,"_genesis_hide_singular_image":false,"_genesis_hide_footer_widgets":false,"_genesis_custom_body_class":"","_genesis_custom_post_class":"","_genesis_layout":""},"product_brand":[],"product_cat":[12776,14827,14828,14830],"product_tag":[],"class_list":{"0":"post-66731","1":"product","2":"type-product","3":"status-publish","4":"has-post-thumbnail","5":"product_language-fre","6":"product_subjects-juvenile-fiction-fr","7":"product_subjects-general-juvenile-fiction-fr","8":"product_reading_range-7-fr","9":"product_reading_range-4-fr","10":"product_reading_range-5-fr","11":"product_reading_range-6-fr","12":"product_reading_range-8-fr","13":"product_interest_range-4-fr","14":"product_interest_range-5-fr","15":"product_interest_range-6-fr","16":"product_interest_range-7-fr","17":"product_interest_range-8-fr","18":"product_grade_range-kindergarten-fr","19":"product_grade_range-first-grade-fr","20":"product_grade_range-second-grade-fr","21":"product_grade_range-third-grade-fr","22":"product_curriculumsubject-francais-programmes-detudes-fr","23":"product_curriculumsubject-immersion-2-fr","24":"product_curriculumsubject-francais-arts-langagiers-fr","25":"product_curriculumsubject-francais-arts-langagiers-im-fr","26":"product_provincial_focus-i-p-e","27":"product_provincial_focus-nb-fr","28":"product_provincial_focus-n-e","29":"product_edi_languages-francais-fr","30":"product_nssbb-immersion-curriculum-subjects-fr","31":"product_nssbb-immersion-precoce-francais-arts-langagiers-4-im-fr","32":"product_nssbb-immersion-precoce-francais-arts-langagiers-5-im-fr","33":"product_nssbb-immersion-precoce-francais-arts-langagiers-6-im-fr","34":"product_nssbb-immersion-precoce-francais-arts-langagiers-7-im-fr","35":"product_nssbb_approved-nssbb-approved","36":"biblio_share_tag-juvenile-fiction-general-fr","37":"product_cat-abc-fr-2","38":"product_cat-time-to-lire-en-francais-fr","39":"product_cat-lis-en-francais-fr","40":"product_cat-top-picks-from-reading-time-fr","41":"product_shipping_class-abc-test-fr","42":"entry","44":"first","45":"instock","46":"purchasable","47":"product-type-simple"},"yoast_head":"<!-- This site is optimized with the Yoast SEO plugin v24.0 - https:\/\/yoast.com\/wordpress\/plugins\/seo\/ -->\n<title>L&#039;Acadie en baratte - Atlantic Books<\/title>\n<meta name=\"robots\" content=\"index, follow, max-snippet:-1, max-image-preview:large, max-video-preview:-1\" \/>\n<link rel=\"canonical\" href=\"https:\/\/atlanticbooks.ca\/fr\/livres\/lacadie-en-baratte\" \/>\n<meta property=\"og:locale\" content=\"fr_FR\" \/>\n<meta property=\"og:type\" content=\"article\" \/>\n<meta property=\"og:title\" content=\"L&#039;Acadie en baratte - Atlantic Books\" \/>\n<meta property=\"og:description\" content=\"&lt;p&gt; Nico tours the Maritimes with his grandmother in her vintage Westphalia. With eagerness and imagination, Nico is ready for adventure and so is his &quot;memere&quot;. Their camping trip, which takes them to Nova Scotia, Prince Edward Island and New Brunswick, becomes a whimsical discovery tour of contemporary Acadian communities and history.&lt;\/p&gt;\" \/>\n<meta property=\"og:url\" content=\"https:\/\/atlanticbooks.ca\/fr\/livres\/lacadie-en-baratte\" \/>\n<meta property=\"og:site_name\" content=\"Atlantic Books\" \/>\n<meta property=\"article:modified_time\" content=\"2023-01-04T19:01:13+00:00\" \/>\n<meta property=\"og:image\" content=\"https:\/\/atlanticbooks.mystagingwebsite.com\/wp-content\/uploads\/biblioshare_attachments\/9782897500702-1024x1024.png\" \/>\n\t<meta property=\"og:image:width\" content=\"1024\" \/>\n\t<meta property=\"og:image:height\" content=\"1024\" \/>\n\t<meta property=\"og:image:type\" content=\"image\/png\" \/>\n<meta name=\"twitter:card\" content=\"summary_large_image\" \/>\n<meta name=\"twitter:label1\" content=\"Dur\u00e9e de lecture estim\u00e9e\" \/>\n\t<meta name=\"twitter:data1\" content=\"1 minute\" \/>\n<script type=\"application\/ld+json\" class=\"yoast-schema-graph\">{\"@context\":\"https:\/\/schema.org\",\"@graph\":[{\"@type\":\"WebPage\",\"@id\":\"https:\/\/atlanticbooks.ca\/fr\/livres\/lacadie-en-baratte\",\"url\":\"https:\/\/atlanticbooks.ca\/fr\/livres\/lacadie-en-baratte\",\"name\":\"L'Acadie en baratte - Atlantic Books\",\"isPartOf\":{\"@id\":\"https:\/\/atlanticbooks.ca\/fr\/#website\"},\"primaryImageOfPage\":{\"@id\":\"https:\/\/atlanticbooks.ca\/fr\/livres\/lacadie-en-baratte#primaryimage\"},\"image\":{\"@id\":\"https:\/\/atlanticbooks.ca\/fr\/livres\/lacadie-en-baratte#primaryimage\"},\"thumbnailUrl\":\"https:\/\/atlanticbooks.ca\/wp-content\/uploads\/biblioshare_attachments\/9782897500702.png\",\"datePublished\":\"2020-09-28T22:30:58+00:00\",\"dateModified\":\"2023-01-04T19:01:13+00:00\",\"breadcrumb\":{\"@id\":\"https:\/\/atlanticbooks.ca\/fr\/livres\/lacadie-en-baratte#breadcrumb\"},\"inLanguage\":\"fr-FR\",\"potentialAction\":[{\"@type\":\"ReadAction\",\"target\":[\"https:\/\/atlanticbooks.ca\/fr\/livres\/lacadie-en-baratte\"]}]},{\"@type\":\"ImageObject\",\"inLanguage\":\"fr-FR\",\"@id\":\"https:\/\/atlanticbooks.ca\/fr\/livres\/lacadie-en-baratte#primaryimage\",\"url\":\"https:\/\/atlanticbooks.ca\/wp-content\/uploads\/biblioshare_attachments\/9782897500702.png\",\"contentUrl\":\"https:\/\/atlanticbooks.ca\/wp-content\/uploads\/biblioshare_attachments\/9782897500702.png\",\"width\":1335,\"height\":1900},{\"@type\":\"BreadcrumbList\",\"@id\":\"https:\/\/atlanticbooks.ca\/fr\/livres\/lacadie-en-baratte#breadcrumb\",\"itemListElement\":[{\"@type\":\"ListItem\",\"position\":1,\"name\":\"Domicile\",\"item\":\"https:\/\/atlanticbooks.ca\/fr\"},{\"@type\":\"ListItem\",\"position\":2,\"name\":\"Collections\",\"item\":\"https:\/\/atlanticbooks.ca\/fr\/collections\"},{\"@type\":\"ListItem\",\"position\":3,\"name\":\"L&#8217;Acadie en baratte\"}]},{\"@type\":\"WebSite\",\"@id\":\"https:\/\/atlanticbooks.ca\/fr\/#website\",\"url\":\"https:\/\/atlanticbooks.ca\/fr\/\",\"name\":\"Atlantic Books\",\"description\":\"Atlantic Books\",\"publisher\":{\"@id\":\"https:\/\/atlanticbooks.ca\/fr\/#organization\"},\"potentialAction\":[{\"@type\":\"SearchAction\",\"target\":{\"@type\":\"EntryPoint\",\"urlTemplate\":\"https:\/\/atlanticbooks.ca\/fr\/?s={search_term_string}\"},\"query-input\":{\"@type\":\"PropertyValueSpecification\",\"valueRequired\":true,\"valueName\":\"search_term_string\"}}],\"inLanguage\":\"fr-FR\"},{\"@type\":\"Organization\",\"@id\":\"https:\/\/atlanticbooks.ca\/fr\/#organization\",\"name\":\"Atlantic Books\",\"url\":\"https:\/\/atlanticbooks.ca\/fr\/\",\"logo\":{\"@type\":\"ImageObject\",\"inLanguage\":\"fr-FR\",\"@id\":\"https:\/\/atlanticbooks.ca\/fr\/#\/schema\/logo\/image\/\",\"url\":\"https:\/\/atlanticbooks.ca\/wp-content\/uploads\/2020\/10\/atlantic-books-logo.png\",\"contentUrl\":\"https:\/\/atlanticbooks.ca\/wp-content\/uploads\/2020\/10\/atlantic-books-logo.png\",\"width\":566,\"height\":111,\"caption\":\"Atlantic Books\"},\"image\":{\"@id\":\"https:\/\/atlanticbooks.ca\/fr\/#\/schema\/logo\/image\/\"}}]}<\/script>\n<!-- \/ Yoast SEO plugin. -->","yoast_head_json":{"title":"L'Acadie en baratte - Atlantic Books","robots":{"index":"index","follow":"follow","max-snippet":"max-snippet:-1","max-image-preview":"max-image-preview:large","max-video-preview":"max-video-preview:-1"},"canonical":"https:\/\/atlanticbooks.ca\/fr\/livres\/lacadie-en-baratte","og_locale":"fr_FR","og_type":"article","og_title":"L'Acadie en baratte - Atlantic Books","og_description":"&lt;p&gt; Nico tours the Maritimes with his grandmother in her vintage Westphalia. With eagerness and imagination, Nico is ready for adventure and so is his \"memere\". Their camping trip, which takes them to Nova Scotia, Prince Edward Island and New Brunswick, becomes a whimsical discovery tour of contemporary Acadian communities and history.&lt;\/p&gt;","og_url":"https:\/\/atlanticbooks.ca\/fr\/livres\/lacadie-en-baratte","og_site_name":"Atlantic Books","article_modified_time":"2023-01-04T19:01:13+00:00","og_image":[{"width":1024,"height":1024,"url":"https:\/\/atlanticbooks.mystagingwebsite.com\/wp-content\/uploads\/biblioshare_attachments\/9782897500702-1024x1024.png","type":"image\/png"}],"twitter_card":"summary_large_image","twitter_misc":{"Dur\u00e9e de lecture estim\u00e9e":"1 minute"},"schema":{"@context":"https:\/\/schema.org","@graph":[{"@type":"WebPage","@id":"https:\/\/atlanticbooks.ca\/fr\/livres\/lacadie-en-baratte","url":"https:\/\/atlanticbooks.ca\/fr\/livres\/lacadie-en-baratte","name":"L'Acadie en baratte - Atlantic Books","isPartOf":{"@id":"https:\/\/atlanticbooks.ca\/fr\/#website"},"primaryImageOfPage":{"@id":"https:\/\/atlanticbooks.ca\/fr\/livres\/lacadie-en-baratte#primaryimage"},"image":{"@id":"https:\/\/atlanticbooks.ca\/fr\/livres\/lacadie-en-baratte#primaryimage"},"thumbnailUrl":"https:\/\/atlanticbooks.ca\/wp-content\/uploads\/biblioshare_attachments\/9782897500702.png","datePublished":"2020-09-28T22:30:58+00:00","dateModified":"2023-01-04T19:01:13+00:00","breadcrumb":{"@id":"https:\/\/atlanticbooks.ca\/fr\/livres\/lacadie-en-baratte#breadcrumb"},"inLanguage":"fr-FR","potentialAction":[{"@type":"ReadAction","target":["https:\/\/atlanticbooks.ca\/fr\/livres\/lacadie-en-baratte"]}]},{"@type":"ImageObject","inLanguage":"fr-FR","@id":"https:\/\/atlanticbooks.ca\/fr\/livres\/lacadie-en-baratte#primaryimage","url":"https:\/\/atlanticbooks.ca\/wp-content\/uploads\/biblioshare_attachments\/9782897500702.png","contentUrl":"https:\/\/atlanticbooks.ca\/wp-content\/uploads\/biblioshare_attachments\/9782897500702.png","width":1335,"height":1900},{"@type":"BreadcrumbList","@id":"https:\/\/atlanticbooks.ca\/fr\/livres\/lacadie-en-baratte#breadcrumb","itemListElement":[{"@type":"ListItem","position":1,"name":"Domicile","item":"https:\/\/atlanticbooks.ca\/fr"},{"@type":"ListItem","position":2,"name":"Collections","item":"https:\/\/atlanticbooks.ca\/fr\/collections"},{"@type":"ListItem","position":3,"name":"L&#8217;Acadie en baratte"}]},{"@type":"WebSite","@id":"https:\/\/atlanticbooks.ca\/fr\/#website","url":"https:\/\/atlanticbooks.ca\/fr\/","name":"Atlantic Books","description":"Atlantic Books","publisher":{"@id":"https:\/\/atlanticbooks.ca\/fr\/#organization"},"potentialAction":[{"@type":"SearchAction","target":{"@type":"EntryPoint","urlTemplate":"https:\/\/atlanticbooks.ca\/fr\/?s={search_term_string}"},"query-input":{"@type":"PropertyValueSpecification","valueRequired":true,"valueName":"search_term_string"}}],"inLanguage":"fr-FR"},{"@type":"Organization","@id":"https:\/\/atlanticbooks.ca\/fr\/#organization","name":"Atlantic Books","url":"https:\/\/atlanticbooks.ca\/fr\/","logo":{"@type":"ImageObject","inLanguage":"fr-FR","@id":"https:\/\/atlanticbooks.ca\/fr\/#\/schema\/logo\/image\/","url":"https:\/\/atlanticbooks.ca\/wp-content\/uploads\/2020\/10\/atlantic-books-logo.png","contentUrl":"https:\/\/atlanticbooks.ca\/wp-content\/uploads\/2020\/10\/atlantic-books-logo.png","width":566,"height":111,"caption":"Atlantic Books"},"image":{"@id":"https:\/\/atlanticbooks.ca\/fr\/#\/schema\/logo\/image\/"}}]}},"_links":{"self":[{"href":"https:\/\/atlanticbooks.ca\/fr\/wp-json\/wp\/v2\/product\/66731","targetHints":{"allow":["GET"]}}],"collection":[{"href":"https:\/\/atlanticbooks.ca\/fr\/wp-json\/wp\/v2\/product"}],"about":[{"href":"https:\/\/atlanticbooks.ca\/fr\/wp-json\/wp\/v2\/types\/product"}],"wp:featuredmedia":[{"embeddable":true,"href":"https:\/\/atlanticbooks.ca\/fr\/wp-json\/wp\/v2\/media\/61600"}],"wp:attachment":[{"href":"https:\/\/atlanticbooks.ca\/fr\/wp-json\/wp\/v2\/media?parent=66731"}],"wp:term":[{"taxonomy":"product_brand","embeddable":true,"href":"https:\/\/atlanticbooks.ca\/fr\/wp-json\/wp\/v2\/product_brand?post=66731"},{"taxonomy":"product_cat","embeddable":true,"href":"https:\/\/atlanticbooks.ca\/fr\/wp-json\/wp\/v2\/product_cat?post=66731"},{"taxonomy":"product_tag","embeddable":true,"href":"https:\/\/atlanticbooks.ca\/fr\/wp-json\/wp\/v2\/product_tag?post=66731"}],"curies":[{"name":"wp","href":"https:\/\/api.w.org\/{rel}","templated":true}]}}