{"id":66669,"date":"2020-09-28T22:31:05","date_gmt":"2020-09-28T22:31:05","guid":{"rendered":"https:\/\/atlanticbooks.ca\/books\/ma-maman-toute-neuve\/"},"modified":"2022-11-10T02:09:54","modified_gmt":"2022-11-10T02:09:54","slug":"ma-maman-toute-neuve","status":"publish","type":"product","link":"https:\/\/atlanticbooks.ca\/fr\/livres\/ma-maman-toute-neuve","title":{"rendered":"Ma maman toute neuve"},"content":{"rendered":"<p>C\u2019est d\u00e9cid\u00e9, je d\u00e9m\u00e9nage\u2009!<\/p>\n<p>Mon papa et ma maman ont d\u00e9cid\u00e9 de nous fabriquer un petit fr\u00e8re<br \/>\nsans nous demander la permission. Mon presque b\u00e9b\u00e9 fr\u00e8re n\u2019est pas encore l\u00e0 que d\u00e9j\u00e0 il me vole la vedette. Ma maman est devenue trop grosse et trop fragile. Il m\u2019en faut une neuve\u2009! Notre voisine Sandy serait parfaite&#8230;<\/p>\n<p>Fiche p\u00e9dagogique: http:\/\/avoslivres.ca\/wp-content\/uploads\/book_documents\/3119-Ma_maman_toute_neuve_FP.pdf<br \/>\nLecture vid\u00e9o: https:\/\/www.youtube.com\/watch?v=VQTCKlChtEk<\/p>\n","protected":false},"excerpt":{"rendered":"<p>C\u2019est d\u00e9cid\u00e9, je d\u00e9m\u00e9nage\u2009! Mon papa et ma maman ont d\u00e9cid\u00e9 de nous fabriquer un petit fr\u00e8re sans nous demander la permission. Mon presque b\u00e9b\u00e9 fr\u00e8re n\u2019est pas encore l\u00e0 [&hellip;]<\/p>\n","protected":false},"featured_media":30295,"template":"","meta":{"_genesis_hide_title":false,"_genesis_hide_breadcrumbs":false,"_genesis_hide_singular_image":false,"_genesis_hide_footer_widgets":false,"_genesis_custom_body_class":"","_genesis_custom_post_class":"","_genesis_layout":""},"product_brand":[],"product_cat":[12776],"product_tag":[],"class_list":{"0":"post-66669","1":"product","2":"type-product","3":"status-publish","4":"has-post-thumbnail","5":"product_language-fre","6":"product_reading_range-8-fr","7":"product_reading_range-7-fr","8":"product_reading_range-5-fr","9":"product_reading_range-6-fr","10":"product_interest_range-6-fr","11":"product_interest_range-7-fr","12":"product_interest_range-8-fr","13":"product_interest_range-5-fr","14":"product_grade_range-kindergarten-fr","15":"product_grade_range-first-grade-fr","16":"product_grade_range-second-grade-fr","17":"product_grade_range-third-grade-fr","18":"product_curriculumsubject-francais-programmes-detudes-fr","19":"product_curriculumsubject-immersion-2-fr","20":"product_curriculumsubject-francais-arts-langagiers-fr","21":"product_curriculumsubject-francais-arts-langagiers-im-fr","22":"product_curriculumsubject-core-french-fr","23":"product_curriculumsubject-sciences-humaines-im-fr","24":"product_curriculumsubject-sciences-humaines-fr","25":"product_edi_author-french-canadian-author-fr","26":"product_edi_publisher-acadian-publisher-copy","27":"product_edi_publisher-french-canadian-publisher-copy","28":"product_edi_languages-francais-fr","29":"biblio_share_tag-juvenile-fiction-fr","30":"product_cat-abc-fr-2","31":"product_shipping_class-abc-test-fr","32":"entry","34":"first","35":"instock","36":"taxable","37":"shipping-taxable","38":"product-type-simple"},"yoast_head":"<!-- This site is optimized with the Yoast SEO plugin v24.0 - https:\/\/yoast.com\/wordpress\/plugins\/seo\/ -->\n<title>Ma maman toute neuve - Atlantic Books<\/title>\n<meta name=\"robots\" content=\"index, follow, max-snippet:-1, max-image-preview:large, max-video-preview:-1\" \/>\n<link rel=\"canonical\" href=\"https:\/\/atlanticbooks.ca\/fr\/livres\/ma-maman-toute-neuve\" \/>\n<meta property=\"og:locale\" content=\"fr_FR\" \/>\n<meta property=\"og:type\" content=\"article\" \/>\n<meta property=\"og:title\" content=\"Ma maman toute neuve - Atlantic Books\" \/>\n<meta property=\"og:description\" content=\"C\u2019est d\u00e9cid\u00e9, je d\u00e9m\u00e9nage\u2009! Mon papa et ma maman ont d\u00e9cid\u00e9 de nous fabriquer un petit fr\u00e8re sans nous demander la permission. Mon presque b\u00e9b\u00e9 fr\u00e8re n\u2019est pas encore l\u00e0 [&hellip;]\" \/>\n<meta property=\"og:url\" content=\"https:\/\/atlanticbooks.ca\/fr\/livres\/ma-maman-toute-neuve\" \/>\n<meta property=\"og:site_name\" content=\"Atlantic Books\" \/>\n<meta property=\"article:modified_time\" content=\"2022-11-10T02:09:54+00:00\" \/>\n<meta property=\"og:image\" content=\"https:\/\/atlanticbooks.mystagingwebsite.com\/wp-content\/uploads\/biblioshare_attachments\/9782896820214.png\" \/>\n\t<meta property=\"og:image:width\" content=\"1132\" \/>\n\t<meta property=\"og:image:height\" content=\"1000\" \/>\n\t<meta property=\"og:image:type\" content=\"image\/png\" \/>\n<meta name=\"twitter:card\" content=\"summary_large_image\" \/>\n<script type=\"application\/ld+json\" class=\"yoast-schema-graph\">{\"@context\":\"https:\/\/schema.org\",\"@graph\":[{\"@type\":\"WebPage\",\"@id\":\"https:\/\/atlanticbooks.ca\/fr\/livres\/ma-maman-toute-neuve\",\"url\":\"https:\/\/atlanticbooks.ca\/fr\/livres\/ma-maman-toute-neuve\",\"name\":\"Ma maman toute neuve - Atlantic Books\",\"isPartOf\":{\"@id\":\"https:\/\/atlanticbooks.ca\/fr\/#website\"},\"primaryImageOfPage\":{\"@id\":\"https:\/\/atlanticbooks.ca\/fr\/livres\/ma-maman-toute-neuve#primaryimage\"},\"image\":{\"@id\":\"https:\/\/atlanticbooks.ca\/fr\/livres\/ma-maman-toute-neuve#primaryimage\"},\"thumbnailUrl\":\"https:\/\/atlanticbooks.ca\/wp-content\/uploads\/biblioshare_attachments\/9782896820214.png\",\"datePublished\":\"2020-09-28T22:31:05+00:00\",\"dateModified\":\"2022-11-10T02:09:54+00:00\",\"breadcrumb\":{\"@id\":\"https:\/\/atlanticbooks.ca\/fr\/livres\/ma-maman-toute-neuve#breadcrumb\"},\"inLanguage\":\"fr-FR\",\"potentialAction\":[{\"@type\":\"ReadAction\",\"target\":[\"https:\/\/atlanticbooks.ca\/fr\/livres\/ma-maman-toute-neuve\"]}]},{\"@type\":\"ImageObject\",\"inLanguage\":\"fr-FR\",\"@id\":\"https:\/\/atlanticbooks.ca\/fr\/livres\/ma-maman-toute-neuve#primaryimage\",\"url\":\"https:\/\/atlanticbooks.ca\/wp-content\/uploads\/biblioshare_attachments\/9782896820214.png\",\"contentUrl\":\"https:\/\/atlanticbooks.ca\/wp-content\/uploads\/biblioshare_attachments\/9782896820214.png\",\"width\":1132,\"height\":1000},{\"@type\":\"BreadcrumbList\",\"@id\":\"https:\/\/atlanticbooks.ca\/fr\/livres\/ma-maman-toute-neuve#breadcrumb\",\"itemListElement\":[{\"@type\":\"ListItem\",\"position\":1,\"name\":\"Domicile\",\"item\":\"https:\/\/atlanticbooks.ca\/fr\"},{\"@type\":\"ListItem\",\"position\":2,\"name\":\"Collections\",\"item\":\"https:\/\/atlanticbooks.ca\/fr\/collections\"},{\"@type\":\"ListItem\",\"position\":3,\"name\":\"Ma maman toute neuve\"}]},{\"@type\":\"WebSite\",\"@id\":\"https:\/\/atlanticbooks.ca\/fr\/#website\",\"url\":\"https:\/\/atlanticbooks.ca\/fr\/\",\"name\":\"Atlantic Books\",\"description\":\"Atlantic Books\",\"publisher\":{\"@id\":\"https:\/\/atlanticbooks.ca\/fr\/#organization\"},\"potentialAction\":[{\"@type\":\"SearchAction\",\"target\":{\"@type\":\"EntryPoint\",\"urlTemplate\":\"https:\/\/atlanticbooks.ca\/fr\/?s={search_term_string}\"},\"query-input\":{\"@type\":\"PropertyValueSpecification\",\"valueRequired\":true,\"valueName\":\"search_term_string\"}}],\"inLanguage\":\"fr-FR\"},{\"@type\":\"Organization\",\"@id\":\"https:\/\/atlanticbooks.ca\/fr\/#organization\",\"name\":\"Atlantic Books\",\"url\":\"https:\/\/atlanticbooks.ca\/fr\/\",\"logo\":{\"@type\":\"ImageObject\",\"inLanguage\":\"fr-FR\",\"@id\":\"https:\/\/atlanticbooks.ca\/fr\/#\/schema\/logo\/image\/\",\"url\":\"https:\/\/atlanticbooks.ca\/wp-content\/uploads\/2020\/10\/atlantic-books-logo.png\",\"contentUrl\":\"https:\/\/atlanticbooks.ca\/wp-content\/uploads\/2020\/10\/atlantic-books-logo.png\",\"width\":566,\"height\":111,\"caption\":\"Atlantic Books\"},\"image\":{\"@id\":\"https:\/\/atlanticbooks.ca\/fr\/#\/schema\/logo\/image\/\"}}]}<\/script>\n<!-- \/ Yoast SEO plugin. -->","yoast_head_json":{"title":"Ma maman toute neuve - Atlantic Books","robots":{"index":"index","follow":"follow","max-snippet":"max-snippet:-1","max-image-preview":"max-image-preview:large","max-video-preview":"max-video-preview:-1"},"canonical":"https:\/\/atlanticbooks.ca\/fr\/livres\/ma-maman-toute-neuve","og_locale":"fr_FR","og_type":"article","og_title":"Ma maman toute neuve - Atlantic Books","og_description":"C\u2019est d\u00e9cid\u00e9, je d\u00e9m\u00e9nage\u2009! Mon papa et ma maman ont d\u00e9cid\u00e9 de nous fabriquer un petit fr\u00e8re sans nous demander la permission. Mon presque b\u00e9b\u00e9 fr\u00e8re n\u2019est pas encore l\u00e0 [&hellip;]","og_url":"https:\/\/atlanticbooks.ca\/fr\/livres\/ma-maman-toute-neuve","og_site_name":"Atlantic Books","article_modified_time":"2022-11-10T02:09:54+00:00","og_image":[{"width":1132,"height":1000,"url":"https:\/\/atlanticbooks.mystagingwebsite.com\/wp-content\/uploads\/biblioshare_attachments\/9782896820214.png","type":"image\/png"}],"twitter_card":"summary_large_image","schema":{"@context":"https:\/\/schema.org","@graph":[{"@type":"WebPage","@id":"https:\/\/atlanticbooks.ca\/fr\/livres\/ma-maman-toute-neuve","url":"https:\/\/atlanticbooks.ca\/fr\/livres\/ma-maman-toute-neuve","name":"Ma maman toute neuve - Atlantic Books","isPartOf":{"@id":"https:\/\/atlanticbooks.ca\/fr\/#website"},"primaryImageOfPage":{"@id":"https:\/\/atlanticbooks.ca\/fr\/livres\/ma-maman-toute-neuve#primaryimage"},"image":{"@id":"https:\/\/atlanticbooks.ca\/fr\/livres\/ma-maman-toute-neuve#primaryimage"},"thumbnailUrl":"https:\/\/atlanticbooks.ca\/wp-content\/uploads\/biblioshare_attachments\/9782896820214.png","datePublished":"2020-09-28T22:31:05+00:00","dateModified":"2022-11-10T02:09:54+00:00","breadcrumb":{"@id":"https:\/\/atlanticbooks.ca\/fr\/livres\/ma-maman-toute-neuve#breadcrumb"},"inLanguage":"fr-FR","potentialAction":[{"@type":"ReadAction","target":["https:\/\/atlanticbooks.ca\/fr\/livres\/ma-maman-toute-neuve"]}]},{"@type":"ImageObject","inLanguage":"fr-FR","@id":"https:\/\/atlanticbooks.ca\/fr\/livres\/ma-maman-toute-neuve#primaryimage","url":"https:\/\/atlanticbooks.ca\/wp-content\/uploads\/biblioshare_attachments\/9782896820214.png","contentUrl":"https:\/\/atlanticbooks.ca\/wp-content\/uploads\/biblioshare_attachments\/9782896820214.png","width":1132,"height":1000},{"@type":"BreadcrumbList","@id":"https:\/\/atlanticbooks.ca\/fr\/livres\/ma-maman-toute-neuve#breadcrumb","itemListElement":[{"@type":"ListItem","position":1,"name":"Domicile","item":"https:\/\/atlanticbooks.ca\/fr"},{"@type":"ListItem","position":2,"name":"Collections","item":"https:\/\/atlanticbooks.ca\/fr\/collections"},{"@type":"ListItem","position":3,"name":"Ma maman toute neuve"}]},{"@type":"WebSite","@id":"https:\/\/atlanticbooks.ca\/fr\/#website","url":"https:\/\/atlanticbooks.ca\/fr\/","name":"Atlantic Books","description":"Atlantic Books","publisher":{"@id":"https:\/\/atlanticbooks.ca\/fr\/#organization"},"potentialAction":[{"@type":"SearchAction","target":{"@type":"EntryPoint","urlTemplate":"https:\/\/atlanticbooks.ca\/fr\/?s={search_term_string}"},"query-input":{"@type":"PropertyValueSpecification","valueRequired":true,"valueName":"search_term_string"}}],"inLanguage":"fr-FR"},{"@type":"Organization","@id":"https:\/\/atlanticbooks.ca\/fr\/#organization","name":"Atlantic Books","url":"https:\/\/atlanticbooks.ca\/fr\/","logo":{"@type":"ImageObject","inLanguage":"fr-FR","@id":"https:\/\/atlanticbooks.ca\/fr\/#\/schema\/logo\/image\/","url":"https:\/\/atlanticbooks.ca\/wp-content\/uploads\/2020\/10\/atlantic-books-logo.png","contentUrl":"https:\/\/atlanticbooks.ca\/wp-content\/uploads\/2020\/10\/atlantic-books-logo.png","width":566,"height":111,"caption":"Atlantic Books"},"image":{"@id":"https:\/\/atlanticbooks.ca\/fr\/#\/schema\/logo\/image\/"}}]}},"_links":{"self":[{"href":"https:\/\/atlanticbooks.ca\/fr\/wp-json\/wp\/v2\/product\/66669","targetHints":{"allow":["GET"]}}],"collection":[{"href":"https:\/\/atlanticbooks.ca\/fr\/wp-json\/wp\/v2\/product"}],"about":[{"href":"https:\/\/atlanticbooks.ca\/fr\/wp-json\/wp\/v2\/types\/product"}],"wp:featuredmedia":[{"embeddable":true,"href":"https:\/\/atlanticbooks.ca\/fr\/wp-json\/wp\/v2\/media\/30295"}],"wp:attachment":[{"href":"https:\/\/atlanticbooks.ca\/fr\/wp-json\/wp\/v2\/media?parent=66669"}],"wp:term":[{"taxonomy":"product_brand","embeddable":true,"href":"https:\/\/atlanticbooks.ca\/fr\/wp-json\/wp\/v2\/product_brand?post=66669"},{"taxonomy":"product_cat","embeddable":true,"href":"https:\/\/atlanticbooks.ca\/fr\/wp-json\/wp\/v2\/product_cat?post=66669"},{"taxonomy":"product_tag","embeddable":true,"href":"https:\/\/atlanticbooks.ca\/fr\/wp-json\/wp\/v2\/product_tag?post=66669"}],"curies":[{"name":"wp","href":"https:\/\/api.w.org\/{rel}","templated":true}]}}