{"id":66589,"date":"2020-09-28T22:31:29","date_gmt":"2020-09-28T22:31:29","guid":{"rendered":"https:\/\/atlanticbooks.ca\/books\/zim-simagine\/"},"modified":"2022-11-09T23:02:50","modified_gmt":"2022-11-09T23:02:50","slug":"zim-simagine","status":"publish","type":"product","link":"https:\/\/atlanticbooks.ca\/fr\/livres\/zim-simagine","title":{"rendered":"Zim s&rsquo;imagine"},"content":{"rendered":"<p>English description follows.<\/p>\n<p>\u00c0 quoi un chat pense-t-il<\/p>\n<p>lorsqu\u2019il grimpe dans les rideaux<br \/>\nou qu&rsquo;il fait le guet sur le frigo\u2026?<\/p>\n<p>Chat domestique ou chat de goutti\u00e8re, chat myst\u00e9rieux ou chat p\u00e9p\u00e8re, tous les f\u00e9lins sont des aventuriers \u00e0 leur mani\u00e8re\u2009! Qui n\u2019a jamais rigol\u00e9 de la dr\u00f4le de position dans laquelle un chat s\u2019\u00e9tait plac\u00e9\u2009? Zim est un minet \u00e0 l\u2019imagination d\u00e9bordante, qui fera d\u00e9couvrir aux enfants\u2009: des mots, des rimes, des images et des situations rocambolesques\u2009!<\/p>\n<p>Domestic cat or street cat, mysterious cat or old cat: all feline friends are adventurers in their own way. Who hasn&rsquo;t laughed at a silly pose a cat has taken? Zim is a kitty with a vivid imagination, and with him children will discover words, rhymes, pictures and incredible situations!<\/p>\n","protected":false},"excerpt":{"rendered":"<p>Domestic cat or street cat, mysterious cat or old cat: all feline friends are adventurers in their own way. Who hasn&rsquo;t laughed at a silly pose a cat has taken? Zim is a kitty with a vivid imagination, and with him children will discover words, rhymes, pictures and incredible situations!<\/p>\n","protected":false},"featured_media":67369,"template":"","meta":{"_genesis_hide_title":false,"_genesis_hide_breadcrumbs":false,"_genesis_hide_singular_image":false,"_genesis_hide_footer_widgets":false,"_genesis_custom_body_class":"","_genesis_custom_post_class":"","_genesis_layout":""},"product_brand":[],"product_cat":[14830,12776,14827,14828],"product_tag":[],"class_list":{"0":"post-66589","1":"product","2":"type-product","3":"status-publish","4":"has-post-thumbnail","5":"product_language-fre","6":"product_subjects-juvenile-fiction-fr","7":"product_subjects-animals-fr","8":"product_subjects-cats-fr","9":"product_reading_range-8-fr","10":"product_reading_range-7-fr","11":"product_reading_range-4-fr","12":"product_reading_range-5-fr","13":"product_reading_range-6-fr","14":"product_interest_range-7-fr","15":"product_interest_range-8-fr","16":"product_interest_range-4-fr","17":"product_interest_range-5-fr","18":"product_interest_range-6-fr","19":"product_grade_range-kindergarten-fr","20":"product_grade_range-first-grade-fr","21":"product_grade_range-second-grade-fr","22":"product_grade_range-third-grade-fr","23":"product_curriculumsubject-francais-programmes-detudes-fr","24":"product_curriculumsubject-immersion-2-fr","25":"product_curriculumsubject-francais-arts-langagiers-im-fr","26":"product_curriculumsubject-francais-arts-langagiers-fr","27":"product_edi_languages-francais-fr","28":"biblio_share_tag-juvenile-fiction-animals-cats-fr","29":"product_cat-top-picks-from-reading-time-fr","30":"product_cat-abc-fr-2","31":"product_cat-time-to-lire-en-francais-fr","32":"product_cat-lis-en-francais-fr","33":"product_shipping_class-abc-test-fr","34":"entry","36":"first","37":"instock","38":"purchasable","39":"product-type-simple"},"yoast_head":"<!-- This site is optimized with the Yoast SEO plugin v24.0 - https:\/\/yoast.com\/wordpress\/plugins\/seo\/ -->\n<title>Zim s&#039;imagine - Atlantic Books<\/title>\n<meta name=\"robots\" content=\"index, follow, max-snippet:-1, max-image-preview:large, max-video-preview:-1\" \/>\n<link rel=\"canonical\" href=\"https:\/\/atlanticbooks.ca\/fr\/livres\/zim-simagine\" \/>\n<meta property=\"og:locale\" content=\"fr_FR\" \/>\n<meta property=\"og:type\" content=\"article\" \/>\n<meta property=\"og:title\" content=\"Zim s&#039;imagine - Atlantic Books\" \/>\n<meta property=\"og:description\" content=\"Domestic cat or street cat, mysterious cat or old cat: all feline friends are adventurers in their own way. Who hasn&#039;t laughed at a silly pose a cat has taken? Zim is a kitty with a vivid imagination, and with him children will discover words, rhymes, pictures and incredible situations!\" \/>\n<meta property=\"og:url\" content=\"https:\/\/atlanticbooks.ca\/fr\/livres\/zim-simagine\" \/>\n<meta property=\"og:site_name\" content=\"Atlantic Books\" \/>\n<meta property=\"article:modified_time\" content=\"2022-11-09T23:02:50+00:00\" \/>\n<meta property=\"og:image\" content=\"https:\/\/atlanticbooks.mystagingwebsite.com\/wp-content\/uploads\/biblioshare_attachments\/9782897500344.png\" \/>\n\t<meta property=\"og:image:width\" content=\"1419\" \/>\n\t<meta property=\"og:image:height\" content=\"1764\" \/>\n\t<meta property=\"og:image:type\" content=\"image\/png\" \/>\n<meta name=\"twitter:card\" content=\"summary_large_image\" \/>\n<meta name=\"twitter:label1\" content=\"Dur\u00e9e de lecture estim\u00e9e\" \/>\n\t<meta name=\"twitter:data1\" content=\"1 minute\" \/>\n<script type=\"application\/ld+json\" class=\"yoast-schema-graph\">{\"@context\":\"https:\/\/schema.org\",\"@graph\":[{\"@type\":\"WebPage\",\"@id\":\"https:\/\/atlanticbooks.ca\/fr\/livres\/zim-simagine\",\"url\":\"https:\/\/atlanticbooks.ca\/fr\/livres\/zim-simagine\",\"name\":\"Zim s'imagine - Atlantic Books\",\"isPartOf\":{\"@id\":\"https:\/\/atlanticbooks.ca\/fr\/#website\"},\"primaryImageOfPage\":{\"@id\":\"https:\/\/atlanticbooks.ca\/fr\/livres\/zim-simagine#primaryimage\"},\"image\":{\"@id\":\"https:\/\/atlanticbooks.ca\/fr\/livres\/zim-simagine#primaryimage\"},\"thumbnailUrl\":\"https:\/\/atlanticbooks.ca\/wp-content\/uploads\/biblioshare_attachments\/9782897500344.png\",\"datePublished\":\"2020-09-28T22:31:29+00:00\",\"dateModified\":\"2022-11-09T23:02:50+00:00\",\"breadcrumb\":{\"@id\":\"https:\/\/atlanticbooks.ca\/fr\/livres\/zim-simagine#breadcrumb\"},\"inLanguage\":\"fr-FR\",\"potentialAction\":[{\"@type\":\"ReadAction\",\"target\":[\"https:\/\/atlanticbooks.ca\/fr\/livres\/zim-simagine\"]}]},{\"@type\":\"ImageObject\",\"inLanguage\":\"fr-FR\",\"@id\":\"https:\/\/atlanticbooks.ca\/fr\/livres\/zim-simagine#primaryimage\",\"url\":\"https:\/\/atlanticbooks.ca\/wp-content\/uploads\/biblioshare_attachments\/9782897500344.png\",\"contentUrl\":\"https:\/\/atlanticbooks.ca\/wp-content\/uploads\/biblioshare_attachments\/9782897500344.png\",\"width\":1419,\"height\":1764},{\"@type\":\"BreadcrumbList\",\"@id\":\"https:\/\/atlanticbooks.ca\/fr\/livres\/zim-simagine#breadcrumb\",\"itemListElement\":[{\"@type\":\"ListItem\",\"position\":1,\"name\":\"Domicile\",\"item\":\"https:\/\/atlanticbooks.ca\/fr\"},{\"@type\":\"ListItem\",\"position\":2,\"name\":\"Collections\",\"item\":\"https:\/\/atlanticbooks.ca\/fr\/collections\"},{\"@type\":\"ListItem\",\"position\":3,\"name\":\"Zim s&#8217;imagine\"}]},{\"@type\":\"WebSite\",\"@id\":\"https:\/\/atlanticbooks.ca\/fr\/#website\",\"url\":\"https:\/\/atlanticbooks.ca\/fr\/\",\"name\":\"Atlantic Books\",\"description\":\"Atlantic Books\",\"publisher\":{\"@id\":\"https:\/\/atlanticbooks.ca\/fr\/#organization\"},\"potentialAction\":[{\"@type\":\"SearchAction\",\"target\":{\"@type\":\"EntryPoint\",\"urlTemplate\":\"https:\/\/atlanticbooks.ca\/fr\/?s={search_term_string}\"},\"query-input\":{\"@type\":\"PropertyValueSpecification\",\"valueRequired\":true,\"valueName\":\"search_term_string\"}}],\"inLanguage\":\"fr-FR\"},{\"@type\":\"Organization\",\"@id\":\"https:\/\/atlanticbooks.ca\/fr\/#organization\",\"name\":\"Atlantic Books\",\"url\":\"https:\/\/atlanticbooks.ca\/fr\/\",\"logo\":{\"@type\":\"ImageObject\",\"inLanguage\":\"fr-FR\",\"@id\":\"https:\/\/atlanticbooks.ca\/fr\/#\/schema\/logo\/image\/\",\"url\":\"https:\/\/atlanticbooks.ca\/wp-content\/uploads\/2020\/10\/atlantic-books-logo.png\",\"contentUrl\":\"https:\/\/atlanticbooks.ca\/wp-content\/uploads\/2020\/10\/atlantic-books-logo.png\",\"width\":566,\"height\":111,\"caption\":\"Atlantic Books\"},\"image\":{\"@id\":\"https:\/\/atlanticbooks.ca\/fr\/#\/schema\/logo\/image\/\"}}]}<\/script>\n<!-- \/ Yoast SEO plugin. -->","yoast_head_json":{"title":"Zim s'imagine - Atlantic Books","robots":{"index":"index","follow":"follow","max-snippet":"max-snippet:-1","max-image-preview":"max-image-preview:large","max-video-preview":"max-video-preview:-1"},"canonical":"https:\/\/atlanticbooks.ca\/fr\/livres\/zim-simagine","og_locale":"fr_FR","og_type":"article","og_title":"Zim s'imagine - Atlantic Books","og_description":"Domestic cat or street cat, mysterious cat or old cat: all feline friends are adventurers in their own way. Who hasn't laughed at a silly pose a cat has taken? Zim is a kitty with a vivid imagination, and with him children will discover words, rhymes, pictures and incredible situations!","og_url":"https:\/\/atlanticbooks.ca\/fr\/livres\/zim-simagine","og_site_name":"Atlantic Books","article_modified_time":"2022-11-09T23:02:50+00:00","og_image":[{"width":1419,"height":1764,"url":"https:\/\/atlanticbooks.mystagingwebsite.com\/wp-content\/uploads\/biblioshare_attachments\/9782897500344.png","type":"image\/png"}],"twitter_card":"summary_large_image","twitter_misc":{"Dur\u00e9e de lecture estim\u00e9e":"1 minute"},"schema":{"@context":"https:\/\/schema.org","@graph":[{"@type":"WebPage","@id":"https:\/\/atlanticbooks.ca\/fr\/livres\/zim-simagine","url":"https:\/\/atlanticbooks.ca\/fr\/livres\/zim-simagine","name":"Zim s'imagine - Atlantic Books","isPartOf":{"@id":"https:\/\/atlanticbooks.ca\/fr\/#website"},"primaryImageOfPage":{"@id":"https:\/\/atlanticbooks.ca\/fr\/livres\/zim-simagine#primaryimage"},"image":{"@id":"https:\/\/atlanticbooks.ca\/fr\/livres\/zim-simagine#primaryimage"},"thumbnailUrl":"https:\/\/atlanticbooks.ca\/wp-content\/uploads\/biblioshare_attachments\/9782897500344.png","datePublished":"2020-09-28T22:31:29+00:00","dateModified":"2022-11-09T23:02:50+00:00","breadcrumb":{"@id":"https:\/\/atlanticbooks.ca\/fr\/livres\/zim-simagine#breadcrumb"},"inLanguage":"fr-FR","potentialAction":[{"@type":"ReadAction","target":["https:\/\/atlanticbooks.ca\/fr\/livres\/zim-simagine"]}]},{"@type":"ImageObject","inLanguage":"fr-FR","@id":"https:\/\/atlanticbooks.ca\/fr\/livres\/zim-simagine#primaryimage","url":"https:\/\/atlanticbooks.ca\/wp-content\/uploads\/biblioshare_attachments\/9782897500344.png","contentUrl":"https:\/\/atlanticbooks.ca\/wp-content\/uploads\/biblioshare_attachments\/9782897500344.png","width":1419,"height":1764},{"@type":"BreadcrumbList","@id":"https:\/\/atlanticbooks.ca\/fr\/livres\/zim-simagine#breadcrumb","itemListElement":[{"@type":"ListItem","position":1,"name":"Domicile","item":"https:\/\/atlanticbooks.ca\/fr"},{"@type":"ListItem","position":2,"name":"Collections","item":"https:\/\/atlanticbooks.ca\/fr\/collections"},{"@type":"ListItem","position":3,"name":"Zim s&#8217;imagine"}]},{"@type":"WebSite","@id":"https:\/\/atlanticbooks.ca\/fr\/#website","url":"https:\/\/atlanticbooks.ca\/fr\/","name":"Atlantic Books","description":"Atlantic Books","publisher":{"@id":"https:\/\/atlanticbooks.ca\/fr\/#organization"},"potentialAction":[{"@type":"SearchAction","target":{"@type":"EntryPoint","urlTemplate":"https:\/\/atlanticbooks.ca\/fr\/?s={search_term_string}"},"query-input":{"@type":"PropertyValueSpecification","valueRequired":true,"valueName":"search_term_string"}}],"inLanguage":"fr-FR"},{"@type":"Organization","@id":"https:\/\/atlanticbooks.ca\/fr\/#organization","name":"Atlantic Books","url":"https:\/\/atlanticbooks.ca\/fr\/","logo":{"@type":"ImageObject","inLanguage":"fr-FR","@id":"https:\/\/atlanticbooks.ca\/fr\/#\/schema\/logo\/image\/","url":"https:\/\/atlanticbooks.ca\/wp-content\/uploads\/2020\/10\/atlantic-books-logo.png","contentUrl":"https:\/\/atlanticbooks.ca\/wp-content\/uploads\/2020\/10\/atlantic-books-logo.png","width":566,"height":111,"caption":"Atlantic Books"},"image":{"@id":"https:\/\/atlanticbooks.ca\/fr\/#\/schema\/logo\/image\/"}}]}},"_links":{"self":[{"href":"https:\/\/atlanticbooks.ca\/fr\/wp-json\/wp\/v2\/product\/66589","targetHints":{"allow":["GET"]}}],"collection":[{"href":"https:\/\/atlanticbooks.ca\/fr\/wp-json\/wp\/v2\/product"}],"about":[{"href":"https:\/\/atlanticbooks.ca\/fr\/wp-json\/wp\/v2\/types\/product"}],"wp:featuredmedia":[{"embeddable":true,"href":"https:\/\/atlanticbooks.ca\/fr\/wp-json\/wp\/v2\/media\/67369"}],"wp:attachment":[{"href":"https:\/\/atlanticbooks.ca\/fr\/wp-json\/wp\/v2\/media?parent=66589"}],"wp:term":[{"taxonomy":"product_brand","embeddable":true,"href":"https:\/\/atlanticbooks.ca\/fr\/wp-json\/wp\/v2\/product_brand?post=66589"},{"taxonomy":"product_cat","embeddable":true,"href":"https:\/\/atlanticbooks.ca\/fr\/wp-json\/wp\/v2\/product_cat?post=66589"},{"taxonomy":"product_tag","embeddable":true,"href":"https:\/\/atlanticbooks.ca\/fr\/wp-json\/wp\/v2\/product_tag?post=66589"}],"curies":[{"name":"wp","href":"https:\/\/api.w.org\/{rel}","templated":true}]}}