{"id":66384,"date":"2020-10-08T13:51:36","date_gmt":"2020-10-08T13:51:36","guid":{"rendered":"https:\/\/atlanticbooks.ca\/books\/land-water-sky\/"},"modified":"2022-11-09T23:07:46","modified_gmt":"2022-11-09T23:07:46","slug":"land-water-sky","status":"publish","type":"product","link":"https:\/\/atlanticbooks.ca\/fr\/livres\/land-water-sky","title":{"rendered":"Land-Water-Sky \/ Nd\u00e8-Ti-Yat\u2019a"},"content":{"rendered":"<p>\t\t\t&lt;p&gt;A vexatious shapeshifter walks among humans. Shadowy beasts skulk at the edges of the woods. A ghostly apparition haunts a lonely stretch of highway. Spirits and legends rise and join together to protect the north.&lt;\/p&gt;<br \/>\n\t\t\t&lt;p&gt;<br \/>\n\t\t\t\t&lt;em&gt;Land-Water-Sky\/Nd\u00e8-T\u0131-Yat\u2019a&lt;\/em&gt; is the debut novel from Dene author Kat\u0142\u0131\u00e0. Set in Canada\u2019s far north, this layered composite novel traverses space and time, from a community being stalked by a dark presence, a group of teenagers out for a dangerous joyride, to an archeological site on a mysterious island that holds a powerful secret.&lt;\/p&gt;<br \/>\n\t\t\t\t&lt;p&gt;Riveting, subtle, and unforgettable, Kat\u0142\u0131\u00e0 gives us a unique perspective into what the world might look like today if Indigenous legends walked amongst us, disguised as humans, and ensures that the spiritual significance and teachings behind the stories of Indigenous legends are respected and honored.&lt;\/p&gt;<br \/>\n\t\t\t\t&lt;p&gt;We acknowledge the support of Arts Nova Scotia.&lt;\/p&gt;<\/p>\n","protected":false},"excerpt":{"rendered":"<p>&lt;p&gt;Land-Water-Sky\/Nd\u00e8-Ti-Yat\u2019a is the debut novel from Dene author Katli\u00e0. Set in Canada\u2019s far north, this layered composite novel traverses space and time, from a community being stalked by a dark presence, a group of teenagers out for a dangerous joyride, to an archeological site on a mysterious island that holds a powerful secret.&lt;\/p&gt;<\/p>\n","protected":false},"featured_media":53780,"template":"","meta":{"_genesis_hide_title":false,"_genesis_hide_breadcrumbs":false,"_genesis_hide_singular_image":false,"_genesis_hide_footer_widgets":false,"_genesis_custom_body_class":"","_genesis_custom_post_class":"","_genesis_layout":""},"product_brand":[],"product_cat":[12776,15842],"product_tag":[],"class_list":{"0":"post-66384","1":"product","2":"type-product","3":"status-publish","4":"has-post-thumbnail","5":"product_language-eng-fr","6":"product_subjects-fiction-fr","7":"product_subjects-indigenous-fiction-fr","8":"product_reading_range-18-fr","9":"product_reading_range-19-fr","10":"product_reading_range-20-fr","11":"product_reading_range-21-fr","12":"product_reading_range-16-fr","13":"product_reading_range-17-fr","14":"product_interest_range-21-fr","15":"product_interest_range-16-fr","16":"product_interest_range-17-fr","17":"product_interest_range-18-fr","18":"product_interest_range-19-fr","19":"product_interest_range-20-fr","20":"product_grade_range-tenth-grade-fr","21":"product_grade_range-eleventh-grade-fr","22":"product_grade_range-twelfth-grade-fr","23":"product_curriculumsubject-english-curriculum-subjects-fr","24":"product_curriculumsubject-english-language-arts-fr","25":"product_curriculumsubject-canadian-literature-fr","26":"product_curriculumsubject-social-studies-fr","27":"product_curriculumsubject-indigenous-studies-fr","28":"product_skills_concepts-apprentissage-social-et-emotionnel","29":"product_edi_priority_areas-races-et-ethnies","30":"product_edi_author-autrice","31":"product_edi_author-auteur-trice-autochtone","32":"product_edi_author-cree-author-fr","33":"product_edi_author-dene-author-fr","34":"product_edi_author-metis-author-fr","35":"product_edi_history_culture-indigenous-histories-cultures-fr","36":"product_edi_history_culture-dene-history-culture-fr","37":"product_edi_subjects_themes-indigenous-diaspora-fr","38":"product_edi_subjects_themes-cultural-identity-and-community-fr","39":"product_edi_subjects_themes-spirituality-fr","40":"product_edi_characters-personnages-autochtones","41":"product_edi_characters-dene-characters-fr","42":"biblio_share_tag-fiction-indigenous-fr","43":"product_cat-abc-fr-2","44":"product_cat-kings-ebooks-and-audiobooks-fr","45":"product_shipping_class-abc-test-fr","46":"entry","48":"first","49":"instock","50":"taxable","51":"shipping-taxable","52":"purchasable","53":"product-type-simple"},"yoast_head":"<!-- This site is optimized with the Yoast SEO plugin v24.0 - https:\/\/yoast.com\/wordpress\/plugins\/seo\/ -->\n<title>Land-Water-Sky \/ Nd\u00e8-Ti-Yat\u2019a - Atlantic Books<\/title>\n<meta name=\"robots\" content=\"index, follow, max-snippet:-1, max-image-preview:large, max-video-preview:-1\" \/>\n<link rel=\"canonical\" href=\"https:\/\/atlanticbooks.ca\/fr\/livres\/land-water-sky\" \/>\n<meta property=\"og:locale\" content=\"fr_FR\" \/>\n<meta property=\"og:type\" content=\"article\" \/>\n<meta property=\"og:title\" content=\"Land-Water-Sky \/ Nd\u00e8-Ti-Yat\u2019a - Atlantic Books\" \/>\n<meta property=\"og:description\" content=\"&lt;p&gt;Land-Water-Sky\/Nd\u00e8-Ti-Yat\u2019a is the debut novel from Dene author Katli\u00e0. Set in Canada\u2019s far north, this layered composite novel traverses space and time, from a community being stalked by a dark presence, a group of teenagers out for a dangerous joyride, to an archeological site on a mysterious island that holds a powerful secret.&lt;\/p&gt;\" \/>\n<meta property=\"og:url\" content=\"https:\/\/atlanticbooks.ca\/fr\/livres\/land-water-sky\" \/>\n<meta property=\"og:site_name\" content=\"Atlantic Books\" \/>\n<meta property=\"article:modified_time\" content=\"2022-11-09T23:07:46+00:00\" \/>\n<meta property=\"og:image\" content=\"https:\/\/atlanticbooks.mystagingwebsite.com\/wp-content\/uploads\/biblioshare_attachments\/9781773632377.png\" \/>\n\t<meta property=\"og:image:width\" content=\"1650\" \/>\n\t<meta property=\"og:image:height\" content=\"2550\" \/>\n\t<meta property=\"og:image:type\" content=\"image\/png\" \/>\n<meta name=\"twitter:card\" content=\"summary_large_image\" \/>\n<meta name=\"twitter:label1\" content=\"Dur\u00e9e de lecture estim\u00e9e\" \/>\n\t<meta name=\"twitter:data1\" content=\"1 minute\" \/>\n<script type=\"application\/ld+json\" class=\"yoast-schema-graph\">{\"@context\":\"https:\/\/schema.org\",\"@graph\":[{\"@type\":\"WebPage\",\"@id\":\"https:\/\/atlanticbooks.ca\/fr\/livres\/land-water-sky\",\"url\":\"https:\/\/atlanticbooks.ca\/fr\/livres\/land-water-sky\",\"name\":\"Land-Water-Sky \/ Nd\u00e8-Ti-Yat\u2019a - Atlantic Books\",\"isPartOf\":{\"@id\":\"https:\/\/atlanticbooks.ca\/fr\/#website\"},\"primaryImageOfPage\":{\"@id\":\"https:\/\/atlanticbooks.ca\/fr\/livres\/land-water-sky#primaryimage\"},\"image\":{\"@id\":\"https:\/\/atlanticbooks.ca\/fr\/livres\/land-water-sky#primaryimage\"},\"thumbnailUrl\":\"https:\/\/atlanticbooks.ca\/wp-content\/uploads\/biblioshare_attachments\/9781773632377.png\",\"datePublished\":\"2020-10-08T13:51:36+00:00\",\"dateModified\":\"2022-11-09T23:07:46+00:00\",\"breadcrumb\":{\"@id\":\"https:\/\/atlanticbooks.ca\/fr\/livres\/land-water-sky#breadcrumb\"},\"inLanguage\":\"fr-FR\",\"potentialAction\":[{\"@type\":\"ReadAction\",\"target\":[\"https:\/\/atlanticbooks.ca\/fr\/livres\/land-water-sky\"]}]},{\"@type\":\"ImageObject\",\"inLanguage\":\"fr-FR\",\"@id\":\"https:\/\/atlanticbooks.ca\/fr\/livres\/land-water-sky#primaryimage\",\"url\":\"https:\/\/atlanticbooks.ca\/wp-content\/uploads\/biblioshare_attachments\/9781773632377.png\",\"contentUrl\":\"https:\/\/atlanticbooks.ca\/wp-content\/uploads\/biblioshare_attachments\/9781773632377.png\",\"width\":1650,\"height\":2550},{\"@type\":\"BreadcrumbList\",\"@id\":\"https:\/\/atlanticbooks.ca\/fr\/livres\/land-water-sky#breadcrumb\",\"itemListElement\":[{\"@type\":\"ListItem\",\"position\":1,\"name\":\"Domicile\",\"item\":\"https:\/\/atlanticbooks.ca\/fr\"},{\"@type\":\"ListItem\",\"position\":2,\"name\":\"Collections\",\"item\":\"https:\/\/atlanticbooks.ca\/fr\/collections\"},{\"@type\":\"ListItem\",\"position\":3,\"name\":\"Land-Water-Sky \/ Nd\u00e8-Ti-Yat\u2019a\"}]},{\"@type\":\"WebSite\",\"@id\":\"https:\/\/atlanticbooks.ca\/fr\/#website\",\"url\":\"https:\/\/atlanticbooks.ca\/fr\/\",\"name\":\"Atlantic Books\",\"description\":\"Atlantic Books\",\"publisher\":{\"@id\":\"https:\/\/atlanticbooks.ca\/fr\/#organization\"},\"potentialAction\":[{\"@type\":\"SearchAction\",\"target\":{\"@type\":\"EntryPoint\",\"urlTemplate\":\"https:\/\/atlanticbooks.ca\/fr\/?s={search_term_string}\"},\"query-input\":{\"@type\":\"PropertyValueSpecification\",\"valueRequired\":true,\"valueName\":\"search_term_string\"}}],\"inLanguage\":\"fr-FR\"},{\"@type\":\"Organization\",\"@id\":\"https:\/\/atlanticbooks.ca\/fr\/#organization\",\"name\":\"Atlantic Books\",\"url\":\"https:\/\/atlanticbooks.ca\/fr\/\",\"logo\":{\"@type\":\"ImageObject\",\"inLanguage\":\"fr-FR\",\"@id\":\"https:\/\/atlanticbooks.ca\/fr\/#\/schema\/logo\/image\/\",\"url\":\"https:\/\/atlanticbooks.ca\/wp-content\/uploads\/2020\/10\/atlantic-books-logo.png\",\"contentUrl\":\"https:\/\/atlanticbooks.ca\/wp-content\/uploads\/2020\/10\/atlantic-books-logo.png\",\"width\":566,\"height\":111,\"caption\":\"Atlantic Books\"},\"image\":{\"@id\":\"https:\/\/atlanticbooks.ca\/fr\/#\/schema\/logo\/image\/\"}}]}<\/script>\n<!-- \/ Yoast SEO plugin. -->","yoast_head_json":{"title":"Land-Water-Sky \/ Nd\u00e8-Ti-Yat\u2019a - Atlantic Books","robots":{"index":"index","follow":"follow","max-snippet":"max-snippet:-1","max-image-preview":"max-image-preview:large","max-video-preview":"max-video-preview:-1"},"canonical":"https:\/\/atlanticbooks.ca\/fr\/livres\/land-water-sky","og_locale":"fr_FR","og_type":"article","og_title":"Land-Water-Sky \/ Nd\u00e8-Ti-Yat\u2019a - Atlantic Books","og_description":"&lt;p&gt;Land-Water-Sky\/Nd\u00e8-Ti-Yat\u2019a is the debut novel from Dene author Katli\u00e0. Set in Canada\u2019s far north, this layered composite novel traverses space and time, from a community being stalked by a dark presence, a group of teenagers out for a dangerous joyride, to an archeological site on a mysterious island that holds a powerful secret.&lt;\/p&gt;","og_url":"https:\/\/atlanticbooks.ca\/fr\/livres\/land-water-sky","og_site_name":"Atlantic Books","article_modified_time":"2022-11-09T23:07:46+00:00","og_image":[{"width":1650,"height":2550,"url":"https:\/\/atlanticbooks.mystagingwebsite.com\/wp-content\/uploads\/biblioshare_attachments\/9781773632377.png","type":"image\/png"}],"twitter_card":"summary_large_image","twitter_misc":{"Dur\u00e9e de lecture estim\u00e9e":"1 minute"},"schema":{"@context":"https:\/\/schema.org","@graph":[{"@type":"WebPage","@id":"https:\/\/atlanticbooks.ca\/fr\/livres\/land-water-sky","url":"https:\/\/atlanticbooks.ca\/fr\/livres\/land-water-sky","name":"Land-Water-Sky \/ Nd\u00e8-Ti-Yat\u2019a - Atlantic Books","isPartOf":{"@id":"https:\/\/atlanticbooks.ca\/fr\/#website"},"primaryImageOfPage":{"@id":"https:\/\/atlanticbooks.ca\/fr\/livres\/land-water-sky#primaryimage"},"image":{"@id":"https:\/\/atlanticbooks.ca\/fr\/livres\/land-water-sky#primaryimage"},"thumbnailUrl":"https:\/\/atlanticbooks.ca\/wp-content\/uploads\/biblioshare_attachments\/9781773632377.png","datePublished":"2020-10-08T13:51:36+00:00","dateModified":"2022-11-09T23:07:46+00:00","breadcrumb":{"@id":"https:\/\/atlanticbooks.ca\/fr\/livres\/land-water-sky#breadcrumb"},"inLanguage":"fr-FR","potentialAction":[{"@type":"ReadAction","target":["https:\/\/atlanticbooks.ca\/fr\/livres\/land-water-sky"]}]},{"@type":"ImageObject","inLanguage":"fr-FR","@id":"https:\/\/atlanticbooks.ca\/fr\/livres\/land-water-sky#primaryimage","url":"https:\/\/atlanticbooks.ca\/wp-content\/uploads\/biblioshare_attachments\/9781773632377.png","contentUrl":"https:\/\/atlanticbooks.ca\/wp-content\/uploads\/biblioshare_attachments\/9781773632377.png","width":1650,"height":2550},{"@type":"BreadcrumbList","@id":"https:\/\/atlanticbooks.ca\/fr\/livres\/land-water-sky#breadcrumb","itemListElement":[{"@type":"ListItem","position":1,"name":"Domicile","item":"https:\/\/atlanticbooks.ca\/fr"},{"@type":"ListItem","position":2,"name":"Collections","item":"https:\/\/atlanticbooks.ca\/fr\/collections"},{"@type":"ListItem","position":3,"name":"Land-Water-Sky \/ Nd\u00e8-Ti-Yat\u2019a"}]},{"@type":"WebSite","@id":"https:\/\/atlanticbooks.ca\/fr\/#website","url":"https:\/\/atlanticbooks.ca\/fr\/","name":"Atlantic Books","description":"Atlantic Books","publisher":{"@id":"https:\/\/atlanticbooks.ca\/fr\/#organization"},"potentialAction":[{"@type":"SearchAction","target":{"@type":"EntryPoint","urlTemplate":"https:\/\/atlanticbooks.ca\/fr\/?s={search_term_string}"},"query-input":{"@type":"PropertyValueSpecification","valueRequired":true,"valueName":"search_term_string"}}],"inLanguage":"fr-FR"},{"@type":"Organization","@id":"https:\/\/atlanticbooks.ca\/fr\/#organization","name":"Atlantic Books","url":"https:\/\/atlanticbooks.ca\/fr\/","logo":{"@type":"ImageObject","inLanguage":"fr-FR","@id":"https:\/\/atlanticbooks.ca\/fr\/#\/schema\/logo\/image\/","url":"https:\/\/atlanticbooks.ca\/wp-content\/uploads\/2020\/10\/atlantic-books-logo.png","contentUrl":"https:\/\/atlanticbooks.ca\/wp-content\/uploads\/2020\/10\/atlantic-books-logo.png","width":566,"height":111,"caption":"Atlantic Books"},"image":{"@id":"https:\/\/atlanticbooks.ca\/fr\/#\/schema\/logo\/image\/"}}]}},"_links":{"self":[{"href":"https:\/\/atlanticbooks.ca\/fr\/wp-json\/wp\/v2\/product\/66384","targetHints":{"allow":["GET"]}}],"collection":[{"href":"https:\/\/atlanticbooks.ca\/fr\/wp-json\/wp\/v2\/product"}],"about":[{"href":"https:\/\/atlanticbooks.ca\/fr\/wp-json\/wp\/v2\/types\/product"}],"wp:featuredmedia":[{"embeddable":true,"href":"https:\/\/atlanticbooks.ca\/fr\/wp-json\/wp\/v2\/media\/53780"}],"wp:attachment":[{"href":"https:\/\/atlanticbooks.ca\/fr\/wp-json\/wp\/v2\/media?parent=66384"}],"wp:term":[{"taxonomy":"product_brand","embeddable":true,"href":"https:\/\/atlanticbooks.ca\/fr\/wp-json\/wp\/v2\/product_brand?post=66384"},{"taxonomy":"product_cat","embeddable":true,"href":"https:\/\/atlanticbooks.ca\/fr\/wp-json\/wp\/v2\/product_cat?post=66384"},{"taxonomy":"product_tag","embeddable":true,"href":"https:\/\/atlanticbooks.ca\/fr\/wp-json\/wp\/v2\/product_tag?post=66384"}],"curies":[{"name":"wp","href":"https:\/\/api.w.org\/{rel}","templated":true}]}}