{"id":66235,"date":"2022-11-13T18:05:30","date_gmt":"2022-11-13T18:05:30","guid":{"rendered":"https:\/\/atlanticbooks.ca\/books\/g-comme-gael\/"},"modified":"2023-08-09T19:38:11","modified_gmt":"2023-08-09T19:38:11","slug":"g-comme-gael","status":"publish","type":"product","link":"https:\/\/atlanticbooks.ca\/fr\/livres\/g-comme-gael","title":{"rendered":"G comme Ga\u00ebl"},"content":{"rendered":"<p>&lt;p&gt;F\u00e0ilte signifie \u00ab bienvenue \u00bb : bienvenue au monde de la culture ga\u00e9lique en Nouvelle-\u00c9cosse! Ce livret est une premi\u00e8re \u00e9tape pour les enfants et les adultes qui souhaitent d\u00e9couvrir et comprendre l\u2019histoire, la culture et l\u2019identit\u00e9 ga\u00e9liques en Nouvelle-\u00c9cosse. Gr\u00e2ce \u00e0 des illustrations joyeuses et des concepts cr\u00e9atifs, les lecteurs pourront explorer et c\u00e9l\u00e9brer l\u2019identit\u00e9 ga\u00e9lique. Ce livret est destin\u00e9 aux enfants, aux enseignants, aux parents, aux grands-parents et \u00e0 toute autre personne qui souhaite en apprendre davantage au sujet de la langue et de la culture ga\u00e9liques en Nouvelle-\u00c9cosse.&lt;\/p&gt;<\/p>\n","protected":false},"excerpt":{"rendered":"<p>&lt;p&gt;F\u00e0ilte signifie \u00ab bienvenue \u00bb : bienvenue au monde de la culture ga\u00e9lique en Nouvelle-\u00c9cosse! Ce livret est une premi\u00e8re \u00e9tape pour les enfants et les adultes qui souhaitent d\u00e9couvrir [&hellip;]<\/p>\n","protected":false},"featured_media":81420,"template":"","meta":{"_genesis_hide_title":false,"_genesis_hide_breadcrumbs":false,"_genesis_hide_singular_image":false,"_genesis_hide_footer_widgets":false,"_genesis_custom_body_class":"","_genesis_custom_post_class":"","_genesis_layout":""},"product_brand":[],"product_cat":[4801,10712],"product_tag":[],"class_list":{"0":"post-66235","1":"product","2":"type-product","3":"status-publish","4":"has-post-thumbnail","5":"product_language-fre","6":"product_language-gla","7":"product_subjects-concepts-juvenile-fiction","8":"product_subjects-canada-people-places","9":"product_subjects-alphabet-concepts-juvenile-fiction","10":"product_subjects-juvenile-fiction","11":"product_reading_range-12717","12":"product_reading_range-12718","13":"product_reading_range-12729","14":"product_reading_range-12730","15":"product_reading_range-12755","16":"product_reading_range-12756","17":"product_reading_range-12757","18":"product_interest_range-12712","19":"product_interest_range-12713","20":"product_interest_range-12714","21":"product_interest_range-12708","22":"product_interest_range-12709","23":"product_interest_range-12710","24":"product_interest_range-12711","25":"product_grade_range-second-grade","26":"product_grade_range-third-grade","27":"product_grade_range-fourth-grade","28":"product_grade_range-fifth-grade","29":"product_grade_range-sixth-grade","30":"product_grade_range-seventh-grade","31":"product_curriculumsubject-francais-programmes-detudes","32":"product_curriculumsubject-immersion-2","33":"product_curriculumsubject-francais-arts-langagiers","34":"product_curriculumsubject-francais-arts-langagiers-2","35":"product_curriculumsubject-sciences-humaines-immersion-2","36":"product_curriculumsubject-sciences-humaines","37":"product_provincial_focus-ns","38":"product_reading_type-alphabet-book","39":"product_edi_priority_areas-race-and-ethnicity","40":"product_edi_author-female-author","41":"product_edi_illustrator-female-illustrator","42":"product_edi_publisher-gaelic-publisher","43":"product_edi_history_culture-gaelic-history-culture","44":"product_edi_subjects_themes-immigration","45":"product_edi_languages-french-language","46":"product_edi_languages-gaelic-language","47":"product_nssbb-francais-programmes-detudes","48":"product_nssbb-2-sciences-humaines","49":"product_nssbb-3-sciences-humaines","50":"product_nssbb-4-sciences-humaines","51":"product_nssbb-5-sciences-humaines","52":"product_nssbb-6-sciences-humaines","53":"product_nssbb-7-sciences-humaines","54":"product_nssbb_approved-nssbb-approved","55":"product_cat-holiday-gift-guide","56":"product_cat-abc","57":"product_shipping_class-abc-test","58":"entry","60":"first","61":"instock","62":"taxable","63":"shipping-taxable","64":"purchasable","65":"product-type-simple"},"yoast_head":"<!-- This site is optimized with the Yoast SEO plugin v24.0 - https:\/\/yoast.com\/wordpress\/plugins\/seo\/ -->\n<title>G comme Ga\u00ebl - Atlantic Books<\/title>\n<meta name=\"robots\" content=\"index, follow, max-snippet:-1, max-image-preview:large, max-video-preview:-1\" \/>\n<link rel=\"canonical\" href=\"https:\/\/atlanticbooks.ca\/fr\/livres\/g-comme-gael\" \/>\n<meta property=\"og:locale\" content=\"fr_FR\" \/>\n<meta property=\"og:type\" content=\"article\" \/>\n<meta property=\"og:title\" content=\"G comme Ga\u00ebl - Atlantic Books\" \/>\n<meta property=\"og:description\" content=\"&lt;p&gt;F\u00e0ilte signifie \u00ab bienvenue \u00bb : bienvenue au monde de la culture ga\u00e9lique en Nouvelle-\u00c9cosse! Ce livret est une premi\u00e8re \u00e9tape pour les enfants et les adultes qui souhaitent d\u00e9couvrir [&hellip;]\" \/>\n<meta property=\"og:url\" content=\"https:\/\/atlanticbooks.ca\/fr\/livres\/g-comme-gael\" \/>\n<meta property=\"og:site_name\" content=\"Atlantic Books\" \/>\n<meta property=\"article:modified_time\" content=\"2023-08-09T19:38:11+00:00\" \/>\n<meta property=\"og:image\" content=\"https:\/\/atlanticbooks.mystagingwebsite.com\/wp-content\/uploads\/biblioshare_attachments\/9781988747576.png\" \/>\n\t<meta property=\"og:image:width\" content=\"1056\" \/>\n\t<meta property=\"og:image:height\" content=\"816\" \/>\n\t<meta property=\"og:image:type\" content=\"image\/png\" \/>\n<meta name=\"twitter:card\" content=\"summary_large_image\" \/>\n<meta name=\"twitter:label1\" content=\"Dur\u00e9e de lecture estim\u00e9e\" \/>\n\t<meta name=\"twitter:data1\" content=\"1 minute\" \/>\n<script type=\"application\/ld+json\" class=\"yoast-schema-graph\">{\"@context\":\"https:\/\/schema.org\",\"@graph\":[{\"@type\":\"WebPage\",\"@id\":\"https:\/\/atlanticbooks.ca\/fr\/livres\/g-comme-gael\",\"url\":\"https:\/\/atlanticbooks.ca\/fr\/livres\/g-comme-gael\",\"name\":\"G comme Ga\u00ebl - Atlantic Books\",\"isPartOf\":{\"@id\":\"https:\/\/atlanticbooks.ca\/fr\/#website\"},\"primaryImageOfPage\":{\"@id\":\"https:\/\/atlanticbooks.ca\/fr\/livres\/g-comme-gael#primaryimage\"},\"image\":{\"@id\":\"https:\/\/atlanticbooks.ca\/fr\/livres\/g-comme-gael#primaryimage\"},\"thumbnailUrl\":\"https:\/\/atlanticbooks.ca\/wp-content\/uploads\/biblioshare_attachments\/9781988747576.png\",\"datePublished\":\"2022-11-13T18:05:30+00:00\",\"dateModified\":\"2023-08-09T19:38:11+00:00\",\"breadcrumb\":{\"@id\":\"https:\/\/atlanticbooks.ca\/fr\/livres\/g-comme-gael#breadcrumb\"},\"inLanguage\":\"fr-FR\",\"potentialAction\":[{\"@type\":\"ReadAction\",\"target\":[\"https:\/\/atlanticbooks.ca\/fr\/livres\/g-comme-gael\"]}]},{\"@type\":\"ImageObject\",\"inLanguage\":\"fr-FR\",\"@id\":\"https:\/\/atlanticbooks.ca\/fr\/livres\/g-comme-gael#primaryimage\",\"url\":\"https:\/\/atlanticbooks.ca\/wp-content\/uploads\/biblioshare_attachments\/9781988747576.png\",\"contentUrl\":\"https:\/\/atlanticbooks.ca\/wp-content\/uploads\/biblioshare_attachments\/9781988747576.png\"},{\"@type\":\"BreadcrumbList\",\"@id\":\"https:\/\/atlanticbooks.ca\/fr\/livres\/g-comme-gael#breadcrumb\",\"itemListElement\":[{\"@type\":\"ListItem\",\"position\":1,\"name\":\"Domicile\",\"item\":\"https:\/\/atlanticbooks.ca\/fr\"},{\"@type\":\"ListItem\",\"position\":2,\"name\":\"Collections\",\"item\":\"https:\/\/atlanticbooks.ca\/fr\/collections\"},{\"@type\":\"ListItem\",\"position\":3,\"name\":\"G comme Ga\u00ebl\"}]},{\"@type\":\"WebSite\",\"@id\":\"https:\/\/atlanticbooks.ca\/fr\/#website\",\"url\":\"https:\/\/atlanticbooks.ca\/fr\/\",\"name\":\"Atlantic Books\",\"description\":\"Atlantic Books\",\"publisher\":{\"@id\":\"https:\/\/atlanticbooks.ca\/fr\/#organization\"},\"potentialAction\":[{\"@type\":\"SearchAction\",\"target\":{\"@type\":\"EntryPoint\",\"urlTemplate\":\"https:\/\/atlanticbooks.ca\/fr\/?s={search_term_string}\"},\"query-input\":{\"@type\":\"PropertyValueSpecification\",\"valueRequired\":true,\"valueName\":\"search_term_string\"}}],\"inLanguage\":\"fr-FR\"},{\"@type\":\"Organization\",\"@id\":\"https:\/\/atlanticbooks.ca\/fr\/#organization\",\"name\":\"Atlantic Books\",\"url\":\"https:\/\/atlanticbooks.ca\/fr\/\",\"logo\":{\"@type\":\"ImageObject\",\"inLanguage\":\"fr-FR\",\"@id\":\"https:\/\/atlanticbooks.ca\/fr\/#\/schema\/logo\/image\/\",\"url\":\"https:\/\/atlanticbooks.ca\/wp-content\/uploads\/2020\/10\/atlantic-books-logo.png\",\"contentUrl\":\"https:\/\/atlanticbooks.ca\/wp-content\/uploads\/2020\/10\/atlantic-books-logo.png\",\"width\":566,\"height\":111,\"caption\":\"Atlantic Books\"},\"image\":{\"@id\":\"https:\/\/atlanticbooks.ca\/fr\/#\/schema\/logo\/image\/\"}}]}<\/script>\n<!-- \/ Yoast SEO plugin. -->","yoast_head_json":{"title":"G comme Ga\u00ebl - Atlantic Books","robots":{"index":"index","follow":"follow","max-snippet":"max-snippet:-1","max-image-preview":"max-image-preview:large","max-video-preview":"max-video-preview:-1"},"canonical":"https:\/\/atlanticbooks.ca\/fr\/livres\/g-comme-gael","og_locale":"fr_FR","og_type":"article","og_title":"G comme Ga\u00ebl - Atlantic Books","og_description":"&lt;p&gt;F\u00e0ilte signifie \u00ab bienvenue \u00bb : bienvenue au monde de la culture ga\u00e9lique en Nouvelle-\u00c9cosse! Ce livret est une premi\u00e8re \u00e9tape pour les enfants et les adultes qui souhaitent d\u00e9couvrir [&hellip;]","og_url":"https:\/\/atlanticbooks.ca\/fr\/livres\/g-comme-gael","og_site_name":"Atlantic Books","article_modified_time":"2023-08-09T19:38:11+00:00","og_image":[{"width":1056,"height":816,"url":"https:\/\/atlanticbooks.mystagingwebsite.com\/wp-content\/uploads\/biblioshare_attachments\/9781988747576.png","type":"image\/png"}],"twitter_card":"summary_large_image","twitter_misc":{"Dur\u00e9e de lecture estim\u00e9e":"1 minute"},"schema":{"@context":"https:\/\/schema.org","@graph":[{"@type":"WebPage","@id":"https:\/\/atlanticbooks.ca\/fr\/livres\/g-comme-gael","url":"https:\/\/atlanticbooks.ca\/fr\/livres\/g-comme-gael","name":"G comme Ga\u00ebl - Atlantic Books","isPartOf":{"@id":"https:\/\/atlanticbooks.ca\/fr\/#website"},"primaryImageOfPage":{"@id":"https:\/\/atlanticbooks.ca\/fr\/livres\/g-comme-gael#primaryimage"},"image":{"@id":"https:\/\/atlanticbooks.ca\/fr\/livres\/g-comme-gael#primaryimage"},"thumbnailUrl":"https:\/\/atlanticbooks.ca\/wp-content\/uploads\/biblioshare_attachments\/9781988747576.png","datePublished":"2022-11-13T18:05:30+00:00","dateModified":"2023-08-09T19:38:11+00:00","breadcrumb":{"@id":"https:\/\/atlanticbooks.ca\/fr\/livres\/g-comme-gael#breadcrumb"},"inLanguage":"fr-FR","potentialAction":[{"@type":"ReadAction","target":["https:\/\/atlanticbooks.ca\/fr\/livres\/g-comme-gael"]}]},{"@type":"ImageObject","inLanguage":"fr-FR","@id":"https:\/\/atlanticbooks.ca\/fr\/livres\/g-comme-gael#primaryimage","url":"https:\/\/atlanticbooks.ca\/wp-content\/uploads\/biblioshare_attachments\/9781988747576.png","contentUrl":"https:\/\/atlanticbooks.ca\/wp-content\/uploads\/biblioshare_attachments\/9781988747576.png"},{"@type":"BreadcrumbList","@id":"https:\/\/atlanticbooks.ca\/fr\/livres\/g-comme-gael#breadcrumb","itemListElement":[{"@type":"ListItem","position":1,"name":"Domicile","item":"https:\/\/atlanticbooks.ca\/fr"},{"@type":"ListItem","position":2,"name":"Collections","item":"https:\/\/atlanticbooks.ca\/fr\/collections"},{"@type":"ListItem","position":3,"name":"G comme Ga\u00ebl"}]},{"@type":"WebSite","@id":"https:\/\/atlanticbooks.ca\/fr\/#website","url":"https:\/\/atlanticbooks.ca\/fr\/","name":"Atlantic Books","description":"Atlantic Books","publisher":{"@id":"https:\/\/atlanticbooks.ca\/fr\/#organization"},"potentialAction":[{"@type":"SearchAction","target":{"@type":"EntryPoint","urlTemplate":"https:\/\/atlanticbooks.ca\/fr\/?s={search_term_string}"},"query-input":{"@type":"PropertyValueSpecification","valueRequired":true,"valueName":"search_term_string"}}],"inLanguage":"fr-FR"},{"@type":"Organization","@id":"https:\/\/atlanticbooks.ca\/fr\/#organization","name":"Atlantic Books","url":"https:\/\/atlanticbooks.ca\/fr\/","logo":{"@type":"ImageObject","inLanguage":"fr-FR","@id":"https:\/\/atlanticbooks.ca\/fr\/#\/schema\/logo\/image\/","url":"https:\/\/atlanticbooks.ca\/wp-content\/uploads\/2020\/10\/atlantic-books-logo.png","contentUrl":"https:\/\/atlanticbooks.ca\/wp-content\/uploads\/2020\/10\/atlantic-books-logo.png","width":566,"height":111,"caption":"Atlantic Books"},"image":{"@id":"https:\/\/atlanticbooks.ca\/fr\/#\/schema\/logo\/image\/"}}]}},"_links":{"self":[{"href":"https:\/\/atlanticbooks.ca\/fr\/wp-json\/wp\/v2\/product\/66235","targetHints":{"allow":["GET"]}}],"collection":[{"href":"https:\/\/atlanticbooks.ca\/fr\/wp-json\/wp\/v2\/product"}],"about":[{"href":"https:\/\/atlanticbooks.ca\/fr\/wp-json\/wp\/v2\/types\/product"}],"wp:featuredmedia":[{"embeddable":true,"href":"https:\/\/atlanticbooks.ca\/fr\/wp-json\/wp\/v2\/media\/81420"}],"wp:attachment":[{"href":"https:\/\/atlanticbooks.ca\/fr\/wp-json\/wp\/v2\/media?parent=66235"}],"wp:term":[{"taxonomy":"product_brand","embeddable":true,"href":"https:\/\/atlanticbooks.ca\/fr\/wp-json\/wp\/v2\/product_brand?post=66235"},{"taxonomy":"product_cat","embeddable":true,"href":"https:\/\/atlanticbooks.ca\/fr\/wp-json\/wp\/v2\/product_cat?post=66235"},{"taxonomy":"product_tag","embeddable":true,"href":"https:\/\/atlanticbooks.ca\/fr\/wp-json\/wp\/v2\/product_tag?post=66235"}],"curies":[{"name":"wp","href":"https:\/\/api.w.org\/{rel}","templated":true}]}}