{"id":66027,"date":"2021-03-11T13:40:28","date_gmt":"2021-03-11T13:40:28","guid":{"rendered":"https:\/\/atlanticbooks.ca\/books\/les-savoirs-perdus-panuijkatasikl-kinamasutil\/"},"modified":"2023-01-04T19:03:06","modified_gmt":"2023-01-04T19:03:06","slug":"les-savoirs-perdus-panuijkatasikl-kinamasutil","status":"publish","type":"product","link":"https:\/\/atlanticbooks.ca\/fr\/livres\/les-savoirs-perdus-panuijkatasikl-kinamasutil","title":{"rendered":"Les Savoirs Perdus \/\u00a0 Panuijkatasikl Kina\u2019masuti\u2019l"},"content":{"rendered":"<p>&lt;p&gt;Aigle r\u00e9partit sept savoirs fondamentaux parmi les animaux de la for\u00eat, mais il oublie de mentionner une importante mise en garde; et ainsi, les animaux s\u2019emp\u00eatrent dans la jalousie, la convoitise et l\u2019\u00e9go\u00efsme. Aigle se doit sauver les animaux et c\u2019est ainsi qu\u2019il est amen\u00e9 \u00e0 d\u00e9couvrir le sens du savoir le plus important: la v\u00e9rit\u00e9.&lt;\/p&gt;<\/p>\n","protected":false},"excerpt":{"rendered":"<p>&lt;p&gt;Aigle r\u00e9partit sept savoirs fondamentaux parmi les animaux de la for\u00eat, mais il oublie de mentionner une importante mise en garde; et ainsi, les animaux s\u2019emp\u00eatrent dans la jalousie, la [&hellip;]<\/p>\n","protected":false},"featured_media":67373,"template":"","meta":{"_genesis_hide_title":false,"_genesis_hide_breadcrumbs":false,"_genesis_hide_singular_image":false,"_genesis_hide_footer_widgets":false,"_genesis_custom_body_class":"","_genesis_custom_post_class":"","_genesis_layout":""},"product_brand":[],"product_cat":[15038,15064,12776],"product_tag":[],"class_list":{"0":"post-66027","1":"product","2":"type-product","3":"status-publish","4":"has-post-thumbnail","5":"product_language-fre","6":"product_language-eng-fr","7":"product_language-mikmaw","8":"product_subjects-indigenous-peoples-of-the-americas-fr","9":"product_subjects-juvenile-fiction-fr","10":"product_subjects-legends-myths-fables-fr","11":"product_reading_range-5-fr","12":"product_reading_range-6-fr","13":"product_reading_range-8-fr","14":"product_reading_range-9-fr","15":"product_reading_range-14-fr","16":"product_reading_range-7-fr","17":"product_reading_range-10-fr","18":"product_reading_range-11-fr","19":"product_reading_range-12-fr","20":"product_reading_range-13-fr","21":"product_interest_range-13-fr","22":"product_interest_range-5-fr","23":"product_interest_range-6-fr","24":"product_interest_range-7-fr","25":"product_interest_range-8-fr","26":"product_interest_range-9-fr","27":"product_interest_range-10-fr","28":"product_interest_range-11-fr","29":"product_interest_range-12-fr","30":"product_interest_range-14-fr","31":"product_grade_range-kindergarten-fr","32":"product_grade_range-first-grade-fr","33":"product_grade_range-second-grade-fr","34":"product_grade_range-third-grade-fr","35":"product_grade_range-fourth-grade-fr","36":"product_grade_range-fifth-grade-fr","37":"product_grade_range-sixth-grade-fr","38":"product_grade_range-seventh-grade-fr","39":"product_grade_range-eighth-grade-fr","40":"product_grade_range-ninth-grade-fr","41":"product_curriculumsubject-francais-arts-langagiers-im-fr","42":"product_curriculumsubject-francais-arts-langagiers-fr","43":"product_curriculumsubject-english-curriculum-subjects-fr","44":"product_curriculumsubject-sciences-humaines-im-fr","45":"product_curriculumsubject-sciences-humaines-fr","46":"product_curriculumsubject-mikmaw-language-fr","47":"product_skills_concepts-apprentissage-social-et-emotionnel","48":"product_provincial_focus-n-e","49":"product_edi_priority_areas-races-et-ethnies","50":"product_edi_author-auteur-trice-autochtone","51":"product_edi_author-auteur-trice-mikmaw","52":"product_edi_illustrator-illustratrice","53":"product_edi_history_culture-indigenous-histories-cultures-fr","54":"product_edi_history_culture-culture-et-histoire-mikmaw","55":"product_edi_subjects_themes-cultural-identity-and-community-fr","56":"product_edi_subjects_themes-indigenous-resistance-and-decolonization-fr","57":"product_edi_characters-personnages-autochtones","58":"product_edi_characters-personnages-mikmaw","59":"product_edi_languages-francais-fr","60":"product_edi_languages-langue-mikmaw","61":"product_nssbb-francais-programmes-detudes-fr","62":"product_nssbb-immersion-curriculum-subjects-fr","63":"product_nssbb-francais-arts-langagiers-8-fr","64":"product_nssbb-immersion-precoce-francais-arts-langagiers-8-im-fr","65":"product_nssbb-sciences-humaines-8-fr","66":"product_nssbb-immersion-tardive-francais-arts-langagiers-8-im-fr","67":"product_nssbb_approved-nssbb-approved","68":"biblio_share_tag-fables-indigenous-peoples-of-the-americas-fr","69":"biblio_share_tag-myths-fr","70":"biblio_share_tag-juvenile-fiction-legends-fr","71":"product_cat-voices-fr","72":"product_cat-indigenous-voices-fr","73":"product_cat-abc-fr-2","74":"product_shipping_class-abc-test-fr","75":"entry","77":"first","78":"instock","79":"taxable","80":"shipping-taxable","81":"purchasable","82":"product-type-simple"},"yoast_head":"<!-- This site is optimized with the Yoast SEO plugin v24.0 - https:\/\/yoast.com\/wordpress\/plugins\/seo\/ -->\n<title>Les Savoirs Perdus \/\u00a0 Panuijkatasikl Kina\u2019masuti\u2019l - Atlantic Books<\/title>\n<meta name=\"robots\" content=\"index, follow, max-snippet:-1, max-image-preview:large, max-video-preview:-1\" \/>\n<link rel=\"canonical\" href=\"https:\/\/atlanticbooks.ca\/fr\/livres\/les-savoirs-perdus-panuijkatasikl-kinamasutil\" \/>\n<meta property=\"og:locale\" content=\"fr_FR\" \/>\n<meta property=\"og:type\" content=\"article\" \/>\n<meta property=\"og:title\" content=\"Les Savoirs Perdus \/\u00a0 Panuijkatasikl Kina\u2019masuti\u2019l - Atlantic Books\" \/>\n<meta property=\"og:description\" content=\"&lt;p&gt;Aigle r\u00e9partit sept savoirs fondamentaux parmi les animaux de la for\u00eat, mais il oublie de mentionner une importante mise en garde; et ainsi, les animaux s\u2019emp\u00eatrent dans la jalousie, la [&hellip;]\" \/>\n<meta property=\"og:url\" content=\"https:\/\/atlanticbooks.ca\/fr\/livres\/les-savoirs-perdus-panuijkatasikl-kinamasutil\" \/>\n<meta property=\"og:site_name\" content=\"Atlantic Books\" \/>\n<meta property=\"article:modified_time\" content=\"2023-01-04T19:03:06+00:00\" \/>\n<meta property=\"og:image\" content=\"https:\/\/atlanticbooks.mystagingwebsite.com\/wp-content\/uploads\/biblioshare_attachments\/9781552669686-scaled-1024x1024.png\" \/>\n\t<meta property=\"og:image:width\" content=\"1024\" \/>\n\t<meta property=\"og:image:height\" content=\"1024\" \/>\n\t<meta property=\"og:image:type\" content=\"image\/png\" \/>\n<meta name=\"twitter:card\" content=\"summary_large_image\" \/>\n<script type=\"application\/ld+json\" class=\"yoast-schema-graph\">{\"@context\":\"https:\/\/schema.org\",\"@graph\":[{\"@type\":\"WebPage\",\"@id\":\"https:\/\/atlanticbooks.ca\/fr\/livres\/les-savoirs-perdus-panuijkatasikl-kinamasutil\",\"url\":\"https:\/\/atlanticbooks.ca\/fr\/livres\/les-savoirs-perdus-panuijkatasikl-kinamasutil\",\"name\":\"Les Savoirs Perdus \/\u00a0 Panuijkatasikl Kina\u2019masuti\u2019l - Atlantic Books\",\"isPartOf\":{\"@id\":\"https:\/\/atlanticbooks.ca\/fr\/#website\"},\"primaryImageOfPage\":{\"@id\":\"https:\/\/atlanticbooks.ca\/fr\/livres\/les-savoirs-perdus-panuijkatasikl-kinamasutil#primaryimage\"},\"image\":{\"@id\":\"https:\/\/atlanticbooks.ca\/fr\/livres\/les-savoirs-perdus-panuijkatasikl-kinamasutil#primaryimage\"},\"thumbnailUrl\":\"https:\/\/atlanticbooks.ca\/wp-content\/uploads\/biblioshare_attachments\/9781552669686-scaled.png\",\"datePublished\":\"2021-03-11T13:40:28+00:00\",\"dateModified\":\"2023-01-04T19:03:06+00:00\",\"breadcrumb\":{\"@id\":\"https:\/\/atlanticbooks.ca\/fr\/livres\/les-savoirs-perdus-panuijkatasikl-kinamasutil#breadcrumb\"},\"inLanguage\":\"fr-FR\",\"potentialAction\":[{\"@type\":\"ReadAction\",\"target\":[\"https:\/\/atlanticbooks.ca\/fr\/livres\/les-savoirs-perdus-panuijkatasikl-kinamasutil\"]}]},{\"@type\":\"ImageObject\",\"inLanguage\":\"fr-FR\",\"@id\":\"https:\/\/atlanticbooks.ca\/fr\/livres\/les-savoirs-perdus-panuijkatasikl-kinamasutil#primaryimage\",\"url\":\"https:\/\/atlanticbooks.ca\/wp-content\/uploads\/biblioshare_attachments\/9781552669686-scaled.png\",\"contentUrl\":\"https:\/\/atlanticbooks.ca\/wp-content\/uploads\/biblioshare_attachments\/9781552669686-scaled.png\",\"width\":2560,\"height\":2048},{\"@type\":\"BreadcrumbList\",\"@id\":\"https:\/\/atlanticbooks.ca\/fr\/livres\/les-savoirs-perdus-panuijkatasikl-kinamasutil#breadcrumb\",\"itemListElement\":[{\"@type\":\"ListItem\",\"position\":1,\"name\":\"Domicile\",\"item\":\"https:\/\/atlanticbooks.ca\/fr\"},{\"@type\":\"ListItem\",\"position\":2,\"name\":\"Collections\",\"item\":\"https:\/\/atlanticbooks.ca\/fr\/collections\"},{\"@type\":\"ListItem\",\"position\":3,\"name\":\"Les Savoirs Perdus \/\u00a0 Panuijkatasikl Kina\u2019masuti\u2019l\"}]},{\"@type\":\"WebSite\",\"@id\":\"https:\/\/atlanticbooks.ca\/fr\/#website\",\"url\":\"https:\/\/atlanticbooks.ca\/fr\/\",\"name\":\"Atlantic Books\",\"description\":\"Atlantic Books\",\"publisher\":{\"@id\":\"https:\/\/atlanticbooks.ca\/fr\/#organization\"},\"potentialAction\":[{\"@type\":\"SearchAction\",\"target\":{\"@type\":\"EntryPoint\",\"urlTemplate\":\"https:\/\/atlanticbooks.ca\/fr\/?s={search_term_string}\"},\"query-input\":{\"@type\":\"PropertyValueSpecification\",\"valueRequired\":true,\"valueName\":\"search_term_string\"}}],\"inLanguage\":\"fr-FR\"},{\"@type\":\"Organization\",\"@id\":\"https:\/\/atlanticbooks.ca\/fr\/#organization\",\"name\":\"Atlantic Books\",\"url\":\"https:\/\/atlanticbooks.ca\/fr\/\",\"logo\":{\"@type\":\"ImageObject\",\"inLanguage\":\"fr-FR\",\"@id\":\"https:\/\/atlanticbooks.ca\/fr\/#\/schema\/logo\/image\/\",\"url\":\"https:\/\/atlanticbooks.ca\/wp-content\/uploads\/2020\/10\/atlantic-books-logo.png\",\"contentUrl\":\"https:\/\/atlanticbooks.ca\/wp-content\/uploads\/2020\/10\/atlantic-books-logo.png\",\"width\":566,\"height\":111,\"caption\":\"Atlantic Books\"},\"image\":{\"@id\":\"https:\/\/atlanticbooks.ca\/fr\/#\/schema\/logo\/image\/\"}}]}<\/script>\n<!-- \/ Yoast SEO plugin. -->","yoast_head_json":{"title":"Les Savoirs Perdus \/\u00a0 Panuijkatasikl Kina\u2019masuti\u2019l - Atlantic Books","robots":{"index":"index","follow":"follow","max-snippet":"max-snippet:-1","max-image-preview":"max-image-preview:large","max-video-preview":"max-video-preview:-1"},"canonical":"https:\/\/atlanticbooks.ca\/fr\/livres\/les-savoirs-perdus-panuijkatasikl-kinamasutil","og_locale":"fr_FR","og_type":"article","og_title":"Les Savoirs Perdus \/\u00a0 Panuijkatasikl Kina\u2019masuti\u2019l - Atlantic Books","og_description":"&lt;p&gt;Aigle r\u00e9partit sept savoirs fondamentaux parmi les animaux de la for\u00eat, mais il oublie de mentionner une importante mise en garde; et ainsi, les animaux s\u2019emp\u00eatrent dans la jalousie, la [&hellip;]","og_url":"https:\/\/atlanticbooks.ca\/fr\/livres\/les-savoirs-perdus-panuijkatasikl-kinamasutil","og_site_name":"Atlantic Books","article_modified_time":"2023-01-04T19:03:06+00:00","og_image":[{"width":1024,"height":1024,"url":"https:\/\/atlanticbooks.mystagingwebsite.com\/wp-content\/uploads\/biblioshare_attachments\/9781552669686-scaled-1024x1024.png","type":"image\/png"}],"twitter_card":"summary_large_image","schema":{"@context":"https:\/\/schema.org","@graph":[{"@type":"WebPage","@id":"https:\/\/atlanticbooks.ca\/fr\/livres\/les-savoirs-perdus-panuijkatasikl-kinamasutil","url":"https:\/\/atlanticbooks.ca\/fr\/livres\/les-savoirs-perdus-panuijkatasikl-kinamasutil","name":"Les Savoirs Perdus \/\u00a0 Panuijkatasikl Kina\u2019masuti\u2019l - Atlantic Books","isPartOf":{"@id":"https:\/\/atlanticbooks.ca\/fr\/#website"},"primaryImageOfPage":{"@id":"https:\/\/atlanticbooks.ca\/fr\/livres\/les-savoirs-perdus-panuijkatasikl-kinamasutil#primaryimage"},"image":{"@id":"https:\/\/atlanticbooks.ca\/fr\/livres\/les-savoirs-perdus-panuijkatasikl-kinamasutil#primaryimage"},"thumbnailUrl":"https:\/\/atlanticbooks.ca\/wp-content\/uploads\/biblioshare_attachments\/9781552669686-scaled.png","datePublished":"2021-03-11T13:40:28+00:00","dateModified":"2023-01-04T19:03:06+00:00","breadcrumb":{"@id":"https:\/\/atlanticbooks.ca\/fr\/livres\/les-savoirs-perdus-panuijkatasikl-kinamasutil#breadcrumb"},"inLanguage":"fr-FR","potentialAction":[{"@type":"ReadAction","target":["https:\/\/atlanticbooks.ca\/fr\/livres\/les-savoirs-perdus-panuijkatasikl-kinamasutil"]}]},{"@type":"ImageObject","inLanguage":"fr-FR","@id":"https:\/\/atlanticbooks.ca\/fr\/livres\/les-savoirs-perdus-panuijkatasikl-kinamasutil#primaryimage","url":"https:\/\/atlanticbooks.ca\/wp-content\/uploads\/biblioshare_attachments\/9781552669686-scaled.png","contentUrl":"https:\/\/atlanticbooks.ca\/wp-content\/uploads\/biblioshare_attachments\/9781552669686-scaled.png","width":2560,"height":2048},{"@type":"BreadcrumbList","@id":"https:\/\/atlanticbooks.ca\/fr\/livres\/les-savoirs-perdus-panuijkatasikl-kinamasutil#breadcrumb","itemListElement":[{"@type":"ListItem","position":1,"name":"Domicile","item":"https:\/\/atlanticbooks.ca\/fr"},{"@type":"ListItem","position":2,"name":"Collections","item":"https:\/\/atlanticbooks.ca\/fr\/collections"},{"@type":"ListItem","position":3,"name":"Les Savoirs Perdus \/\u00a0 Panuijkatasikl Kina\u2019masuti\u2019l"}]},{"@type":"WebSite","@id":"https:\/\/atlanticbooks.ca\/fr\/#website","url":"https:\/\/atlanticbooks.ca\/fr\/","name":"Atlantic Books","description":"Atlantic Books","publisher":{"@id":"https:\/\/atlanticbooks.ca\/fr\/#organization"},"potentialAction":[{"@type":"SearchAction","target":{"@type":"EntryPoint","urlTemplate":"https:\/\/atlanticbooks.ca\/fr\/?s={search_term_string}"},"query-input":{"@type":"PropertyValueSpecification","valueRequired":true,"valueName":"search_term_string"}}],"inLanguage":"fr-FR"},{"@type":"Organization","@id":"https:\/\/atlanticbooks.ca\/fr\/#organization","name":"Atlantic Books","url":"https:\/\/atlanticbooks.ca\/fr\/","logo":{"@type":"ImageObject","inLanguage":"fr-FR","@id":"https:\/\/atlanticbooks.ca\/fr\/#\/schema\/logo\/image\/","url":"https:\/\/atlanticbooks.ca\/wp-content\/uploads\/2020\/10\/atlantic-books-logo.png","contentUrl":"https:\/\/atlanticbooks.ca\/wp-content\/uploads\/2020\/10\/atlantic-books-logo.png","width":566,"height":111,"caption":"Atlantic Books"},"image":{"@id":"https:\/\/atlanticbooks.ca\/fr\/#\/schema\/logo\/image\/"}}]}},"_links":{"self":[{"href":"https:\/\/atlanticbooks.ca\/fr\/wp-json\/wp\/v2\/product\/66027","targetHints":{"allow":["GET"]}}],"collection":[{"href":"https:\/\/atlanticbooks.ca\/fr\/wp-json\/wp\/v2\/product"}],"about":[{"href":"https:\/\/atlanticbooks.ca\/fr\/wp-json\/wp\/v2\/types\/product"}],"wp:featuredmedia":[{"embeddable":true,"href":"https:\/\/atlanticbooks.ca\/fr\/wp-json\/wp\/v2\/media\/67373"}],"wp:attachment":[{"href":"https:\/\/atlanticbooks.ca\/fr\/wp-json\/wp\/v2\/media?parent=66027"}],"wp:term":[{"taxonomy":"product_brand","embeddable":true,"href":"https:\/\/atlanticbooks.ca\/fr\/wp-json\/wp\/v2\/product_brand?post=66027"},{"taxonomy":"product_cat","embeddable":true,"href":"https:\/\/atlanticbooks.ca\/fr\/wp-json\/wp\/v2\/product_cat?post=66027"},{"taxonomy":"product_tag","embeddable":true,"href":"https:\/\/atlanticbooks.ca\/fr\/wp-json\/wp\/v2\/product_tag?post=66027"}],"curies":[{"name":"wp","href":"https:\/\/api.w.org\/{rel}","templated":true}]}}