{"id":66025,"date":"2021-03-11T13:55:32","date_gmt":"2021-03-11T13:55:32","guid":{"rendered":"https:\/\/atlanticbooks.ca\/books\/comment-le-puma-a-fini-par-etre-appele-le-chat-fantome-tan-petalu-teluitut-skitekmujew\/"},"modified":"2023-01-04T19:03:08","modified_gmt":"2023-01-04T19:03:08","slug":"comment-le-puma-a-fini-par-etre-appele-le-chat-fantome-tan-petalu-teluitut-skitekmujew","status":"publish","type":"product","link":"https:\/\/atlanticbooks.ca\/fr\/livres\/comment-le-puma-a-fini-par-etre-appele-le-chat-fantome-tan-petalu-teluitut-skitekmujew","title":{"rendered":"Comment le Puma a fini par \u00eatre appel\u00e9 le Chat Fant\u00f4me \/ Ta\u2019n Petalu Telui\u2019tut Skite\u2019kmujew"},"content":{"rendered":"<p>&lt;p&gt;Pris entre deux mondes, le puma a du mal \u00e0 trouver un lieu o\u00f9 il est \u00e0 sa place. En tant que chat fant\u00f4me, le puma vit comme il le devrait : dans la for\u00eat, mais sans ses amis.&lt;\/p&gt;<br \/>\n&lt;p&gt;Misinsit miawe\u2019k tapu\u2019kl wskitqamu\u2019kl, Ajik alme\u2019si wejitoq ta\u2019n tett tleyawit. Skite\u2019kmujewey Mia\u2019wj mimajit ta\u2019n tel nenk \u2014 kisoqe\u2019k pasik mu eymu\u2019kk witapk.&lt;\/p&gt;<br \/>\n&lt;p&gt;French and Mi\u2019kmaw version of Michael James Isaac\u2019s &lt;em&gt;How The Ghost Came to be Called the Ghost Cat \/ Ta\u2019n Petalu Telui\u2019tut Skite\u2019kmujewey Mia\u2019wj.&lt;\/em&gt;<br \/>\n&lt;strong&gt;This version is available exclusively from Fernwood Publishing.&lt;\/strong&gt;<br \/>\n&lt;\/p&gt;<\/p>\n","protected":false},"excerpt":{"rendered":"<p>&lt;p&gt;Pris entre deux mondes, le puma a du mal \u00e0 trouver un lieu o\u00f9 il est \u00e0 sa place. En tant que chat fant\u00f4me, le puma vit comme il le [&hellip;]<\/p>\n","protected":false},"featured_media":67377,"template":"","meta":{"_genesis_hide_title":false,"_genesis_hide_breadcrumbs":false,"_genesis_hide_singular_image":false,"_genesis_hide_footer_widgets":false,"_genesis_custom_body_class":"","_genesis_custom_post_class":"","_genesis_layout":""},"product_brand":[],"product_cat":[15064,12776,15038],"product_tag":[],"class_list":{"0":"post-66025","1":"product","2":"type-product","3":"status-publish","4":"has-post-thumbnail","5":"product_language-fre","6":"product_language-eng-fr","7":"product_language-mikmaw","8":"product_subjects-juvenile-fiction-fr","9":"product_subjects-general-juvenile-fiction-fr","10":"product_reading_range-7-fr","11":"product_reading_range-10-fr","12":"product_reading_range-5-fr","13":"product_reading_range-6-fr","14":"product_reading_range-8-fr","15":"product_reading_range-9-fr","16":"product_interest_range-5-fr","17":"product_interest_range-6-fr","18":"product_interest_range-7-fr","19":"product_interest_range-8-fr","20":"product_interest_range-9-fr","21":"product_interest_range-10-fr","22":"product_grade_range-kindergarten-fr","23":"product_grade_range-first-grade-fr","24":"product_grade_range-second-grade-fr","25":"product_grade_range-third-grade-fr","26":"product_grade_range-fourth-grade-fr","27":"product_grade_range-fifth-grade-fr","28":"product_grade_range-sixth-grade-fr","29":"product_curriculumsubject-francais-arts-langagiers-im-fr","30":"product_curriculumsubject-francais-arts-langagiers-fr","31":"product_curriculumsubject-english-curriculum-subjects-fr","32":"product_curriculumsubject-sante-im-fr","33":"product_curriculumsubject-sante-fr","34":"product_curriculumsubject-sciences-humaines-im-fr","35":"product_curriculumsubject-sciences-humaines-fr","36":"product_curriculumsubject-mikmaw-language-fr","37":"product_skills_concepts-apprentissage-social-et-emotionnel","38":"product_provincial_focus-n-e","39":"product_edi_priority_areas-races-et-ethnies","40":"product_edi_author-auteur-trice-autochtone","41":"product_edi_author-auteur-trice-mikmaw","42":"product_edi_illustrator-illustratrice","43":"product_edi_history_culture-indigenous-histories-cultures-fr","44":"product_edi_history_culture-culture-et-histoire-mikmaw","45":"product_edi_subjects_themes-cultural-identity-and-community-fr","46":"product_edi_subjects_themes-indigenous-resistance-and-decolonization-fr","47":"product_edi_characters-personnages-autochtones","48":"product_edi_characters-personnages-mikmaw","49":"product_edi_languages-francais-fr","50":"product_edi_languages-langue-mikmaw","51":"product_nssbb-francais-programmes-detudes-fr","52":"product_nssbb-immersion-curriculum-subjects-fr","53":"product_nssbb-francais-arts-langagiers-3-fr","54":"product_nssbb-francais-arts-langagiers-4-fr","55":"product_nssbb-francais-arts-langagiers-5-fr","56":"product_nssbb-francais-arts-langagiers-6-fr","57":"product_nssbb-sciences-humaines-3-fr","58":"product_nssbb-sciences-humaines-4-fr","59":"product_nssbb-sciences-humaines-5-fr","60":"product_nssbb-sciences-humaines-6-fr","61":"product_nssbb-sciences-humaines-4-im-fr","62":"product_nssbb-sciences-humaines-5-im-fr","63":"product_nssbb-sciences-humaines-6-im-fr","64":"product_nssbb_approved-nssbb-approved","65":"biblio_share_tag-juvenile-fiction-general-fr","66":"product_cat-indigenous-voices-fr","67":"product_cat-abc-fr-2","68":"product_cat-voices-fr","69":"product_shipping_class-abc-test-fr","70":"entry","72":"first","73":"instock","74":"taxable","75":"shipping-taxable","76":"purchasable","77":"product-type-simple"},"yoast_head":"<!-- This site is optimized with the Yoast SEO plugin v24.0 - https:\/\/yoast.com\/wordpress\/plugins\/seo\/ -->\n<title>Comment le Puma a fini par \u00eatre appel\u00e9 le Chat Fant\u00f4me \/ Ta\u2019n Petalu Telui\u2019tut Skite\u2019kmujew - Atlantic Books<\/title>\n<meta name=\"robots\" content=\"index, follow, max-snippet:-1, max-image-preview:large, max-video-preview:-1\" \/>\n<link rel=\"canonical\" href=\"https:\/\/atlanticbooks.ca\/fr\/livres\/comment-le-puma-a-fini-par-etre-appele-le-chat-fantome-tan-petalu-teluitut-skitekmujew\" \/>\n<meta property=\"og:locale\" content=\"fr_FR\" \/>\n<meta property=\"og:type\" content=\"article\" \/>\n<meta property=\"og:title\" content=\"Comment le Puma a fini par \u00eatre appel\u00e9 le Chat Fant\u00f4me \/ Ta\u2019n Petalu Telui\u2019tut Skite\u2019kmujew - Atlantic Books\" \/>\n<meta property=\"og:description\" content=\"&lt;p&gt;Pris entre deux mondes, le puma a du mal \u00e0 trouver un lieu o\u00f9 il est \u00e0 sa place. En tant que chat fant\u00f4me, le puma vit comme il le [&hellip;]\" \/>\n<meta property=\"og:url\" content=\"https:\/\/atlanticbooks.ca\/fr\/livres\/comment-le-puma-a-fini-par-etre-appele-le-chat-fantome-tan-petalu-teluitut-skitekmujew\" \/>\n<meta property=\"og:site_name\" content=\"Atlantic Books\" \/>\n<meta property=\"article:modified_time\" content=\"2023-01-04T19:03:08+00:00\" \/>\n<meta property=\"og:image\" content=\"https:\/\/atlanticbooks.mystagingwebsite.com\/wp-content\/uploads\/biblioshare_attachments\/9781552666715-scaled-1024x1024.png\" \/>\n\t<meta property=\"og:image:width\" content=\"1024\" \/>\n\t<meta property=\"og:image:height\" content=\"1024\" \/>\n\t<meta property=\"og:image:type\" content=\"image\/png\" \/>\n<meta name=\"twitter:card\" content=\"summary_large_image\" \/>\n<meta name=\"twitter:label1\" content=\"Dur\u00e9e de lecture estim\u00e9e\" \/>\n\t<meta name=\"twitter:data1\" content=\"1 minute\" \/>\n<script type=\"application\/ld+json\" class=\"yoast-schema-graph\">{\"@context\":\"https:\/\/schema.org\",\"@graph\":[{\"@type\":\"WebPage\",\"@id\":\"https:\/\/atlanticbooks.ca\/fr\/livres\/comment-le-puma-a-fini-par-etre-appele-le-chat-fantome-tan-petalu-teluitut-skitekmujew\",\"url\":\"https:\/\/atlanticbooks.ca\/fr\/livres\/comment-le-puma-a-fini-par-etre-appele-le-chat-fantome-tan-petalu-teluitut-skitekmujew\",\"name\":\"Comment le Puma a fini par \u00eatre appel\u00e9 le Chat Fant\u00f4me \/ Ta\u2019n Petalu Telui\u2019tut Skite\u2019kmujew - Atlantic Books\",\"isPartOf\":{\"@id\":\"https:\/\/atlanticbooks.ca\/fr\/#website\"},\"primaryImageOfPage\":{\"@id\":\"https:\/\/atlanticbooks.ca\/fr\/livres\/comment-le-puma-a-fini-par-etre-appele-le-chat-fantome-tan-petalu-teluitut-skitekmujew#primaryimage\"},\"image\":{\"@id\":\"https:\/\/atlanticbooks.ca\/fr\/livres\/comment-le-puma-a-fini-par-etre-appele-le-chat-fantome-tan-petalu-teluitut-skitekmujew#primaryimage\"},\"thumbnailUrl\":\"https:\/\/atlanticbooks.ca\/wp-content\/uploads\/biblioshare_attachments\/9781552666715-scaled.png\",\"datePublished\":\"2021-03-11T13:55:32+00:00\",\"dateModified\":\"2023-01-04T19:03:08+00:00\",\"breadcrumb\":{\"@id\":\"https:\/\/atlanticbooks.ca\/fr\/livres\/comment-le-puma-a-fini-par-etre-appele-le-chat-fantome-tan-petalu-teluitut-skitekmujew#breadcrumb\"},\"inLanguage\":\"fr-FR\",\"potentialAction\":[{\"@type\":\"ReadAction\",\"target\":[\"https:\/\/atlanticbooks.ca\/fr\/livres\/comment-le-puma-a-fini-par-etre-appele-le-chat-fantome-tan-petalu-teluitut-skitekmujew\"]}]},{\"@type\":\"ImageObject\",\"inLanguage\":\"fr-FR\",\"@id\":\"https:\/\/atlanticbooks.ca\/fr\/livres\/comment-le-puma-a-fini-par-etre-appele-le-chat-fantome-tan-petalu-teluitut-skitekmujew#primaryimage\",\"url\":\"https:\/\/atlanticbooks.ca\/wp-content\/uploads\/biblioshare_attachments\/9781552666715-scaled.png\",\"contentUrl\":\"https:\/\/atlanticbooks.ca\/wp-content\/uploads\/biblioshare_attachments\/9781552666715-scaled.png\",\"width\":2560,\"height\":2048},{\"@type\":\"BreadcrumbList\",\"@id\":\"https:\/\/atlanticbooks.ca\/fr\/livres\/comment-le-puma-a-fini-par-etre-appele-le-chat-fantome-tan-petalu-teluitut-skitekmujew#breadcrumb\",\"itemListElement\":[{\"@type\":\"ListItem\",\"position\":1,\"name\":\"Domicile\",\"item\":\"https:\/\/atlanticbooks.ca\/fr\"},{\"@type\":\"ListItem\",\"position\":2,\"name\":\"Collections\",\"item\":\"https:\/\/atlanticbooks.ca\/fr\/collections\"},{\"@type\":\"ListItem\",\"position\":3,\"name\":\"Comment le Puma a fini par \u00eatre appel\u00e9 le Chat Fant\u00f4me \/ Ta\u2019n Petalu Telui\u2019tut Skite\u2019kmujew\"}]},{\"@type\":\"WebSite\",\"@id\":\"https:\/\/atlanticbooks.ca\/fr\/#website\",\"url\":\"https:\/\/atlanticbooks.ca\/fr\/\",\"name\":\"Atlantic Books\",\"description\":\"Atlantic Books\",\"publisher\":{\"@id\":\"https:\/\/atlanticbooks.ca\/fr\/#organization\"},\"potentialAction\":[{\"@type\":\"SearchAction\",\"target\":{\"@type\":\"EntryPoint\",\"urlTemplate\":\"https:\/\/atlanticbooks.ca\/fr\/?s={search_term_string}\"},\"query-input\":{\"@type\":\"PropertyValueSpecification\",\"valueRequired\":true,\"valueName\":\"search_term_string\"}}],\"inLanguage\":\"fr-FR\"},{\"@type\":\"Organization\",\"@id\":\"https:\/\/atlanticbooks.ca\/fr\/#organization\",\"name\":\"Atlantic Books\",\"url\":\"https:\/\/atlanticbooks.ca\/fr\/\",\"logo\":{\"@type\":\"ImageObject\",\"inLanguage\":\"fr-FR\",\"@id\":\"https:\/\/atlanticbooks.ca\/fr\/#\/schema\/logo\/image\/\",\"url\":\"https:\/\/atlanticbooks.ca\/wp-content\/uploads\/2020\/10\/atlantic-books-logo.png\",\"contentUrl\":\"https:\/\/atlanticbooks.ca\/wp-content\/uploads\/2020\/10\/atlantic-books-logo.png\",\"width\":566,\"height\":111,\"caption\":\"Atlantic Books\"},\"image\":{\"@id\":\"https:\/\/atlanticbooks.ca\/fr\/#\/schema\/logo\/image\/\"}}]}<\/script>\n<!-- \/ Yoast SEO plugin. -->","yoast_head_json":{"title":"Comment le Puma a fini par \u00eatre appel\u00e9 le Chat Fant\u00f4me \/ Ta\u2019n Petalu Telui\u2019tut Skite\u2019kmujew - Atlantic Books","robots":{"index":"index","follow":"follow","max-snippet":"max-snippet:-1","max-image-preview":"max-image-preview:large","max-video-preview":"max-video-preview:-1"},"canonical":"https:\/\/atlanticbooks.ca\/fr\/livres\/comment-le-puma-a-fini-par-etre-appele-le-chat-fantome-tan-petalu-teluitut-skitekmujew","og_locale":"fr_FR","og_type":"article","og_title":"Comment le Puma a fini par \u00eatre appel\u00e9 le Chat Fant\u00f4me \/ Ta\u2019n Petalu Telui\u2019tut Skite\u2019kmujew - Atlantic Books","og_description":"&lt;p&gt;Pris entre deux mondes, le puma a du mal \u00e0 trouver un lieu o\u00f9 il est \u00e0 sa place. En tant que chat fant\u00f4me, le puma vit comme il le [&hellip;]","og_url":"https:\/\/atlanticbooks.ca\/fr\/livres\/comment-le-puma-a-fini-par-etre-appele-le-chat-fantome-tan-petalu-teluitut-skitekmujew","og_site_name":"Atlantic Books","article_modified_time":"2023-01-04T19:03:08+00:00","og_image":[{"width":1024,"height":1024,"url":"https:\/\/atlanticbooks.mystagingwebsite.com\/wp-content\/uploads\/biblioshare_attachments\/9781552666715-scaled-1024x1024.png","type":"image\/png"}],"twitter_card":"summary_large_image","twitter_misc":{"Dur\u00e9e de lecture estim\u00e9e":"1 minute"},"schema":{"@context":"https:\/\/schema.org","@graph":[{"@type":"WebPage","@id":"https:\/\/atlanticbooks.ca\/fr\/livres\/comment-le-puma-a-fini-par-etre-appele-le-chat-fantome-tan-petalu-teluitut-skitekmujew","url":"https:\/\/atlanticbooks.ca\/fr\/livres\/comment-le-puma-a-fini-par-etre-appele-le-chat-fantome-tan-petalu-teluitut-skitekmujew","name":"Comment le Puma a fini par \u00eatre appel\u00e9 le Chat Fant\u00f4me \/ Ta\u2019n Petalu Telui\u2019tut Skite\u2019kmujew - Atlantic Books","isPartOf":{"@id":"https:\/\/atlanticbooks.ca\/fr\/#website"},"primaryImageOfPage":{"@id":"https:\/\/atlanticbooks.ca\/fr\/livres\/comment-le-puma-a-fini-par-etre-appele-le-chat-fantome-tan-petalu-teluitut-skitekmujew#primaryimage"},"image":{"@id":"https:\/\/atlanticbooks.ca\/fr\/livres\/comment-le-puma-a-fini-par-etre-appele-le-chat-fantome-tan-petalu-teluitut-skitekmujew#primaryimage"},"thumbnailUrl":"https:\/\/atlanticbooks.ca\/wp-content\/uploads\/biblioshare_attachments\/9781552666715-scaled.png","datePublished":"2021-03-11T13:55:32+00:00","dateModified":"2023-01-04T19:03:08+00:00","breadcrumb":{"@id":"https:\/\/atlanticbooks.ca\/fr\/livres\/comment-le-puma-a-fini-par-etre-appele-le-chat-fantome-tan-petalu-teluitut-skitekmujew#breadcrumb"},"inLanguage":"fr-FR","potentialAction":[{"@type":"ReadAction","target":["https:\/\/atlanticbooks.ca\/fr\/livres\/comment-le-puma-a-fini-par-etre-appele-le-chat-fantome-tan-petalu-teluitut-skitekmujew"]}]},{"@type":"ImageObject","inLanguage":"fr-FR","@id":"https:\/\/atlanticbooks.ca\/fr\/livres\/comment-le-puma-a-fini-par-etre-appele-le-chat-fantome-tan-petalu-teluitut-skitekmujew#primaryimage","url":"https:\/\/atlanticbooks.ca\/wp-content\/uploads\/biblioshare_attachments\/9781552666715-scaled.png","contentUrl":"https:\/\/atlanticbooks.ca\/wp-content\/uploads\/biblioshare_attachments\/9781552666715-scaled.png","width":2560,"height":2048},{"@type":"BreadcrumbList","@id":"https:\/\/atlanticbooks.ca\/fr\/livres\/comment-le-puma-a-fini-par-etre-appele-le-chat-fantome-tan-petalu-teluitut-skitekmujew#breadcrumb","itemListElement":[{"@type":"ListItem","position":1,"name":"Domicile","item":"https:\/\/atlanticbooks.ca\/fr"},{"@type":"ListItem","position":2,"name":"Collections","item":"https:\/\/atlanticbooks.ca\/fr\/collections"},{"@type":"ListItem","position":3,"name":"Comment le Puma a fini par \u00eatre appel\u00e9 le Chat Fant\u00f4me \/ Ta\u2019n Petalu Telui\u2019tut Skite\u2019kmujew"}]},{"@type":"WebSite","@id":"https:\/\/atlanticbooks.ca\/fr\/#website","url":"https:\/\/atlanticbooks.ca\/fr\/","name":"Atlantic Books","description":"Atlantic Books","publisher":{"@id":"https:\/\/atlanticbooks.ca\/fr\/#organization"},"potentialAction":[{"@type":"SearchAction","target":{"@type":"EntryPoint","urlTemplate":"https:\/\/atlanticbooks.ca\/fr\/?s={search_term_string}"},"query-input":{"@type":"PropertyValueSpecification","valueRequired":true,"valueName":"search_term_string"}}],"inLanguage":"fr-FR"},{"@type":"Organization","@id":"https:\/\/atlanticbooks.ca\/fr\/#organization","name":"Atlantic Books","url":"https:\/\/atlanticbooks.ca\/fr\/","logo":{"@type":"ImageObject","inLanguage":"fr-FR","@id":"https:\/\/atlanticbooks.ca\/fr\/#\/schema\/logo\/image\/","url":"https:\/\/atlanticbooks.ca\/wp-content\/uploads\/2020\/10\/atlantic-books-logo.png","contentUrl":"https:\/\/atlanticbooks.ca\/wp-content\/uploads\/2020\/10\/atlantic-books-logo.png","width":566,"height":111,"caption":"Atlantic Books"},"image":{"@id":"https:\/\/atlanticbooks.ca\/fr\/#\/schema\/logo\/image\/"}}]}},"_links":{"self":[{"href":"https:\/\/atlanticbooks.ca\/fr\/wp-json\/wp\/v2\/product\/66025","targetHints":{"allow":["GET"]}}],"collection":[{"href":"https:\/\/atlanticbooks.ca\/fr\/wp-json\/wp\/v2\/product"}],"about":[{"href":"https:\/\/atlanticbooks.ca\/fr\/wp-json\/wp\/v2\/types\/product"}],"wp:featuredmedia":[{"embeddable":true,"href":"https:\/\/atlanticbooks.ca\/fr\/wp-json\/wp\/v2\/media\/67377"}],"wp:attachment":[{"href":"https:\/\/atlanticbooks.ca\/fr\/wp-json\/wp\/v2\/media?parent=66025"}],"wp:term":[{"taxonomy":"product_brand","embeddable":true,"href":"https:\/\/atlanticbooks.ca\/fr\/wp-json\/wp\/v2\/product_brand?post=66025"},{"taxonomy":"product_cat","embeddable":true,"href":"https:\/\/atlanticbooks.ca\/fr\/wp-json\/wp\/v2\/product_cat?post=66025"},{"taxonomy":"product_tag","embeddable":true,"href":"https:\/\/atlanticbooks.ca\/fr\/wp-json\/wp\/v2\/product_tag?post=66025"}],"curies":[{"name":"wp","href":"https:\/\/api.w.org\/{rel}","templated":true}]}}