{"id":65992,"date":"2021-04-16T09:50:06","date_gmt":"2021-04-16T09:50:06","guid":{"rendered":"https:\/\/atlanticbooks.ca\/books\/sakkijajuk-2\/"},"modified":"2022-11-09T21:48:12","modified_gmt":"2022-11-09T21:48:12","slug":"sakkijajuk-2","status":"publish","type":"product","link":"https:\/\/atlanticbooks.ca\/fr\/livres\/sakkijajuk-2","title":{"rendered":"SakKij\u00e2juk"},"content":{"rendered":"\n<p>Le Nunatsiavut, r\u00e9gion inuite du Canada qui poss\u00e8de une administration autonome depuis 2005, a une production artistique \u00e0 part dans le monde de l\u2019art canadien et de l\u2019art inuit circumpolaire. Population inuite la plus m\u00e9ridionale au monde, le peuple c\u00f4tier du Nunatsiavut a toujours v\u00e9cu \u00e0 cheval sur la limite foresti\u00e8re, et les artistes et artisans inuits du Nunatsiavut ont eu acc\u00e8s \u00e0 une flore et une faune arctique et subarctique tr\u00e8s diversifi\u00e9es, \u00e0 partir desquelles ils ont cr\u00e9\u00e9 des \u0153uvres d\u2019une surprenante vari\u00e9t\u00e9.<\/p>\n<p>Les artistes du territoire se sont traditionnellement servis de la pierre et du bois pour sculpter, de la fourrure, du cuir et de la peau de phoque pour l\u2019art mobilier et des gramin\u00e9es marines pour la vannerie, ainsi que de la laine, du m\u00e9tal, du tissu, des perles et du papier. Plus r\u00e9cemment, ils ont travaill\u00e9 avec des techniques que l\u2019on retrouve en art contemporain, comme la peinture, le dessin, la gravure, la photographie, la vid\u00e9o et la c\u00e9ramique, sans pour autant d\u00e9laisser les mat\u00e9riaux traditionnels, utilis\u00e9s de mani\u00e8re novatrice et inusit\u00e9e.<\/p>\n<p><i>SakKij\u00e2juk. Art et artisanat du Nunatsiavut<\/i> est la premi\u00e8re publication d\u2019importance sur l\u2019art des Inuits du Labrador. \u00c9crit pour accompagner une exposition itin\u00e9rante majeure con\u00e7ue par The Rooms Provincial Art Gallery Division de St. John\u2019s, l\u2019ouvrage comprend plus de 80 reproductions d\u2019\u0153uvres de 45 artistes, une pr\u00e9sentation de ces derniers et un essai de fond sur l\u2019art au Nunatsiavut sign\u00e9 par la commissaire Heather Igloliorte.<\/p>\n<p>SakKij\u00e2juk \u00ab \u00eatre visible \u00bb \u2013 prendre sa place \u2013 dans le dialecte inuktitut du Nunatsiavut) constitue une occasion unique pour les lecteurs, collectionneurs, historiens de l\u2019art et amateurs d\u2019art du Sud comme du Nord de cr\u00e9er une relation particuli\u00e8re avec le travail diff\u00e9rent, novateur et toujours saisissant des artistes et artisans inuits contemporains du Nunatsiavut.<\/p>\n","protected":false},"excerpt":{"rendered":"<p>Le Nunatsiavut, r\u00e9gion inuite du Canada qui poss\u00e8de une administration autonome depuis 2005, a une production artistique \u00e0 part dans le monde de l\u2019art canadien et de l\u2019art inuit circumpolaire. [&hellip;]<\/p>\n","protected":false},"featured_media":65995,"template":"","meta":{"_genesis_hide_title":false,"_genesis_hide_breadcrumbs":false,"_genesis_hide_singular_image":false,"_genesis_hide_footer_widgets":false,"_genesis_custom_body_class":"","_genesis_custom_post_class":"","_genesis_layout":""},"product_brand":[],"product_cat":[11045,15038,15064],"product_tag":[],"class_list":{"0":"post-65992","1":"product","2":"type-product","3":"status-publish","4":"has-post-thumbnail","5":"product_language-fre","6":"product_subjects-art-fr","7":"product_subjects-canadian-art-fr","8":"biblio_share_tag-art-canadian-fr","9":"product_cat-decouvrez","10":"product_cat-voices-fr","11":"product_cat-indigenous-voices-fr","12":"entry","14":"first","15":"instock","16":"taxable","17":"shipping-taxable","18":"purchasable","19":"product-type-simple"},"yoast_head":"<!-- This site is optimized with the Yoast SEO plugin v24.0 - https:\/\/yoast.com\/wordpress\/plugins\/seo\/ -->\n<title>SakKij\u00e2juk - Atlantic Books<\/title>\n<meta name=\"robots\" content=\"index, follow, max-snippet:-1, max-image-preview:large, max-video-preview:-1\" \/>\n<link rel=\"canonical\" href=\"https:\/\/atlanticbooks.ca\/fr\/livres\/sakkijajuk-2\" \/>\n<meta property=\"og:locale\" content=\"fr_FR\" \/>\n<meta property=\"og:type\" content=\"article\" \/>\n<meta property=\"og:title\" content=\"SakKij\u00e2juk - Atlantic Books\" \/>\n<meta property=\"og:description\" content=\"Le Nunatsiavut, r\u00e9gion inuite du Canada qui poss\u00e8de une administration autonome depuis 2005, a une production artistique \u00e0 part dans le monde de l\u2019art canadien et de l\u2019art inuit circumpolaire. [&hellip;]\" \/>\n<meta property=\"og:url\" content=\"https:\/\/atlanticbooks.ca\/fr\/livres\/sakkijajuk-2\" \/>\n<meta property=\"og:site_name\" content=\"Atlantic Books\" \/>\n<meta property=\"article:modified_time\" content=\"2022-11-09T21:48:12+00:00\" \/>\n<meta property=\"og:image\" content=\"https:\/\/atlanticbooks.mystagingwebsite.com\/wp-content\/uploads\/biblioshare_attachments\/9780864929754-scaled-1024x1024.png\" \/>\n\t<meta property=\"og:image:width\" content=\"1024\" \/>\n\t<meta property=\"og:image:height\" content=\"1024\" \/>\n\t<meta property=\"og:image:type\" content=\"image\/png\" \/>\n<meta name=\"twitter:card\" content=\"summary_large_image\" \/>\n<meta name=\"twitter:label1\" content=\"Dur\u00e9e de lecture estim\u00e9e\" \/>\n\t<meta name=\"twitter:data1\" content=\"2 minutes\" \/>\n<script type=\"application\/ld+json\" class=\"yoast-schema-graph\">{\"@context\":\"https:\/\/schema.org\",\"@graph\":[{\"@type\":\"WebPage\",\"@id\":\"https:\/\/atlanticbooks.ca\/fr\/livres\/sakkijajuk-2\",\"url\":\"https:\/\/atlanticbooks.ca\/fr\/livres\/sakkijajuk-2\",\"name\":\"SakKij\u00e2juk - Atlantic Books\",\"isPartOf\":{\"@id\":\"https:\/\/atlanticbooks.ca\/fr\/#website\"},\"primaryImageOfPage\":{\"@id\":\"https:\/\/atlanticbooks.ca\/fr\/livres\/sakkijajuk-2#primaryimage\"},\"image\":{\"@id\":\"https:\/\/atlanticbooks.ca\/fr\/livres\/sakkijajuk-2#primaryimage\"},\"thumbnailUrl\":\"https:\/\/atlanticbooks.ca\/wp-content\/uploads\/biblioshare_attachments\/9780864929754-scaled.png\",\"datePublished\":\"2021-04-16T09:50:06+00:00\",\"dateModified\":\"2022-11-09T21:48:12+00:00\",\"breadcrumb\":{\"@id\":\"https:\/\/atlanticbooks.ca\/fr\/livres\/sakkijajuk-2#breadcrumb\"},\"inLanguage\":\"fr-FR\",\"potentialAction\":[{\"@type\":\"ReadAction\",\"target\":[\"https:\/\/atlanticbooks.ca\/fr\/livres\/sakkijajuk-2\"]}]},{\"@type\":\"ImageObject\",\"inLanguage\":\"fr-FR\",\"@id\":\"https:\/\/atlanticbooks.ca\/fr\/livres\/sakkijajuk-2#primaryimage\",\"url\":\"https:\/\/atlanticbooks.ca\/wp-content\/uploads\/biblioshare_attachments\/9780864929754-scaled.png\",\"contentUrl\":\"https:\/\/atlanticbooks.ca\/wp-content\/uploads\/biblioshare_attachments\/9780864929754-scaled.png\",\"width\":1910,\"height\":2560},{\"@type\":\"BreadcrumbList\",\"@id\":\"https:\/\/atlanticbooks.ca\/fr\/livres\/sakkijajuk-2#breadcrumb\",\"itemListElement\":[{\"@type\":\"ListItem\",\"position\":1,\"name\":\"Domicile\",\"item\":\"https:\/\/atlanticbooks.ca\/fr\"},{\"@type\":\"ListItem\",\"position\":2,\"name\":\"Collections\",\"item\":\"https:\/\/atlanticbooks.ca\/fr\/collections\"},{\"@type\":\"ListItem\",\"position\":3,\"name\":\"SakKij\u00e2juk\"}]},{\"@type\":\"WebSite\",\"@id\":\"https:\/\/atlanticbooks.ca\/fr\/#website\",\"url\":\"https:\/\/atlanticbooks.ca\/fr\/\",\"name\":\"Atlantic Books\",\"description\":\"Atlantic Books\",\"publisher\":{\"@id\":\"https:\/\/atlanticbooks.ca\/fr\/#organization\"},\"potentialAction\":[{\"@type\":\"SearchAction\",\"target\":{\"@type\":\"EntryPoint\",\"urlTemplate\":\"https:\/\/atlanticbooks.ca\/fr\/?s={search_term_string}\"},\"query-input\":{\"@type\":\"PropertyValueSpecification\",\"valueRequired\":true,\"valueName\":\"search_term_string\"}}],\"inLanguage\":\"fr-FR\"},{\"@type\":\"Organization\",\"@id\":\"https:\/\/atlanticbooks.ca\/fr\/#organization\",\"name\":\"Atlantic Books\",\"url\":\"https:\/\/atlanticbooks.ca\/fr\/\",\"logo\":{\"@type\":\"ImageObject\",\"inLanguage\":\"fr-FR\",\"@id\":\"https:\/\/atlanticbooks.ca\/fr\/#\/schema\/logo\/image\/\",\"url\":\"https:\/\/atlanticbooks.ca\/wp-content\/uploads\/2020\/10\/atlantic-books-logo.png\",\"contentUrl\":\"https:\/\/atlanticbooks.ca\/wp-content\/uploads\/2020\/10\/atlantic-books-logo.png\",\"width\":566,\"height\":111,\"caption\":\"Atlantic Books\"},\"image\":{\"@id\":\"https:\/\/atlanticbooks.ca\/fr\/#\/schema\/logo\/image\/\"}}]}<\/script>\n<!-- \/ Yoast SEO plugin. -->","yoast_head_json":{"title":"SakKij\u00e2juk - Atlantic Books","robots":{"index":"index","follow":"follow","max-snippet":"max-snippet:-1","max-image-preview":"max-image-preview:large","max-video-preview":"max-video-preview:-1"},"canonical":"https:\/\/atlanticbooks.ca\/fr\/livres\/sakkijajuk-2","og_locale":"fr_FR","og_type":"article","og_title":"SakKij\u00e2juk - Atlantic Books","og_description":"Le Nunatsiavut, r\u00e9gion inuite du Canada qui poss\u00e8de une administration autonome depuis 2005, a une production artistique \u00e0 part dans le monde de l\u2019art canadien et de l\u2019art inuit circumpolaire. [&hellip;]","og_url":"https:\/\/atlanticbooks.ca\/fr\/livres\/sakkijajuk-2","og_site_name":"Atlantic Books","article_modified_time":"2022-11-09T21:48:12+00:00","og_image":[{"width":1024,"height":1024,"url":"https:\/\/atlanticbooks.mystagingwebsite.com\/wp-content\/uploads\/biblioshare_attachments\/9780864929754-scaled-1024x1024.png","type":"image\/png"}],"twitter_card":"summary_large_image","twitter_misc":{"Dur\u00e9e de lecture estim\u00e9e":"2 minutes"},"schema":{"@context":"https:\/\/schema.org","@graph":[{"@type":"WebPage","@id":"https:\/\/atlanticbooks.ca\/fr\/livres\/sakkijajuk-2","url":"https:\/\/atlanticbooks.ca\/fr\/livres\/sakkijajuk-2","name":"SakKij\u00e2juk - Atlantic Books","isPartOf":{"@id":"https:\/\/atlanticbooks.ca\/fr\/#website"},"primaryImageOfPage":{"@id":"https:\/\/atlanticbooks.ca\/fr\/livres\/sakkijajuk-2#primaryimage"},"image":{"@id":"https:\/\/atlanticbooks.ca\/fr\/livres\/sakkijajuk-2#primaryimage"},"thumbnailUrl":"https:\/\/atlanticbooks.ca\/wp-content\/uploads\/biblioshare_attachments\/9780864929754-scaled.png","datePublished":"2021-04-16T09:50:06+00:00","dateModified":"2022-11-09T21:48:12+00:00","breadcrumb":{"@id":"https:\/\/atlanticbooks.ca\/fr\/livres\/sakkijajuk-2#breadcrumb"},"inLanguage":"fr-FR","potentialAction":[{"@type":"ReadAction","target":["https:\/\/atlanticbooks.ca\/fr\/livres\/sakkijajuk-2"]}]},{"@type":"ImageObject","inLanguage":"fr-FR","@id":"https:\/\/atlanticbooks.ca\/fr\/livres\/sakkijajuk-2#primaryimage","url":"https:\/\/atlanticbooks.ca\/wp-content\/uploads\/biblioshare_attachments\/9780864929754-scaled.png","contentUrl":"https:\/\/atlanticbooks.ca\/wp-content\/uploads\/biblioshare_attachments\/9780864929754-scaled.png","width":1910,"height":2560},{"@type":"BreadcrumbList","@id":"https:\/\/atlanticbooks.ca\/fr\/livres\/sakkijajuk-2#breadcrumb","itemListElement":[{"@type":"ListItem","position":1,"name":"Domicile","item":"https:\/\/atlanticbooks.ca\/fr"},{"@type":"ListItem","position":2,"name":"Collections","item":"https:\/\/atlanticbooks.ca\/fr\/collections"},{"@type":"ListItem","position":3,"name":"SakKij\u00e2juk"}]},{"@type":"WebSite","@id":"https:\/\/atlanticbooks.ca\/fr\/#website","url":"https:\/\/atlanticbooks.ca\/fr\/","name":"Atlantic Books","description":"Atlantic Books","publisher":{"@id":"https:\/\/atlanticbooks.ca\/fr\/#organization"},"potentialAction":[{"@type":"SearchAction","target":{"@type":"EntryPoint","urlTemplate":"https:\/\/atlanticbooks.ca\/fr\/?s={search_term_string}"},"query-input":{"@type":"PropertyValueSpecification","valueRequired":true,"valueName":"search_term_string"}}],"inLanguage":"fr-FR"},{"@type":"Organization","@id":"https:\/\/atlanticbooks.ca\/fr\/#organization","name":"Atlantic Books","url":"https:\/\/atlanticbooks.ca\/fr\/","logo":{"@type":"ImageObject","inLanguage":"fr-FR","@id":"https:\/\/atlanticbooks.ca\/fr\/#\/schema\/logo\/image\/","url":"https:\/\/atlanticbooks.ca\/wp-content\/uploads\/2020\/10\/atlantic-books-logo.png","contentUrl":"https:\/\/atlanticbooks.ca\/wp-content\/uploads\/2020\/10\/atlantic-books-logo.png","width":566,"height":111,"caption":"Atlantic Books"},"image":{"@id":"https:\/\/atlanticbooks.ca\/fr\/#\/schema\/logo\/image\/"}}]}},"_links":{"self":[{"href":"https:\/\/atlanticbooks.ca\/fr\/wp-json\/wp\/v2\/product\/65992","targetHints":{"allow":["GET"]}}],"collection":[{"href":"https:\/\/atlanticbooks.ca\/fr\/wp-json\/wp\/v2\/product"}],"about":[{"href":"https:\/\/atlanticbooks.ca\/fr\/wp-json\/wp\/v2\/types\/product"}],"wp:featuredmedia":[{"embeddable":true,"href":"https:\/\/atlanticbooks.ca\/fr\/wp-json\/wp\/v2\/media\/65995"}],"wp:attachment":[{"href":"https:\/\/atlanticbooks.ca\/fr\/wp-json\/wp\/v2\/media?parent=65992"}],"wp:term":[{"taxonomy":"product_brand","embeddable":true,"href":"https:\/\/atlanticbooks.ca\/fr\/wp-json\/wp\/v2\/product_brand?post=65992"},{"taxonomy":"product_cat","embeddable":true,"href":"https:\/\/atlanticbooks.ca\/fr\/wp-json\/wp\/v2\/product_cat?post=65992"},{"taxonomy":"product_tag","embeddable":true,"href":"https:\/\/atlanticbooks.ca\/fr\/wp-json\/wp\/v2\/product_tag?post=65992"}],"curies":[{"name":"wp","href":"https:\/\/api.w.org\/{rel}","templated":true}]}}