{"id":65989,"date":"2021-04-16T11:18:59","date_gmt":"2021-04-16T11:18:59","guid":{"rendered":"https:\/\/atlanticbooks.ca\/books\/sakkijajuk-3\/"},"modified":"2022-11-09T21:48:02","modified_gmt":"2022-11-09T21:48:02","slug":"sakkijajuk-3","status":"publish","type":"product","link":"https:\/\/atlanticbooks.ca\/fr\/livres\/sakkijajuk-3","title":{"rendered":"SakKij\u00e2juk"},"content":{"rendered":"\n<p>This description is for the Inuktitut edition.<\/p>\n<p>Nunatsiavut, t\u00e2nna Inuit nunakKatigengituk Canada-mit pit\u00e2lauttut namminik kavamamik 2005-imi, sanaKattajut sananguatausimajunik adjiKangitunik nunatsualim\u00e2mit Canadamiungutlutik ammalu ukkiuttatop KikKanganettuk Inuit sananguataumajut. Silatsualim\u00e2mi siKinganeluattuk inigijautluni Inutuinnanut, tamakkua satjugiamit inuit Nunatsiavummi iniKainnatut napattop killingani, ammalu Inuit allanguattingit ammalu sananguatingit Nunatsiavummit pit\u00e2songunginnatut adjigengitunik ukiuttattumi ammalu ukiuttattoKattangimmijuk pigutsianginnik, taikkunangat atuKattasimajut takuminattunik sanagalagiamik suliagijanginnit.<\/p>\n<p>Allanguattet nunanganit piusituKanginnit atuKattasimavut ukkusitsajannik ammalu Kijunik sananguagiamut; amilinnik, tuttujannik, ammalu Kisinik atuttausonik sanaKattajut; ammalu tagiulinnit ivinik sanaKattamijut, ammalugiallak allasajannik, kikiatsajak, Kallun\u00e2ttajak, sapangak, ammalu alakkas\u00e2jannik. M\u00e2nnaKammik, sanagalasimavut sanajaunginnatunik takugatsausongutlutik, ilautillugit minguattausimajut, allanguattausimajut, nenittausimajut, adjiliuttausimajut, taggaj\u00e2liuttausimajut, ammalu maggalinnit, atautsikut atutlutik piusituKannik atunginnatamminik nut\u00e2ngutlutik ammalu nigiugijausimangitunut piusitKatlutik.<\/p>\n<p><i>SakKij\u00e2juk: Allanguattausimajut ammalu sananguatausimajut Nunatsiavummit<\/i> sivulligijauvuk angijotluni nuititausimajuk allanguattausimajunit Labrador Inunginnit. Sanajauluasimajuk angijummagimmik apvitattitaulluni takugatsauniattilugit \u00e2kKisuttausimajuk taikkununga taijaujunut The Rooms Pr\u00e2vinsikkut Allanguattausimajunik Takujapvinganut St. John&rsquo;s-imit, atuagak pitaKalangavuk ungat\u00e2ni 80-nik sanajaugesimajunut 45-init adjigengitunit sananguatinut, kinakkoningit iluanemmijut sananguatet, ammalu angijummagik allataumajuk sananguatet pitjutigillugit Nunatsiavummit allasimajuk Heather Igloliorte.<\/p>\n<p><i>SakKij\u00e2juk<\/i> pivitsaKattisijuk atuatsiKattajunut, katitsuiKattajunut, allanguattinut piusituKaujunut, ammalu katitsuiKattajunut sunatuinnanik sananguatausimajunit siKinittini ammalu taggatinni takujagiattul\u00e2kKut taikkununga adjiKangitunut, sanajautsiasimajunut, ammalu takuminattusiavannik suliagijausimajunut Inuit sananguatinginnut ammalu allanguattinginnut Nunatsiavummit.<\/p>\n","protected":false},"excerpt":{"rendered":"<p>This description is for the Inuktitut edition. Nunatsiavut, t\u00e2nna Inuit nunakKatigengituk Canada-mit pit\u00e2lauttut namminik kavamamik 2005-imi, sanaKattajut sananguatausimajunik adjiKangitunik nunatsualim\u00e2mit Canadamiungutlutik ammalu ukkiuttatop KikKanganettuk Inuit sananguataumajut. Silatsualim\u00e2mi siKinganeluattuk inigijautluni Inutuinnanut, [&hellip;]<\/p>\n","protected":false},"featured_media":65991,"template":"","meta":{"_genesis_hide_title":false,"_genesis_hide_breadcrumbs":false,"_genesis_hide_singular_image":false,"_genesis_hide_footer_widgets":false,"_genesis_custom_body_class":"","_genesis_custom_post_class":"","_genesis_layout":""},"product_brand":[],"product_cat":[15038,15064],"product_tag":[],"class_list":{"0":"post-65989","1":"product","2":"type-product","3":"status-publish","4":"has-post-thumbnail","5":"product_subjects-art-fr","6":"product_subjects-canadian-art-fr","7":"biblio_share_tag-art-canadian-fr","8":"product_cat-voices-fr","9":"product_cat-indigenous-voices-fr","10":"entry","12":"first","13":"instock","14":"taxable","15":"shipping-taxable","16":"purchasable","17":"product-type-simple"},"yoast_head":"<!-- This site is optimized with the Yoast SEO plugin v24.0 - https:\/\/yoast.com\/wordpress\/plugins\/seo\/ -->\n<title>SakKij\u00e2juk - Atlantic Books<\/title>\n<meta name=\"robots\" content=\"index, follow, max-snippet:-1, max-image-preview:large, max-video-preview:-1\" \/>\n<link rel=\"canonical\" href=\"https:\/\/atlanticbooks.ca\/fr\/livres\/sakkijajuk-3\" \/>\n<meta property=\"og:locale\" content=\"fr_FR\" \/>\n<meta property=\"og:type\" content=\"article\" \/>\n<meta property=\"og:title\" content=\"SakKij\u00e2juk - Atlantic Books\" \/>\n<meta property=\"og:description\" content=\"This description is for the Inuktitut edition. Nunatsiavut, t\u00e2nna Inuit nunakKatigengituk Canada-mit pit\u00e2lauttut namminik kavamamik 2005-imi, sanaKattajut sananguatausimajunik adjiKangitunik nunatsualim\u00e2mit Canadamiungutlutik ammalu ukkiuttatop KikKanganettuk Inuit sananguataumajut. Silatsualim\u00e2mi siKinganeluattuk inigijautluni Inutuinnanut, [&hellip;]\" \/>\n<meta property=\"og:url\" content=\"https:\/\/atlanticbooks.ca\/fr\/livres\/sakkijajuk-3\" \/>\n<meta property=\"og:site_name\" content=\"Atlantic Books\" \/>\n<meta property=\"article:modified_time\" content=\"2022-11-09T21:48:02+00:00\" \/>\n<meta property=\"og:image\" content=\"https:\/\/atlanticbooks.mystagingwebsite.com\/wp-content\/uploads\/biblioshare_attachments\/9780864929761-scaled-1024x1024.png\" \/>\n\t<meta property=\"og:image:width\" content=\"1024\" \/>\n\t<meta property=\"og:image:height\" content=\"1024\" \/>\n\t<meta property=\"og:image:type\" content=\"image\/png\" \/>\n<meta name=\"twitter:card\" content=\"summary_large_image\" \/>\n<meta name=\"twitter:label1\" content=\"Dur\u00e9e de lecture estim\u00e9e\" \/>\n\t<meta name=\"twitter:data1\" content=\"1 minute\" \/>\n<script type=\"application\/ld+json\" class=\"yoast-schema-graph\">{\"@context\":\"https:\/\/schema.org\",\"@graph\":[{\"@type\":\"WebPage\",\"@id\":\"https:\/\/atlanticbooks.ca\/fr\/livres\/sakkijajuk-3\",\"url\":\"https:\/\/atlanticbooks.ca\/fr\/livres\/sakkijajuk-3\",\"name\":\"SakKij\u00e2juk - Atlantic Books\",\"isPartOf\":{\"@id\":\"https:\/\/atlanticbooks.ca\/fr\/#website\"},\"primaryImageOfPage\":{\"@id\":\"https:\/\/atlanticbooks.ca\/fr\/livres\/sakkijajuk-3#primaryimage\"},\"image\":{\"@id\":\"https:\/\/atlanticbooks.ca\/fr\/livres\/sakkijajuk-3#primaryimage\"},\"thumbnailUrl\":\"https:\/\/atlanticbooks.ca\/wp-content\/uploads\/biblioshare_attachments\/9780864929761-scaled.png\",\"datePublished\":\"2021-04-16T11:18:59+00:00\",\"dateModified\":\"2022-11-09T21:48:02+00:00\",\"breadcrumb\":{\"@id\":\"https:\/\/atlanticbooks.ca\/fr\/livres\/sakkijajuk-3#breadcrumb\"},\"inLanguage\":\"fr-FR\",\"potentialAction\":[{\"@type\":\"ReadAction\",\"target\":[\"https:\/\/atlanticbooks.ca\/fr\/livres\/sakkijajuk-3\"]}]},{\"@type\":\"ImageObject\",\"inLanguage\":\"fr-FR\",\"@id\":\"https:\/\/atlanticbooks.ca\/fr\/livres\/sakkijajuk-3#primaryimage\",\"url\":\"https:\/\/atlanticbooks.ca\/wp-content\/uploads\/biblioshare_attachments\/9780864929761-scaled.png\",\"contentUrl\":\"https:\/\/atlanticbooks.ca\/wp-content\/uploads\/biblioshare_attachments\/9780864929761-scaled.png\",\"width\":1912,\"height\":2560},{\"@type\":\"BreadcrumbList\",\"@id\":\"https:\/\/atlanticbooks.ca\/fr\/livres\/sakkijajuk-3#breadcrumb\",\"itemListElement\":[{\"@type\":\"ListItem\",\"position\":1,\"name\":\"Domicile\",\"item\":\"https:\/\/atlanticbooks.ca\/fr\"},{\"@type\":\"ListItem\",\"position\":2,\"name\":\"Collections\",\"item\":\"https:\/\/atlanticbooks.ca\/fr\/collections\"},{\"@type\":\"ListItem\",\"position\":3,\"name\":\"SakKij\u00e2juk\"}]},{\"@type\":\"WebSite\",\"@id\":\"https:\/\/atlanticbooks.ca\/fr\/#website\",\"url\":\"https:\/\/atlanticbooks.ca\/fr\/\",\"name\":\"Atlantic Books\",\"description\":\"Atlantic Books\",\"publisher\":{\"@id\":\"https:\/\/atlanticbooks.ca\/fr\/#organization\"},\"potentialAction\":[{\"@type\":\"SearchAction\",\"target\":{\"@type\":\"EntryPoint\",\"urlTemplate\":\"https:\/\/atlanticbooks.ca\/fr\/?s={search_term_string}\"},\"query-input\":{\"@type\":\"PropertyValueSpecification\",\"valueRequired\":true,\"valueName\":\"search_term_string\"}}],\"inLanguage\":\"fr-FR\"},{\"@type\":\"Organization\",\"@id\":\"https:\/\/atlanticbooks.ca\/fr\/#organization\",\"name\":\"Atlantic Books\",\"url\":\"https:\/\/atlanticbooks.ca\/fr\/\",\"logo\":{\"@type\":\"ImageObject\",\"inLanguage\":\"fr-FR\",\"@id\":\"https:\/\/atlanticbooks.ca\/fr\/#\/schema\/logo\/image\/\",\"url\":\"https:\/\/atlanticbooks.ca\/wp-content\/uploads\/2020\/10\/atlantic-books-logo.png\",\"contentUrl\":\"https:\/\/atlanticbooks.ca\/wp-content\/uploads\/2020\/10\/atlantic-books-logo.png\",\"width\":566,\"height\":111,\"caption\":\"Atlantic Books\"},\"image\":{\"@id\":\"https:\/\/atlanticbooks.ca\/fr\/#\/schema\/logo\/image\/\"}}]}<\/script>\n<!-- \/ Yoast SEO plugin. -->","yoast_head_json":{"title":"SakKij\u00e2juk - Atlantic Books","robots":{"index":"index","follow":"follow","max-snippet":"max-snippet:-1","max-image-preview":"max-image-preview:large","max-video-preview":"max-video-preview:-1"},"canonical":"https:\/\/atlanticbooks.ca\/fr\/livres\/sakkijajuk-3","og_locale":"fr_FR","og_type":"article","og_title":"SakKij\u00e2juk - Atlantic Books","og_description":"This description is for the Inuktitut edition. Nunatsiavut, t\u00e2nna Inuit nunakKatigengituk Canada-mit pit\u00e2lauttut namminik kavamamik 2005-imi, sanaKattajut sananguatausimajunik adjiKangitunik nunatsualim\u00e2mit Canadamiungutlutik ammalu ukkiuttatop KikKanganettuk Inuit sananguataumajut. Silatsualim\u00e2mi siKinganeluattuk inigijautluni Inutuinnanut, [&hellip;]","og_url":"https:\/\/atlanticbooks.ca\/fr\/livres\/sakkijajuk-3","og_site_name":"Atlantic Books","article_modified_time":"2022-11-09T21:48:02+00:00","og_image":[{"width":1024,"height":1024,"url":"https:\/\/atlanticbooks.mystagingwebsite.com\/wp-content\/uploads\/biblioshare_attachments\/9780864929761-scaled-1024x1024.png","type":"image\/png"}],"twitter_card":"summary_large_image","twitter_misc":{"Dur\u00e9e de lecture estim\u00e9e":"1 minute"},"schema":{"@context":"https:\/\/schema.org","@graph":[{"@type":"WebPage","@id":"https:\/\/atlanticbooks.ca\/fr\/livres\/sakkijajuk-3","url":"https:\/\/atlanticbooks.ca\/fr\/livres\/sakkijajuk-3","name":"SakKij\u00e2juk - Atlantic Books","isPartOf":{"@id":"https:\/\/atlanticbooks.ca\/fr\/#website"},"primaryImageOfPage":{"@id":"https:\/\/atlanticbooks.ca\/fr\/livres\/sakkijajuk-3#primaryimage"},"image":{"@id":"https:\/\/atlanticbooks.ca\/fr\/livres\/sakkijajuk-3#primaryimage"},"thumbnailUrl":"https:\/\/atlanticbooks.ca\/wp-content\/uploads\/biblioshare_attachments\/9780864929761-scaled.png","datePublished":"2021-04-16T11:18:59+00:00","dateModified":"2022-11-09T21:48:02+00:00","breadcrumb":{"@id":"https:\/\/atlanticbooks.ca\/fr\/livres\/sakkijajuk-3#breadcrumb"},"inLanguage":"fr-FR","potentialAction":[{"@type":"ReadAction","target":["https:\/\/atlanticbooks.ca\/fr\/livres\/sakkijajuk-3"]}]},{"@type":"ImageObject","inLanguage":"fr-FR","@id":"https:\/\/atlanticbooks.ca\/fr\/livres\/sakkijajuk-3#primaryimage","url":"https:\/\/atlanticbooks.ca\/wp-content\/uploads\/biblioshare_attachments\/9780864929761-scaled.png","contentUrl":"https:\/\/atlanticbooks.ca\/wp-content\/uploads\/biblioshare_attachments\/9780864929761-scaled.png","width":1912,"height":2560},{"@type":"BreadcrumbList","@id":"https:\/\/atlanticbooks.ca\/fr\/livres\/sakkijajuk-3#breadcrumb","itemListElement":[{"@type":"ListItem","position":1,"name":"Domicile","item":"https:\/\/atlanticbooks.ca\/fr"},{"@type":"ListItem","position":2,"name":"Collections","item":"https:\/\/atlanticbooks.ca\/fr\/collections"},{"@type":"ListItem","position":3,"name":"SakKij\u00e2juk"}]},{"@type":"WebSite","@id":"https:\/\/atlanticbooks.ca\/fr\/#website","url":"https:\/\/atlanticbooks.ca\/fr\/","name":"Atlantic Books","description":"Atlantic Books","publisher":{"@id":"https:\/\/atlanticbooks.ca\/fr\/#organization"},"potentialAction":[{"@type":"SearchAction","target":{"@type":"EntryPoint","urlTemplate":"https:\/\/atlanticbooks.ca\/fr\/?s={search_term_string}"},"query-input":{"@type":"PropertyValueSpecification","valueRequired":true,"valueName":"search_term_string"}}],"inLanguage":"fr-FR"},{"@type":"Organization","@id":"https:\/\/atlanticbooks.ca\/fr\/#organization","name":"Atlantic Books","url":"https:\/\/atlanticbooks.ca\/fr\/","logo":{"@type":"ImageObject","inLanguage":"fr-FR","@id":"https:\/\/atlanticbooks.ca\/fr\/#\/schema\/logo\/image\/","url":"https:\/\/atlanticbooks.ca\/wp-content\/uploads\/2020\/10\/atlantic-books-logo.png","contentUrl":"https:\/\/atlanticbooks.ca\/wp-content\/uploads\/2020\/10\/atlantic-books-logo.png","width":566,"height":111,"caption":"Atlantic Books"},"image":{"@id":"https:\/\/atlanticbooks.ca\/fr\/#\/schema\/logo\/image\/"}}]}},"_links":{"self":[{"href":"https:\/\/atlanticbooks.ca\/fr\/wp-json\/wp\/v2\/product\/65989","targetHints":{"allow":["GET"]}}],"collection":[{"href":"https:\/\/atlanticbooks.ca\/fr\/wp-json\/wp\/v2\/product"}],"about":[{"href":"https:\/\/atlanticbooks.ca\/fr\/wp-json\/wp\/v2\/types\/product"}],"wp:featuredmedia":[{"embeddable":true,"href":"https:\/\/atlanticbooks.ca\/fr\/wp-json\/wp\/v2\/media\/65991"}],"wp:attachment":[{"href":"https:\/\/atlanticbooks.ca\/fr\/wp-json\/wp\/v2\/media?parent=65989"}],"wp:term":[{"taxonomy":"product_brand","embeddable":true,"href":"https:\/\/atlanticbooks.ca\/fr\/wp-json\/wp\/v2\/product_brand?post=65989"},{"taxonomy":"product_cat","embeddable":true,"href":"https:\/\/atlanticbooks.ca\/fr\/wp-json\/wp\/v2\/product_cat?post=65989"},{"taxonomy":"product_tag","embeddable":true,"href":"https:\/\/atlanticbooks.ca\/fr\/wp-json\/wp\/v2\/product_tag?post=65989"}],"curies":[{"name":"wp","href":"https:\/\/api.w.org\/{rel}","templated":true}]}}