{"id":65824,"date":"2021-04-21T13:29:23","date_gmt":"2021-04-21T13:29:23","guid":{"rendered":"https:\/\/atlanticbooks.ca\/books\/comment-la-riviere-petitcodiac-devint-boueuse-tan-tel-kisi-siskuapuaqsepp-petikodiac-sipu-how-the-petitcodiac-river-became-muddy\/"},"modified":"2022-11-10T02:09:55","modified_gmt":"2022-11-10T02:09:55","slug":"comment-la-riviere-petitcodiac-devint-boueuse-tan-tel-kisi-siskuapuaqsepp-petikodiac-sipu-how-the-petitcodiac-river-became-muddy","status":"publish","type":"product","link":"https:\/\/atlanticbooks.ca\/fr\/livres\/comment-la-riviere-petitcodiac-devint-boueuse-tan-tel-kisi-siskuapuaqsepp-petikodiac-sipu-how-the-petitcodiac-river-became-muddy","title":{"rendered":"Comment la rivi\u00e8re Petitcodiac devint boueuse \/ Ta&rsquo;n Tel-kisi-siskuapua&rsquo;qsepp Petikodiac Sipu \/ How the Petitcodiac River Became Muddy"},"content":{"rendered":"<p>Cette l\u00e9gende mi&rsquo;kmaq explique \u00e0 sa fa\u00e7on quelques-uns des myst\u00e8res de la rivi\u00e8re Petitcodiac. Autrefois, la rivi\u00e8re \u00e9tait claire, limpide et regorgeait de poissons. Une Anguille g\u00e9ante, attir\u00e9e par cette nourriture abondante, s&rsquo;\u00e9lan\u00e7a dans la rivi\u00e8re, d\u00e9truisant tout sur son passage. Appel\u00e9 \u00e0 l&rsquo;aide, Glooskap promit de donner des pouvoirs magiques \u00e0 celui qui irait combattre le monstre. Seul un petit Homard se porta volontaire\u2026 En fran\u00e7ais, anglais et mi&rsquo;kmaq. Couverture souple.<\/p>\n","protected":false},"excerpt":{"rendered":"<p>Cette l\u00e9gende mi&rsquo;kmaq explique \u00e0 sa fa\u00e7on quelques-uns des myst\u00e8res de la rivi\u00e8re Petitcodiac. Autrefois, la rivi\u00e8re \u00e9tait claire, limpide et regorgeait de poissons. Une Anguille g\u00e9ante, attir\u00e9e par cette [&hellip;]<\/p>\n","protected":false},"featured_media":36641,"template":"","meta":{"_genesis_hide_title":false,"_genesis_hide_breadcrumbs":false,"_genesis_hide_singular_image":false,"_genesis_hide_footer_widgets":false,"_genesis_custom_body_class":"","_genesis_custom_post_class":"","_genesis_layout":""},"product_brand":[],"product_cat":[12776,15038,15064],"product_tag":[],"class_list":{"0":"post-65824","1":"product","2":"type-product","3":"status-publish","4":"has-post-thumbnail","5":"product_language-fre","6":"product_language-eng-fr","7":"product_language-mikmaw","8":"product_reading_range-6-fr","9":"product_reading_range-8-fr","10":"product_reading_range-7-fr","11":"product_reading_range-5-fr","12":"product_interest_range-5-fr","13":"product_interest_range-6-fr","14":"product_interest_range-7-fr","15":"product_interest_range-8-fr","16":"product_grade_range-kindergarten-fr","17":"product_grade_range-first-grade-fr","18":"product_grade_range-second-grade-fr","19":"product_grade_range-third-grade-fr","20":"product_curriculumsubject-francais-programmes-detudes-fr","21":"product_curriculumsubject-immersion-2-fr","22":"product_curriculumsubject-english-curriculum-subjects-fr","23":"product_curriculumsubject-sciences-humaines-im-fr","24":"product_curriculumsubject-sciences-humaines-fr","25":"product_edi_priority_areas-identite-culturelle","26":"product_edi_priority_areas-races-et-ethnies","27":"product_edi_author-auteur-trice-autochtone","28":"product_edi_author-auteur-trice-mikmaw","29":"product_edi_publisher-acadian-publisher-copy","30":"product_edi_publisher-french-canadian-publisher-copy","31":"product_edi_history_culture-indigenous-histories-cultures-fr","32":"product_edi_history_culture-culture-et-histoire-mikmaw","33":"product_edi_characters-personnages-autochtones","34":"product_edi_characters-personnages-mikmaw","35":"product_edi_languages-francais-fr","36":"product_edi_languages-langue-mikmaw","37":"product_cat-abc-fr-2","38":"product_cat-voices-fr","39":"product_cat-indigenous-voices-fr","40":"product_shipping_class-abc-test-fr","41":"entry","43":"first","44":"instock","45":"taxable","46":"shipping-taxable","47":"purchasable","48":"product-type-simple"},"yoast_head":"<!-- This site is optimized with the Yoast SEO plugin v24.0 - https:\/\/yoast.com\/wordpress\/plugins\/seo\/ -->\n<title>Comment la rivi\u00e8re Petitcodiac devint boueuse \/ Ta&#039;n Tel-kisi-siskuapua&#039;qsepp Petikodiac Sipu \/ How the Petitcodiac River Became Muddy - Atlantic Books<\/title>\n<meta name=\"robots\" content=\"index, follow, max-snippet:-1, max-image-preview:large, max-video-preview:-1\" \/>\n<link rel=\"canonical\" href=\"https:\/\/atlanticbooks.ca\/fr\/livres\/comment-la-riviere-petitcodiac-devint-boueuse-tan-tel-kisi-siskuapuaqsepp-petikodiac-sipu-how-the-petitcodiac-river-became-muddy\" \/>\n<meta property=\"og:locale\" content=\"fr_FR\" \/>\n<meta property=\"og:type\" content=\"article\" \/>\n<meta property=\"og:title\" content=\"Comment la rivi\u00e8re Petitcodiac devint boueuse \/ Ta&#039;n Tel-kisi-siskuapua&#039;qsepp Petikodiac Sipu \/ How the Petitcodiac River Became Muddy - Atlantic Books\" \/>\n<meta property=\"og:description\" content=\"Cette l\u00e9gende mi&rsquo;kmaq explique \u00e0 sa fa\u00e7on quelques-uns des myst\u00e8res de la rivi\u00e8re Petitcodiac. Autrefois, la rivi\u00e8re \u00e9tait claire, limpide et regorgeait de poissons. Une Anguille g\u00e9ante, attir\u00e9e par cette [&hellip;]\" \/>\n<meta property=\"og:url\" content=\"https:\/\/atlanticbooks.ca\/fr\/livres\/comment-la-riviere-petitcodiac-devint-boueuse-tan-tel-kisi-siskuapuaqsepp-petikodiac-sipu-how-the-petitcodiac-river-became-muddy\" \/>\n<meta property=\"og:site_name\" content=\"Atlantic Books\" \/>\n<meta property=\"article:modified_time\" content=\"2022-11-10T02:09:55+00:00\" \/>\n<meta property=\"og:image\" content=\"https:\/\/atlanticbooks.mystagingwebsite.com\/wp-content\/uploads\/2021\/04\/comment-la-riviere-petitcodiac-devint-boueuse-3.jpg\" \/>\n\t<meta property=\"og:image:width\" content=\"800\" \/>\n\t<meta property=\"og:image:height\" content=\"805\" \/>\n\t<meta property=\"og:image:type\" content=\"image\/jpeg\" \/>\n<meta name=\"twitter:card\" content=\"summary_large_image\" \/>\n<script type=\"application\/ld+json\" class=\"yoast-schema-graph\">{\"@context\":\"https:\/\/schema.org\",\"@graph\":[{\"@type\":\"WebPage\",\"@id\":\"https:\/\/atlanticbooks.ca\/fr\/livres\/comment-la-riviere-petitcodiac-devint-boueuse-tan-tel-kisi-siskuapuaqsepp-petikodiac-sipu-how-the-petitcodiac-river-became-muddy\",\"url\":\"https:\/\/atlanticbooks.ca\/fr\/livres\/comment-la-riviere-petitcodiac-devint-boueuse-tan-tel-kisi-siskuapuaqsepp-petikodiac-sipu-how-the-petitcodiac-river-became-muddy\",\"name\":\"Comment la rivi\u00e8re Petitcodiac devint boueuse \/ Ta'n Tel-kisi-siskuapua'qsepp Petikodiac Sipu \/ How the Petitcodiac River Became Muddy - Atlantic Books\",\"isPartOf\":{\"@id\":\"https:\/\/atlanticbooks.ca\/fr\/#website\"},\"primaryImageOfPage\":{\"@id\":\"https:\/\/atlanticbooks.ca\/fr\/livres\/comment-la-riviere-petitcodiac-devint-boueuse-tan-tel-kisi-siskuapuaqsepp-petikodiac-sipu-how-the-petitcodiac-river-became-muddy#primaryimage\"},\"image\":{\"@id\":\"https:\/\/atlanticbooks.ca\/fr\/livres\/comment-la-riviere-petitcodiac-devint-boueuse-tan-tel-kisi-siskuapuaqsepp-petikodiac-sipu-how-the-petitcodiac-river-became-muddy#primaryimage\"},\"thumbnailUrl\":\"https:\/\/atlanticbooks.ca\/wp-content\/uploads\/2021\/04\/comment-la-riviere-petitcodiac-devint-boueuse-3.jpg\",\"datePublished\":\"2021-04-21T13:29:23+00:00\",\"dateModified\":\"2022-11-10T02:09:55+00:00\",\"breadcrumb\":{\"@id\":\"https:\/\/atlanticbooks.ca\/fr\/livres\/comment-la-riviere-petitcodiac-devint-boueuse-tan-tel-kisi-siskuapuaqsepp-petikodiac-sipu-how-the-petitcodiac-river-became-muddy#breadcrumb\"},\"inLanguage\":\"fr-FR\",\"potentialAction\":[{\"@type\":\"ReadAction\",\"target\":[\"https:\/\/atlanticbooks.ca\/fr\/livres\/comment-la-riviere-petitcodiac-devint-boueuse-tan-tel-kisi-siskuapuaqsepp-petikodiac-sipu-how-the-petitcodiac-river-became-muddy\"]}]},{\"@type\":\"ImageObject\",\"inLanguage\":\"fr-FR\",\"@id\":\"https:\/\/atlanticbooks.ca\/fr\/livres\/comment-la-riviere-petitcodiac-devint-boueuse-tan-tel-kisi-siskuapuaqsepp-petikodiac-sipu-how-the-petitcodiac-river-became-muddy#primaryimage\",\"url\":\"https:\/\/atlanticbooks.ca\/wp-content\/uploads\/2021\/04\/comment-la-riviere-petitcodiac-devint-boueuse-3.jpg\",\"contentUrl\":\"https:\/\/atlanticbooks.ca\/wp-content\/uploads\/2021\/04\/comment-la-riviere-petitcodiac-devint-boueuse-3.jpg\",\"width\":800,\"height\":805,\"caption\":\"Image de couverture (Comment la rivi\u00e8re Petitcodiac devint boueuse)\"},{\"@type\":\"BreadcrumbList\",\"@id\":\"https:\/\/atlanticbooks.ca\/fr\/livres\/comment-la-riviere-petitcodiac-devint-boueuse-tan-tel-kisi-siskuapuaqsepp-petikodiac-sipu-how-the-petitcodiac-river-became-muddy#breadcrumb\",\"itemListElement\":[{\"@type\":\"ListItem\",\"position\":1,\"name\":\"Domicile\",\"item\":\"https:\/\/atlanticbooks.ca\/fr\"},{\"@type\":\"ListItem\",\"position\":2,\"name\":\"Collections\",\"item\":\"https:\/\/atlanticbooks.ca\/fr\/collections\"},{\"@type\":\"ListItem\",\"position\":3,\"name\":\"Comment la rivi\u00e8re Petitcodiac devint boueuse \/ Ta&#8217;n Tel-kisi-siskuapua&#8217;qsepp Petikodiac Sipu \/ How the Petitcodiac River Became Muddy\"}]},{\"@type\":\"WebSite\",\"@id\":\"https:\/\/atlanticbooks.ca\/fr\/#website\",\"url\":\"https:\/\/atlanticbooks.ca\/fr\/\",\"name\":\"Atlantic Books\",\"description\":\"Atlantic Books\",\"publisher\":{\"@id\":\"https:\/\/atlanticbooks.ca\/fr\/#organization\"},\"potentialAction\":[{\"@type\":\"SearchAction\",\"target\":{\"@type\":\"EntryPoint\",\"urlTemplate\":\"https:\/\/atlanticbooks.ca\/fr\/?s={search_term_string}\"},\"query-input\":{\"@type\":\"PropertyValueSpecification\",\"valueRequired\":true,\"valueName\":\"search_term_string\"}}],\"inLanguage\":\"fr-FR\"},{\"@type\":\"Organization\",\"@id\":\"https:\/\/atlanticbooks.ca\/fr\/#organization\",\"name\":\"Atlantic Books\",\"url\":\"https:\/\/atlanticbooks.ca\/fr\/\",\"logo\":{\"@type\":\"ImageObject\",\"inLanguage\":\"fr-FR\",\"@id\":\"https:\/\/atlanticbooks.ca\/fr\/#\/schema\/logo\/image\/\",\"url\":\"https:\/\/atlanticbooks.ca\/wp-content\/uploads\/2020\/10\/atlantic-books-logo.png\",\"contentUrl\":\"https:\/\/atlanticbooks.ca\/wp-content\/uploads\/2020\/10\/atlantic-books-logo.png\",\"width\":566,\"height\":111,\"caption\":\"Atlantic Books\"},\"image\":{\"@id\":\"https:\/\/atlanticbooks.ca\/fr\/#\/schema\/logo\/image\/\"}}]}<\/script>\n<!-- \/ Yoast SEO plugin. -->","yoast_head_json":{"title":"Comment la rivi\u00e8re Petitcodiac devint boueuse \/ Ta'n Tel-kisi-siskuapua'qsepp Petikodiac Sipu \/ How the Petitcodiac River Became Muddy - Atlantic Books","robots":{"index":"index","follow":"follow","max-snippet":"max-snippet:-1","max-image-preview":"max-image-preview:large","max-video-preview":"max-video-preview:-1"},"canonical":"https:\/\/atlanticbooks.ca\/fr\/livres\/comment-la-riviere-petitcodiac-devint-boueuse-tan-tel-kisi-siskuapuaqsepp-petikodiac-sipu-how-the-petitcodiac-river-became-muddy","og_locale":"fr_FR","og_type":"article","og_title":"Comment la rivi\u00e8re Petitcodiac devint boueuse \/ Ta'n Tel-kisi-siskuapua'qsepp Petikodiac Sipu \/ How the Petitcodiac River Became Muddy - Atlantic Books","og_description":"Cette l\u00e9gende mi&rsquo;kmaq explique \u00e0 sa fa\u00e7on quelques-uns des myst\u00e8res de la rivi\u00e8re Petitcodiac. Autrefois, la rivi\u00e8re \u00e9tait claire, limpide et regorgeait de poissons. Une Anguille g\u00e9ante, attir\u00e9e par cette [&hellip;]","og_url":"https:\/\/atlanticbooks.ca\/fr\/livres\/comment-la-riviere-petitcodiac-devint-boueuse-tan-tel-kisi-siskuapuaqsepp-petikodiac-sipu-how-the-petitcodiac-river-became-muddy","og_site_name":"Atlantic Books","article_modified_time":"2022-11-10T02:09:55+00:00","og_image":[{"width":800,"height":805,"url":"https:\/\/atlanticbooks.mystagingwebsite.com\/wp-content\/uploads\/2021\/04\/comment-la-riviere-petitcodiac-devint-boueuse-3.jpg","type":"image\/jpeg"}],"twitter_card":"summary_large_image","schema":{"@context":"https:\/\/schema.org","@graph":[{"@type":"WebPage","@id":"https:\/\/atlanticbooks.ca\/fr\/livres\/comment-la-riviere-petitcodiac-devint-boueuse-tan-tel-kisi-siskuapuaqsepp-petikodiac-sipu-how-the-petitcodiac-river-became-muddy","url":"https:\/\/atlanticbooks.ca\/fr\/livres\/comment-la-riviere-petitcodiac-devint-boueuse-tan-tel-kisi-siskuapuaqsepp-petikodiac-sipu-how-the-petitcodiac-river-became-muddy","name":"Comment la rivi\u00e8re Petitcodiac devint boueuse \/ Ta'n Tel-kisi-siskuapua'qsepp Petikodiac Sipu \/ How the Petitcodiac River Became Muddy - Atlantic Books","isPartOf":{"@id":"https:\/\/atlanticbooks.ca\/fr\/#website"},"primaryImageOfPage":{"@id":"https:\/\/atlanticbooks.ca\/fr\/livres\/comment-la-riviere-petitcodiac-devint-boueuse-tan-tel-kisi-siskuapuaqsepp-petikodiac-sipu-how-the-petitcodiac-river-became-muddy#primaryimage"},"image":{"@id":"https:\/\/atlanticbooks.ca\/fr\/livres\/comment-la-riviere-petitcodiac-devint-boueuse-tan-tel-kisi-siskuapuaqsepp-petikodiac-sipu-how-the-petitcodiac-river-became-muddy#primaryimage"},"thumbnailUrl":"https:\/\/atlanticbooks.ca\/wp-content\/uploads\/2021\/04\/comment-la-riviere-petitcodiac-devint-boueuse-3.jpg","datePublished":"2021-04-21T13:29:23+00:00","dateModified":"2022-11-10T02:09:55+00:00","breadcrumb":{"@id":"https:\/\/atlanticbooks.ca\/fr\/livres\/comment-la-riviere-petitcodiac-devint-boueuse-tan-tel-kisi-siskuapuaqsepp-petikodiac-sipu-how-the-petitcodiac-river-became-muddy#breadcrumb"},"inLanguage":"fr-FR","potentialAction":[{"@type":"ReadAction","target":["https:\/\/atlanticbooks.ca\/fr\/livres\/comment-la-riviere-petitcodiac-devint-boueuse-tan-tel-kisi-siskuapuaqsepp-petikodiac-sipu-how-the-petitcodiac-river-became-muddy"]}]},{"@type":"ImageObject","inLanguage":"fr-FR","@id":"https:\/\/atlanticbooks.ca\/fr\/livres\/comment-la-riviere-petitcodiac-devint-boueuse-tan-tel-kisi-siskuapuaqsepp-petikodiac-sipu-how-the-petitcodiac-river-became-muddy#primaryimage","url":"https:\/\/atlanticbooks.ca\/wp-content\/uploads\/2021\/04\/comment-la-riviere-petitcodiac-devint-boueuse-3.jpg","contentUrl":"https:\/\/atlanticbooks.ca\/wp-content\/uploads\/2021\/04\/comment-la-riviere-petitcodiac-devint-boueuse-3.jpg","width":800,"height":805,"caption":"Image de couverture (Comment la rivi\u00e8re Petitcodiac devint boueuse)"},{"@type":"BreadcrumbList","@id":"https:\/\/atlanticbooks.ca\/fr\/livres\/comment-la-riviere-petitcodiac-devint-boueuse-tan-tel-kisi-siskuapuaqsepp-petikodiac-sipu-how-the-petitcodiac-river-became-muddy#breadcrumb","itemListElement":[{"@type":"ListItem","position":1,"name":"Domicile","item":"https:\/\/atlanticbooks.ca\/fr"},{"@type":"ListItem","position":2,"name":"Collections","item":"https:\/\/atlanticbooks.ca\/fr\/collections"},{"@type":"ListItem","position":3,"name":"Comment la rivi\u00e8re Petitcodiac devint boueuse \/ Ta&#8217;n Tel-kisi-siskuapua&#8217;qsepp Petikodiac Sipu \/ How the Petitcodiac River Became Muddy"}]},{"@type":"WebSite","@id":"https:\/\/atlanticbooks.ca\/fr\/#website","url":"https:\/\/atlanticbooks.ca\/fr\/","name":"Atlantic Books","description":"Atlantic Books","publisher":{"@id":"https:\/\/atlanticbooks.ca\/fr\/#organization"},"potentialAction":[{"@type":"SearchAction","target":{"@type":"EntryPoint","urlTemplate":"https:\/\/atlanticbooks.ca\/fr\/?s={search_term_string}"},"query-input":{"@type":"PropertyValueSpecification","valueRequired":true,"valueName":"search_term_string"}}],"inLanguage":"fr-FR"},{"@type":"Organization","@id":"https:\/\/atlanticbooks.ca\/fr\/#organization","name":"Atlantic Books","url":"https:\/\/atlanticbooks.ca\/fr\/","logo":{"@type":"ImageObject","inLanguage":"fr-FR","@id":"https:\/\/atlanticbooks.ca\/fr\/#\/schema\/logo\/image\/","url":"https:\/\/atlanticbooks.ca\/wp-content\/uploads\/2020\/10\/atlantic-books-logo.png","contentUrl":"https:\/\/atlanticbooks.ca\/wp-content\/uploads\/2020\/10\/atlantic-books-logo.png","width":566,"height":111,"caption":"Atlantic Books"},"image":{"@id":"https:\/\/atlanticbooks.ca\/fr\/#\/schema\/logo\/image\/"}}]}},"_links":{"self":[{"href":"https:\/\/atlanticbooks.ca\/fr\/wp-json\/wp\/v2\/product\/65824","targetHints":{"allow":["GET"]}}],"collection":[{"href":"https:\/\/atlanticbooks.ca\/fr\/wp-json\/wp\/v2\/product"}],"about":[{"href":"https:\/\/atlanticbooks.ca\/fr\/wp-json\/wp\/v2\/types\/product"}],"wp:featuredmedia":[{"embeddable":true,"href":"https:\/\/atlanticbooks.ca\/fr\/wp-json\/wp\/v2\/media\/36641"}],"wp:attachment":[{"href":"https:\/\/atlanticbooks.ca\/fr\/wp-json\/wp\/v2\/media?parent=65824"}],"wp:term":[{"taxonomy":"product_brand","embeddable":true,"href":"https:\/\/atlanticbooks.ca\/fr\/wp-json\/wp\/v2\/product_brand?post=65824"},{"taxonomy":"product_cat","embeddable":true,"href":"https:\/\/atlanticbooks.ca\/fr\/wp-json\/wp\/v2\/product_cat?post=65824"},{"taxonomy":"product_tag","embeddable":true,"href":"https:\/\/atlanticbooks.ca\/fr\/wp-json\/wp\/v2\/product_tag?post=65824"}],"curies":[{"name":"wp","href":"https:\/\/api.w.org\/{rel}","templated":true}]}}