{"id":65816,"date":"2021-04-21T14:17:21","date_gmt":"2021-04-21T14:17:21","guid":{"rendered":"https:\/\/atlanticbooks.ca\/books\/le-roi-de-glace-mkumiey-elekewit-the-ice-king\/"},"modified":"2022-11-09T21:45:27","modified_gmt":"2022-11-09T21:45:27","slug":"le-roi-de-glace-mkumiey-elekewit-the-ice-king","status":"publish","type":"product","link":"https:\/\/atlanticbooks.ca\/fr\/livres\/le-roi-de-glace-mkumiey-elekewit-the-ice-king","title":{"rendered":"Le roi de glace \/ Mkumiey Eleke\u2019wit \/ The Ice King"},"content":{"rendered":"<p>English description follows.\u00a0<\/p>\n<p>Album racont\u00e9 en trois langues : fran\u00e7ais mi\u2019kmaq et anglais.<\/p>\n<p>Parce qu\u2019ils ne savaient pas se d\u00e9fendre contre le Roi de glace, les habitants d\u2019un village mi\u2019kmaq risquaient la mort chaque hiver. Jusqu\u2019au jour o\u00f9 un brave Mi\u2019kmaq osa lui faire face. Parviendra-t-il \u00e0 ma\u00eetriser cet ennemi redoutable? Sa sagesse et sa pr\u00e9voyance r\u00e9ussiront-elles \u00e0 venir \u00e0 bout de difficult\u00e9s qui semblent insurmontables?\u00a0\u00a0<\/p>\n<p>Because they did not know how to defend themselves against the Ice King, the inhabitants of a Mi\u2019kmaq village risked death every winter \u2013 until a day when a brave Mi\u2019kmaq dared to stand up to him. Will he manage to subdue this formidable enemy? The moral of this American Indian tale is evident. The wise and farsighted man knows how to cope with even the greatest difficulties.\\n\\n\\nThis book is in English, French, and Mi&rsquo;kmaq.<\/p>\n","protected":false},"excerpt":{"rendered":"<p>English description follows.\u00a0 Album racont\u00e9 en trois langues : fran\u00e7ais mi\u2019kmaq et anglais. Parce qu\u2019ils ne savaient pas se d\u00e9fendre contre le Roi de glace, les habitants d\u2019un village mi\u2019kmaq [&hellip;]<\/p>\n","protected":false},"featured_media":57946,"template":"","meta":{"_genesis_hide_title":false,"_genesis_hide_breadcrumbs":false,"_genesis_hide_singular_image":false,"_genesis_hide_footer_widgets":false,"_genesis_custom_body_class":"","_genesis_custom_post_class":"","_genesis_layout":""},"product_brand":[],"product_cat":[12776,15038,15064],"product_tag":[],"class_list":{"0":"post-65816","1":"product","2":"type-product","3":"status-publish","4":"has-post-thumbnail","5":"product_language-eng-fr","6":"product_subjects-other-fr","7":"product_subjects-juvenile-fiction-fr","8":"product_subjects-legends-myths-fables-fr","9":"product_reading_range-6-fr","10":"product_reading_range-8-fr","11":"product_reading_range-7-fr","12":"product_reading_range-5-fr","13":"product_interest_range-5-fr","14":"product_interest_range-6-fr","15":"product_interest_range-7-fr","16":"product_interest_range-8-fr","17":"product_grade_range-kindergarten-fr","18":"product_grade_range-first-grade-fr","19":"product_grade_range-second-grade-fr","20":"product_grade_range-third-grade-fr","21":"product_curriculumsubject-francais-programmes-detudes-fr","22":"product_curriculumsubject-immersion-2-fr","23":"product_curriculumsubject-english-curriculum-subjects-fr","24":"product_curriculumsubject-sciences-humaines-im-fr","25":"product_curriculumsubject-sciences-humaines-fr","26":"product_curriculumsubject-indigenous-languages-fr","27":"product_curriculumsubject-mikmaw-language-fr","28":"product_curriculumsubject-social-studies-fr","29":"product_curriculumsubject-indigenous-studies-fr","30":"product_curriculumsubject-mikmaw-studies-social-studies-fr","31":"product_edi_priority_areas-identite-culturelle","32":"product_edi_priority_areas-races-et-ethnies","33":"product_edi_author-auteur-trice-autochtone","34":"product_edi_author-auteur-trice-mikmaw","35":"product_edi_publisher-acadian-publisher-copy","36":"product_edi_publisher-french-canadian-publisher-copy","37":"product_edi_history_culture-indigenous-histories-cultures-fr","38":"product_edi_history_culture-culture-et-histoire-mikmaw","39":"product_edi_characters-personnages-autochtones","40":"product_edi_characters-personnages-mikmaw","41":"product_edi_languages-francais-fr","42":"product_edi_languages-langue-mikmaw","43":"biblio_share_tag-juvenile-fiction-legends-fr","44":"biblio_share_tag-fables-other-fr","45":"biblio_share_tag-myths-fr","46":"product_cat-abc-fr-2","47":"product_cat-voices-fr","48":"product_cat-indigenous-voices-fr","49":"product_shipping_class-abc-test-fr","50":"entry","52":"first","53":"instock","54":"taxable","55":"shipping-taxable","56":"purchasable","57":"product-type-simple"},"yoast_head":"<!-- This site is optimized with the Yoast SEO plugin v24.0 - https:\/\/yoast.com\/wordpress\/plugins\/seo\/ -->\n<title>Le roi de glace \/ Mkumiey Eleke\u2019wit \/ The Ice King - Atlantic Books<\/title>\n<meta name=\"robots\" content=\"index, follow, max-snippet:-1, max-image-preview:large, max-video-preview:-1\" \/>\n<link rel=\"canonical\" href=\"https:\/\/atlanticbooks.ca\/fr\/livres\/le-roi-de-glace-mkumiey-elekewit-the-ice-king\" \/>\n<meta property=\"og:locale\" content=\"fr_FR\" \/>\n<meta property=\"og:type\" content=\"article\" \/>\n<meta property=\"og:title\" content=\"Le roi de glace \/ Mkumiey Eleke\u2019wit \/ The Ice King - Atlantic Books\" \/>\n<meta property=\"og:description\" content=\"English description follows.\u00a0 Album racont\u00e9 en trois langues : fran\u00e7ais mi\u2019kmaq et anglais. Parce qu\u2019ils ne savaient pas se d\u00e9fendre contre le Roi de glace, les habitants d\u2019un village mi\u2019kmaq [&hellip;]\" \/>\n<meta property=\"og:url\" content=\"https:\/\/atlanticbooks.ca\/fr\/livres\/le-roi-de-glace-mkumiey-elekewit-the-ice-king\" \/>\n<meta property=\"og:site_name\" content=\"Atlantic Books\" \/>\n<meta property=\"article:modified_time\" content=\"2022-11-09T21:45:27+00:00\" \/>\n<meta property=\"og:image\" content=\"https:\/\/atlanticbooks.mystagingwebsite.com\/wp-content\/uploads\/biblioshare_attachments\/9782923518640.png\" \/>\n\t<meta property=\"og:image:width\" content=\"1000\" \/>\n\t<meta property=\"og:image:height\" content=\"1000\" \/>\n\t<meta property=\"og:image:type\" content=\"image\/png\" \/>\n<meta name=\"twitter:card\" content=\"summary_large_image\" \/>\n<meta name=\"twitter:label1\" content=\"Dur\u00e9e de lecture estim\u00e9e\" \/>\n\t<meta name=\"twitter:data1\" content=\"1 minute\" \/>\n<script type=\"application\/ld+json\" class=\"yoast-schema-graph\">{\"@context\":\"https:\/\/schema.org\",\"@graph\":[{\"@type\":\"WebPage\",\"@id\":\"https:\/\/atlanticbooks.ca\/fr\/livres\/le-roi-de-glace-mkumiey-elekewit-the-ice-king\",\"url\":\"https:\/\/atlanticbooks.ca\/fr\/livres\/le-roi-de-glace-mkumiey-elekewit-the-ice-king\",\"name\":\"Le roi de glace \/ Mkumiey Eleke\u2019wit \/ The Ice King - Atlantic Books\",\"isPartOf\":{\"@id\":\"https:\/\/atlanticbooks.ca\/fr\/#website\"},\"primaryImageOfPage\":{\"@id\":\"https:\/\/atlanticbooks.ca\/fr\/livres\/le-roi-de-glace-mkumiey-elekewit-the-ice-king#primaryimage\"},\"image\":{\"@id\":\"https:\/\/atlanticbooks.ca\/fr\/livres\/le-roi-de-glace-mkumiey-elekewit-the-ice-king#primaryimage\"},\"thumbnailUrl\":\"https:\/\/atlanticbooks.ca\/wp-content\/uploads\/biblioshare_attachments\/9782923518640.png\",\"datePublished\":\"2021-04-21T14:17:21+00:00\",\"dateModified\":\"2022-11-09T21:45:27+00:00\",\"breadcrumb\":{\"@id\":\"https:\/\/atlanticbooks.ca\/fr\/livres\/le-roi-de-glace-mkumiey-elekewit-the-ice-king#breadcrumb\"},\"inLanguage\":\"fr-FR\",\"potentialAction\":[{\"@type\":\"ReadAction\",\"target\":[\"https:\/\/atlanticbooks.ca\/fr\/livres\/le-roi-de-glace-mkumiey-elekewit-the-ice-king\"]}]},{\"@type\":\"ImageObject\",\"inLanguage\":\"fr-FR\",\"@id\":\"https:\/\/atlanticbooks.ca\/fr\/livres\/le-roi-de-glace-mkumiey-elekewit-the-ice-king#primaryimage\",\"url\":\"https:\/\/atlanticbooks.ca\/wp-content\/uploads\/biblioshare_attachments\/9782923518640.png\",\"contentUrl\":\"https:\/\/atlanticbooks.ca\/wp-content\/uploads\/biblioshare_attachments\/9782923518640.png\",\"width\":1000,\"height\":1000},{\"@type\":\"BreadcrumbList\",\"@id\":\"https:\/\/atlanticbooks.ca\/fr\/livres\/le-roi-de-glace-mkumiey-elekewit-the-ice-king#breadcrumb\",\"itemListElement\":[{\"@type\":\"ListItem\",\"position\":1,\"name\":\"Domicile\",\"item\":\"https:\/\/atlanticbooks.ca\/fr\"},{\"@type\":\"ListItem\",\"position\":2,\"name\":\"Collections\",\"item\":\"https:\/\/atlanticbooks.ca\/fr\/collections\"},{\"@type\":\"ListItem\",\"position\":3,\"name\":\"Le roi de glace \/ Mkumiey Eleke\u2019wit \/ The Ice King\"}]},{\"@type\":\"WebSite\",\"@id\":\"https:\/\/atlanticbooks.ca\/fr\/#website\",\"url\":\"https:\/\/atlanticbooks.ca\/fr\/\",\"name\":\"Atlantic Books\",\"description\":\"Atlantic Books\",\"publisher\":{\"@id\":\"https:\/\/atlanticbooks.ca\/fr\/#organization\"},\"potentialAction\":[{\"@type\":\"SearchAction\",\"target\":{\"@type\":\"EntryPoint\",\"urlTemplate\":\"https:\/\/atlanticbooks.ca\/fr\/?s={search_term_string}\"},\"query-input\":{\"@type\":\"PropertyValueSpecification\",\"valueRequired\":true,\"valueName\":\"search_term_string\"}}],\"inLanguage\":\"fr-FR\"},{\"@type\":\"Organization\",\"@id\":\"https:\/\/atlanticbooks.ca\/fr\/#organization\",\"name\":\"Atlantic Books\",\"url\":\"https:\/\/atlanticbooks.ca\/fr\/\",\"logo\":{\"@type\":\"ImageObject\",\"inLanguage\":\"fr-FR\",\"@id\":\"https:\/\/atlanticbooks.ca\/fr\/#\/schema\/logo\/image\/\",\"url\":\"https:\/\/atlanticbooks.ca\/wp-content\/uploads\/2020\/10\/atlantic-books-logo.png\",\"contentUrl\":\"https:\/\/atlanticbooks.ca\/wp-content\/uploads\/2020\/10\/atlantic-books-logo.png\",\"width\":566,\"height\":111,\"caption\":\"Atlantic Books\"},\"image\":{\"@id\":\"https:\/\/atlanticbooks.ca\/fr\/#\/schema\/logo\/image\/\"}}]}<\/script>\n<!-- \/ Yoast SEO plugin. -->","yoast_head_json":{"title":"Le roi de glace \/ Mkumiey Eleke\u2019wit \/ The Ice King - Atlantic Books","robots":{"index":"index","follow":"follow","max-snippet":"max-snippet:-1","max-image-preview":"max-image-preview:large","max-video-preview":"max-video-preview:-1"},"canonical":"https:\/\/atlanticbooks.ca\/fr\/livres\/le-roi-de-glace-mkumiey-elekewit-the-ice-king","og_locale":"fr_FR","og_type":"article","og_title":"Le roi de glace \/ Mkumiey Eleke\u2019wit \/ The Ice King - Atlantic Books","og_description":"English description follows.\u00a0 Album racont\u00e9 en trois langues : fran\u00e7ais mi\u2019kmaq et anglais. Parce qu\u2019ils ne savaient pas se d\u00e9fendre contre le Roi de glace, les habitants d\u2019un village mi\u2019kmaq [&hellip;]","og_url":"https:\/\/atlanticbooks.ca\/fr\/livres\/le-roi-de-glace-mkumiey-elekewit-the-ice-king","og_site_name":"Atlantic Books","article_modified_time":"2022-11-09T21:45:27+00:00","og_image":[{"width":1000,"height":1000,"url":"https:\/\/atlanticbooks.mystagingwebsite.com\/wp-content\/uploads\/biblioshare_attachments\/9782923518640.png","type":"image\/png"}],"twitter_card":"summary_large_image","twitter_misc":{"Dur\u00e9e de lecture estim\u00e9e":"1 minute"},"schema":{"@context":"https:\/\/schema.org","@graph":[{"@type":"WebPage","@id":"https:\/\/atlanticbooks.ca\/fr\/livres\/le-roi-de-glace-mkumiey-elekewit-the-ice-king","url":"https:\/\/atlanticbooks.ca\/fr\/livres\/le-roi-de-glace-mkumiey-elekewit-the-ice-king","name":"Le roi de glace \/ Mkumiey Eleke\u2019wit \/ The Ice King - Atlantic Books","isPartOf":{"@id":"https:\/\/atlanticbooks.ca\/fr\/#website"},"primaryImageOfPage":{"@id":"https:\/\/atlanticbooks.ca\/fr\/livres\/le-roi-de-glace-mkumiey-elekewit-the-ice-king#primaryimage"},"image":{"@id":"https:\/\/atlanticbooks.ca\/fr\/livres\/le-roi-de-glace-mkumiey-elekewit-the-ice-king#primaryimage"},"thumbnailUrl":"https:\/\/atlanticbooks.ca\/wp-content\/uploads\/biblioshare_attachments\/9782923518640.png","datePublished":"2021-04-21T14:17:21+00:00","dateModified":"2022-11-09T21:45:27+00:00","breadcrumb":{"@id":"https:\/\/atlanticbooks.ca\/fr\/livres\/le-roi-de-glace-mkumiey-elekewit-the-ice-king#breadcrumb"},"inLanguage":"fr-FR","potentialAction":[{"@type":"ReadAction","target":["https:\/\/atlanticbooks.ca\/fr\/livres\/le-roi-de-glace-mkumiey-elekewit-the-ice-king"]}]},{"@type":"ImageObject","inLanguage":"fr-FR","@id":"https:\/\/atlanticbooks.ca\/fr\/livres\/le-roi-de-glace-mkumiey-elekewit-the-ice-king#primaryimage","url":"https:\/\/atlanticbooks.ca\/wp-content\/uploads\/biblioshare_attachments\/9782923518640.png","contentUrl":"https:\/\/atlanticbooks.ca\/wp-content\/uploads\/biblioshare_attachments\/9782923518640.png","width":1000,"height":1000},{"@type":"BreadcrumbList","@id":"https:\/\/atlanticbooks.ca\/fr\/livres\/le-roi-de-glace-mkumiey-elekewit-the-ice-king#breadcrumb","itemListElement":[{"@type":"ListItem","position":1,"name":"Domicile","item":"https:\/\/atlanticbooks.ca\/fr"},{"@type":"ListItem","position":2,"name":"Collections","item":"https:\/\/atlanticbooks.ca\/fr\/collections"},{"@type":"ListItem","position":3,"name":"Le roi de glace \/ Mkumiey Eleke\u2019wit \/ The Ice King"}]},{"@type":"WebSite","@id":"https:\/\/atlanticbooks.ca\/fr\/#website","url":"https:\/\/atlanticbooks.ca\/fr\/","name":"Atlantic Books","description":"Atlantic Books","publisher":{"@id":"https:\/\/atlanticbooks.ca\/fr\/#organization"},"potentialAction":[{"@type":"SearchAction","target":{"@type":"EntryPoint","urlTemplate":"https:\/\/atlanticbooks.ca\/fr\/?s={search_term_string}"},"query-input":{"@type":"PropertyValueSpecification","valueRequired":true,"valueName":"search_term_string"}}],"inLanguage":"fr-FR"},{"@type":"Organization","@id":"https:\/\/atlanticbooks.ca\/fr\/#organization","name":"Atlantic Books","url":"https:\/\/atlanticbooks.ca\/fr\/","logo":{"@type":"ImageObject","inLanguage":"fr-FR","@id":"https:\/\/atlanticbooks.ca\/fr\/#\/schema\/logo\/image\/","url":"https:\/\/atlanticbooks.ca\/wp-content\/uploads\/2020\/10\/atlantic-books-logo.png","contentUrl":"https:\/\/atlanticbooks.ca\/wp-content\/uploads\/2020\/10\/atlantic-books-logo.png","width":566,"height":111,"caption":"Atlantic Books"},"image":{"@id":"https:\/\/atlanticbooks.ca\/fr\/#\/schema\/logo\/image\/"}}]}},"_links":{"self":[{"href":"https:\/\/atlanticbooks.ca\/fr\/wp-json\/wp\/v2\/product\/65816","targetHints":{"allow":["GET"]}}],"collection":[{"href":"https:\/\/atlanticbooks.ca\/fr\/wp-json\/wp\/v2\/product"}],"about":[{"href":"https:\/\/atlanticbooks.ca\/fr\/wp-json\/wp\/v2\/types\/product"}],"wp:featuredmedia":[{"embeddable":true,"href":"https:\/\/atlanticbooks.ca\/fr\/wp-json\/wp\/v2\/media\/57946"}],"wp:attachment":[{"href":"https:\/\/atlanticbooks.ca\/fr\/wp-json\/wp\/v2\/media?parent=65816"}],"wp:term":[{"taxonomy":"product_brand","embeddable":true,"href":"https:\/\/atlanticbooks.ca\/fr\/wp-json\/wp\/v2\/product_brand?post=65816"},{"taxonomy":"product_cat","embeddable":true,"href":"https:\/\/atlanticbooks.ca\/fr\/wp-json\/wp\/v2\/product_cat?post=65816"},{"taxonomy":"product_tag","embeddable":true,"href":"https:\/\/atlanticbooks.ca\/fr\/wp-json\/wp\/v2\/product_tag?post=65816"}],"curies":[{"name":"wp","href":"https:\/\/api.w.org\/{rel}","templated":true}]}}