{"id":65663,"date":"2021-05-04T10:39:38","date_gmt":"2021-05-04T10:39:38","guid":{"rendered":"https:\/\/atlanticbooks.ca\/books\/le-retour-du-capitaine-baboune\/"},"modified":"2022-11-09T21:42:49","modified_gmt":"2022-11-09T21:42:49","slug":"le-retour-du-capitaine-baboune","status":"publish","type":"product","link":"https:\/\/atlanticbooks.ca\/fr\/livres\/le-retour-du-capitaine-baboune","title":{"rendered":"Le retour du Capitaine Baboune"},"content":{"rendered":"<p>English description follows.<\/p>\n<p>Lo\u00efc et son fid\u00e8le compagnon, le petit dragon peureux Portagne des Montagnes, se retrouvent dans une forteresse cauchemardesque. L\u2019irascible capitaine Baboune y carbure toujours \u00e0 la mauvaise humeur, malgr\u00e9 l\u2019humiliation qu\u2019il a subi la derni\u00e8re fois que son chemin a crois\u00e9 celui de Lo\u00efc\u2026 Baboune op\u00e8re d\u00e9sormais une machine \u00e0 d\u00e9tourner les vents. Elle fonctionne gr\u00e2ce \u00e0 la bougonnerie d\u2019adultes m\u00e9contents de leur sort. Lo\u00efc et Portagne des Montagnes, aid\u00e9s par un corbeau enchant\u00e9, doivent trouver la cl\u00e9 qui permettra de d\u00e9truire cet engin infernal et ainsi sauver les adultes !<\/p>\n<p>&lt;p&gt;Lo\u00efc and his faithful companion, the spunky little winged dragon Portagne-des-Montagnes, find themselves in a nightmarish fortress, which the irascible Captain Baboune still powers with foul humour, despite having been humiliated by Lo\u00efc only moments before. Baboune operates a machine that alters the very nature of the winds. The machine is fuelled by the grumpiness of adults upset with their lot. Led by an enchanted crow, Lo\u00efc and Portagne must find the key to destroy the machine and free the grown-ups.&lt;\/p&gt;<\/p>\n","protected":false},"excerpt":{"rendered":"<p>&lt;p&gt;Oh no! Captain Baboune is at it again! This time, at the helm of an infernal machine, capturing the winds and deregulating the climate.&lt;\/p&gt;<\/p>\n","protected":false},"featured_media":67381,"template":"","meta":{"_genesis_hide_title":false,"_genesis_hide_breadcrumbs":false,"_genesis_hide_singular_image":false,"_genesis_hide_footer_widgets":false,"_genesis_custom_body_class":"","_genesis_custom_post_class":"","_genesis_layout":""},"product_brand":[],"product_cat":[12776,15839],"product_tag":[16135],"class_list":{"0":"post-65663","1":"product","2":"type-product","3":"status-publish","4":"has-post-thumbnail","5":"product_language-fre","6":"product_subjects-action-adventure-fr","7":"product_subjects-juvenile-fiction-fr","8":"product_subjects-pirates-fr","9":"product_reading_range-8-fr","10":"product_reading_range-9-fr","11":"product_reading_range-7-fr","12":"product_reading_range-10-fr","13":"product_reading_range-11-fr","14":"product_interest_range-11-fr","15":"product_interest_range-7-fr","16":"product_interest_range-8-fr","17":"product_interest_range-9-fr","18":"product_interest_range-10-fr","19":"product_grade_range-fourth-grade-fr","20":"product_grade_range-fifth-grade-fr","21":"product_grade_range-sixth-grade-fr","22":"product_grade_range-seventh-grade-fr","23":"product_grade_range-eighth-grade-fr","24":"product_curriculumsubject-francais-programmes-detudes-fr","25":"product_curriculumsubject-immersion-2-fr","26":"product_curriculumsubject-francais-arts-langagiers-fr","27":"product_curriculumsubject-francais-arts-langagiers-im-fr","28":"product_edi_languages-francais-fr","29":"product_cat-abc-fr-2","30":"product_cat-discover-fr","31":"product_tag-abt93-fr","32":"product_shipping_class-abc-test-fr","33":"entry","35":"first","36":"instock","37":"taxable","38":"shipping-taxable","39":"purchasable","40":"product-type-simple"},"yoast_head":"<!-- This site is optimized with the Yoast SEO plugin v24.0 - https:\/\/yoast.com\/wordpress\/plugins\/seo\/ -->\n<title>Le retour du Capitaine Baboune - Atlantic Books<\/title>\n<meta name=\"robots\" content=\"index, follow, max-snippet:-1, max-image-preview:large, max-video-preview:-1\" \/>\n<link rel=\"canonical\" href=\"https:\/\/atlanticbooks.ca\/fr\/livres\/le-retour-du-capitaine-baboune\" \/>\n<meta property=\"og:locale\" content=\"fr_FR\" \/>\n<meta property=\"og:type\" content=\"article\" \/>\n<meta property=\"og:title\" content=\"Le retour du Capitaine Baboune - Atlantic Books\" \/>\n<meta property=\"og:description\" content=\"&lt;p&gt;Oh no! Captain Baboune is at it again! This time, at the helm of an infernal machine, capturing the winds and deregulating the climate.&lt;\/p&gt;\" \/>\n<meta property=\"og:url\" content=\"https:\/\/atlanticbooks.ca\/fr\/livres\/le-retour-du-capitaine-baboune\" \/>\n<meta property=\"og:site_name\" content=\"Atlantic Books\" \/>\n<meta property=\"article:modified_time\" content=\"2022-11-09T21:42:49+00:00\" \/>\n<meta property=\"og:image\" content=\"https:\/\/atlanticbooks.mystagingwebsite.com\/wp-content\/uploads\/biblioshare_attachments\/9782897502522.png\" \/>\n\t<meta property=\"og:image:width\" content=\"1266\" \/>\n\t<meta property=\"og:image:height\" content=\"2000\" \/>\n\t<meta property=\"og:image:type\" content=\"image\/png\" \/>\n<meta name=\"twitter:card\" content=\"summary_large_image\" \/>\n<meta name=\"twitter:label1\" content=\"Dur\u00e9e de lecture estim\u00e9e\" \/>\n\t<meta name=\"twitter:data1\" content=\"1 minute\" \/>\n<script type=\"application\/ld+json\" class=\"yoast-schema-graph\">{\"@context\":\"https:\/\/schema.org\",\"@graph\":[{\"@type\":\"WebPage\",\"@id\":\"https:\/\/atlanticbooks.ca\/fr\/livres\/le-retour-du-capitaine-baboune\",\"url\":\"https:\/\/atlanticbooks.ca\/fr\/livres\/le-retour-du-capitaine-baboune\",\"name\":\"Le retour du Capitaine Baboune - Atlantic Books\",\"isPartOf\":{\"@id\":\"https:\/\/atlanticbooks.ca\/fr\/#website\"},\"primaryImageOfPage\":{\"@id\":\"https:\/\/atlanticbooks.ca\/fr\/livres\/le-retour-du-capitaine-baboune#primaryimage\"},\"image\":{\"@id\":\"https:\/\/atlanticbooks.ca\/fr\/livres\/le-retour-du-capitaine-baboune#primaryimage\"},\"thumbnailUrl\":\"https:\/\/atlanticbooks.ca\/wp-content\/uploads\/biblioshare_attachments\/9782897502522.png\",\"datePublished\":\"2021-05-04T10:39:38+00:00\",\"dateModified\":\"2022-11-09T21:42:49+00:00\",\"breadcrumb\":{\"@id\":\"https:\/\/atlanticbooks.ca\/fr\/livres\/le-retour-du-capitaine-baboune#breadcrumb\"},\"inLanguage\":\"fr-FR\",\"potentialAction\":[{\"@type\":\"ReadAction\",\"target\":[\"https:\/\/atlanticbooks.ca\/fr\/livres\/le-retour-du-capitaine-baboune\"]}]},{\"@type\":\"ImageObject\",\"inLanguage\":\"fr-FR\",\"@id\":\"https:\/\/atlanticbooks.ca\/fr\/livres\/le-retour-du-capitaine-baboune#primaryimage\",\"url\":\"https:\/\/atlanticbooks.ca\/wp-content\/uploads\/biblioshare_attachments\/9782897502522.png\",\"contentUrl\":\"https:\/\/atlanticbooks.ca\/wp-content\/uploads\/biblioshare_attachments\/9782897502522.png\",\"width\":1266,\"height\":2000},{\"@type\":\"BreadcrumbList\",\"@id\":\"https:\/\/atlanticbooks.ca\/fr\/livres\/le-retour-du-capitaine-baboune#breadcrumb\",\"itemListElement\":[{\"@type\":\"ListItem\",\"position\":1,\"name\":\"Domicile\",\"item\":\"https:\/\/atlanticbooks.ca\/fr\"},{\"@type\":\"ListItem\",\"position\":2,\"name\":\"Collections\",\"item\":\"https:\/\/atlanticbooks.ca\/fr\/collections\"},{\"@type\":\"ListItem\",\"position\":3,\"name\":\"Le retour du Capitaine Baboune\"}]},{\"@type\":\"WebSite\",\"@id\":\"https:\/\/atlanticbooks.ca\/fr\/#website\",\"url\":\"https:\/\/atlanticbooks.ca\/fr\/\",\"name\":\"Atlantic Books\",\"description\":\"Atlantic Books\",\"publisher\":{\"@id\":\"https:\/\/atlanticbooks.ca\/fr\/#organization\"},\"potentialAction\":[{\"@type\":\"SearchAction\",\"target\":{\"@type\":\"EntryPoint\",\"urlTemplate\":\"https:\/\/atlanticbooks.ca\/fr\/?s={search_term_string}\"},\"query-input\":{\"@type\":\"PropertyValueSpecification\",\"valueRequired\":true,\"valueName\":\"search_term_string\"}}],\"inLanguage\":\"fr-FR\"},{\"@type\":\"Organization\",\"@id\":\"https:\/\/atlanticbooks.ca\/fr\/#organization\",\"name\":\"Atlantic Books\",\"url\":\"https:\/\/atlanticbooks.ca\/fr\/\",\"logo\":{\"@type\":\"ImageObject\",\"inLanguage\":\"fr-FR\",\"@id\":\"https:\/\/atlanticbooks.ca\/fr\/#\/schema\/logo\/image\/\",\"url\":\"https:\/\/atlanticbooks.ca\/wp-content\/uploads\/2020\/10\/atlantic-books-logo.png\",\"contentUrl\":\"https:\/\/atlanticbooks.ca\/wp-content\/uploads\/2020\/10\/atlantic-books-logo.png\",\"width\":566,\"height\":111,\"caption\":\"Atlantic Books\"},\"image\":{\"@id\":\"https:\/\/atlanticbooks.ca\/fr\/#\/schema\/logo\/image\/\"}}]}<\/script>\n<!-- \/ Yoast SEO plugin. -->","yoast_head_json":{"title":"Le retour du Capitaine Baboune - Atlantic Books","robots":{"index":"index","follow":"follow","max-snippet":"max-snippet:-1","max-image-preview":"max-image-preview:large","max-video-preview":"max-video-preview:-1"},"canonical":"https:\/\/atlanticbooks.ca\/fr\/livres\/le-retour-du-capitaine-baboune","og_locale":"fr_FR","og_type":"article","og_title":"Le retour du Capitaine Baboune - Atlantic Books","og_description":"&lt;p&gt;Oh no! Captain Baboune is at it again! This time, at the helm of an infernal machine, capturing the winds and deregulating the climate.&lt;\/p&gt;","og_url":"https:\/\/atlanticbooks.ca\/fr\/livres\/le-retour-du-capitaine-baboune","og_site_name":"Atlantic Books","article_modified_time":"2022-11-09T21:42:49+00:00","og_image":[{"width":1266,"height":2000,"url":"https:\/\/atlanticbooks.mystagingwebsite.com\/wp-content\/uploads\/biblioshare_attachments\/9782897502522.png","type":"image\/png"}],"twitter_card":"summary_large_image","twitter_misc":{"Dur\u00e9e de lecture estim\u00e9e":"1 minute"},"schema":{"@context":"https:\/\/schema.org","@graph":[{"@type":"WebPage","@id":"https:\/\/atlanticbooks.ca\/fr\/livres\/le-retour-du-capitaine-baboune","url":"https:\/\/atlanticbooks.ca\/fr\/livres\/le-retour-du-capitaine-baboune","name":"Le retour du Capitaine Baboune - Atlantic Books","isPartOf":{"@id":"https:\/\/atlanticbooks.ca\/fr\/#website"},"primaryImageOfPage":{"@id":"https:\/\/atlanticbooks.ca\/fr\/livres\/le-retour-du-capitaine-baboune#primaryimage"},"image":{"@id":"https:\/\/atlanticbooks.ca\/fr\/livres\/le-retour-du-capitaine-baboune#primaryimage"},"thumbnailUrl":"https:\/\/atlanticbooks.ca\/wp-content\/uploads\/biblioshare_attachments\/9782897502522.png","datePublished":"2021-05-04T10:39:38+00:00","dateModified":"2022-11-09T21:42:49+00:00","breadcrumb":{"@id":"https:\/\/atlanticbooks.ca\/fr\/livres\/le-retour-du-capitaine-baboune#breadcrumb"},"inLanguage":"fr-FR","potentialAction":[{"@type":"ReadAction","target":["https:\/\/atlanticbooks.ca\/fr\/livres\/le-retour-du-capitaine-baboune"]}]},{"@type":"ImageObject","inLanguage":"fr-FR","@id":"https:\/\/atlanticbooks.ca\/fr\/livres\/le-retour-du-capitaine-baboune#primaryimage","url":"https:\/\/atlanticbooks.ca\/wp-content\/uploads\/biblioshare_attachments\/9782897502522.png","contentUrl":"https:\/\/atlanticbooks.ca\/wp-content\/uploads\/biblioshare_attachments\/9782897502522.png","width":1266,"height":2000},{"@type":"BreadcrumbList","@id":"https:\/\/atlanticbooks.ca\/fr\/livres\/le-retour-du-capitaine-baboune#breadcrumb","itemListElement":[{"@type":"ListItem","position":1,"name":"Domicile","item":"https:\/\/atlanticbooks.ca\/fr"},{"@type":"ListItem","position":2,"name":"Collections","item":"https:\/\/atlanticbooks.ca\/fr\/collections"},{"@type":"ListItem","position":3,"name":"Le retour du Capitaine Baboune"}]},{"@type":"WebSite","@id":"https:\/\/atlanticbooks.ca\/fr\/#website","url":"https:\/\/atlanticbooks.ca\/fr\/","name":"Atlantic Books","description":"Atlantic Books","publisher":{"@id":"https:\/\/atlanticbooks.ca\/fr\/#organization"},"potentialAction":[{"@type":"SearchAction","target":{"@type":"EntryPoint","urlTemplate":"https:\/\/atlanticbooks.ca\/fr\/?s={search_term_string}"},"query-input":{"@type":"PropertyValueSpecification","valueRequired":true,"valueName":"search_term_string"}}],"inLanguage":"fr-FR"},{"@type":"Organization","@id":"https:\/\/atlanticbooks.ca\/fr\/#organization","name":"Atlantic Books","url":"https:\/\/atlanticbooks.ca\/fr\/","logo":{"@type":"ImageObject","inLanguage":"fr-FR","@id":"https:\/\/atlanticbooks.ca\/fr\/#\/schema\/logo\/image\/","url":"https:\/\/atlanticbooks.ca\/wp-content\/uploads\/2020\/10\/atlantic-books-logo.png","contentUrl":"https:\/\/atlanticbooks.ca\/wp-content\/uploads\/2020\/10\/atlantic-books-logo.png","width":566,"height":111,"caption":"Atlantic Books"},"image":{"@id":"https:\/\/atlanticbooks.ca\/fr\/#\/schema\/logo\/image\/"}}]}},"_links":{"self":[{"href":"https:\/\/atlanticbooks.ca\/fr\/wp-json\/wp\/v2\/product\/65663","targetHints":{"allow":["GET"]}}],"collection":[{"href":"https:\/\/atlanticbooks.ca\/fr\/wp-json\/wp\/v2\/product"}],"about":[{"href":"https:\/\/atlanticbooks.ca\/fr\/wp-json\/wp\/v2\/types\/product"}],"wp:featuredmedia":[{"embeddable":true,"href":"https:\/\/atlanticbooks.ca\/fr\/wp-json\/wp\/v2\/media\/67381"}],"wp:attachment":[{"href":"https:\/\/atlanticbooks.ca\/fr\/wp-json\/wp\/v2\/media?parent=65663"}],"wp:term":[{"taxonomy":"product_brand","embeddable":true,"href":"https:\/\/atlanticbooks.ca\/fr\/wp-json\/wp\/v2\/product_brand?post=65663"},{"taxonomy":"product_cat","embeddable":true,"href":"https:\/\/atlanticbooks.ca\/fr\/wp-json\/wp\/v2\/product_cat?post=65663"},{"taxonomy":"product_tag","embeddable":true,"href":"https:\/\/atlanticbooks.ca\/fr\/wp-json\/wp\/v2\/product_tag?post=65663"}],"curies":[{"name":"wp","href":"https:\/\/api.w.org\/{rel}","templated":true}]}}