{"id":65579,"date":"2021-05-04T10:40:37","date_gmt":"2021-05-04T10:40:37","guid":{"rendered":"https:\/\/atlanticbooks.ca\/books\/ouaf-ouaf-cot-cot\/"},"modified":"2022-11-10T02:09:57","modified_gmt":"2022-11-10T02:09:57","slug":"ouaf-ouaf-cot-cot","status":"publish","type":"product","link":"https:\/\/atlanticbooks.ca\/fr\/livres\/ouaf-ouaf-cot-cot","title":{"rendered":"Ouaf? Ouaf? Cot! Cot!"},"content":{"rendered":"<p>English description follows.<\/p>\n<p>Un petit moment palpitant dans la vie d\u2019une poule, d\u2019un chien, et de deux soeurs jumelles.<\/p>\n<p>Les filles de Caro ne sont pas heureuses. \u00ab Les filles \u00bb, ce sont ses poules, et Henriette en particulier n\u2019est pas impressionn\u00e9e quand le labrador Cr\u00e8me Brul\u00e9e d\u00e9cide de s\u2019inviter au poulailler. Henriette s\u2019enfuit \u00e0 ti re d\u2019ailes et Cr\u00e8me Brul\u00e9e part \u00e0 ses trousses. Vite, il faut rattraper la petite poule rousse avant qu\u2019elle ne tombe \u00e0 la mer! Les jumelles Caro et Claude vont unir leurs forces pour tenter de sauver leur ch\u00e8re poule&#8230; qui leur r\u00e9serve bien des surprises!<\/p>\n<p>Caro&rsquo;s girls aren&rsquo;t happy. \u00ab\u00a0The girls\u00a0\u00bb are Caro&rsquo;s hens, and Henriette is especially unimpressed when Cr\u00e8me Brul\u00e9e, the family labrador, decides to come in to the chicken coop uninvited. As Henriette flees for her life Cr\u00e8me Brul\u00e9e runs after her. Quick, Caro must catch the little red bird before she falls into the sea! She and her twin Claude will try everything to save their dear hen&#8230;who&rsquo;s got surprises in store for them!<\/p>\n","protected":false},"excerpt":{"rendered":"<p>A little moment in the life of Henriette, Cr\u00e8me Brul\u00e9e, Caro and Claude.<\/p>\n","protected":false},"featured_media":67389,"template":"","meta":{"_genesis_hide_title":false,"_genesis_hide_breadcrumbs":false,"_genesis_hide_singular_image":false,"_genesis_hide_footer_widgets":false,"_genesis_custom_body_class":"","_genesis_custom_post_class":"","_genesis_layout":""},"product_brand":[],"product_cat":[15036,15839,16113,12776,16115],"product_tag":[16011,16135],"class_list":{"0":"post-65579","1":"product","2":"type-product","3":"status-publish","4":"has-post-thumbnail","5":"product_language-fre","6":"product_subjects-juvenile-fiction-fr","7":"product_subjects-family-fr","8":"product_subjects-siblings-fr","9":"product_reading_range-8-fr","10":"product_reading_range-7-fr","11":"product_reading_range-3-fr","12":"product_reading_range-4-fr","13":"product_reading_range-5-fr","14":"product_reading_range-6-fr","15":"product_interest_range-4-fr","16":"product_interest_range-5-fr","17":"product_interest_range-6-fr","18":"product_interest_range-7-fr","19":"product_interest_range-8-fr","20":"product_interest_range-3-fr","21":"product_grade_range-kindergarten-fr","22":"product_grade_range-first-grade-fr","23":"product_grade_range-second-grade-fr","24":"product_grade_range-third-grade-fr","25":"product_curriculumsubject-francais-programmes-detudes-fr","26":"product_curriculumsubject-immersion-2-fr","27":"product_curriculumsubject-francais-arts-langagiers-fr","28":"product_curriculumsubject-francais-arts-langagiers-im-fr","29":"product_edi_languages-francais-fr","30":"biblio_share_tag-juvenile-fiction-family-siblings-fr","31":"product_cat-fall-books-fr","32":"product_cat-discover-fr","33":"product_cat-youthful-delights-fr","34":"product_cat-abc-fr-2","35":"product_cat-pei-fr","36":"product_tag-abt94-fr","37":"product_tag-abt93-fr","38":"product_shipping_class-abc-test-fr","39":"entry","41":"first","42":"instock","43":"taxable","44":"shipping-taxable","45":"purchasable","46":"product-type-simple"},"yoast_head":"<!-- This site is optimized with the Yoast SEO plugin v24.0 - https:\/\/yoast.com\/wordpress\/plugins\/seo\/ -->\n<title>Ouaf? Ouaf? Cot! Cot! - Atlantic Books<\/title>\n<meta name=\"robots\" content=\"index, follow, max-snippet:-1, max-image-preview:large, max-video-preview:-1\" \/>\n<link rel=\"canonical\" href=\"https:\/\/atlanticbooks.ca\/fr\/livres\/ouaf-ouaf-cot-cot\" \/>\n<meta property=\"og:locale\" content=\"fr_FR\" \/>\n<meta property=\"og:type\" content=\"article\" \/>\n<meta property=\"og:title\" content=\"Ouaf? Ouaf? Cot! Cot! - Atlantic Books\" \/>\n<meta property=\"og:description\" content=\"A little moment in the life of Henriette, Cr\u00e8me Brul\u00e9e, Caro and Claude.\" \/>\n<meta property=\"og:url\" content=\"https:\/\/atlanticbooks.ca\/fr\/livres\/ouaf-ouaf-cot-cot\" \/>\n<meta property=\"og:site_name\" content=\"Atlantic Books\" \/>\n<meta property=\"article:modified_time\" content=\"2022-11-10T02:09:57+00:00\" \/>\n<meta property=\"og:image\" content=\"https:\/\/atlanticbooks.mystagingwebsite.com\/wp-content\/uploads\/biblioshare_attachments\/9782897502218.png\" \/>\n\t<meta property=\"og:image:width\" content=\"876\" \/>\n\t<meta property=\"og:image:height\" content=\"1280\" \/>\n\t<meta property=\"og:image:type\" content=\"image\/png\" \/>\n<meta name=\"twitter:card\" content=\"summary_large_image\" \/>\n<meta name=\"twitter:label1\" content=\"Dur\u00e9e de lecture estim\u00e9e\" \/>\n\t<meta name=\"twitter:data1\" content=\"1 minute\" \/>\n<script type=\"application\/ld+json\" class=\"yoast-schema-graph\">{\"@context\":\"https:\/\/schema.org\",\"@graph\":[{\"@type\":\"WebPage\",\"@id\":\"https:\/\/atlanticbooks.ca\/fr\/livres\/ouaf-ouaf-cot-cot\",\"url\":\"https:\/\/atlanticbooks.ca\/fr\/livres\/ouaf-ouaf-cot-cot\",\"name\":\"Ouaf? Ouaf? Cot! Cot! - Atlantic Books\",\"isPartOf\":{\"@id\":\"https:\/\/atlanticbooks.ca\/fr\/#website\"},\"primaryImageOfPage\":{\"@id\":\"https:\/\/atlanticbooks.ca\/fr\/livres\/ouaf-ouaf-cot-cot#primaryimage\"},\"image\":{\"@id\":\"https:\/\/atlanticbooks.ca\/fr\/livres\/ouaf-ouaf-cot-cot#primaryimage\"},\"thumbnailUrl\":\"https:\/\/atlanticbooks.ca\/wp-content\/uploads\/biblioshare_attachments\/9782897502218.png\",\"datePublished\":\"2021-05-04T10:40:37+00:00\",\"dateModified\":\"2022-11-10T02:09:57+00:00\",\"breadcrumb\":{\"@id\":\"https:\/\/atlanticbooks.ca\/fr\/livres\/ouaf-ouaf-cot-cot#breadcrumb\"},\"inLanguage\":\"fr-FR\",\"potentialAction\":[{\"@type\":\"ReadAction\",\"target\":[\"https:\/\/atlanticbooks.ca\/fr\/livres\/ouaf-ouaf-cot-cot\"]}]},{\"@type\":\"ImageObject\",\"inLanguage\":\"fr-FR\",\"@id\":\"https:\/\/atlanticbooks.ca\/fr\/livres\/ouaf-ouaf-cot-cot#primaryimage\",\"url\":\"https:\/\/atlanticbooks.ca\/wp-content\/uploads\/biblioshare_attachments\/9782897502218.png\",\"contentUrl\":\"https:\/\/atlanticbooks.ca\/wp-content\/uploads\/biblioshare_attachments\/9782897502218.png\",\"width\":876,\"height\":1280},{\"@type\":\"BreadcrumbList\",\"@id\":\"https:\/\/atlanticbooks.ca\/fr\/livres\/ouaf-ouaf-cot-cot#breadcrumb\",\"itemListElement\":[{\"@type\":\"ListItem\",\"position\":1,\"name\":\"Domicile\",\"item\":\"https:\/\/atlanticbooks.ca\/fr\"},{\"@type\":\"ListItem\",\"position\":2,\"name\":\"Collections\",\"item\":\"https:\/\/atlanticbooks.ca\/fr\/collections\"},{\"@type\":\"ListItem\",\"position\":3,\"name\":\"Ouaf? Ouaf? Cot! Cot!\"}]},{\"@type\":\"WebSite\",\"@id\":\"https:\/\/atlanticbooks.ca\/fr\/#website\",\"url\":\"https:\/\/atlanticbooks.ca\/fr\/\",\"name\":\"Atlantic Books\",\"description\":\"Atlantic Books\",\"publisher\":{\"@id\":\"https:\/\/atlanticbooks.ca\/fr\/#organization\"},\"potentialAction\":[{\"@type\":\"SearchAction\",\"target\":{\"@type\":\"EntryPoint\",\"urlTemplate\":\"https:\/\/atlanticbooks.ca\/fr\/?s={search_term_string}\"},\"query-input\":{\"@type\":\"PropertyValueSpecification\",\"valueRequired\":true,\"valueName\":\"search_term_string\"}}],\"inLanguage\":\"fr-FR\"},{\"@type\":\"Organization\",\"@id\":\"https:\/\/atlanticbooks.ca\/fr\/#organization\",\"name\":\"Atlantic Books\",\"url\":\"https:\/\/atlanticbooks.ca\/fr\/\",\"logo\":{\"@type\":\"ImageObject\",\"inLanguage\":\"fr-FR\",\"@id\":\"https:\/\/atlanticbooks.ca\/fr\/#\/schema\/logo\/image\/\",\"url\":\"https:\/\/atlanticbooks.ca\/wp-content\/uploads\/2020\/10\/atlantic-books-logo.png\",\"contentUrl\":\"https:\/\/atlanticbooks.ca\/wp-content\/uploads\/2020\/10\/atlantic-books-logo.png\",\"width\":566,\"height\":111,\"caption\":\"Atlantic Books\"},\"image\":{\"@id\":\"https:\/\/atlanticbooks.ca\/fr\/#\/schema\/logo\/image\/\"}}]}<\/script>\n<!-- \/ Yoast SEO plugin. -->","yoast_head_json":{"title":"Ouaf? Ouaf? Cot! Cot! - Atlantic Books","robots":{"index":"index","follow":"follow","max-snippet":"max-snippet:-1","max-image-preview":"max-image-preview:large","max-video-preview":"max-video-preview:-1"},"canonical":"https:\/\/atlanticbooks.ca\/fr\/livres\/ouaf-ouaf-cot-cot","og_locale":"fr_FR","og_type":"article","og_title":"Ouaf? Ouaf? Cot! Cot! - Atlantic Books","og_description":"A little moment in the life of Henriette, Cr\u00e8me Brul\u00e9e, Caro and Claude.","og_url":"https:\/\/atlanticbooks.ca\/fr\/livres\/ouaf-ouaf-cot-cot","og_site_name":"Atlantic Books","article_modified_time":"2022-11-10T02:09:57+00:00","og_image":[{"width":876,"height":1280,"url":"https:\/\/atlanticbooks.mystagingwebsite.com\/wp-content\/uploads\/biblioshare_attachments\/9782897502218.png","type":"image\/png"}],"twitter_card":"summary_large_image","twitter_misc":{"Dur\u00e9e de lecture estim\u00e9e":"1 minute"},"schema":{"@context":"https:\/\/schema.org","@graph":[{"@type":"WebPage","@id":"https:\/\/atlanticbooks.ca\/fr\/livres\/ouaf-ouaf-cot-cot","url":"https:\/\/atlanticbooks.ca\/fr\/livres\/ouaf-ouaf-cot-cot","name":"Ouaf? Ouaf? Cot! Cot! - Atlantic Books","isPartOf":{"@id":"https:\/\/atlanticbooks.ca\/fr\/#website"},"primaryImageOfPage":{"@id":"https:\/\/atlanticbooks.ca\/fr\/livres\/ouaf-ouaf-cot-cot#primaryimage"},"image":{"@id":"https:\/\/atlanticbooks.ca\/fr\/livres\/ouaf-ouaf-cot-cot#primaryimage"},"thumbnailUrl":"https:\/\/atlanticbooks.ca\/wp-content\/uploads\/biblioshare_attachments\/9782897502218.png","datePublished":"2021-05-04T10:40:37+00:00","dateModified":"2022-11-10T02:09:57+00:00","breadcrumb":{"@id":"https:\/\/atlanticbooks.ca\/fr\/livres\/ouaf-ouaf-cot-cot#breadcrumb"},"inLanguage":"fr-FR","potentialAction":[{"@type":"ReadAction","target":["https:\/\/atlanticbooks.ca\/fr\/livres\/ouaf-ouaf-cot-cot"]}]},{"@type":"ImageObject","inLanguage":"fr-FR","@id":"https:\/\/atlanticbooks.ca\/fr\/livres\/ouaf-ouaf-cot-cot#primaryimage","url":"https:\/\/atlanticbooks.ca\/wp-content\/uploads\/biblioshare_attachments\/9782897502218.png","contentUrl":"https:\/\/atlanticbooks.ca\/wp-content\/uploads\/biblioshare_attachments\/9782897502218.png","width":876,"height":1280},{"@type":"BreadcrumbList","@id":"https:\/\/atlanticbooks.ca\/fr\/livres\/ouaf-ouaf-cot-cot#breadcrumb","itemListElement":[{"@type":"ListItem","position":1,"name":"Domicile","item":"https:\/\/atlanticbooks.ca\/fr"},{"@type":"ListItem","position":2,"name":"Collections","item":"https:\/\/atlanticbooks.ca\/fr\/collections"},{"@type":"ListItem","position":3,"name":"Ouaf? Ouaf? Cot! Cot!"}]},{"@type":"WebSite","@id":"https:\/\/atlanticbooks.ca\/fr\/#website","url":"https:\/\/atlanticbooks.ca\/fr\/","name":"Atlantic Books","description":"Atlantic Books","publisher":{"@id":"https:\/\/atlanticbooks.ca\/fr\/#organization"},"potentialAction":[{"@type":"SearchAction","target":{"@type":"EntryPoint","urlTemplate":"https:\/\/atlanticbooks.ca\/fr\/?s={search_term_string}"},"query-input":{"@type":"PropertyValueSpecification","valueRequired":true,"valueName":"search_term_string"}}],"inLanguage":"fr-FR"},{"@type":"Organization","@id":"https:\/\/atlanticbooks.ca\/fr\/#organization","name":"Atlantic Books","url":"https:\/\/atlanticbooks.ca\/fr\/","logo":{"@type":"ImageObject","inLanguage":"fr-FR","@id":"https:\/\/atlanticbooks.ca\/fr\/#\/schema\/logo\/image\/","url":"https:\/\/atlanticbooks.ca\/wp-content\/uploads\/2020\/10\/atlantic-books-logo.png","contentUrl":"https:\/\/atlanticbooks.ca\/wp-content\/uploads\/2020\/10\/atlantic-books-logo.png","width":566,"height":111,"caption":"Atlantic Books"},"image":{"@id":"https:\/\/atlanticbooks.ca\/fr\/#\/schema\/logo\/image\/"}}]}},"_links":{"self":[{"href":"https:\/\/atlanticbooks.ca\/fr\/wp-json\/wp\/v2\/product\/65579","targetHints":{"allow":["GET"]}}],"collection":[{"href":"https:\/\/atlanticbooks.ca\/fr\/wp-json\/wp\/v2\/product"}],"about":[{"href":"https:\/\/atlanticbooks.ca\/fr\/wp-json\/wp\/v2\/types\/product"}],"wp:featuredmedia":[{"embeddable":true,"href":"https:\/\/atlanticbooks.ca\/fr\/wp-json\/wp\/v2\/media\/67389"}],"wp:attachment":[{"href":"https:\/\/atlanticbooks.ca\/fr\/wp-json\/wp\/v2\/media?parent=65579"}],"wp:term":[{"taxonomy":"product_brand","embeddable":true,"href":"https:\/\/atlanticbooks.ca\/fr\/wp-json\/wp\/v2\/product_brand?post=65579"},{"taxonomy":"product_cat","embeddable":true,"href":"https:\/\/atlanticbooks.ca\/fr\/wp-json\/wp\/v2\/product_cat?post=65579"},{"taxonomy":"product_tag","embeddable":true,"href":"https:\/\/atlanticbooks.ca\/fr\/wp-json\/wp\/v2\/product_tag?post=65579"}],"curies":[{"name":"wp","href":"https:\/\/api.w.org\/{rel}","templated":true}]}}