{"id":65348,"date":"2021-06-08T12:37:12","date_gmt":"2021-06-08T12:37:12","guid":{"rendered":"https:\/\/atlanticbooks.ca\/books\/africville-2\/"},"modified":"2024-07-14T09:33:44","modified_gmt":"2024-07-14T09:33:44","slug":"africville-2","status":"publish","type":"product","link":"https:\/\/atlanticbooks.ca\/fr\/livres\/africville-2","title":{"rendered":"Africville"},"content":{"rendered":"<p>English description follows.<\/p>\n<p>Alors qu\u2019une jeune fille visite le site historique d\u2019Africville, \u00e0 Halifax en Nouvelle-\u00c9cosse, elle se rem\u00e9more les histoires qu\u2019elle a entendues dans sa famille.<\/p>\n<p>\u00c0 quoi ressemblait la communaut\u00e9 ? Des maisons aux couleurs vives, log\u00e9es dans la colline ; des champs o\u00f9 les gar\u00e7ons jouaient au football ; un \u00e9tang o\u00f9 les enfants faisaient du rafting ; la p\u00eache en abondance; des immenses feux de joie&#8230; La jeune fille sort de sa r\u00eaverie ; elle visite le parc historique actuel et le cadran solaire o\u00f9 le nom de son arri\u00e8re-grand m\u00e8re est grav\u00e9 dans la pierre, et c\u00e9l\u00e8bre un jour d\u2019\u00e9t\u00e9 aux retrouvailles annuelles d\u2019Africville.<\/p>\n<p><b>The French edition of the award-winning picture book.<\/b><\/p>\n<p>\\n When a young girl visits the site of Africville, in Halifax, Nova Scotia, the stories she?s heard from her family come to mind. She imagines what the community was once like\u2014the brightly painted houses nestled into the hillside, the field where boys played football, the pond where all the kids went rafting, the bountiful fishing, the huge bonfires. Coming out of her reverie, she visits the present-day park and the sundial where her great- grandmother?s name is carved in stone, and celebrates a summer day at the annual Africville Reunion\/Festival.<\/p>\n<p>&nbsp;<\/p>\n<p>Africville was a vibrant Black community for more than 150 years. But even though its residents paid municipal taxes, they lived without running water, sewers, paved roads and police, fire-truck and ambulance services. Over time, the city located a slaughterhouse, a hospital for infectious disease, and even the city garbage dump nearby. In the 1960s, city officials decided to demolish the community, moving people out in city dump trucks and relocating them in public housing.<\/p>\n<p>&nbsp;<\/p>\n<p>Today, Africville has been replaced by a park, where former residents and their families gather each summer to remember their community. The English edition of this beautiful picture book won the Lillian Shepherd Memorial Award for Excellence in Illustration, and was a Finalist for the Governor Generals Award, Young People&rsquo;s Literature &#8211; Illustrated Books, and was a Finalist for the Ruth Sylvia Schwartz Chldren&rsquo;s Book Award.<\/p>\n","protected":false},"excerpt":{"rendered":"<p>English description follows.<\/p>\n<p>&nbsp;<\/p>\n<p>Alors qu\u2019une jeune fille visite le site historique d\u2019Africville, \u00e0 Halifax en Nouvelle-\u00c9cosse, elle se rem\u00e9more les histoires qu\u2019elle a entendues dans sa famille.<\/p>\n<p>&nbsp;<\/p>\n<p>\u00c0 quoi ressemblait la communaut\u00e9 ? Des maisons aux couleurs vives, log\u00e9es dans la colline ; des champs o\u00f9 les gar\u00e7ons jouaient au football ; un \u00e9tang o\u00f9 les enfants faisaient du rafting ; la p\u00eache en abondance; des immenses feux de joie&#8230; La jeune fille sort de sa r\u00eaverie ; elle visite le parc historique actuel et le cadran solaire o\u00f9 le nom de son arri\u00e8re-grand m\u00e8re est grav\u00e9 dans la pierre, et c\u00e9l\u00e8bre un jour d\u2019\u00e9t\u00e9 aux retrouvailles annuelles d\u2019Africville.<\/p>\n","protected":false},"featured_media":82141,"template":"","meta":{"_genesis_hide_title":false,"_genesis_hide_breadcrumbs":false,"_genesis_hide_singular_image":false,"_genesis_hide_footer_widgets":false,"_genesis_custom_body_class":"","_genesis_custom_post_class":"","_genesis_layout":""},"product_brand":[],"product_cat":[12776,15038,15119],"product_tag":[],"class_list":{"0":"post-65348","1":"product","2":"type-product","3":"status-publish","4":"has-post-thumbnail","5":"product_language-fre","6":"product_subjects-juvenile-fiction-fr","7":"product_subjects-historical-juvenile-fiction-fr","8":"product_subjects-canada-historical-juvenile-fiction-fr","9":"product_subjects-post-confederation-1867-canada-historical-juvenile-fiction-fr","10":"product_reading_range-8-fr","11":"product_reading_range-7-fr","12":"product_reading_range-4-fr","13":"product_reading_range-5-fr","14":"product_reading_range-6-fr","15":"product_interest_range-5-fr","16":"product_interest_range-6-fr","17":"product_interest_range-7-fr","18":"product_interest_range-8-fr","19":"product_interest_range-4-fr","20":"product_grade_range-kindergarten-fr","21":"product_grade_range-first-grade-fr","22":"product_grade_range-second-grade-fr","23":"product_grade_range-third-grade-fr","24":"product_curriculumsubject-francais-programmes-detudes-fr","25":"product_curriculumsubject-immersion-2-fr","26":"product_curriculumsubject-francais-arts-langagiers-im-fr","27":"product_curriculumsubject-francais-arts-langagiers-fr","28":"product_provincial_focus-n-e","29":"product_edi_priority_areas-races-et-ethnies","30":"product_edi_author-autrice","31":"product_edi_author-auteur-trice-afro-neo-ecossais-e","32":"product_edi_author-auteur-trice-noir-e","33":"product_edi_history_culture-culture-et-histoire-afro-neo-ecossaises","34":"product_edi_characters-personnages-afro-neo-ecossais","35":"product_edi_languages-francais-fr","36":"biblio_share_tag-juvenile-fiction-historical-canada-post-confederation-1867-fr","37":"product_cat-abc-fr-2","38":"product_cat-voices-fr","39":"product_cat-black-atlantic-canadian-voices-fr","40":"product_shipping_class-abc-test-fr","41":"entry","43":"first","44":"instock","45":"taxable","46":"shipping-taxable","47":"purchasable","48":"product-type-simple"},"yoast_head":"<!-- This site is optimized with the Yoast SEO plugin v24.0 - https:\/\/yoast.com\/wordpress\/plugins\/seo\/ -->\n<title>Africville - Atlantic Books<\/title>\n<meta name=\"robots\" content=\"index, follow, max-snippet:-1, max-image-preview:large, max-video-preview:-1\" \/>\n<link rel=\"canonical\" href=\"https:\/\/atlanticbooks.ca\/fr\/livres\/africville-2\" \/>\n<meta property=\"og:locale\" content=\"fr_FR\" \/>\n<meta property=\"og:type\" content=\"article\" \/>\n<meta property=\"og:title\" content=\"Africville - Atlantic Books\" \/>\n<meta property=\"og:description\" content=\"English description follows.  &nbsp;  Alors qu\u2019une jeune fille visite le site historique d\u2019Africville, \u00e0 Halifax en Nouvelle-\u00c9cosse, elle se rem\u00e9more les histoires qu\u2019elle a entendues dans sa famille.  &nbsp;  \u00c0 quoi ressemblait la communaut\u00e9 ? Des maisons aux couleurs vives, log\u00e9es dans la colline ; des champs o\u00f9 les gar\u00e7ons jouaient au football ; un \u00e9tang o\u00f9 les enfants faisaient du rafting ; la p\u00eache en abondance; des immenses feux de joie... La jeune fille sort de sa r\u00eaverie ; elle visite le parc historique actuel et le cadran solaire o\u00f9 le nom de son arri\u00e8re-grand m\u00e8re est grav\u00e9 dans la pierre, et c\u00e9l\u00e8bre un jour d\u2019\u00e9t\u00e9 aux retrouvailles annuelles d\u2019Africville.\" \/>\n<meta property=\"og:url\" content=\"https:\/\/atlanticbooks.ca\/fr\/livres\/africville-2\" \/>\n<meta property=\"og:site_name\" content=\"Atlantic Books\" \/>\n<meta property=\"article:modified_time\" content=\"2024-07-14T09:33:44+00:00\" \/>\n<meta property=\"og:image\" content=\"https:\/\/atlanticbooks.ca\/wp-content\/uploads\/biblioshare_attachments\/9782897502188.png\" \/>\n\t<meta property=\"og:image:width\" content=\"520\" \/>\n\t<meta property=\"og:image:height\" content=\"720\" \/>\n\t<meta property=\"og:image:type\" content=\"image\/png\" \/>\n<meta name=\"twitter:card\" content=\"summary_large_image\" \/>\n<meta name=\"twitter:label1\" content=\"Dur\u00e9e de lecture estim\u00e9e\" \/>\n\t<meta name=\"twitter:data1\" content=\"2 minutes\" \/>\n<script type=\"application\/ld+json\" class=\"yoast-schema-graph\">{\"@context\":\"https:\/\/schema.org\",\"@graph\":[{\"@type\":\"WebPage\",\"@id\":\"https:\/\/atlanticbooks.ca\/fr\/livres\/africville-2\",\"url\":\"https:\/\/atlanticbooks.ca\/fr\/livres\/africville-2\",\"name\":\"Africville - Atlantic Books\",\"isPartOf\":{\"@id\":\"https:\/\/atlanticbooks.ca\/fr\/#website\"},\"primaryImageOfPage\":{\"@id\":\"https:\/\/atlanticbooks.ca\/fr\/livres\/africville-2#primaryimage\"},\"image\":{\"@id\":\"https:\/\/atlanticbooks.ca\/fr\/livres\/africville-2#primaryimage\"},\"thumbnailUrl\":\"https:\/\/atlanticbooks.ca\/wp-content\/uploads\/biblioshare_attachments\/9782897502188.png\",\"datePublished\":\"2021-06-08T12:37:12+00:00\",\"dateModified\":\"2024-07-14T09:33:44+00:00\",\"breadcrumb\":{\"@id\":\"https:\/\/atlanticbooks.ca\/fr\/livres\/africville-2#breadcrumb\"},\"inLanguage\":\"fr-FR\",\"potentialAction\":[{\"@type\":\"ReadAction\",\"target\":[\"https:\/\/atlanticbooks.ca\/fr\/livres\/africville-2\"]}]},{\"@type\":\"ImageObject\",\"inLanguage\":\"fr-FR\",\"@id\":\"https:\/\/atlanticbooks.ca\/fr\/livres\/africville-2#primaryimage\",\"url\":\"https:\/\/atlanticbooks.ca\/wp-content\/uploads\/biblioshare_attachments\/9782897502188.png\",\"contentUrl\":\"https:\/\/atlanticbooks.ca\/wp-content\/uploads\/biblioshare_attachments\/9782897502188.png\",\"width\":520,\"height\":720},{\"@type\":\"BreadcrumbList\",\"@id\":\"https:\/\/atlanticbooks.ca\/fr\/livres\/africville-2#breadcrumb\",\"itemListElement\":[{\"@type\":\"ListItem\",\"position\":1,\"name\":\"Domicile\",\"item\":\"https:\/\/atlanticbooks.ca\/fr\"},{\"@type\":\"ListItem\",\"position\":2,\"name\":\"Collections\",\"item\":\"https:\/\/atlanticbooks.ca\/fr\/collections\"},{\"@type\":\"ListItem\",\"position\":3,\"name\":\"Africville\"}]},{\"@type\":\"WebSite\",\"@id\":\"https:\/\/atlanticbooks.ca\/fr\/#website\",\"url\":\"https:\/\/atlanticbooks.ca\/fr\/\",\"name\":\"Atlantic Books\",\"description\":\"Atlantic Books\",\"publisher\":{\"@id\":\"https:\/\/atlanticbooks.ca\/fr\/#organization\"},\"potentialAction\":[{\"@type\":\"SearchAction\",\"target\":{\"@type\":\"EntryPoint\",\"urlTemplate\":\"https:\/\/atlanticbooks.ca\/fr\/?s={search_term_string}\"},\"query-input\":{\"@type\":\"PropertyValueSpecification\",\"valueRequired\":true,\"valueName\":\"search_term_string\"}}],\"inLanguage\":\"fr-FR\"},{\"@type\":\"Organization\",\"@id\":\"https:\/\/atlanticbooks.ca\/fr\/#organization\",\"name\":\"Atlantic Books\",\"url\":\"https:\/\/atlanticbooks.ca\/fr\/\",\"logo\":{\"@type\":\"ImageObject\",\"inLanguage\":\"fr-FR\",\"@id\":\"https:\/\/atlanticbooks.ca\/fr\/#\/schema\/logo\/image\/\",\"url\":\"https:\/\/atlanticbooks.ca\/wp-content\/uploads\/2020\/10\/atlantic-books-logo.png\",\"contentUrl\":\"https:\/\/atlanticbooks.ca\/wp-content\/uploads\/2020\/10\/atlantic-books-logo.png\",\"width\":566,\"height\":111,\"caption\":\"Atlantic Books\"},\"image\":{\"@id\":\"https:\/\/atlanticbooks.ca\/fr\/#\/schema\/logo\/image\/\"}}]}<\/script>\n<!-- \/ Yoast SEO plugin. -->","yoast_head_json":{"title":"Africville - Atlantic Books","robots":{"index":"index","follow":"follow","max-snippet":"max-snippet:-1","max-image-preview":"max-image-preview:large","max-video-preview":"max-video-preview:-1"},"canonical":"https:\/\/atlanticbooks.ca\/fr\/livres\/africville-2","og_locale":"fr_FR","og_type":"article","og_title":"Africville - Atlantic Books","og_description":"English description follows.  &nbsp;  Alors qu\u2019une jeune fille visite le site historique d\u2019Africville, \u00e0 Halifax en Nouvelle-\u00c9cosse, elle se rem\u00e9more les histoires qu\u2019elle a entendues dans sa famille.  &nbsp;  \u00c0 quoi ressemblait la communaut\u00e9 ? Des maisons aux couleurs vives, log\u00e9es dans la colline ; des champs o\u00f9 les gar\u00e7ons jouaient au football ; un \u00e9tang o\u00f9 les enfants faisaient du rafting ; la p\u00eache en abondance; des immenses feux de joie... La jeune fille sort de sa r\u00eaverie ; elle visite le parc historique actuel et le cadran solaire o\u00f9 le nom de son arri\u00e8re-grand m\u00e8re est grav\u00e9 dans la pierre, et c\u00e9l\u00e8bre un jour d\u2019\u00e9t\u00e9 aux retrouvailles annuelles d\u2019Africville.","og_url":"https:\/\/atlanticbooks.ca\/fr\/livres\/africville-2","og_site_name":"Atlantic Books","article_modified_time":"2024-07-14T09:33:44+00:00","og_image":[{"width":520,"height":720,"url":"https:\/\/atlanticbooks.ca\/wp-content\/uploads\/biblioshare_attachments\/9782897502188.png","type":"image\/png"}],"twitter_card":"summary_large_image","twitter_misc":{"Dur\u00e9e de lecture estim\u00e9e":"2 minutes"},"schema":{"@context":"https:\/\/schema.org","@graph":[{"@type":"WebPage","@id":"https:\/\/atlanticbooks.ca\/fr\/livres\/africville-2","url":"https:\/\/atlanticbooks.ca\/fr\/livres\/africville-2","name":"Africville - Atlantic Books","isPartOf":{"@id":"https:\/\/atlanticbooks.ca\/fr\/#website"},"primaryImageOfPage":{"@id":"https:\/\/atlanticbooks.ca\/fr\/livres\/africville-2#primaryimage"},"image":{"@id":"https:\/\/atlanticbooks.ca\/fr\/livres\/africville-2#primaryimage"},"thumbnailUrl":"https:\/\/atlanticbooks.ca\/wp-content\/uploads\/biblioshare_attachments\/9782897502188.png","datePublished":"2021-06-08T12:37:12+00:00","dateModified":"2024-07-14T09:33:44+00:00","breadcrumb":{"@id":"https:\/\/atlanticbooks.ca\/fr\/livres\/africville-2#breadcrumb"},"inLanguage":"fr-FR","potentialAction":[{"@type":"ReadAction","target":["https:\/\/atlanticbooks.ca\/fr\/livres\/africville-2"]}]},{"@type":"ImageObject","inLanguage":"fr-FR","@id":"https:\/\/atlanticbooks.ca\/fr\/livres\/africville-2#primaryimage","url":"https:\/\/atlanticbooks.ca\/wp-content\/uploads\/biblioshare_attachments\/9782897502188.png","contentUrl":"https:\/\/atlanticbooks.ca\/wp-content\/uploads\/biblioshare_attachments\/9782897502188.png","width":520,"height":720},{"@type":"BreadcrumbList","@id":"https:\/\/atlanticbooks.ca\/fr\/livres\/africville-2#breadcrumb","itemListElement":[{"@type":"ListItem","position":1,"name":"Domicile","item":"https:\/\/atlanticbooks.ca\/fr"},{"@type":"ListItem","position":2,"name":"Collections","item":"https:\/\/atlanticbooks.ca\/fr\/collections"},{"@type":"ListItem","position":3,"name":"Africville"}]},{"@type":"WebSite","@id":"https:\/\/atlanticbooks.ca\/fr\/#website","url":"https:\/\/atlanticbooks.ca\/fr\/","name":"Atlantic Books","description":"Atlantic Books","publisher":{"@id":"https:\/\/atlanticbooks.ca\/fr\/#organization"},"potentialAction":[{"@type":"SearchAction","target":{"@type":"EntryPoint","urlTemplate":"https:\/\/atlanticbooks.ca\/fr\/?s={search_term_string}"},"query-input":{"@type":"PropertyValueSpecification","valueRequired":true,"valueName":"search_term_string"}}],"inLanguage":"fr-FR"},{"@type":"Organization","@id":"https:\/\/atlanticbooks.ca\/fr\/#organization","name":"Atlantic Books","url":"https:\/\/atlanticbooks.ca\/fr\/","logo":{"@type":"ImageObject","inLanguage":"fr-FR","@id":"https:\/\/atlanticbooks.ca\/fr\/#\/schema\/logo\/image\/","url":"https:\/\/atlanticbooks.ca\/wp-content\/uploads\/2020\/10\/atlantic-books-logo.png","contentUrl":"https:\/\/atlanticbooks.ca\/wp-content\/uploads\/2020\/10\/atlantic-books-logo.png","width":566,"height":111,"caption":"Atlantic Books"},"image":{"@id":"https:\/\/atlanticbooks.ca\/fr\/#\/schema\/logo\/image\/"}}]}},"_links":{"self":[{"href":"https:\/\/atlanticbooks.ca\/fr\/wp-json\/wp\/v2\/product\/65348","targetHints":{"allow":["GET"]}}],"collection":[{"href":"https:\/\/atlanticbooks.ca\/fr\/wp-json\/wp\/v2\/product"}],"about":[{"href":"https:\/\/atlanticbooks.ca\/fr\/wp-json\/wp\/v2\/types\/product"}],"wp:featuredmedia":[{"embeddable":true,"href":"https:\/\/atlanticbooks.ca\/fr\/wp-json\/wp\/v2\/media\/82141"}],"wp:attachment":[{"href":"https:\/\/atlanticbooks.ca\/fr\/wp-json\/wp\/v2\/media?parent=65348"}],"wp:term":[{"taxonomy":"product_brand","embeddable":true,"href":"https:\/\/atlanticbooks.ca\/fr\/wp-json\/wp\/v2\/product_brand?post=65348"},{"taxonomy":"product_cat","embeddable":true,"href":"https:\/\/atlanticbooks.ca\/fr\/wp-json\/wp\/v2\/product_cat?post=65348"},{"taxonomy":"product_tag","embeddable":true,"href":"https:\/\/atlanticbooks.ca\/fr\/wp-json\/wp\/v2\/product_tag?post=65348"}],"curies":[{"name":"wp","href":"https:\/\/api.w.org\/{rel}","templated":true}]}}