{"id":65319,"date":"2021-06-10T11:50:02","date_gmt":"2021-06-10T14:50:02","guid":{"rendered":"https:\/\/atlanticbooks.ca\/books\/nekt-wikuhpon-ehpit\/"},"modified":"2022-11-09T21:35:38","modified_gmt":"2022-11-09T21:35:38","slug":"nekt-wikuhpon-ehpit","status":"publish","type":"product","link":"https:\/\/atlanticbooks.ca\/fr\/livres\/nekt-wikuhpon-ehpit","title":{"rendered":"Nekt wikuhpon ehpit"},"content":{"rendered":"<p>&lt;p&gt;&lt;b&gt;No present without the past. No equality without feminism.&lt;\/b&gt;&lt;\/p&gt;&lt;p&gt;&lt;i&gt;Nekt wikuhpon ehpit&lt;\/i&gt; chronicles the sources, inspiration, and personal circumstances that have shaped Shirley Bear\u2019s visual art, poetry, and political activism and presents the integral relationship amongst these important activities in her life.&lt;\/p&gt;&lt;p&gt;Countering the invisible silent status ascribed to Indigenous women by patriarchal history and convention, Bear\u2019s primary focus has been the recovery of the feminine role in the ancestral life of First Nations culture.  Featuring more than 30 reproductions of her work with essays by Terry Graff, Susan Crean, and Carol Taylor, &lt;i&gt;Nekt wikuhpon ehpit&lt;\/i&gt; both depicts and examines the essential feminine imagery of Bear\u2019s work in their symbolic, archetypal, or representative forms.&lt;\/p&gt;&lt;p&gt;Shirley Bear\u2019s work has been featured in exhibitions throughout Canada, the United States, and Europe. Her writing has been featured in several anthologies, including &lt;i&gt;Kelusultiek: Original Women\u2019s Voices of Atlantic Canada&lt;\/i&gt;\u00a0and\u00a0&lt;i&gt;The Colour of Resistance&lt;\/i&gt;. She received the New Brunswick Excellence in the Arts Award in 2002.&lt;\/p&gt;&lt;p&gt;&lt;b&gt;Pas de pr\u00e9sent sans le pass\u00e9. Pas d&rsquo;\u00e9galit\u00e9 sans f\u00e9minisme.&lt;\/b&gt;&lt;\/p&gt;&lt;p&gt;&lt;i&gt;Nekt wikuhpon ehpit&lt;\/i&gt; rassemble les sources, l&rsquo;inspiration et les circonstances personnelles qui ont fa\u00e7onn\u00e9 l&rsquo;art visuel, la po\u00e9sie et l&rsquo;activisme politique de Shirley Bear et les pr\u00e9sente la relation int\u00e9grale entre ces activit\u00e9s importantes dans sa vie.&lt;\/p&gt;&lt;p&gt;Contre le statut de silence invisible attribu\u00e9 aux femmes autochtones par l\u2019histoire et les conventions patriarcales, Bear se concentre principalement sur le r\u00e9tablissement du r\u00f4le f\u00e9minin dans la vie ancestrale de la culture des Premi\u00e8res Nations. Avec plus de 30 reproductions de son travail avec des essais de Terry Graff, Susan Crean et Carol Taylor, &lt;i&gt;Nekt wikuhpon ehpit&lt;\/i&gt; d\u00e9peint l&rsquo;imagerie f\u00e9minine essentielle du travail de Bear sous leurs formes symboliques, arch\u00e9typales ou repr\u00e9sentatives.&lt;\/p&gt;&lt;p&gt;Le travail de Shirley Bear a \u00e9t\u00e9 pr\u00e9sent\u00e9 dans des expositions au Canada, aux \u00c9tats-Unis et en Europe. Ses \u00e9crits ont \u00e9t\u00e9 pr\u00e9sent\u00e9s dans plusieurs anthologies, notamment &lt;i&gt;Kelusultiek: Original Women\u2019s Voices of Atlantic Canada&lt;\/i&gt; et &lt;i&gt;The Color of Resistance&lt;\/i&gt;. Elle a re\u00e7u le Prix d&rsquo;excellence dans les arts du Nouveau-Brunswick en 2002.&lt;\/p&gt;<\/p>\n","protected":false},"excerpt":{"rendered":"<p>&lt;p&gt;&lt;b&gt;No present without the past. No equality without feminism.&lt;\/b&gt;&lt;\/p&gt;&lt;p&gt;&lt;i&gt;Nekt wikuhpon ehpit&lt;\/i&gt; chronicles the sources, inspiration, and personal circumstances that have shaped Shirley Bear\u2019s visual art, poetry, and political activism and [&hellip;]<\/p>\n","protected":false},"featured_media":36784,"template":"","meta":{"_genesis_hide_title":false,"_genesis_hide_breadcrumbs":false,"_genesis_hide_singular_image":false,"_genesis_hide_footer_widgets":false,"_genesis_custom_body_class":"","_genesis_custom_post_class":"","_genesis_layout":""},"product_brand":[],"product_cat":[15064,15038],"product_tag":[],"class_list":{"0":"post-65319","1":"product","2":"type-product","3":"status-publish","4":"has-post-thumbnail","5":"product_language-fre","6":"product_language-eng-fr","7":"product_subjects-art-fr","8":"product_subjects-indigenous-art-of-the-americas-fr","9":"product_cat-indigenous-voices-fr","10":"product_cat-voices-fr","11":"entry","13":"first","14":"instock","15":"taxable","16":"shipping-taxable","17":"purchasable","18":"product-type-simple"},"yoast_head":"<!-- This site is optimized with the Yoast SEO plugin v24.0 - https:\/\/yoast.com\/wordpress\/plugins\/seo\/ -->\n<title>Nekt wikuhpon ehpit - Atlantic Books<\/title>\n<meta name=\"robots\" content=\"index, follow, max-snippet:-1, max-image-preview:large, max-video-preview:-1\" \/>\n<link rel=\"canonical\" href=\"https:\/\/atlanticbooks.ca\/fr\/livres\/nekt-wikuhpon-ehpit\" \/>\n<meta property=\"og:locale\" content=\"fr_FR\" \/>\n<meta property=\"og:type\" content=\"article\" \/>\n<meta property=\"og:title\" content=\"Nekt wikuhpon ehpit - Atlantic Books\" \/>\n<meta property=\"og:description\" content=\"&lt;p&gt;&lt;b&gt;No present without the past. No equality without feminism.&lt;\/b&gt;&lt;\/p&gt;&lt;p&gt;&lt;i&gt;Nekt wikuhpon ehpit&lt;\/i&gt; chronicles the sources, inspiration, and personal circumstances that have shaped Shirley Bear\u2019s visual art, poetry, and political activism and [&hellip;]\" \/>\n<meta property=\"og:url\" content=\"https:\/\/atlanticbooks.ca\/fr\/livres\/nekt-wikuhpon-ehpit\" \/>\n<meta property=\"og:site_name\" content=\"Atlantic Books\" \/>\n<meta property=\"article:modified_time\" content=\"2022-11-09T21:35:38+00:00\" \/>\n<meta property=\"og:image\" content=\"https:\/\/atlanticbooks.mystagingwebsite.com\/wp-content\/uploads\/biblioshare_attachments\/9780920674789-scaled-1024x1024.png\" \/>\n\t<meta property=\"og:image:width\" content=\"1024\" \/>\n\t<meta property=\"og:image:height\" content=\"1024\" \/>\n\t<meta property=\"og:image:type\" content=\"image\/png\" \/>\n<meta name=\"twitter:card\" content=\"summary_large_image\" \/>\n<meta name=\"twitter:label1\" content=\"Dur\u00e9e de lecture estim\u00e9e\" \/>\n\t<meta name=\"twitter:data1\" content=\"2 minutes\" \/>\n<script type=\"application\/ld+json\" class=\"yoast-schema-graph\">{\"@context\":\"https:\/\/schema.org\",\"@graph\":[{\"@type\":\"WebPage\",\"@id\":\"https:\/\/atlanticbooks.ca\/fr\/livres\/nekt-wikuhpon-ehpit\",\"url\":\"https:\/\/atlanticbooks.ca\/fr\/livres\/nekt-wikuhpon-ehpit\",\"name\":\"Nekt wikuhpon ehpit - Atlantic Books\",\"isPartOf\":{\"@id\":\"https:\/\/atlanticbooks.ca\/fr\/#website\"},\"primaryImageOfPage\":{\"@id\":\"https:\/\/atlanticbooks.ca\/fr\/livres\/nekt-wikuhpon-ehpit#primaryimage\"},\"image\":{\"@id\":\"https:\/\/atlanticbooks.ca\/fr\/livres\/nekt-wikuhpon-ehpit#primaryimage\"},\"thumbnailUrl\":\"https:\/\/atlanticbooks.ca\/wp-content\/uploads\/biblioshare_attachments\/9780920674789-scaled.png\",\"datePublished\":\"2021-06-10T14:50:02+00:00\",\"dateModified\":\"2022-11-09T21:35:38+00:00\",\"breadcrumb\":{\"@id\":\"https:\/\/atlanticbooks.ca\/fr\/livres\/nekt-wikuhpon-ehpit#breadcrumb\"},\"inLanguage\":\"fr-FR\",\"potentialAction\":[{\"@type\":\"ReadAction\",\"target\":[\"https:\/\/atlanticbooks.ca\/fr\/livres\/nekt-wikuhpon-ehpit\"]}]},{\"@type\":\"ImageObject\",\"inLanguage\":\"fr-FR\",\"@id\":\"https:\/\/atlanticbooks.ca\/fr\/livres\/nekt-wikuhpon-ehpit#primaryimage\",\"url\":\"https:\/\/atlanticbooks.ca\/wp-content\/uploads\/biblioshare_attachments\/9780920674789-scaled.png\",\"contentUrl\":\"https:\/\/atlanticbooks.ca\/wp-content\/uploads\/biblioshare_attachments\/9780920674789-scaled.png\",\"width\":2560,\"height\":2098},{\"@type\":\"BreadcrumbList\",\"@id\":\"https:\/\/atlanticbooks.ca\/fr\/livres\/nekt-wikuhpon-ehpit#breadcrumb\",\"itemListElement\":[{\"@type\":\"ListItem\",\"position\":1,\"name\":\"Domicile\",\"item\":\"https:\/\/atlanticbooks.ca\/fr\"},{\"@type\":\"ListItem\",\"position\":2,\"name\":\"Collections\",\"item\":\"https:\/\/atlanticbooks.ca\/fr\/collections\"},{\"@type\":\"ListItem\",\"position\":3,\"name\":\"Nekt wikuhpon ehpit\"}]},{\"@type\":\"WebSite\",\"@id\":\"https:\/\/atlanticbooks.ca\/fr\/#website\",\"url\":\"https:\/\/atlanticbooks.ca\/fr\/\",\"name\":\"Atlantic Books\",\"description\":\"Atlantic Books\",\"publisher\":{\"@id\":\"https:\/\/atlanticbooks.ca\/fr\/#organization\"},\"potentialAction\":[{\"@type\":\"SearchAction\",\"target\":{\"@type\":\"EntryPoint\",\"urlTemplate\":\"https:\/\/atlanticbooks.ca\/fr\/?s={search_term_string}\"},\"query-input\":{\"@type\":\"PropertyValueSpecification\",\"valueRequired\":true,\"valueName\":\"search_term_string\"}}],\"inLanguage\":\"fr-FR\"},{\"@type\":\"Organization\",\"@id\":\"https:\/\/atlanticbooks.ca\/fr\/#organization\",\"name\":\"Atlantic Books\",\"url\":\"https:\/\/atlanticbooks.ca\/fr\/\",\"logo\":{\"@type\":\"ImageObject\",\"inLanguage\":\"fr-FR\",\"@id\":\"https:\/\/atlanticbooks.ca\/fr\/#\/schema\/logo\/image\/\",\"url\":\"https:\/\/atlanticbooks.ca\/wp-content\/uploads\/2020\/10\/atlantic-books-logo.png\",\"contentUrl\":\"https:\/\/atlanticbooks.ca\/wp-content\/uploads\/2020\/10\/atlantic-books-logo.png\",\"width\":566,\"height\":111,\"caption\":\"Atlantic Books\"},\"image\":{\"@id\":\"https:\/\/atlanticbooks.ca\/fr\/#\/schema\/logo\/image\/\"}}]}<\/script>\n<!-- \/ Yoast SEO plugin. -->","yoast_head_json":{"title":"Nekt wikuhpon ehpit - Atlantic Books","robots":{"index":"index","follow":"follow","max-snippet":"max-snippet:-1","max-image-preview":"max-image-preview:large","max-video-preview":"max-video-preview:-1"},"canonical":"https:\/\/atlanticbooks.ca\/fr\/livres\/nekt-wikuhpon-ehpit","og_locale":"fr_FR","og_type":"article","og_title":"Nekt wikuhpon ehpit - Atlantic Books","og_description":"&lt;p&gt;&lt;b&gt;No present without the past. No equality without feminism.&lt;\/b&gt;&lt;\/p&gt;&lt;p&gt;&lt;i&gt;Nekt wikuhpon ehpit&lt;\/i&gt; chronicles the sources, inspiration, and personal circumstances that have shaped Shirley Bear\u2019s visual art, poetry, and political activism and [&hellip;]","og_url":"https:\/\/atlanticbooks.ca\/fr\/livres\/nekt-wikuhpon-ehpit","og_site_name":"Atlantic Books","article_modified_time":"2022-11-09T21:35:38+00:00","og_image":[{"width":1024,"height":1024,"url":"https:\/\/atlanticbooks.mystagingwebsite.com\/wp-content\/uploads\/biblioshare_attachments\/9780920674789-scaled-1024x1024.png","type":"image\/png"}],"twitter_card":"summary_large_image","twitter_misc":{"Dur\u00e9e de lecture estim\u00e9e":"2 minutes"},"schema":{"@context":"https:\/\/schema.org","@graph":[{"@type":"WebPage","@id":"https:\/\/atlanticbooks.ca\/fr\/livres\/nekt-wikuhpon-ehpit","url":"https:\/\/atlanticbooks.ca\/fr\/livres\/nekt-wikuhpon-ehpit","name":"Nekt wikuhpon ehpit - Atlantic Books","isPartOf":{"@id":"https:\/\/atlanticbooks.ca\/fr\/#website"},"primaryImageOfPage":{"@id":"https:\/\/atlanticbooks.ca\/fr\/livres\/nekt-wikuhpon-ehpit#primaryimage"},"image":{"@id":"https:\/\/atlanticbooks.ca\/fr\/livres\/nekt-wikuhpon-ehpit#primaryimage"},"thumbnailUrl":"https:\/\/atlanticbooks.ca\/wp-content\/uploads\/biblioshare_attachments\/9780920674789-scaled.png","datePublished":"2021-06-10T14:50:02+00:00","dateModified":"2022-11-09T21:35:38+00:00","breadcrumb":{"@id":"https:\/\/atlanticbooks.ca\/fr\/livres\/nekt-wikuhpon-ehpit#breadcrumb"},"inLanguage":"fr-FR","potentialAction":[{"@type":"ReadAction","target":["https:\/\/atlanticbooks.ca\/fr\/livres\/nekt-wikuhpon-ehpit"]}]},{"@type":"ImageObject","inLanguage":"fr-FR","@id":"https:\/\/atlanticbooks.ca\/fr\/livres\/nekt-wikuhpon-ehpit#primaryimage","url":"https:\/\/atlanticbooks.ca\/wp-content\/uploads\/biblioshare_attachments\/9780920674789-scaled.png","contentUrl":"https:\/\/atlanticbooks.ca\/wp-content\/uploads\/biblioshare_attachments\/9780920674789-scaled.png","width":2560,"height":2098},{"@type":"BreadcrumbList","@id":"https:\/\/atlanticbooks.ca\/fr\/livres\/nekt-wikuhpon-ehpit#breadcrumb","itemListElement":[{"@type":"ListItem","position":1,"name":"Domicile","item":"https:\/\/atlanticbooks.ca\/fr"},{"@type":"ListItem","position":2,"name":"Collections","item":"https:\/\/atlanticbooks.ca\/fr\/collections"},{"@type":"ListItem","position":3,"name":"Nekt wikuhpon ehpit"}]},{"@type":"WebSite","@id":"https:\/\/atlanticbooks.ca\/fr\/#website","url":"https:\/\/atlanticbooks.ca\/fr\/","name":"Atlantic Books","description":"Atlantic Books","publisher":{"@id":"https:\/\/atlanticbooks.ca\/fr\/#organization"},"potentialAction":[{"@type":"SearchAction","target":{"@type":"EntryPoint","urlTemplate":"https:\/\/atlanticbooks.ca\/fr\/?s={search_term_string}"},"query-input":{"@type":"PropertyValueSpecification","valueRequired":true,"valueName":"search_term_string"}}],"inLanguage":"fr-FR"},{"@type":"Organization","@id":"https:\/\/atlanticbooks.ca\/fr\/#organization","name":"Atlantic Books","url":"https:\/\/atlanticbooks.ca\/fr\/","logo":{"@type":"ImageObject","inLanguage":"fr-FR","@id":"https:\/\/atlanticbooks.ca\/fr\/#\/schema\/logo\/image\/","url":"https:\/\/atlanticbooks.ca\/wp-content\/uploads\/2020\/10\/atlantic-books-logo.png","contentUrl":"https:\/\/atlanticbooks.ca\/wp-content\/uploads\/2020\/10\/atlantic-books-logo.png","width":566,"height":111,"caption":"Atlantic Books"},"image":{"@id":"https:\/\/atlanticbooks.ca\/fr\/#\/schema\/logo\/image\/"}}]}},"_links":{"self":[{"href":"https:\/\/atlanticbooks.ca\/fr\/wp-json\/wp\/v2\/product\/65319","targetHints":{"allow":["GET"]}}],"collection":[{"href":"https:\/\/atlanticbooks.ca\/fr\/wp-json\/wp\/v2\/product"}],"about":[{"href":"https:\/\/atlanticbooks.ca\/fr\/wp-json\/wp\/v2\/types\/product"}],"wp:featuredmedia":[{"embeddable":true,"href":"https:\/\/atlanticbooks.ca\/fr\/wp-json\/wp\/v2\/media\/36784"}],"wp:attachment":[{"href":"https:\/\/atlanticbooks.ca\/fr\/wp-json\/wp\/v2\/media?parent=65319"}],"wp:term":[{"taxonomy":"product_brand","embeddable":true,"href":"https:\/\/atlanticbooks.ca\/fr\/wp-json\/wp\/v2\/product_brand?post=65319"},{"taxonomy":"product_cat","embeddable":true,"href":"https:\/\/atlanticbooks.ca\/fr\/wp-json\/wp\/v2\/product_cat?post=65319"},{"taxonomy":"product_tag","embeddable":true,"href":"https:\/\/atlanticbooks.ca\/fr\/wp-json\/wp\/v2\/product_tag?post=65319"}],"curies":[{"name":"wp","href":"https:\/\/api.w.org\/{rel}","templated":true}]}}