{"id":65307,"date":"2021-06-15T14:15:09","date_gmt":"2021-06-15T14:15:09","guid":{"rendered":"https:\/\/atlanticbooks.ca\/books\/b-pour-bayou\/"},"modified":"2023-04-05T21:15:48","modified_gmt":"2023-04-05T21:15:48","slug":"b-pour-bayou","status":"publish","type":"product","link":"https:\/\/atlanticbooks.ca\/fr\/livres\/b-pour-bayou","title":{"rendered":"B pour bayou"},"content":{"rendered":"<p>Au milieu du Bayou o\u00f9 baigne le Cipre, dort un Cocodrie. Le vois-tu, de ton Arbre \u00e0 poules ? Dans la cuisine de N\u00e9naine, \u00e7a sent le D\u00e9bris et le Jambalaya. B pour bayou est un ab\u00e9c\u00e9daire cadien o\u00f9 Richard Guidry, dit \u00ab Le gros Cadien \u00bb, et ses ami.e.s, nous offrent une d\u00e9lectation de mots aux senteurs de Gombo, pendant que<br \/>\nR\u00e9jean Roy nous embarque dans son Esquif direction le Mississippi.<br \/>\nApr\u00e8s Ah ! pour Atlantique, on quitte l\u2019Acadie acadienne pour l\u2019Acadie cadienne, celle de la chaude Louisiane !<\/p>\n<p>lien video: https:\/\/youtu.be\/rSAKzGvfwoA<\/p>\n","protected":false},"excerpt":{"rendered":"<p>&lt;p&gt;&lt;i&gt;B pour bayou&lt;\/i&gt; [B for bayou] is a cajun ABC in which Richard Guidry (AKA \u00abLe gros Cadien\u00bb or \u00abthe Big Cajun\u00bb) and his friends offer up a &lt;i&gt;Gombo&lt;\/i&gt;-soaked delicacy of words, while illustrator R\u00e9jean Roy takes us aboard his &lt;i&gt;Esquif&lt;\/i&gt;, down the Mississippi. After &lt;i&gt;Ah! pour Atlantique&lt;\/i&gt;, we leave the Acadie of the Maritimes for the Cajun Acadia of Louisiana!&lt;\/p&gt;<\/p>\n","protected":false},"featured_media":74151,"template":"","meta":{"_genesis_hide_title":false,"_genesis_hide_breadcrumbs":false,"_genesis_hide_singular_image":false,"_genesis_hide_footer_widgets":false,"_genesis_custom_body_class":"","_genesis_custom_post_class":"","_genesis_layout":""},"product_brand":[],"product_cat":[12776],"product_tag":[],"class_list":{"0":"post-65307","1":"product","2":"type-product","3":"status-publish","4":"has-post-thumbnail","5":"product_language-fre","6":"product_subjects-juvenile-nonfiction-fr","7":"product_subjects-concepts-fr","8":"product_subjects-alphabet-fr","9":"product_reading_range-8-fr","10":"product_reading_range-9-fr","11":"product_reading_range-10-fr","12":"product_reading_range-11-fr","13":"product_reading_range-12-fr","14":"product_reading_range-5-fr","15":"product_reading_range-6-fr","16":"product_interest_range-10-fr","17":"product_interest_range-11-fr","18":"product_interest_range-12-fr","19":"product_interest_range-8-fr","20":"product_interest_range-9-fr","21":"product_grade_range-fifth-grade-fr","22":"product_grade_range-sixth-grade-fr","23":"product_curriculumsubject-francais-programmes-detudes-fr","24":"product_curriculumsubject-immersion-2-fr","25":"product_curriculumsubject-core-french-fr","26":"product_curriculumsubject-francais-arts-langagiers-fr","27":"product_curriculumsubject-francais-arts-langagiers-im-fr","28":"product_reading_type-abecedaire","29":"product_edi_publisher-acadian-publisher-copy","30":"product_edi_publisher-french-canadian-publisher-copy","31":"product_edi_languages-francais-fr","32":"biblio_share_tag-juvenile-fiction-fr","33":"product_cat-abc-fr-2","34":"product_shipping_class-abc-test-fr","35":"entry","37":"first","38":"instock","39":"taxable","40":"shipping-taxable","41":"purchasable","42":"product-type-simple"},"yoast_head":"<!-- This site is optimized with the Yoast SEO plugin v24.0 - https:\/\/yoast.com\/wordpress\/plugins\/seo\/ -->\n<title>B pour bayou - Atlantic Books<\/title>\n<meta name=\"robots\" content=\"index, follow, max-snippet:-1, max-image-preview:large, max-video-preview:-1\" \/>\n<link rel=\"canonical\" href=\"https:\/\/atlanticbooks.ca\/fr\/livres\/b-pour-bayou\" \/>\n<meta property=\"og:locale\" content=\"fr_FR\" \/>\n<meta property=\"og:type\" content=\"article\" \/>\n<meta property=\"og:title\" content=\"B pour bayou - Atlantic Books\" \/>\n<meta property=\"og:description\" content=\"&lt;p&gt;&lt;i&gt;B pour bayou&lt;\/i&gt; [B for bayou] is a cajun ABC in which Richard Guidry (AKA \u00abLe gros Cadien\u00bb or \u00abthe Big Cajun\u00bb) and his friends offer up a &lt;i&gt;Gombo&lt;\/i&gt;-soaked delicacy of words, while illustrator R\u00e9jean Roy takes us aboard his &lt;i&gt;Esquif&lt;\/i&gt;, down the Mississippi. After &lt;i&gt;Ah! pour Atlantique&lt;\/i&gt;, we leave the Acadie of the Maritimes for the Cajun Acadia of Louisiana!&lt;\/p&gt;\" \/>\n<meta property=\"og:url\" content=\"https:\/\/atlanticbooks.ca\/fr\/livres\/b-pour-bayou\" \/>\n<meta property=\"og:site_name\" content=\"Atlantic Books\" \/>\n<meta property=\"article:modified_time\" content=\"2023-04-05T21:15:48+00:00\" \/>\n<meta property=\"og:image\" content=\"https:\/\/atlanticbooks.mystagingwebsite.com\/wp-content\/uploads\/biblioshare_attachments\/9782897501617.png\" \/>\n\t<meta property=\"og:image:width\" content=\"1375\" \/>\n\t<meta property=\"og:image:height\" content=\"1381\" \/>\n\t<meta property=\"og:image:type\" content=\"image\/png\" \/>\n<meta name=\"twitter:card\" content=\"summary_large_image\" \/>\n<meta name=\"twitter:label1\" content=\"Dur\u00e9e de lecture estim\u00e9e\" \/>\n\t<meta name=\"twitter:data1\" content=\"1 minute\" \/>\n<script type=\"application\/ld+json\" class=\"yoast-schema-graph\">{\"@context\":\"https:\/\/schema.org\",\"@graph\":[{\"@type\":\"WebPage\",\"@id\":\"https:\/\/atlanticbooks.ca\/fr\/livres\/b-pour-bayou\",\"url\":\"https:\/\/atlanticbooks.ca\/fr\/livres\/b-pour-bayou\",\"name\":\"B pour bayou - Atlantic Books\",\"isPartOf\":{\"@id\":\"https:\/\/atlanticbooks.ca\/fr\/#website\"},\"primaryImageOfPage\":{\"@id\":\"https:\/\/atlanticbooks.ca\/fr\/livres\/b-pour-bayou#primaryimage\"},\"image\":{\"@id\":\"https:\/\/atlanticbooks.ca\/fr\/livres\/b-pour-bayou#primaryimage\"},\"thumbnailUrl\":\"https:\/\/atlanticbooks.ca\/wp-content\/uploads\/biblioshare_attachments\/9782897501617.png\",\"datePublished\":\"2021-06-15T14:15:09+00:00\",\"dateModified\":\"2023-04-05T21:15:48+00:00\",\"breadcrumb\":{\"@id\":\"https:\/\/atlanticbooks.ca\/fr\/livres\/b-pour-bayou#breadcrumb\"},\"inLanguage\":\"fr-FR\",\"potentialAction\":[{\"@type\":\"ReadAction\",\"target\":[\"https:\/\/atlanticbooks.ca\/fr\/livres\/b-pour-bayou\"]}]},{\"@type\":\"ImageObject\",\"inLanguage\":\"fr-FR\",\"@id\":\"https:\/\/atlanticbooks.ca\/fr\/livres\/b-pour-bayou#primaryimage\",\"url\":\"https:\/\/atlanticbooks.ca\/wp-content\/uploads\/biblioshare_attachments\/9782897501617.png\",\"contentUrl\":\"https:\/\/atlanticbooks.ca\/wp-content\/uploads\/biblioshare_attachments\/9782897501617.png\",\"width\":1375,\"height\":1381},{\"@type\":\"BreadcrumbList\",\"@id\":\"https:\/\/atlanticbooks.ca\/fr\/livres\/b-pour-bayou#breadcrumb\",\"itemListElement\":[{\"@type\":\"ListItem\",\"position\":1,\"name\":\"Domicile\",\"item\":\"https:\/\/atlanticbooks.ca\/fr\"},{\"@type\":\"ListItem\",\"position\":2,\"name\":\"Collections\",\"item\":\"https:\/\/atlanticbooks.ca\/fr\/collections\"},{\"@type\":\"ListItem\",\"position\":3,\"name\":\"B pour bayou\"}]},{\"@type\":\"WebSite\",\"@id\":\"https:\/\/atlanticbooks.ca\/fr\/#website\",\"url\":\"https:\/\/atlanticbooks.ca\/fr\/\",\"name\":\"Atlantic Books\",\"description\":\"Atlantic Books\",\"publisher\":{\"@id\":\"https:\/\/atlanticbooks.ca\/fr\/#organization\"},\"potentialAction\":[{\"@type\":\"SearchAction\",\"target\":{\"@type\":\"EntryPoint\",\"urlTemplate\":\"https:\/\/atlanticbooks.ca\/fr\/?s={search_term_string}\"},\"query-input\":{\"@type\":\"PropertyValueSpecification\",\"valueRequired\":true,\"valueName\":\"search_term_string\"}}],\"inLanguage\":\"fr-FR\"},{\"@type\":\"Organization\",\"@id\":\"https:\/\/atlanticbooks.ca\/fr\/#organization\",\"name\":\"Atlantic Books\",\"url\":\"https:\/\/atlanticbooks.ca\/fr\/\",\"logo\":{\"@type\":\"ImageObject\",\"inLanguage\":\"fr-FR\",\"@id\":\"https:\/\/atlanticbooks.ca\/fr\/#\/schema\/logo\/image\/\",\"url\":\"https:\/\/atlanticbooks.ca\/wp-content\/uploads\/2020\/10\/atlantic-books-logo.png\",\"contentUrl\":\"https:\/\/atlanticbooks.ca\/wp-content\/uploads\/2020\/10\/atlantic-books-logo.png\",\"width\":566,\"height\":111,\"caption\":\"Atlantic Books\"},\"image\":{\"@id\":\"https:\/\/atlanticbooks.ca\/fr\/#\/schema\/logo\/image\/\"}}]}<\/script>\n<!-- \/ Yoast SEO plugin. -->","yoast_head_json":{"title":"B pour bayou - Atlantic Books","robots":{"index":"index","follow":"follow","max-snippet":"max-snippet:-1","max-image-preview":"max-image-preview:large","max-video-preview":"max-video-preview:-1"},"canonical":"https:\/\/atlanticbooks.ca\/fr\/livres\/b-pour-bayou","og_locale":"fr_FR","og_type":"article","og_title":"B pour bayou - Atlantic Books","og_description":"&lt;p&gt;&lt;i&gt;B pour bayou&lt;\/i&gt; [B for bayou] is a cajun ABC in which Richard Guidry (AKA \u00abLe gros Cadien\u00bb or \u00abthe Big Cajun\u00bb) and his friends offer up a &lt;i&gt;Gombo&lt;\/i&gt;-soaked delicacy of words, while illustrator R\u00e9jean Roy takes us aboard his &lt;i&gt;Esquif&lt;\/i&gt;, down the Mississippi. After &lt;i&gt;Ah! pour Atlantique&lt;\/i&gt;, we leave the Acadie of the Maritimes for the Cajun Acadia of Louisiana!&lt;\/p&gt;","og_url":"https:\/\/atlanticbooks.ca\/fr\/livres\/b-pour-bayou","og_site_name":"Atlantic Books","article_modified_time":"2023-04-05T21:15:48+00:00","og_image":[{"width":1375,"height":1381,"url":"https:\/\/atlanticbooks.mystagingwebsite.com\/wp-content\/uploads\/biblioshare_attachments\/9782897501617.png","type":"image\/png"}],"twitter_card":"summary_large_image","twitter_misc":{"Dur\u00e9e de lecture estim\u00e9e":"1 minute"},"schema":{"@context":"https:\/\/schema.org","@graph":[{"@type":"WebPage","@id":"https:\/\/atlanticbooks.ca\/fr\/livres\/b-pour-bayou","url":"https:\/\/atlanticbooks.ca\/fr\/livres\/b-pour-bayou","name":"B pour bayou - Atlantic Books","isPartOf":{"@id":"https:\/\/atlanticbooks.ca\/fr\/#website"},"primaryImageOfPage":{"@id":"https:\/\/atlanticbooks.ca\/fr\/livres\/b-pour-bayou#primaryimage"},"image":{"@id":"https:\/\/atlanticbooks.ca\/fr\/livres\/b-pour-bayou#primaryimage"},"thumbnailUrl":"https:\/\/atlanticbooks.ca\/wp-content\/uploads\/biblioshare_attachments\/9782897501617.png","datePublished":"2021-06-15T14:15:09+00:00","dateModified":"2023-04-05T21:15:48+00:00","breadcrumb":{"@id":"https:\/\/atlanticbooks.ca\/fr\/livres\/b-pour-bayou#breadcrumb"},"inLanguage":"fr-FR","potentialAction":[{"@type":"ReadAction","target":["https:\/\/atlanticbooks.ca\/fr\/livres\/b-pour-bayou"]}]},{"@type":"ImageObject","inLanguage":"fr-FR","@id":"https:\/\/atlanticbooks.ca\/fr\/livres\/b-pour-bayou#primaryimage","url":"https:\/\/atlanticbooks.ca\/wp-content\/uploads\/biblioshare_attachments\/9782897501617.png","contentUrl":"https:\/\/atlanticbooks.ca\/wp-content\/uploads\/biblioshare_attachments\/9782897501617.png","width":1375,"height":1381},{"@type":"BreadcrumbList","@id":"https:\/\/atlanticbooks.ca\/fr\/livres\/b-pour-bayou#breadcrumb","itemListElement":[{"@type":"ListItem","position":1,"name":"Domicile","item":"https:\/\/atlanticbooks.ca\/fr"},{"@type":"ListItem","position":2,"name":"Collections","item":"https:\/\/atlanticbooks.ca\/fr\/collections"},{"@type":"ListItem","position":3,"name":"B pour bayou"}]},{"@type":"WebSite","@id":"https:\/\/atlanticbooks.ca\/fr\/#website","url":"https:\/\/atlanticbooks.ca\/fr\/","name":"Atlantic Books","description":"Atlantic Books","publisher":{"@id":"https:\/\/atlanticbooks.ca\/fr\/#organization"},"potentialAction":[{"@type":"SearchAction","target":{"@type":"EntryPoint","urlTemplate":"https:\/\/atlanticbooks.ca\/fr\/?s={search_term_string}"},"query-input":{"@type":"PropertyValueSpecification","valueRequired":true,"valueName":"search_term_string"}}],"inLanguage":"fr-FR"},{"@type":"Organization","@id":"https:\/\/atlanticbooks.ca\/fr\/#organization","name":"Atlantic Books","url":"https:\/\/atlanticbooks.ca\/fr\/","logo":{"@type":"ImageObject","inLanguage":"fr-FR","@id":"https:\/\/atlanticbooks.ca\/fr\/#\/schema\/logo\/image\/","url":"https:\/\/atlanticbooks.ca\/wp-content\/uploads\/2020\/10\/atlantic-books-logo.png","contentUrl":"https:\/\/atlanticbooks.ca\/wp-content\/uploads\/2020\/10\/atlantic-books-logo.png","width":566,"height":111,"caption":"Atlantic Books"},"image":{"@id":"https:\/\/atlanticbooks.ca\/fr\/#\/schema\/logo\/image\/"}}]}},"_links":{"self":[{"href":"https:\/\/atlanticbooks.ca\/fr\/wp-json\/wp\/v2\/product\/65307","targetHints":{"allow":["GET"]}}],"collection":[{"href":"https:\/\/atlanticbooks.ca\/fr\/wp-json\/wp\/v2\/product"}],"about":[{"href":"https:\/\/atlanticbooks.ca\/fr\/wp-json\/wp\/v2\/types\/product"}],"wp:featuredmedia":[{"embeddable":true,"href":"https:\/\/atlanticbooks.ca\/fr\/wp-json\/wp\/v2\/media\/74151"}],"wp:attachment":[{"href":"https:\/\/atlanticbooks.ca\/fr\/wp-json\/wp\/v2\/media?parent=65307"}],"wp:term":[{"taxonomy":"product_brand","embeddable":true,"href":"https:\/\/atlanticbooks.ca\/fr\/wp-json\/wp\/v2\/product_brand?post=65307"},{"taxonomy":"product_cat","embeddable":true,"href":"https:\/\/atlanticbooks.ca\/fr\/wp-json\/wp\/v2\/product_cat?post=65307"},{"taxonomy":"product_tag","embeddable":true,"href":"https:\/\/atlanticbooks.ca\/fr\/wp-json\/wp\/v2\/product_tag?post=65307"}],"curies":[{"name":"wp","href":"https:\/\/api.w.org\/{rel}","templated":true}]}}