{"id":65097,"date":"2021-09-20T10:49:41","date_gmt":"2021-09-20T13:49:41","guid":{"rendered":"https:\/\/atlanticbooks.ca\/books\/conge-pour-sophie\/"},"modified":"2023-04-20T16:14:26","modified_gmt":"2023-04-20T16:14:26","slug":"conge-pour-sophie","status":"publish","type":"product","link":"https:\/\/atlanticbooks.ca\/fr\/livres\/conge-pour-sophie","title":{"rendered":"Conge pour Sophie"},"content":{"rendered":"<p>Sophie sautille de bonheur. Bord\u00e9e de neige et cong\u00e9 d\u2019\u00e9cole \u00e9galent patins, luge, glissades, et Sophie a pens\u00e9 \u00e0 tout. Maman est loin d\u2019\u00eatre aussi emball\u00e9e. Elle d\u00e9teste avoir froid; elle boude et traine les pieds. Sophie doit donc l\u2019encourager. Pas facile \u00e0 habiller, une adulte qui ne veut pas sortir patiner et qui a peur de se faire mal. La semaine sera peut-\u00eatre longue.<\/p>\n<p>Sophie is bursting with joy. Heavy snowfall plus school vacation equals skating, sledding, snow forts and she is thinking about all of them. Mom is far from enthusiastic She hates being cold. Every year, she pouts and drags her feet. Sophie must encourage her and help her to prepare. It isn?t easy to dress an adult who doesn?t want to go outside and is afraid of getting hurt. This could be a long week.<\/p>\n","protected":false},"excerpt":{"rendered":"<p>&lt;b&gt;Winter break: Sophie can hardly contain her excitement, but mom is reticent.&lt;\/b&gt;<\/p>\n","protected":false},"featured_media":61126,"template":"","meta":{"_genesis_hide_title":false,"_genesis_hide_breadcrumbs":false,"_genesis_hide_singular_image":false,"_genesis_hide_footer_widgets":false,"_genesis_custom_body_class":"","_genesis_custom_post_class":"","_genesis_layout":""},"product_brand":[],"product_cat":[15036,12776],"product_tag":[16011],"class_list":{"0":"post-65097","1":"product","2":"type-product","3":"status-publish","4":"has-post-thumbnail","5":"product_language-fre","6":"product_subjects-general-family-fr","7":"product_subjects-juvenile-fiction-fr","8":"product_subjects-family-fr","9":"product_interest_range-6-fr","10":"product_interest_range-7-fr","11":"product_interest_range-8-fr","12":"product_interest_range-4-fr","13":"product_interest_range-5-fr","14":"biblio_share_tag-juvenile-fiction-family-general-fr","15":"product_cat-fall-books-fr","16":"product_cat-abc-fr-2","17":"product_tag-abt94-fr","18":"entry","20":"first","21":"onbackorder","22":"taxable","23":"shipping-taxable","24":"purchasable","25":"product-type-simple"},"yoast_head":"<!-- This site is optimized with the Yoast SEO plugin v24.0 - https:\/\/yoast.com\/wordpress\/plugins\/seo\/ -->\n<title>Conge pour Sophie - Atlantic Books<\/title>\n<meta name=\"robots\" content=\"index, follow, max-snippet:-1, max-image-preview:large, max-video-preview:-1\" \/>\n<link rel=\"canonical\" href=\"https:\/\/atlanticbooks.ca\/fr\/livres\/conge-pour-sophie\" \/>\n<meta property=\"og:locale\" content=\"fr_FR\" \/>\n<meta property=\"og:type\" content=\"article\" \/>\n<meta property=\"og:title\" content=\"Conge pour Sophie - Atlantic Books\" \/>\n<meta property=\"og:description\" content=\"&lt;b&gt;Winter break: Sophie can hardly contain her excitement, but mom is reticent.&lt;\/b&gt;\" \/>\n<meta property=\"og:url\" content=\"https:\/\/atlanticbooks.ca\/fr\/livres\/conge-pour-sophie\" \/>\n<meta property=\"og:site_name\" content=\"Atlantic Books\" \/>\n<meta property=\"article:modified_time\" content=\"2023-04-20T16:14:26+00:00\" \/>\n<meta property=\"og:image\" content=\"https:\/\/atlanticbooks.mystagingwebsite.com\/wp-content\/uploads\/2021\/09\/conge-pour-sophie.jpg\" \/>\n\t<meta property=\"og:image:width\" content=\"1824\" \/>\n\t<meta property=\"og:image:height\" content=\"1824\" \/>\n\t<meta property=\"og:image:type\" content=\"image\/jpeg\" \/>\n<meta name=\"twitter:card\" content=\"summary_large_image\" \/>\n<meta name=\"twitter:label1\" content=\"Dur\u00e9e de lecture estim\u00e9e\" \/>\n\t<meta name=\"twitter:data1\" content=\"1 minute\" \/>\n<script type=\"application\/ld+json\" class=\"yoast-schema-graph\">{\"@context\":\"https:\/\/schema.org\",\"@graph\":[{\"@type\":\"WebPage\",\"@id\":\"https:\/\/atlanticbooks.ca\/fr\/livres\/conge-pour-sophie\",\"url\":\"https:\/\/atlanticbooks.ca\/fr\/livres\/conge-pour-sophie\",\"name\":\"Conge pour Sophie - Atlantic Books\",\"isPartOf\":{\"@id\":\"https:\/\/atlanticbooks.ca\/fr\/#website\"},\"primaryImageOfPage\":{\"@id\":\"https:\/\/atlanticbooks.ca\/fr\/livres\/conge-pour-sophie#primaryimage\"},\"image\":{\"@id\":\"https:\/\/atlanticbooks.ca\/fr\/livres\/conge-pour-sophie#primaryimage\"},\"thumbnailUrl\":\"https:\/\/atlanticbooks.ca\/wp-content\/uploads\/2021\/09\/conge-pour-sophie.jpg\",\"datePublished\":\"2021-09-20T13:49:41+00:00\",\"dateModified\":\"2023-04-20T16:14:26+00:00\",\"breadcrumb\":{\"@id\":\"https:\/\/atlanticbooks.ca\/fr\/livres\/conge-pour-sophie#breadcrumb\"},\"inLanguage\":\"fr-FR\",\"potentialAction\":[{\"@type\":\"ReadAction\",\"target\":[\"https:\/\/atlanticbooks.ca\/fr\/livres\/conge-pour-sophie\"]}]},{\"@type\":\"ImageObject\",\"inLanguage\":\"fr-FR\",\"@id\":\"https:\/\/atlanticbooks.ca\/fr\/livres\/conge-pour-sophie#primaryimage\",\"url\":\"https:\/\/atlanticbooks.ca\/wp-content\/uploads\/2021\/09\/conge-pour-sophie.jpg\",\"contentUrl\":\"https:\/\/atlanticbooks.ca\/wp-content\/uploads\/2021\/09\/conge-pour-sophie.jpg\",\"width\":1824,\"height\":1824,\"caption\":\"cover page conge-pour-sophie\"},{\"@type\":\"BreadcrumbList\",\"@id\":\"https:\/\/atlanticbooks.ca\/fr\/livres\/conge-pour-sophie#breadcrumb\",\"itemListElement\":[{\"@type\":\"ListItem\",\"position\":1,\"name\":\"Domicile\",\"item\":\"https:\/\/atlanticbooks.ca\/fr\"},{\"@type\":\"ListItem\",\"position\":2,\"name\":\"Collections\",\"item\":\"https:\/\/atlanticbooks.ca\/fr\/collections\"},{\"@type\":\"ListItem\",\"position\":3,\"name\":\"Conge pour Sophie\"}]},{\"@type\":\"WebSite\",\"@id\":\"https:\/\/atlanticbooks.ca\/fr\/#website\",\"url\":\"https:\/\/atlanticbooks.ca\/fr\/\",\"name\":\"Atlantic Books\",\"description\":\"Atlantic Books\",\"publisher\":{\"@id\":\"https:\/\/atlanticbooks.ca\/fr\/#organization\"},\"potentialAction\":[{\"@type\":\"SearchAction\",\"target\":{\"@type\":\"EntryPoint\",\"urlTemplate\":\"https:\/\/atlanticbooks.ca\/fr\/?s={search_term_string}\"},\"query-input\":{\"@type\":\"PropertyValueSpecification\",\"valueRequired\":true,\"valueName\":\"search_term_string\"}}],\"inLanguage\":\"fr-FR\"},{\"@type\":\"Organization\",\"@id\":\"https:\/\/atlanticbooks.ca\/fr\/#organization\",\"name\":\"Atlantic Books\",\"url\":\"https:\/\/atlanticbooks.ca\/fr\/\",\"logo\":{\"@type\":\"ImageObject\",\"inLanguage\":\"fr-FR\",\"@id\":\"https:\/\/atlanticbooks.ca\/fr\/#\/schema\/logo\/image\/\",\"url\":\"https:\/\/atlanticbooks.ca\/wp-content\/uploads\/2020\/10\/atlantic-books-logo.png\",\"contentUrl\":\"https:\/\/atlanticbooks.ca\/wp-content\/uploads\/2020\/10\/atlantic-books-logo.png\",\"width\":566,\"height\":111,\"caption\":\"Atlantic Books\"},\"image\":{\"@id\":\"https:\/\/atlanticbooks.ca\/fr\/#\/schema\/logo\/image\/\"}}]}<\/script>\n<!-- \/ Yoast SEO plugin. -->","yoast_head_json":{"title":"Conge pour Sophie - Atlantic Books","robots":{"index":"index","follow":"follow","max-snippet":"max-snippet:-1","max-image-preview":"max-image-preview:large","max-video-preview":"max-video-preview:-1"},"canonical":"https:\/\/atlanticbooks.ca\/fr\/livres\/conge-pour-sophie","og_locale":"fr_FR","og_type":"article","og_title":"Conge pour Sophie - Atlantic Books","og_description":"&lt;b&gt;Winter break: Sophie can hardly contain her excitement, but mom is reticent.&lt;\/b&gt;","og_url":"https:\/\/atlanticbooks.ca\/fr\/livres\/conge-pour-sophie","og_site_name":"Atlantic Books","article_modified_time":"2023-04-20T16:14:26+00:00","og_image":[{"width":1824,"height":1824,"url":"https:\/\/atlanticbooks.mystagingwebsite.com\/wp-content\/uploads\/2021\/09\/conge-pour-sophie.jpg","type":"image\/jpeg"}],"twitter_card":"summary_large_image","twitter_misc":{"Dur\u00e9e de lecture estim\u00e9e":"1 minute"},"schema":{"@context":"https:\/\/schema.org","@graph":[{"@type":"WebPage","@id":"https:\/\/atlanticbooks.ca\/fr\/livres\/conge-pour-sophie","url":"https:\/\/atlanticbooks.ca\/fr\/livres\/conge-pour-sophie","name":"Conge pour Sophie - Atlantic Books","isPartOf":{"@id":"https:\/\/atlanticbooks.ca\/fr\/#website"},"primaryImageOfPage":{"@id":"https:\/\/atlanticbooks.ca\/fr\/livres\/conge-pour-sophie#primaryimage"},"image":{"@id":"https:\/\/atlanticbooks.ca\/fr\/livres\/conge-pour-sophie#primaryimage"},"thumbnailUrl":"https:\/\/atlanticbooks.ca\/wp-content\/uploads\/2021\/09\/conge-pour-sophie.jpg","datePublished":"2021-09-20T13:49:41+00:00","dateModified":"2023-04-20T16:14:26+00:00","breadcrumb":{"@id":"https:\/\/atlanticbooks.ca\/fr\/livres\/conge-pour-sophie#breadcrumb"},"inLanguage":"fr-FR","potentialAction":[{"@type":"ReadAction","target":["https:\/\/atlanticbooks.ca\/fr\/livres\/conge-pour-sophie"]}]},{"@type":"ImageObject","inLanguage":"fr-FR","@id":"https:\/\/atlanticbooks.ca\/fr\/livres\/conge-pour-sophie#primaryimage","url":"https:\/\/atlanticbooks.ca\/wp-content\/uploads\/2021\/09\/conge-pour-sophie.jpg","contentUrl":"https:\/\/atlanticbooks.ca\/wp-content\/uploads\/2021\/09\/conge-pour-sophie.jpg","width":1824,"height":1824,"caption":"cover page conge-pour-sophie"},{"@type":"BreadcrumbList","@id":"https:\/\/atlanticbooks.ca\/fr\/livres\/conge-pour-sophie#breadcrumb","itemListElement":[{"@type":"ListItem","position":1,"name":"Domicile","item":"https:\/\/atlanticbooks.ca\/fr"},{"@type":"ListItem","position":2,"name":"Collections","item":"https:\/\/atlanticbooks.ca\/fr\/collections"},{"@type":"ListItem","position":3,"name":"Conge pour Sophie"}]},{"@type":"WebSite","@id":"https:\/\/atlanticbooks.ca\/fr\/#website","url":"https:\/\/atlanticbooks.ca\/fr\/","name":"Atlantic Books","description":"Atlantic Books","publisher":{"@id":"https:\/\/atlanticbooks.ca\/fr\/#organization"},"potentialAction":[{"@type":"SearchAction","target":{"@type":"EntryPoint","urlTemplate":"https:\/\/atlanticbooks.ca\/fr\/?s={search_term_string}"},"query-input":{"@type":"PropertyValueSpecification","valueRequired":true,"valueName":"search_term_string"}}],"inLanguage":"fr-FR"},{"@type":"Organization","@id":"https:\/\/atlanticbooks.ca\/fr\/#organization","name":"Atlantic Books","url":"https:\/\/atlanticbooks.ca\/fr\/","logo":{"@type":"ImageObject","inLanguage":"fr-FR","@id":"https:\/\/atlanticbooks.ca\/fr\/#\/schema\/logo\/image\/","url":"https:\/\/atlanticbooks.ca\/wp-content\/uploads\/2020\/10\/atlantic-books-logo.png","contentUrl":"https:\/\/atlanticbooks.ca\/wp-content\/uploads\/2020\/10\/atlantic-books-logo.png","width":566,"height":111,"caption":"Atlantic Books"},"image":{"@id":"https:\/\/atlanticbooks.ca\/fr\/#\/schema\/logo\/image\/"}}]}},"_links":{"self":[{"href":"https:\/\/atlanticbooks.ca\/fr\/wp-json\/wp\/v2\/product\/65097","targetHints":{"allow":["GET"]}}],"collection":[{"href":"https:\/\/atlanticbooks.ca\/fr\/wp-json\/wp\/v2\/product"}],"about":[{"href":"https:\/\/atlanticbooks.ca\/fr\/wp-json\/wp\/v2\/types\/product"}],"wp:featuredmedia":[{"embeddable":true,"href":"https:\/\/atlanticbooks.ca\/fr\/wp-json\/wp\/v2\/media\/61126"}],"wp:attachment":[{"href":"https:\/\/atlanticbooks.ca\/fr\/wp-json\/wp\/v2\/media?parent=65097"}],"wp:term":[{"taxonomy":"product_brand","embeddable":true,"href":"https:\/\/atlanticbooks.ca\/fr\/wp-json\/wp\/v2\/product_brand?post=65097"},{"taxonomy":"product_cat","embeddable":true,"href":"https:\/\/atlanticbooks.ca\/fr\/wp-json\/wp\/v2\/product_cat?post=65097"},{"taxonomy":"product_tag","embeddable":true,"href":"https:\/\/atlanticbooks.ca\/fr\/wp-json\/wp\/v2\/product_tag?post=65097"}],"curies":[{"name":"wp","href":"https:\/\/api.w.org\/{rel}","templated":true}]}}