{"id":64859,"date":"2022-02-07T15:24:35","date_gmt":"2022-02-07T15:24:35","guid":{"rendered":"https:\/\/atlanticbooks.ca\/books\/wabanaki-modern-wabanaki-kiskukewey-wabanaki-moderne\/"},"modified":"2023-10-17T20:01:55","modified_gmt":"2023-10-17T20:01:55","slug":"wabanaki-modern-wabanaki-kiskukewey-wabanaki-moderne","status":"publish","type":"product","link":"https:\/\/atlanticbooks.ca\/fr\/livres\/wabanaki-modern-wabanaki-kiskukewey-wabanaki-moderne","title":{"rendered":"Wabanaki Modern | Wabanaki Kiskukewey | Wabanaki Moderne"},"content":{"rendered":"<p>&lt;p&gt;&lt;b&gt;Winner, Canadian Museums Association Award for Outstanding Achievement (Research) and APMA Best Atlantic-Published Book Award&lt;br&gt;Longlisted, First Nation Communities READ Award&lt;br&gt;The story of an overlooked group of cultural visionaries&lt;\/b&gt;&lt;\/p&gt;&lt;p&gt;The \u201cMicmac Indian Craftsmen\u201d of Elsipogtog (then known as Big Cove) rose to national prominence in the early 1960s. At their peak, they were featured in print media from coast to coast, their work was included in books and exhibitions \u2014 including at Expo 67 \u2014 and their designs were featured on prints, silkscreened notecards, jewelry, tapestries, and even English porcelain.&lt;\/p&gt;&lt;p&gt;Primarily self-taught and deeply rooted in their community, they were among the first modern Indigenous artists in Atlantic Canada. Inspired by traditional Wabanaki stories, they produced an eclectic range of handmade objects that were sophisticated, profound, and eloquent.&lt;\/p&gt;&lt;p&gt;By 1966, the withdrawal of government support compromised the Craftsmen&rsquo;s resources, production soon ceased, and their work faded from memory. Now, for the first time, the story of this groundbreaking co-operative and their art is told in full. Accompanying a major exhibition at the Beaverbrook Art Gallery opening in 2022, &lt;i&gt;Wabanaki Modern&lt;\/i&gt; features essays on the history of this vibrant art workshop, archival photographs of the artisans, and stunning full-colour images of their art.&lt;\/p&gt;&lt;br&gt;&lt;p&gt;&lt;i&gt;&lt;b&gt;Wla atukuaqn na ujit ta&rsquo;nik mu ewi&rsquo;tamuki&rsquo;k tetuji kelulk\u0268pp ta&rsquo;n teli amaliteka&rsquo;tijik &lt;\/i&gt;&lt;\/b&gt;&lt;\/p&gt;&lt;p&gt;Wla \u201cMi&rsquo;kmewaqq L&rsquo;nue&rsquo;k amaliteka&rsquo;tijik\u201d tlo&rsquo;ltijik Elsipogtog (amskweseweyekk i&rsquo;tlui&rsquo;tasik\u0268pp Big Cove) poqji wuli nenupnikk wla amaliteka&rsquo;tijik 1960ekk.  Je wekaw wutlukowaqnmuwow ika&rsquo;tasik\u0268pp wikatikniktuk aqq ne&rsquo;yo&rsquo;tasik\u0268pp ta&rsquo;n pukwelk ta&rsquo;n wen nmitew \u2014 je wekaw Expo 67 \u2014 aqq ta&rsquo;n koqoey kisi napui&rsquo;kmi&rsquo;tipp tampas\u0268k koqoey eweketu&rsquo;tij stike&rsquo; l&rsquo;taqnewi&rsquo;kasik, napui&rsquo;kn misekn, wi&rsquo;katikne&rsquo;ji&rsquo;jk, meko&rsquo;tikl kuntal, kaqapitkl l&rsquo;taqa&rsquo;teke&rsquo;l, aqq wekaw akalasie&rsquo;we&rsquo;k eptaqnk.  Nekmow na kekina&rsquo;masultijik aqq melki knukwi&rsquo;tij ta&rsquo;n tett telayawultijik, nekmow na amskewsewa&rsquo;jewaqq l&rsquo;nu&rsquo;k tel nenujik ujit ta&rsquo;n teli amaliteka&rsquo;tijik ujit Atlantic Canada.  Pema&rsquo;lkwi&rsquo;titl a&rsquo;tukuaqnn ta&rsquo;n sa&rsquo;qewe&rsquo;l, ta&rsquo;n wejiaqel a&rsquo;tukuaqnn Wabanaki, l&rsquo;tu&rsquo;tipp kaqasi milamu&rsquo;k koqowey toqo eweketu&rsquo;titl wutpitnual tetuji moq\u0268tekl, ma&rsquo;muntekl, aqq weltekl.&lt;\/p&gt;&lt;p&gt;Wekaw 1966ekk, kpno&rsquo;l pun apoqnmuapni wla amaliteka&rsquo;tikete&rsquo;j\u0268k jel kaqnma&rsquo;tijik ta&rsquo;n koqoey nuta&rsquo;tipp, amuj pana pun lukutipnikk, aqq tel awantasuwalutki&rsquo;k.  Nike&rsquo;, amskwesewey, wla a&rsquo;tukuaqn tetuji ms\u0268ki&rsquo;k\u0268pp wla wut lukewaqnmuwow etel kaqi a&rsquo;tukwasikk.  Wije&rsquo;tew meski&rsquo;k neya&rsquo;tmk Beaverbrook Art Gallery pana&rsquo;siktetew 2022al, &lt;i&gt;Wabanaki Modern&lt;\/i&gt; na pema&rsquo;toql wikikaqnn ujit ta&rsquo;n pemiaq\u0268pp wla tetuji wulamu&rsquo;k\u0268pp kisitaqnne&rsquo;l telukutijik, maskutekl sa&rsquo;qewe&rsquo;l napuikasikl toqo nemu&rsquo;jik etl-lukutijik wla lukewinu&rsquo;k, aqq sikte wultek aqq welamu&rsquo;k ta&rsquo;n koqoey kisitu&rsquo;tij.&lt;\/p&gt;&lt;br&gt;&lt;p&gt;&lt;b&gt;L&rsquo;histoire d&rsquo;un groupe de visionnaires culturels ignor\u00e9s&lt;\/b&gt;&lt;\/p&gt;&lt;p&gt;Un groupe d&rsquo;artisans mi&rsquo;kmaw d&rsquo;Elsipogtog (autrefois Big Cove) au Nouveau-Brunswick se fit conna\u00eetre \u00e0 travers le Canada au d\u00e9but des ann\u00e9es 1960. \u00c0 l&rsquo;apog\u00e9e de leur renomm\u00e9e, les Micmac Indian Craftsmen firent l&rsquo;objet d&rsquo;articles dans des publications d&rsquo;un oc\u00e9an \u00e0 l&rsquo;autre. Leur travail figura dans des livres et des expositions \u2014 dont Expo 67 \u00e0 Montr\u00e9al \u2014 et leurs \u0153uvres graphiques furent reproduites sous forme de gravures et de s\u00e9rigraphies, et elles orn\u00e8rent de la papeterie, des bijoux, des tapisseries et m\u00eame de la porcelaine anglaise.&lt;\/p&gt;&lt;p&gt;En grande partie autodidactes et solidement enracin\u00e9s dans leur communaut\u00e9, les Micmac Indian Craftsmen furent parmi les premiers artistes autochtones modernes au Canada atlantique. En s&rsquo;inspirant de r\u00e9cits traditionnels wabanakis, ils fabriquaient \u00e0 la main une gamme vari\u00e9e d&rsquo;objets raffin\u00e9s, \u00e9vocateurs et porteurs d&rsquo;un sens profond.&lt;\/p&gt;&lt;p&gt;En 1966, toutefois, le gouvernement retira son soutien. Les Craftsmen perdirent leur financement, la production cessa peu apr\u00e8s et leur \u0153uvre finit par \u00eatre oubli\u00e9e. Une nouvelle publication relate maintenant, pour la premi\u00e8re fois, l&rsquo;histoire compl\u00e8te de cette coop\u00e9rative innovatrice et de ses r\u00e9alisations. Publi\u00e9 dans le cadre d&rsquo;une grande exposition qui a lieu \u00e0 la Galerie d&rsquo;art Beaverbrook en 2022, &lt;i&gt;Wabanaki Moderne&lt;\/i&gt; comprend des textes sur l&rsquo;histoire de cet atelier dynamique, des photographies d&rsquo;archives des artisans et de superbes illustrations couleur de leurs \u0153uvres.&lt;\/p&gt;<\/p>\n","protected":false},"excerpt":{"rendered":"<p>&lt;p&gt;&lt;b&gt;Winner, Canadian Museums Association Award for Outstanding Achievement (Research) and APMA Best Atlantic-Published Book Award&lt;br&gt;Longlisted, First Nation Communities READ Award&lt;br&gt;The story of an overlooked group of cultural visionaries&lt;\/b&gt;&lt;\/p&gt;&lt;p&gt;The \u201cMicmac Indian [&hellip;]<\/p>\n","protected":false},"featured_media":89924,"template":"","meta":{"_genesis_hide_title":false,"_genesis_hide_breadcrumbs":false,"_genesis_hide_singular_image":false,"_genesis_hide_footer_widgets":false,"_genesis_custom_body_class":"","_genesis_custom_post_class":"","_genesis_layout":""},"product_brand":[],"product_cat":[16007,16677,14989,12776,15037,15038,15064,17208,15894],"product_tag":[],"class_list":{"0":"post-64859","1":"product","2":"type-product","3":"status-publish","4":"has-post-thumbnail","5":"product_language-fre","6":"product_language-eng-fr","7":"product_language-mikmaw","8":"product_subjects-art-fr","9":"product_subjects-indigenous-art-of-the-americas-fr","10":"product_reading_range-16-fr","11":"product_reading_range-17-fr","12":"product_reading_range-18-fr","13":"product_reading_range-19-fr","14":"product_reading_range-20-fr","15":"product_reading_range-21-fr","16":"product_interest_range-16-fr","17":"product_interest_range-17-fr","18":"product_interest_range-18-fr","19":"product_interest_range-19-fr","20":"product_interest_range-20-fr","21":"product_interest_range-21-fr","22":"product_grade_range-tenth-grade-fr","23":"product_grade_range-eleventh-grade-fr","24":"product_grade_range-twelfth-grade-fr","25":"product_curriculumsubject-arts-education-fr","26":"product_curriculumsubject-visual-arts-fr","27":"product_curriculumsubject-english-curriculum-subjects-fr","28":"product_curriculumsubject-social-studies-fr","29":"product_curriculumsubject-indigenous-studies-fr","30":"product_provincial_focus-nb-fr","31":"product_edi_priority_areas-races-et-ethnies","32":"product_edi_priority_areas-situation-socioeconomique","33":"product_edi_author-autrice","34":"product_edi_author-wolastoqi-author-fr","35":"product_edi_history_culture-indigenous-histories-cultures-fr","36":"product_edi_history_culture-culture-et-histoire-mikmaw","37":"product_edi_subjects_themes-justice-et-injustice","38":"product_edi_subjects_themes-racism-and-discrimination-fr","39":"product_edi_characters-personnages-autochtones","40":"product_edi_characters-personnages-mikmaw","41":"biblio_share_tag-art-indigenous-art-of-the-americas-fr","42":"product_cat-holiday-art-carousel-fr","43":"product_cat-the-gift-of-art-stories-fr","44":"product_cat-holiday-2022-fr","45":"product_cat-abc-fr-2","46":"product_cat-fall-books-abt-96-fr","47":"product_cat-voices-fr","48":"product_cat-indigenous-voices-fr","49":"product_cat-book-awards-2023-fr","50":"product_cat-spring-books-fr","51":"product_shipping_class-abc-test-fr","52":"entry","54":"first","55":"instock","56":"taxable","57":"shipping-taxable","58":"purchasable","59":"product-type-simple"},"yoast_head":"<!-- This site is optimized with the Yoast SEO plugin v24.0 - https:\/\/yoast.com\/wordpress\/plugins\/seo\/ -->\n<title>Wabanaki Modern | Wabanaki Kiskukewey | Wabanaki Moderne - Atlantic Books<\/title>\n<meta name=\"robots\" content=\"index, follow, max-snippet:-1, max-image-preview:large, max-video-preview:-1\" \/>\n<link rel=\"canonical\" href=\"https:\/\/atlanticbooks.ca\/fr\/livres\/wabanaki-modern-wabanaki-kiskukewey-wabanaki-moderne\" \/>\n<meta property=\"og:locale\" content=\"fr_FR\" \/>\n<meta property=\"og:type\" content=\"article\" \/>\n<meta property=\"og:title\" content=\"Wabanaki Modern | Wabanaki Kiskukewey | Wabanaki Moderne - Atlantic Books\" \/>\n<meta property=\"og:description\" content=\"&lt;p&gt;&lt;b&gt;Winner, Canadian Museums Association Award for Outstanding Achievement (Research) and APMA Best Atlantic-Published Book Award&lt;br&gt;Longlisted, First Nation Communities READ Award&lt;br&gt;The story of an overlooked group of cultural visionaries&lt;\/b&gt;&lt;\/p&gt;&lt;p&gt;The \u201cMicmac Indian [&hellip;]\" \/>\n<meta property=\"og:url\" content=\"https:\/\/atlanticbooks.ca\/fr\/livres\/wabanaki-modern-wabanaki-kiskukewey-wabanaki-moderne\" \/>\n<meta property=\"og:site_name\" content=\"Atlantic Books\" \/>\n<meta property=\"article:modified_time\" content=\"2023-10-17T20:01:55+00:00\" \/>\n<meta property=\"og:image\" content=\"https:\/\/atlanticbooks.mystagingwebsite.com\/wp-content\/uploads\/biblioshare_attachments\/9781773102665-scaled-1024x1024.png\" \/>\n\t<meta property=\"og:image:width\" content=\"1024\" \/>\n\t<meta property=\"og:image:height\" content=\"1024\" \/>\n\t<meta property=\"og:image:type\" content=\"image\/png\" \/>\n<meta name=\"twitter:card\" content=\"summary_large_image\" \/>\n<meta name=\"twitter:label1\" content=\"Dur\u00e9e de lecture estim\u00e9e\" \/>\n\t<meta name=\"twitter:data1\" content=\"3 minutes\" \/>\n<script type=\"application\/ld+json\" class=\"yoast-schema-graph\">{\"@context\":\"https:\/\/schema.org\",\"@graph\":[{\"@type\":\"WebPage\",\"@id\":\"https:\/\/atlanticbooks.ca\/fr\/livres\/wabanaki-modern-wabanaki-kiskukewey-wabanaki-moderne\",\"url\":\"https:\/\/atlanticbooks.ca\/fr\/livres\/wabanaki-modern-wabanaki-kiskukewey-wabanaki-moderne\",\"name\":\"Wabanaki Modern | Wabanaki Kiskukewey | Wabanaki Moderne - Atlantic Books\",\"isPartOf\":{\"@id\":\"https:\/\/atlanticbooks.ca\/fr\/#website\"},\"primaryImageOfPage\":{\"@id\":\"https:\/\/atlanticbooks.ca\/fr\/livres\/wabanaki-modern-wabanaki-kiskukewey-wabanaki-moderne#primaryimage\"},\"image\":{\"@id\":\"https:\/\/atlanticbooks.ca\/fr\/livres\/wabanaki-modern-wabanaki-kiskukewey-wabanaki-moderne#primaryimage\"},\"thumbnailUrl\":\"https:\/\/atlanticbooks.ca\/wp-content\/uploads\/biblioshare_attachments\/9781773102665.png\",\"datePublished\":\"2022-02-07T15:24:35+00:00\",\"dateModified\":\"2023-10-17T20:01:55+00:00\",\"breadcrumb\":{\"@id\":\"https:\/\/atlanticbooks.ca\/fr\/livres\/wabanaki-modern-wabanaki-kiskukewey-wabanaki-moderne#breadcrumb\"},\"inLanguage\":\"fr-FR\",\"potentialAction\":[{\"@type\":\"ReadAction\",\"target\":[\"https:\/\/atlanticbooks.ca\/fr\/livres\/wabanaki-modern-wabanaki-kiskukewey-wabanaki-moderne\"]}]},{\"@type\":\"ImageObject\",\"inLanguage\":\"fr-FR\",\"@id\":\"https:\/\/atlanticbooks.ca\/fr\/livres\/wabanaki-modern-wabanaki-kiskukewey-wabanaki-moderne#primaryimage\",\"url\":\"https:\/\/atlanticbooks.ca\/wp-content\/uploads\/biblioshare_attachments\/9781773102665.png\",\"contentUrl\":\"https:\/\/atlanticbooks.ca\/wp-content\/uploads\/biblioshare_attachments\/9781773102665.png\"},{\"@type\":\"BreadcrumbList\",\"@id\":\"https:\/\/atlanticbooks.ca\/fr\/livres\/wabanaki-modern-wabanaki-kiskukewey-wabanaki-moderne#breadcrumb\",\"itemListElement\":[{\"@type\":\"ListItem\",\"position\":1,\"name\":\"Domicile\",\"item\":\"https:\/\/atlanticbooks.ca\/fr\"},{\"@type\":\"ListItem\",\"position\":2,\"name\":\"Collections\",\"item\":\"https:\/\/atlanticbooks.ca\/fr\/collections\"},{\"@type\":\"ListItem\",\"position\":3,\"name\":\"Wabanaki Modern | Wabanaki Kiskukewey | Wabanaki Moderne\"}]},{\"@type\":\"WebSite\",\"@id\":\"https:\/\/atlanticbooks.ca\/fr\/#website\",\"url\":\"https:\/\/atlanticbooks.ca\/fr\/\",\"name\":\"Atlantic Books\",\"description\":\"Atlantic Books\",\"publisher\":{\"@id\":\"https:\/\/atlanticbooks.ca\/fr\/#organization\"},\"potentialAction\":[{\"@type\":\"SearchAction\",\"target\":{\"@type\":\"EntryPoint\",\"urlTemplate\":\"https:\/\/atlanticbooks.ca\/fr\/?s={search_term_string}\"},\"query-input\":{\"@type\":\"PropertyValueSpecification\",\"valueRequired\":true,\"valueName\":\"search_term_string\"}}],\"inLanguage\":\"fr-FR\"},{\"@type\":\"Organization\",\"@id\":\"https:\/\/atlanticbooks.ca\/fr\/#organization\",\"name\":\"Atlantic Books\",\"url\":\"https:\/\/atlanticbooks.ca\/fr\/\",\"logo\":{\"@type\":\"ImageObject\",\"inLanguage\":\"fr-FR\",\"@id\":\"https:\/\/atlanticbooks.ca\/fr\/#\/schema\/logo\/image\/\",\"url\":\"https:\/\/atlanticbooks.ca\/wp-content\/uploads\/2020\/10\/atlantic-books-logo.png\",\"contentUrl\":\"https:\/\/atlanticbooks.ca\/wp-content\/uploads\/2020\/10\/atlantic-books-logo.png\",\"width\":566,\"height\":111,\"caption\":\"Atlantic Books\"},\"image\":{\"@id\":\"https:\/\/atlanticbooks.ca\/fr\/#\/schema\/logo\/image\/\"}}]}<\/script>\n<!-- \/ Yoast SEO plugin. -->","yoast_head_json":{"title":"Wabanaki Modern | Wabanaki Kiskukewey | Wabanaki Moderne - Atlantic Books","robots":{"index":"index","follow":"follow","max-snippet":"max-snippet:-1","max-image-preview":"max-image-preview:large","max-video-preview":"max-video-preview:-1"},"canonical":"https:\/\/atlanticbooks.ca\/fr\/livres\/wabanaki-modern-wabanaki-kiskukewey-wabanaki-moderne","og_locale":"fr_FR","og_type":"article","og_title":"Wabanaki Modern | Wabanaki Kiskukewey | Wabanaki Moderne - Atlantic Books","og_description":"&lt;p&gt;&lt;b&gt;Winner, Canadian Museums Association Award for Outstanding Achievement (Research) and APMA Best Atlantic-Published Book Award&lt;br&gt;Longlisted, First Nation Communities READ Award&lt;br&gt;The story of an overlooked group of cultural visionaries&lt;\/b&gt;&lt;\/p&gt;&lt;p&gt;The \u201cMicmac Indian [&hellip;]","og_url":"https:\/\/atlanticbooks.ca\/fr\/livres\/wabanaki-modern-wabanaki-kiskukewey-wabanaki-moderne","og_site_name":"Atlantic Books","article_modified_time":"2023-10-17T20:01:55+00:00","og_image":[{"width":1024,"height":1024,"url":"https:\/\/atlanticbooks.mystagingwebsite.com\/wp-content\/uploads\/biblioshare_attachments\/9781773102665-scaled-1024x1024.png","type":"image\/png"}],"twitter_card":"summary_large_image","twitter_misc":{"Dur\u00e9e de lecture estim\u00e9e":"3 minutes"},"schema":{"@context":"https:\/\/schema.org","@graph":[{"@type":"WebPage","@id":"https:\/\/atlanticbooks.ca\/fr\/livres\/wabanaki-modern-wabanaki-kiskukewey-wabanaki-moderne","url":"https:\/\/atlanticbooks.ca\/fr\/livres\/wabanaki-modern-wabanaki-kiskukewey-wabanaki-moderne","name":"Wabanaki Modern | Wabanaki Kiskukewey | Wabanaki Moderne - Atlantic Books","isPartOf":{"@id":"https:\/\/atlanticbooks.ca\/fr\/#website"},"primaryImageOfPage":{"@id":"https:\/\/atlanticbooks.ca\/fr\/livres\/wabanaki-modern-wabanaki-kiskukewey-wabanaki-moderne#primaryimage"},"image":{"@id":"https:\/\/atlanticbooks.ca\/fr\/livres\/wabanaki-modern-wabanaki-kiskukewey-wabanaki-moderne#primaryimage"},"thumbnailUrl":"https:\/\/atlanticbooks.ca\/wp-content\/uploads\/biblioshare_attachments\/9781773102665.png","datePublished":"2022-02-07T15:24:35+00:00","dateModified":"2023-10-17T20:01:55+00:00","breadcrumb":{"@id":"https:\/\/atlanticbooks.ca\/fr\/livres\/wabanaki-modern-wabanaki-kiskukewey-wabanaki-moderne#breadcrumb"},"inLanguage":"fr-FR","potentialAction":[{"@type":"ReadAction","target":["https:\/\/atlanticbooks.ca\/fr\/livres\/wabanaki-modern-wabanaki-kiskukewey-wabanaki-moderne"]}]},{"@type":"ImageObject","inLanguage":"fr-FR","@id":"https:\/\/atlanticbooks.ca\/fr\/livres\/wabanaki-modern-wabanaki-kiskukewey-wabanaki-moderne#primaryimage","url":"https:\/\/atlanticbooks.ca\/wp-content\/uploads\/biblioshare_attachments\/9781773102665.png","contentUrl":"https:\/\/atlanticbooks.ca\/wp-content\/uploads\/biblioshare_attachments\/9781773102665.png"},{"@type":"BreadcrumbList","@id":"https:\/\/atlanticbooks.ca\/fr\/livres\/wabanaki-modern-wabanaki-kiskukewey-wabanaki-moderne#breadcrumb","itemListElement":[{"@type":"ListItem","position":1,"name":"Domicile","item":"https:\/\/atlanticbooks.ca\/fr"},{"@type":"ListItem","position":2,"name":"Collections","item":"https:\/\/atlanticbooks.ca\/fr\/collections"},{"@type":"ListItem","position":3,"name":"Wabanaki Modern | Wabanaki Kiskukewey | Wabanaki Moderne"}]},{"@type":"WebSite","@id":"https:\/\/atlanticbooks.ca\/fr\/#website","url":"https:\/\/atlanticbooks.ca\/fr\/","name":"Atlantic Books","description":"Atlantic Books","publisher":{"@id":"https:\/\/atlanticbooks.ca\/fr\/#organization"},"potentialAction":[{"@type":"SearchAction","target":{"@type":"EntryPoint","urlTemplate":"https:\/\/atlanticbooks.ca\/fr\/?s={search_term_string}"},"query-input":{"@type":"PropertyValueSpecification","valueRequired":true,"valueName":"search_term_string"}}],"inLanguage":"fr-FR"},{"@type":"Organization","@id":"https:\/\/atlanticbooks.ca\/fr\/#organization","name":"Atlantic Books","url":"https:\/\/atlanticbooks.ca\/fr\/","logo":{"@type":"ImageObject","inLanguage":"fr-FR","@id":"https:\/\/atlanticbooks.ca\/fr\/#\/schema\/logo\/image\/","url":"https:\/\/atlanticbooks.ca\/wp-content\/uploads\/2020\/10\/atlantic-books-logo.png","contentUrl":"https:\/\/atlanticbooks.ca\/wp-content\/uploads\/2020\/10\/atlantic-books-logo.png","width":566,"height":111,"caption":"Atlantic Books"},"image":{"@id":"https:\/\/atlanticbooks.ca\/fr\/#\/schema\/logo\/image\/"}}]}},"_links":{"self":[{"href":"https:\/\/atlanticbooks.ca\/fr\/wp-json\/wp\/v2\/product\/64859","targetHints":{"allow":["GET"]}}],"collection":[{"href":"https:\/\/atlanticbooks.ca\/fr\/wp-json\/wp\/v2\/product"}],"about":[{"href":"https:\/\/atlanticbooks.ca\/fr\/wp-json\/wp\/v2\/types\/product"}],"wp:featuredmedia":[{"embeddable":true,"href":"https:\/\/atlanticbooks.ca\/fr\/wp-json\/wp\/v2\/media\/89924"}],"wp:attachment":[{"href":"https:\/\/atlanticbooks.ca\/fr\/wp-json\/wp\/v2\/media?parent=64859"}],"wp:term":[{"taxonomy":"product_brand","embeddable":true,"href":"https:\/\/atlanticbooks.ca\/fr\/wp-json\/wp\/v2\/product_brand?post=64859"},{"taxonomy":"product_cat","embeddable":true,"href":"https:\/\/atlanticbooks.ca\/fr\/wp-json\/wp\/v2\/product_cat?post=64859"},{"taxonomy":"product_tag","embeddable":true,"href":"https:\/\/atlanticbooks.ca\/fr\/wp-json\/wp\/v2\/product_tag?post=64859"}],"curies":[{"name":"wp","href":"https:\/\/api.w.org\/{rel}","templated":true}]}}