{"id":64825,"date":"2022-02-07T19:19:34","date_gmt":"2022-02-07T19:19:34","guid":{"rendered":"https:\/\/atlanticbooks.ca\/books\/les-pirates-doutre-tombe\/"},"modified":"2022-11-09T21:21:55","modified_gmt":"2022-11-09T21:21:55","slug":"les-pirates-doutre-tombe","status":"publish","type":"product","link":"https:\/\/atlanticbooks.ca\/fr\/livres\/les-pirates-doutre-tombe","title":{"rendered":"Les pirates d&rsquo;outre-tombe"},"content":{"rendered":"<p>English description follows.\u00a0\u00a0<\/p>\n<p>Au pied des vestiges de Louisbourg s\u2019agitent des bandits fort inqui\u00e9tants. Alexis arrivera-t-il \u00e0 s\u2019\u00e9chapper de leur emprise et \u00e0 rejoindre sa famille au Nouveau-Brunswick ?<\/p>\n<p>\u00c9t\u00e9 1787, Alexis embarque une nouvelle fois sur un navire pour rejoindre l\u2019Acadie depuis l\u2019Angleterre. Cette fois-ci, il est accompagn\u00e9 de son grand fr\u00e8re Th\u00e9o, qui a d\u00e9j\u00e0 fait ce voyage avec leur p\u00e8re trois ans plus t\u00f4t. Cependant, une mutinerie s\u00e9parera \u00e0 nouveau les deux fr\u00e8res. Alexis se r\u00e9veille seul sur un rivage inconnu. Le pire n\u2019est pas derri\u00e8re lui, car il est captur\u00e9 par des pirates qui semblent venus d\u2019outre-tombe. La noble Carolyn, elle aussi captive, sera-telle d\u2019un certain secours ? \u00c0 moins que ce soit Marie-Ange, la servante qui n\u2019a pas froid aux yeux ?\u00a0\u00a0<\/p>\n<p>&lt;p&gt;In the summer of 1787, Alexie embarks once again on a ship to Acadia from England. This time he is accompanied by his older brother Th\u00e9o, who had already made the journey with their father three years earlier. However, a mutiny will separate the two brothers again. Alexie wakes up alone on an unknown shore. The worst is not behind him, for he is captured by pirates who seem to emerge from beyond the grave. Will the noblewoman Carolyn, also a captive, be of any help? Or will it be the fearless servant girl Marie-Ange?&lt;\/p&gt;<\/p>\n","protected":false},"excerpt":{"rendered":"<p>English description follows.\u00a0\u00a0 Au pied des vestiges de Louisbourg s\u2019agitent des bandits fort inqui\u00e9tants. Alexis arrivera-t-il \u00e0 s\u2019\u00e9chapper de leur emprise et \u00e0 rejoindre sa famille au Nouveau-Brunswick ? \u00c9t\u00e9 [&hellip;]<\/p>\n","protected":false},"featured_media":52745,"template":"","meta":{"_genesis_hide_title":false,"_genesis_hide_breadcrumbs":false,"_genesis_hide_singular_image":false,"_genesis_hide_footer_widgets":false,"_genesis_custom_body_class":"","_genesis_custom_post_class":"","_genesis_layout":""},"product_brand":[],"product_cat":[12776,15894],"product_tag":[],"class_list":{"0":"post-64825","1":"product","2":"type-product","3":"status-publish","4":"has-post-thumbnail","5":"product_language-fre","6":"product_subjects-pre-confederation-to-1867-canada-historical-juvenile-fiction-fr","7":"product_subjects-juvenile-fiction-fr","8":"product_subjects-historical-juvenile-fiction-fr","9":"product_subjects-canada-historical-juvenile-fiction-fr","10":"product_curriculumsubject-francais-programmes-detudes-fr","11":"product_curriculumsubject-immersion-2-fr","12":"product_curriculumsubject-francais-arts-langagiers-im-fr","13":"product_curriculumsubject-francais-arts-langagiers-fr","14":"product_edi_languages-francais-fr","15":"biblio_share_tag-juvenile-fiction-historical-canada-pre-confederation-to-1867-fr","16":"product_cat-abc-fr-2","17":"product_cat-spring-books-fr","18":"product_shipping_class-abc-test-fr","19":"entry","21":"first","22":"instock","23":"taxable","24":"shipping-taxable","25":"purchasable","26":"product-type-simple"},"yoast_head":"<!-- This site is optimized with the Yoast SEO plugin v24.0 - https:\/\/yoast.com\/wordpress\/plugins\/seo\/ -->\n<title>Les pirates d&#039;outre-tombe - Atlantic Books<\/title>\n<meta name=\"robots\" content=\"index, follow, max-snippet:-1, max-image-preview:large, max-video-preview:-1\" \/>\n<link rel=\"canonical\" href=\"https:\/\/atlanticbooks.ca\/fr\/livres\/les-pirates-doutre-tombe\" \/>\n<meta property=\"og:locale\" content=\"fr_FR\" \/>\n<meta property=\"og:type\" content=\"article\" \/>\n<meta property=\"og:title\" content=\"Les pirates d&#039;outre-tombe - Atlantic Books\" \/>\n<meta property=\"og:description\" content=\"English description follows.\u00a0\u00a0 Au pied des vestiges de Louisbourg s\u2019agitent des bandits fort inqui\u00e9tants. Alexis arrivera-t-il \u00e0 s\u2019\u00e9chapper de leur emprise et \u00e0 rejoindre sa famille au Nouveau-Brunswick ? \u00c9t\u00e9 [&hellip;]\" \/>\n<meta property=\"og:url\" content=\"https:\/\/atlanticbooks.ca\/fr\/livres\/les-pirates-doutre-tombe\" \/>\n<meta property=\"og:site_name\" content=\"Atlantic Books\" \/>\n<meta property=\"article:modified_time\" content=\"2022-11-09T21:21:55+00:00\" \/>\n<meta property=\"og:image\" content=\"https:\/\/atlanticbooks.mystagingwebsite.com\/wp-content\/uploads\/biblioshare_attachments\/9782897502751.png\" \/>\n\t<meta property=\"og:image:width\" content=\"576\" \/>\n\t<meta property=\"og:image:height\" content=\"840\" \/>\n\t<meta property=\"og:image:type\" content=\"image\/png\" \/>\n<meta name=\"twitter:card\" content=\"summary_large_image\" \/>\n<meta name=\"twitter:label1\" content=\"Dur\u00e9e de lecture estim\u00e9e\" \/>\n\t<meta name=\"twitter:data1\" content=\"1 minute\" \/>\n<script type=\"application\/ld+json\" class=\"yoast-schema-graph\">{\"@context\":\"https:\/\/schema.org\",\"@graph\":[{\"@type\":\"WebPage\",\"@id\":\"https:\/\/atlanticbooks.ca\/fr\/livres\/les-pirates-doutre-tombe\",\"url\":\"https:\/\/atlanticbooks.ca\/fr\/livres\/les-pirates-doutre-tombe\",\"name\":\"Les pirates d'outre-tombe - Atlantic Books\",\"isPartOf\":{\"@id\":\"https:\/\/atlanticbooks.ca\/fr\/#website\"},\"primaryImageOfPage\":{\"@id\":\"https:\/\/atlanticbooks.ca\/fr\/livres\/les-pirates-doutre-tombe#primaryimage\"},\"image\":{\"@id\":\"https:\/\/atlanticbooks.ca\/fr\/livres\/les-pirates-doutre-tombe#primaryimage\"},\"thumbnailUrl\":\"https:\/\/atlanticbooks.ca\/wp-content\/uploads\/biblioshare_attachments\/9782897502751.png\",\"datePublished\":\"2022-02-07T19:19:34+00:00\",\"dateModified\":\"2022-11-09T21:21:55+00:00\",\"breadcrumb\":{\"@id\":\"https:\/\/atlanticbooks.ca\/fr\/livres\/les-pirates-doutre-tombe#breadcrumb\"},\"inLanguage\":\"fr-FR\",\"potentialAction\":[{\"@type\":\"ReadAction\",\"target\":[\"https:\/\/atlanticbooks.ca\/fr\/livres\/les-pirates-doutre-tombe\"]}]},{\"@type\":\"ImageObject\",\"inLanguage\":\"fr-FR\",\"@id\":\"https:\/\/atlanticbooks.ca\/fr\/livres\/les-pirates-doutre-tombe#primaryimage\",\"url\":\"https:\/\/atlanticbooks.ca\/wp-content\/uploads\/biblioshare_attachments\/9782897502751.png\",\"contentUrl\":\"https:\/\/atlanticbooks.ca\/wp-content\/uploads\/biblioshare_attachments\/9782897502751.png\",\"width\":576,\"height\":840},{\"@type\":\"BreadcrumbList\",\"@id\":\"https:\/\/atlanticbooks.ca\/fr\/livres\/les-pirates-doutre-tombe#breadcrumb\",\"itemListElement\":[{\"@type\":\"ListItem\",\"position\":1,\"name\":\"Domicile\",\"item\":\"https:\/\/atlanticbooks.ca\/fr\"},{\"@type\":\"ListItem\",\"position\":2,\"name\":\"Collections\",\"item\":\"https:\/\/atlanticbooks.ca\/fr\/collections\"},{\"@type\":\"ListItem\",\"position\":3,\"name\":\"Les pirates d&#8217;outre-tombe\"}]},{\"@type\":\"WebSite\",\"@id\":\"https:\/\/atlanticbooks.ca\/fr\/#website\",\"url\":\"https:\/\/atlanticbooks.ca\/fr\/\",\"name\":\"Atlantic Books\",\"description\":\"Atlantic Books\",\"publisher\":{\"@id\":\"https:\/\/atlanticbooks.ca\/fr\/#organization\"},\"potentialAction\":[{\"@type\":\"SearchAction\",\"target\":{\"@type\":\"EntryPoint\",\"urlTemplate\":\"https:\/\/atlanticbooks.ca\/fr\/?s={search_term_string}\"},\"query-input\":{\"@type\":\"PropertyValueSpecification\",\"valueRequired\":true,\"valueName\":\"search_term_string\"}}],\"inLanguage\":\"fr-FR\"},{\"@type\":\"Organization\",\"@id\":\"https:\/\/atlanticbooks.ca\/fr\/#organization\",\"name\":\"Atlantic Books\",\"url\":\"https:\/\/atlanticbooks.ca\/fr\/\",\"logo\":{\"@type\":\"ImageObject\",\"inLanguage\":\"fr-FR\",\"@id\":\"https:\/\/atlanticbooks.ca\/fr\/#\/schema\/logo\/image\/\",\"url\":\"https:\/\/atlanticbooks.ca\/wp-content\/uploads\/2020\/10\/atlantic-books-logo.png\",\"contentUrl\":\"https:\/\/atlanticbooks.ca\/wp-content\/uploads\/2020\/10\/atlantic-books-logo.png\",\"width\":566,\"height\":111,\"caption\":\"Atlantic Books\"},\"image\":{\"@id\":\"https:\/\/atlanticbooks.ca\/fr\/#\/schema\/logo\/image\/\"}}]}<\/script>\n<!-- \/ Yoast SEO plugin. -->","yoast_head_json":{"title":"Les pirates d'outre-tombe - Atlantic Books","robots":{"index":"index","follow":"follow","max-snippet":"max-snippet:-1","max-image-preview":"max-image-preview:large","max-video-preview":"max-video-preview:-1"},"canonical":"https:\/\/atlanticbooks.ca\/fr\/livres\/les-pirates-doutre-tombe","og_locale":"fr_FR","og_type":"article","og_title":"Les pirates d'outre-tombe - Atlantic Books","og_description":"English description follows.\u00a0\u00a0 Au pied des vestiges de Louisbourg s\u2019agitent des bandits fort inqui\u00e9tants. Alexis arrivera-t-il \u00e0 s\u2019\u00e9chapper de leur emprise et \u00e0 rejoindre sa famille au Nouveau-Brunswick ? \u00c9t\u00e9 [&hellip;]","og_url":"https:\/\/atlanticbooks.ca\/fr\/livres\/les-pirates-doutre-tombe","og_site_name":"Atlantic Books","article_modified_time":"2022-11-09T21:21:55+00:00","og_image":[{"width":576,"height":840,"url":"https:\/\/atlanticbooks.mystagingwebsite.com\/wp-content\/uploads\/biblioshare_attachments\/9782897502751.png","type":"image\/png"}],"twitter_card":"summary_large_image","twitter_misc":{"Dur\u00e9e de lecture estim\u00e9e":"1 minute"},"schema":{"@context":"https:\/\/schema.org","@graph":[{"@type":"WebPage","@id":"https:\/\/atlanticbooks.ca\/fr\/livres\/les-pirates-doutre-tombe","url":"https:\/\/atlanticbooks.ca\/fr\/livres\/les-pirates-doutre-tombe","name":"Les pirates d'outre-tombe - Atlantic Books","isPartOf":{"@id":"https:\/\/atlanticbooks.ca\/fr\/#website"},"primaryImageOfPage":{"@id":"https:\/\/atlanticbooks.ca\/fr\/livres\/les-pirates-doutre-tombe#primaryimage"},"image":{"@id":"https:\/\/atlanticbooks.ca\/fr\/livres\/les-pirates-doutre-tombe#primaryimage"},"thumbnailUrl":"https:\/\/atlanticbooks.ca\/wp-content\/uploads\/biblioshare_attachments\/9782897502751.png","datePublished":"2022-02-07T19:19:34+00:00","dateModified":"2022-11-09T21:21:55+00:00","breadcrumb":{"@id":"https:\/\/atlanticbooks.ca\/fr\/livres\/les-pirates-doutre-tombe#breadcrumb"},"inLanguage":"fr-FR","potentialAction":[{"@type":"ReadAction","target":["https:\/\/atlanticbooks.ca\/fr\/livres\/les-pirates-doutre-tombe"]}]},{"@type":"ImageObject","inLanguage":"fr-FR","@id":"https:\/\/atlanticbooks.ca\/fr\/livres\/les-pirates-doutre-tombe#primaryimage","url":"https:\/\/atlanticbooks.ca\/wp-content\/uploads\/biblioshare_attachments\/9782897502751.png","contentUrl":"https:\/\/atlanticbooks.ca\/wp-content\/uploads\/biblioshare_attachments\/9782897502751.png","width":576,"height":840},{"@type":"BreadcrumbList","@id":"https:\/\/atlanticbooks.ca\/fr\/livres\/les-pirates-doutre-tombe#breadcrumb","itemListElement":[{"@type":"ListItem","position":1,"name":"Domicile","item":"https:\/\/atlanticbooks.ca\/fr"},{"@type":"ListItem","position":2,"name":"Collections","item":"https:\/\/atlanticbooks.ca\/fr\/collections"},{"@type":"ListItem","position":3,"name":"Les pirates d&#8217;outre-tombe"}]},{"@type":"WebSite","@id":"https:\/\/atlanticbooks.ca\/fr\/#website","url":"https:\/\/atlanticbooks.ca\/fr\/","name":"Atlantic Books","description":"Atlantic Books","publisher":{"@id":"https:\/\/atlanticbooks.ca\/fr\/#organization"},"potentialAction":[{"@type":"SearchAction","target":{"@type":"EntryPoint","urlTemplate":"https:\/\/atlanticbooks.ca\/fr\/?s={search_term_string}"},"query-input":{"@type":"PropertyValueSpecification","valueRequired":true,"valueName":"search_term_string"}}],"inLanguage":"fr-FR"},{"@type":"Organization","@id":"https:\/\/atlanticbooks.ca\/fr\/#organization","name":"Atlantic Books","url":"https:\/\/atlanticbooks.ca\/fr\/","logo":{"@type":"ImageObject","inLanguage":"fr-FR","@id":"https:\/\/atlanticbooks.ca\/fr\/#\/schema\/logo\/image\/","url":"https:\/\/atlanticbooks.ca\/wp-content\/uploads\/2020\/10\/atlantic-books-logo.png","contentUrl":"https:\/\/atlanticbooks.ca\/wp-content\/uploads\/2020\/10\/atlantic-books-logo.png","width":566,"height":111,"caption":"Atlantic Books"},"image":{"@id":"https:\/\/atlanticbooks.ca\/fr\/#\/schema\/logo\/image\/"}}]}},"_links":{"self":[{"href":"https:\/\/atlanticbooks.ca\/fr\/wp-json\/wp\/v2\/product\/64825","targetHints":{"allow":["GET"]}}],"collection":[{"href":"https:\/\/atlanticbooks.ca\/fr\/wp-json\/wp\/v2\/product"}],"about":[{"href":"https:\/\/atlanticbooks.ca\/fr\/wp-json\/wp\/v2\/types\/product"}],"wp:featuredmedia":[{"embeddable":true,"href":"https:\/\/atlanticbooks.ca\/fr\/wp-json\/wp\/v2\/media\/52745"}],"wp:attachment":[{"href":"https:\/\/atlanticbooks.ca\/fr\/wp-json\/wp\/v2\/media?parent=64825"}],"wp:term":[{"taxonomy":"product_brand","embeddable":true,"href":"https:\/\/atlanticbooks.ca\/fr\/wp-json\/wp\/v2\/product_brand?post=64825"},{"taxonomy":"product_cat","embeddable":true,"href":"https:\/\/atlanticbooks.ca\/fr\/wp-json\/wp\/v2\/product_cat?post=64825"},{"taxonomy":"product_tag","embeddable":true,"href":"https:\/\/atlanticbooks.ca\/fr\/wp-json\/wp\/v2\/product_tag?post=64825"}],"curies":[{"name":"wp","href":"https:\/\/api.w.org\/{rel}","templated":true}]}}