{"id":64811,"date":"2022-02-07T20:01:52","date_gmt":"2022-02-07T20:01:52","guid":{"rendered":"https:\/\/atlanticbooks.ca\/books\/evangeline\/"},"modified":"2022-11-09T21:21:31","modified_gmt":"2022-11-09T21:21:31","slug":"evangeline","status":"publish","type":"product","link":"https:\/\/atlanticbooks.ca\/fr\/livres\/evangeline","title":{"rendered":"\u00c9vang\u00e9line"},"content":{"rendered":"<p>&lt;p&gt;&lt;b&gt;A thorough exploration of the role of Longfellow&rsquo;s literary icon \u00c9vang\u00e9line and her role in the North American cultural landscape, available for the first time in English.&lt;\/b&gt;&lt;\/p&gt;<br \/>\n&lt;p&gt;The eponymous character of Henry Wadsworth Longfellow&rsquo;s epic poem, &lt;i&gt;\u00c9vang\u00e9line&lt;\/i&gt;, is an Acadian girl searching for her long-lost love, Gabriel, during the Expulsion of the Acadians (1755\u20131764). Originally published in 1847, Longfellow&rsquo;s poem throws into sharp relief a dark chapter of Canada&rsquo;s history, while also showcasing a strong female character that has left an indelible mark on generations of Acadians, French Canadians, Cajuns, and Creoles. &lt;\/p&gt;<br \/>\n&lt;p&gt;Examining aspects both historical and literary that led to \u00c9vang\u00e9line&rsquo;s idolization across countries, cultures, and decades, sociologist Joseph Yvon Th\u00e9riault presents three versions of the celebrated heroine:\u00c9vang\u00e9line the American, \u00c9vang\u00e9line the Acadian, and \u00c9vang\u00e9line the Cajun. The crux of his narrative seeks to understand if these three distinct identities might be merged, and whether they will survive the effects of globalization. &lt;\/p&gt;<br \/>\n&lt;p&gt;Passionate and engaging, &lt;i&gt;\u00c9vang\u00e9line&lt;\/i&gt; is a postmodern study on the many interpretations of this literary icon, and the melting pot of cultures she has traversed and influenced. Features a colour photo insert.&lt;\/p&gt;<\/p>\n","protected":false},"excerpt":{"rendered":"<p>&lt;b&gt;Sociologist Joseph Yvon Th\u00e9riault presents three versions of the literary heroine: \u00c9vang\u00e9line the Acadian, \u00c9vang\u00e9line the Canadian, and \u00c9vang\u00e9line the American. Can these three distinct identities be merged, and will survive the effects of globalization?&lt;\/b&gt;&lt;br&gt;&lt;br&gt;&lt;b&gt;CBC most anticipated non-fiction of Spring 2021&lt;\/b&gt;<\/p>\n","protected":false},"featured_media":61317,"template":"","meta":{"_genesis_hide_title":false,"_genesis_hide_breadcrumbs":false,"_genesis_hide_singular_image":false,"_genesis_hide_footer_widgets":false,"_genesis_custom_body_class":"","_genesis_custom_post_class":"","_genesis_layout":""},"product_brand":[],"product_cat":[16015,16676,12776,14989,15894],"product_tag":[],"class_list":{"0":"post-64811","1":"product","2":"type-product","3":"status-publish","4":"has-post-thumbnail","5":"product_language-eng-fr","6":"product_subjects-social-science-fr","7":"product_subjects-anthropology-fr","8":"product_subjects-cultural-social-fr","9":"biblio_share_tag-social-science-anthropology-cultural-social-fr","10":"product_cat-holiday-historical-carousel-fr","11":"product_cat-the-gift-of-historical-stories-fr","12":"product_cat-abc-fr-2","13":"product_cat-holiday-2022-fr","14":"product_cat-spring-books-fr","15":"entry","17":"first","18":"instock","19":"taxable","20":"shipping-taxable","21":"purchasable","22":"product-type-simple"},"yoast_head":"<!-- This site is optimized with the Yoast SEO plugin v24.0 - https:\/\/yoast.com\/wordpress\/plugins\/seo\/ -->\n<title>\u00c9vang\u00e9line - Atlantic Books<\/title>\n<meta name=\"robots\" content=\"index, follow, max-snippet:-1, max-image-preview:large, max-video-preview:-1\" \/>\n<link rel=\"canonical\" href=\"https:\/\/atlanticbooks.ca\/fr\/livres\/evangeline\" \/>\n<meta property=\"og:locale\" content=\"fr_FR\" \/>\n<meta property=\"og:type\" content=\"article\" \/>\n<meta property=\"og:title\" content=\"\u00c9vang\u00e9line - Atlantic Books\" \/>\n<meta property=\"og:description\" content=\"&lt;b&gt;Sociologist Joseph Yvon Th\u00e9riault presents three versions of the literary heroine: \u00c9vang\u00e9line the Acadian, \u00c9vang\u00e9line the Canadian, and \u00c9vang\u00e9line the American. Can these three distinct identities be merged, and will survive the effects of globalization?&lt;\/b&gt;&lt;br&gt;&lt;br&gt;&lt;b&gt;CBC most anticipated non-fiction of Spring 2021&lt;\/b&gt;\" \/>\n<meta property=\"og:url\" content=\"https:\/\/atlanticbooks.ca\/fr\/livres\/evangeline\" \/>\n<meta property=\"og:site_name\" content=\"Atlantic Books\" \/>\n<meta property=\"article:modified_time\" content=\"2022-11-09T21:21:31+00:00\" \/>\n<meta property=\"og:image\" content=\"https:\/\/atlanticbooks.mystagingwebsite.com\/wp-content\/uploads\/biblioshare_attachments\/9781771089258.png\" \/>\n\t<meta property=\"og:image:width\" content=\"1600\" \/>\n\t<meta property=\"og:image:height\" content=\"2266\" \/>\n\t<meta property=\"og:image:type\" content=\"image\/png\" \/>\n<meta name=\"twitter:card\" content=\"summary_large_image\" \/>\n<meta name=\"twitter:label1\" content=\"Dur\u00e9e de lecture estim\u00e9e\" \/>\n\t<meta name=\"twitter:data1\" content=\"1 minute\" \/>\n<script type=\"application\/ld+json\" class=\"yoast-schema-graph\">{\"@context\":\"https:\/\/schema.org\",\"@graph\":[{\"@type\":\"WebPage\",\"@id\":\"https:\/\/atlanticbooks.ca\/fr\/livres\/evangeline\",\"url\":\"https:\/\/atlanticbooks.ca\/fr\/livres\/evangeline\",\"name\":\"\u00c9vang\u00e9line - Atlantic Books\",\"isPartOf\":{\"@id\":\"https:\/\/atlanticbooks.ca\/fr\/#website\"},\"primaryImageOfPage\":{\"@id\":\"https:\/\/atlanticbooks.ca\/fr\/livres\/evangeline#primaryimage\"},\"image\":{\"@id\":\"https:\/\/atlanticbooks.ca\/fr\/livres\/evangeline#primaryimage\"},\"thumbnailUrl\":\"https:\/\/atlanticbooks.ca\/wp-content\/uploads\/biblioshare_attachments\/9781771089258.png\",\"datePublished\":\"2022-02-07T20:01:52+00:00\",\"dateModified\":\"2022-11-09T21:21:31+00:00\",\"breadcrumb\":{\"@id\":\"https:\/\/atlanticbooks.ca\/fr\/livres\/evangeline#breadcrumb\"},\"inLanguage\":\"fr-FR\",\"potentialAction\":[{\"@type\":\"ReadAction\",\"target\":[\"https:\/\/atlanticbooks.ca\/fr\/livres\/evangeline\"]}]},{\"@type\":\"ImageObject\",\"inLanguage\":\"fr-FR\",\"@id\":\"https:\/\/atlanticbooks.ca\/fr\/livres\/evangeline#primaryimage\",\"url\":\"https:\/\/atlanticbooks.ca\/wp-content\/uploads\/biblioshare_attachments\/9781771089258.png\",\"contentUrl\":\"https:\/\/atlanticbooks.ca\/wp-content\/uploads\/biblioshare_attachments\/9781771089258.png\",\"width\":1600,\"height\":2266},{\"@type\":\"BreadcrumbList\",\"@id\":\"https:\/\/atlanticbooks.ca\/fr\/livres\/evangeline#breadcrumb\",\"itemListElement\":[{\"@type\":\"ListItem\",\"position\":1,\"name\":\"Domicile\",\"item\":\"https:\/\/atlanticbooks.ca\/fr\"},{\"@type\":\"ListItem\",\"position\":2,\"name\":\"Collections\",\"item\":\"https:\/\/atlanticbooks.ca\/fr\/collections\"},{\"@type\":\"ListItem\",\"position\":3,\"name\":\"\u00c9vang\u00e9line\"}]},{\"@type\":\"WebSite\",\"@id\":\"https:\/\/atlanticbooks.ca\/fr\/#website\",\"url\":\"https:\/\/atlanticbooks.ca\/fr\/\",\"name\":\"Atlantic Books\",\"description\":\"Atlantic Books\",\"publisher\":{\"@id\":\"https:\/\/atlanticbooks.ca\/fr\/#organization\"},\"potentialAction\":[{\"@type\":\"SearchAction\",\"target\":{\"@type\":\"EntryPoint\",\"urlTemplate\":\"https:\/\/atlanticbooks.ca\/fr\/?s={search_term_string}\"},\"query-input\":{\"@type\":\"PropertyValueSpecification\",\"valueRequired\":true,\"valueName\":\"search_term_string\"}}],\"inLanguage\":\"fr-FR\"},{\"@type\":\"Organization\",\"@id\":\"https:\/\/atlanticbooks.ca\/fr\/#organization\",\"name\":\"Atlantic Books\",\"url\":\"https:\/\/atlanticbooks.ca\/fr\/\",\"logo\":{\"@type\":\"ImageObject\",\"inLanguage\":\"fr-FR\",\"@id\":\"https:\/\/atlanticbooks.ca\/fr\/#\/schema\/logo\/image\/\",\"url\":\"https:\/\/atlanticbooks.ca\/wp-content\/uploads\/2020\/10\/atlantic-books-logo.png\",\"contentUrl\":\"https:\/\/atlanticbooks.ca\/wp-content\/uploads\/2020\/10\/atlantic-books-logo.png\",\"width\":566,\"height\":111,\"caption\":\"Atlantic Books\"},\"image\":{\"@id\":\"https:\/\/atlanticbooks.ca\/fr\/#\/schema\/logo\/image\/\"}}]}<\/script>\n<!-- \/ Yoast SEO plugin. -->","yoast_head_json":{"title":"\u00c9vang\u00e9line - Atlantic Books","robots":{"index":"index","follow":"follow","max-snippet":"max-snippet:-1","max-image-preview":"max-image-preview:large","max-video-preview":"max-video-preview:-1"},"canonical":"https:\/\/atlanticbooks.ca\/fr\/livres\/evangeline","og_locale":"fr_FR","og_type":"article","og_title":"\u00c9vang\u00e9line - Atlantic Books","og_description":"&lt;b&gt;Sociologist Joseph Yvon Th\u00e9riault presents three versions of the literary heroine: \u00c9vang\u00e9line the Acadian, \u00c9vang\u00e9line the Canadian, and \u00c9vang\u00e9line the American. Can these three distinct identities be merged, and will survive the effects of globalization?&lt;\/b&gt;&lt;br&gt;&lt;br&gt;&lt;b&gt;CBC most anticipated non-fiction of Spring 2021&lt;\/b&gt;","og_url":"https:\/\/atlanticbooks.ca\/fr\/livres\/evangeline","og_site_name":"Atlantic Books","article_modified_time":"2022-11-09T21:21:31+00:00","og_image":[{"width":1600,"height":2266,"url":"https:\/\/atlanticbooks.mystagingwebsite.com\/wp-content\/uploads\/biblioshare_attachments\/9781771089258.png","type":"image\/png"}],"twitter_card":"summary_large_image","twitter_misc":{"Dur\u00e9e de lecture estim\u00e9e":"1 minute"},"schema":{"@context":"https:\/\/schema.org","@graph":[{"@type":"WebPage","@id":"https:\/\/atlanticbooks.ca\/fr\/livres\/evangeline","url":"https:\/\/atlanticbooks.ca\/fr\/livres\/evangeline","name":"\u00c9vang\u00e9line - Atlantic Books","isPartOf":{"@id":"https:\/\/atlanticbooks.ca\/fr\/#website"},"primaryImageOfPage":{"@id":"https:\/\/atlanticbooks.ca\/fr\/livres\/evangeline#primaryimage"},"image":{"@id":"https:\/\/atlanticbooks.ca\/fr\/livres\/evangeline#primaryimage"},"thumbnailUrl":"https:\/\/atlanticbooks.ca\/wp-content\/uploads\/biblioshare_attachments\/9781771089258.png","datePublished":"2022-02-07T20:01:52+00:00","dateModified":"2022-11-09T21:21:31+00:00","breadcrumb":{"@id":"https:\/\/atlanticbooks.ca\/fr\/livres\/evangeline#breadcrumb"},"inLanguage":"fr-FR","potentialAction":[{"@type":"ReadAction","target":["https:\/\/atlanticbooks.ca\/fr\/livres\/evangeline"]}]},{"@type":"ImageObject","inLanguage":"fr-FR","@id":"https:\/\/atlanticbooks.ca\/fr\/livres\/evangeline#primaryimage","url":"https:\/\/atlanticbooks.ca\/wp-content\/uploads\/biblioshare_attachments\/9781771089258.png","contentUrl":"https:\/\/atlanticbooks.ca\/wp-content\/uploads\/biblioshare_attachments\/9781771089258.png","width":1600,"height":2266},{"@type":"BreadcrumbList","@id":"https:\/\/atlanticbooks.ca\/fr\/livres\/evangeline#breadcrumb","itemListElement":[{"@type":"ListItem","position":1,"name":"Domicile","item":"https:\/\/atlanticbooks.ca\/fr"},{"@type":"ListItem","position":2,"name":"Collections","item":"https:\/\/atlanticbooks.ca\/fr\/collections"},{"@type":"ListItem","position":3,"name":"\u00c9vang\u00e9line"}]},{"@type":"WebSite","@id":"https:\/\/atlanticbooks.ca\/fr\/#website","url":"https:\/\/atlanticbooks.ca\/fr\/","name":"Atlantic Books","description":"Atlantic Books","publisher":{"@id":"https:\/\/atlanticbooks.ca\/fr\/#organization"},"potentialAction":[{"@type":"SearchAction","target":{"@type":"EntryPoint","urlTemplate":"https:\/\/atlanticbooks.ca\/fr\/?s={search_term_string}"},"query-input":{"@type":"PropertyValueSpecification","valueRequired":true,"valueName":"search_term_string"}}],"inLanguage":"fr-FR"},{"@type":"Organization","@id":"https:\/\/atlanticbooks.ca\/fr\/#organization","name":"Atlantic Books","url":"https:\/\/atlanticbooks.ca\/fr\/","logo":{"@type":"ImageObject","inLanguage":"fr-FR","@id":"https:\/\/atlanticbooks.ca\/fr\/#\/schema\/logo\/image\/","url":"https:\/\/atlanticbooks.ca\/wp-content\/uploads\/2020\/10\/atlantic-books-logo.png","contentUrl":"https:\/\/atlanticbooks.ca\/wp-content\/uploads\/2020\/10\/atlantic-books-logo.png","width":566,"height":111,"caption":"Atlantic Books"},"image":{"@id":"https:\/\/atlanticbooks.ca\/fr\/#\/schema\/logo\/image\/"}}]}},"_links":{"self":[{"href":"https:\/\/atlanticbooks.ca\/fr\/wp-json\/wp\/v2\/product\/64811","targetHints":{"allow":["GET"]}}],"collection":[{"href":"https:\/\/atlanticbooks.ca\/fr\/wp-json\/wp\/v2\/product"}],"about":[{"href":"https:\/\/atlanticbooks.ca\/fr\/wp-json\/wp\/v2\/types\/product"}],"wp:featuredmedia":[{"embeddable":true,"href":"https:\/\/atlanticbooks.ca\/fr\/wp-json\/wp\/v2\/media\/61317"}],"wp:attachment":[{"href":"https:\/\/atlanticbooks.ca\/fr\/wp-json\/wp\/v2\/media?parent=64811"}],"wp:term":[{"taxonomy":"product_brand","embeddable":true,"href":"https:\/\/atlanticbooks.ca\/fr\/wp-json\/wp\/v2\/product_brand?post=64811"},{"taxonomy":"product_cat","embeddable":true,"href":"https:\/\/atlanticbooks.ca\/fr\/wp-json\/wp\/v2\/product_cat?post=64811"},{"taxonomy":"product_tag","embeddable":true,"href":"https:\/\/atlanticbooks.ca\/fr\/wp-json\/wp\/v2\/product_tag?post=64811"}],"curies":[{"name":"wp","href":"https:\/\/api.w.org\/{rel}","templated":true}]}}