{"id":64743,"date":"2022-11-08T13:16:14","date_gmt":"2022-11-08T13:16:14","guid":{"rendered":"https:\/\/atlanticbooks.ca\/books\/c-pour-cirque\/"},"modified":"2023-05-03T19:56:41","modified_gmt":"2023-05-03T19:56:41","slug":"c-pour-cirque","status":"publish","type":"product","link":"https:\/\/atlanticbooks.ca\/fr\/livres\/c-pour-cirque","title":{"rendered":"C pour cirque"},"content":{"rendered":"<p>&lt;p&gt;A thousand wonders are gathered under a magnificent old-fashioned big top: an &lt;i&gt;Acrobate Agile&lt;\/i&gt; (agile acrobat), an &lt;i&gt;\u00c9l\u00e9gant \u00c9quilibriste&lt;\/i&gt; (elegant tightrope walker), &lt;i&gt;Jumelles Jongleuses&lt;\/i&gt; (juggling twins), a &lt;iTrio de Trap\u00e9zistes&lt;\/i&gt; (trio of trapeze artists) and even a &lt;i&gt;Z\u00e9bu&lt;\/i&gt; (Zebu) who plays with &lt;i&gt;Z\u00e8le&lt;\/i&gt; (zeal)! In the great tradition of the alphabet primer, the 26 letters of the alphabet swirl around the ring of this magnificent big top and offer, under the baton of Monsieur Loyal, plenty of discoveries for young and old alike.&lt;\/p&gt;<\/p>\n","protected":false},"excerpt":{"rendered":"<p>&lt;p&gt;A thousand wonders are gathered under a magnificent old-fashioned big top: an &lt;i&gt;Acrobate Agile&lt;\/i&gt; (agile acrobat), an &lt;i&gt;\u00c9l\u00e9gant \u00c9quilibriste&lt;\/i&gt; (elegant tightrope walker), &lt;i&gt;Jumelles Jongleuses&lt;\/i&gt; (juggling twins), a &lt;iTrio de Trap\u00e9zistes&lt;\/i&gt; [&hellip;]<\/p>\n","protected":false},"featured_media":75623,"template":"","meta":{"_genesis_hide_title":false,"_genesis_hide_breadcrumbs":false,"_genesis_hide_singular_image":false,"_genesis_hide_footer_widgets":false,"_genesis_custom_body_class":"","_genesis_custom_post_class":"","_genesis_layout":""},"product_brand":[],"product_cat":[10712,6199],"product_tag":[],"class_list":{"0":"post-64743","1":"product","2":"type-product","3":"status-publish","4":"has-post-thumbnail","5":"product_language-fre","6":"product_subjects-performing-arts","7":"product_subjects-juvenile-fiction","8":"product_subjects-circus","9":"product_reading_range-12717","10":"product_reading_range-12718","11":"product_reading_range-12730","12":"product_reading_range-12731","13":"product_reading_range-12732","14":"product_interest_range-12714","15":"product_interest_range-12715","16":"product_interest_range-12716","17":"product_interest_range-12712","18":"product_interest_range-12713","19":"product_grade_range-fourth-grade","20":"product_grade_range-fifth-grade","21":"product_grade_range-sixth-grade","22":"product_grade_range-seventh-grade","23":"product_grade_range-eighth-grade","24":"product_curriculumsubject-francais-programmes-detudes","25":"product_curriculumsubject-immersion-2","26":"product_curriculumsubject-francais-arts-langagiers","27":"product_curriculumsubject-francais-arts-langagiers-2","28":"product_edi_languages-french-language","29":"biblio_share_tag-juvenile-fiction-performing-arts-circus","30":"product_cat-abc","31":"product_cat-spring-books","32":"product_shipping_class-abc-test","33":"entry","35":"first","36":"instock","37":"taxable","38":"shipping-taxable","39":"purchasable","40":"product-type-simple"},"yoast_head":"<!-- This site is optimized with the Yoast SEO plugin v24.0 - https:\/\/yoast.com\/wordpress\/plugins\/seo\/ -->\n<title>C pour cirque - Atlantic Books<\/title>\n<meta name=\"robots\" content=\"index, follow, max-snippet:-1, max-image-preview:large, max-video-preview:-1\" \/>\n<link rel=\"canonical\" href=\"https:\/\/atlanticbooks.ca\/fr\/livres\/c-pour-cirque\" \/>\n<meta property=\"og:locale\" content=\"fr_FR\" \/>\n<meta property=\"og:type\" content=\"article\" \/>\n<meta property=\"og:title\" content=\"C pour cirque - Atlantic Books\" \/>\n<meta property=\"og:description\" content=\"&lt;p&gt;A thousand wonders are gathered under a magnificent old-fashioned big top: an &lt;i&gt;Acrobate Agile&lt;\/i&gt; (agile acrobat), an &lt;i&gt;\u00c9l\u00e9gant \u00c9quilibriste&lt;\/i&gt; (elegant tightrope walker), &lt;i&gt;Jumelles Jongleuses&lt;\/i&gt; (juggling twins), a &lt;iTrio de Trap\u00e9zistes&lt;\/i&gt; [&hellip;]\" \/>\n<meta property=\"og:url\" content=\"https:\/\/atlanticbooks.ca\/fr\/livres\/c-pour-cirque\" \/>\n<meta property=\"og:site_name\" content=\"Atlantic Books\" \/>\n<meta property=\"article:modified_time\" content=\"2023-05-03T19:56:41+00:00\" \/>\n<meta property=\"og:image\" content=\"https:\/\/atlanticbooks.ca\/wp-content\/uploads\/biblioshare_attachments\/9782897502782.png\" \/>\n\t<meta property=\"og:image:width\" content=\"864\" \/>\n\t<meta property=\"og:image:height\" content=\"864\" \/>\n\t<meta property=\"og:image:type\" content=\"image\/png\" \/>\n<meta name=\"twitter:card\" content=\"summary_large_image\" \/>\n<meta name=\"twitter:label1\" content=\"Dur\u00e9e de lecture estim\u00e9e\" \/>\n\t<meta name=\"twitter:data1\" content=\"1 minute\" \/>\n<script type=\"application\/ld+json\" class=\"yoast-schema-graph\">{\"@context\":\"https:\/\/schema.org\",\"@graph\":[{\"@type\":\"WebPage\",\"@id\":\"https:\/\/atlanticbooks.ca\/fr\/livres\/c-pour-cirque\",\"url\":\"https:\/\/atlanticbooks.ca\/fr\/livres\/c-pour-cirque\",\"name\":\"C pour cirque - Atlantic Books\",\"isPartOf\":{\"@id\":\"https:\/\/atlanticbooks.ca\/fr\/#website\"},\"primaryImageOfPage\":{\"@id\":\"https:\/\/atlanticbooks.ca\/fr\/livres\/c-pour-cirque#primaryimage\"},\"image\":{\"@id\":\"https:\/\/atlanticbooks.ca\/fr\/livres\/c-pour-cirque#primaryimage\"},\"thumbnailUrl\":\"https:\/\/atlanticbooks.ca\/wp-content\/uploads\/biblioshare_attachments\/9782897502782.png\",\"datePublished\":\"2022-11-08T13:16:14+00:00\",\"dateModified\":\"2023-05-03T19:56:41+00:00\",\"breadcrumb\":{\"@id\":\"https:\/\/atlanticbooks.ca\/fr\/livres\/c-pour-cirque#breadcrumb\"},\"inLanguage\":\"fr-FR\",\"potentialAction\":[{\"@type\":\"ReadAction\",\"target\":[\"https:\/\/atlanticbooks.ca\/fr\/livres\/c-pour-cirque\"]}]},{\"@type\":\"ImageObject\",\"inLanguage\":\"fr-FR\",\"@id\":\"https:\/\/atlanticbooks.ca\/fr\/livres\/c-pour-cirque#primaryimage\",\"url\":\"https:\/\/atlanticbooks.ca\/wp-content\/uploads\/biblioshare_attachments\/9782897502782.png\",\"contentUrl\":\"https:\/\/atlanticbooks.ca\/wp-content\/uploads\/biblioshare_attachments\/9782897502782.png\"},{\"@type\":\"BreadcrumbList\",\"@id\":\"https:\/\/atlanticbooks.ca\/fr\/livres\/c-pour-cirque#breadcrumb\",\"itemListElement\":[{\"@type\":\"ListItem\",\"position\":1,\"name\":\"Domicile\",\"item\":\"https:\/\/atlanticbooks.ca\/fr\"},{\"@type\":\"ListItem\",\"position\":2,\"name\":\"Collections\",\"item\":\"https:\/\/atlanticbooks.ca\/fr\/collections\"},{\"@type\":\"ListItem\",\"position\":3,\"name\":\"C pour cirque\"}]},{\"@type\":\"WebSite\",\"@id\":\"https:\/\/atlanticbooks.ca\/fr\/#website\",\"url\":\"https:\/\/atlanticbooks.ca\/fr\/\",\"name\":\"Atlantic Books\",\"description\":\"Atlantic Books\",\"publisher\":{\"@id\":\"https:\/\/atlanticbooks.ca\/fr\/#organization\"},\"potentialAction\":[{\"@type\":\"SearchAction\",\"target\":{\"@type\":\"EntryPoint\",\"urlTemplate\":\"https:\/\/atlanticbooks.ca\/fr\/?s={search_term_string}\"},\"query-input\":{\"@type\":\"PropertyValueSpecification\",\"valueRequired\":true,\"valueName\":\"search_term_string\"}}],\"inLanguage\":\"fr-FR\"},{\"@type\":\"Organization\",\"@id\":\"https:\/\/atlanticbooks.ca\/fr\/#organization\",\"name\":\"Atlantic Books\",\"url\":\"https:\/\/atlanticbooks.ca\/fr\/\",\"logo\":{\"@type\":\"ImageObject\",\"inLanguage\":\"fr-FR\",\"@id\":\"https:\/\/atlanticbooks.ca\/fr\/#\/schema\/logo\/image\/\",\"url\":\"https:\/\/atlanticbooks.ca\/wp-content\/uploads\/2020\/10\/atlantic-books-logo.png\",\"contentUrl\":\"https:\/\/atlanticbooks.ca\/wp-content\/uploads\/2020\/10\/atlantic-books-logo.png\",\"width\":566,\"height\":111,\"caption\":\"Atlantic Books\"},\"image\":{\"@id\":\"https:\/\/atlanticbooks.ca\/fr\/#\/schema\/logo\/image\/\"}}]}<\/script>\n<!-- \/ Yoast SEO plugin. -->","yoast_head_json":{"title":"C pour cirque - Atlantic Books","robots":{"index":"index","follow":"follow","max-snippet":"max-snippet:-1","max-image-preview":"max-image-preview:large","max-video-preview":"max-video-preview:-1"},"canonical":"https:\/\/atlanticbooks.ca\/fr\/livres\/c-pour-cirque","og_locale":"fr_FR","og_type":"article","og_title":"C pour cirque - Atlantic Books","og_description":"&lt;p&gt;A thousand wonders are gathered under a magnificent old-fashioned big top: an &lt;i&gt;Acrobate Agile&lt;\/i&gt; (agile acrobat), an &lt;i&gt;\u00c9l\u00e9gant \u00c9quilibriste&lt;\/i&gt; (elegant tightrope walker), &lt;i&gt;Jumelles Jongleuses&lt;\/i&gt; (juggling twins), a &lt;iTrio de Trap\u00e9zistes&lt;\/i&gt; [&hellip;]","og_url":"https:\/\/atlanticbooks.ca\/fr\/livres\/c-pour-cirque","og_site_name":"Atlantic Books","article_modified_time":"2023-05-03T19:56:41+00:00","og_image":[{"width":864,"height":864,"url":"https:\/\/atlanticbooks.ca\/wp-content\/uploads\/biblioshare_attachments\/9782897502782.png","type":"image\/png"}],"twitter_card":"summary_large_image","twitter_misc":{"Dur\u00e9e de lecture estim\u00e9e":"1 minute"},"schema":{"@context":"https:\/\/schema.org","@graph":[{"@type":"WebPage","@id":"https:\/\/atlanticbooks.ca\/fr\/livres\/c-pour-cirque","url":"https:\/\/atlanticbooks.ca\/fr\/livres\/c-pour-cirque","name":"C pour cirque - Atlantic Books","isPartOf":{"@id":"https:\/\/atlanticbooks.ca\/fr\/#website"},"primaryImageOfPage":{"@id":"https:\/\/atlanticbooks.ca\/fr\/livres\/c-pour-cirque#primaryimage"},"image":{"@id":"https:\/\/atlanticbooks.ca\/fr\/livres\/c-pour-cirque#primaryimage"},"thumbnailUrl":"https:\/\/atlanticbooks.ca\/wp-content\/uploads\/biblioshare_attachments\/9782897502782.png","datePublished":"2022-11-08T13:16:14+00:00","dateModified":"2023-05-03T19:56:41+00:00","breadcrumb":{"@id":"https:\/\/atlanticbooks.ca\/fr\/livres\/c-pour-cirque#breadcrumb"},"inLanguage":"fr-FR","potentialAction":[{"@type":"ReadAction","target":["https:\/\/atlanticbooks.ca\/fr\/livres\/c-pour-cirque"]}]},{"@type":"ImageObject","inLanguage":"fr-FR","@id":"https:\/\/atlanticbooks.ca\/fr\/livres\/c-pour-cirque#primaryimage","url":"https:\/\/atlanticbooks.ca\/wp-content\/uploads\/biblioshare_attachments\/9782897502782.png","contentUrl":"https:\/\/atlanticbooks.ca\/wp-content\/uploads\/biblioshare_attachments\/9782897502782.png"},{"@type":"BreadcrumbList","@id":"https:\/\/atlanticbooks.ca\/fr\/livres\/c-pour-cirque#breadcrumb","itemListElement":[{"@type":"ListItem","position":1,"name":"Domicile","item":"https:\/\/atlanticbooks.ca\/fr"},{"@type":"ListItem","position":2,"name":"Collections","item":"https:\/\/atlanticbooks.ca\/fr\/collections"},{"@type":"ListItem","position":3,"name":"C pour cirque"}]},{"@type":"WebSite","@id":"https:\/\/atlanticbooks.ca\/fr\/#website","url":"https:\/\/atlanticbooks.ca\/fr\/","name":"Atlantic Books","description":"Atlantic Books","publisher":{"@id":"https:\/\/atlanticbooks.ca\/fr\/#organization"},"potentialAction":[{"@type":"SearchAction","target":{"@type":"EntryPoint","urlTemplate":"https:\/\/atlanticbooks.ca\/fr\/?s={search_term_string}"},"query-input":{"@type":"PropertyValueSpecification","valueRequired":true,"valueName":"search_term_string"}}],"inLanguage":"fr-FR"},{"@type":"Organization","@id":"https:\/\/atlanticbooks.ca\/fr\/#organization","name":"Atlantic Books","url":"https:\/\/atlanticbooks.ca\/fr\/","logo":{"@type":"ImageObject","inLanguage":"fr-FR","@id":"https:\/\/atlanticbooks.ca\/fr\/#\/schema\/logo\/image\/","url":"https:\/\/atlanticbooks.ca\/wp-content\/uploads\/2020\/10\/atlantic-books-logo.png","contentUrl":"https:\/\/atlanticbooks.ca\/wp-content\/uploads\/2020\/10\/atlantic-books-logo.png","width":566,"height":111,"caption":"Atlantic Books"},"image":{"@id":"https:\/\/atlanticbooks.ca\/fr\/#\/schema\/logo\/image\/"}}]}},"_links":{"self":[{"href":"https:\/\/atlanticbooks.ca\/fr\/wp-json\/wp\/v2\/product\/64743","targetHints":{"allow":["GET"]}}],"collection":[{"href":"https:\/\/atlanticbooks.ca\/fr\/wp-json\/wp\/v2\/product"}],"about":[{"href":"https:\/\/atlanticbooks.ca\/fr\/wp-json\/wp\/v2\/types\/product"}],"wp:featuredmedia":[{"embeddable":true,"href":"https:\/\/atlanticbooks.ca\/fr\/wp-json\/wp\/v2\/media\/75623"}],"wp:attachment":[{"href":"https:\/\/atlanticbooks.ca\/fr\/wp-json\/wp\/v2\/media?parent=64743"}],"wp:term":[{"taxonomy":"product_brand","embeddable":true,"href":"https:\/\/atlanticbooks.ca\/fr\/wp-json\/wp\/v2\/product_brand?post=64743"},{"taxonomy":"product_cat","embeddable":true,"href":"https:\/\/atlanticbooks.ca\/fr\/wp-json\/wp\/v2\/product_cat?post=64743"},{"taxonomy":"product_tag","embeddable":true,"href":"https:\/\/atlanticbooks.ca\/fr\/wp-json\/wp\/v2\/product_tag?post=64743"}],"curies":[{"name":"wp","href":"https:\/\/api.w.org\/{rel}","templated":true}]}}