{"id":64697,"date":"2022-02-14T18:30:58","date_gmt":"2022-02-14T18:30:58","guid":{"rendered":"https:\/\/atlanticbooks.ca\/books\/meres-et-monde\/"},"modified":"2022-11-09T21:18:25","modified_gmt":"2022-11-09T21:18:25","slug":"meres-et-monde","status":"publish","type":"product","link":"https:\/\/atlanticbooks.ca\/fr\/livres\/meres-et-monde","title":{"rendered":"M\u00e8re(s) et monde"},"content":{"rendered":"<p>English description follows.<\/p>\n<p>Non, mon fils n\u2019a pas de p\u00e8re !<\/p>\n<p>De la salle d\u2019accouchement o\u00f9 son fils est n\u00e9, jusqu\u2019aux bancs de l\u2019\u00e9cole, une femme \u00e0 qui on refuse le statut de m\u00e8re raconte : non, son fils n\u2019a pas de p\u00e8re, mais il a deux m\u00e8res. Elle est son autre m\u00e8re. Il n\u2019y a pas de case pour cela dans les formulaires. Pas de place pour cela dans la t\u00eate de ses pairs, ni des enfants qui jouent avec son fils dans la cour de l\u2019\u00e9cole.<\/p>\n<p>Ce r\u00e9cit, traduit d\u2019un po\u00e8me finaliste en 2018 du CBC Poetry Prize, raconte avec tendresse et justesse la difficult\u00e9 des familles homoparentales \u00e0 \u00eatre accept\u00e9es pour ce qu\u2019elles sont : des familles aimantes.<\/p>\n<p>&lt;p&gt;No, my son doesn&rsquo;t have a father! &lt;\/p&gt;\\n&lt;p&gt;From the delivery room where her son was born to the classrooms where he learns, a woman to whom motherhood status is refused explains: her son doesn&rsquo;t have a father, but he&rsquo;s got two mothers. She is the other mother. A (m)other, but there is no space for that on the forms, no space for that in the minds of her peers, and no space for that in the minds of the kids who play with her son at school. &lt;\/p&gt;\\n&lt;p&gt;Adapted from a 2018 CBC Poetry Prize shortlisted poem, this book tells, with tenderness and accuracy, the difficulties that homoparental families face in being accepted for what they are: loving families.&lt;\/p&gt;<\/p>\n","protected":false},"excerpt":{"rendered":"<p>&lt;p&gt;No, my son doesn&rsquo;t have a father! &lt;\/p&gt;<br \/>\n&lt;p&gt;From the delivery room where her son was born to the classrooms where he learns, a woman to whom motherhood status is refused explains: her son doesn&rsquo;t have a father, but he&rsquo;s got two mothers. She is the other mother. A (m)other, but there is no space for that on the forms, no space for that in the minds of her peers, and no space for that in the minds of the kids who play with her son at school. &lt;\/p&gt;<br \/>\n&lt;p&gt;Adapted from a 2018 CBC Poetry Prize shortlisted poem, this book tells, with tenderness and accuracy, the difficulties that homoparental families face in being accepted for what they are: loving families.&lt;\/p&gt;<\/p>\n","protected":false},"featured_media":58914,"template":"","meta":{"_genesis_hide_title":false,"_genesis_hide_breadcrumbs":false,"_genesis_hide_singular_image":false,"_genesis_hide_footer_widgets":false,"_genesis_custom_body_class":"","_genesis_custom_post_class":"","_genesis_layout":""},"product_brand":[],"product_cat":[12776,15038,15039],"product_tag":[],"class_list":{"0":"post-64697","1":"product","2":"type-product","3":"status-publish","4":"has-post-thumbnail","5":"product_language-fre","6":"product_subjects-parents-fr","7":"product_subjects-juvenile-fiction-fr","8":"product_subjects-family-fr","9":"product_reading_range-8-fr","10":"product_reading_range-9-fr","11":"product_reading_range-7-fr","12":"product_reading_range-10-fr","13":"product_reading_range-11-fr","14":"product_reading_range-12-fr","15":"product_reading_range-4-fr","16":"product_reading_range-5-fr","17":"product_reading_range-6-fr","18":"product_interest_range-6-fr","19":"product_interest_range-7-fr","20":"product_interest_range-8-fr","21":"product_interest_range-9-fr","22":"product_interest_range-10-fr","23":"product_interest_range-11-fr","24":"product_interest_range-12-fr","25":"product_interest_range-4-fr","26":"product_interest_range-5-fr","27":"product_grade_range-kindergarten-fr","28":"product_grade_range-first-grade-fr","29":"product_grade_range-second-grade-fr","30":"product_grade_range-third-grade-fr","31":"product_curriculumsubject-francais-programmes-detudes-fr","32":"product_curriculumsubject-immersion-2-fr","33":"product_curriculumsubject-francais-arts-langagiers-fr","34":"product_curriculumsubject-francais-arts-langagiers-im-fr","35":"product_edi_languages-francais-fr","36":"biblio_share_tag-juvenile-fiction-family-parents-fr","37":"product_cat-abc-fr-2","38":"product_cat-voices-fr","39":"product_cat-2slgbtqia-voices-fr","40":"product_shipping_class-abc-test-fr","41":"entry","43":"first","44":"instock","45":"taxable","46":"shipping-taxable","47":"purchasable","48":"product-type-simple"},"yoast_head":"<!-- This site is optimized with the Yoast SEO plugin v24.0 - https:\/\/yoast.com\/wordpress\/plugins\/seo\/ -->\n<title>M\u00e8re(s) et monde - Atlantic Books<\/title>\n<meta name=\"robots\" content=\"index, follow, max-snippet:-1, max-image-preview:large, max-video-preview:-1\" \/>\n<link rel=\"canonical\" href=\"https:\/\/atlanticbooks.ca\/fr\/livres\/meres-et-monde\" \/>\n<meta property=\"og:locale\" content=\"fr_FR\" \/>\n<meta property=\"og:type\" content=\"article\" \/>\n<meta property=\"og:title\" content=\"M\u00e8re(s) et monde - Atlantic Books\" \/>\n<meta property=\"og:description\" content=\"&lt;p&gt;No, my son doesn&#039;t have a father! &lt;\/p&gt; &lt;p&gt;From the delivery room where her son was born to the classrooms where he learns, a woman to whom motherhood status is refused explains: her son doesn&#039;t have a father, but he&#039;s got two mothers. She is the other mother. A (m)other, but there is no space for that on the forms, no space for that in the minds of her peers, and no space for that in the minds of the kids who play with her son at school. &lt;\/p&gt; &lt;p&gt;Adapted from a 2018 CBC Poetry Prize shortlisted poem, this book tells, with tenderness and accuracy, the difficulties that homoparental families face in being accepted for what they are: loving families.&lt;\/p&gt;\" \/>\n<meta property=\"og:url\" content=\"https:\/\/atlanticbooks.ca\/fr\/livres\/meres-et-monde\" \/>\n<meta property=\"og:site_name\" content=\"Atlantic Books\" \/>\n<meta property=\"article:modified_time\" content=\"2022-11-09T21:18:25+00:00\" \/>\n<meta property=\"og:image\" content=\"https:\/\/atlanticbooks.mystagingwebsite.com\/wp-content\/uploads\/2022\/02\/TT-25_MetM_FR_couverture_Hres.jpg\" \/>\n\t<meta property=\"og:image:width\" content=\"2203\" \/>\n\t<meta property=\"og:image:height\" content=\"2325\" \/>\n\t<meta property=\"og:image:type\" content=\"image\/jpeg\" \/>\n<meta name=\"twitter:card\" content=\"summary_large_image\" \/>\n<meta name=\"twitter:label1\" content=\"Dur\u00e9e de lecture estim\u00e9e\" \/>\n\t<meta name=\"twitter:data1\" content=\"1 minute\" \/>\n<script type=\"application\/ld+json\" class=\"yoast-schema-graph\">{\"@context\":\"https:\/\/schema.org\",\"@graph\":[{\"@type\":\"WebPage\",\"@id\":\"https:\/\/atlanticbooks.ca\/fr\/livres\/meres-et-monde\",\"url\":\"https:\/\/atlanticbooks.ca\/fr\/livres\/meres-et-monde\",\"name\":\"M\u00e8re(s) et monde - Atlantic Books\",\"isPartOf\":{\"@id\":\"https:\/\/atlanticbooks.ca\/fr\/#website\"},\"primaryImageOfPage\":{\"@id\":\"https:\/\/atlanticbooks.ca\/fr\/livres\/meres-et-monde#primaryimage\"},\"image\":{\"@id\":\"https:\/\/atlanticbooks.ca\/fr\/livres\/meres-et-monde#primaryimage\"},\"thumbnailUrl\":\"https:\/\/atlanticbooks.ca\/wp-content\/uploads\/2022\/02\/TT-25_MetM_FR_couverture_Hres.jpg\",\"datePublished\":\"2022-02-14T18:30:58+00:00\",\"dateModified\":\"2022-11-09T21:18:25+00:00\",\"breadcrumb\":{\"@id\":\"https:\/\/atlanticbooks.ca\/fr\/livres\/meres-et-monde#breadcrumb\"},\"inLanguage\":\"fr-FR\",\"potentialAction\":[{\"@type\":\"ReadAction\",\"target\":[\"https:\/\/atlanticbooks.ca\/fr\/livres\/meres-et-monde\"]}]},{\"@type\":\"ImageObject\",\"inLanguage\":\"fr-FR\",\"@id\":\"https:\/\/atlanticbooks.ca\/fr\/livres\/meres-et-monde#primaryimage\",\"url\":\"https:\/\/atlanticbooks.ca\/wp-content\/uploads\/2022\/02\/TT-25_MetM_FR_couverture_Hres.jpg\",\"contentUrl\":\"https:\/\/atlanticbooks.ca\/wp-content\/uploads\/2022\/02\/TT-25_MetM_FR_couverture_Hres.jpg\",\"width\":2203,\"height\":2325,\"caption\":\"Meres et monde cover\"},{\"@type\":\"BreadcrumbList\",\"@id\":\"https:\/\/atlanticbooks.ca\/fr\/livres\/meres-et-monde#breadcrumb\",\"itemListElement\":[{\"@type\":\"ListItem\",\"position\":1,\"name\":\"Domicile\",\"item\":\"https:\/\/atlanticbooks.ca\/fr\"},{\"@type\":\"ListItem\",\"position\":2,\"name\":\"Collections\",\"item\":\"https:\/\/atlanticbooks.ca\/fr\/collections\"},{\"@type\":\"ListItem\",\"position\":3,\"name\":\"M\u00e8re(s) et monde\"}]},{\"@type\":\"WebSite\",\"@id\":\"https:\/\/atlanticbooks.ca\/fr\/#website\",\"url\":\"https:\/\/atlanticbooks.ca\/fr\/\",\"name\":\"Atlantic Books\",\"description\":\"Atlantic Books\",\"publisher\":{\"@id\":\"https:\/\/atlanticbooks.ca\/fr\/#organization\"},\"potentialAction\":[{\"@type\":\"SearchAction\",\"target\":{\"@type\":\"EntryPoint\",\"urlTemplate\":\"https:\/\/atlanticbooks.ca\/fr\/?s={search_term_string}\"},\"query-input\":{\"@type\":\"PropertyValueSpecification\",\"valueRequired\":true,\"valueName\":\"search_term_string\"}}],\"inLanguage\":\"fr-FR\"},{\"@type\":\"Organization\",\"@id\":\"https:\/\/atlanticbooks.ca\/fr\/#organization\",\"name\":\"Atlantic Books\",\"url\":\"https:\/\/atlanticbooks.ca\/fr\/\",\"logo\":{\"@type\":\"ImageObject\",\"inLanguage\":\"fr-FR\",\"@id\":\"https:\/\/atlanticbooks.ca\/fr\/#\/schema\/logo\/image\/\",\"url\":\"https:\/\/atlanticbooks.ca\/wp-content\/uploads\/2020\/10\/atlantic-books-logo.png\",\"contentUrl\":\"https:\/\/atlanticbooks.ca\/wp-content\/uploads\/2020\/10\/atlantic-books-logo.png\",\"width\":566,\"height\":111,\"caption\":\"Atlantic Books\"},\"image\":{\"@id\":\"https:\/\/atlanticbooks.ca\/fr\/#\/schema\/logo\/image\/\"}}]}<\/script>\n<!-- \/ Yoast SEO plugin. -->","yoast_head_json":{"title":"M\u00e8re(s) et monde - Atlantic Books","robots":{"index":"index","follow":"follow","max-snippet":"max-snippet:-1","max-image-preview":"max-image-preview:large","max-video-preview":"max-video-preview:-1"},"canonical":"https:\/\/atlanticbooks.ca\/fr\/livres\/meres-et-monde","og_locale":"fr_FR","og_type":"article","og_title":"M\u00e8re(s) et monde - Atlantic Books","og_description":"&lt;p&gt;No, my son doesn't have a father! &lt;\/p&gt; &lt;p&gt;From the delivery room where her son was born to the classrooms where he learns, a woman to whom motherhood status is refused explains: her son doesn't have a father, but he's got two mothers. She is the other mother. A (m)other, but there is no space for that on the forms, no space for that in the minds of her peers, and no space for that in the minds of the kids who play with her son at school. &lt;\/p&gt; &lt;p&gt;Adapted from a 2018 CBC Poetry Prize shortlisted poem, this book tells, with tenderness and accuracy, the difficulties that homoparental families face in being accepted for what they are: loving families.&lt;\/p&gt;","og_url":"https:\/\/atlanticbooks.ca\/fr\/livres\/meres-et-monde","og_site_name":"Atlantic Books","article_modified_time":"2022-11-09T21:18:25+00:00","og_image":[{"width":2203,"height":2325,"url":"https:\/\/atlanticbooks.mystagingwebsite.com\/wp-content\/uploads\/2022\/02\/TT-25_MetM_FR_couverture_Hres.jpg","type":"image\/jpeg"}],"twitter_card":"summary_large_image","twitter_misc":{"Dur\u00e9e de lecture estim\u00e9e":"1 minute"},"schema":{"@context":"https:\/\/schema.org","@graph":[{"@type":"WebPage","@id":"https:\/\/atlanticbooks.ca\/fr\/livres\/meres-et-monde","url":"https:\/\/atlanticbooks.ca\/fr\/livres\/meres-et-monde","name":"M\u00e8re(s) et monde - Atlantic Books","isPartOf":{"@id":"https:\/\/atlanticbooks.ca\/fr\/#website"},"primaryImageOfPage":{"@id":"https:\/\/atlanticbooks.ca\/fr\/livres\/meres-et-monde#primaryimage"},"image":{"@id":"https:\/\/atlanticbooks.ca\/fr\/livres\/meres-et-monde#primaryimage"},"thumbnailUrl":"https:\/\/atlanticbooks.ca\/wp-content\/uploads\/2022\/02\/TT-25_MetM_FR_couverture_Hres.jpg","datePublished":"2022-02-14T18:30:58+00:00","dateModified":"2022-11-09T21:18:25+00:00","breadcrumb":{"@id":"https:\/\/atlanticbooks.ca\/fr\/livres\/meres-et-monde#breadcrumb"},"inLanguage":"fr-FR","potentialAction":[{"@type":"ReadAction","target":["https:\/\/atlanticbooks.ca\/fr\/livres\/meres-et-monde"]}]},{"@type":"ImageObject","inLanguage":"fr-FR","@id":"https:\/\/atlanticbooks.ca\/fr\/livres\/meres-et-monde#primaryimage","url":"https:\/\/atlanticbooks.ca\/wp-content\/uploads\/2022\/02\/TT-25_MetM_FR_couverture_Hres.jpg","contentUrl":"https:\/\/atlanticbooks.ca\/wp-content\/uploads\/2022\/02\/TT-25_MetM_FR_couverture_Hres.jpg","width":2203,"height":2325,"caption":"Meres et monde cover"},{"@type":"BreadcrumbList","@id":"https:\/\/atlanticbooks.ca\/fr\/livres\/meres-et-monde#breadcrumb","itemListElement":[{"@type":"ListItem","position":1,"name":"Domicile","item":"https:\/\/atlanticbooks.ca\/fr"},{"@type":"ListItem","position":2,"name":"Collections","item":"https:\/\/atlanticbooks.ca\/fr\/collections"},{"@type":"ListItem","position":3,"name":"M\u00e8re(s) et monde"}]},{"@type":"WebSite","@id":"https:\/\/atlanticbooks.ca\/fr\/#website","url":"https:\/\/atlanticbooks.ca\/fr\/","name":"Atlantic Books","description":"Atlantic Books","publisher":{"@id":"https:\/\/atlanticbooks.ca\/fr\/#organization"},"potentialAction":[{"@type":"SearchAction","target":{"@type":"EntryPoint","urlTemplate":"https:\/\/atlanticbooks.ca\/fr\/?s={search_term_string}"},"query-input":{"@type":"PropertyValueSpecification","valueRequired":true,"valueName":"search_term_string"}}],"inLanguage":"fr-FR"},{"@type":"Organization","@id":"https:\/\/atlanticbooks.ca\/fr\/#organization","name":"Atlantic Books","url":"https:\/\/atlanticbooks.ca\/fr\/","logo":{"@type":"ImageObject","inLanguage":"fr-FR","@id":"https:\/\/atlanticbooks.ca\/fr\/#\/schema\/logo\/image\/","url":"https:\/\/atlanticbooks.ca\/wp-content\/uploads\/2020\/10\/atlantic-books-logo.png","contentUrl":"https:\/\/atlanticbooks.ca\/wp-content\/uploads\/2020\/10\/atlantic-books-logo.png","width":566,"height":111,"caption":"Atlantic Books"},"image":{"@id":"https:\/\/atlanticbooks.ca\/fr\/#\/schema\/logo\/image\/"}}]}},"_links":{"self":[{"href":"https:\/\/atlanticbooks.ca\/fr\/wp-json\/wp\/v2\/product\/64697","targetHints":{"allow":["GET"]}}],"collection":[{"href":"https:\/\/atlanticbooks.ca\/fr\/wp-json\/wp\/v2\/product"}],"about":[{"href":"https:\/\/atlanticbooks.ca\/fr\/wp-json\/wp\/v2\/types\/product"}],"wp:featuredmedia":[{"embeddable":true,"href":"https:\/\/atlanticbooks.ca\/fr\/wp-json\/wp\/v2\/media\/58914"}],"wp:attachment":[{"href":"https:\/\/atlanticbooks.ca\/fr\/wp-json\/wp\/v2\/media?parent=64697"}],"wp:term":[{"taxonomy":"product_brand","embeddable":true,"href":"https:\/\/atlanticbooks.ca\/fr\/wp-json\/wp\/v2\/product_brand?post=64697"},{"taxonomy":"product_cat","embeddable":true,"href":"https:\/\/atlanticbooks.ca\/fr\/wp-json\/wp\/v2\/product_cat?post=64697"},{"taxonomy":"product_tag","embeddable":true,"href":"https:\/\/atlanticbooks.ca\/fr\/wp-json\/wp\/v2\/product_tag?post=64697"}],"curies":[{"name":"wp","href":"https:\/\/api.w.org\/{rel}","templated":true}]}}