{"id":64647,"date":"2022-02-14T20:02:17","date_gmt":"2022-02-14T20:02:17","guid":{"rendered":"https:\/\/atlanticbooks.ca\/books\/blind-bookkeeper-or-why-homer-must-be-blind-le-comptable-aveugle-lincontournable-cecite-dhomere\/"},"modified":"2022-11-09T21:17:01","modified_gmt":"2022-11-09T21:17:01","slug":"blind-bookkeeper-or-why-homer-must-be-blind-le-comptable-aveugle-lincontournable-cecite-dhomere","status":"publish","type":"product","link":"https:\/\/atlanticbooks.ca\/fr\/livres\/blind-bookkeeper-or-why-homer-must-be-blind-le-comptable-aveugle-lincontournable-cecite-dhomere","title":{"rendered":"Blind Bookkeeper (or Why Homer Must Be Blind) \/ Le comptable aveugle (l&rsquo;Incontournable c\u00e9cit\u00e9 d&rsquo;Hom\u00e8re)"},"content":{"rendered":"<p>&lt;p&gt;Rich with literary awards and honours, Alberto Manguel extends his literary genius to address and complete a thoughtfully crafted extrapolation on a paper left unfinished by Northrop Frye in 1943. The result is a succinct yet densely multilayered examination of how various readings of Homer throughout the annals of history cast light upon the human tendency towards war rather than peace and asks what roles writing and reading play to bring the world into better equilibrium. Central to this lecture is the concept of re-binding, a word drawn from the Latin roots for the word religion, which Manguel posits is the essential definition of poetry. Homer\u2019s writings, the point of origin of all written verse, are also the first written instance of the binding of imagined, written, and read realities. The semantics of Homer\u2019s name and the literal and figurative ramifications of his blindness are investigated as Manguel builds the scaffold for unveiling our own blindness through our desire to read Homer in our own image. We are left to examine our own assumptions.&lt;\/p&gt;&lt;p&gt;Combl\u00e9 de prix litt\u00e9raires et d\u2019honneurs, Alberto Manguel pr\u00eate son g\u00e9nie litt\u00e9raire \u00e0 l\u2019\u00e9tude et au parach\u00e8vement d\u2019une extrapolation song\u00e9e que Northrop Frye avait laiss\u00e9e en plan en 1943. Il en r\u00e9sulte une analyse succincte mais en replis serr\u00e9s des multiples lectures d\u2019Hom\u00e8re l\u00e9gu\u00e9es par les si\u00e8cles, qui r\u00e9v\u00e8le comment ces interpr\u00e9tations \u00e9clairent la propension humaine \u00e0 la guerre plut\u00f4t qu\u2019\u00e0 la paix, ce qui le m\u00e8ne \u00e0 s\u2019interroger sur le r\u00f4le que jouent l\u2019\u00e9criture et la lecture quand il s\u2019agit de cr\u00e9er un monde plus \u00e9quilibr\u00e9. La notion de re-lier, un mot dont les racines latines sont les m\u00eames que le mot religion, est au coeur de cette conf\u00e9rence, et Manguel en fait la d\u00e9finition essentielle de la po\u00e9sie. Les \u00e9crits d\u2019Hom\u00e8re, point d\u2019origine de toute la po\u00e9sie \u00e9crite, fournissent aussi la premi\u00e8re occurrence d\u2019un lien entre les r\u00e9alit\u00e9s imagin\u00e9es, \u00e9crites et lues. La valeur s\u00e9mantique du nom d\u2019Hom\u00e8re et les r\u00e9percussions concr\u00e8tes et figur\u00e9es de sa c\u00e9cit\u00e9 font partie des \u00e9l\u00e9ments que Manguel scrute pour fonder son \u00e9vocation de notre aveuglement \u00e0 nous quand nous insistons pour lire Hom\u00e8re \u00e0 notre propre image. Nous n\u2019avons plus qu\u2019\u00e0 remettre nos hypoth\u00e8ses.&lt;\/p&gt;<\/p>\n","protected":false},"excerpt":{"rendered":"<p>&lt;p&gt;Rich with literary awards and honours, Alberto Manguel extends his literary genius to address and complete a thoughtfully crafted extrapolation on a paper left unfinished by Northrop Frye in 1943. [&hellip;]<\/p>\n","protected":false},"featured_media":45730,"template":"","meta":{"_genesis_hide_title":false,"_genesis_hide_breadcrumbs":false,"_genesis_hide_singular_image":false,"_genesis_hide_footer_widgets":false,"_genesis_custom_body_class":"","_genesis_custom_post_class":"","_genesis_layout":""},"product_brand":[],"product_cat":[15038,15039],"product_tag":[],"class_list":{"0":"post-64647","1":"product","2":"type-product","3":"status-publish","4":"has-post-thumbnail","5":"product_language-fre","6":"product_language-eng-fr","7":"product_subjects-literary-criticism-fr","8":"product_subjects-books-reading-fr","9":"biblio_share_tag-literary-criticism-books-reading-fr","10":"product_cat-voices-fr","11":"product_cat-2slgbtqia-voices-fr","12":"entry","14":"first","15":"instock","16":"taxable","17":"shipping-taxable","18":"purchasable","19":"product-type-simple"},"yoast_head":"<!-- This site is optimized with the Yoast SEO plugin v24.0 - https:\/\/yoast.com\/wordpress\/plugins\/seo\/ -->\n<title>Blind Bookkeeper (or Why Homer Must Be Blind) \/ Le comptable aveugle (l&#039;Incontournable c\u00e9cit\u00e9 d&#039;Hom\u00e8re) - Atlantic Books<\/title>\n<meta name=\"robots\" content=\"index, follow, max-snippet:-1, max-image-preview:large, max-video-preview:-1\" \/>\n<link rel=\"canonical\" href=\"https:\/\/atlanticbooks.ca\/fr\/livres\/blind-bookkeeper-or-why-homer-must-be-blind-le-comptable-aveugle-lincontournable-cecite-dhomere\" \/>\n<meta property=\"og:locale\" content=\"fr_FR\" \/>\n<meta property=\"og:type\" content=\"article\" \/>\n<meta property=\"og:title\" content=\"Blind Bookkeeper (or Why Homer Must Be Blind) \/ Le comptable aveugle (l&#039;Incontournable c\u00e9cit\u00e9 d&#039;Hom\u00e8re) - Atlantic Books\" \/>\n<meta property=\"og:description\" content=\"&lt;p&gt;Rich with literary awards and honours, Alberto Manguel extends his literary genius to address and complete a thoughtfully crafted extrapolation on a paper left unfinished by Northrop Frye in 1943. [&hellip;]\" \/>\n<meta property=\"og:url\" content=\"https:\/\/atlanticbooks.ca\/fr\/livres\/blind-bookkeeper-or-why-homer-must-be-blind-le-comptable-aveugle-lincontournable-cecite-dhomere\" \/>\n<meta property=\"og:site_name\" content=\"Atlantic Books\" \/>\n<meta property=\"article:modified_time\" content=\"2022-11-09T21:17:01+00:00\" \/>\n<meta property=\"og:image\" content=\"https:\/\/atlanticbooks.mystagingwebsite.com\/wp-content\/uploads\/biblioshare_attachments\/9780864925169.png\" \/>\n\t<meta property=\"og:image:width\" content=\"312\" \/>\n\t<meta property=\"og:image:height\" content=\"500\" \/>\n\t<meta property=\"og:image:type\" content=\"image\/png\" \/>\n<meta name=\"twitter:card\" content=\"summary_large_image\" \/>\n<meta name=\"twitter:label1\" content=\"Dur\u00e9e de lecture estim\u00e9e\" \/>\n\t<meta name=\"twitter:data1\" content=\"2 minutes\" \/>\n<script type=\"application\/ld+json\" class=\"yoast-schema-graph\">{\"@context\":\"https:\/\/schema.org\",\"@graph\":[{\"@type\":\"WebPage\",\"@id\":\"https:\/\/atlanticbooks.ca\/fr\/livres\/blind-bookkeeper-or-why-homer-must-be-blind-le-comptable-aveugle-lincontournable-cecite-dhomere\",\"url\":\"https:\/\/atlanticbooks.ca\/fr\/livres\/blind-bookkeeper-or-why-homer-must-be-blind-le-comptable-aveugle-lincontournable-cecite-dhomere\",\"name\":\"Blind Bookkeeper (or Why Homer Must Be Blind) \/ Le comptable aveugle (l'Incontournable c\u00e9cit\u00e9 d'Hom\u00e8re) - Atlantic Books\",\"isPartOf\":{\"@id\":\"https:\/\/atlanticbooks.ca\/fr\/#website\"},\"primaryImageOfPage\":{\"@id\":\"https:\/\/atlanticbooks.ca\/fr\/livres\/blind-bookkeeper-or-why-homer-must-be-blind-le-comptable-aveugle-lincontournable-cecite-dhomere#primaryimage\"},\"image\":{\"@id\":\"https:\/\/atlanticbooks.ca\/fr\/livres\/blind-bookkeeper-or-why-homer-must-be-blind-le-comptable-aveugle-lincontournable-cecite-dhomere#primaryimage\"},\"thumbnailUrl\":\"https:\/\/atlanticbooks.ca\/wp-content\/uploads\/biblioshare_attachments\/9780864925169.png\",\"datePublished\":\"2022-02-14T20:02:17+00:00\",\"dateModified\":\"2022-11-09T21:17:01+00:00\",\"breadcrumb\":{\"@id\":\"https:\/\/atlanticbooks.ca\/fr\/livres\/blind-bookkeeper-or-why-homer-must-be-blind-le-comptable-aveugle-lincontournable-cecite-dhomere#breadcrumb\"},\"inLanguage\":\"fr-FR\",\"potentialAction\":[{\"@type\":\"ReadAction\",\"target\":[\"https:\/\/atlanticbooks.ca\/fr\/livres\/blind-bookkeeper-or-why-homer-must-be-blind-le-comptable-aveugle-lincontournable-cecite-dhomere\"]}]},{\"@type\":\"ImageObject\",\"inLanguage\":\"fr-FR\",\"@id\":\"https:\/\/atlanticbooks.ca\/fr\/livres\/blind-bookkeeper-or-why-homer-must-be-blind-le-comptable-aveugle-lincontournable-cecite-dhomere#primaryimage\",\"url\":\"https:\/\/atlanticbooks.ca\/wp-content\/uploads\/biblioshare_attachments\/9780864925169.png\",\"contentUrl\":\"https:\/\/atlanticbooks.ca\/wp-content\/uploads\/biblioshare_attachments\/9780864925169.png\",\"width\":312,\"height\":500},{\"@type\":\"BreadcrumbList\",\"@id\":\"https:\/\/atlanticbooks.ca\/fr\/livres\/blind-bookkeeper-or-why-homer-must-be-blind-le-comptable-aveugle-lincontournable-cecite-dhomere#breadcrumb\",\"itemListElement\":[{\"@type\":\"ListItem\",\"position\":1,\"name\":\"Domicile\",\"item\":\"https:\/\/atlanticbooks.ca\/fr\"},{\"@type\":\"ListItem\",\"position\":2,\"name\":\"Collections\",\"item\":\"https:\/\/atlanticbooks.ca\/fr\/collections\"},{\"@type\":\"ListItem\",\"position\":3,\"name\":\"Blind Bookkeeper (or Why Homer Must Be Blind) \/ Le comptable aveugle (l&#8217;Incontournable c\u00e9cit\u00e9 d&#8217;Hom\u00e8re)\"}]},{\"@type\":\"WebSite\",\"@id\":\"https:\/\/atlanticbooks.ca\/fr\/#website\",\"url\":\"https:\/\/atlanticbooks.ca\/fr\/\",\"name\":\"Atlantic Books\",\"description\":\"Atlantic Books\",\"publisher\":{\"@id\":\"https:\/\/atlanticbooks.ca\/fr\/#organization\"},\"potentialAction\":[{\"@type\":\"SearchAction\",\"target\":{\"@type\":\"EntryPoint\",\"urlTemplate\":\"https:\/\/atlanticbooks.ca\/fr\/?s={search_term_string}\"},\"query-input\":{\"@type\":\"PropertyValueSpecification\",\"valueRequired\":true,\"valueName\":\"search_term_string\"}}],\"inLanguage\":\"fr-FR\"},{\"@type\":\"Organization\",\"@id\":\"https:\/\/atlanticbooks.ca\/fr\/#organization\",\"name\":\"Atlantic Books\",\"url\":\"https:\/\/atlanticbooks.ca\/fr\/\",\"logo\":{\"@type\":\"ImageObject\",\"inLanguage\":\"fr-FR\",\"@id\":\"https:\/\/atlanticbooks.ca\/fr\/#\/schema\/logo\/image\/\",\"url\":\"https:\/\/atlanticbooks.ca\/wp-content\/uploads\/2020\/10\/atlantic-books-logo.png\",\"contentUrl\":\"https:\/\/atlanticbooks.ca\/wp-content\/uploads\/2020\/10\/atlantic-books-logo.png\",\"width\":566,\"height\":111,\"caption\":\"Atlantic Books\"},\"image\":{\"@id\":\"https:\/\/atlanticbooks.ca\/fr\/#\/schema\/logo\/image\/\"}}]}<\/script>\n<!-- \/ Yoast SEO plugin. -->","yoast_head_json":{"title":"Blind Bookkeeper (or Why Homer Must Be Blind) \/ Le comptable aveugle (l'Incontournable c\u00e9cit\u00e9 d'Hom\u00e8re) - Atlantic Books","robots":{"index":"index","follow":"follow","max-snippet":"max-snippet:-1","max-image-preview":"max-image-preview:large","max-video-preview":"max-video-preview:-1"},"canonical":"https:\/\/atlanticbooks.ca\/fr\/livres\/blind-bookkeeper-or-why-homer-must-be-blind-le-comptable-aveugle-lincontournable-cecite-dhomere","og_locale":"fr_FR","og_type":"article","og_title":"Blind Bookkeeper (or Why Homer Must Be Blind) \/ Le comptable aveugle (l'Incontournable c\u00e9cit\u00e9 d'Hom\u00e8re) - Atlantic Books","og_description":"&lt;p&gt;Rich with literary awards and honours, Alberto Manguel extends his literary genius to address and complete a thoughtfully crafted extrapolation on a paper left unfinished by Northrop Frye in 1943. [&hellip;]","og_url":"https:\/\/atlanticbooks.ca\/fr\/livres\/blind-bookkeeper-or-why-homer-must-be-blind-le-comptable-aveugle-lincontournable-cecite-dhomere","og_site_name":"Atlantic Books","article_modified_time":"2022-11-09T21:17:01+00:00","og_image":[{"width":312,"height":500,"url":"https:\/\/atlanticbooks.mystagingwebsite.com\/wp-content\/uploads\/biblioshare_attachments\/9780864925169.png","type":"image\/png"}],"twitter_card":"summary_large_image","twitter_misc":{"Dur\u00e9e de lecture estim\u00e9e":"2 minutes"},"schema":{"@context":"https:\/\/schema.org","@graph":[{"@type":"WebPage","@id":"https:\/\/atlanticbooks.ca\/fr\/livres\/blind-bookkeeper-or-why-homer-must-be-blind-le-comptable-aveugle-lincontournable-cecite-dhomere","url":"https:\/\/atlanticbooks.ca\/fr\/livres\/blind-bookkeeper-or-why-homer-must-be-blind-le-comptable-aveugle-lincontournable-cecite-dhomere","name":"Blind Bookkeeper (or Why Homer Must Be Blind) \/ Le comptable aveugle (l'Incontournable c\u00e9cit\u00e9 d'Hom\u00e8re) - Atlantic Books","isPartOf":{"@id":"https:\/\/atlanticbooks.ca\/fr\/#website"},"primaryImageOfPage":{"@id":"https:\/\/atlanticbooks.ca\/fr\/livres\/blind-bookkeeper-or-why-homer-must-be-blind-le-comptable-aveugle-lincontournable-cecite-dhomere#primaryimage"},"image":{"@id":"https:\/\/atlanticbooks.ca\/fr\/livres\/blind-bookkeeper-or-why-homer-must-be-blind-le-comptable-aveugle-lincontournable-cecite-dhomere#primaryimage"},"thumbnailUrl":"https:\/\/atlanticbooks.ca\/wp-content\/uploads\/biblioshare_attachments\/9780864925169.png","datePublished":"2022-02-14T20:02:17+00:00","dateModified":"2022-11-09T21:17:01+00:00","breadcrumb":{"@id":"https:\/\/atlanticbooks.ca\/fr\/livres\/blind-bookkeeper-or-why-homer-must-be-blind-le-comptable-aveugle-lincontournable-cecite-dhomere#breadcrumb"},"inLanguage":"fr-FR","potentialAction":[{"@type":"ReadAction","target":["https:\/\/atlanticbooks.ca\/fr\/livres\/blind-bookkeeper-or-why-homer-must-be-blind-le-comptable-aveugle-lincontournable-cecite-dhomere"]}]},{"@type":"ImageObject","inLanguage":"fr-FR","@id":"https:\/\/atlanticbooks.ca\/fr\/livres\/blind-bookkeeper-or-why-homer-must-be-blind-le-comptable-aveugle-lincontournable-cecite-dhomere#primaryimage","url":"https:\/\/atlanticbooks.ca\/wp-content\/uploads\/biblioshare_attachments\/9780864925169.png","contentUrl":"https:\/\/atlanticbooks.ca\/wp-content\/uploads\/biblioshare_attachments\/9780864925169.png","width":312,"height":500},{"@type":"BreadcrumbList","@id":"https:\/\/atlanticbooks.ca\/fr\/livres\/blind-bookkeeper-or-why-homer-must-be-blind-le-comptable-aveugle-lincontournable-cecite-dhomere#breadcrumb","itemListElement":[{"@type":"ListItem","position":1,"name":"Domicile","item":"https:\/\/atlanticbooks.ca\/fr"},{"@type":"ListItem","position":2,"name":"Collections","item":"https:\/\/atlanticbooks.ca\/fr\/collections"},{"@type":"ListItem","position":3,"name":"Blind Bookkeeper (or Why Homer Must Be Blind) \/ Le comptable aveugle (l&#8217;Incontournable c\u00e9cit\u00e9 d&#8217;Hom\u00e8re)"}]},{"@type":"WebSite","@id":"https:\/\/atlanticbooks.ca\/fr\/#website","url":"https:\/\/atlanticbooks.ca\/fr\/","name":"Atlantic Books","description":"Atlantic Books","publisher":{"@id":"https:\/\/atlanticbooks.ca\/fr\/#organization"},"potentialAction":[{"@type":"SearchAction","target":{"@type":"EntryPoint","urlTemplate":"https:\/\/atlanticbooks.ca\/fr\/?s={search_term_string}"},"query-input":{"@type":"PropertyValueSpecification","valueRequired":true,"valueName":"search_term_string"}}],"inLanguage":"fr-FR"},{"@type":"Organization","@id":"https:\/\/atlanticbooks.ca\/fr\/#organization","name":"Atlantic Books","url":"https:\/\/atlanticbooks.ca\/fr\/","logo":{"@type":"ImageObject","inLanguage":"fr-FR","@id":"https:\/\/atlanticbooks.ca\/fr\/#\/schema\/logo\/image\/","url":"https:\/\/atlanticbooks.ca\/wp-content\/uploads\/2020\/10\/atlantic-books-logo.png","contentUrl":"https:\/\/atlanticbooks.ca\/wp-content\/uploads\/2020\/10\/atlantic-books-logo.png","width":566,"height":111,"caption":"Atlantic Books"},"image":{"@id":"https:\/\/atlanticbooks.ca\/fr\/#\/schema\/logo\/image\/"}}]}},"_links":{"self":[{"href":"https:\/\/atlanticbooks.ca\/fr\/wp-json\/wp\/v2\/product\/64647","targetHints":{"allow":["GET"]}}],"collection":[{"href":"https:\/\/atlanticbooks.ca\/fr\/wp-json\/wp\/v2\/product"}],"about":[{"href":"https:\/\/atlanticbooks.ca\/fr\/wp-json\/wp\/v2\/types\/product"}],"wp:featuredmedia":[{"embeddable":true,"href":"https:\/\/atlanticbooks.ca\/fr\/wp-json\/wp\/v2\/media\/45730"}],"wp:attachment":[{"href":"https:\/\/atlanticbooks.ca\/fr\/wp-json\/wp\/v2\/media?parent=64647"}],"wp:term":[{"taxonomy":"product_brand","embeddable":true,"href":"https:\/\/atlanticbooks.ca\/fr\/wp-json\/wp\/v2\/product_brand?post=64647"},{"taxonomy":"product_cat","embeddable":true,"href":"https:\/\/atlanticbooks.ca\/fr\/wp-json\/wp\/v2\/product_cat?post=64647"},{"taxonomy":"product_tag","embeddable":true,"href":"https:\/\/atlanticbooks.ca\/fr\/wp-json\/wp\/v2\/product_tag?post=64647"}],"curies":[{"name":"wp","href":"https:\/\/api.w.org\/{rel}","templated":true}]}}