{"id":64556,"date":"2022-11-16T14:07:04","date_gmt":"2022-11-16T14:07:04","guid":{"rendered":"https:\/\/atlanticbooks.ca\/books\/une-journee-poney-pemkiskahkciw-ahahsis\/"},"modified":"2023-05-02T12:49:15","modified_gmt":"2023-05-02T12:49:15","slug":"une-journee-poney-pemkiskahkciw-ahahsis","status":"publish","type":"product","link":"https:\/\/atlanticbooks.ca\/fr\/livres\/une-journee-poney-pemkiskahkciw-ahahsis","title":{"rendered":"Une journ\u00e9e poney! Pemkiskahk&rsquo;ciw ahahsis! A Pony Day!"},"content":{"rendered":"<p>English\/anglais, French\/francais, Wolastoqi<\/p>\n<p>Jos\u00e9phine regarde son grand-p\u00e8re et se demande s\u2019il est s\u00e9rieux. Lui qui aime tant rire ! Un poney n\u2019a ni volant pour le conduire ni fauteuil pour s\u2019y asseoir\u2026 Comment pourra-t-elle rester assise sur un poney et le guider jusqu\u2019\u00e0 l\u2019\u00e9tang ?<\/p>\n<p>La c\u00e9l\u00e8bre collection Wabanaki se transforme ! Compos\u00e9e de six contes traditionnels trilingues des Premi\u00e8res Nations de l\u2019Est du Canada, la collection Wabanaki s\u2019enrichit d\u2019une premi\u00e8re publication en langue wolastoqey.<\/p>\n<p>Ancr\u00e9 dans le pr\u00e9sent, refl\u00e9tant la r\u00e9alit\u00e9 quotidienne des familles d\u2019aujourd\u2019hui, cet ouvrage s\u2019inscrit dans le renouv\u00e8lement des relations entre communaut\u00e9s autochtone et allochtone, auquel Bouton d\u2019or Acadie est fi\u00e8re de contribuer.<\/p>\n<p>Prix Marilyn Trenholme Counsell &#8211; 2019<\/p>\n<p>&lt;p&gt;Jos\u00e9phine looks at her grandfather and wonders whether he&rsquo;s serious. After all, he loves to joke around! A pony has neither a steering wheel to drive it, nor seat to sit in&#8230; how will she ever stay on a pony and guide it to the pond? &lt;\/p&gt;<br \/>\n&lt;p&gt;The famous Wabanaki collection is evolving! Consisting of six trilingual traditional tales from the First Nations of Eastern Canada, the Wabanaki collection now includes a first publication in the language of the Wolastoqiyik. Anchored in the present, reflecting the daily realities of modern families, the work is in keeping with the renewal of relationships between Native and non-native communities, to which Bouton d&rsquo;or Acadie is proud to contribute.&lt;\/p&gt;<\/p>\n","protected":false},"excerpt":{"rendered":"<p>Jos\u00e9phine looks at her grandfather and wonders whether he&rsquo;s serious. After all, he loves to joke around! A pony has neither a steering wheel to drive it, nor seat to sit in&#8230; how will she ever stay on a pony and guide it to the pond?<\/p>\n","protected":false},"featured_media":75425,"template":"","meta":{"_genesis_hide_title":false,"_genesis_hide_breadcrumbs":false,"_genesis_hide_singular_image":false,"_genesis_hide_footer_widgets":false,"_genesis_custom_body_class":"","_genesis_custom_post_class":"","_genesis_layout":""},"product_brand":[],"product_cat":[10712,5818],"product_tag":[],"class_list":{"0":"post-64556","1":"product","2":"type-product","3":"status-publish","4":"has-post-thumbnail","5":"product_language-fre","6":"product_subjects-people-places","7":"product_subjects-canada-people-places","8":"product_subjects-indigenous-canada-people-places","9":"product_subjects-juvenile-fiction","10":"product_reading_range-12729","11":"product_reading_range-12755","12":"product_reading_range-12756","13":"product_reading_range-12757","14":"product_reading_range-12717","15":"product_interest_range-12708","16":"product_interest_range-12709","17":"product_interest_range-12710","18":"product_interest_range-12711","19":"product_interest_range-12712","20":"product_grade_range-kindergarten","21":"product_grade_range-first-grade","22":"product_grade_range-second-grade","23":"product_grade_range-third-grade","24":"product_curriculumsubject-francais-programmes-detudes","25":"product_curriculumsubject-immersion-2","26":"product_curriculumsubject-english-curriculum-subjects","27":"product_curriculumsubject-sciences-humaines-immersion-2","28":"product_curriculumsubject-sciences-humaines","29":"product_curriculumsubject-indigenous-languages","30":"product_curriculumsubject-social-studies","31":"product_curriculumsubject-indigenous-studies","32":"product_provincial_focus-nb","33":"product_edi_priority_areas-cultural-identity","34":"product_edi_priority_areas-race-and-ethnicity","35":"product_edi_author-indigenous-author","36":"product_edi_author-wolastoqiyik-author","37":"product_edi_publisher-acadian-publisher","38":"product_edi_publisher-french-canadian-publisher","39":"product_edi_history_culture-indigenous-histories-cultures","40":"product_edi_history_culture-wolastoqiyik-history-culture","41":"product_edi_characters-indigenous-characters","42":"product_edi_characters-wolastoqiyuk-characters","43":"product_edi_languages-french-language","44":"product_edi_languages-wolastoqiyik-language","45":"biblio_share_tag-juvenile-fiction-people-places-canada-indigenous","46":"product_cat-abc","47":"product_cat-indigenous-voices","48":"product_shipping_class-abc-test","49":"entry","51":"first","52":"instock","53":"taxable","54":"shipping-taxable","55":"purchasable","56":"product-type-simple"},"yoast_head":"<!-- This site is optimized with the Yoast SEO plugin v24.0 - https:\/\/yoast.com\/wordpress\/plugins\/seo\/ -->\n<title>Une journ\u00e9e poney! Pemkiskahk&#039;ciw ahahsis! A Pony Day! - Atlantic Books<\/title>\n<meta name=\"robots\" content=\"index, follow, max-snippet:-1, max-image-preview:large, max-video-preview:-1\" \/>\n<link rel=\"canonical\" href=\"https:\/\/atlanticbooks.ca\/fr\/livres\/une-journee-poney-pemkiskahkciw-ahahsis\" \/>\n<meta property=\"og:locale\" content=\"fr_FR\" \/>\n<meta property=\"og:type\" content=\"article\" \/>\n<meta property=\"og:title\" content=\"Une journ\u00e9e poney! Pemkiskahk&#039;ciw ahahsis! A Pony Day! - Atlantic Books\" \/>\n<meta property=\"og:description\" content=\"Jos\u00e9phine looks at her grandfather and wonders whether he&#039;s serious. After all, he loves to joke around! A pony has neither a steering wheel to drive it, nor seat to sit in... how will she ever stay on a pony and guide it to the pond?\" \/>\n<meta property=\"og:url\" content=\"https:\/\/atlanticbooks.ca\/fr\/livres\/une-journee-poney-pemkiskahkciw-ahahsis\" \/>\n<meta property=\"og:site_name\" content=\"Atlantic Books\" \/>\n<meta property=\"article:modified_time\" content=\"2023-05-02T12:49:15+00:00\" \/>\n<meta property=\"og:image\" content=\"https:\/\/atlanticbooks.mystagingwebsite.com\/wp-content\/uploads\/biblioshare_attachments\/9782897501402.png\" \/>\n\t<meta property=\"og:image:width\" content=\"1900\" \/>\n\t<meta property=\"og:image:height\" content=\"1465\" \/>\n\t<meta property=\"og:image:type\" content=\"image\/png\" \/>\n<meta name=\"twitter:card\" content=\"summary_large_image\" \/>\n<meta name=\"twitter:label1\" content=\"Dur\u00e9e de lecture estim\u00e9e\" \/>\n\t<meta name=\"twitter:data1\" content=\"1 minute\" \/>\n<script type=\"application\/ld+json\" class=\"yoast-schema-graph\">{\"@context\":\"https:\/\/schema.org\",\"@graph\":[{\"@type\":\"WebPage\",\"@id\":\"https:\/\/atlanticbooks.ca\/fr\/livres\/une-journee-poney-pemkiskahkciw-ahahsis\",\"url\":\"https:\/\/atlanticbooks.ca\/fr\/livres\/une-journee-poney-pemkiskahkciw-ahahsis\",\"name\":\"Une journ\u00e9e poney! Pemkiskahk'ciw ahahsis! A Pony Day! - Atlantic Books\",\"isPartOf\":{\"@id\":\"https:\/\/atlanticbooks.ca\/fr\/#website\"},\"primaryImageOfPage\":{\"@id\":\"https:\/\/atlanticbooks.ca\/fr\/livres\/une-journee-poney-pemkiskahkciw-ahahsis#primaryimage\"},\"image\":{\"@id\":\"https:\/\/atlanticbooks.ca\/fr\/livres\/une-journee-poney-pemkiskahkciw-ahahsis#primaryimage\"},\"thumbnailUrl\":\"https:\/\/atlanticbooks.ca\/wp-content\/uploads\/biblioshare_attachments\/9782897501402.png\",\"datePublished\":\"2022-11-16T14:07:04+00:00\",\"dateModified\":\"2023-05-02T12:49:15+00:00\",\"breadcrumb\":{\"@id\":\"https:\/\/atlanticbooks.ca\/fr\/livres\/une-journee-poney-pemkiskahkciw-ahahsis#breadcrumb\"},\"inLanguage\":\"fr-FR\",\"potentialAction\":[{\"@type\":\"ReadAction\",\"target\":[\"https:\/\/atlanticbooks.ca\/fr\/livres\/une-journee-poney-pemkiskahkciw-ahahsis\"]}]},{\"@type\":\"ImageObject\",\"inLanguage\":\"fr-FR\",\"@id\":\"https:\/\/atlanticbooks.ca\/fr\/livres\/une-journee-poney-pemkiskahkciw-ahahsis#primaryimage\",\"url\":\"https:\/\/atlanticbooks.ca\/wp-content\/uploads\/biblioshare_attachments\/9782897501402.png\",\"contentUrl\":\"https:\/\/atlanticbooks.ca\/wp-content\/uploads\/biblioshare_attachments\/9782897501402.png\",\"width\":1900,\"height\":1465},{\"@type\":\"BreadcrumbList\",\"@id\":\"https:\/\/atlanticbooks.ca\/fr\/livres\/une-journee-poney-pemkiskahkciw-ahahsis#breadcrumb\",\"itemListElement\":[{\"@type\":\"ListItem\",\"position\":1,\"name\":\"Domicile\",\"item\":\"https:\/\/atlanticbooks.ca\/fr\"},{\"@type\":\"ListItem\",\"position\":2,\"name\":\"Collections\",\"item\":\"https:\/\/atlanticbooks.ca\/fr\/collections\"},{\"@type\":\"ListItem\",\"position\":3,\"name\":\"Une journ\u00e9e poney! Pemkiskahk&#8217;ciw ahahsis! A Pony Day!\"}]},{\"@type\":\"WebSite\",\"@id\":\"https:\/\/atlanticbooks.ca\/fr\/#website\",\"url\":\"https:\/\/atlanticbooks.ca\/fr\/\",\"name\":\"Atlantic Books\",\"description\":\"Atlantic Books\",\"publisher\":{\"@id\":\"https:\/\/atlanticbooks.ca\/fr\/#organization\"},\"potentialAction\":[{\"@type\":\"SearchAction\",\"target\":{\"@type\":\"EntryPoint\",\"urlTemplate\":\"https:\/\/atlanticbooks.ca\/fr\/?s={search_term_string}\"},\"query-input\":{\"@type\":\"PropertyValueSpecification\",\"valueRequired\":true,\"valueName\":\"search_term_string\"}}],\"inLanguage\":\"fr-FR\"},{\"@type\":\"Organization\",\"@id\":\"https:\/\/atlanticbooks.ca\/fr\/#organization\",\"name\":\"Atlantic Books\",\"url\":\"https:\/\/atlanticbooks.ca\/fr\/\",\"logo\":{\"@type\":\"ImageObject\",\"inLanguage\":\"fr-FR\",\"@id\":\"https:\/\/atlanticbooks.ca\/fr\/#\/schema\/logo\/image\/\",\"url\":\"https:\/\/atlanticbooks.ca\/wp-content\/uploads\/2020\/10\/atlantic-books-logo.png\",\"contentUrl\":\"https:\/\/atlanticbooks.ca\/wp-content\/uploads\/2020\/10\/atlantic-books-logo.png\",\"width\":566,\"height\":111,\"caption\":\"Atlantic Books\"},\"image\":{\"@id\":\"https:\/\/atlanticbooks.ca\/fr\/#\/schema\/logo\/image\/\"}}]}<\/script>\n<!-- \/ Yoast SEO plugin. -->","yoast_head_json":{"title":"Une journ\u00e9e poney! Pemkiskahk'ciw ahahsis! A Pony Day! - Atlantic Books","robots":{"index":"index","follow":"follow","max-snippet":"max-snippet:-1","max-image-preview":"max-image-preview:large","max-video-preview":"max-video-preview:-1"},"canonical":"https:\/\/atlanticbooks.ca\/fr\/livres\/une-journee-poney-pemkiskahkciw-ahahsis","og_locale":"fr_FR","og_type":"article","og_title":"Une journ\u00e9e poney! Pemkiskahk'ciw ahahsis! A Pony Day! - Atlantic Books","og_description":"Jos\u00e9phine looks at her grandfather and wonders whether he's serious. After all, he loves to joke around! A pony has neither a steering wheel to drive it, nor seat to sit in... how will she ever stay on a pony and guide it to the pond?","og_url":"https:\/\/atlanticbooks.ca\/fr\/livres\/une-journee-poney-pemkiskahkciw-ahahsis","og_site_name":"Atlantic Books","article_modified_time":"2023-05-02T12:49:15+00:00","og_image":[{"width":1900,"height":1465,"url":"https:\/\/atlanticbooks.mystagingwebsite.com\/wp-content\/uploads\/biblioshare_attachments\/9782897501402.png","type":"image\/png"}],"twitter_card":"summary_large_image","twitter_misc":{"Dur\u00e9e de lecture estim\u00e9e":"1 minute"},"schema":{"@context":"https:\/\/schema.org","@graph":[{"@type":"WebPage","@id":"https:\/\/atlanticbooks.ca\/fr\/livres\/une-journee-poney-pemkiskahkciw-ahahsis","url":"https:\/\/atlanticbooks.ca\/fr\/livres\/une-journee-poney-pemkiskahkciw-ahahsis","name":"Une journ\u00e9e poney! Pemkiskahk'ciw ahahsis! A Pony Day! - Atlantic Books","isPartOf":{"@id":"https:\/\/atlanticbooks.ca\/fr\/#website"},"primaryImageOfPage":{"@id":"https:\/\/atlanticbooks.ca\/fr\/livres\/une-journee-poney-pemkiskahkciw-ahahsis#primaryimage"},"image":{"@id":"https:\/\/atlanticbooks.ca\/fr\/livres\/une-journee-poney-pemkiskahkciw-ahahsis#primaryimage"},"thumbnailUrl":"https:\/\/atlanticbooks.ca\/wp-content\/uploads\/biblioshare_attachments\/9782897501402.png","datePublished":"2022-11-16T14:07:04+00:00","dateModified":"2023-05-02T12:49:15+00:00","breadcrumb":{"@id":"https:\/\/atlanticbooks.ca\/fr\/livres\/une-journee-poney-pemkiskahkciw-ahahsis#breadcrumb"},"inLanguage":"fr-FR","potentialAction":[{"@type":"ReadAction","target":["https:\/\/atlanticbooks.ca\/fr\/livres\/une-journee-poney-pemkiskahkciw-ahahsis"]}]},{"@type":"ImageObject","inLanguage":"fr-FR","@id":"https:\/\/atlanticbooks.ca\/fr\/livres\/une-journee-poney-pemkiskahkciw-ahahsis#primaryimage","url":"https:\/\/atlanticbooks.ca\/wp-content\/uploads\/biblioshare_attachments\/9782897501402.png","contentUrl":"https:\/\/atlanticbooks.ca\/wp-content\/uploads\/biblioshare_attachments\/9782897501402.png","width":1900,"height":1465},{"@type":"BreadcrumbList","@id":"https:\/\/atlanticbooks.ca\/fr\/livres\/une-journee-poney-pemkiskahkciw-ahahsis#breadcrumb","itemListElement":[{"@type":"ListItem","position":1,"name":"Domicile","item":"https:\/\/atlanticbooks.ca\/fr"},{"@type":"ListItem","position":2,"name":"Collections","item":"https:\/\/atlanticbooks.ca\/fr\/collections"},{"@type":"ListItem","position":3,"name":"Une journ\u00e9e poney! Pemkiskahk&#8217;ciw ahahsis! A Pony Day!"}]},{"@type":"WebSite","@id":"https:\/\/atlanticbooks.ca\/fr\/#website","url":"https:\/\/atlanticbooks.ca\/fr\/","name":"Atlantic Books","description":"Atlantic Books","publisher":{"@id":"https:\/\/atlanticbooks.ca\/fr\/#organization"},"potentialAction":[{"@type":"SearchAction","target":{"@type":"EntryPoint","urlTemplate":"https:\/\/atlanticbooks.ca\/fr\/?s={search_term_string}"},"query-input":{"@type":"PropertyValueSpecification","valueRequired":true,"valueName":"search_term_string"}}],"inLanguage":"fr-FR"},{"@type":"Organization","@id":"https:\/\/atlanticbooks.ca\/fr\/#organization","name":"Atlantic Books","url":"https:\/\/atlanticbooks.ca\/fr\/","logo":{"@type":"ImageObject","inLanguage":"fr-FR","@id":"https:\/\/atlanticbooks.ca\/fr\/#\/schema\/logo\/image\/","url":"https:\/\/atlanticbooks.ca\/wp-content\/uploads\/2020\/10\/atlantic-books-logo.png","contentUrl":"https:\/\/atlanticbooks.ca\/wp-content\/uploads\/2020\/10\/atlantic-books-logo.png","width":566,"height":111,"caption":"Atlantic Books"},"image":{"@id":"https:\/\/atlanticbooks.ca\/fr\/#\/schema\/logo\/image\/"}}]}},"_links":{"self":[{"href":"https:\/\/atlanticbooks.ca\/fr\/wp-json\/wp\/v2\/product\/64556","targetHints":{"allow":["GET"]}}],"collection":[{"href":"https:\/\/atlanticbooks.ca\/fr\/wp-json\/wp\/v2\/product"}],"about":[{"href":"https:\/\/atlanticbooks.ca\/fr\/wp-json\/wp\/v2\/types\/product"}],"wp:featuredmedia":[{"embeddable":true,"href":"https:\/\/atlanticbooks.ca\/fr\/wp-json\/wp\/v2\/media\/75425"}],"wp:attachment":[{"href":"https:\/\/atlanticbooks.ca\/fr\/wp-json\/wp\/v2\/media?parent=64556"}],"wp:term":[{"taxonomy":"product_brand","embeddable":true,"href":"https:\/\/atlanticbooks.ca\/fr\/wp-json\/wp\/v2\/product_brand?post=64556"},{"taxonomy":"product_cat","embeddable":true,"href":"https:\/\/atlanticbooks.ca\/fr\/wp-json\/wp\/v2\/product_cat?post=64556"},{"taxonomy":"product_tag","embeddable":true,"href":"https:\/\/atlanticbooks.ca\/fr\/wp-json\/wp\/v2\/product_tag?post=64556"}],"curies":[{"name":"wp","href":"https:\/\/api.w.org\/{rel}","templated":true}]}}