{"id":64305,"date":"2022-08-18T20:27:50","date_gmt":"2022-08-18T20:27:50","guid":{"rendered":"https:\/\/atlanticbooks.ca\/books\/sous-ma-roche\/"},"modified":"2022-11-09T21:07:03","modified_gmt":"2022-11-09T21:07:03","slug":"sous-ma-roche","status":"publish","type":"product","link":"https:\/\/atlanticbooks.ca\/fr\/livres\/sous-ma-roche","title":{"rendered":"Sous ma roche"},"content":{"rendered":"<p>Quand un enfant curieux soul\u00e8ve une grosse pierre, un univers myst\u00e9rieux de cr\u00e9atures grouillantes et parfois gluantes s\u2019ouvre \u00e0 lui. Car l\u00e0 o\u00f9 les adultes font les d\u00e9daigneux, les jeunes explorateurs d\u00e9couvrent des tr\u00e9sors ! \u00ab Un forficule cr\u00e8ve des bulles. \u00bb Mais qu\u2019est-ce qu\u2019un forficule ? Les petits aimeront d\u00e9couvrir ce qu\u2019il y a sous la roche, et les plus grands feront la grimace en riant !<\/p>\n<p>L\u2019effet entra\u00eenant des courtes phrases rim\u00e9es et rythm\u00e9e, conjugu\u00e9 avec le flamboiement des illustrations pleines d\u2019humour de Danica Brine, soutiennent l\u2019apprentissage de l\u2019enfant, tant en lecture qu\u2019en sciences naturelles. Apr\u00e8s le succ\u00e8s de Sous mon lit (publi\u00e9 en 2013, r\u00e9imprim\u00e9 en 2014), Chantal Duguay Mallet nous revient avec un autre bestiaire \u00e9clatant !<\/p>\n","protected":false},"excerpt":{"rendered":"<p>Quand un enfant curieux soul\u00e8ve une grosse pierre, un univers myst\u00e9rieux de cr\u00e9atures grouillantes et parfois gluantes s\u2019ouvre \u00e0 lui. Car l\u00e0 o\u00f9 les adultes font les d\u00e9daigneux, les jeunes [&hellip;]<\/p>\n","protected":false},"featured_media":67686,"template":"","meta":{"_genesis_hide_title":false,"_genesis_hide_breadcrumbs":false,"_genesis_hide_singular_image":false,"_genesis_hide_footer_widgets":false,"_genesis_custom_body_class":"","_genesis_custom_post_class":"","_genesis_layout":""},"product_brand":[],"product_cat":[12776],"product_tag":[],"class_list":{"0":"post-64305","1":"product","2":"type-product","3":"status-publish","4":"has-post-thumbnail","5":"product_subjects-general-juvenile-fiction-fr","6":"product_subjects-juvenile-fiction-fr","7":"product_curriculumsubject-francais-programmes-detudes-fr","8":"product_curriculumsubject-immersion-2-fr","9":"product_curriculumsubject-francais-arts-langagiers-fr","10":"product_curriculumsubject-francais-arts-langagiers-im-fr","11":"product_edi_languages-francais-fr","12":"biblio_share_tag-juvenile-fiction-general-fr","13":"product_cat-abc-fr-2","14":"product_shipping_class-abc-test-fr","15":"entry","17":"first","18":"instock","19":"taxable","20":"shipping-taxable","21":"purchasable","22":"product-type-simple"},"yoast_head":"<!-- This site is optimized with the Yoast SEO plugin v24.0 - https:\/\/yoast.com\/wordpress\/plugins\/seo\/ -->\n<title>Sous ma roche - Atlantic Books<\/title>\n<meta name=\"robots\" content=\"index, follow, max-snippet:-1, max-image-preview:large, max-video-preview:-1\" \/>\n<link rel=\"canonical\" href=\"https:\/\/atlanticbooks.ca\/fr\/livres\/sous-ma-roche\" \/>\n<meta property=\"og:locale\" content=\"fr_FR\" \/>\n<meta property=\"og:type\" content=\"article\" \/>\n<meta property=\"og:title\" content=\"Sous ma roche - Atlantic Books\" \/>\n<meta property=\"og:description\" content=\"Quand un enfant curieux soul\u00e8ve une grosse pierre, un univers myst\u00e9rieux de cr\u00e9atures grouillantes et parfois gluantes s\u2019ouvre \u00e0 lui. Car l\u00e0 o\u00f9 les adultes font les d\u00e9daigneux, les jeunes [&hellip;]\" \/>\n<meta property=\"og:url\" content=\"https:\/\/atlanticbooks.ca\/fr\/livres\/sous-ma-roche\" \/>\n<meta property=\"og:site_name\" content=\"Atlantic Books\" \/>\n<meta property=\"article:modified_time\" content=\"2022-11-09T21:07:03+00:00\" \/>\n<meta property=\"og:image\" content=\"https:\/\/atlanticbooks.mystagingwebsite.com\/wp-content\/uploads\/2022\/08\/sous-ma-roche-3.jpg\" \/>\n\t<meta property=\"og:image:width\" content=\"900\" \/>\n\t<meta property=\"og:image:height\" content=\"595\" \/>\n\t<meta property=\"og:image:type\" content=\"image\/jpeg\" \/>\n<meta name=\"twitter:card\" content=\"summary_large_image\" \/>\n<meta name=\"twitter:label1\" content=\"Dur\u00e9e de lecture estim\u00e9e\" \/>\n\t<meta name=\"twitter:data1\" content=\"1 minute\" \/>\n<script type=\"application\/ld+json\" class=\"yoast-schema-graph\">{\"@context\":\"https:\/\/schema.org\",\"@graph\":[{\"@type\":\"WebPage\",\"@id\":\"https:\/\/atlanticbooks.ca\/fr\/livres\/sous-ma-roche\",\"url\":\"https:\/\/atlanticbooks.ca\/fr\/livres\/sous-ma-roche\",\"name\":\"Sous ma roche - Atlantic Books\",\"isPartOf\":{\"@id\":\"https:\/\/atlanticbooks.ca\/fr\/#website\"},\"primaryImageOfPage\":{\"@id\":\"https:\/\/atlanticbooks.ca\/fr\/livres\/sous-ma-roche#primaryimage\"},\"image\":{\"@id\":\"https:\/\/atlanticbooks.ca\/fr\/livres\/sous-ma-roche#primaryimage\"},\"thumbnailUrl\":\"https:\/\/atlanticbooks.ca\/wp-content\/uploads\/2022\/08\/sous-ma-roche-3.jpg\",\"datePublished\":\"2022-08-18T20:27:50+00:00\",\"dateModified\":\"2022-11-09T21:07:03+00:00\",\"breadcrumb\":{\"@id\":\"https:\/\/atlanticbooks.ca\/fr\/livres\/sous-ma-roche#breadcrumb\"},\"inLanguage\":\"fr-FR\",\"potentialAction\":[{\"@type\":\"ReadAction\",\"target\":[\"https:\/\/atlanticbooks.ca\/fr\/livres\/sous-ma-roche\"]}]},{\"@type\":\"ImageObject\",\"inLanguage\":\"fr-FR\",\"@id\":\"https:\/\/atlanticbooks.ca\/fr\/livres\/sous-ma-roche#primaryimage\",\"url\":\"https:\/\/atlanticbooks.ca\/wp-content\/uploads\/2022\/08\/sous-ma-roche-3.jpg\",\"contentUrl\":\"https:\/\/atlanticbooks.ca\/wp-content\/uploads\/2022\/08\/sous-ma-roche-3.jpg\",\"width\":900,\"height\":595,\"caption\":\"sous ma roche cover\"},{\"@type\":\"BreadcrumbList\",\"@id\":\"https:\/\/atlanticbooks.ca\/fr\/livres\/sous-ma-roche#breadcrumb\",\"itemListElement\":[{\"@type\":\"ListItem\",\"position\":1,\"name\":\"Domicile\",\"item\":\"https:\/\/atlanticbooks.ca\/fr\"},{\"@type\":\"ListItem\",\"position\":2,\"name\":\"Collections\",\"item\":\"https:\/\/atlanticbooks.ca\/fr\/collections\"},{\"@type\":\"ListItem\",\"position\":3,\"name\":\"Sous ma roche\"}]},{\"@type\":\"WebSite\",\"@id\":\"https:\/\/atlanticbooks.ca\/fr\/#website\",\"url\":\"https:\/\/atlanticbooks.ca\/fr\/\",\"name\":\"Atlantic Books\",\"description\":\"Atlantic Books\",\"publisher\":{\"@id\":\"https:\/\/atlanticbooks.ca\/fr\/#organization\"},\"potentialAction\":[{\"@type\":\"SearchAction\",\"target\":{\"@type\":\"EntryPoint\",\"urlTemplate\":\"https:\/\/atlanticbooks.ca\/fr\/?s={search_term_string}\"},\"query-input\":{\"@type\":\"PropertyValueSpecification\",\"valueRequired\":true,\"valueName\":\"search_term_string\"}}],\"inLanguage\":\"fr-FR\"},{\"@type\":\"Organization\",\"@id\":\"https:\/\/atlanticbooks.ca\/fr\/#organization\",\"name\":\"Atlantic Books\",\"url\":\"https:\/\/atlanticbooks.ca\/fr\/\",\"logo\":{\"@type\":\"ImageObject\",\"inLanguage\":\"fr-FR\",\"@id\":\"https:\/\/atlanticbooks.ca\/fr\/#\/schema\/logo\/image\/\",\"url\":\"https:\/\/atlanticbooks.ca\/wp-content\/uploads\/2020\/10\/atlantic-books-logo.png\",\"contentUrl\":\"https:\/\/atlanticbooks.ca\/wp-content\/uploads\/2020\/10\/atlantic-books-logo.png\",\"width\":566,\"height\":111,\"caption\":\"Atlantic Books\"},\"image\":{\"@id\":\"https:\/\/atlanticbooks.ca\/fr\/#\/schema\/logo\/image\/\"}}]}<\/script>\n<!-- \/ Yoast SEO plugin. -->","yoast_head_json":{"title":"Sous ma roche - Atlantic Books","robots":{"index":"index","follow":"follow","max-snippet":"max-snippet:-1","max-image-preview":"max-image-preview:large","max-video-preview":"max-video-preview:-1"},"canonical":"https:\/\/atlanticbooks.ca\/fr\/livres\/sous-ma-roche","og_locale":"fr_FR","og_type":"article","og_title":"Sous ma roche - Atlantic Books","og_description":"Quand un enfant curieux soul\u00e8ve une grosse pierre, un univers myst\u00e9rieux de cr\u00e9atures grouillantes et parfois gluantes s\u2019ouvre \u00e0 lui. Car l\u00e0 o\u00f9 les adultes font les d\u00e9daigneux, les jeunes [&hellip;]","og_url":"https:\/\/atlanticbooks.ca\/fr\/livres\/sous-ma-roche","og_site_name":"Atlantic Books","article_modified_time":"2022-11-09T21:07:03+00:00","og_image":[{"width":900,"height":595,"url":"https:\/\/atlanticbooks.mystagingwebsite.com\/wp-content\/uploads\/2022\/08\/sous-ma-roche-3.jpg","type":"image\/jpeg"}],"twitter_card":"summary_large_image","twitter_misc":{"Dur\u00e9e de lecture estim\u00e9e":"1 minute"},"schema":{"@context":"https:\/\/schema.org","@graph":[{"@type":"WebPage","@id":"https:\/\/atlanticbooks.ca\/fr\/livres\/sous-ma-roche","url":"https:\/\/atlanticbooks.ca\/fr\/livres\/sous-ma-roche","name":"Sous ma roche - Atlantic Books","isPartOf":{"@id":"https:\/\/atlanticbooks.ca\/fr\/#website"},"primaryImageOfPage":{"@id":"https:\/\/atlanticbooks.ca\/fr\/livres\/sous-ma-roche#primaryimage"},"image":{"@id":"https:\/\/atlanticbooks.ca\/fr\/livres\/sous-ma-roche#primaryimage"},"thumbnailUrl":"https:\/\/atlanticbooks.ca\/wp-content\/uploads\/2022\/08\/sous-ma-roche-3.jpg","datePublished":"2022-08-18T20:27:50+00:00","dateModified":"2022-11-09T21:07:03+00:00","breadcrumb":{"@id":"https:\/\/atlanticbooks.ca\/fr\/livres\/sous-ma-roche#breadcrumb"},"inLanguage":"fr-FR","potentialAction":[{"@type":"ReadAction","target":["https:\/\/atlanticbooks.ca\/fr\/livres\/sous-ma-roche"]}]},{"@type":"ImageObject","inLanguage":"fr-FR","@id":"https:\/\/atlanticbooks.ca\/fr\/livres\/sous-ma-roche#primaryimage","url":"https:\/\/atlanticbooks.ca\/wp-content\/uploads\/2022\/08\/sous-ma-roche-3.jpg","contentUrl":"https:\/\/atlanticbooks.ca\/wp-content\/uploads\/2022\/08\/sous-ma-roche-3.jpg","width":900,"height":595,"caption":"sous ma roche cover"},{"@type":"BreadcrumbList","@id":"https:\/\/atlanticbooks.ca\/fr\/livres\/sous-ma-roche#breadcrumb","itemListElement":[{"@type":"ListItem","position":1,"name":"Domicile","item":"https:\/\/atlanticbooks.ca\/fr"},{"@type":"ListItem","position":2,"name":"Collections","item":"https:\/\/atlanticbooks.ca\/fr\/collections"},{"@type":"ListItem","position":3,"name":"Sous ma roche"}]},{"@type":"WebSite","@id":"https:\/\/atlanticbooks.ca\/fr\/#website","url":"https:\/\/atlanticbooks.ca\/fr\/","name":"Atlantic Books","description":"Atlantic Books","publisher":{"@id":"https:\/\/atlanticbooks.ca\/fr\/#organization"},"potentialAction":[{"@type":"SearchAction","target":{"@type":"EntryPoint","urlTemplate":"https:\/\/atlanticbooks.ca\/fr\/?s={search_term_string}"},"query-input":{"@type":"PropertyValueSpecification","valueRequired":true,"valueName":"search_term_string"}}],"inLanguage":"fr-FR"},{"@type":"Organization","@id":"https:\/\/atlanticbooks.ca\/fr\/#organization","name":"Atlantic Books","url":"https:\/\/atlanticbooks.ca\/fr\/","logo":{"@type":"ImageObject","inLanguage":"fr-FR","@id":"https:\/\/atlanticbooks.ca\/fr\/#\/schema\/logo\/image\/","url":"https:\/\/atlanticbooks.ca\/wp-content\/uploads\/2020\/10\/atlantic-books-logo.png","contentUrl":"https:\/\/atlanticbooks.ca\/wp-content\/uploads\/2020\/10\/atlantic-books-logo.png","width":566,"height":111,"caption":"Atlantic Books"},"image":{"@id":"https:\/\/atlanticbooks.ca\/fr\/#\/schema\/logo\/image\/"}}]}},"_links":{"self":[{"href":"https:\/\/atlanticbooks.ca\/fr\/wp-json\/wp\/v2\/product\/64305","targetHints":{"allow":["GET"]}}],"collection":[{"href":"https:\/\/atlanticbooks.ca\/fr\/wp-json\/wp\/v2\/product"}],"about":[{"href":"https:\/\/atlanticbooks.ca\/fr\/wp-json\/wp\/v2\/types\/product"}],"wp:featuredmedia":[{"embeddable":true,"href":"https:\/\/atlanticbooks.ca\/fr\/wp-json\/wp\/v2\/media\/67686"}],"wp:attachment":[{"href":"https:\/\/atlanticbooks.ca\/fr\/wp-json\/wp\/v2\/media?parent=64305"}],"wp:term":[{"taxonomy":"product_brand","embeddable":true,"href":"https:\/\/atlanticbooks.ca\/fr\/wp-json\/wp\/v2\/product_brand?post=64305"},{"taxonomy":"product_cat","embeddable":true,"href":"https:\/\/atlanticbooks.ca\/fr\/wp-json\/wp\/v2\/product_cat?post=64305"},{"taxonomy":"product_tag","embeddable":true,"href":"https:\/\/atlanticbooks.ca\/fr\/wp-json\/wp\/v2\/product_tag?post=64305"}],"curies":[{"name":"wp","href":"https:\/\/api.w.org\/{rel}","templated":true}]}}