{"id":64265,"date":"2022-08-18T20:36:01","date_gmt":"2022-08-18T20:36:01","guid":{"rendered":"https:\/\/atlanticbooks.ca\/books\/jean-le-chasseur-et-ses-chiens\/"},"modified":"2022-11-09T21:05:53","modified_gmt":"2022-11-09T21:05:53","slug":"jean-le-chasseur-et-ses-chiens","status":"publish","type":"product","link":"https:\/\/atlanticbooks.ca\/fr\/livres\/jean-le-chasseur-et-ses-chiens","title":{"rendered":"Jean-le-Chasseur et ses chiens"},"content":{"rendered":"<p>English description follows.<\/p>\n<p>Une co\u00e9dition avec Les Presses de l&rsquo;Universit\u00e9 de Louisiane \u00e0 Lafayette<\/p>\n<p>Attention\u2009: aventure palpitante et un peu sanglante, issue de l\u2019oralit\u00e9 fabuleuse de la Louisiane francophone\u2009&#8230;Chiens-revenants et princesses-sorci\u00e8res en sus\u2009!<\/p>\n<p>Jean-le-Chasseur ne se s\u00e9pare jamais de ses chiens pisteurs.\u00a0\u00a0Un jour, il rencontre dans un verger, une jeune fille enchanteresse. Celle-ci accepte de l&rsquo;\u00e9pouser,\u00a0\u00a0mais Jean doit se d\u00e9faire de ses chiens. Heureusement que la m\u00e8re de Jean se m\u00e9fie\u2026 les chiens ne resteront pas morts longtemps.<\/p>\n<p>&lt;p&gt;Warning: this book contains heart-pounding and mildly bloody adventure, taken right from the wonderful oral storytelling style of Francophone Louisiana. Zombie-dogs and witch-princesses ahead!&lt;\/p&gt;&lt;p&gt; Jean-the-Hunter is never apart from his tracking dogs. One day, he meets a young enchantress in an orchard. She agrees to marry him, but only if Jean gets rid of his dogs. Luckily, Jean&rsquo;s mother distrusts her&#8230;and the dogs won&rsquo;t stay dead for very long.&lt;\/p&gt;<\/p>\n","protected":false},"excerpt":{"rendered":"<p>&lt;p&gt;Warning: this book contains heart-pounding and mildly bloody adventure, taken right from the wonderful oral storytelling style of Francophone Louisiana. Zombie-dogs and witch-princesses ahead!&lt;\/p&gt;&lt;p&gt; Jean-the-Hunter is never apart from his tracking dogs. One day, he meets a young enchantress in an orchard. She agrees to marry him, but only if Jean gets rid of his dogs. Luckily, Jean&rsquo;s mother distrusts her&#8230;and the dogs won&rsquo;t stay dead for very long.&lt;\/p&gt;<\/p>\n","protected":false},"featured_media":58910,"template":"","meta":{"_genesis_hide_title":false,"_genesis_hide_breadcrumbs":false,"_genesis_hide_singular_image":false,"_genesis_hide_footer_widgets":false,"_genesis_custom_body_class":"","_genesis_custom_post_class":"","_genesis_layout":""},"product_brand":[],"product_cat":[12776],"product_tag":[],"class_list":{"0":"post-64265","1":"product","2":"type-product","3":"status-publish","4":"has-post-thumbnail","5":"product_language-fre","6":"product_subjects-general-fairy-tales-folklore-fr","7":"product_subjects-fairy-tales-folklore-fr","8":"product_subjects-juvenile-fiction-fr","9":"product_reading_range-14-fr","10":"product_reading_range-10-fr","11":"product_reading_range-11-fr","12":"product_reading_range-12-fr","13":"product_reading_range-13-fr","14":"product_interest_range-13-fr","15":"product_interest_range-10-fr","16":"product_interest_range-11-fr","17":"product_interest_range-12-fr","18":"product_interest_range-14-fr","19":"product_grade_range-fourth-grade-fr","20":"product_grade_range-fifth-grade-fr","21":"product_grade_range-sixth-grade-fr","22":"product_grade_range-seventh-grade-fr","23":"product_grade_range-eighth-grade-fr","24":"product_curriculumsubject-francais-programmes-detudes-fr","25":"product_curriculumsubject-immersion-2-fr","26":"product_curriculumsubject-francais-arts-langagiers-fr","27":"product_curriculumsubject-francais-arts-langagiers-im-fr","28":"product_edi_languages-francais-fr","29":"biblio_share_tag-juvenile-fiction-fairy-tales-folklore-general-fr","30":"product_cat-abc-fr-2","31":"product_shipping_class-abc-test-fr","32":"entry","34":"first","35":"instock","36":"taxable","37":"shipping-taxable","38":"purchasable","39":"product-type-simple"},"yoast_head":"<!-- This site is optimized with the Yoast SEO plugin v24.0 - https:\/\/yoast.com\/wordpress\/plugins\/seo\/ -->\n<title>Jean-le-Chasseur et ses chiens - Atlantic Books<\/title>\n<meta name=\"robots\" content=\"index, follow, max-snippet:-1, max-image-preview:large, max-video-preview:-1\" \/>\n<link rel=\"canonical\" href=\"https:\/\/atlanticbooks.ca\/fr\/livres\/jean-le-chasseur-et-ses-chiens\" \/>\n<meta property=\"og:locale\" content=\"fr_FR\" \/>\n<meta property=\"og:type\" content=\"article\" \/>\n<meta property=\"og:title\" content=\"Jean-le-Chasseur et ses chiens - Atlantic Books\" \/>\n<meta property=\"og:description\" content=\"&lt;p&gt;Warning: this book contains heart-pounding and mildly bloody adventure, taken right from the wonderful oral storytelling style of Francophone Louisiana. Zombie-dogs and witch-princesses ahead!&lt;\/p&gt;&lt;p&gt; Jean-the-Hunter is never apart from his tracking dogs. One day, he meets a young enchantress in an orchard. She agrees to marry him, but only if Jean gets rid of his dogs. Luckily, Jean&#039;s mother distrusts her...and the dogs won&#039;t stay dead for very long.&lt;\/p&gt;\" \/>\n<meta property=\"og:url\" content=\"https:\/\/atlanticbooks.ca\/fr\/livres\/jean-le-chasseur-et-ses-chiens\" \/>\n<meta property=\"og:site_name\" content=\"Atlantic Books\" \/>\n<meta property=\"article:modified_time\" content=\"2022-11-09T21:05:53+00:00\" \/>\n<meta property=\"og:image\" content=\"https:\/\/atlanticbooks.mystagingwebsite.com\/wp-content\/uploads\/2022\/08\/TT-13_Jeanlechasseur-1024x1024.jpg\" \/>\n\t<meta property=\"og:image:width\" content=\"1024\" \/>\n\t<meta property=\"og:image:height\" content=\"1024\" \/>\n\t<meta property=\"og:image:type\" content=\"image\/jpeg\" \/>\n<meta name=\"twitter:card\" content=\"summary_large_image\" \/>\n<meta name=\"twitter:label1\" content=\"Dur\u00e9e de lecture estim\u00e9e\" \/>\n\t<meta name=\"twitter:data1\" content=\"1 minute\" \/>\n<script type=\"application\/ld+json\" class=\"yoast-schema-graph\">{\"@context\":\"https:\/\/schema.org\",\"@graph\":[{\"@type\":\"WebPage\",\"@id\":\"https:\/\/atlanticbooks.ca\/fr\/livres\/jean-le-chasseur-et-ses-chiens\",\"url\":\"https:\/\/atlanticbooks.ca\/fr\/livres\/jean-le-chasseur-et-ses-chiens\",\"name\":\"Jean-le-Chasseur et ses chiens - Atlantic Books\",\"isPartOf\":{\"@id\":\"https:\/\/atlanticbooks.ca\/fr\/#website\"},\"primaryImageOfPage\":{\"@id\":\"https:\/\/atlanticbooks.ca\/fr\/livres\/jean-le-chasseur-et-ses-chiens#primaryimage\"},\"image\":{\"@id\":\"https:\/\/atlanticbooks.ca\/fr\/livres\/jean-le-chasseur-et-ses-chiens#primaryimage\"},\"thumbnailUrl\":\"https:\/\/atlanticbooks.ca\/wp-content\/uploads\/2022\/08\/TT-13_Jeanlechasseur.jpg\",\"datePublished\":\"2022-08-18T20:36:01+00:00\",\"dateModified\":\"2022-11-09T21:05:53+00:00\",\"breadcrumb\":{\"@id\":\"https:\/\/atlanticbooks.ca\/fr\/livres\/jean-le-chasseur-et-ses-chiens#breadcrumb\"},\"inLanguage\":\"fr-FR\",\"potentialAction\":[{\"@type\":\"ReadAction\",\"target\":[\"https:\/\/atlanticbooks.ca\/fr\/livres\/jean-le-chasseur-et-ses-chiens\"]}]},{\"@type\":\"ImageObject\",\"inLanguage\":\"fr-FR\",\"@id\":\"https:\/\/atlanticbooks.ca\/fr\/livres\/jean-le-chasseur-et-ses-chiens#primaryimage\",\"url\":\"https:\/\/atlanticbooks.ca\/wp-content\/uploads\/2022\/08\/TT-13_Jeanlechasseur.jpg\",\"contentUrl\":\"https:\/\/atlanticbooks.ca\/wp-content\/uploads\/2022\/08\/TT-13_Jeanlechasseur.jpg\",\"width\":2100,\"height\":2100,\"caption\":\"Jean le Chasseur cover\"},{\"@type\":\"BreadcrumbList\",\"@id\":\"https:\/\/atlanticbooks.ca\/fr\/livres\/jean-le-chasseur-et-ses-chiens#breadcrumb\",\"itemListElement\":[{\"@type\":\"ListItem\",\"position\":1,\"name\":\"Domicile\",\"item\":\"https:\/\/atlanticbooks.ca\/fr\"},{\"@type\":\"ListItem\",\"position\":2,\"name\":\"Collections\",\"item\":\"https:\/\/atlanticbooks.ca\/fr\/collections\"},{\"@type\":\"ListItem\",\"position\":3,\"name\":\"Jean-le-Chasseur et ses chiens\"}]},{\"@type\":\"WebSite\",\"@id\":\"https:\/\/atlanticbooks.ca\/fr\/#website\",\"url\":\"https:\/\/atlanticbooks.ca\/fr\/\",\"name\":\"Atlantic Books\",\"description\":\"Atlantic Books\",\"publisher\":{\"@id\":\"https:\/\/atlanticbooks.ca\/fr\/#organization\"},\"potentialAction\":[{\"@type\":\"SearchAction\",\"target\":{\"@type\":\"EntryPoint\",\"urlTemplate\":\"https:\/\/atlanticbooks.ca\/fr\/?s={search_term_string}\"},\"query-input\":{\"@type\":\"PropertyValueSpecification\",\"valueRequired\":true,\"valueName\":\"search_term_string\"}}],\"inLanguage\":\"fr-FR\"},{\"@type\":\"Organization\",\"@id\":\"https:\/\/atlanticbooks.ca\/fr\/#organization\",\"name\":\"Atlantic Books\",\"url\":\"https:\/\/atlanticbooks.ca\/fr\/\",\"logo\":{\"@type\":\"ImageObject\",\"inLanguage\":\"fr-FR\",\"@id\":\"https:\/\/atlanticbooks.ca\/fr\/#\/schema\/logo\/image\/\",\"url\":\"https:\/\/atlanticbooks.ca\/wp-content\/uploads\/2020\/10\/atlantic-books-logo.png\",\"contentUrl\":\"https:\/\/atlanticbooks.ca\/wp-content\/uploads\/2020\/10\/atlantic-books-logo.png\",\"width\":566,\"height\":111,\"caption\":\"Atlantic Books\"},\"image\":{\"@id\":\"https:\/\/atlanticbooks.ca\/fr\/#\/schema\/logo\/image\/\"}}]}<\/script>\n<!-- \/ Yoast SEO plugin. -->","yoast_head_json":{"title":"Jean-le-Chasseur et ses chiens - Atlantic Books","robots":{"index":"index","follow":"follow","max-snippet":"max-snippet:-1","max-image-preview":"max-image-preview:large","max-video-preview":"max-video-preview:-1"},"canonical":"https:\/\/atlanticbooks.ca\/fr\/livres\/jean-le-chasseur-et-ses-chiens","og_locale":"fr_FR","og_type":"article","og_title":"Jean-le-Chasseur et ses chiens - Atlantic Books","og_description":"&lt;p&gt;Warning: this book contains heart-pounding and mildly bloody adventure, taken right from the wonderful oral storytelling style of Francophone Louisiana. Zombie-dogs and witch-princesses ahead!&lt;\/p&gt;&lt;p&gt; Jean-the-Hunter is never apart from his tracking dogs. One day, he meets a young enchantress in an orchard. She agrees to marry him, but only if Jean gets rid of his dogs. Luckily, Jean's mother distrusts her...and the dogs won't stay dead for very long.&lt;\/p&gt;","og_url":"https:\/\/atlanticbooks.ca\/fr\/livres\/jean-le-chasseur-et-ses-chiens","og_site_name":"Atlantic Books","article_modified_time":"2022-11-09T21:05:53+00:00","og_image":[{"width":1024,"height":1024,"url":"https:\/\/atlanticbooks.mystagingwebsite.com\/wp-content\/uploads\/2022\/08\/TT-13_Jeanlechasseur-1024x1024.jpg","type":"image\/jpeg"}],"twitter_card":"summary_large_image","twitter_misc":{"Dur\u00e9e de lecture estim\u00e9e":"1 minute"},"schema":{"@context":"https:\/\/schema.org","@graph":[{"@type":"WebPage","@id":"https:\/\/atlanticbooks.ca\/fr\/livres\/jean-le-chasseur-et-ses-chiens","url":"https:\/\/atlanticbooks.ca\/fr\/livres\/jean-le-chasseur-et-ses-chiens","name":"Jean-le-Chasseur et ses chiens - Atlantic Books","isPartOf":{"@id":"https:\/\/atlanticbooks.ca\/fr\/#website"},"primaryImageOfPage":{"@id":"https:\/\/atlanticbooks.ca\/fr\/livres\/jean-le-chasseur-et-ses-chiens#primaryimage"},"image":{"@id":"https:\/\/atlanticbooks.ca\/fr\/livres\/jean-le-chasseur-et-ses-chiens#primaryimage"},"thumbnailUrl":"https:\/\/atlanticbooks.ca\/wp-content\/uploads\/2022\/08\/TT-13_Jeanlechasseur.jpg","datePublished":"2022-08-18T20:36:01+00:00","dateModified":"2022-11-09T21:05:53+00:00","breadcrumb":{"@id":"https:\/\/atlanticbooks.ca\/fr\/livres\/jean-le-chasseur-et-ses-chiens#breadcrumb"},"inLanguage":"fr-FR","potentialAction":[{"@type":"ReadAction","target":["https:\/\/atlanticbooks.ca\/fr\/livres\/jean-le-chasseur-et-ses-chiens"]}]},{"@type":"ImageObject","inLanguage":"fr-FR","@id":"https:\/\/atlanticbooks.ca\/fr\/livres\/jean-le-chasseur-et-ses-chiens#primaryimage","url":"https:\/\/atlanticbooks.ca\/wp-content\/uploads\/2022\/08\/TT-13_Jeanlechasseur.jpg","contentUrl":"https:\/\/atlanticbooks.ca\/wp-content\/uploads\/2022\/08\/TT-13_Jeanlechasseur.jpg","width":2100,"height":2100,"caption":"Jean le Chasseur cover"},{"@type":"BreadcrumbList","@id":"https:\/\/atlanticbooks.ca\/fr\/livres\/jean-le-chasseur-et-ses-chiens#breadcrumb","itemListElement":[{"@type":"ListItem","position":1,"name":"Domicile","item":"https:\/\/atlanticbooks.ca\/fr"},{"@type":"ListItem","position":2,"name":"Collections","item":"https:\/\/atlanticbooks.ca\/fr\/collections"},{"@type":"ListItem","position":3,"name":"Jean-le-Chasseur et ses chiens"}]},{"@type":"WebSite","@id":"https:\/\/atlanticbooks.ca\/fr\/#website","url":"https:\/\/atlanticbooks.ca\/fr\/","name":"Atlantic Books","description":"Atlantic Books","publisher":{"@id":"https:\/\/atlanticbooks.ca\/fr\/#organization"},"potentialAction":[{"@type":"SearchAction","target":{"@type":"EntryPoint","urlTemplate":"https:\/\/atlanticbooks.ca\/fr\/?s={search_term_string}"},"query-input":{"@type":"PropertyValueSpecification","valueRequired":true,"valueName":"search_term_string"}}],"inLanguage":"fr-FR"},{"@type":"Organization","@id":"https:\/\/atlanticbooks.ca\/fr\/#organization","name":"Atlantic Books","url":"https:\/\/atlanticbooks.ca\/fr\/","logo":{"@type":"ImageObject","inLanguage":"fr-FR","@id":"https:\/\/atlanticbooks.ca\/fr\/#\/schema\/logo\/image\/","url":"https:\/\/atlanticbooks.ca\/wp-content\/uploads\/2020\/10\/atlantic-books-logo.png","contentUrl":"https:\/\/atlanticbooks.ca\/wp-content\/uploads\/2020\/10\/atlantic-books-logo.png","width":566,"height":111,"caption":"Atlantic Books"},"image":{"@id":"https:\/\/atlanticbooks.ca\/fr\/#\/schema\/logo\/image\/"}}]}},"_links":{"self":[{"href":"https:\/\/atlanticbooks.ca\/fr\/wp-json\/wp\/v2\/product\/64265","targetHints":{"allow":["GET"]}}],"collection":[{"href":"https:\/\/atlanticbooks.ca\/fr\/wp-json\/wp\/v2\/product"}],"about":[{"href":"https:\/\/atlanticbooks.ca\/fr\/wp-json\/wp\/v2\/types\/product"}],"wp:featuredmedia":[{"embeddable":true,"href":"https:\/\/atlanticbooks.ca\/fr\/wp-json\/wp\/v2\/media\/58910"}],"wp:attachment":[{"href":"https:\/\/atlanticbooks.ca\/fr\/wp-json\/wp\/v2\/media?parent=64265"}],"wp:term":[{"taxonomy":"product_brand","embeddable":true,"href":"https:\/\/atlanticbooks.ca\/fr\/wp-json\/wp\/v2\/product_brand?post=64265"},{"taxonomy":"product_cat","embeddable":true,"href":"https:\/\/atlanticbooks.ca\/fr\/wp-json\/wp\/v2\/product_cat?post=64265"},{"taxonomy":"product_tag","embeddable":true,"href":"https:\/\/atlanticbooks.ca\/fr\/wp-json\/wp\/v2\/product_tag?post=64265"}],"curies":[{"name":"wp","href":"https:\/\/api.w.org\/{rel}","templated":true}]}}