{"id":64255,"date":"2022-11-08T20:55:29","date_gmt":"2022-11-08T20:55:29","guid":{"rendered":"https:\/\/atlanticbooks.ca\/books\/un-logis-pour-molly\/"},"modified":"2022-11-17T12:57:15","modified_gmt":"2022-11-17T12:57:15","slug":"un-logis-pour-molly","status":"publish","type":"product","link":"https:\/\/atlanticbooks.ca\/fr\/livres\/un-logis-pour-molly","title":{"rendered":"Un logis pour Molly"},"content":{"rendered":"<p>English description follows.<\/p>\n<p>Les habitants du fond de la baie sont d\u00e9courag\u00e9s. Tantet tant de d\u00e9tritus s\u2019y accumulent. Pas un jour ne passe sans que l\u2019un d\u2019eux se retrouve coinc\u00e9 dans un objet de plastique. Molly et Fr\u00e9dou, deux homards, et leur amie C\u00e9leste le crabe d\u00e9cident de passer \u00e0 l\u2019acti on, d\u2019autant plus que Molly va bient\u00f4t muer et qu\u2019elle doit songer \u00e0 prot\u00e9ger ses oeufs. Ils retournent donc tous ces d\u00e9chets l\u00e0 d\u2019o\u00f9 ils viennent. Puis, coup de th\u00e9\u00e2tre, les p\u00eacheurs interviennent \u00e0 leur tour.<\/p>\n<p>&lt;p&gt;The inhabitants of the bottom of the bay are discouraged. So much waste accumulates there. Not a day goes by without one of them getting stuck in a plastic object. Molly and Fr\u00e9dou, two lobsters, and their friend C\u00e9leste the crab decide to take action, especially as Molly is about to moult and must think about protecting her eggs. So, they return all the waste to where it came from. Then, in a sudden turn of events, the fishermen intervene too.&lt;\/p&gt;<\/p>\n","protected":false},"excerpt":{"rendered":"<p>English description follows. Les habitants du fond de la baie sont d\u00e9courag\u00e9s. Tantet tant de d\u00e9tritus s\u2019y accumulent. Pas un jour ne passe sans que l\u2019un d\u2019eux se retrouve coinc\u00e9 [&hellip;]<\/p>\n","protected":false},"featured_media":68908,"template":"","meta":{"_genesis_hide_title":false,"_genesis_hide_breadcrumbs":false,"_genesis_hide_singular_image":false,"_genesis_hide_footer_widgets":false,"_genesis_custom_body_class":"","_genesis_custom_post_class":"","_genesis_layout":""},"product_brand":[],"product_cat":[14164,10712],"product_tag":[],"class_list":{"0":"post-64255","1":"product","2":"type-product","3":"status-publish","4":"has-post-thumbnail","5":"product_language-fre","6":"product_subjects-environment","7":"product_subjects-juvenile-fiction","8":"product_subjects-science-fiction","9":"product_reading_range-12717","10":"product_reading_range-12729","11":"product_reading_range-12756","12":"product_reading_range-12757","13":"product_interest_range-12709","14":"product_interest_range-12710","15":"product_interest_range-12711","16":"product_interest_range-12712","17":"product_grade_range-fourth-grade","18":"product_grade_range-fifth-grade","19":"product_grade_range-sixth-grade","20":"product_curriculumsubject-francais-programmes-detudes","21":"product_curriculumsubject-immersion-2","22":"product_curriculumsubject-francais-arts-langagiers-2","23":"product_curriculumsubject-francais-arts-langagiers","24":"product_edi_languages-french-language","25":"biblio_share_tag-juvenile-fiction-science-nature-environment","26":"product_cat-fall-books-abt-96","27":"product_cat-abc","28":"product_shipping_class-abc-test","29":"entry","31":"first","32":"instock","33":"taxable","34":"shipping-taxable","35":"purchasable","36":"product-type-simple"},"yoast_head":"<!-- This site is optimized with the Yoast SEO plugin v24.0 - https:\/\/yoast.com\/wordpress\/plugins\/seo\/ -->\n<title>Un logis pour Molly - Atlantic Books<\/title>\n<meta name=\"robots\" content=\"index, follow, max-snippet:-1, max-image-preview:large, max-video-preview:-1\" \/>\n<link rel=\"canonical\" href=\"https:\/\/atlanticbooks.ca\/fr\/livres\/un-logis-pour-molly\" \/>\n<meta property=\"og:locale\" content=\"fr_FR\" \/>\n<meta property=\"og:type\" content=\"article\" \/>\n<meta property=\"og:title\" content=\"Un logis pour Molly - Atlantic Books\" \/>\n<meta property=\"og:description\" content=\"English description follows. Les habitants du fond de la baie sont d\u00e9courag\u00e9s. Tantet tant de d\u00e9tritus s\u2019y accumulent. Pas un jour ne passe sans que l\u2019un d\u2019eux se retrouve coinc\u00e9 [&hellip;]\" \/>\n<meta property=\"og:url\" content=\"https:\/\/atlanticbooks.ca\/fr\/livres\/un-logis-pour-molly\" \/>\n<meta property=\"og:site_name\" content=\"Atlantic Books\" \/>\n<meta property=\"article:modified_time\" content=\"2022-11-17T12:57:15+00:00\" \/>\n<meta property=\"og:image\" content=\"https:\/\/atlanticbooks.mystagingwebsite.com\/wp-content\/uploads\/biblioshare_attachments\/9782897502812.png\" \/>\n\t<meta property=\"og:image:width\" content=\"1920\" \/>\n\t<meta property=\"og:image:height\" content=\"1652\" \/>\n\t<meta property=\"og:image:type\" content=\"image\/png\" \/>\n<meta name=\"twitter:card\" content=\"summary_large_image\" \/>\n<meta name=\"twitter:label1\" content=\"Dur\u00e9e de lecture estim\u00e9e\" \/>\n\t<meta name=\"twitter:data1\" content=\"1 minute\" \/>\n<script type=\"application\/ld+json\" class=\"yoast-schema-graph\">{\"@context\":\"https:\/\/schema.org\",\"@graph\":[{\"@type\":\"WebPage\",\"@id\":\"https:\/\/atlanticbooks.ca\/fr\/livres\/un-logis-pour-molly\",\"url\":\"https:\/\/atlanticbooks.ca\/fr\/livres\/un-logis-pour-molly\",\"name\":\"Un logis pour Molly - Atlantic Books\",\"isPartOf\":{\"@id\":\"https:\/\/atlanticbooks.ca\/fr\/#website\"},\"primaryImageOfPage\":{\"@id\":\"https:\/\/atlanticbooks.ca\/fr\/livres\/un-logis-pour-molly#primaryimage\"},\"image\":{\"@id\":\"https:\/\/atlanticbooks.ca\/fr\/livres\/un-logis-pour-molly#primaryimage\"},\"thumbnailUrl\":\"https:\/\/atlanticbooks.ca\/wp-content\/uploads\/biblioshare_attachments\/9782897502812.png\",\"datePublished\":\"2022-11-08T20:55:29+00:00\",\"dateModified\":\"2022-11-17T12:57:15+00:00\",\"breadcrumb\":{\"@id\":\"https:\/\/atlanticbooks.ca\/fr\/livres\/un-logis-pour-molly#breadcrumb\"},\"inLanguage\":\"fr-FR\",\"potentialAction\":[{\"@type\":\"ReadAction\",\"target\":[\"https:\/\/atlanticbooks.ca\/fr\/livres\/un-logis-pour-molly\"]}]},{\"@type\":\"ImageObject\",\"inLanguage\":\"fr-FR\",\"@id\":\"https:\/\/atlanticbooks.ca\/fr\/livres\/un-logis-pour-molly#primaryimage\",\"url\":\"https:\/\/atlanticbooks.ca\/wp-content\/uploads\/biblioshare_attachments\/9782897502812.png\",\"contentUrl\":\"https:\/\/atlanticbooks.ca\/wp-content\/uploads\/biblioshare_attachments\/9782897502812.png\",\"width\":1920,\"height\":1652},{\"@type\":\"BreadcrumbList\",\"@id\":\"https:\/\/atlanticbooks.ca\/fr\/livres\/un-logis-pour-molly#breadcrumb\",\"itemListElement\":[{\"@type\":\"ListItem\",\"position\":1,\"name\":\"Domicile\",\"item\":\"https:\/\/atlanticbooks.ca\/fr\"},{\"@type\":\"ListItem\",\"position\":2,\"name\":\"Collections\",\"item\":\"https:\/\/atlanticbooks.ca\/fr\/collections\"},{\"@type\":\"ListItem\",\"position\":3,\"name\":\"Un logis pour Molly\"}]},{\"@type\":\"WebSite\",\"@id\":\"https:\/\/atlanticbooks.ca\/fr\/#website\",\"url\":\"https:\/\/atlanticbooks.ca\/fr\/\",\"name\":\"Atlantic Books\",\"description\":\"Atlantic Books\",\"publisher\":{\"@id\":\"https:\/\/atlanticbooks.ca\/fr\/#organization\"},\"potentialAction\":[{\"@type\":\"SearchAction\",\"target\":{\"@type\":\"EntryPoint\",\"urlTemplate\":\"https:\/\/atlanticbooks.ca\/fr\/?s={search_term_string}\"},\"query-input\":{\"@type\":\"PropertyValueSpecification\",\"valueRequired\":true,\"valueName\":\"search_term_string\"}}],\"inLanguage\":\"fr-FR\"},{\"@type\":\"Organization\",\"@id\":\"https:\/\/atlanticbooks.ca\/fr\/#organization\",\"name\":\"Atlantic Books\",\"url\":\"https:\/\/atlanticbooks.ca\/fr\/\",\"logo\":{\"@type\":\"ImageObject\",\"inLanguage\":\"fr-FR\",\"@id\":\"https:\/\/atlanticbooks.ca\/fr\/#\/schema\/logo\/image\/\",\"url\":\"https:\/\/atlanticbooks.ca\/wp-content\/uploads\/2020\/10\/atlantic-books-logo.png\",\"contentUrl\":\"https:\/\/atlanticbooks.ca\/wp-content\/uploads\/2020\/10\/atlantic-books-logo.png\",\"width\":566,\"height\":111,\"caption\":\"Atlantic Books\"},\"image\":{\"@id\":\"https:\/\/atlanticbooks.ca\/fr\/#\/schema\/logo\/image\/\"}}]}<\/script>\n<!-- \/ Yoast SEO plugin. -->","yoast_head_json":{"title":"Un logis pour Molly - Atlantic Books","robots":{"index":"index","follow":"follow","max-snippet":"max-snippet:-1","max-image-preview":"max-image-preview:large","max-video-preview":"max-video-preview:-1"},"canonical":"https:\/\/atlanticbooks.ca\/fr\/livres\/un-logis-pour-molly","og_locale":"fr_FR","og_type":"article","og_title":"Un logis pour Molly - Atlantic Books","og_description":"English description follows. Les habitants du fond de la baie sont d\u00e9courag\u00e9s. Tantet tant de d\u00e9tritus s\u2019y accumulent. Pas un jour ne passe sans que l\u2019un d\u2019eux se retrouve coinc\u00e9 [&hellip;]","og_url":"https:\/\/atlanticbooks.ca\/fr\/livres\/un-logis-pour-molly","og_site_name":"Atlantic Books","article_modified_time":"2022-11-17T12:57:15+00:00","og_image":[{"width":1920,"height":1652,"url":"https:\/\/atlanticbooks.mystagingwebsite.com\/wp-content\/uploads\/biblioshare_attachments\/9782897502812.png","type":"image\/png"}],"twitter_card":"summary_large_image","twitter_misc":{"Dur\u00e9e de lecture estim\u00e9e":"1 minute"},"schema":{"@context":"https:\/\/schema.org","@graph":[{"@type":"WebPage","@id":"https:\/\/atlanticbooks.ca\/fr\/livres\/un-logis-pour-molly","url":"https:\/\/atlanticbooks.ca\/fr\/livres\/un-logis-pour-molly","name":"Un logis pour Molly - Atlantic Books","isPartOf":{"@id":"https:\/\/atlanticbooks.ca\/fr\/#website"},"primaryImageOfPage":{"@id":"https:\/\/atlanticbooks.ca\/fr\/livres\/un-logis-pour-molly#primaryimage"},"image":{"@id":"https:\/\/atlanticbooks.ca\/fr\/livres\/un-logis-pour-molly#primaryimage"},"thumbnailUrl":"https:\/\/atlanticbooks.ca\/wp-content\/uploads\/biblioshare_attachments\/9782897502812.png","datePublished":"2022-11-08T20:55:29+00:00","dateModified":"2022-11-17T12:57:15+00:00","breadcrumb":{"@id":"https:\/\/atlanticbooks.ca\/fr\/livres\/un-logis-pour-molly#breadcrumb"},"inLanguage":"fr-FR","potentialAction":[{"@type":"ReadAction","target":["https:\/\/atlanticbooks.ca\/fr\/livres\/un-logis-pour-molly"]}]},{"@type":"ImageObject","inLanguage":"fr-FR","@id":"https:\/\/atlanticbooks.ca\/fr\/livres\/un-logis-pour-molly#primaryimage","url":"https:\/\/atlanticbooks.ca\/wp-content\/uploads\/biblioshare_attachments\/9782897502812.png","contentUrl":"https:\/\/atlanticbooks.ca\/wp-content\/uploads\/biblioshare_attachments\/9782897502812.png","width":1920,"height":1652},{"@type":"BreadcrumbList","@id":"https:\/\/atlanticbooks.ca\/fr\/livres\/un-logis-pour-molly#breadcrumb","itemListElement":[{"@type":"ListItem","position":1,"name":"Domicile","item":"https:\/\/atlanticbooks.ca\/fr"},{"@type":"ListItem","position":2,"name":"Collections","item":"https:\/\/atlanticbooks.ca\/fr\/collections"},{"@type":"ListItem","position":3,"name":"Un logis pour Molly"}]},{"@type":"WebSite","@id":"https:\/\/atlanticbooks.ca\/fr\/#website","url":"https:\/\/atlanticbooks.ca\/fr\/","name":"Atlantic Books","description":"Atlantic Books","publisher":{"@id":"https:\/\/atlanticbooks.ca\/fr\/#organization"},"potentialAction":[{"@type":"SearchAction","target":{"@type":"EntryPoint","urlTemplate":"https:\/\/atlanticbooks.ca\/fr\/?s={search_term_string}"},"query-input":{"@type":"PropertyValueSpecification","valueRequired":true,"valueName":"search_term_string"}}],"inLanguage":"fr-FR"},{"@type":"Organization","@id":"https:\/\/atlanticbooks.ca\/fr\/#organization","name":"Atlantic Books","url":"https:\/\/atlanticbooks.ca\/fr\/","logo":{"@type":"ImageObject","inLanguage":"fr-FR","@id":"https:\/\/atlanticbooks.ca\/fr\/#\/schema\/logo\/image\/","url":"https:\/\/atlanticbooks.ca\/wp-content\/uploads\/2020\/10\/atlantic-books-logo.png","contentUrl":"https:\/\/atlanticbooks.ca\/wp-content\/uploads\/2020\/10\/atlantic-books-logo.png","width":566,"height":111,"caption":"Atlantic Books"},"image":{"@id":"https:\/\/atlanticbooks.ca\/fr\/#\/schema\/logo\/image\/"}}]}},"_links":{"self":[{"href":"https:\/\/atlanticbooks.ca\/fr\/wp-json\/wp\/v2\/product\/64255","targetHints":{"allow":["GET"]}}],"collection":[{"href":"https:\/\/atlanticbooks.ca\/fr\/wp-json\/wp\/v2\/product"}],"about":[{"href":"https:\/\/atlanticbooks.ca\/fr\/wp-json\/wp\/v2\/types\/product"}],"wp:featuredmedia":[{"embeddable":true,"href":"https:\/\/atlanticbooks.ca\/fr\/wp-json\/wp\/v2\/media\/68908"}],"wp:attachment":[{"href":"https:\/\/atlanticbooks.ca\/fr\/wp-json\/wp\/v2\/media?parent=64255"}],"wp:term":[{"taxonomy":"product_brand","embeddable":true,"href":"https:\/\/atlanticbooks.ca\/fr\/wp-json\/wp\/v2\/product_brand?post=64255"},{"taxonomy":"product_cat","embeddable":true,"href":"https:\/\/atlanticbooks.ca\/fr\/wp-json\/wp\/v2\/product_cat?post=64255"},{"taxonomy":"product_tag","embeddable":true,"href":"https:\/\/atlanticbooks.ca\/fr\/wp-json\/wp\/v2\/product_tag?post=64255"}],"curies":[{"name":"wp","href":"https:\/\/api.w.org\/{rel}","templated":true}]}}