{"id":64253,"date":"2022-08-18T20:55:52","date_gmt":"2022-08-18T20:55:52","guid":{"rendered":"https:\/\/atlanticbooks.ca\/books\/adieu-jacoby\/"},"modified":"2022-11-09T21:05:36","modified_gmt":"2022-11-09T21:05:36","slug":"adieu-jacoby","status":"publish","type":"product","link":"https:\/\/atlanticbooks.ca\/fr\/livres\/adieu-jacoby","title":{"rendered":"Adieu, Jacoby!"},"content":{"rendered":"<p>English description follows.<\/p>\n<p>Jacoby, qui a aid\u00e9 de nombreux enfants \u00e0 g\u00e9rer leur anxi\u00e9t\u00e9 et les a encourag\u00e9s \u00e0 lire, est tr\u00e8s malade. Devant sa douleur, Madame \u00c8ve se r\u00e9soud \u00e0 l\u2019emmener chez la v\u00e9t\u00e9rinaire pour le faire euthanasier.<\/p>\n<p>Alors qu\u2019elle apprend \u00e0 vivre sans son cher compagnon, Ma-dame \u00c8ve chemine, r\u00e9confort\u00e9e par son souvenir apaisant. Les enfants que Jacoby a si bien accompagn\u00e9s s\u2019ennuient de lui \u00e9norm\u00e9ment et ils organisent une f\u00eate d\u2019adieu. Doucement, la vie reprend son cours, sans ignorer le deuil ni le chagrin.<\/p>\n<p>Beloved dog Jacoby, who&rsquo;s helped numerous children deal with their anxiety and has helped them with their reading skills, is very sick. Seeing him in such pain, his owner Madame \u00c8ve decides to take him to the vet to put him own. As she learns to live without her dear companion, Madame \u00c8ve is comforted by the soothing memories of him. The children Jacoby helped miss him and decide to throw him a goodbye party. Slowly but surely, without ignoring the pain, or the sorrow, life goes on.<\/p>\n","protected":false},"excerpt":{"rendered":"<p>Beloved dog Jacoby, who&rsquo;s helped numerous children deal with their anxiety and has helped them with their reading skills, is very sick. Seeing him in such pain, his owner Madame \u00c8ve decides to take him to the vet to put him own. As she learns to live without her dear companion, Madame \u00c8ve is comforted by the soothing memories of him. The children Jacoby helped miss him and decide to throw him a goodbye party. Slowly but surely, without ignoring the pain, or the sorrow, life goes on.<\/p>\n","protected":false},"featured_media":36075,"template":"","meta":{"_genesis_hide_title":false,"_genesis_hide_breadcrumbs":false,"_genesis_hide_singular_image":false,"_genesis_hide_footer_widgets":false,"_genesis_custom_body_class":"","_genesis_custom_post_class":"","_genesis_layout":""},"product_brand":[],"product_cat":[12776],"product_tag":[],"class_list":{"0":"post-64253","1":"product","2":"type-product","3":"status-publish","4":"has-post-thumbnail","5":"product_language-fre","6":"product_subjects-dogs-fr","7":"product_subjects-juvenile-fiction-fr","8":"product_subjects-animals-fr","9":"product_reading_range-8-fr","10":"product_reading_range-7-fr","11":"product_reading_range-4-fr","12":"product_reading_range-5-fr","13":"product_reading_range-6-fr","14":"product_interest_range-5-fr","15":"product_interest_range-6-fr","16":"product_interest_range-7-fr","17":"product_interest_range-8-fr","18":"product_interest_range-4-fr","19":"product_grade_range-kindergarten-fr","20":"product_grade_range-first-grade-fr","21":"product_grade_range-second-grade-fr","22":"product_grade_range-third-grade-fr","23":"product_curriculumsubject-francais-programmes-detudes-fr","24":"product_curriculumsubject-immersion-2-fr","25":"product_curriculumsubject-francais-arts-langagiers-fr","26":"product_curriculumsubject-francais-arts-langagiers-im-fr","27":"product_edi_languages-francais-fr","28":"biblio_share_tag-juvenile-fiction-animals-dogs-fr","29":"product_cat-abc-fr-2","30":"product_shipping_class-abc-test-fr","31":"entry","33":"first","34":"instock","35":"taxable","36":"shipping-taxable","37":"purchasable","38":"product-type-simple"},"yoast_head":"<!-- This site is optimized with the Yoast SEO plugin v24.0 - https:\/\/yoast.com\/wordpress\/plugins\/seo\/ -->\n<title>Adieu, Jacoby! - Atlantic Books<\/title>\n<meta name=\"robots\" content=\"index, follow, max-snippet:-1, max-image-preview:large, max-video-preview:-1\" \/>\n<link rel=\"canonical\" href=\"https:\/\/atlanticbooks.ca\/fr\/livres\/adieu-jacoby\" \/>\n<meta property=\"og:locale\" content=\"fr_FR\" \/>\n<meta property=\"og:type\" content=\"article\" \/>\n<meta property=\"og:title\" content=\"Adieu, Jacoby! - Atlantic Books\" \/>\n<meta property=\"og:description\" content=\"Beloved dog Jacoby, who&#039;s helped numerous children deal with their anxiety and has helped them with their reading skills, is very sick. Seeing him in such pain, his owner Madame \u00c8ve decides to take him to the vet to put him own. As she learns to live without her dear companion, Madame \u00c8ve is comforted by the soothing memories of him. The children Jacoby helped miss him and decide to throw him a goodbye party. Slowly but surely, without ignoring the pain, or the sorrow, life goes on.\" \/>\n<meta property=\"og:url\" content=\"https:\/\/atlanticbooks.ca\/fr\/livres\/adieu-jacoby\" \/>\n<meta property=\"og:site_name\" content=\"Atlantic Books\" \/>\n<meta property=\"article:modified_time\" content=\"2022-11-09T21:05:36+00:00\" \/>\n<meta property=\"og:image\" content=\"https:\/\/atlanticbooks.mystagingwebsite.com\/wp-content\/uploads\/2021\/05\/adieu-jacoby-scaled.jpg\" \/>\n\t<meta property=\"og:image:width\" content=\"2552\" \/>\n\t<meta property=\"og:image:height\" content=\"2560\" \/>\n\t<meta property=\"og:image:type\" content=\"image\/jpeg\" \/>\n<meta name=\"twitter:card\" content=\"summary_large_image\" \/>\n<meta name=\"twitter:label1\" content=\"Dur\u00e9e de lecture estim\u00e9e\" \/>\n\t<meta name=\"twitter:data1\" content=\"1 minute\" \/>\n<script type=\"application\/ld+json\" class=\"yoast-schema-graph\">{\"@context\":\"https:\/\/schema.org\",\"@graph\":[{\"@type\":\"WebPage\",\"@id\":\"https:\/\/atlanticbooks.ca\/fr\/livres\/adieu-jacoby\",\"url\":\"https:\/\/atlanticbooks.ca\/fr\/livres\/adieu-jacoby\",\"name\":\"Adieu, Jacoby! - Atlantic Books\",\"isPartOf\":{\"@id\":\"https:\/\/atlanticbooks.ca\/fr\/#website\"},\"primaryImageOfPage\":{\"@id\":\"https:\/\/atlanticbooks.ca\/fr\/livres\/adieu-jacoby#primaryimage\"},\"image\":{\"@id\":\"https:\/\/atlanticbooks.ca\/fr\/livres\/adieu-jacoby#primaryimage\"},\"thumbnailUrl\":\"https:\/\/atlanticbooks.ca\/wp-content\/uploads\/2021\/05\/adieu-jacoby-scaled.jpg\",\"datePublished\":\"2022-08-18T20:55:52+00:00\",\"dateModified\":\"2022-11-09T21:05:36+00:00\",\"breadcrumb\":{\"@id\":\"https:\/\/atlanticbooks.ca\/fr\/livres\/adieu-jacoby#breadcrumb\"},\"inLanguage\":\"fr-FR\",\"potentialAction\":[{\"@type\":\"ReadAction\",\"target\":[\"https:\/\/atlanticbooks.ca\/fr\/livres\/adieu-jacoby\"]}]},{\"@type\":\"ImageObject\",\"inLanguage\":\"fr-FR\",\"@id\":\"https:\/\/atlanticbooks.ca\/fr\/livres\/adieu-jacoby#primaryimage\",\"url\":\"https:\/\/atlanticbooks.ca\/wp-content\/uploads\/2021\/05\/adieu-jacoby-scaled.jpg\",\"contentUrl\":\"https:\/\/atlanticbooks.ca\/wp-content\/uploads\/2021\/05\/adieu-jacoby-scaled.jpg\",\"width\":2552,\"height\":2560,\"caption\":\"Adieu, Jacoby\"},{\"@type\":\"BreadcrumbList\",\"@id\":\"https:\/\/atlanticbooks.ca\/fr\/livres\/adieu-jacoby#breadcrumb\",\"itemListElement\":[{\"@type\":\"ListItem\",\"position\":1,\"name\":\"Domicile\",\"item\":\"https:\/\/atlanticbooks.ca\/fr\"},{\"@type\":\"ListItem\",\"position\":2,\"name\":\"Collections\",\"item\":\"https:\/\/atlanticbooks.ca\/fr\/collections\"},{\"@type\":\"ListItem\",\"position\":3,\"name\":\"Adieu, Jacoby!\"}]},{\"@type\":\"WebSite\",\"@id\":\"https:\/\/atlanticbooks.ca\/fr\/#website\",\"url\":\"https:\/\/atlanticbooks.ca\/fr\/\",\"name\":\"Atlantic Books\",\"description\":\"Atlantic Books\",\"publisher\":{\"@id\":\"https:\/\/atlanticbooks.ca\/fr\/#organization\"},\"potentialAction\":[{\"@type\":\"SearchAction\",\"target\":{\"@type\":\"EntryPoint\",\"urlTemplate\":\"https:\/\/atlanticbooks.ca\/fr\/?s={search_term_string}\"},\"query-input\":{\"@type\":\"PropertyValueSpecification\",\"valueRequired\":true,\"valueName\":\"search_term_string\"}}],\"inLanguage\":\"fr-FR\"},{\"@type\":\"Organization\",\"@id\":\"https:\/\/atlanticbooks.ca\/fr\/#organization\",\"name\":\"Atlantic Books\",\"url\":\"https:\/\/atlanticbooks.ca\/fr\/\",\"logo\":{\"@type\":\"ImageObject\",\"inLanguage\":\"fr-FR\",\"@id\":\"https:\/\/atlanticbooks.ca\/fr\/#\/schema\/logo\/image\/\",\"url\":\"https:\/\/atlanticbooks.ca\/wp-content\/uploads\/2020\/10\/atlantic-books-logo.png\",\"contentUrl\":\"https:\/\/atlanticbooks.ca\/wp-content\/uploads\/2020\/10\/atlantic-books-logo.png\",\"width\":566,\"height\":111,\"caption\":\"Atlantic Books\"},\"image\":{\"@id\":\"https:\/\/atlanticbooks.ca\/fr\/#\/schema\/logo\/image\/\"}}]}<\/script>\n<!-- \/ Yoast SEO plugin. -->","yoast_head_json":{"title":"Adieu, Jacoby! - Atlantic Books","robots":{"index":"index","follow":"follow","max-snippet":"max-snippet:-1","max-image-preview":"max-image-preview:large","max-video-preview":"max-video-preview:-1"},"canonical":"https:\/\/atlanticbooks.ca\/fr\/livres\/adieu-jacoby","og_locale":"fr_FR","og_type":"article","og_title":"Adieu, Jacoby! - Atlantic Books","og_description":"Beloved dog Jacoby, who's helped numerous children deal with their anxiety and has helped them with their reading skills, is very sick. Seeing him in such pain, his owner Madame \u00c8ve decides to take him to the vet to put him own. As she learns to live without her dear companion, Madame \u00c8ve is comforted by the soothing memories of him. The children Jacoby helped miss him and decide to throw him a goodbye party. Slowly but surely, without ignoring the pain, or the sorrow, life goes on.","og_url":"https:\/\/atlanticbooks.ca\/fr\/livres\/adieu-jacoby","og_site_name":"Atlantic Books","article_modified_time":"2022-11-09T21:05:36+00:00","og_image":[{"width":2552,"height":2560,"url":"https:\/\/atlanticbooks.mystagingwebsite.com\/wp-content\/uploads\/2021\/05\/adieu-jacoby-scaled.jpg","type":"image\/jpeg"}],"twitter_card":"summary_large_image","twitter_misc":{"Dur\u00e9e de lecture estim\u00e9e":"1 minute"},"schema":{"@context":"https:\/\/schema.org","@graph":[{"@type":"WebPage","@id":"https:\/\/atlanticbooks.ca\/fr\/livres\/adieu-jacoby","url":"https:\/\/atlanticbooks.ca\/fr\/livres\/adieu-jacoby","name":"Adieu, Jacoby! - Atlantic Books","isPartOf":{"@id":"https:\/\/atlanticbooks.ca\/fr\/#website"},"primaryImageOfPage":{"@id":"https:\/\/atlanticbooks.ca\/fr\/livres\/adieu-jacoby#primaryimage"},"image":{"@id":"https:\/\/atlanticbooks.ca\/fr\/livres\/adieu-jacoby#primaryimage"},"thumbnailUrl":"https:\/\/atlanticbooks.ca\/wp-content\/uploads\/2021\/05\/adieu-jacoby-scaled.jpg","datePublished":"2022-08-18T20:55:52+00:00","dateModified":"2022-11-09T21:05:36+00:00","breadcrumb":{"@id":"https:\/\/atlanticbooks.ca\/fr\/livres\/adieu-jacoby#breadcrumb"},"inLanguage":"fr-FR","potentialAction":[{"@type":"ReadAction","target":["https:\/\/atlanticbooks.ca\/fr\/livres\/adieu-jacoby"]}]},{"@type":"ImageObject","inLanguage":"fr-FR","@id":"https:\/\/atlanticbooks.ca\/fr\/livres\/adieu-jacoby#primaryimage","url":"https:\/\/atlanticbooks.ca\/wp-content\/uploads\/2021\/05\/adieu-jacoby-scaled.jpg","contentUrl":"https:\/\/atlanticbooks.ca\/wp-content\/uploads\/2021\/05\/adieu-jacoby-scaled.jpg","width":2552,"height":2560,"caption":"Adieu, Jacoby"},{"@type":"BreadcrumbList","@id":"https:\/\/atlanticbooks.ca\/fr\/livres\/adieu-jacoby#breadcrumb","itemListElement":[{"@type":"ListItem","position":1,"name":"Domicile","item":"https:\/\/atlanticbooks.ca\/fr"},{"@type":"ListItem","position":2,"name":"Collections","item":"https:\/\/atlanticbooks.ca\/fr\/collections"},{"@type":"ListItem","position":3,"name":"Adieu, Jacoby!"}]},{"@type":"WebSite","@id":"https:\/\/atlanticbooks.ca\/fr\/#website","url":"https:\/\/atlanticbooks.ca\/fr\/","name":"Atlantic Books","description":"Atlantic Books","publisher":{"@id":"https:\/\/atlanticbooks.ca\/fr\/#organization"},"potentialAction":[{"@type":"SearchAction","target":{"@type":"EntryPoint","urlTemplate":"https:\/\/atlanticbooks.ca\/fr\/?s={search_term_string}"},"query-input":{"@type":"PropertyValueSpecification","valueRequired":true,"valueName":"search_term_string"}}],"inLanguage":"fr-FR"},{"@type":"Organization","@id":"https:\/\/atlanticbooks.ca\/fr\/#organization","name":"Atlantic Books","url":"https:\/\/atlanticbooks.ca\/fr\/","logo":{"@type":"ImageObject","inLanguage":"fr-FR","@id":"https:\/\/atlanticbooks.ca\/fr\/#\/schema\/logo\/image\/","url":"https:\/\/atlanticbooks.ca\/wp-content\/uploads\/2020\/10\/atlantic-books-logo.png","contentUrl":"https:\/\/atlanticbooks.ca\/wp-content\/uploads\/2020\/10\/atlantic-books-logo.png","width":566,"height":111,"caption":"Atlantic Books"},"image":{"@id":"https:\/\/atlanticbooks.ca\/fr\/#\/schema\/logo\/image\/"}}]}},"_links":{"self":[{"href":"https:\/\/atlanticbooks.ca\/fr\/wp-json\/wp\/v2\/product\/64253","targetHints":{"allow":["GET"]}}],"collection":[{"href":"https:\/\/atlanticbooks.ca\/fr\/wp-json\/wp\/v2\/product"}],"about":[{"href":"https:\/\/atlanticbooks.ca\/fr\/wp-json\/wp\/v2\/types\/product"}],"wp:featuredmedia":[{"embeddable":true,"href":"https:\/\/atlanticbooks.ca\/fr\/wp-json\/wp\/v2\/media\/36075"}],"wp:attachment":[{"href":"https:\/\/atlanticbooks.ca\/fr\/wp-json\/wp\/v2\/media?parent=64253"}],"wp:term":[{"taxonomy":"product_brand","embeddable":true,"href":"https:\/\/atlanticbooks.ca\/fr\/wp-json\/wp\/v2\/product_brand?post=64253"},{"taxonomy":"product_cat","embeddable":true,"href":"https:\/\/atlanticbooks.ca\/fr\/wp-json\/wp\/v2\/product_cat?post=64253"},{"taxonomy":"product_tag","embeddable":true,"href":"https:\/\/atlanticbooks.ca\/fr\/wp-json\/wp\/v2\/product_tag?post=64253"}],"curies":[{"name":"wp","href":"https:\/\/api.w.org\/{rel}","templated":true}]}}