{"id":64247,"date":"2022-08-18T20:56:34","date_gmt":"2022-08-18T20:56:34","guid":{"rendered":"https:\/\/atlanticbooks.ca\/books\/luna-naime-pas\/"},"modified":"2022-11-10T02:10:08","modified_gmt":"2022-11-10T02:10:08","slug":"luna-naime-pas","status":"publish","type":"product","link":"https:\/\/atlanticbooks.ca\/fr\/livres\/luna-naime-pas","title":{"rendered":"Luna n&rsquo;aime pas"},"content":{"rendered":"<p>English description follows.<\/p>\n<p>Avec leurs yeux aiguis\u00e9s, leurs peti ts nez tout frais, et leurs coussinets molletonn\u00e9s, les minets nous font souvent craquer ! Mais s\u2019ils nous font rire, eux ne sont pas toujours de bonne humeur\u2026 Contrairement \u00e0 son fr\u00e8re Zim (de Zim s\u2019imagine), Luna est un petit mistigri roux et rabougris. Tandis que son f\u00e9lin de fr\u00e8re explore et escalade dans la maison, \u00e0 l\u2019aise et b\u00e9naise, Luna reste dans son coin \u00e0 bouder et ronchonner.<\/p>\n<p>La ma\u00eetresse de Luna et son fr\u00e8re Zim arriveront-ils \u00e0 le d\u00e9rider ?<\/p>\n<p>&lt;p&gt;Unlike his brother Zim, Luna is a red-haired, hot-tempered cat. While his feline furry friend scurries and climbs around the house, Luna grrrr&rsquo;s and growls. &lt;\/p&gt;\\n&lt;p&gt;With their piercing eyes, pudgy bellies, and pillows on their feet, even the best of us can&rsquo;t resist to cats! But if they make us laugh, cats aren&rsquo;t always in a good mood&#8230; &lt;\/p&gt;\\n&lt;p&gt;Will Luna&rsquo;s human and brother cheer him up?&lt;\/p&gt;<\/p>\n","protected":false},"excerpt":{"rendered":"<p>&lt;p&gt;Unlike his brother Zim, Luna is a red-haired, hot-tempered cat. While his feline furry friend scurries and climbs around the house, Luna grrrr&rsquo;s and growls. &lt;\/p&gt;<br \/>\n&lt;p&gt;With their piercing eyes, pudgy bellies, and pillows on their feet, even the best of us can&rsquo;t resist to cats! But if they make us laugh, cats aren&rsquo;t always in a good mood&#8230; &lt;\/p&gt;<br \/>\n&lt;p&gt;Will Luna&rsquo;s human and brother cheer him up?&lt;\/p&gt;<\/p>\n","protected":false},"featured_media":67524,"template":"","meta":{"_genesis_hide_title":false,"_genesis_hide_breadcrumbs":false,"_genesis_hide_singular_image":false,"_genesis_hide_footer_widgets":false,"_genesis_custom_body_class":"","_genesis_custom_post_class":"","_genesis_layout":""},"product_brand":[],"product_cat":[12776],"product_tag":[],"class_list":{"0":"post-64247","1":"product","2":"type-product","3":"status-publish","4":"has-post-thumbnail","5":"product_language-fre","6":"product_subjects-juvenile-fiction-fr","7":"product_subjects-animals-fr","8":"product_subjects-cats-fr","9":"product_reading_range-4-fr","10":"product_reading_range-5-fr","11":"product_reading_range-6-fr","12":"product_reading_range-8-fr","13":"product_reading_range-7-fr","14":"product_reading_range-3-fr","15":"product_interest_range-4-fr","16":"product_interest_range-5-fr","17":"product_interest_range-6-fr","18":"product_interest_range-7-fr","19":"product_interest_range-8-fr","20":"product_interest_range-3-fr","21":"product_grade_range-kindergarten-fr","22":"product_grade_range-first-grade-fr","23":"product_grade_range-second-grade-fr","24":"product_grade_range-third-grade-fr","25":"product_curriculumsubject-francais-programmes-detudes-fr","26":"product_curriculumsubject-immersion-2-fr","27":"product_curriculumsubject-francais-arts-langagiers-fr","28":"product_curriculumsubject-francais-arts-langagiers-im-fr","29":"product_edi_languages-francais-fr","30":"biblio_share_tag-juvenile-fiction-animals-cats-fr","31":"product_cat-abc-fr-2","32":"product_shipping_class-abc-test-fr","33":"entry","35":"first","36":"instock","37":"taxable","38":"shipping-taxable","39":"purchasable","40":"product-type-simple"},"yoast_head":"<!-- This site is optimized with the Yoast SEO plugin v24.0 - https:\/\/yoast.com\/wordpress\/plugins\/seo\/ -->\n<title>Luna n&#039;aime pas - Atlantic Books<\/title>\n<meta name=\"robots\" content=\"index, follow, max-snippet:-1, max-image-preview:large, max-video-preview:-1\" \/>\n<link rel=\"canonical\" href=\"https:\/\/atlanticbooks.ca\/fr\/livres\/luna-naime-pas\" \/>\n<meta property=\"og:locale\" content=\"fr_FR\" \/>\n<meta property=\"og:type\" content=\"article\" \/>\n<meta property=\"og:title\" content=\"Luna n&#039;aime pas - Atlantic Books\" \/>\n<meta property=\"og:description\" content=\"&lt;p&gt;Unlike his brother Zim, Luna is a red-haired, hot-tempered cat. While his feline furry friend scurries and climbs around the house, Luna grrrr&#039;s and growls. &lt;\/p&gt; &lt;p&gt;With their piercing eyes, pudgy bellies, and pillows on their feet, even the best of us can&#039;t resist to cats! But if they make us laugh, cats aren&#039;t always in a good mood... &lt;\/p&gt; &lt;p&gt;Will Luna&#039;s human and brother cheer him up?&lt;\/p&gt;\" \/>\n<meta property=\"og:url\" content=\"https:\/\/atlanticbooks.ca\/fr\/livres\/luna-naime-pas\" \/>\n<meta property=\"og:site_name\" content=\"Atlantic Books\" \/>\n<meta property=\"article:modified_time\" content=\"2022-11-10T02:10:08+00:00\" \/>\n<meta property=\"og:image\" content=\"https:\/\/atlanticbooks.mystagingwebsite.com\/wp-content\/uploads\/biblioshare_attachments\/9782897501648.png\" \/>\n\t<meta property=\"og:image:width\" content=\"975\" \/>\n\t<meta property=\"og:image:height\" content=\"1238\" \/>\n\t<meta property=\"og:image:type\" content=\"image\/png\" \/>\n<meta name=\"twitter:card\" content=\"summary_large_image\" \/>\n<meta name=\"twitter:label1\" content=\"Dur\u00e9e de lecture estim\u00e9e\" \/>\n\t<meta name=\"twitter:data1\" content=\"1 minute\" \/>\n<script type=\"application\/ld+json\" class=\"yoast-schema-graph\">{\"@context\":\"https:\/\/schema.org\",\"@graph\":[{\"@type\":\"WebPage\",\"@id\":\"https:\/\/atlanticbooks.ca\/fr\/livres\/luna-naime-pas\",\"url\":\"https:\/\/atlanticbooks.ca\/fr\/livres\/luna-naime-pas\",\"name\":\"Luna n'aime pas - Atlantic Books\",\"isPartOf\":{\"@id\":\"https:\/\/atlanticbooks.ca\/fr\/#website\"},\"primaryImageOfPage\":{\"@id\":\"https:\/\/atlanticbooks.ca\/fr\/livres\/luna-naime-pas#primaryimage\"},\"image\":{\"@id\":\"https:\/\/atlanticbooks.ca\/fr\/livres\/luna-naime-pas#primaryimage\"},\"thumbnailUrl\":\"https:\/\/atlanticbooks.ca\/wp-content\/uploads\/biblioshare_attachments\/9782897501648.png\",\"datePublished\":\"2022-08-18T20:56:34+00:00\",\"dateModified\":\"2022-11-10T02:10:08+00:00\",\"breadcrumb\":{\"@id\":\"https:\/\/atlanticbooks.ca\/fr\/livres\/luna-naime-pas#breadcrumb\"},\"inLanguage\":\"fr-FR\",\"potentialAction\":[{\"@type\":\"ReadAction\",\"target\":[\"https:\/\/atlanticbooks.ca\/fr\/livres\/luna-naime-pas\"]}]},{\"@type\":\"ImageObject\",\"inLanguage\":\"fr-FR\",\"@id\":\"https:\/\/atlanticbooks.ca\/fr\/livres\/luna-naime-pas#primaryimage\",\"url\":\"https:\/\/atlanticbooks.ca\/wp-content\/uploads\/biblioshare_attachments\/9782897501648.png\",\"contentUrl\":\"https:\/\/atlanticbooks.ca\/wp-content\/uploads\/biblioshare_attachments\/9782897501648.png\",\"width\":975,\"height\":1238},{\"@type\":\"BreadcrumbList\",\"@id\":\"https:\/\/atlanticbooks.ca\/fr\/livres\/luna-naime-pas#breadcrumb\",\"itemListElement\":[{\"@type\":\"ListItem\",\"position\":1,\"name\":\"Domicile\",\"item\":\"https:\/\/atlanticbooks.ca\/fr\"},{\"@type\":\"ListItem\",\"position\":2,\"name\":\"Collections\",\"item\":\"https:\/\/atlanticbooks.ca\/fr\/collections\"},{\"@type\":\"ListItem\",\"position\":3,\"name\":\"Luna n&#8217;aime pas\"}]},{\"@type\":\"WebSite\",\"@id\":\"https:\/\/atlanticbooks.ca\/fr\/#website\",\"url\":\"https:\/\/atlanticbooks.ca\/fr\/\",\"name\":\"Atlantic Books\",\"description\":\"Atlantic Books\",\"publisher\":{\"@id\":\"https:\/\/atlanticbooks.ca\/fr\/#organization\"},\"potentialAction\":[{\"@type\":\"SearchAction\",\"target\":{\"@type\":\"EntryPoint\",\"urlTemplate\":\"https:\/\/atlanticbooks.ca\/fr\/?s={search_term_string}\"},\"query-input\":{\"@type\":\"PropertyValueSpecification\",\"valueRequired\":true,\"valueName\":\"search_term_string\"}}],\"inLanguage\":\"fr-FR\"},{\"@type\":\"Organization\",\"@id\":\"https:\/\/atlanticbooks.ca\/fr\/#organization\",\"name\":\"Atlantic Books\",\"url\":\"https:\/\/atlanticbooks.ca\/fr\/\",\"logo\":{\"@type\":\"ImageObject\",\"inLanguage\":\"fr-FR\",\"@id\":\"https:\/\/atlanticbooks.ca\/fr\/#\/schema\/logo\/image\/\",\"url\":\"https:\/\/atlanticbooks.ca\/wp-content\/uploads\/2020\/10\/atlantic-books-logo.png\",\"contentUrl\":\"https:\/\/atlanticbooks.ca\/wp-content\/uploads\/2020\/10\/atlantic-books-logo.png\",\"width\":566,\"height\":111,\"caption\":\"Atlantic Books\"},\"image\":{\"@id\":\"https:\/\/atlanticbooks.ca\/fr\/#\/schema\/logo\/image\/\"}}]}<\/script>\n<!-- \/ Yoast SEO plugin. -->","yoast_head_json":{"title":"Luna n'aime pas - Atlantic Books","robots":{"index":"index","follow":"follow","max-snippet":"max-snippet:-1","max-image-preview":"max-image-preview:large","max-video-preview":"max-video-preview:-1"},"canonical":"https:\/\/atlanticbooks.ca\/fr\/livres\/luna-naime-pas","og_locale":"fr_FR","og_type":"article","og_title":"Luna n'aime pas - Atlantic Books","og_description":"&lt;p&gt;Unlike his brother Zim, Luna is a red-haired, hot-tempered cat. While his feline furry friend scurries and climbs around the house, Luna grrrr's and growls. &lt;\/p&gt; &lt;p&gt;With their piercing eyes, pudgy bellies, and pillows on their feet, even the best of us can't resist to cats! But if they make us laugh, cats aren't always in a good mood... &lt;\/p&gt; &lt;p&gt;Will Luna's human and brother cheer him up?&lt;\/p&gt;","og_url":"https:\/\/atlanticbooks.ca\/fr\/livres\/luna-naime-pas","og_site_name":"Atlantic Books","article_modified_time":"2022-11-10T02:10:08+00:00","og_image":[{"width":975,"height":1238,"url":"https:\/\/atlanticbooks.mystagingwebsite.com\/wp-content\/uploads\/biblioshare_attachments\/9782897501648.png","type":"image\/png"}],"twitter_card":"summary_large_image","twitter_misc":{"Dur\u00e9e de lecture estim\u00e9e":"1 minute"},"schema":{"@context":"https:\/\/schema.org","@graph":[{"@type":"WebPage","@id":"https:\/\/atlanticbooks.ca\/fr\/livres\/luna-naime-pas","url":"https:\/\/atlanticbooks.ca\/fr\/livres\/luna-naime-pas","name":"Luna n'aime pas - Atlantic Books","isPartOf":{"@id":"https:\/\/atlanticbooks.ca\/fr\/#website"},"primaryImageOfPage":{"@id":"https:\/\/atlanticbooks.ca\/fr\/livres\/luna-naime-pas#primaryimage"},"image":{"@id":"https:\/\/atlanticbooks.ca\/fr\/livres\/luna-naime-pas#primaryimage"},"thumbnailUrl":"https:\/\/atlanticbooks.ca\/wp-content\/uploads\/biblioshare_attachments\/9782897501648.png","datePublished":"2022-08-18T20:56:34+00:00","dateModified":"2022-11-10T02:10:08+00:00","breadcrumb":{"@id":"https:\/\/atlanticbooks.ca\/fr\/livres\/luna-naime-pas#breadcrumb"},"inLanguage":"fr-FR","potentialAction":[{"@type":"ReadAction","target":["https:\/\/atlanticbooks.ca\/fr\/livres\/luna-naime-pas"]}]},{"@type":"ImageObject","inLanguage":"fr-FR","@id":"https:\/\/atlanticbooks.ca\/fr\/livres\/luna-naime-pas#primaryimage","url":"https:\/\/atlanticbooks.ca\/wp-content\/uploads\/biblioshare_attachments\/9782897501648.png","contentUrl":"https:\/\/atlanticbooks.ca\/wp-content\/uploads\/biblioshare_attachments\/9782897501648.png","width":975,"height":1238},{"@type":"BreadcrumbList","@id":"https:\/\/atlanticbooks.ca\/fr\/livres\/luna-naime-pas#breadcrumb","itemListElement":[{"@type":"ListItem","position":1,"name":"Domicile","item":"https:\/\/atlanticbooks.ca\/fr"},{"@type":"ListItem","position":2,"name":"Collections","item":"https:\/\/atlanticbooks.ca\/fr\/collections"},{"@type":"ListItem","position":3,"name":"Luna n&#8217;aime pas"}]},{"@type":"WebSite","@id":"https:\/\/atlanticbooks.ca\/fr\/#website","url":"https:\/\/atlanticbooks.ca\/fr\/","name":"Atlantic Books","description":"Atlantic Books","publisher":{"@id":"https:\/\/atlanticbooks.ca\/fr\/#organization"},"potentialAction":[{"@type":"SearchAction","target":{"@type":"EntryPoint","urlTemplate":"https:\/\/atlanticbooks.ca\/fr\/?s={search_term_string}"},"query-input":{"@type":"PropertyValueSpecification","valueRequired":true,"valueName":"search_term_string"}}],"inLanguage":"fr-FR"},{"@type":"Organization","@id":"https:\/\/atlanticbooks.ca\/fr\/#organization","name":"Atlantic Books","url":"https:\/\/atlanticbooks.ca\/fr\/","logo":{"@type":"ImageObject","inLanguage":"fr-FR","@id":"https:\/\/atlanticbooks.ca\/fr\/#\/schema\/logo\/image\/","url":"https:\/\/atlanticbooks.ca\/wp-content\/uploads\/2020\/10\/atlantic-books-logo.png","contentUrl":"https:\/\/atlanticbooks.ca\/wp-content\/uploads\/2020\/10\/atlantic-books-logo.png","width":566,"height":111,"caption":"Atlantic Books"},"image":{"@id":"https:\/\/atlanticbooks.ca\/fr\/#\/schema\/logo\/image\/"}}]}},"_links":{"self":[{"href":"https:\/\/atlanticbooks.ca\/fr\/wp-json\/wp\/v2\/product\/64247","targetHints":{"allow":["GET"]}}],"collection":[{"href":"https:\/\/atlanticbooks.ca\/fr\/wp-json\/wp\/v2\/product"}],"about":[{"href":"https:\/\/atlanticbooks.ca\/fr\/wp-json\/wp\/v2\/types\/product"}],"wp:featuredmedia":[{"embeddable":true,"href":"https:\/\/atlanticbooks.ca\/fr\/wp-json\/wp\/v2\/media\/67524"}],"wp:attachment":[{"href":"https:\/\/atlanticbooks.ca\/fr\/wp-json\/wp\/v2\/media?parent=64247"}],"wp:term":[{"taxonomy":"product_brand","embeddable":true,"href":"https:\/\/atlanticbooks.ca\/fr\/wp-json\/wp\/v2\/product_brand?post=64247"},{"taxonomy":"product_cat","embeddable":true,"href":"https:\/\/atlanticbooks.ca\/fr\/wp-json\/wp\/v2\/product_cat?post=64247"},{"taxonomy":"product_tag","embeddable":true,"href":"https:\/\/atlanticbooks.ca\/fr\/wp-json\/wp\/v2\/product_tag?post=64247"}],"curies":[{"name":"wp","href":"https:\/\/api.w.org\/{rel}","templated":true}]}}