{"id":64241,"date":"2022-08-18T20:57:04","date_gmt":"2022-08-18T20:57:04","guid":{"rendered":"https:\/\/atlanticbooks.ca\/books\/comptines-et-cuisine\/"},"modified":"2022-11-09T21:05:09","modified_gmt":"2022-11-09T21:05:09","slug":"comptines-et-cuisine","status":"publish","type":"product","link":"https:\/\/atlanticbooks.ca\/fr\/livres\/comptines-et-cuisine","title":{"rendered":"Comptines et cuisine"},"content":{"rendered":"<p>English description follows.<\/p>\n<p>Une joyeuse farandole de bestioles et d\u2019animaux d\u00e9filent sur ces pages, cr\u00e9ant dans leur sillage d\u2019amusantes comptines originales et faciles \u00e0 retenir.<\/p>\n<p>Mais ce n\u2019est pas tout ! L\u2019auteure a imagin\u00e9, \u00e0 partir de ces cr\u00e9atures rigolotes, des petits plats faciles \u00e0 cuisiner, la plupart ne demandant aucune cuisson.<\/p>\n<p>Les enfants peuvent pr\u00e9parer, et d\u00e9guster sans mettre tout sens-dessus dessous dans la cuisine. Les ingr\u00e9dients sont simples, les r\u00e9sultats festifs, et plut\u00f4t \u00ab sant\u00e9 \u00bb.<\/p>\n<p>Et qui sait ? Enfants et parents voudront peut-\u00eatre eux-m\u00eame cr\u00e9er leur propre bestiaire \u00e0 croquer !<\/p>\n<p>A cheerful parade of creatures and animals creating amusing, original and easy-to-remember nursery rhymes in their trail. Plus, dishes dreamed up by the author and based on these bizarre creatures with easy, mostly no-cook recipes. Children can prepare and taste their dishes without turning the kitchen upside down. Simple ingredients and festive, mainly healthy results. Children and parents may even want to create their own delicious bestiary!<\/p>\n","protected":false},"excerpt":{"rendered":"<p>A cheerful parade of creatures and animals creating amusing, original and easy-to-remember nursery rhymes in their trail. Plus, dishes dreamed up by the author and based on these bizarre creatures with easy, mostly no-cook recipes. Children can prepare and taste their dishes without turning the kitchen upside down. Simple ingredients and festive, mainly healthy results. Children and parents may even want to create their own delicious bestiary!<\/p>\n","protected":false},"featured_media":67540,"template":"","meta":{"_genesis_hide_title":false,"_genesis_hide_breadcrumbs":false,"_genesis_hide_singular_image":false,"_genesis_hide_footer_widgets":false,"_genesis_custom_body_class":"","_genesis_custom_post_class":"","_genesis_layout":""},"product_brand":[],"product_cat":[12776],"product_tag":[],"class_list":{"0":"post-64241","1":"product","2":"type-product","3":"status-publish","4":"has-post-thumbnail","5":"product_language-fre","6":"product_subjects-juvenile-fiction-fr","7":"product_subjects-animals-fr","8":"product_subjects-general-animals-fr","9":"product_reading_range-8-fr","10":"product_reading_range-7-fr","11":"product_reading_range-4-fr","12":"product_reading_range-5-fr","13":"product_reading_range-6-fr","14":"product_interest_range-5-fr","15":"product_interest_range-6-fr","16":"product_interest_range-7-fr","17":"product_interest_range-8-fr","18":"product_interest_range-4-fr","19":"product_grade_range-kindergarten-fr","20":"product_grade_range-first-grade-fr","21":"product_grade_range-second-grade-fr","22":"product_grade_range-third-grade-fr","23":"product_curriculumsubject-francais-programmes-detudes-fr","24":"product_curriculumsubject-immersion-2-fr","25":"product_curriculumsubject-francais-arts-langagiers-im-fr","26":"product_curriculumsubject-core-french-fr","27":"product_curriculumsubject-francais-arts-langagiers-fr","28":"product_curriculumsubject-sciences-humaines-im-fr","29":"product_curriculumsubject-sciences-humaines-etudes-acadiennes-fr","30":"product_edi_languages-francais-fr","31":"biblio_share_tag-juvenile-fiction-animals-general-fr","32":"product_cat-abc-fr-2","33":"product_shipping_class-abc-test-fr","34":"entry","36":"first","37":"instock","38":"taxable","39":"shipping-taxable","40":"purchasable","41":"product-type-simple"},"yoast_head":"<!-- This site is optimized with the Yoast SEO plugin v24.0 - https:\/\/yoast.com\/wordpress\/plugins\/seo\/ -->\n<title>Comptines et cuisine - Atlantic Books<\/title>\n<meta name=\"robots\" content=\"index, follow, max-snippet:-1, max-image-preview:large, max-video-preview:-1\" \/>\n<link rel=\"canonical\" href=\"https:\/\/atlanticbooks.ca\/fr\/livres\/comptines-et-cuisine\" \/>\n<meta property=\"og:locale\" content=\"fr_FR\" \/>\n<meta property=\"og:type\" content=\"article\" \/>\n<meta property=\"og:title\" content=\"Comptines et cuisine - Atlantic Books\" \/>\n<meta property=\"og:description\" content=\"A cheerful parade of creatures and animals creating amusing, original and easy-to-remember nursery rhymes in their trail. Plus, dishes dreamed up by the author and based on these bizarre creatures with easy, mostly no-cook recipes. Children can prepare and taste their dishes without turning the kitchen upside down. Simple ingredients and festive, mainly healthy results. Children and parents may even want to create their own delicious bestiary!\" \/>\n<meta property=\"og:url\" content=\"https:\/\/atlanticbooks.ca\/fr\/livres\/comptines-et-cuisine\" \/>\n<meta property=\"og:site_name\" content=\"Atlantic Books\" \/>\n<meta property=\"article:modified_time\" content=\"2022-11-09T21:05:09+00:00\" \/>\n<meta property=\"og:image\" content=\"https:\/\/atlanticbooks.mystagingwebsite.com\/wp-content\/uploads\/biblioshare_attachments\/9782897501372-1024x1024.png\" \/>\n\t<meta property=\"og:image:width\" content=\"1024\" \/>\n\t<meta property=\"og:image:height\" content=\"1024\" \/>\n\t<meta property=\"og:image:type\" content=\"image\/png\" \/>\n<meta name=\"twitter:card\" content=\"summary_large_image\" \/>\n<meta name=\"twitter:label1\" content=\"Dur\u00e9e de lecture estim\u00e9e\" \/>\n\t<meta name=\"twitter:data1\" content=\"1 minute\" \/>\n<script type=\"application\/ld+json\" class=\"yoast-schema-graph\">{\"@context\":\"https:\/\/schema.org\",\"@graph\":[{\"@type\":\"WebPage\",\"@id\":\"https:\/\/atlanticbooks.ca\/fr\/livres\/comptines-et-cuisine\",\"url\":\"https:\/\/atlanticbooks.ca\/fr\/livres\/comptines-et-cuisine\",\"name\":\"Comptines et cuisine - Atlantic Books\",\"isPartOf\":{\"@id\":\"https:\/\/atlanticbooks.ca\/fr\/#website\"},\"primaryImageOfPage\":{\"@id\":\"https:\/\/atlanticbooks.ca\/fr\/livres\/comptines-et-cuisine#primaryimage\"},\"image\":{\"@id\":\"https:\/\/atlanticbooks.ca\/fr\/livres\/comptines-et-cuisine#primaryimage\"},\"thumbnailUrl\":\"https:\/\/atlanticbooks.ca\/wp-content\/uploads\/biblioshare_attachments\/9782897501372.png\",\"datePublished\":\"2022-08-18T20:57:04+00:00\",\"dateModified\":\"2022-11-09T21:05:09+00:00\",\"breadcrumb\":{\"@id\":\"https:\/\/atlanticbooks.ca\/fr\/livres\/comptines-et-cuisine#breadcrumb\"},\"inLanguage\":\"fr-FR\",\"potentialAction\":[{\"@type\":\"ReadAction\",\"target\":[\"https:\/\/atlanticbooks.ca\/fr\/livres\/comptines-et-cuisine\"]}]},{\"@type\":\"ImageObject\",\"inLanguage\":\"fr-FR\",\"@id\":\"https:\/\/atlanticbooks.ca\/fr\/livres\/comptines-et-cuisine#primaryimage\",\"url\":\"https:\/\/atlanticbooks.ca\/wp-content\/uploads\/biblioshare_attachments\/9782897501372.png\",\"contentUrl\":\"https:\/\/atlanticbooks.ca\/wp-content\/uploads\/biblioshare_attachments\/9782897501372.png\",\"width\":1900,\"height\":1629},{\"@type\":\"BreadcrumbList\",\"@id\":\"https:\/\/atlanticbooks.ca\/fr\/livres\/comptines-et-cuisine#breadcrumb\",\"itemListElement\":[{\"@type\":\"ListItem\",\"position\":1,\"name\":\"Domicile\",\"item\":\"https:\/\/atlanticbooks.ca\/fr\"},{\"@type\":\"ListItem\",\"position\":2,\"name\":\"Collections\",\"item\":\"https:\/\/atlanticbooks.ca\/fr\/collections\"},{\"@type\":\"ListItem\",\"position\":3,\"name\":\"Comptines et cuisine\"}]},{\"@type\":\"WebSite\",\"@id\":\"https:\/\/atlanticbooks.ca\/fr\/#website\",\"url\":\"https:\/\/atlanticbooks.ca\/fr\/\",\"name\":\"Atlantic Books\",\"description\":\"Atlantic Books\",\"publisher\":{\"@id\":\"https:\/\/atlanticbooks.ca\/fr\/#organization\"},\"potentialAction\":[{\"@type\":\"SearchAction\",\"target\":{\"@type\":\"EntryPoint\",\"urlTemplate\":\"https:\/\/atlanticbooks.ca\/fr\/?s={search_term_string}\"},\"query-input\":{\"@type\":\"PropertyValueSpecification\",\"valueRequired\":true,\"valueName\":\"search_term_string\"}}],\"inLanguage\":\"fr-FR\"},{\"@type\":\"Organization\",\"@id\":\"https:\/\/atlanticbooks.ca\/fr\/#organization\",\"name\":\"Atlantic Books\",\"url\":\"https:\/\/atlanticbooks.ca\/fr\/\",\"logo\":{\"@type\":\"ImageObject\",\"inLanguage\":\"fr-FR\",\"@id\":\"https:\/\/atlanticbooks.ca\/fr\/#\/schema\/logo\/image\/\",\"url\":\"https:\/\/atlanticbooks.ca\/wp-content\/uploads\/2020\/10\/atlantic-books-logo.png\",\"contentUrl\":\"https:\/\/atlanticbooks.ca\/wp-content\/uploads\/2020\/10\/atlantic-books-logo.png\",\"width\":566,\"height\":111,\"caption\":\"Atlantic Books\"},\"image\":{\"@id\":\"https:\/\/atlanticbooks.ca\/fr\/#\/schema\/logo\/image\/\"}}]}<\/script>\n<!-- \/ Yoast SEO plugin. -->","yoast_head_json":{"title":"Comptines et cuisine - Atlantic Books","robots":{"index":"index","follow":"follow","max-snippet":"max-snippet:-1","max-image-preview":"max-image-preview:large","max-video-preview":"max-video-preview:-1"},"canonical":"https:\/\/atlanticbooks.ca\/fr\/livres\/comptines-et-cuisine","og_locale":"fr_FR","og_type":"article","og_title":"Comptines et cuisine - Atlantic Books","og_description":"A cheerful parade of creatures and animals creating amusing, original and easy-to-remember nursery rhymes in their trail. Plus, dishes dreamed up by the author and based on these bizarre creatures with easy, mostly no-cook recipes. Children can prepare and taste their dishes without turning the kitchen upside down. Simple ingredients and festive, mainly healthy results. Children and parents may even want to create their own delicious bestiary!","og_url":"https:\/\/atlanticbooks.ca\/fr\/livres\/comptines-et-cuisine","og_site_name":"Atlantic Books","article_modified_time":"2022-11-09T21:05:09+00:00","og_image":[{"width":1024,"height":1024,"url":"https:\/\/atlanticbooks.mystagingwebsite.com\/wp-content\/uploads\/biblioshare_attachments\/9782897501372-1024x1024.png","type":"image\/png"}],"twitter_card":"summary_large_image","twitter_misc":{"Dur\u00e9e de lecture estim\u00e9e":"1 minute"},"schema":{"@context":"https:\/\/schema.org","@graph":[{"@type":"WebPage","@id":"https:\/\/atlanticbooks.ca\/fr\/livres\/comptines-et-cuisine","url":"https:\/\/atlanticbooks.ca\/fr\/livres\/comptines-et-cuisine","name":"Comptines et cuisine - Atlantic Books","isPartOf":{"@id":"https:\/\/atlanticbooks.ca\/fr\/#website"},"primaryImageOfPage":{"@id":"https:\/\/atlanticbooks.ca\/fr\/livres\/comptines-et-cuisine#primaryimage"},"image":{"@id":"https:\/\/atlanticbooks.ca\/fr\/livres\/comptines-et-cuisine#primaryimage"},"thumbnailUrl":"https:\/\/atlanticbooks.ca\/wp-content\/uploads\/biblioshare_attachments\/9782897501372.png","datePublished":"2022-08-18T20:57:04+00:00","dateModified":"2022-11-09T21:05:09+00:00","breadcrumb":{"@id":"https:\/\/atlanticbooks.ca\/fr\/livres\/comptines-et-cuisine#breadcrumb"},"inLanguage":"fr-FR","potentialAction":[{"@type":"ReadAction","target":["https:\/\/atlanticbooks.ca\/fr\/livres\/comptines-et-cuisine"]}]},{"@type":"ImageObject","inLanguage":"fr-FR","@id":"https:\/\/atlanticbooks.ca\/fr\/livres\/comptines-et-cuisine#primaryimage","url":"https:\/\/atlanticbooks.ca\/wp-content\/uploads\/biblioshare_attachments\/9782897501372.png","contentUrl":"https:\/\/atlanticbooks.ca\/wp-content\/uploads\/biblioshare_attachments\/9782897501372.png","width":1900,"height":1629},{"@type":"BreadcrumbList","@id":"https:\/\/atlanticbooks.ca\/fr\/livres\/comptines-et-cuisine#breadcrumb","itemListElement":[{"@type":"ListItem","position":1,"name":"Domicile","item":"https:\/\/atlanticbooks.ca\/fr"},{"@type":"ListItem","position":2,"name":"Collections","item":"https:\/\/atlanticbooks.ca\/fr\/collections"},{"@type":"ListItem","position":3,"name":"Comptines et cuisine"}]},{"@type":"WebSite","@id":"https:\/\/atlanticbooks.ca\/fr\/#website","url":"https:\/\/atlanticbooks.ca\/fr\/","name":"Atlantic Books","description":"Atlantic Books","publisher":{"@id":"https:\/\/atlanticbooks.ca\/fr\/#organization"},"potentialAction":[{"@type":"SearchAction","target":{"@type":"EntryPoint","urlTemplate":"https:\/\/atlanticbooks.ca\/fr\/?s={search_term_string}"},"query-input":{"@type":"PropertyValueSpecification","valueRequired":true,"valueName":"search_term_string"}}],"inLanguage":"fr-FR"},{"@type":"Organization","@id":"https:\/\/atlanticbooks.ca\/fr\/#organization","name":"Atlantic Books","url":"https:\/\/atlanticbooks.ca\/fr\/","logo":{"@type":"ImageObject","inLanguage":"fr-FR","@id":"https:\/\/atlanticbooks.ca\/fr\/#\/schema\/logo\/image\/","url":"https:\/\/atlanticbooks.ca\/wp-content\/uploads\/2020\/10\/atlantic-books-logo.png","contentUrl":"https:\/\/atlanticbooks.ca\/wp-content\/uploads\/2020\/10\/atlantic-books-logo.png","width":566,"height":111,"caption":"Atlantic Books"},"image":{"@id":"https:\/\/atlanticbooks.ca\/fr\/#\/schema\/logo\/image\/"}}]}},"_links":{"self":[{"href":"https:\/\/atlanticbooks.ca\/fr\/wp-json\/wp\/v2\/product\/64241","targetHints":{"allow":["GET"]}}],"collection":[{"href":"https:\/\/atlanticbooks.ca\/fr\/wp-json\/wp\/v2\/product"}],"about":[{"href":"https:\/\/atlanticbooks.ca\/fr\/wp-json\/wp\/v2\/types\/product"}],"wp:featuredmedia":[{"embeddable":true,"href":"https:\/\/atlanticbooks.ca\/fr\/wp-json\/wp\/v2\/media\/67540"}],"wp:attachment":[{"href":"https:\/\/atlanticbooks.ca\/fr\/wp-json\/wp\/v2\/media?parent=64241"}],"wp:term":[{"taxonomy":"product_brand","embeddable":true,"href":"https:\/\/atlanticbooks.ca\/fr\/wp-json\/wp\/v2\/product_brand?post=64241"},{"taxonomy":"product_cat","embeddable":true,"href":"https:\/\/atlanticbooks.ca\/fr\/wp-json\/wp\/v2\/product_cat?post=64241"},{"taxonomy":"product_tag","embeddable":true,"href":"https:\/\/atlanticbooks.ca\/fr\/wp-json\/wp\/v2\/product_tag?post=64241"}],"curies":[{"name":"wp","href":"https:\/\/api.w.org\/{rel}","templated":true}]}}