{"id":64237,"date":"2022-08-18T20:57:17","date_gmt":"2022-08-18T20:57:17","guid":{"rendered":"https:\/\/atlanticbooks.ca\/books\/un-gamin-acadien\/"},"modified":"2022-11-09T21:05:07","modified_gmt":"2022-11-09T21:05:07","slug":"un-gamin-acadien","status":"publish","type":"product","link":"https:\/\/atlanticbooks.ca\/fr\/livres\/un-gamin-acadien","title":{"rendered":"Un Gamin Acadien"},"content":{"rendered":"<p>English description follows.<\/p>\n<p>N\u00e9 sur une ferme dans le village de l\u2019Anse-des-Cormier, au Nouveau-Brunswick, le jeune Rom\u00e9o LeBlanc ne se doutait pas que, gr\u00e2ce \u00e0 l\u2019amour de sa famille et \u00e0 l\u2019aide inattendue de ses s\u0153urs, il aurait un jour la chance de faire des \u00e9tudes secondaires et universitaires, de devenir enseignant d\u2019histoire puis journaliste, et de gravir les \u00e9chelons politiques jusqu\u2019au plus haut sommet ! Malgr\u00e9 tout, Rom\u00e9o LeBlanc conservera toute sa vie une grande modestie et un grand sens de l\u2019humour.<\/p>\n<p>D\u00e9couvrez l\u2019odyss\u00e9e d\u2019un gamin acadien jusqu\u2019\u00e0 Rideau Hall, la r\u00e9sidence officielle du gouverneur g\u00e9n\u00e9ral \u00e0 Ottawa.<\/p>\n<p>&lt;p&gt;N\u00e9 sur une ferme dans le village de l&rsquo;Anse-des-Cormier, au Nouveau-Brunswick, le jeune Rom\u00e9o LeBlanc ne se doutait pas que, gr\u00e2ce \u00e0 l&rsquo;amour de sa famille et \u00e0 l&rsquo;aide inattendue de ses soeurs, il aurait un jour la chance de faire des \u00e9tudes secondaires et universitaires, de devenir enseignant d&rsquo;histoire puis journaliste, et de gravir les \u00e9chelons politiques jusqu&rsquo;au plus haut sommet! Malgr\u00e9 tout, Rom\u00e9o LeBlanc conservera toute sa vie une grande modestie et un grand sens de l&rsquo;humour.&lt;\/p&gt;&lt;p&gt;D\u00e9couvrez l&rsquo;odyss\u00e9e d&rsquo;un gamin acadien jusqu&rsquo;\u00e0 Rideau Hall, la r\u00e9sidence officielle du gouverneur g\u00e9n\u00e9ral \u00e0 Ottawa.&lt;\/p&gt;<\/p>\n","protected":false},"excerpt":{"rendered":"<p>&lt;p&gt;N\u00e9 sur une ferme dans le village de l&rsquo;Anse-des-Cormier, au Nouveau-Brunswick, le jeune Rom\u00e9o LeBlanc ne se doutait pas que, gr\u00e2ce \u00e0 l&rsquo;amour de sa famille et \u00e0 l&rsquo;aide inattendue de ses soeurs, il aurait un jour la chance de faire des \u00e9tudes secondaires et universitaires, de devenir enseignant d&rsquo;histoire puis journaliste, et de gravir les \u00e9chelons politiques jusqu&rsquo;au plus haut sommet! Malgr\u00e9 tout, Rom\u00e9o LeBlanc conservera toute sa vie une grande modestie et un grand sens de l&rsquo;humour.&lt;\/p&gt;&lt;p&gt;D\u00e9couvrez l&rsquo;odyss\u00e9e d&rsquo;un gamin acadien jusqu&rsquo;\u00e0 Rideau Hall, la r\u00e9sidence officielle du gouverneur g\u00e9n\u00e9ral \u00e0 Ottawa.&lt;\/p&gt;<\/p>\n","protected":false},"featured_media":67547,"template":"","meta":{"_genesis_hide_title":false,"_genesis_hide_breadcrumbs":false,"_genesis_hide_singular_image":false,"_genesis_hide_footer_widgets":false,"_genesis_custom_body_class":"","_genesis_custom_post_class":"","_genesis_layout":""},"product_brand":[],"product_cat":[12776],"product_tag":[],"class_list":{"0":"post-64237","1":"product","2":"type-product","3":"status-publish","4":"has-post-thumbnail","5":"product_language-fre","6":"product_subjects-biography-autobiography-2-fr","7":"product_subjects-general-biography-autobiography-2-fr","8":"product_reading_range-8-fr","9":"product_reading_range-9-fr","10":"product_reading_range-10-fr","11":"product_reading_range-11-fr","12":"product_reading_range-12-fr","13":"product_interest_range-11-fr","14":"product_interest_range-12-fr","15":"product_interest_range-8-fr","16":"product_interest_range-9-fr","17":"product_interest_range-10-fr","18":"product_grade_range-fourth-grade-fr","19":"product_grade_range-fifth-grade-fr","20":"product_grade_range-sixth-grade-fr","21":"product_grade_range-seventh-grade-fr","22":"product_grade_range-eighth-grade-fr","23":"product_curriculumsubject-francais-programmes-detudes-fr","24":"product_curriculumsubject-immersion-2-fr","25":"product_curriculumsubject-francais-arts-langagiers-im-fr","26":"product_curriculumsubject-francais-arts-langagiers-fr","27":"product_provincial_focus-n-e","28":"product_edi_history_culture-culture-et-histoire-acadiennes","29":"product_edi_characters-acadian-characters-fr","30":"product_edi_languages-francais-fr","31":"biblio_share_tag-biography-autobiography-general-fr","32":"product_cat-abc-fr-2","33":"product_shipping_class-abc-test-fr","34":"entry","36":"first","37":"instock","38":"taxable","39":"shipping-taxable","40":"purchasable","41":"product-type-simple"},"yoast_head":"<!-- This site is optimized with the Yoast SEO plugin v24.0 - https:\/\/yoast.com\/wordpress\/plugins\/seo\/ -->\n<title>Un Gamin Acadien - Atlantic Books<\/title>\n<meta name=\"robots\" content=\"index, follow, max-snippet:-1, max-image-preview:large, max-video-preview:-1\" \/>\n<link rel=\"canonical\" href=\"https:\/\/atlanticbooks.ca\/fr\/livres\/un-gamin-acadien\" \/>\n<meta property=\"og:locale\" content=\"fr_FR\" \/>\n<meta property=\"og:type\" content=\"article\" \/>\n<meta property=\"og:title\" content=\"Un Gamin Acadien - Atlantic Books\" \/>\n<meta property=\"og:description\" content=\"&lt;p&gt;N\u00e9 sur une ferme dans le village de l&#039;Anse-des-Cormier, au Nouveau-Brunswick, le jeune Rom\u00e9o LeBlanc ne se doutait pas que, gr\u00e2ce \u00e0 l&#039;amour de sa famille et \u00e0 l&#039;aide inattendue de ses soeurs, il aurait un jour la chance de faire des \u00e9tudes secondaires et universitaires, de devenir enseignant d&#039;histoire puis journaliste, et de gravir les \u00e9chelons politiques jusqu&#039;au plus haut sommet! Malgr\u00e9 tout, Rom\u00e9o LeBlanc conservera toute sa vie une grande modestie et un grand sens de l&#039;humour.&lt;\/p&gt;&lt;p&gt;D\u00e9couvrez l&#039;odyss\u00e9e d&#039;un gamin acadien jusqu&#039;\u00e0 Rideau Hall, la r\u00e9sidence officielle du gouverneur g\u00e9n\u00e9ral \u00e0 Ottawa.&lt;\/p&gt;\" \/>\n<meta property=\"og:url\" content=\"https:\/\/atlanticbooks.ca\/fr\/livres\/un-gamin-acadien\" \/>\n<meta property=\"og:site_name\" content=\"Atlantic Books\" \/>\n<meta property=\"article:modified_time\" content=\"2022-11-09T21:05:07+00:00\" \/>\n<meta property=\"og:image\" content=\"https:\/\/atlanticbooks.mystagingwebsite.com\/wp-content\/uploads\/biblioshare_attachments\/9782897501228.png\" \/>\n\t<meta property=\"og:image:width\" content=\"1233\" \/>\n\t<meta property=\"og:image:height\" content=\"1238\" \/>\n\t<meta property=\"og:image:type\" content=\"image\/png\" \/>\n<meta name=\"twitter:card\" content=\"summary_large_image\" \/>\n<meta name=\"twitter:label1\" content=\"Dur\u00e9e de lecture estim\u00e9e\" \/>\n\t<meta name=\"twitter:data1\" content=\"1 minute\" \/>\n<script type=\"application\/ld+json\" class=\"yoast-schema-graph\">{\"@context\":\"https:\/\/schema.org\",\"@graph\":[{\"@type\":\"WebPage\",\"@id\":\"https:\/\/atlanticbooks.ca\/fr\/livres\/un-gamin-acadien\",\"url\":\"https:\/\/atlanticbooks.ca\/fr\/livres\/un-gamin-acadien\",\"name\":\"Un Gamin Acadien - Atlantic Books\",\"isPartOf\":{\"@id\":\"https:\/\/atlanticbooks.ca\/fr\/#website\"},\"primaryImageOfPage\":{\"@id\":\"https:\/\/atlanticbooks.ca\/fr\/livres\/un-gamin-acadien#primaryimage\"},\"image\":{\"@id\":\"https:\/\/atlanticbooks.ca\/fr\/livres\/un-gamin-acadien#primaryimage\"},\"thumbnailUrl\":\"https:\/\/atlanticbooks.ca\/wp-content\/uploads\/biblioshare_attachments\/9782897501228.png\",\"datePublished\":\"2022-08-18T20:57:17+00:00\",\"dateModified\":\"2022-11-09T21:05:07+00:00\",\"breadcrumb\":{\"@id\":\"https:\/\/atlanticbooks.ca\/fr\/livres\/un-gamin-acadien#breadcrumb\"},\"inLanguage\":\"fr-FR\",\"potentialAction\":[{\"@type\":\"ReadAction\",\"target\":[\"https:\/\/atlanticbooks.ca\/fr\/livres\/un-gamin-acadien\"]}]},{\"@type\":\"ImageObject\",\"inLanguage\":\"fr-FR\",\"@id\":\"https:\/\/atlanticbooks.ca\/fr\/livres\/un-gamin-acadien#primaryimage\",\"url\":\"https:\/\/atlanticbooks.ca\/wp-content\/uploads\/biblioshare_attachments\/9782897501228.png\",\"contentUrl\":\"https:\/\/atlanticbooks.ca\/wp-content\/uploads\/biblioshare_attachments\/9782897501228.png\",\"width\":1233,\"height\":1238},{\"@type\":\"BreadcrumbList\",\"@id\":\"https:\/\/atlanticbooks.ca\/fr\/livres\/un-gamin-acadien#breadcrumb\",\"itemListElement\":[{\"@type\":\"ListItem\",\"position\":1,\"name\":\"Domicile\",\"item\":\"https:\/\/atlanticbooks.ca\/fr\"},{\"@type\":\"ListItem\",\"position\":2,\"name\":\"Collections\",\"item\":\"https:\/\/atlanticbooks.ca\/fr\/collections\"},{\"@type\":\"ListItem\",\"position\":3,\"name\":\"Un Gamin Acadien\"}]},{\"@type\":\"WebSite\",\"@id\":\"https:\/\/atlanticbooks.ca\/fr\/#website\",\"url\":\"https:\/\/atlanticbooks.ca\/fr\/\",\"name\":\"Atlantic Books\",\"description\":\"Atlantic Books\",\"publisher\":{\"@id\":\"https:\/\/atlanticbooks.ca\/fr\/#organization\"},\"potentialAction\":[{\"@type\":\"SearchAction\",\"target\":{\"@type\":\"EntryPoint\",\"urlTemplate\":\"https:\/\/atlanticbooks.ca\/fr\/?s={search_term_string}\"},\"query-input\":{\"@type\":\"PropertyValueSpecification\",\"valueRequired\":true,\"valueName\":\"search_term_string\"}}],\"inLanguage\":\"fr-FR\"},{\"@type\":\"Organization\",\"@id\":\"https:\/\/atlanticbooks.ca\/fr\/#organization\",\"name\":\"Atlantic Books\",\"url\":\"https:\/\/atlanticbooks.ca\/fr\/\",\"logo\":{\"@type\":\"ImageObject\",\"inLanguage\":\"fr-FR\",\"@id\":\"https:\/\/atlanticbooks.ca\/fr\/#\/schema\/logo\/image\/\",\"url\":\"https:\/\/atlanticbooks.ca\/wp-content\/uploads\/2020\/10\/atlantic-books-logo.png\",\"contentUrl\":\"https:\/\/atlanticbooks.ca\/wp-content\/uploads\/2020\/10\/atlantic-books-logo.png\",\"width\":566,\"height\":111,\"caption\":\"Atlantic Books\"},\"image\":{\"@id\":\"https:\/\/atlanticbooks.ca\/fr\/#\/schema\/logo\/image\/\"}}]}<\/script>\n<!-- \/ Yoast SEO plugin. -->","yoast_head_json":{"title":"Un Gamin Acadien - Atlantic Books","robots":{"index":"index","follow":"follow","max-snippet":"max-snippet:-1","max-image-preview":"max-image-preview:large","max-video-preview":"max-video-preview:-1"},"canonical":"https:\/\/atlanticbooks.ca\/fr\/livres\/un-gamin-acadien","og_locale":"fr_FR","og_type":"article","og_title":"Un Gamin Acadien - Atlantic Books","og_description":"&lt;p&gt;N\u00e9 sur une ferme dans le village de l'Anse-des-Cormier, au Nouveau-Brunswick, le jeune Rom\u00e9o LeBlanc ne se doutait pas que, gr\u00e2ce \u00e0 l'amour de sa famille et \u00e0 l'aide inattendue de ses soeurs, il aurait un jour la chance de faire des \u00e9tudes secondaires et universitaires, de devenir enseignant d'histoire puis journaliste, et de gravir les \u00e9chelons politiques jusqu'au plus haut sommet! Malgr\u00e9 tout, Rom\u00e9o LeBlanc conservera toute sa vie une grande modestie et un grand sens de l'humour.&lt;\/p&gt;&lt;p&gt;D\u00e9couvrez l'odyss\u00e9e d'un gamin acadien jusqu'\u00e0 Rideau Hall, la r\u00e9sidence officielle du gouverneur g\u00e9n\u00e9ral \u00e0 Ottawa.&lt;\/p&gt;","og_url":"https:\/\/atlanticbooks.ca\/fr\/livres\/un-gamin-acadien","og_site_name":"Atlantic Books","article_modified_time":"2022-11-09T21:05:07+00:00","og_image":[{"width":1233,"height":1238,"url":"https:\/\/atlanticbooks.mystagingwebsite.com\/wp-content\/uploads\/biblioshare_attachments\/9782897501228.png","type":"image\/png"}],"twitter_card":"summary_large_image","twitter_misc":{"Dur\u00e9e de lecture estim\u00e9e":"1 minute"},"schema":{"@context":"https:\/\/schema.org","@graph":[{"@type":"WebPage","@id":"https:\/\/atlanticbooks.ca\/fr\/livres\/un-gamin-acadien","url":"https:\/\/atlanticbooks.ca\/fr\/livres\/un-gamin-acadien","name":"Un Gamin Acadien - Atlantic Books","isPartOf":{"@id":"https:\/\/atlanticbooks.ca\/fr\/#website"},"primaryImageOfPage":{"@id":"https:\/\/atlanticbooks.ca\/fr\/livres\/un-gamin-acadien#primaryimage"},"image":{"@id":"https:\/\/atlanticbooks.ca\/fr\/livres\/un-gamin-acadien#primaryimage"},"thumbnailUrl":"https:\/\/atlanticbooks.ca\/wp-content\/uploads\/biblioshare_attachments\/9782897501228.png","datePublished":"2022-08-18T20:57:17+00:00","dateModified":"2022-11-09T21:05:07+00:00","breadcrumb":{"@id":"https:\/\/atlanticbooks.ca\/fr\/livres\/un-gamin-acadien#breadcrumb"},"inLanguage":"fr-FR","potentialAction":[{"@type":"ReadAction","target":["https:\/\/atlanticbooks.ca\/fr\/livres\/un-gamin-acadien"]}]},{"@type":"ImageObject","inLanguage":"fr-FR","@id":"https:\/\/atlanticbooks.ca\/fr\/livres\/un-gamin-acadien#primaryimage","url":"https:\/\/atlanticbooks.ca\/wp-content\/uploads\/biblioshare_attachments\/9782897501228.png","contentUrl":"https:\/\/atlanticbooks.ca\/wp-content\/uploads\/biblioshare_attachments\/9782897501228.png","width":1233,"height":1238},{"@type":"BreadcrumbList","@id":"https:\/\/atlanticbooks.ca\/fr\/livres\/un-gamin-acadien#breadcrumb","itemListElement":[{"@type":"ListItem","position":1,"name":"Domicile","item":"https:\/\/atlanticbooks.ca\/fr"},{"@type":"ListItem","position":2,"name":"Collections","item":"https:\/\/atlanticbooks.ca\/fr\/collections"},{"@type":"ListItem","position":3,"name":"Un Gamin Acadien"}]},{"@type":"WebSite","@id":"https:\/\/atlanticbooks.ca\/fr\/#website","url":"https:\/\/atlanticbooks.ca\/fr\/","name":"Atlantic Books","description":"Atlantic Books","publisher":{"@id":"https:\/\/atlanticbooks.ca\/fr\/#organization"},"potentialAction":[{"@type":"SearchAction","target":{"@type":"EntryPoint","urlTemplate":"https:\/\/atlanticbooks.ca\/fr\/?s={search_term_string}"},"query-input":{"@type":"PropertyValueSpecification","valueRequired":true,"valueName":"search_term_string"}}],"inLanguage":"fr-FR"},{"@type":"Organization","@id":"https:\/\/atlanticbooks.ca\/fr\/#organization","name":"Atlantic Books","url":"https:\/\/atlanticbooks.ca\/fr\/","logo":{"@type":"ImageObject","inLanguage":"fr-FR","@id":"https:\/\/atlanticbooks.ca\/fr\/#\/schema\/logo\/image\/","url":"https:\/\/atlanticbooks.ca\/wp-content\/uploads\/2020\/10\/atlantic-books-logo.png","contentUrl":"https:\/\/atlanticbooks.ca\/wp-content\/uploads\/2020\/10\/atlantic-books-logo.png","width":566,"height":111,"caption":"Atlantic Books"},"image":{"@id":"https:\/\/atlanticbooks.ca\/fr\/#\/schema\/logo\/image\/"}}]}},"_links":{"self":[{"href":"https:\/\/atlanticbooks.ca\/fr\/wp-json\/wp\/v2\/product\/64237","targetHints":{"allow":["GET"]}}],"collection":[{"href":"https:\/\/atlanticbooks.ca\/fr\/wp-json\/wp\/v2\/product"}],"about":[{"href":"https:\/\/atlanticbooks.ca\/fr\/wp-json\/wp\/v2\/types\/product"}],"wp:featuredmedia":[{"embeddable":true,"href":"https:\/\/atlanticbooks.ca\/fr\/wp-json\/wp\/v2\/media\/67547"}],"wp:attachment":[{"href":"https:\/\/atlanticbooks.ca\/fr\/wp-json\/wp\/v2\/media?parent=64237"}],"wp:term":[{"taxonomy":"product_brand","embeddable":true,"href":"https:\/\/atlanticbooks.ca\/fr\/wp-json\/wp\/v2\/product_brand?post=64237"},{"taxonomy":"product_cat","embeddable":true,"href":"https:\/\/atlanticbooks.ca\/fr\/wp-json\/wp\/v2\/product_cat?post=64237"},{"taxonomy":"product_tag","embeddable":true,"href":"https:\/\/atlanticbooks.ca\/fr\/wp-json\/wp\/v2\/product_tag?post=64237"}],"curies":[{"name":"wp","href":"https:\/\/api.w.org\/{rel}","templated":true}]}}