{"id":64231,"date":"2022-08-18T20:57:51","date_gmt":"2022-08-18T20:57:51","guid":{"rendered":"https:\/\/atlanticbooks.ca\/books\/le-monstre-du-lac-baker\/"},"modified":"2022-11-09T21:04:54","modified_gmt":"2022-11-09T21:04:54","slug":"le-monstre-du-lac-baker","status":"publish","type":"product","link":"https:\/\/atlanticbooks.ca\/fr\/livres\/le-monstre-du-lac-baker","title":{"rendered":"le monstre du Lac Baker"},"content":{"rendered":"<p>English description follows.<\/p>\n<p>Tout comme le Loch Ness ou le lac Memphr\u00e9magog, le lac Baker<br \/>\ndu Haut Madawaska, serait-il infest\u00e9 par un monstre?<br \/>\nLes trois mousquetaires acadiens plongent dans leur premi\u00e8re enqu\u00eate!<\/p>\n<p>Trois jeunes \u00e9coliers acadiens (et leur chien) se cherchant une occupation peu banale d\u00e9cident de fonder une agence de d\u00e9tectives et se baptisent Les trois mousquetaires, puisqu\u2019ils sont quatre\u2009! Au m\u00eame moment,\u00a0\u00a0les riverains du lac Baker, dans le nord-ouest du Nouveau-Brunswick, \u00e0 la fronti\u00e8re avec le Qu\u00e9bec et les Etats-Unis sont effray\u00e9s par la pr\u00e9sence d\u2019un monstre marin. Il n\u2019en faut pas plus pour que Ania, Mamadou et Gabriel plongent au c\u0153ur du myst\u00e8re. Qu\u2019est-ce qui se cache dans ce lac\u2009? Ce premier de sept romans jeunesse tr\u00e8s populaires en Acadie a \u00e9t\u00e9 compl\u00e8tement revisit\u00e9 par l\u2019auteur, et les illustrations de Paul Roux ajoutent encore davantage \u00e0 l\u2019intrigue, l\u2019action et l\u2019humour incontestable de la s\u00e9rie.<\/p>\n<p>&lt;p&gt; One dog, three Maritime pre-teens and non-stop challenges add up to: the Three Musketeers! This series of eight stand-alone novels have hooked 10 year old readers and up, since 2006. Completely revamped, on high-quality paper and with comic strips at the start of every short chapter, adding to the ease of reading, these books will soon become an immersion favourite. This one, &lt;i&gt; Le monstre du LAc Baker &lt;\/i&gt;, is the first of the series, and it is intriguing, compelling, and full of mischief. &lt;\/p&gt;<\/p>\n","protected":false},"excerpt":{"rendered":"<p>&lt;p&gt; In this first adventure, Ania, Gabriel, Mamadou and Dali the dog set up a private eye agency, with the help of Gabriel&rsquo;s adventurous grandmother. Solving a lost cat case is a breeze, but confronting a sea monster on the shore of an uncle&rsquo;s cottage proves to be quite daunting. However, with the help of a lunatic French inventor and his high-tech gadgets, the three friends succeed. Their agency is on its way!&lt;\/p&gt;<\/p>\n","protected":false},"featured_media":67556,"template":"","meta":{"_genesis_hide_title":false,"_genesis_hide_breadcrumbs":false,"_genesis_hide_singular_image":false,"_genesis_hide_footer_widgets":false,"_genesis_custom_body_class":"","_genesis_custom_post_class":"","_genesis_layout":""},"product_brand":[],"product_cat":[12776],"product_tag":[],"class_list":{"0":"post-64231","1":"product","2":"type-product","3":"status-publish","4":"has-post-thumbnail","5":"product_language-fre","6":"product_subjects-juvenile-fiction-fr","7":"product_subjects-general-juvenile-fiction-fr","8":"product_reading_range-12-fr","9":"product_reading_range-8-fr","10":"product_reading_range-9-fr","11":"product_reading_range-10-fr","12":"product_reading_range-11-fr","13":"product_interest_range-8-fr","14":"product_interest_range-9-fr","15":"product_interest_range-10-fr","16":"product_interest_range-11-fr","17":"product_interest_range-12-fr","18":"product_grade_range-fourth-grade-fr","19":"product_grade_range-fifth-grade-fr","20":"product_grade_range-sixth-grade-fr","21":"product_grade_range-seventh-grade-fr","22":"product_grade_range-eighth-grade-fr","23":"product_curriculumsubject-francais-programmes-detudes-fr","24":"product_curriculumsubject-immersion-2-fr","25":"product_curriculumsubject-sciences-humaines-im-fr","26":"product_curriculumsubject-sciences-humaines-fr","27":"product_edi_priority_areas-races-et-ethnies","28":"product_edi_languages-francais-fr","29":"biblio_share_tag-juvenile-fiction-general-fr","30":"product_cat-abc-fr-2","31":"product_shipping_class-abc-test-fr","32":"entry","34":"first","35":"instock","36":"taxable","37":"shipping-taxable","38":"purchasable","39":"product-type-simple"},"yoast_head":"<!-- This site is optimized with the Yoast SEO plugin v24.0 - https:\/\/yoast.com\/wordpress\/plugins\/seo\/ -->\n<title>le monstre du Lac Baker - Atlantic Books<\/title>\n<meta name=\"robots\" content=\"index, follow, max-snippet:-1, max-image-preview:large, max-video-preview:-1\" \/>\n<link rel=\"canonical\" href=\"https:\/\/atlanticbooks.ca\/fr\/livres\/le-monstre-du-lac-baker\" \/>\n<meta property=\"og:locale\" content=\"fr_FR\" \/>\n<meta property=\"og:type\" content=\"article\" \/>\n<meta property=\"og:title\" content=\"le monstre du Lac Baker - Atlantic Books\" \/>\n<meta property=\"og:description\" content=\"&lt;p&gt; In this first adventure, Ania, Gabriel, Mamadou and Dali the dog set up a private eye agency, with the help of Gabriel&#039;s adventurous grandmother. Solving a lost cat case is a breeze, but confronting a sea monster on the shore of an uncle&#039;s cottage proves to be quite daunting. However, with the help of a lunatic French inventor and his high-tech gadgets, the three friends succeed. Their agency is on its way!&lt;\/p&gt;\" \/>\n<meta property=\"og:url\" content=\"https:\/\/atlanticbooks.ca\/fr\/livres\/le-monstre-du-lac-baker\" \/>\n<meta property=\"og:site_name\" content=\"Atlantic Books\" \/>\n<meta property=\"article:modified_time\" content=\"2022-11-09T21:04:54+00:00\" \/>\n<meta property=\"og:image\" content=\"https:\/\/atlanticbooks.mystagingwebsite.com\/wp-content\/uploads\/biblioshare_attachments\/9782897500559.png\" \/>\n\t<meta property=\"og:image:width\" content=\"1261\" \/>\n\t<meta property=\"og:image:height\" content=\"1900\" \/>\n\t<meta property=\"og:image:type\" content=\"image\/png\" \/>\n<meta name=\"twitter:card\" content=\"summary_large_image\" \/>\n<meta name=\"twitter:label1\" content=\"Dur\u00e9e de lecture estim\u00e9e\" \/>\n\t<meta name=\"twitter:data1\" content=\"1 minute\" \/>\n<script type=\"application\/ld+json\" class=\"yoast-schema-graph\">{\"@context\":\"https:\/\/schema.org\",\"@graph\":[{\"@type\":\"WebPage\",\"@id\":\"https:\/\/atlanticbooks.ca\/fr\/livres\/le-monstre-du-lac-baker\",\"url\":\"https:\/\/atlanticbooks.ca\/fr\/livres\/le-monstre-du-lac-baker\",\"name\":\"le monstre du Lac Baker - Atlantic Books\",\"isPartOf\":{\"@id\":\"https:\/\/atlanticbooks.ca\/fr\/#website\"},\"primaryImageOfPage\":{\"@id\":\"https:\/\/atlanticbooks.ca\/fr\/livres\/le-monstre-du-lac-baker#primaryimage\"},\"image\":{\"@id\":\"https:\/\/atlanticbooks.ca\/fr\/livres\/le-monstre-du-lac-baker#primaryimage\"},\"thumbnailUrl\":\"https:\/\/atlanticbooks.ca\/wp-content\/uploads\/biblioshare_attachments\/9782897500559.png\",\"datePublished\":\"2022-08-18T20:57:51+00:00\",\"dateModified\":\"2022-11-09T21:04:54+00:00\",\"breadcrumb\":{\"@id\":\"https:\/\/atlanticbooks.ca\/fr\/livres\/le-monstre-du-lac-baker#breadcrumb\"},\"inLanguage\":\"fr-FR\",\"potentialAction\":[{\"@type\":\"ReadAction\",\"target\":[\"https:\/\/atlanticbooks.ca\/fr\/livres\/le-monstre-du-lac-baker\"]}]},{\"@type\":\"ImageObject\",\"inLanguage\":\"fr-FR\",\"@id\":\"https:\/\/atlanticbooks.ca\/fr\/livres\/le-monstre-du-lac-baker#primaryimage\",\"url\":\"https:\/\/atlanticbooks.ca\/wp-content\/uploads\/biblioshare_attachments\/9782897500559.png\",\"contentUrl\":\"https:\/\/atlanticbooks.ca\/wp-content\/uploads\/biblioshare_attachments\/9782897500559.png\",\"width\":1261,\"height\":1900},{\"@type\":\"BreadcrumbList\",\"@id\":\"https:\/\/atlanticbooks.ca\/fr\/livres\/le-monstre-du-lac-baker#breadcrumb\",\"itemListElement\":[{\"@type\":\"ListItem\",\"position\":1,\"name\":\"Domicile\",\"item\":\"https:\/\/atlanticbooks.ca\/fr\"},{\"@type\":\"ListItem\",\"position\":2,\"name\":\"Collections\",\"item\":\"https:\/\/atlanticbooks.ca\/fr\/collections\"},{\"@type\":\"ListItem\",\"position\":3,\"name\":\"le monstre du Lac Baker\"}]},{\"@type\":\"WebSite\",\"@id\":\"https:\/\/atlanticbooks.ca\/fr\/#website\",\"url\":\"https:\/\/atlanticbooks.ca\/fr\/\",\"name\":\"Atlantic Books\",\"description\":\"Atlantic Books\",\"publisher\":{\"@id\":\"https:\/\/atlanticbooks.ca\/fr\/#organization\"},\"potentialAction\":[{\"@type\":\"SearchAction\",\"target\":{\"@type\":\"EntryPoint\",\"urlTemplate\":\"https:\/\/atlanticbooks.ca\/fr\/?s={search_term_string}\"},\"query-input\":{\"@type\":\"PropertyValueSpecification\",\"valueRequired\":true,\"valueName\":\"search_term_string\"}}],\"inLanguage\":\"fr-FR\"},{\"@type\":\"Organization\",\"@id\":\"https:\/\/atlanticbooks.ca\/fr\/#organization\",\"name\":\"Atlantic Books\",\"url\":\"https:\/\/atlanticbooks.ca\/fr\/\",\"logo\":{\"@type\":\"ImageObject\",\"inLanguage\":\"fr-FR\",\"@id\":\"https:\/\/atlanticbooks.ca\/fr\/#\/schema\/logo\/image\/\",\"url\":\"https:\/\/atlanticbooks.ca\/wp-content\/uploads\/2020\/10\/atlantic-books-logo.png\",\"contentUrl\":\"https:\/\/atlanticbooks.ca\/wp-content\/uploads\/2020\/10\/atlantic-books-logo.png\",\"width\":566,\"height\":111,\"caption\":\"Atlantic Books\"},\"image\":{\"@id\":\"https:\/\/atlanticbooks.ca\/fr\/#\/schema\/logo\/image\/\"}}]}<\/script>\n<!-- \/ Yoast SEO plugin. -->","yoast_head_json":{"title":"le monstre du Lac Baker - Atlantic Books","robots":{"index":"index","follow":"follow","max-snippet":"max-snippet:-1","max-image-preview":"max-image-preview:large","max-video-preview":"max-video-preview:-1"},"canonical":"https:\/\/atlanticbooks.ca\/fr\/livres\/le-monstre-du-lac-baker","og_locale":"fr_FR","og_type":"article","og_title":"le monstre du Lac Baker - Atlantic Books","og_description":"&lt;p&gt; In this first adventure, Ania, Gabriel, Mamadou and Dali the dog set up a private eye agency, with the help of Gabriel's adventurous grandmother. Solving a lost cat case is a breeze, but confronting a sea monster on the shore of an uncle's cottage proves to be quite daunting. However, with the help of a lunatic French inventor and his high-tech gadgets, the three friends succeed. Their agency is on its way!&lt;\/p&gt;","og_url":"https:\/\/atlanticbooks.ca\/fr\/livres\/le-monstre-du-lac-baker","og_site_name":"Atlantic Books","article_modified_time":"2022-11-09T21:04:54+00:00","og_image":[{"width":1261,"height":1900,"url":"https:\/\/atlanticbooks.mystagingwebsite.com\/wp-content\/uploads\/biblioshare_attachments\/9782897500559.png","type":"image\/png"}],"twitter_card":"summary_large_image","twitter_misc":{"Dur\u00e9e de lecture estim\u00e9e":"1 minute"},"schema":{"@context":"https:\/\/schema.org","@graph":[{"@type":"WebPage","@id":"https:\/\/atlanticbooks.ca\/fr\/livres\/le-monstre-du-lac-baker","url":"https:\/\/atlanticbooks.ca\/fr\/livres\/le-monstre-du-lac-baker","name":"le monstre du Lac Baker - Atlantic Books","isPartOf":{"@id":"https:\/\/atlanticbooks.ca\/fr\/#website"},"primaryImageOfPage":{"@id":"https:\/\/atlanticbooks.ca\/fr\/livres\/le-monstre-du-lac-baker#primaryimage"},"image":{"@id":"https:\/\/atlanticbooks.ca\/fr\/livres\/le-monstre-du-lac-baker#primaryimage"},"thumbnailUrl":"https:\/\/atlanticbooks.ca\/wp-content\/uploads\/biblioshare_attachments\/9782897500559.png","datePublished":"2022-08-18T20:57:51+00:00","dateModified":"2022-11-09T21:04:54+00:00","breadcrumb":{"@id":"https:\/\/atlanticbooks.ca\/fr\/livres\/le-monstre-du-lac-baker#breadcrumb"},"inLanguage":"fr-FR","potentialAction":[{"@type":"ReadAction","target":["https:\/\/atlanticbooks.ca\/fr\/livres\/le-monstre-du-lac-baker"]}]},{"@type":"ImageObject","inLanguage":"fr-FR","@id":"https:\/\/atlanticbooks.ca\/fr\/livres\/le-monstre-du-lac-baker#primaryimage","url":"https:\/\/atlanticbooks.ca\/wp-content\/uploads\/biblioshare_attachments\/9782897500559.png","contentUrl":"https:\/\/atlanticbooks.ca\/wp-content\/uploads\/biblioshare_attachments\/9782897500559.png","width":1261,"height":1900},{"@type":"BreadcrumbList","@id":"https:\/\/atlanticbooks.ca\/fr\/livres\/le-monstre-du-lac-baker#breadcrumb","itemListElement":[{"@type":"ListItem","position":1,"name":"Domicile","item":"https:\/\/atlanticbooks.ca\/fr"},{"@type":"ListItem","position":2,"name":"Collections","item":"https:\/\/atlanticbooks.ca\/fr\/collections"},{"@type":"ListItem","position":3,"name":"le monstre du Lac Baker"}]},{"@type":"WebSite","@id":"https:\/\/atlanticbooks.ca\/fr\/#website","url":"https:\/\/atlanticbooks.ca\/fr\/","name":"Atlantic Books","description":"Atlantic Books","publisher":{"@id":"https:\/\/atlanticbooks.ca\/fr\/#organization"},"potentialAction":[{"@type":"SearchAction","target":{"@type":"EntryPoint","urlTemplate":"https:\/\/atlanticbooks.ca\/fr\/?s={search_term_string}"},"query-input":{"@type":"PropertyValueSpecification","valueRequired":true,"valueName":"search_term_string"}}],"inLanguage":"fr-FR"},{"@type":"Organization","@id":"https:\/\/atlanticbooks.ca\/fr\/#organization","name":"Atlantic Books","url":"https:\/\/atlanticbooks.ca\/fr\/","logo":{"@type":"ImageObject","inLanguage":"fr-FR","@id":"https:\/\/atlanticbooks.ca\/fr\/#\/schema\/logo\/image\/","url":"https:\/\/atlanticbooks.ca\/wp-content\/uploads\/2020\/10\/atlantic-books-logo.png","contentUrl":"https:\/\/atlanticbooks.ca\/wp-content\/uploads\/2020\/10\/atlantic-books-logo.png","width":566,"height":111,"caption":"Atlantic Books"},"image":{"@id":"https:\/\/atlanticbooks.ca\/fr\/#\/schema\/logo\/image\/"}}]}},"_links":{"self":[{"href":"https:\/\/atlanticbooks.ca\/fr\/wp-json\/wp\/v2\/product\/64231","targetHints":{"allow":["GET"]}}],"collection":[{"href":"https:\/\/atlanticbooks.ca\/fr\/wp-json\/wp\/v2\/product"}],"about":[{"href":"https:\/\/atlanticbooks.ca\/fr\/wp-json\/wp\/v2\/types\/product"}],"wp:featuredmedia":[{"embeddable":true,"href":"https:\/\/atlanticbooks.ca\/fr\/wp-json\/wp\/v2\/media\/67556"}],"wp:attachment":[{"href":"https:\/\/atlanticbooks.ca\/fr\/wp-json\/wp\/v2\/media?parent=64231"}],"wp:term":[{"taxonomy":"product_brand","embeddable":true,"href":"https:\/\/atlanticbooks.ca\/fr\/wp-json\/wp\/v2\/product_brand?post=64231"},{"taxonomy":"product_cat","embeddable":true,"href":"https:\/\/atlanticbooks.ca\/fr\/wp-json\/wp\/v2\/product_cat?post=64231"},{"taxonomy":"product_tag","embeddable":true,"href":"https:\/\/atlanticbooks.ca\/fr\/wp-json\/wp\/v2\/product_tag?post=64231"}],"curies":[{"name":"wp","href":"https:\/\/api.w.org\/{rel}","templated":true}]}}