{"id":64229,"date":"2022-08-18T20:57:59","date_gmt":"2022-08-18T20:57:59","guid":{"rendered":"https:\/\/atlanticbooks.ca\/books\/les-mathemagiciens\/"},"modified":"2022-11-09T21:04:53","modified_gmt":"2022-11-09T21:04:53","slug":"les-mathemagiciens","status":"publish","type":"product","link":"https:\/\/atlanticbooks.ca\/fr\/livres\/les-mathemagiciens","title":{"rendered":"Les math\u00e9magiciens"},"content":{"rendered":"<p>English description follows.<\/p>\n<p>Une intrigante \u00e9quation : un professeur de math\u00e9matiques, quatre jeunes amis et un man\u00e8ge!<\/p>\n<p>Quatre amis s\u2019ennuyent, et les vacances sont \u00e0 peine commenc\u00e9es. C\u2019est sans compter sur le professeur Mathou qui va les entra\u00eener sur le plus long ruban de M\u00f6bius en Am\u00e9rique du Nord. En sa compagnie, les jeunes vont d\u00e9couvrir le nombre d\u2019or et r\u00e9pondre \u00e0 quelques \u00e9nigmes bien calcul\u00e9es. Puis, \u00e0 bord du c\u00e9l\u00e8bre Racer, les connaissances et les facult\u00e9s de d\u00e9duction de Math\u00e9o, Mathilde, Mathis et Gabriel seront mises \u00e0 rude \u00e9preuve. Mais l\u2019intelligence est la meilleure des baguettes magiques\u2026<\/p>\n<p>&lt;p&gt; Vacations have just begun, and already these four friends are bored. Professor Mathou steps in and with him they will discover the Golden Ratio, and a few exciting \u00ab\u00a0magical\u00a0\u00bb tricks with numbers. But best of all, they will be taken for a ride on the longest Moebius strip in North America. Numbers can sometimes be daunting, but nothing is more magical than solving problems using your brain. &lt;\/p&gt;<\/p>\n","protected":false},"excerpt":{"rendered":"<p>&lt;p&gt; Vacations have just begun, and already these four friends are bored. Professor Mathou steps in and with him they will discover the Golden Ratio, and a few exciting \u00ab\u00a0magical\u00a0\u00bb tricks with numbers. But best of all, they will be taken for a ride on the longest Moebius strip in North America. Numbers can sometimes be daunting, but nothing is more magical than solving problems using your brain. &lt;\/p&gt;<\/p>\n","protected":false},"featured_media":67558,"template":"","meta":{"_genesis_hide_title":false,"_genesis_hide_breadcrumbs":false,"_genesis_hide_singular_image":false,"_genesis_hide_footer_widgets":false,"_genesis_custom_body_class":"","_genesis_custom_post_class":"","_genesis_layout":""},"product_brand":[],"product_cat":[12776],"product_tag":[],"class_list":{"0":"post-64229","1":"product","2":"type-product","3":"status-publish","4":"has-post-thumbnail","5":"product_language-fre","6":"product_subjects-juvenile-fiction-fr","7":"product_subjects-general-juvenile-fiction-fr","8":"product_reading_range-8-fr","9":"product_reading_range-9-fr","10":"product_reading_range-10-fr","11":"product_reading_range-11-fr","12":"product_reading_range-12-fr","13":"product_interest_range-12-fr","14":"product_interest_range-8-fr","15":"product_interest_range-9-fr","16":"product_interest_range-10-fr","17":"product_interest_range-11-fr","18":"product_grade_range-fourth-grade-fr","19":"product_grade_range-fifth-grade-fr","20":"product_grade_range-sixth-grade-fr","21":"product_grade_range-seventh-grade-fr","22":"product_grade_range-eighth-grade-fr","23":"product_curriculumsubject-developpement-humain-im-fr","24":"product_curriculumsubject-francais-programmes-detudes-fr","25":"product_curriculumsubject-developpement-humain-fr","26":"product_curriculumsubject-immersion-2-fr","27":"product_curriculumsubject-education-artistique-im-fr","28":"product_curriculumsubject-education-artistique-fr","29":"product_curriculumsubject-francais-arts-langagiers-im-fr","30":"product_curriculumsubject-francais-arts-langagiers-fr","31":"product_curriculumsubject-mathematiques-im-fr","32":"product_curriculumsubject-mathematiques-fr","33":"product_edi_languages-francais-fr","34":"biblio_share_tag-juvenile-fiction-general-fr","35":"product_cat-abc-fr-2","36":"product_shipping_class-abc-test-fr","37":"entry","39":"first","40":"instock","41":"taxable","42":"shipping-taxable","43":"purchasable","44":"product-type-simple"},"yoast_head":"<!-- This site is optimized with the Yoast SEO plugin v24.0 - https:\/\/yoast.com\/wordpress\/plugins\/seo\/ -->\n<title>Les math\u00e9magiciens - Atlantic Books<\/title>\n<meta name=\"robots\" content=\"index, follow, max-snippet:-1, max-image-preview:large, max-video-preview:-1\" \/>\n<link rel=\"canonical\" href=\"https:\/\/atlanticbooks.ca\/fr\/livres\/les-mathemagiciens\" \/>\n<meta property=\"og:locale\" content=\"fr_FR\" \/>\n<meta property=\"og:type\" content=\"article\" \/>\n<meta property=\"og:title\" content=\"Les math\u00e9magiciens - Atlantic Books\" \/>\n<meta property=\"og:description\" content=\"&lt;p&gt; Vacations have just begun, and already these four friends are bored. Professor Mathou steps in and with him they will discover the Golden Ratio, and a few exciting &quot;magical&quot; tricks with numbers. But best of all, they will be taken for a ride on the longest Moebius strip in North America. Numbers can sometimes be daunting, but nothing is more magical than solving problems using your brain. &lt;\/p&gt;\" \/>\n<meta property=\"og:url\" content=\"https:\/\/atlanticbooks.ca\/fr\/livres\/les-mathemagiciens\" \/>\n<meta property=\"og:site_name\" content=\"Atlantic Books\" \/>\n<meta property=\"article:modified_time\" content=\"2022-11-09T21:04:53+00:00\" \/>\n<meta property=\"og:image\" content=\"https:\/\/atlanticbooks.mystagingwebsite.com\/wp-content\/uploads\/biblioshare_attachments\/9782897500481.png\" \/>\n\t<meta property=\"og:image:width\" content=\"1264\" \/>\n\t<meta property=\"og:image:height\" content=\"1900\" \/>\n\t<meta property=\"og:image:type\" content=\"image\/png\" \/>\n<meta name=\"twitter:card\" content=\"summary_large_image\" \/>\n<meta name=\"twitter:label1\" content=\"Dur\u00e9e de lecture estim\u00e9e\" \/>\n\t<meta name=\"twitter:data1\" content=\"1 minute\" \/>\n<script type=\"application\/ld+json\" class=\"yoast-schema-graph\">{\"@context\":\"https:\/\/schema.org\",\"@graph\":[{\"@type\":\"WebPage\",\"@id\":\"https:\/\/atlanticbooks.ca\/fr\/livres\/les-mathemagiciens\",\"url\":\"https:\/\/atlanticbooks.ca\/fr\/livres\/les-mathemagiciens\",\"name\":\"Les math\u00e9magiciens - Atlantic Books\",\"isPartOf\":{\"@id\":\"https:\/\/atlanticbooks.ca\/fr\/#website\"},\"primaryImageOfPage\":{\"@id\":\"https:\/\/atlanticbooks.ca\/fr\/livres\/les-mathemagiciens#primaryimage\"},\"image\":{\"@id\":\"https:\/\/atlanticbooks.ca\/fr\/livres\/les-mathemagiciens#primaryimage\"},\"thumbnailUrl\":\"https:\/\/atlanticbooks.ca\/wp-content\/uploads\/biblioshare_attachments\/9782897500481.png\",\"datePublished\":\"2022-08-18T20:57:59+00:00\",\"dateModified\":\"2022-11-09T21:04:53+00:00\",\"breadcrumb\":{\"@id\":\"https:\/\/atlanticbooks.ca\/fr\/livres\/les-mathemagiciens#breadcrumb\"},\"inLanguage\":\"fr-FR\",\"potentialAction\":[{\"@type\":\"ReadAction\",\"target\":[\"https:\/\/atlanticbooks.ca\/fr\/livres\/les-mathemagiciens\"]}]},{\"@type\":\"ImageObject\",\"inLanguage\":\"fr-FR\",\"@id\":\"https:\/\/atlanticbooks.ca\/fr\/livres\/les-mathemagiciens#primaryimage\",\"url\":\"https:\/\/atlanticbooks.ca\/wp-content\/uploads\/biblioshare_attachments\/9782897500481.png\",\"contentUrl\":\"https:\/\/atlanticbooks.ca\/wp-content\/uploads\/biblioshare_attachments\/9782897500481.png\",\"width\":1264,\"height\":1900},{\"@type\":\"BreadcrumbList\",\"@id\":\"https:\/\/atlanticbooks.ca\/fr\/livres\/les-mathemagiciens#breadcrumb\",\"itemListElement\":[{\"@type\":\"ListItem\",\"position\":1,\"name\":\"Domicile\",\"item\":\"https:\/\/atlanticbooks.ca\/fr\"},{\"@type\":\"ListItem\",\"position\":2,\"name\":\"Collections\",\"item\":\"https:\/\/atlanticbooks.ca\/fr\/collections\"},{\"@type\":\"ListItem\",\"position\":3,\"name\":\"Les math\u00e9magiciens\"}]},{\"@type\":\"WebSite\",\"@id\":\"https:\/\/atlanticbooks.ca\/fr\/#website\",\"url\":\"https:\/\/atlanticbooks.ca\/fr\/\",\"name\":\"Atlantic Books\",\"description\":\"Atlantic Books\",\"publisher\":{\"@id\":\"https:\/\/atlanticbooks.ca\/fr\/#organization\"},\"potentialAction\":[{\"@type\":\"SearchAction\",\"target\":{\"@type\":\"EntryPoint\",\"urlTemplate\":\"https:\/\/atlanticbooks.ca\/fr\/?s={search_term_string}\"},\"query-input\":{\"@type\":\"PropertyValueSpecification\",\"valueRequired\":true,\"valueName\":\"search_term_string\"}}],\"inLanguage\":\"fr-FR\"},{\"@type\":\"Organization\",\"@id\":\"https:\/\/atlanticbooks.ca\/fr\/#organization\",\"name\":\"Atlantic Books\",\"url\":\"https:\/\/atlanticbooks.ca\/fr\/\",\"logo\":{\"@type\":\"ImageObject\",\"inLanguage\":\"fr-FR\",\"@id\":\"https:\/\/atlanticbooks.ca\/fr\/#\/schema\/logo\/image\/\",\"url\":\"https:\/\/atlanticbooks.ca\/wp-content\/uploads\/2020\/10\/atlantic-books-logo.png\",\"contentUrl\":\"https:\/\/atlanticbooks.ca\/wp-content\/uploads\/2020\/10\/atlantic-books-logo.png\",\"width\":566,\"height\":111,\"caption\":\"Atlantic Books\"},\"image\":{\"@id\":\"https:\/\/atlanticbooks.ca\/fr\/#\/schema\/logo\/image\/\"}}]}<\/script>\n<!-- \/ Yoast SEO plugin. -->","yoast_head_json":{"title":"Les math\u00e9magiciens - Atlantic Books","robots":{"index":"index","follow":"follow","max-snippet":"max-snippet:-1","max-image-preview":"max-image-preview:large","max-video-preview":"max-video-preview:-1"},"canonical":"https:\/\/atlanticbooks.ca\/fr\/livres\/les-mathemagiciens","og_locale":"fr_FR","og_type":"article","og_title":"Les math\u00e9magiciens - Atlantic Books","og_description":"&lt;p&gt; Vacations have just begun, and already these four friends are bored. Professor Mathou steps in and with him they will discover the Golden Ratio, and a few exciting \"magical\" tricks with numbers. But best of all, they will be taken for a ride on the longest Moebius strip in North America. Numbers can sometimes be daunting, but nothing is more magical than solving problems using your brain. &lt;\/p&gt;","og_url":"https:\/\/atlanticbooks.ca\/fr\/livres\/les-mathemagiciens","og_site_name":"Atlantic Books","article_modified_time":"2022-11-09T21:04:53+00:00","og_image":[{"width":1264,"height":1900,"url":"https:\/\/atlanticbooks.mystagingwebsite.com\/wp-content\/uploads\/biblioshare_attachments\/9782897500481.png","type":"image\/png"}],"twitter_card":"summary_large_image","twitter_misc":{"Dur\u00e9e de lecture estim\u00e9e":"1 minute"},"schema":{"@context":"https:\/\/schema.org","@graph":[{"@type":"WebPage","@id":"https:\/\/atlanticbooks.ca\/fr\/livres\/les-mathemagiciens","url":"https:\/\/atlanticbooks.ca\/fr\/livres\/les-mathemagiciens","name":"Les math\u00e9magiciens - Atlantic Books","isPartOf":{"@id":"https:\/\/atlanticbooks.ca\/fr\/#website"},"primaryImageOfPage":{"@id":"https:\/\/atlanticbooks.ca\/fr\/livres\/les-mathemagiciens#primaryimage"},"image":{"@id":"https:\/\/atlanticbooks.ca\/fr\/livres\/les-mathemagiciens#primaryimage"},"thumbnailUrl":"https:\/\/atlanticbooks.ca\/wp-content\/uploads\/biblioshare_attachments\/9782897500481.png","datePublished":"2022-08-18T20:57:59+00:00","dateModified":"2022-11-09T21:04:53+00:00","breadcrumb":{"@id":"https:\/\/atlanticbooks.ca\/fr\/livres\/les-mathemagiciens#breadcrumb"},"inLanguage":"fr-FR","potentialAction":[{"@type":"ReadAction","target":["https:\/\/atlanticbooks.ca\/fr\/livres\/les-mathemagiciens"]}]},{"@type":"ImageObject","inLanguage":"fr-FR","@id":"https:\/\/atlanticbooks.ca\/fr\/livres\/les-mathemagiciens#primaryimage","url":"https:\/\/atlanticbooks.ca\/wp-content\/uploads\/biblioshare_attachments\/9782897500481.png","contentUrl":"https:\/\/atlanticbooks.ca\/wp-content\/uploads\/biblioshare_attachments\/9782897500481.png","width":1264,"height":1900},{"@type":"BreadcrumbList","@id":"https:\/\/atlanticbooks.ca\/fr\/livres\/les-mathemagiciens#breadcrumb","itemListElement":[{"@type":"ListItem","position":1,"name":"Domicile","item":"https:\/\/atlanticbooks.ca\/fr"},{"@type":"ListItem","position":2,"name":"Collections","item":"https:\/\/atlanticbooks.ca\/fr\/collections"},{"@type":"ListItem","position":3,"name":"Les math\u00e9magiciens"}]},{"@type":"WebSite","@id":"https:\/\/atlanticbooks.ca\/fr\/#website","url":"https:\/\/atlanticbooks.ca\/fr\/","name":"Atlantic Books","description":"Atlantic Books","publisher":{"@id":"https:\/\/atlanticbooks.ca\/fr\/#organization"},"potentialAction":[{"@type":"SearchAction","target":{"@type":"EntryPoint","urlTemplate":"https:\/\/atlanticbooks.ca\/fr\/?s={search_term_string}"},"query-input":{"@type":"PropertyValueSpecification","valueRequired":true,"valueName":"search_term_string"}}],"inLanguage":"fr-FR"},{"@type":"Organization","@id":"https:\/\/atlanticbooks.ca\/fr\/#organization","name":"Atlantic Books","url":"https:\/\/atlanticbooks.ca\/fr\/","logo":{"@type":"ImageObject","inLanguage":"fr-FR","@id":"https:\/\/atlanticbooks.ca\/fr\/#\/schema\/logo\/image\/","url":"https:\/\/atlanticbooks.ca\/wp-content\/uploads\/2020\/10\/atlantic-books-logo.png","contentUrl":"https:\/\/atlanticbooks.ca\/wp-content\/uploads\/2020\/10\/atlantic-books-logo.png","width":566,"height":111,"caption":"Atlantic Books"},"image":{"@id":"https:\/\/atlanticbooks.ca\/fr\/#\/schema\/logo\/image\/"}}]}},"_links":{"self":[{"href":"https:\/\/atlanticbooks.ca\/fr\/wp-json\/wp\/v2\/product\/64229","targetHints":{"allow":["GET"]}}],"collection":[{"href":"https:\/\/atlanticbooks.ca\/fr\/wp-json\/wp\/v2\/product"}],"about":[{"href":"https:\/\/atlanticbooks.ca\/fr\/wp-json\/wp\/v2\/types\/product"}],"wp:featuredmedia":[{"embeddable":true,"href":"https:\/\/atlanticbooks.ca\/fr\/wp-json\/wp\/v2\/media\/67558"}],"wp:attachment":[{"href":"https:\/\/atlanticbooks.ca\/fr\/wp-json\/wp\/v2\/media?parent=64229"}],"wp:term":[{"taxonomy":"product_brand","embeddable":true,"href":"https:\/\/atlanticbooks.ca\/fr\/wp-json\/wp\/v2\/product_brand?post=64229"},{"taxonomy":"product_cat","embeddable":true,"href":"https:\/\/atlanticbooks.ca\/fr\/wp-json\/wp\/v2\/product_cat?post=64229"},{"taxonomy":"product_tag","embeddable":true,"href":"https:\/\/atlanticbooks.ca\/fr\/wp-json\/wp\/v2\/product_tag?post=64229"}],"curies":[{"name":"wp","href":"https:\/\/api.w.org\/{rel}","templated":true}]}}