{"id":64227,"date":"2022-08-18T20:58:06","date_gmt":"2022-08-18T20:58:06","guid":{"rendered":"https:\/\/atlanticbooks.ca\/books\/tara-timi-et-la-nuit\/"},"modified":"2022-11-09T21:04:42","modified_gmt":"2022-11-09T21:04:42","slug":"tara-timi-et-la-nuit","status":"publish","type":"product","link":"https:\/\/atlanticbooks.ca\/fr\/livres\/tara-timi-et-la-nuit","title":{"rendered":"Tara Timi et la nuit"},"content":{"rendered":"<p>English description follows.<\/p>\n<p>Deux mignonnes souris partent \u00e0 l&rsquo;aventure dans leur joli cabriolet rouge ! Vive les voyages ! Mais Timi est craintif la nuit&#8230; Le Festival d&rsquo;automne est bien attirant. Tara et Timi se font une joie de partir \u00e0 l&rsquo;aventure. Cependant, Timi pr\u00e9f\u00e9rerait la pr\u00e9voyance \u00e0 l&rsquo;exploration et d\u00e8s que les choses ne se passent pas comme pr\u00e9vues, il devient nerveux. Heureusement, les deux vont faire connaissance avec une sage a\u00een\u00e9e.<\/p>\n<p>Tara and Timi, two close friends, are very excited to travel away on an adventure to the Fall Fair. However, Timi prefers being cautious to exploring, and as soon as things don&rsquo;t go as planned, he becomes quite nervous. Luckily, the two meet a wise old woman along the way.<\/p>\n","protected":false},"excerpt":{"rendered":"<p>Tara and Timi, two close friends, are very excited to travel away on an adventure to the Fall Fair. However, Timi prefers being cautious to exploring, and as soon as things don&rsquo;t go as planned, he becomes quite nervous. Luckily, the two meet a wise old woman along the way.<\/p>\n","protected":false},"featured_media":67564,"template":"","meta":{"_genesis_hide_title":false,"_genesis_hide_breadcrumbs":false,"_genesis_hide_singular_image":false,"_genesis_hide_footer_widgets":false,"_genesis_custom_body_class":"","_genesis_custom_post_class":"","_genesis_layout":""},"product_brand":[],"product_cat":[12776],"product_tag":[],"class_list":{"0":"post-64227","1":"product","2":"type-product","3":"status-publish","4":"has-post-thumbnail","5":"product_language-fre","6":"product_subjects-bedtime-dreams-fr","7":"product_subjects-juvenile-fiction-fr","8":"product_reading_range-6-fr","9":"product_reading_range-8-fr","10":"product_reading_range-7-fr","11":"product_reading_range-4-fr","12":"product_reading_range-5-fr","13":"product_interest_range-4-fr","14":"product_interest_range-5-fr","15":"product_interest_range-6-fr","16":"product_interest_range-7-fr","17":"product_interest_range-8-fr","18":"product_grade_range-kindergarten-fr","19":"product_grade_range-first-grade-fr","20":"product_grade_range-second-grade-fr","21":"product_grade_range-third-grade-fr","22":"product_curriculumsubject-francais-programmes-detudes-fr","23":"product_curriculumsubject-sciences-humaines-fr","24":"product_edi_languages-francais-fr","25":"biblio_share_tag-juvenile-fiction-bedtime-dreams-fr","26":"product_cat-abc-fr-2","27":"product_shipping_class-abc-test-fr","28":"entry","30":"first","31":"instock","32":"taxable","33":"shipping-taxable","34":"purchasable","35":"product-type-simple"},"yoast_head":"<!-- This site is optimized with the Yoast SEO plugin v24.0 - https:\/\/yoast.com\/wordpress\/plugins\/seo\/ -->\n<title>Tara Timi et la nuit - Atlantic Books<\/title>\n<meta name=\"robots\" content=\"index, follow, max-snippet:-1, max-image-preview:large, max-video-preview:-1\" \/>\n<link rel=\"canonical\" href=\"https:\/\/atlanticbooks.ca\/fr\/livres\/tara-timi-et-la-nuit\" \/>\n<meta property=\"og:locale\" content=\"fr_FR\" \/>\n<meta property=\"og:type\" content=\"article\" \/>\n<meta property=\"og:title\" content=\"Tara Timi et la nuit - Atlantic Books\" \/>\n<meta property=\"og:description\" content=\"Tara and Timi, two close friends, are very excited to travel away on an adventure to the Fall Fair. However, Timi prefers being cautious to exploring, and as soon as things don&#039;t go as planned, he becomes quite nervous. Luckily, the two meet a wise old woman along the way.\" \/>\n<meta property=\"og:url\" content=\"https:\/\/atlanticbooks.ca\/fr\/livres\/tara-timi-et-la-nuit\" \/>\n<meta property=\"og:site_name\" content=\"Atlantic Books\" \/>\n<meta property=\"article:modified_time\" content=\"2022-11-09T21:04:42+00:00\" \/>\n<meta property=\"og:image\" content=\"https:\/\/atlanticbooks.mystagingwebsite.com\/wp-content\/uploads\/biblioshare_attachments\/9782897500450-scaled-1024x1024.png\" \/>\n\t<meta property=\"og:image:width\" content=\"1024\" \/>\n\t<meta property=\"og:image:height\" content=\"1024\" \/>\n\t<meta property=\"og:image:type\" content=\"image\/png\" \/>\n<meta name=\"twitter:card\" content=\"summary_large_image\" \/>\n<meta name=\"twitter:label1\" content=\"Dur\u00e9e de lecture estim\u00e9e\" \/>\n\t<meta name=\"twitter:data1\" content=\"1 minute\" \/>\n<script type=\"application\/ld+json\" class=\"yoast-schema-graph\">{\"@context\":\"https:\/\/schema.org\",\"@graph\":[{\"@type\":\"WebPage\",\"@id\":\"https:\/\/atlanticbooks.ca\/fr\/livres\/tara-timi-et-la-nuit\",\"url\":\"https:\/\/atlanticbooks.ca\/fr\/livres\/tara-timi-et-la-nuit\",\"name\":\"Tara Timi et la nuit - Atlantic Books\",\"isPartOf\":{\"@id\":\"https:\/\/atlanticbooks.ca\/fr\/#website\"},\"primaryImageOfPage\":{\"@id\":\"https:\/\/atlanticbooks.ca\/fr\/livres\/tara-timi-et-la-nuit#primaryimage\"},\"image\":{\"@id\":\"https:\/\/atlanticbooks.ca\/fr\/livres\/tara-timi-et-la-nuit#primaryimage\"},\"thumbnailUrl\":\"https:\/\/atlanticbooks.ca\/wp-content\/uploads\/biblioshare_attachments\/9782897500450-scaled.png\",\"datePublished\":\"2022-08-18T20:58:06+00:00\",\"dateModified\":\"2022-11-09T21:04:42+00:00\",\"breadcrumb\":{\"@id\":\"https:\/\/atlanticbooks.ca\/fr\/livres\/tara-timi-et-la-nuit#breadcrumb\"},\"inLanguage\":\"fr-FR\",\"potentialAction\":[{\"@type\":\"ReadAction\",\"target\":[\"https:\/\/atlanticbooks.ca\/fr\/livres\/tara-timi-et-la-nuit\"]}]},{\"@type\":\"ImageObject\",\"inLanguage\":\"fr-FR\",\"@id\":\"https:\/\/atlanticbooks.ca\/fr\/livres\/tara-timi-et-la-nuit#primaryimage\",\"url\":\"https:\/\/atlanticbooks.ca\/wp-content\/uploads\/biblioshare_attachments\/9782897500450-scaled.png\",\"contentUrl\":\"https:\/\/atlanticbooks.ca\/wp-content\/uploads\/biblioshare_attachments\/9782897500450-scaled.png\",\"width\":2464,\"height\":2560},{\"@type\":\"BreadcrumbList\",\"@id\":\"https:\/\/atlanticbooks.ca\/fr\/livres\/tara-timi-et-la-nuit#breadcrumb\",\"itemListElement\":[{\"@type\":\"ListItem\",\"position\":1,\"name\":\"Domicile\",\"item\":\"https:\/\/atlanticbooks.ca\/fr\"},{\"@type\":\"ListItem\",\"position\":2,\"name\":\"Collections\",\"item\":\"https:\/\/atlanticbooks.ca\/fr\/collections\"},{\"@type\":\"ListItem\",\"position\":3,\"name\":\"Tara Timi et la nuit\"}]},{\"@type\":\"WebSite\",\"@id\":\"https:\/\/atlanticbooks.ca\/fr\/#website\",\"url\":\"https:\/\/atlanticbooks.ca\/fr\/\",\"name\":\"Atlantic Books\",\"description\":\"Atlantic Books\",\"publisher\":{\"@id\":\"https:\/\/atlanticbooks.ca\/fr\/#organization\"},\"potentialAction\":[{\"@type\":\"SearchAction\",\"target\":{\"@type\":\"EntryPoint\",\"urlTemplate\":\"https:\/\/atlanticbooks.ca\/fr\/?s={search_term_string}\"},\"query-input\":{\"@type\":\"PropertyValueSpecification\",\"valueRequired\":true,\"valueName\":\"search_term_string\"}}],\"inLanguage\":\"fr-FR\"},{\"@type\":\"Organization\",\"@id\":\"https:\/\/atlanticbooks.ca\/fr\/#organization\",\"name\":\"Atlantic Books\",\"url\":\"https:\/\/atlanticbooks.ca\/fr\/\",\"logo\":{\"@type\":\"ImageObject\",\"inLanguage\":\"fr-FR\",\"@id\":\"https:\/\/atlanticbooks.ca\/fr\/#\/schema\/logo\/image\/\",\"url\":\"https:\/\/atlanticbooks.ca\/wp-content\/uploads\/2020\/10\/atlantic-books-logo.png\",\"contentUrl\":\"https:\/\/atlanticbooks.ca\/wp-content\/uploads\/2020\/10\/atlantic-books-logo.png\",\"width\":566,\"height\":111,\"caption\":\"Atlantic Books\"},\"image\":{\"@id\":\"https:\/\/atlanticbooks.ca\/fr\/#\/schema\/logo\/image\/\"}}]}<\/script>\n<!-- \/ Yoast SEO plugin. -->","yoast_head_json":{"title":"Tara Timi et la nuit - Atlantic Books","robots":{"index":"index","follow":"follow","max-snippet":"max-snippet:-1","max-image-preview":"max-image-preview:large","max-video-preview":"max-video-preview:-1"},"canonical":"https:\/\/atlanticbooks.ca\/fr\/livres\/tara-timi-et-la-nuit","og_locale":"fr_FR","og_type":"article","og_title":"Tara Timi et la nuit - Atlantic Books","og_description":"Tara and Timi, two close friends, are very excited to travel away on an adventure to the Fall Fair. However, Timi prefers being cautious to exploring, and as soon as things don't go as planned, he becomes quite nervous. Luckily, the two meet a wise old woman along the way.","og_url":"https:\/\/atlanticbooks.ca\/fr\/livres\/tara-timi-et-la-nuit","og_site_name":"Atlantic Books","article_modified_time":"2022-11-09T21:04:42+00:00","og_image":[{"width":1024,"height":1024,"url":"https:\/\/atlanticbooks.mystagingwebsite.com\/wp-content\/uploads\/biblioshare_attachments\/9782897500450-scaled-1024x1024.png","type":"image\/png"}],"twitter_card":"summary_large_image","twitter_misc":{"Dur\u00e9e de lecture estim\u00e9e":"1 minute"},"schema":{"@context":"https:\/\/schema.org","@graph":[{"@type":"WebPage","@id":"https:\/\/atlanticbooks.ca\/fr\/livres\/tara-timi-et-la-nuit","url":"https:\/\/atlanticbooks.ca\/fr\/livres\/tara-timi-et-la-nuit","name":"Tara Timi et la nuit - Atlantic Books","isPartOf":{"@id":"https:\/\/atlanticbooks.ca\/fr\/#website"},"primaryImageOfPage":{"@id":"https:\/\/atlanticbooks.ca\/fr\/livres\/tara-timi-et-la-nuit#primaryimage"},"image":{"@id":"https:\/\/atlanticbooks.ca\/fr\/livres\/tara-timi-et-la-nuit#primaryimage"},"thumbnailUrl":"https:\/\/atlanticbooks.ca\/wp-content\/uploads\/biblioshare_attachments\/9782897500450-scaled.png","datePublished":"2022-08-18T20:58:06+00:00","dateModified":"2022-11-09T21:04:42+00:00","breadcrumb":{"@id":"https:\/\/atlanticbooks.ca\/fr\/livres\/tara-timi-et-la-nuit#breadcrumb"},"inLanguage":"fr-FR","potentialAction":[{"@type":"ReadAction","target":["https:\/\/atlanticbooks.ca\/fr\/livres\/tara-timi-et-la-nuit"]}]},{"@type":"ImageObject","inLanguage":"fr-FR","@id":"https:\/\/atlanticbooks.ca\/fr\/livres\/tara-timi-et-la-nuit#primaryimage","url":"https:\/\/atlanticbooks.ca\/wp-content\/uploads\/biblioshare_attachments\/9782897500450-scaled.png","contentUrl":"https:\/\/atlanticbooks.ca\/wp-content\/uploads\/biblioshare_attachments\/9782897500450-scaled.png","width":2464,"height":2560},{"@type":"BreadcrumbList","@id":"https:\/\/atlanticbooks.ca\/fr\/livres\/tara-timi-et-la-nuit#breadcrumb","itemListElement":[{"@type":"ListItem","position":1,"name":"Domicile","item":"https:\/\/atlanticbooks.ca\/fr"},{"@type":"ListItem","position":2,"name":"Collections","item":"https:\/\/atlanticbooks.ca\/fr\/collections"},{"@type":"ListItem","position":3,"name":"Tara Timi et la nuit"}]},{"@type":"WebSite","@id":"https:\/\/atlanticbooks.ca\/fr\/#website","url":"https:\/\/atlanticbooks.ca\/fr\/","name":"Atlantic Books","description":"Atlantic Books","publisher":{"@id":"https:\/\/atlanticbooks.ca\/fr\/#organization"},"potentialAction":[{"@type":"SearchAction","target":{"@type":"EntryPoint","urlTemplate":"https:\/\/atlanticbooks.ca\/fr\/?s={search_term_string}"},"query-input":{"@type":"PropertyValueSpecification","valueRequired":true,"valueName":"search_term_string"}}],"inLanguage":"fr-FR"},{"@type":"Organization","@id":"https:\/\/atlanticbooks.ca\/fr\/#organization","name":"Atlantic Books","url":"https:\/\/atlanticbooks.ca\/fr\/","logo":{"@type":"ImageObject","inLanguage":"fr-FR","@id":"https:\/\/atlanticbooks.ca\/fr\/#\/schema\/logo\/image\/","url":"https:\/\/atlanticbooks.ca\/wp-content\/uploads\/2020\/10\/atlantic-books-logo.png","contentUrl":"https:\/\/atlanticbooks.ca\/wp-content\/uploads\/2020\/10\/atlantic-books-logo.png","width":566,"height":111,"caption":"Atlantic Books"},"image":{"@id":"https:\/\/atlanticbooks.ca\/fr\/#\/schema\/logo\/image\/"}}]}},"_links":{"self":[{"href":"https:\/\/atlanticbooks.ca\/fr\/wp-json\/wp\/v2\/product\/64227","targetHints":{"allow":["GET"]}}],"collection":[{"href":"https:\/\/atlanticbooks.ca\/fr\/wp-json\/wp\/v2\/product"}],"about":[{"href":"https:\/\/atlanticbooks.ca\/fr\/wp-json\/wp\/v2\/types\/product"}],"wp:featuredmedia":[{"embeddable":true,"href":"https:\/\/atlanticbooks.ca\/fr\/wp-json\/wp\/v2\/media\/67564"}],"wp:attachment":[{"href":"https:\/\/atlanticbooks.ca\/fr\/wp-json\/wp\/v2\/media?parent=64227"}],"wp:term":[{"taxonomy":"product_brand","embeddable":true,"href":"https:\/\/atlanticbooks.ca\/fr\/wp-json\/wp\/v2\/product_brand?post=64227"},{"taxonomy":"product_cat","embeddable":true,"href":"https:\/\/atlanticbooks.ca\/fr\/wp-json\/wp\/v2\/product_cat?post=64227"},{"taxonomy":"product_tag","embeddable":true,"href":"https:\/\/atlanticbooks.ca\/fr\/wp-json\/wp\/v2\/product_tag?post=64227"}],"curies":[{"name":"wp","href":"https:\/\/api.w.org\/{rel}","templated":true}]}}