{"id":64225,"date":"2022-08-18T20:58:13","date_gmt":"2022-08-18T20:58:13","guid":{"rendered":"https:\/\/atlanticbooks.ca\/books\/histoire-de-galet\/"},"modified":"2023-01-04T19:04:57","modified_gmt":"2023-01-04T19:04:57","slug":"histoire-de-galet","status":"publish","type":"product","link":"https:\/\/atlanticbooks.ca\/fr\/livres\/histoire-de-galet","title":{"rendered":"Histoire de Galet"},"content":{"rendered":"<p>English description follows.<\/p>\n<p>Une histoire de courage et de fraternit\u00e9&#8230;<\/p>\n<p>Martin est un adolescent normal vivant \u00e0 Dieppe. Mais la guerre fait rage et son pays, la France, est occup\u00e9 par les Nazis. La cohabitation est difficile et les conditions de vie, pr\u00e9caires. Log\u00e9 chez Madame Agn\u00e8s, une vieille dame d\u00e9brouillarde et d\u00e9gourdie, Martin sera entra\u00een\u00e9 malgr\u00e9 lui dans le terrible second conflit mondial et fera une rencontre qui bouleversera sa vie\u2026.<\/p>\n<p>Martin is a teenager living in Dieppe. War rages on, and his country, France, is under Nazi occupation. Cohabitation is tough, and living conditions are poor. While living with Mrs. Agnes, a resourceful old lady, Martin is unwillingly dragged into the horrible conflict of the Second World War and makes a life-changing discovery&#8230;<\/p>\n","protected":false},"excerpt":{"rendered":"<p>Martin is a teenager living in Dieppe. War rages on, and his country, France, is under Nazi occupation. Cohabitation is tough, and living conditions are poor. While living with Mrs. Agnes, a resourceful old lady, Martin is unwillingly dragged into the horrible conflict of the Second World War and makes a life-changing discovery&#8230;<\/p>\n","protected":false},"featured_media":67566,"template":"","meta":{"_genesis_hide_title":false,"_genesis_hide_breadcrumbs":false,"_genesis_hide_singular_image":false,"_genesis_hide_footer_widgets":false,"_genesis_custom_body_class":"","_genesis_custom_post_class":"","_genesis_layout":""},"product_brand":[],"product_cat":[12776],"product_tag":[],"class_list":{"0":"post-64225","1":"product","2":"type-product","3":"status-publish","4":"has-post-thumbnail","5":"product_language-fre","6":"product_subjects-juvenile-fiction-fr","7":"product_subjects-historical-juvenile-fiction-fr","8":"product_subjects-military-wars-fr","9":"product_reading_range-8-fr","10":"product_reading_range-9-fr","11":"product_reading_range-10-fr","12":"product_reading_range-11-fr","13":"product_reading_range-12-fr","14":"product_interest_range-11-fr","15":"product_interest_range-12-fr","16":"product_interest_range-8-fr","17":"product_interest_range-9-fr","18":"product_interest_range-10-fr","19":"product_grade_range-fourth-grade-fr","20":"product_grade_range-fifth-grade-fr","21":"product_grade_range-sixth-grade-fr","22":"product_grade_range-seventh-grade-fr","23":"product_grade_range-eighth-grade-fr","24":"product_curriculumsubject-francais-programmes-detudes-fr","25":"product_curriculumsubject-immersion-2-fr","26":"product_curriculumsubject-francais-arts-langagiers-fr","27":"product_curriculumsubject-francais-arts-langagiers-im-fr","28":"product_curriculumsubject-sciences-humaines-im-fr","29":"product_curriculumsubject-sciences-humaines-fr","30":"product_edi_languages-francais-fr","31":"product_nssbb-francais-programmes-detudes-fr","32":"product_nssbb-immersion-curriculum-subjects-fr","33":"product_nssbb-immersion-precoce-francais-arts-langagiers-8-im-fr","34":"product_nssbb-immersion-precoce-francais-arts-langagiers-11-im-fr","35":"product_nssbb-sciences-humaines-8-fr","36":"product_nssbb-sciences-humaines-11-fr","37":"product_nssbb-immersion-tardive-francais-arts-langagiers-8-im-fr","38":"product_nssbb_approved-nssbb-approved","39":"product_cat-abc-fr-2","40":"product_shipping_class-abc-test-fr","41":"entry","43":"first","44":"instock","45":"taxable","46":"shipping-taxable","47":"purchasable","48":"product-type-simple"},"yoast_head":"<!-- This site is optimized with the Yoast SEO plugin v24.0 - https:\/\/yoast.com\/wordpress\/plugins\/seo\/ -->\n<title>Histoire de Galet - Atlantic Books<\/title>\n<meta name=\"robots\" content=\"index, follow, max-snippet:-1, max-image-preview:large, max-video-preview:-1\" \/>\n<link rel=\"canonical\" href=\"https:\/\/atlanticbooks.ca\/fr\/livres\/histoire-de-galet\" \/>\n<meta property=\"og:locale\" content=\"fr_FR\" \/>\n<meta property=\"og:type\" content=\"article\" \/>\n<meta property=\"og:title\" content=\"Histoire de Galet - Atlantic Books\" \/>\n<meta property=\"og:description\" content=\"Martin is a teenager living in Dieppe. War rages on, and his country, France, is under Nazi occupation. Cohabitation is tough, and living conditions are poor. While living with Mrs. Agnes, a resourceful old lady, Martin is unwillingly dragged into the horrible conflict of the Second World War and makes a life-changing discovery...\" \/>\n<meta property=\"og:url\" content=\"https:\/\/atlanticbooks.ca\/fr\/livres\/histoire-de-galet\" \/>\n<meta property=\"og:site_name\" content=\"Atlantic Books\" \/>\n<meta property=\"article:modified_time\" content=\"2023-01-04T19:04:57+00:00\" \/>\n<meta property=\"og:image\" content=\"https:\/\/atlanticbooks.mystagingwebsite.com\/wp-content\/uploads\/biblioshare_attachments\/9782897500405-1024x1024.png\" \/>\n\t<meta property=\"og:image:width\" content=\"1024\" \/>\n\t<meta property=\"og:image:height\" content=\"1024\" \/>\n\t<meta property=\"og:image:type\" content=\"image\/png\" \/>\n<meta name=\"twitter:card\" content=\"summary_large_image\" \/>\n<meta name=\"twitter:label1\" content=\"Dur\u00e9e de lecture estim\u00e9e\" \/>\n\t<meta name=\"twitter:data1\" content=\"1 minute\" \/>\n<script type=\"application\/ld+json\" class=\"yoast-schema-graph\">{\"@context\":\"https:\/\/schema.org\",\"@graph\":[{\"@type\":\"WebPage\",\"@id\":\"https:\/\/atlanticbooks.ca\/fr\/livres\/histoire-de-galet\",\"url\":\"https:\/\/atlanticbooks.ca\/fr\/livres\/histoire-de-galet\",\"name\":\"Histoire de Galet - Atlantic Books\",\"isPartOf\":{\"@id\":\"https:\/\/atlanticbooks.ca\/fr\/#website\"},\"primaryImageOfPage\":{\"@id\":\"https:\/\/atlanticbooks.ca\/fr\/livres\/histoire-de-galet#primaryimage\"},\"image\":{\"@id\":\"https:\/\/atlanticbooks.ca\/fr\/livres\/histoire-de-galet#primaryimage\"},\"thumbnailUrl\":\"https:\/\/atlanticbooks.ca\/wp-content\/uploads\/biblioshare_attachments\/9782897500405.png\",\"datePublished\":\"2022-08-18T20:58:13+00:00\",\"dateModified\":\"2023-01-04T19:04:57+00:00\",\"breadcrumb\":{\"@id\":\"https:\/\/atlanticbooks.ca\/fr\/livres\/histoire-de-galet#breadcrumb\"},\"inLanguage\":\"fr-FR\",\"potentialAction\":[{\"@type\":\"ReadAction\",\"target\":[\"https:\/\/atlanticbooks.ca\/fr\/livres\/histoire-de-galet\"]}]},{\"@type\":\"ImageObject\",\"inLanguage\":\"fr-FR\",\"@id\":\"https:\/\/atlanticbooks.ca\/fr\/livres\/histoire-de-galet#primaryimage\",\"url\":\"https:\/\/atlanticbooks.ca\/wp-content\/uploads\/biblioshare_attachments\/9782897500405.png\",\"contentUrl\":\"https:\/\/atlanticbooks.ca\/wp-content\/uploads\/biblioshare_attachments\/9782897500405.png\",\"width\":1000,\"height\":1461},{\"@type\":\"BreadcrumbList\",\"@id\":\"https:\/\/atlanticbooks.ca\/fr\/livres\/histoire-de-galet#breadcrumb\",\"itemListElement\":[{\"@type\":\"ListItem\",\"position\":1,\"name\":\"Domicile\",\"item\":\"https:\/\/atlanticbooks.ca\/fr\"},{\"@type\":\"ListItem\",\"position\":2,\"name\":\"Collections\",\"item\":\"https:\/\/atlanticbooks.ca\/fr\/collections\"},{\"@type\":\"ListItem\",\"position\":3,\"name\":\"Histoire de Galet\"}]},{\"@type\":\"WebSite\",\"@id\":\"https:\/\/atlanticbooks.ca\/fr\/#website\",\"url\":\"https:\/\/atlanticbooks.ca\/fr\/\",\"name\":\"Atlantic Books\",\"description\":\"Atlantic Books\",\"publisher\":{\"@id\":\"https:\/\/atlanticbooks.ca\/fr\/#organization\"},\"potentialAction\":[{\"@type\":\"SearchAction\",\"target\":{\"@type\":\"EntryPoint\",\"urlTemplate\":\"https:\/\/atlanticbooks.ca\/fr\/?s={search_term_string}\"},\"query-input\":{\"@type\":\"PropertyValueSpecification\",\"valueRequired\":true,\"valueName\":\"search_term_string\"}}],\"inLanguage\":\"fr-FR\"},{\"@type\":\"Organization\",\"@id\":\"https:\/\/atlanticbooks.ca\/fr\/#organization\",\"name\":\"Atlantic Books\",\"url\":\"https:\/\/atlanticbooks.ca\/fr\/\",\"logo\":{\"@type\":\"ImageObject\",\"inLanguage\":\"fr-FR\",\"@id\":\"https:\/\/atlanticbooks.ca\/fr\/#\/schema\/logo\/image\/\",\"url\":\"https:\/\/atlanticbooks.ca\/wp-content\/uploads\/2020\/10\/atlantic-books-logo.png\",\"contentUrl\":\"https:\/\/atlanticbooks.ca\/wp-content\/uploads\/2020\/10\/atlantic-books-logo.png\",\"width\":566,\"height\":111,\"caption\":\"Atlantic Books\"},\"image\":{\"@id\":\"https:\/\/atlanticbooks.ca\/fr\/#\/schema\/logo\/image\/\"}}]}<\/script>\n<!-- \/ Yoast SEO plugin. -->","yoast_head_json":{"title":"Histoire de Galet - Atlantic Books","robots":{"index":"index","follow":"follow","max-snippet":"max-snippet:-1","max-image-preview":"max-image-preview:large","max-video-preview":"max-video-preview:-1"},"canonical":"https:\/\/atlanticbooks.ca\/fr\/livres\/histoire-de-galet","og_locale":"fr_FR","og_type":"article","og_title":"Histoire de Galet - Atlantic Books","og_description":"Martin is a teenager living in Dieppe. War rages on, and his country, France, is under Nazi occupation. Cohabitation is tough, and living conditions are poor. While living with Mrs. Agnes, a resourceful old lady, Martin is unwillingly dragged into the horrible conflict of the Second World War and makes a life-changing discovery...","og_url":"https:\/\/atlanticbooks.ca\/fr\/livres\/histoire-de-galet","og_site_name":"Atlantic Books","article_modified_time":"2023-01-04T19:04:57+00:00","og_image":[{"width":1024,"height":1024,"url":"https:\/\/atlanticbooks.mystagingwebsite.com\/wp-content\/uploads\/biblioshare_attachments\/9782897500405-1024x1024.png","type":"image\/png"}],"twitter_card":"summary_large_image","twitter_misc":{"Dur\u00e9e de lecture estim\u00e9e":"1 minute"},"schema":{"@context":"https:\/\/schema.org","@graph":[{"@type":"WebPage","@id":"https:\/\/atlanticbooks.ca\/fr\/livres\/histoire-de-galet","url":"https:\/\/atlanticbooks.ca\/fr\/livres\/histoire-de-galet","name":"Histoire de Galet - Atlantic Books","isPartOf":{"@id":"https:\/\/atlanticbooks.ca\/fr\/#website"},"primaryImageOfPage":{"@id":"https:\/\/atlanticbooks.ca\/fr\/livres\/histoire-de-galet#primaryimage"},"image":{"@id":"https:\/\/atlanticbooks.ca\/fr\/livres\/histoire-de-galet#primaryimage"},"thumbnailUrl":"https:\/\/atlanticbooks.ca\/wp-content\/uploads\/biblioshare_attachments\/9782897500405.png","datePublished":"2022-08-18T20:58:13+00:00","dateModified":"2023-01-04T19:04:57+00:00","breadcrumb":{"@id":"https:\/\/atlanticbooks.ca\/fr\/livres\/histoire-de-galet#breadcrumb"},"inLanguage":"fr-FR","potentialAction":[{"@type":"ReadAction","target":["https:\/\/atlanticbooks.ca\/fr\/livres\/histoire-de-galet"]}]},{"@type":"ImageObject","inLanguage":"fr-FR","@id":"https:\/\/atlanticbooks.ca\/fr\/livres\/histoire-de-galet#primaryimage","url":"https:\/\/atlanticbooks.ca\/wp-content\/uploads\/biblioshare_attachments\/9782897500405.png","contentUrl":"https:\/\/atlanticbooks.ca\/wp-content\/uploads\/biblioshare_attachments\/9782897500405.png","width":1000,"height":1461},{"@type":"BreadcrumbList","@id":"https:\/\/atlanticbooks.ca\/fr\/livres\/histoire-de-galet#breadcrumb","itemListElement":[{"@type":"ListItem","position":1,"name":"Domicile","item":"https:\/\/atlanticbooks.ca\/fr"},{"@type":"ListItem","position":2,"name":"Collections","item":"https:\/\/atlanticbooks.ca\/fr\/collections"},{"@type":"ListItem","position":3,"name":"Histoire de Galet"}]},{"@type":"WebSite","@id":"https:\/\/atlanticbooks.ca\/fr\/#website","url":"https:\/\/atlanticbooks.ca\/fr\/","name":"Atlantic Books","description":"Atlantic Books","publisher":{"@id":"https:\/\/atlanticbooks.ca\/fr\/#organization"},"potentialAction":[{"@type":"SearchAction","target":{"@type":"EntryPoint","urlTemplate":"https:\/\/atlanticbooks.ca\/fr\/?s={search_term_string}"},"query-input":{"@type":"PropertyValueSpecification","valueRequired":true,"valueName":"search_term_string"}}],"inLanguage":"fr-FR"},{"@type":"Organization","@id":"https:\/\/atlanticbooks.ca\/fr\/#organization","name":"Atlantic Books","url":"https:\/\/atlanticbooks.ca\/fr\/","logo":{"@type":"ImageObject","inLanguage":"fr-FR","@id":"https:\/\/atlanticbooks.ca\/fr\/#\/schema\/logo\/image\/","url":"https:\/\/atlanticbooks.ca\/wp-content\/uploads\/2020\/10\/atlantic-books-logo.png","contentUrl":"https:\/\/atlanticbooks.ca\/wp-content\/uploads\/2020\/10\/atlantic-books-logo.png","width":566,"height":111,"caption":"Atlantic Books"},"image":{"@id":"https:\/\/atlanticbooks.ca\/fr\/#\/schema\/logo\/image\/"}}]}},"_links":{"self":[{"href":"https:\/\/atlanticbooks.ca\/fr\/wp-json\/wp\/v2\/product\/64225","targetHints":{"allow":["GET"]}}],"collection":[{"href":"https:\/\/atlanticbooks.ca\/fr\/wp-json\/wp\/v2\/product"}],"about":[{"href":"https:\/\/atlanticbooks.ca\/fr\/wp-json\/wp\/v2\/types\/product"}],"wp:featuredmedia":[{"embeddable":true,"href":"https:\/\/atlanticbooks.ca\/fr\/wp-json\/wp\/v2\/media\/67566"}],"wp:attachment":[{"href":"https:\/\/atlanticbooks.ca\/fr\/wp-json\/wp\/v2\/media?parent=64225"}],"wp:term":[{"taxonomy":"product_brand","embeddable":true,"href":"https:\/\/atlanticbooks.ca\/fr\/wp-json\/wp\/v2\/product_brand?post=64225"},{"taxonomy":"product_cat","embeddable":true,"href":"https:\/\/atlanticbooks.ca\/fr\/wp-json\/wp\/v2\/product_cat?post=64225"},{"taxonomy":"product_tag","embeddable":true,"href":"https:\/\/atlanticbooks.ca\/fr\/wp-json\/wp\/v2\/product_tag?post=64225"}],"curies":[{"name":"wp","href":"https:\/\/api.w.org\/{rel}","templated":true}]}}