{"id":64221,"date":"2022-08-18T20:58:35","date_gmt":"2022-08-18T20:58:35","guid":{"rendered":"https:\/\/atlanticbooks.ca\/books\/lile-au-crane-de-shediac\/"},"modified":"2022-11-09T21:04:38","modified_gmt":"2022-11-09T21:04:38","slug":"lile-au-crane-de-shediac","status":"publish","type":"product","link":"https:\/\/atlanticbooks.ca\/fr\/livres\/lile-au-crane-de-shediac","title":{"rendered":"L&rsquo;\u00eele-au-Cr\u00e2ne de Shediac"},"content":{"rendered":"<p>English description follows. Shediac, ce n\u2019est pas qu\u2019un homard g\u00e9ant, des plages magnifiques\u00a0<br \/>\net des c\u00e9l\u00e8bres coques frites. Une \u00eele au nom troublant fascine\u00a0<br \/>\nles Trois Mousquetaires, qui, pourtant, devraient se la couler douce\u2026<\/p>\n<p>Les Trois Mousquetaires devraient se pr\u00e9lasser sur les plages de Shediac, au Nouveau-Brunswick, mais Gabriel ne peut s\u2019emp\u00eacher de s\u2019imaginer les pires sc\u00e9narios autour d\u2019une \u00eele qui ne porte pas seulement un nom \u00e9trange. L\u2019\u00cele-au-Cr\u00e2ne, aux dires des gens des environs, rec\u00e8le des ossements humains. Et puis, il y a Roland et son chiac\u2009! Op\u00e9rateur d\u2019excursions touristiques, il est tr\u00e8s sympathique et chaleureux, mais parfois, son comportement est \u00e9trange. D\u2019ailleurs, il a peut-\u00eatre \u00e9t\u00e9 un peu trop rapide \u00e0 offrir de transporter les enfants sur l\u2019\u2009\u00eele. Quand Gabriel et Dali, le chien, quatri\u00e8me mousquetaire, en explorant l\u2019\u2009\u00eele minuscule, y trouvent un parchemin avec un texte myst\u00e9rieux, il n\u2019en faut pas plus pour que les vacances estivales des jeunes d\u00e9tectives se transforment en incroyable chasse au tr\u00e9sor ancien.\u00a0\u00a0The famed trio should be enjoying fried clams, and beach time in Shediac. After all, they already had five major adventures around New Brunswick! But Gabriel is enthralled by the island facing their cottage.\u00a0\u00a0When the friends and their dog meet Roland and his boat, off they go exploring Skull Island. But others also seem quite eager to get to the small island. And they are not so friendly?<\/p>\n","protected":false},"excerpt":{"rendered":"<p>The famed trio should be enjoying fried clams, and beach time in Shediac. After all, they already had five major adventures around New Brunswick! But Gabriel is enthralled by the island facing their cottage.  When the friends and their dog meet Roland and his boat, off they go exploring Skull Island. But others also seem quite eager to get to the small island. And they are not so friendly?<\/p>\n","protected":false},"featured_media":52847,"template":"","meta":{"_genesis_hide_title":false,"_genesis_hide_breadcrumbs":false,"_genesis_hide_singular_image":false,"_genesis_hide_footer_widgets":false,"_genesis_custom_body_class":"","_genesis_custom_post_class":"","_genesis_layout":""},"product_brand":[],"product_cat":[12776],"product_tag":[],"class_list":{"0":"post-64221","1":"product","2":"type-product","3":"status-publish","4":"has-post-thumbnail","5":"product_language-eng-fr","6":"product_subjects-juvenile-fiction-fr","7":"product_subjects-general-juvenile-fiction-fr","8":"product_reading_range-12-fr","9":"product_reading_range-8-fr","10":"product_reading_range-9-fr","11":"product_reading_range-7-fr","12":"product_reading_range-10-fr","13":"product_reading_range-11-fr","14":"product_interest_range-7-fr","15":"product_interest_range-8-fr","16":"product_interest_range-9-fr","17":"product_interest_range-10-fr","18":"product_interest_range-11-fr","19":"product_interest_range-12-fr","20":"product_grade_range-fourth-grade-fr","21":"product_grade_range-fifth-grade-fr","22":"product_grade_range-sixth-grade-fr","23":"product_grade_range-seventh-grade-fr","24":"product_grade_range-eighth-grade-fr","25":"product_curriculumsubject-francais-programmes-detudes-fr","26":"product_curriculumsubject-immersion-2-fr","27":"product_curriculumsubject-sciences-humaines-im-fr","28":"product_curriculumsubject-sciences-humaines-etudes-acadiennes-fr","29":"product_provincial_focus-nb-fr","30":"product_edi_languages-francais-fr","31":"biblio_share_tag-juvenile-fiction-general-fr","32":"product_cat-abc-fr-2","33":"product_shipping_class-abc-test-fr","34":"entry","36":"first","37":"instock","38":"taxable","39":"shipping-taxable","40":"purchasable","41":"product-type-simple"},"yoast_head":"<!-- This site is optimized with the Yoast SEO plugin v24.0 - https:\/\/yoast.com\/wordpress\/plugins\/seo\/ -->\n<title>L&#039;\u00eele-au-Cr\u00e2ne de Shediac - Atlantic Books<\/title>\n<meta name=\"robots\" content=\"index, follow, max-snippet:-1, max-image-preview:large, max-video-preview:-1\" \/>\n<link rel=\"canonical\" href=\"https:\/\/atlanticbooks.ca\/fr\/livres\/lile-au-crane-de-shediac\" \/>\n<meta property=\"og:locale\" content=\"fr_FR\" \/>\n<meta property=\"og:type\" content=\"article\" \/>\n<meta property=\"og:title\" content=\"L&#039;\u00eele-au-Cr\u00e2ne de Shediac - Atlantic Books\" \/>\n<meta property=\"og:description\" content=\"The famed trio should be enjoying fried clams, and beach time in Shediac. After all, they already had five major adventures around New Brunswick! But Gabriel is enthralled by the island facing their cottage. When the friends and their dog meet Roland and his boat, off they go exploring Skull Island. But others also seem quite eager to get to the small island. And they are not so friendly?\" \/>\n<meta property=\"og:url\" content=\"https:\/\/atlanticbooks.ca\/fr\/livres\/lile-au-crane-de-shediac\" \/>\n<meta property=\"og:site_name\" content=\"Atlantic Books\" \/>\n<meta property=\"article:modified_time\" content=\"2022-11-09T21:04:38+00:00\" \/>\n<meta property=\"og:image\" content=\"https:\/\/atlanticbooks.mystagingwebsite.com\/wp-content\/uploads\/biblioshare_attachments\/9782897500313.png\" \/>\n\t<meta property=\"og:image:width\" content=\"1200\" \/>\n\t<meta property=\"og:image:height\" content=\"1800\" \/>\n\t<meta property=\"og:image:type\" content=\"image\/png\" \/>\n<meta name=\"twitter:card\" content=\"summary_large_image\" \/>\n<meta name=\"twitter:label1\" content=\"Dur\u00e9e de lecture estim\u00e9e\" \/>\n\t<meta name=\"twitter:data1\" content=\"1 minute\" \/>\n<script type=\"application\/ld+json\" class=\"yoast-schema-graph\">{\"@context\":\"https:\/\/schema.org\",\"@graph\":[{\"@type\":\"WebPage\",\"@id\":\"https:\/\/atlanticbooks.ca\/fr\/livres\/lile-au-crane-de-shediac\",\"url\":\"https:\/\/atlanticbooks.ca\/fr\/livres\/lile-au-crane-de-shediac\",\"name\":\"L'\u00eele-au-Cr\u00e2ne de Shediac - Atlantic Books\",\"isPartOf\":{\"@id\":\"https:\/\/atlanticbooks.ca\/fr\/#website\"},\"primaryImageOfPage\":{\"@id\":\"https:\/\/atlanticbooks.ca\/fr\/livres\/lile-au-crane-de-shediac#primaryimage\"},\"image\":{\"@id\":\"https:\/\/atlanticbooks.ca\/fr\/livres\/lile-au-crane-de-shediac#primaryimage\"},\"thumbnailUrl\":\"https:\/\/atlanticbooks.ca\/wp-content\/uploads\/biblioshare_attachments\/9782897500313.png\",\"datePublished\":\"2022-08-18T20:58:35+00:00\",\"dateModified\":\"2022-11-09T21:04:38+00:00\",\"breadcrumb\":{\"@id\":\"https:\/\/atlanticbooks.ca\/fr\/livres\/lile-au-crane-de-shediac#breadcrumb\"},\"inLanguage\":\"fr-FR\",\"potentialAction\":[{\"@type\":\"ReadAction\",\"target\":[\"https:\/\/atlanticbooks.ca\/fr\/livres\/lile-au-crane-de-shediac\"]}]},{\"@type\":\"ImageObject\",\"inLanguage\":\"fr-FR\",\"@id\":\"https:\/\/atlanticbooks.ca\/fr\/livres\/lile-au-crane-de-shediac#primaryimage\",\"url\":\"https:\/\/atlanticbooks.ca\/wp-content\/uploads\/biblioshare_attachments\/9782897500313.png\",\"contentUrl\":\"https:\/\/atlanticbooks.ca\/wp-content\/uploads\/biblioshare_attachments\/9782897500313.png\",\"width\":1200,\"height\":1800},{\"@type\":\"BreadcrumbList\",\"@id\":\"https:\/\/atlanticbooks.ca\/fr\/livres\/lile-au-crane-de-shediac#breadcrumb\",\"itemListElement\":[{\"@type\":\"ListItem\",\"position\":1,\"name\":\"Domicile\",\"item\":\"https:\/\/atlanticbooks.ca\/fr\"},{\"@type\":\"ListItem\",\"position\":2,\"name\":\"Collections\",\"item\":\"https:\/\/atlanticbooks.ca\/fr\/collections\"},{\"@type\":\"ListItem\",\"position\":3,\"name\":\"L&#8217;\u00eele-au-Cr\u00e2ne de Shediac\"}]},{\"@type\":\"WebSite\",\"@id\":\"https:\/\/atlanticbooks.ca\/fr\/#website\",\"url\":\"https:\/\/atlanticbooks.ca\/fr\/\",\"name\":\"Atlantic Books\",\"description\":\"Atlantic Books\",\"publisher\":{\"@id\":\"https:\/\/atlanticbooks.ca\/fr\/#organization\"},\"potentialAction\":[{\"@type\":\"SearchAction\",\"target\":{\"@type\":\"EntryPoint\",\"urlTemplate\":\"https:\/\/atlanticbooks.ca\/fr\/?s={search_term_string}\"},\"query-input\":{\"@type\":\"PropertyValueSpecification\",\"valueRequired\":true,\"valueName\":\"search_term_string\"}}],\"inLanguage\":\"fr-FR\"},{\"@type\":\"Organization\",\"@id\":\"https:\/\/atlanticbooks.ca\/fr\/#organization\",\"name\":\"Atlantic Books\",\"url\":\"https:\/\/atlanticbooks.ca\/fr\/\",\"logo\":{\"@type\":\"ImageObject\",\"inLanguage\":\"fr-FR\",\"@id\":\"https:\/\/atlanticbooks.ca\/fr\/#\/schema\/logo\/image\/\",\"url\":\"https:\/\/atlanticbooks.ca\/wp-content\/uploads\/2020\/10\/atlantic-books-logo.png\",\"contentUrl\":\"https:\/\/atlanticbooks.ca\/wp-content\/uploads\/2020\/10\/atlantic-books-logo.png\",\"width\":566,\"height\":111,\"caption\":\"Atlantic Books\"},\"image\":{\"@id\":\"https:\/\/atlanticbooks.ca\/fr\/#\/schema\/logo\/image\/\"}}]}<\/script>\n<!-- \/ Yoast SEO plugin. -->","yoast_head_json":{"title":"L'\u00eele-au-Cr\u00e2ne de Shediac - Atlantic Books","robots":{"index":"index","follow":"follow","max-snippet":"max-snippet:-1","max-image-preview":"max-image-preview:large","max-video-preview":"max-video-preview:-1"},"canonical":"https:\/\/atlanticbooks.ca\/fr\/livres\/lile-au-crane-de-shediac","og_locale":"fr_FR","og_type":"article","og_title":"L'\u00eele-au-Cr\u00e2ne de Shediac - Atlantic Books","og_description":"The famed trio should be enjoying fried clams, and beach time in Shediac. After all, they already had five major adventures around New Brunswick! But Gabriel is enthralled by the island facing their cottage. When the friends and their dog meet Roland and his boat, off they go exploring Skull Island. But others also seem quite eager to get to the small island. And they are not so friendly?","og_url":"https:\/\/atlanticbooks.ca\/fr\/livres\/lile-au-crane-de-shediac","og_site_name":"Atlantic Books","article_modified_time":"2022-11-09T21:04:38+00:00","og_image":[{"width":1200,"height":1800,"url":"https:\/\/atlanticbooks.mystagingwebsite.com\/wp-content\/uploads\/biblioshare_attachments\/9782897500313.png","type":"image\/png"}],"twitter_card":"summary_large_image","twitter_misc":{"Dur\u00e9e de lecture estim\u00e9e":"1 minute"},"schema":{"@context":"https:\/\/schema.org","@graph":[{"@type":"WebPage","@id":"https:\/\/atlanticbooks.ca\/fr\/livres\/lile-au-crane-de-shediac","url":"https:\/\/atlanticbooks.ca\/fr\/livres\/lile-au-crane-de-shediac","name":"L'\u00eele-au-Cr\u00e2ne de Shediac - Atlantic Books","isPartOf":{"@id":"https:\/\/atlanticbooks.ca\/fr\/#website"},"primaryImageOfPage":{"@id":"https:\/\/atlanticbooks.ca\/fr\/livres\/lile-au-crane-de-shediac#primaryimage"},"image":{"@id":"https:\/\/atlanticbooks.ca\/fr\/livres\/lile-au-crane-de-shediac#primaryimage"},"thumbnailUrl":"https:\/\/atlanticbooks.ca\/wp-content\/uploads\/biblioshare_attachments\/9782897500313.png","datePublished":"2022-08-18T20:58:35+00:00","dateModified":"2022-11-09T21:04:38+00:00","breadcrumb":{"@id":"https:\/\/atlanticbooks.ca\/fr\/livres\/lile-au-crane-de-shediac#breadcrumb"},"inLanguage":"fr-FR","potentialAction":[{"@type":"ReadAction","target":["https:\/\/atlanticbooks.ca\/fr\/livres\/lile-au-crane-de-shediac"]}]},{"@type":"ImageObject","inLanguage":"fr-FR","@id":"https:\/\/atlanticbooks.ca\/fr\/livres\/lile-au-crane-de-shediac#primaryimage","url":"https:\/\/atlanticbooks.ca\/wp-content\/uploads\/biblioshare_attachments\/9782897500313.png","contentUrl":"https:\/\/atlanticbooks.ca\/wp-content\/uploads\/biblioshare_attachments\/9782897500313.png","width":1200,"height":1800},{"@type":"BreadcrumbList","@id":"https:\/\/atlanticbooks.ca\/fr\/livres\/lile-au-crane-de-shediac#breadcrumb","itemListElement":[{"@type":"ListItem","position":1,"name":"Domicile","item":"https:\/\/atlanticbooks.ca\/fr"},{"@type":"ListItem","position":2,"name":"Collections","item":"https:\/\/atlanticbooks.ca\/fr\/collections"},{"@type":"ListItem","position":3,"name":"L&#8217;\u00eele-au-Cr\u00e2ne de Shediac"}]},{"@type":"WebSite","@id":"https:\/\/atlanticbooks.ca\/fr\/#website","url":"https:\/\/atlanticbooks.ca\/fr\/","name":"Atlantic Books","description":"Atlantic Books","publisher":{"@id":"https:\/\/atlanticbooks.ca\/fr\/#organization"},"potentialAction":[{"@type":"SearchAction","target":{"@type":"EntryPoint","urlTemplate":"https:\/\/atlanticbooks.ca\/fr\/?s={search_term_string}"},"query-input":{"@type":"PropertyValueSpecification","valueRequired":true,"valueName":"search_term_string"}}],"inLanguage":"fr-FR"},{"@type":"Organization","@id":"https:\/\/atlanticbooks.ca\/fr\/#organization","name":"Atlantic Books","url":"https:\/\/atlanticbooks.ca\/fr\/","logo":{"@type":"ImageObject","inLanguage":"fr-FR","@id":"https:\/\/atlanticbooks.ca\/fr\/#\/schema\/logo\/image\/","url":"https:\/\/atlanticbooks.ca\/wp-content\/uploads\/2020\/10\/atlantic-books-logo.png","contentUrl":"https:\/\/atlanticbooks.ca\/wp-content\/uploads\/2020\/10\/atlantic-books-logo.png","width":566,"height":111,"caption":"Atlantic Books"},"image":{"@id":"https:\/\/atlanticbooks.ca\/fr\/#\/schema\/logo\/image\/"}}]}},"_links":{"self":[{"href":"https:\/\/atlanticbooks.ca\/fr\/wp-json\/wp\/v2\/product\/64221","targetHints":{"allow":["GET"]}}],"collection":[{"href":"https:\/\/atlanticbooks.ca\/fr\/wp-json\/wp\/v2\/product"}],"about":[{"href":"https:\/\/atlanticbooks.ca\/fr\/wp-json\/wp\/v2\/types\/product"}],"wp:featuredmedia":[{"embeddable":true,"href":"https:\/\/atlanticbooks.ca\/fr\/wp-json\/wp\/v2\/media\/52847"}],"wp:attachment":[{"href":"https:\/\/atlanticbooks.ca\/fr\/wp-json\/wp\/v2\/media?parent=64221"}],"wp:term":[{"taxonomy":"product_brand","embeddable":true,"href":"https:\/\/atlanticbooks.ca\/fr\/wp-json\/wp\/v2\/product_brand?post=64221"},{"taxonomy":"product_cat","embeddable":true,"href":"https:\/\/atlanticbooks.ca\/fr\/wp-json\/wp\/v2\/product_cat?post=64221"},{"taxonomy":"product_tag","embeddable":true,"href":"https:\/\/atlanticbooks.ca\/fr\/wp-json\/wp\/v2\/product_tag?post=64221"}],"curies":[{"name":"wp","href":"https:\/\/api.w.org\/{rel}","templated":true}]}}