{"id":64219,"date":"2022-08-18T20:58:39","date_gmt":"2022-08-18T20:58:39","guid":{"rendered":"https:\/\/atlanticbooks.ca\/books\/le-doubas-show\/"},"modified":"2023-01-04T19:05:01","modified_gmt":"2023-01-04T19:05:01","slug":"le-doubas-show","status":"publish","type":"product","link":"https:\/\/atlanticbooks.ca\/fr\/livres\/le-doubas-show","title":{"rendered":"Le Doubas Show"},"content":{"rendered":"<p>English description follows.<\/p>\n<p>Pas facile, vivre sa vie de chaussette\u2009: coinc\u00e9e dans un espace \u00e9troit et menac\u00e9e de disparition \u00e0 tout instant\u2026 Mais, atterrissant dans une biblioth\u00e8que, Doubas va conna\u00eetre la gloire\u2009!<\/p>\n<p>Tranquille, la vie de chaussette\u2009? Pas tant que \u00e7a, du moins pour Doubas. Elle se prom\u00e8ne entre vie solitaire dans un tiroir et balades coinc\u00e9es dans une chaussure. Elle conna\u00eet la menace de la terrible s\u00e9cheuse\u2026 Heureusement, elle vit l\u00e0 o\u00f9 on pratique encore l\u2019art de la corde \u00e0 linge. Mais un jour, un coup de vent \u00abd\u00e9racine\u00bb sa s\u0153ur jumelle. Orpheline, elle va donc se retrouver dans le bac de recyclage, sa vie au grand air ne tenant plus qu\u2019\u00e0 un fil, pour ainsi dire. C\u2019est sans compter sur un sauvetage qui fera d\u2019elle la vedette de la biblioth\u00e8que locale\u2009!<\/p>\n<p>So, you think a sock&rsquo;s life is all comfort and joy?\u00a0\u00a0Think again as Doubas (Soft Sock) brings you along his adventures one windy season in Cap Breton.\u00a0\u00a0But there is a heaven for story telling socks!\u00a0\u00a0Doubas will end up at the local public library, as a star puppet!<\/p>\n","protected":false},"excerpt":{"rendered":"<p>So, you think a sock&rsquo;s life is all comfort and joy? Think again as Doubas (Soft Sock) brings you along his adventures one windy season in Cap Breton. But there is a heaven for story telling socks! Doubas will end up at the local public library, as a star puppet!<\/p>\n","protected":false},"featured_media":67676,"template":"","meta":{"_genesis_hide_title":false,"_genesis_hide_breadcrumbs":false,"_genesis_hide_singular_image":false,"_genesis_hide_footer_widgets":false,"_genesis_custom_body_class":"","_genesis_custom_post_class":"","_genesis_layout":""},"product_brand":[],"product_cat":[12776],"product_tag":[],"class_list":{"0":"post-64219","1":"product","2":"type-product","3":"status-publish","4":"has-post-thumbnail","5":"product_language-eng-fr","6":"product_subjects-juvenile-fiction-fr","7":"product_subjects-general-juvenile-fiction-fr","8":"product_reading_range-8-fr","9":"product_reading_range-7-fr","10":"product_reading_range-4-fr","11":"product_reading_range-5-fr","12":"product_reading_range-6-fr","13":"product_interest_range-8-fr","14":"product_interest_range-4-fr","15":"product_interest_range-5-fr","16":"product_interest_range-6-fr","17":"product_interest_range-7-fr","18":"product_grade_range-kindergarten-fr","19":"product_grade_range-first-grade-fr","20":"product_grade_range-second-grade-fr","21":"product_grade_range-third-grade-fr","22":"product_curriculumsubject-developpement-humain-im-fr","23":"product_curriculumsubject-francais-programmes-detudes-fr","24":"product_curriculumsubject-developpement-humain-fr","25":"product_curriculumsubject-education-artistique-im-fr","26":"product_curriculumsubject-education-artistique-fr","27":"product_curriculumsubject-immersion-2-fr","28":"product_curriculumsubject-francais-arts-langagiers-im-fr","29":"product_curriculumsubject-francais-arts-langagiers-fr","30":"product_curriculumsubject-mathematiques-im-fr","31":"product_curriculumsubject-mathematiques-fr","32":"product_edi_languages-francais-fr","33":"product_nssbb-education-artistique-arts-visuels-1-im-fr","34":"product_nssbb-immersion-curriculum-subjects-fr","35":"product_nssbb-education-artistique-arts-visuels-2-im-fr","36":"product_nssbb-education-artistique-arts-visuels-3-im-fr","37":"product_nssbb-immersion-precoce-francais-arts-langagiers-1-im-fr","38":"product_nssbb-immersion-precoce-francais-arts-langagiers-2-im-fr","39":"product_nssbb-immersion-precoce-francais-arts-langagiers-3-im-fr","40":"product_nssbb-mathematiques-1-im-fr","41":"product_nssbb-mathematiques-2-im-fr","42":"product_nssbb-mathematiques-3-im-fr","43":"product_nssbb-sante-developpement-humain-1-im-fr","44":"product_nssbb-sante-developpement-humain-2-im-fr","45":"product_nssbb-sante-developpement-humain-3-im-fr","46":"product_nssbb-sciences-humaines-1-im-fr","47":"product_nssbb-sciences-humaines-2-im-fr","48":"product_nssbb-sciences-humaines-3-im-fr","49":"product_nssbb_approved-nssbb-approved","50":"biblio_share_tag-juvenile-fiction-general-fr","51":"product_cat-abc-fr-2","52":"product_shipping_class-abc-test-fr","53":"entry","55":"first","56":"instock","57":"taxable","58":"shipping-taxable","59":"purchasable","60":"product-type-simple"},"yoast_head":"<!-- This site is optimized with the Yoast SEO plugin v24.0 - https:\/\/yoast.com\/wordpress\/plugins\/seo\/ -->\n<title>Le Doubas Show - Atlantic Books<\/title>\n<meta name=\"robots\" content=\"index, follow, max-snippet:-1, max-image-preview:large, max-video-preview:-1\" \/>\n<link rel=\"canonical\" href=\"https:\/\/atlanticbooks.ca\/fr\/livres\/le-doubas-show\" \/>\n<meta property=\"og:locale\" content=\"fr_FR\" \/>\n<meta property=\"og:type\" content=\"article\" \/>\n<meta property=\"og:title\" content=\"Le Doubas Show - Atlantic Books\" \/>\n<meta property=\"og:description\" content=\"So, you think a sock&#039;s life is all comfort and joy? Think again as Doubas (Soft Sock) brings you along his adventures one windy season in Cap Breton. But there is a heaven for story telling socks! Doubas will end up at the local public library, as a star puppet!\" \/>\n<meta property=\"og:url\" content=\"https:\/\/atlanticbooks.ca\/fr\/livres\/le-doubas-show\" \/>\n<meta property=\"og:site_name\" content=\"Atlantic Books\" \/>\n<meta property=\"article:modified_time\" content=\"2023-01-04T19:05:01+00:00\" \/>\n<meta property=\"og:image\" content=\"https:\/\/atlanticbooks.mystagingwebsite.com\/wp-content\/uploads\/biblioshare_attachments\/9782897500283.png\" \/>\n\t<meta property=\"og:image:width\" content=\"1500\" \/>\n\t<meta property=\"og:image:height\" content=\"1833\" \/>\n\t<meta property=\"og:image:type\" content=\"image\/png\" \/>\n<meta name=\"twitter:card\" content=\"summary_large_image\" \/>\n<meta name=\"twitter:label1\" content=\"Dur\u00e9e de lecture estim\u00e9e\" \/>\n\t<meta name=\"twitter:data1\" content=\"1 minute\" \/>\n<script type=\"application\/ld+json\" class=\"yoast-schema-graph\">{\"@context\":\"https:\/\/schema.org\",\"@graph\":[{\"@type\":\"WebPage\",\"@id\":\"https:\/\/atlanticbooks.ca\/fr\/livres\/le-doubas-show\",\"url\":\"https:\/\/atlanticbooks.ca\/fr\/livres\/le-doubas-show\",\"name\":\"Le Doubas Show - Atlantic Books\",\"isPartOf\":{\"@id\":\"https:\/\/atlanticbooks.ca\/fr\/#website\"},\"primaryImageOfPage\":{\"@id\":\"https:\/\/atlanticbooks.ca\/fr\/livres\/le-doubas-show#primaryimage\"},\"image\":{\"@id\":\"https:\/\/atlanticbooks.ca\/fr\/livres\/le-doubas-show#primaryimage\"},\"thumbnailUrl\":\"https:\/\/atlanticbooks.ca\/wp-content\/uploads\/biblioshare_attachments\/9782897500283.png\",\"datePublished\":\"2022-08-18T20:58:39+00:00\",\"dateModified\":\"2023-01-04T19:05:01+00:00\",\"breadcrumb\":{\"@id\":\"https:\/\/atlanticbooks.ca\/fr\/livres\/le-doubas-show#breadcrumb\"},\"inLanguage\":\"fr-FR\",\"potentialAction\":[{\"@type\":\"ReadAction\",\"target\":[\"https:\/\/atlanticbooks.ca\/fr\/livres\/le-doubas-show\"]}]},{\"@type\":\"ImageObject\",\"inLanguage\":\"fr-FR\",\"@id\":\"https:\/\/atlanticbooks.ca\/fr\/livres\/le-doubas-show#primaryimage\",\"url\":\"https:\/\/atlanticbooks.ca\/wp-content\/uploads\/biblioshare_attachments\/9782897500283.png\",\"contentUrl\":\"https:\/\/atlanticbooks.ca\/wp-content\/uploads\/biblioshare_attachments\/9782897500283.png\",\"width\":1500,\"height\":1833},{\"@type\":\"BreadcrumbList\",\"@id\":\"https:\/\/atlanticbooks.ca\/fr\/livres\/le-doubas-show#breadcrumb\",\"itemListElement\":[{\"@type\":\"ListItem\",\"position\":1,\"name\":\"Domicile\",\"item\":\"https:\/\/atlanticbooks.ca\/fr\"},{\"@type\":\"ListItem\",\"position\":2,\"name\":\"Collections\",\"item\":\"https:\/\/atlanticbooks.ca\/fr\/collections\"},{\"@type\":\"ListItem\",\"position\":3,\"name\":\"Le Doubas Show\"}]},{\"@type\":\"WebSite\",\"@id\":\"https:\/\/atlanticbooks.ca\/fr\/#website\",\"url\":\"https:\/\/atlanticbooks.ca\/fr\/\",\"name\":\"Atlantic Books\",\"description\":\"Atlantic Books\",\"publisher\":{\"@id\":\"https:\/\/atlanticbooks.ca\/fr\/#organization\"},\"potentialAction\":[{\"@type\":\"SearchAction\",\"target\":{\"@type\":\"EntryPoint\",\"urlTemplate\":\"https:\/\/atlanticbooks.ca\/fr\/?s={search_term_string}\"},\"query-input\":{\"@type\":\"PropertyValueSpecification\",\"valueRequired\":true,\"valueName\":\"search_term_string\"}}],\"inLanguage\":\"fr-FR\"},{\"@type\":\"Organization\",\"@id\":\"https:\/\/atlanticbooks.ca\/fr\/#organization\",\"name\":\"Atlantic Books\",\"url\":\"https:\/\/atlanticbooks.ca\/fr\/\",\"logo\":{\"@type\":\"ImageObject\",\"inLanguage\":\"fr-FR\",\"@id\":\"https:\/\/atlanticbooks.ca\/fr\/#\/schema\/logo\/image\/\",\"url\":\"https:\/\/atlanticbooks.ca\/wp-content\/uploads\/2020\/10\/atlantic-books-logo.png\",\"contentUrl\":\"https:\/\/atlanticbooks.ca\/wp-content\/uploads\/2020\/10\/atlantic-books-logo.png\",\"width\":566,\"height\":111,\"caption\":\"Atlantic Books\"},\"image\":{\"@id\":\"https:\/\/atlanticbooks.ca\/fr\/#\/schema\/logo\/image\/\"}}]}<\/script>\n<!-- \/ Yoast SEO plugin. -->","yoast_head_json":{"title":"Le Doubas Show - Atlantic Books","robots":{"index":"index","follow":"follow","max-snippet":"max-snippet:-1","max-image-preview":"max-image-preview:large","max-video-preview":"max-video-preview:-1"},"canonical":"https:\/\/atlanticbooks.ca\/fr\/livres\/le-doubas-show","og_locale":"fr_FR","og_type":"article","og_title":"Le Doubas Show - Atlantic Books","og_description":"So, you think a sock's life is all comfort and joy? Think again as Doubas (Soft Sock) brings you along his adventures one windy season in Cap Breton. But there is a heaven for story telling socks! Doubas will end up at the local public library, as a star puppet!","og_url":"https:\/\/atlanticbooks.ca\/fr\/livres\/le-doubas-show","og_site_name":"Atlantic Books","article_modified_time":"2023-01-04T19:05:01+00:00","og_image":[{"width":1500,"height":1833,"url":"https:\/\/atlanticbooks.mystagingwebsite.com\/wp-content\/uploads\/biblioshare_attachments\/9782897500283.png","type":"image\/png"}],"twitter_card":"summary_large_image","twitter_misc":{"Dur\u00e9e de lecture estim\u00e9e":"1 minute"},"schema":{"@context":"https:\/\/schema.org","@graph":[{"@type":"WebPage","@id":"https:\/\/atlanticbooks.ca\/fr\/livres\/le-doubas-show","url":"https:\/\/atlanticbooks.ca\/fr\/livres\/le-doubas-show","name":"Le Doubas Show - Atlantic Books","isPartOf":{"@id":"https:\/\/atlanticbooks.ca\/fr\/#website"},"primaryImageOfPage":{"@id":"https:\/\/atlanticbooks.ca\/fr\/livres\/le-doubas-show#primaryimage"},"image":{"@id":"https:\/\/atlanticbooks.ca\/fr\/livres\/le-doubas-show#primaryimage"},"thumbnailUrl":"https:\/\/atlanticbooks.ca\/wp-content\/uploads\/biblioshare_attachments\/9782897500283.png","datePublished":"2022-08-18T20:58:39+00:00","dateModified":"2023-01-04T19:05:01+00:00","breadcrumb":{"@id":"https:\/\/atlanticbooks.ca\/fr\/livres\/le-doubas-show#breadcrumb"},"inLanguage":"fr-FR","potentialAction":[{"@type":"ReadAction","target":["https:\/\/atlanticbooks.ca\/fr\/livres\/le-doubas-show"]}]},{"@type":"ImageObject","inLanguage":"fr-FR","@id":"https:\/\/atlanticbooks.ca\/fr\/livres\/le-doubas-show#primaryimage","url":"https:\/\/atlanticbooks.ca\/wp-content\/uploads\/biblioshare_attachments\/9782897500283.png","contentUrl":"https:\/\/atlanticbooks.ca\/wp-content\/uploads\/biblioshare_attachments\/9782897500283.png","width":1500,"height":1833},{"@type":"BreadcrumbList","@id":"https:\/\/atlanticbooks.ca\/fr\/livres\/le-doubas-show#breadcrumb","itemListElement":[{"@type":"ListItem","position":1,"name":"Domicile","item":"https:\/\/atlanticbooks.ca\/fr"},{"@type":"ListItem","position":2,"name":"Collections","item":"https:\/\/atlanticbooks.ca\/fr\/collections"},{"@type":"ListItem","position":3,"name":"Le Doubas Show"}]},{"@type":"WebSite","@id":"https:\/\/atlanticbooks.ca\/fr\/#website","url":"https:\/\/atlanticbooks.ca\/fr\/","name":"Atlantic Books","description":"Atlantic Books","publisher":{"@id":"https:\/\/atlanticbooks.ca\/fr\/#organization"},"potentialAction":[{"@type":"SearchAction","target":{"@type":"EntryPoint","urlTemplate":"https:\/\/atlanticbooks.ca\/fr\/?s={search_term_string}"},"query-input":{"@type":"PropertyValueSpecification","valueRequired":true,"valueName":"search_term_string"}}],"inLanguage":"fr-FR"},{"@type":"Organization","@id":"https:\/\/atlanticbooks.ca\/fr\/#organization","name":"Atlantic Books","url":"https:\/\/atlanticbooks.ca\/fr\/","logo":{"@type":"ImageObject","inLanguage":"fr-FR","@id":"https:\/\/atlanticbooks.ca\/fr\/#\/schema\/logo\/image\/","url":"https:\/\/atlanticbooks.ca\/wp-content\/uploads\/2020\/10\/atlantic-books-logo.png","contentUrl":"https:\/\/atlanticbooks.ca\/wp-content\/uploads\/2020\/10\/atlantic-books-logo.png","width":566,"height":111,"caption":"Atlantic Books"},"image":{"@id":"https:\/\/atlanticbooks.ca\/fr\/#\/schema\/logo\/image\/"}}]}},"_links":{"self":[{"href":"https:\/\/atlanticbooks.ca\/fr\/wp-json\/wp\/v2\/product\/64219","targetHints":{"allow":["GET"]}}],"collection":[{"href":"https:\/\/atlanticbooks.ca\/fr\/wp-json\/wp\/v2\/product"}],"about":[{"href":"https:\/\/atlanticbooks.ca\/fr\/wp-json\/wp\/v2\/types\/product"}],"wp:featuredmedia":[{"embeddable":true,"href":"https:\/\/atlanticbooks.ca\/fr\/wp-json\/wp\/v2\/media\/67676"}],"wp:attachment":[{"href":"https:\/\/atlanticbooks.ca\/fr\/wp-json\/wp\/v2\/media?parent=64219"}],"wp:term":[{"taxonomy":"product_brand","embeddable":true,"href":"https:\/\/atlanticbooks.ca\/fr\/wp-json\/wp\/v2\/product_brand?post=64219"},{"taxonomy":"product_cat","embeddable":true,"href":"https:\/\/atlanticbooks.ca\/fr\/wp-json\/wp\/v2\/product_cat?post=64219"},{"taxonomy":"product_tag","embeddable":true,"href":"https:\/\/atlanticbooks.ca\/fr\/wp-json\/wp\/v2\/product_tag?post=64219"}],"curies":[{"name":"wp","href":"https:\/\/api.w.org\/{rel}","templated":true}]}}