{"id":64217,"date":"2022-08-18T20:58:49","date_gmt":"2022-08-18T20:58:49","guid":{"rendered":"https:\/\/atlanticbooks.ca\/books\/le-cycle-m\/"},"modified":"2022-11-09T21:04:27","modified_gmt":"2022-11-09T21:04:27","slug":"le-cycle-m","status":"publish","type":"product","link":"https:\/\/atlanticbooks.ca\/fr\/livres\/le-cycle-m","title":{"rendered":"Le cycle M"},"content":{"rendered":"<p>English description follows.<\/p>\n<p>M\u00e9lanie l\u2019Acadienne d\u00e9barque \u00e0 Marseille, en compagnie de son amie Garence, d\u2019origine fran\u00e7aise. Son enthousiasme lui fait oublier bien vite l\u2019obscure mal\u00e9diction familiale qui p\u00e8se sur son voyage. Ce s\u00e9jour prend m\u00eame une tournure initiatique lorsque se manifestent ses premi\u00e8res menstruations. Mais les vacances sont de courtes dur\u00e9es pour les deux amies : elles sont myst\u00e9rieusement catapult\u00e9es au Moyen \u00c2ge, et entra\u00een\u00e9es malgr\u00e9 elles sur les traces d\u2019un sombre personnage.<br \/>\nQui est le Maure, et que cache-t-il\u2026 ? Mais surtout : comment vont-elles retourner au 21e si\u00e8cle ?<br \/>\n\u00ab Plonger leurs yeux innocents<br \/>\ndans le regard des gisants<br \/>\nOccis par l\u2019\u00e9p\u00e9e,<br \/>\ntout vivants estrill\u00e9s. \u00bb<\/p>\n<p>Melanie, an Acadian, and her French friend Garence arrive in Marseilles. An obscure family curse looms over Melanie&rsquo;s trip, which takes quite a turn when she gets her first period. The two friends are mysteriously taken back to the Middle Ages and unwillingly dragged onto the trail of a shady character. Who is the Maure? Where is he hiding? And how will the two return to the 21st century?<\/p>\n","protected":false},"excerpt":{"rendered":"<p>Melanie, an Acadian, and her French friend Garence arrive in Marseilles. An obscure family curse looms over Melanie&rsquo;s trip, which takes quite a turn when she gets her first period. The two friends are mysteriously taken back to the Middle Ages and unwillingly dragged onto the trail of a shady character. Who is the Maure? Where is he hiding? And how will the two return to the 21st century?<\/p>\n","protected":false},"featured_media":67573,"template":"","meta":{"_genesis_hide_title":false,"_genesis_hide_breadcrumbs":false,"_genesis_hide_singular_image":false,"_genesis_hide_footer_widgets":false,"_genesis_custom_body_class":"","_genesis_custom_post_class":"","_genesis_layout":""},"product_brand":[],"product_cat":[12776],"product_tag":[],"class_list":{"0":"post-64217","1":"product","2":"type-product","3":"status-publish","4":"has-post-thumbnail","5":"product_language-fre","6":"product_subjects-juvenile-fiction-fr","7":"product_subjects-historical-juvenile-fiction-fr","8":"product_subjects-medieval-fr","9":"product_reading_range-8-fr","10":"product_reading_range-9-fr","11":"product_reading_range-10-fr","12":"product_reading_range-11-fr","13":"product_reading_range-12-fr","14":"product_interest_range-11-fr","15":"product_interest_range-12-fr","16":"product_interest_range-8-fr","17":"product_interest_range-9-fr","18":"product_interest_range-10-fr","19":"product_grade_range-fourth-grade-fr","20":"product_grade_range-fifth-grade-fr","21":"product_grade_range-sixth-grade-fr","22":"product_grade_range-seventh-grade-fr","23":"product_grade_range-eighth-grade-fr","24":"product_curriculumsubject-francais-programmes-detudes-fr","25":"product_curriculumsubject-immersion-2-fr","26":"product_curriculumsubject-sciences-humaines-im-fr","27":"product_curriculumsubject-sciences-humaines-etudes-acadiennes-fr","28":"product_edi_priority_areas-genre","29":"product_edi_languages-francais-fr","30":"biblio_share_tag-juvenile-fiction-historical-medieval-fr","31":"product_cat-abc-fr-2","32":"product_shipping_class-abc-test-fr","33":"entry","35":"first","36":"instock","37":"taxable","38":"shipping-taxable","39":"purchasable","40":"product-type-simple"},"yoast_head":"<!-- This site is optimized with the Yoast SEO plugin v24.0 - https:\/\/yoast.com\/wordpress\/plugins\/seo\/ -->\n<title>Le cycle M - Atlantic Books<\/title>\n<meta name=\"robots\" content=\"index, follow, max-snippet:-1, max-image-preview:large, max-video-preview:-1\" \/>\n<link rel=\"canonical\" href=\"https:\/\/atlanticbooks.ca\/fr\/livres\/le-cycle-m\" \/>\n<meta property=\"og:locale\" content=\"fr_FR\" \/>\n<meta property=\"og:type\" content=\"article\" \/>\n<meta property=\"og:title\" content=\"Le cycle M - Atlantic Books\" \/>\n<meta property=\"og:description\" content=\"Melanie, an Acadian, and her French friend Garence arrive in Marseilles. An obscure family curse looms over Melanie&#039;s trip, which takes quite a turn when she gets her first period. The two friends are mysteriously taken back to the Middle Ages and unwillingly dragged onto the trail of a shady character. Who is the Maure? Where is he hiding? And how will the two return to the 21st century?\" \/>\n<meta property=\"og:url\" content=\"https:\/\/atlanticbooks.ca\/fr\/livres\/le-cycle-m\" \/>\n<meta property=\"og:site_name\" content=\"Atlantic Books\" \/>\n<meta property=\"article:modified_time\" content=\"2022-11-09T21:04:27+00:00\" \/>\n<meta property=\"og:image\" content=\"https:\/\/atlanticbooks.mystagingwebsite.com\/wp-content\/uploads\/biblioshare_attachments\/9782897500221-1024x1024.png\" \/>\n\t<meta property=\"og:image:width\" content=\"1024\" \/>\n\t<meta property=\"og:image:height\" content=\"1024\" \/>\n\t<meta property=\"og:image:type\" content=\"image\/png\" \/>\n<meta name=\"twitter:card\" content=\"summary_large_image\" \/>\n<meta name=\"twitter:label1\" content=\"Dur\u00e9e de lecture estim\u00e9e\" \/>\n\t<meta name=\"twitter:data1\" content=\"1 minute\" \/>\n<script type=\"application\/ld+json\" class=\"yoast-schema-graph\">{\"@context\":\"https:\/\/schema.org\",\"@graph\":[{\"@type\":\"WebPage\",\"@id\":\"https:\/\/atlanticbooks.ca\/fr\/livres\/le-cycle-m\",\"url\":\"https:\/\/atlanticbooks.ca\/fr\/livres\/le-cycle-m\",\"name\":\"Le cycle M - Atlantic Books\",\"isPartOf\":{\"@id\":\"https:\/\/atlanticbooks.ca\/fr\/#website\"},\"primaryImageOfPage\":{\"@id\":\"https:\/\/atlanticbooks.ca\/fr\/livres\/le-cycle-m#primaryimage\"},\"image\":{\"@id\":\"https:\/\/atlanticbooks.ca\/fr\/livres\/le-cycle-m#primaryimage\"},\"thumbnailUrl\":\"https:\/\/atlanticbooks.ca\/wp-content\/uploads\/biblioshare_attachments\/9782897500221.png\",\"datePublished\":\"2022-08-18T20:58:49+00:00\",\"dateModified\":\"2022-11-09T21:04:27+00:00\",\"breadcrumb\":{\"@id\":\"https:\/\/atlanticbooks.ca\/fr\/livres\/le-cycle-m#breadcrumb\"},\"inLanguage\":\"fr-FR\",\"potentialAction\":[{\"@type\":\"ReadAction\",\"target\":[\"https:\/\/atlanticbooks.ca\/fr\/livres\/le-cycle-m\"]}]},{\"@type\":\"ImageObject\",\"inLanguage\":\"fr-FR\",\"@id\":\"https:\/\/atlanticbooks.ca\/fr\/livres\/le-cycle-m#primaryimage\",\"url\":\"https:\/\/atlanticbooks.ca\/wp-content\/uploads\/biblioshare_attachments\/9782897500221.png\",\"contentUrl\":\"https:\/\/atlanticbooks.ca\/wp-content\/uploads\/biblioshare_attachments\/9782897500221.png\",\"width\":1643,\"height\":2550},{\"@type\":\"BreadcrumbList\",\"@id\":\"https:\/\/atlanticbooks.ca\/fr\/livres\/le-cycle-m#breadcrumb\",\"itemListElement\":[{\"@type\":\"ListItem\",\"position\":1,\"name\":\"Domicile\",\"item\":\"https:\/\/atlanticbooks.ca\/fr\"},{\"@type\":\"ListItem\",\"position\":2,\"name\":\"Collections\",\"item\":\"https:\/\/atlanticbooks.ca\/fr\/collections\"},{\"@type\":\"ListItem\",\"position\":3,\"name\":\"Le cycle M\"}]},{\"@type\":\"WebSite\",\"@id\":\"https:\/\/atlanticbooks.ca\/fr\/#website\",\"url\":\"https:\/\/atlanticbooks.ca\/fr\/\",\"name\":\"Atlantic Books\",\"description\":\"Atlantic Books\",\"publisher\":{\"@id\":\"https:\/\/atlanticbooks.ca\/fr\/#organization\"},\"potentialAction\":[{\"@type\":\"SearchAction\",\"target\":{\"@type\":\"EntryPoint\",\"urlTemplate\":\"https:\/\/atlanticbooks.ca\/fr\/?s={search_term_string}\"},\"query-input\":{\"@type\":\"PropertyValueSpecification\",\"valueRequired\":true,\"valueName\":\"search_term_string\"}}],\"inLanguage\":\"fr-FR\"},{\"@type\":\"Organization\",\"@id\":\"https:\/\/atlanticbooks.ca\/fr\/#organization\",\"name\":\"Atlantic Books\",\"url\":\"https:\/\/atlanticbooks.ca\/fr\/\",\"logo\":{\"@type\":\"ImageObject\",\"inLanguage\":\"fr-FR\",\"@id\":\"https:\/\/atlanticbooks.ca\/fr\/#\/schema\/logo\/image\/\",\"url\":\"https:\/\/atlanticbooks.ca\/wp-content\/uploads\/2020\/10\/atlantic-books-logo.png\",\"contentUrl\":\"https:\/\/atlanticbooks.ca\/wp-content\/uploads\/2020\/10\/atlantic-books-logo.png\",\"width\":566,\"height\":111,\"caption\":\"Atlantic Books\"},\"image\":{\"@id\":\"https:\/\/atlanticbooks.ca\/fr\/#\/schema\/logo\/image\/\"}}]}<\/script>\n<!-- \/ Yoast SEO plugin. -->","yoast_head_json":{"title":"Le cycle M - Atlantic Books","robots":{"index":"index","follow":"follow","max-snippet":"max-snippet:-1","max-image-preview":"max-image-preview:large","max-video-preview":"max-video-preview:-1"},"canonical":"https:\/\/atlanticbooks.ca\/fr\/livres\/le-cycle-m","og_locale":"fr_FR","og_type":"article","og_title":"Le cycle M - Atlantic Books","og_description":"Melanie, an Acadian, and her French friend Garence arrive in Marseilles. An obscure family curse looms over Melanie's trip, which takes quite a turn when she gets her first period. The two friends are mysteriously taken back to the Middle Ages and unwillingly dragged onto the trail of a shady character. Who is the Maure? Where is he hiding? And how will the two return to the 21st century?","og_url":"https:\/\/atlanticbooks.ca\/fr\/livres\/le-cycle-m","og_site_name":"Atlantic Books","article_modified_time":"2022-11-09T21:04:27+00:00","og_image":[{"width":1024,"height":1024,"url":"https:\/\/atlanticbooks.mystagingwebsite.com\/wp-content\/uploads\/biblioshare_attachments\/9782897500221-1024x1024.png","type":"image\/png"}],"twitter_card":"summary_large_image","twitter_misc":{"Dur\u00e9e de lecture estim\u00e9e":"1 minute"},"schema":{"@context":"https:\/\/schema.org","@graph":[{"@type":"WebPage","@id":"https:\/\/atlanticbooks.ca\/fr\/livres\/le-cycle-m","url":"https:\/\/atlanticbooks.ca\/fr\/livres\/le-cycle-m","name":"Le cycle M - Atlantic Books","isPartOf":{"@id":"https:\/\/atlanticbooks.ca\/fr\/#website"},"primaryImageOfPage":{"@id":"https:\/\/atlanticbooks.ca\/fr\/livres\/le-cycle-m#primaryimage"},"image":{"@id":"https:\/\/atlanticbooks.ca\/fr\/livres\/le-cycle-m#primaryimage"},"thumbnailUrl":"https:\/\/atlanticbooks.ca\/wp-content\/uploads\/biblioshare_attachments\/9782897500221.png","datePublished":"2022-08-18T20:58:49+00:00","dateModified":"2022-11-09T21:04:27+00:00","breadcrumb":{"@id":"https:\/\/atlanticbooks.ca\/fr\/livres\/le-cycle-m#breadcrumb"},"inLanguage":"fr-FR","potentialAction":[{"@type":"ReadAction","target":["https:\/\/atlanticbooks.ca\/fr\/livres\/le-cycle-m"]}]},{"@type":"ImageObject","inLanguage":"fr-FR","@id":"https:\/\/atlanticbooks.ca\/fr\/livres\/le-cycle-m#primaryimage","url":"https:\/\/atlanticbooks.ca\/wp-content\/uploads\/biblioshare_attachments\/9782897500221.png","contentUrl":"https:\/\/atlanticbooks.ca\/wp-content\/uploads\/biblioshare_attachments\/9782897500221.png","width":1643,"height":2550},{"@type":"BreadcrumbList","@id":"https:\/\/atlanticbooks.ca\/fr\/livres\/le-cycle-m#breadcrumb","itemListElement":[{"@type":"ListItem","position":1,"name":"Domicile","item":"https:\/\/atlanticbooks.ca\/fr"},{"@type":"ListItem","position":2,"name":"Collections","item":"https:\/\/atlanticbooks.ca\/fr\/collections"},{"@type":"ListItem","position":3,"name":"Le cycle M"}]},{"@type":"WebSite","@id":"https:\/\/atlanticbooks.ca\/fr\/#website","url":"https:\/\/atlanticbooks.ca\/fr\/","name":"Atlantic Books","description":"Atlantic Books","publisher":{"@id":"https:\/\/atlanticbooks.ca\/fr\/#organization"},"potentialAction":[{"@type":"SearchAction","target":{"@type":"EntryPoint","urlTemplate":"https:\/\/atlanticbooks.ca\/fr\/?s={search_term_string}"},"query-input":{"@type":"PropertyValueSpecification","valueRequired":true,"valueName":"search_term_string"}}],"inLanguage":"fr-FR"},{"@type":"Organization","@id":"https:\/\/atlanticbooks.ca\/fr\/#organization","name":"Atlantic Books","url":"https:\/\/atlanticbooks.ca\/fr\/","logo":{"@type":"ImageObject","inLanguage":"fr-FR","@id":"https:\/\/atlanticbooks.ca\/fr\/#\/schema\/logo\/image\/","url":"https:\/\/atlanticbooks.ca\/wp-content\/uploads\/2020\/10\/atlantic-books-logo.png","contentUrl":"https:\/\/atlanticbooks.ca\/wp-content\/uploads\/2020\/10\/atlantic-books-logo.png","width":566,"height":111,"caption":"Atlantic Books"},"image":{"@id":"https:\/\/atlanticbooks.ca\/fr\/#\/schema\/logo\/image\/"}}]}},"_links":{"self":[{"href":"https:\/\/atlanticbooks.ca\/fr\/wp-json\/wp\/v2\/product\/64217","targetHints":{"allow":["GET"]}}],"collection":[{"href":"https:\/\/atlanticbooks.ca\/fr\/wp-json\/wp\/v2\/product"}],"about":[{"href":"https:\/\/atlanticbooks.ca\/fr\/wp-json\/wp\/v2\/types\/product"}],"wp:featuredmedia":[{"embeddable":true,"href":"https:\/\/atlanticbooks.ca\/fr\/wp-json\/wp\/v2\/media\/67573"}],"wp:attachment":[{"href":"https:\/\/atlanticbooks.ca\/fr\/wp-json\/wp\/v2\/media?parent=64217"}],"wp:term":[{"taxonomy":"product_brand","embeddable":true,"href":"https:\/\/atlanticbooks.ca\/fr\/wp-json\/wp\/v2\/product_brand?post=64217"},{"taxonomy":"product_cat","embeddable":true,"href":"https:\/\/atlanticbooks.ca\/fr\/wp-json\/wp\/v2\/product_cat?post=64217"},{"taxonomy":"product_tag","embeddable":true,"href":"https:\/\/atlanticbooks.ca\/fr\/wp-json\/wp\/v2\/product_tag?post=64217"}],"curies":[{"name":"wp","href":"https:\/\/api.w.org\/{rel}","templated":true}]}}